{"id":16045,"date":"2021-02-02T13:25:32","date_gmt":"2021-02-02T13:25:32","guid":{"rendered":"http:\/\/urquiabas.com\/?page_id=16045"},"modified":"2025-12-18T12:20:53","modified_gmt":"2025-12-18T11:20:53","slug":"responsabilitat-civil-dadministradors-directius-i-autoritats","status":"publish","type":"page","link":"https:\/\/urquiabas.com\/ca\/responsabilitat-civil-dadministradors-directius-i-autoritats\/","title":{"rendered":"Asseguran\u00e7a de Responsabilitat Civil d&#8217;Administradors Directius Autoritats i Funcionaris"},"content":{"rendered":"\t\t<div data-elementor-type=\"wp-page\" data-elementor-id=\"16045\" class=\"elementor elementor-16045 elementor-16038\" data-elementor-post-type=\"page\">\n\t\t\t\t<div class=\"elementor-element elementor-element-779856a9 e-flex e-con-boxed e-con e-parent\" data-id=\"779856a9\" data-element_type=\"container\" data-e-type=\"container\">\n\t\t\t\t\t<div class=\"e-con-inner\">\n\t\t\t\t<div class=\"elementor-element elementor-element-5fc832fb elementor-widget elementor-widget-text-editor\" data-id=\"5fc832fb\" data-element_type=\"widget\" data-e-type=\"widget\" data-widget_type=\"text-editor.default\">\n\t\t\t\t\t\t\t\t\t\n<p>L&#8217;Asseguran\u00e7a de <strong><span style=\"text-decoration: underline;\"><a href=\"https:\/\/www.iberley.es\/temas\/administradores-sociedad-responsabilidad-limitada-42111\" target=\"_blank\" rel=\"noopener\">Responsabilitat Civil d&#8217;Administradors, Directius<\/a><\/span>, <span style=\"text-decoration: underline;\"><a href=\"https:\/\/www.iberley.es\/temas\/responsabilidad-patrimonial-autoridades-personal-servicio-administraciones-publicas-61688\" target=\"_blank\" rel=\"noopener\">Autoritats i Funcionaris<\/a><\/span><\/strong> est\u00e0 concebuda per protegir totes aquelles persones que prenen decisions al m\u00f3n de <strong>l&#8217;empresa<\/strong> o al de <strong>l&#8217;Administraci\u00f3 P\u00fablica<\/strong>, que estan exposats a cometre errors que perjudiquin un tercer, a la pr\u00f2pia empresa o -en el cas dels alcaldes i regidors- i la resta de personal de la mateixa. Aquests errors poden ser tant per acci\u00f3 com per omissi\u00f3 i la millor manera de protegir-se \u00e9s <strong>disposar d&#8217;una asseguran\u00e7a d&#8217;administradors i directius<\/strong> -en el cas de les empreses- o una <strong>asseguran\u00e7a d&#8217;autoritats i personal<\/strong> -en el cas dels ajuntaments o altres entitats p\u00fabliques- (s&#8217;hi inclouen tant c\u00e0rrecs electes com a funcionaris i interins). <\/p>\n\n<h3 class=\"wp-block-heading\">A qui ens dirigim<\/h3>\n\n<ul>\n<li>Administradors, Consellers i la resta de Directius d&#8217;empreses.<\/li>\n\n<li>Equips de govern i altres funcionaris d&#8217;entitats de l&#8217;administraci\u00f3 p\u00fablica (alcaldes, regidors, cossos nacionals, c\u00e0rrecs electes i altre personal al servei de l&#8217;Administraci\u00f3 p\u00fablica)<\/li>\n<\/ul>\n\n<div class=\"wp-block-columns\">\n<div class=\"wp-block-column\"><\/div>\n<\/div>\n\t\t\t\t\t\t\t\t<\/div>\n\t\t\t\t\t<\/div>\n\t\t\t\t<\/div>\n\t\t<div class=\"elementor-element elementor-element-0cae3f5 e-flex e-con-boxed e-con e-parent\" data-id=\"0cae3f5\" data-element_type=\"container\" data-e-type=\"container\">\n\t\t\t\t\t<div class=\"e-con-inner\">\n\t\t<div class=\"elementor-element elementor-element-4b748a1 e-con-full e-flex e-con e-child\" data-id=\"4b748a1\" data-element_type=\"container\" data-e-type=\"container\">\n\t\t\t\t<div class=\"elementor-element elementor-element-8aee127 elementor-widget elementor-widget-text-editor\" data-id=\"8aee127\" data-element_type=\"widget\" data-e-type=\"widget\" data-widget_type=\"text-editor.default\">\n\t\t\t\t\t\t\t\t\t<p style=\"text-align: center;\">Responsabilitat civil<br>d&#8217;administradors i directius D&amp;O<\/p>\t\t\t\t\t\t\t\t<\/div>\n\t\t\t\t<div class=\"elementor-element elementor-element-2a0925e elementor-widget elementor-widget-button\" data-id=\"2a0925e\" data-element_type=\"widget\" data-e-type=\"widget\" data-widget_type=\"button.default\">\n\t\t\t\t\t\t\t\t\t\t<a class=\"elementor-button elementor-button-link elementor-size-sm\" href=\"https:\/\/urquiabas.com\/ca\/asseguranca-de-rc-dadministradors-i-directius-do\/\">\n\t\t\t\t\t\t<span class=\"elementor-button-content-wrapper\">\n\t\t\t\t\t\t\t\t\t<span class=\"elementor-button-text\">Veure cobertures i consultar preus<\/span>\n\t\t\t\t\t<\/span>\n\t\t\t\t\t<\/a>\n\t\t\t\t\t\t\t\t<\/div>\n\t\t\t\t<\/div>\n\t\t<div class=\"elementor-element elementor-element-a8ce89d e-con-full e-flex e-con e-child\" data-id=\"a8ce89d\" data-element_type=\"container\" data-e-type=\"container\">\n\t\t\t\t<div class=\"elementor-element elementor-element-ca937a5 elementor-widget elementor-widget-text-editor\" data-id=\"ca937a5\" data-element_type=\"widget\" data-e-type=\"widget\" data-widget_type=\"text-editor.default\">\n\t\t\t\t\t\t\t\t\t<p style=\"text-align: center;\">Responsabilitat civil de<br>Autoritats i Funcionaris<\/p>\t\t\t\t\t\t\t\t<\/div>\n\t\t\t\t<div class=\"elementor-element elementor-element-2dc0f8d elementor-widget elementor-widget-button\" data-id=\"2dc0f8d\" data-element_type=\"widget\" data-e-type=\"widget\" data-widget_type=\"button.default\">\n\t\t\t\t\t\t\t\t\t\t<a class=\"elementor-button elementor-button-link elementor-size-sm\" href=\"https:\/\/urquiabas.com\/ca\/asseguranca-de-rc-dautoritats-i-funcionaris\/\">\n\t\t\t\t\t\t<span class=\"elementor-button-content-wrapper\">\n\t\t\t\t\t\t\t\t\t<span class=\"elementor-button-text\">Veure cobertures i consultar preus<\/span>\n\t\t\t\t\t<\/span>\n\t\t\t\t\t<\/a>\n\t\t\t\t\t\t\t\t<\/div>\n\t\t\t\t<\/div>\n\t\t\t\t\t<\/div>\n\t\t\t\t<\/div>\n\t\t<div class=\"elementor-element elementor-element-fdbda2e e-flex e-con-boxed e-con e-parent\" data-id=\"fdbda2e\" data-element_type=\"container\" data-e-type=\"container\">\n\t\t\t\t\t<div class=\"e-con-inner\">\n\t\t\t\t<div class=\"elementor-element elementor-element-54955e9 elementor-widget elementor-widget-text-editor\" data-id=\"54955e9\" data-element_type=\"widget\" data-e-type=\"widget\" data-widget_type=\"text-editor.default\">\n\t\t\t\t\t\t\t\t\t<h3 class=\"wp-block-heading\">Com puc ajudar-te?<\/h3>\n<p><\/p>\n<p>Per fer-te arribar un projecte d&#8217; <strong>Asseguran\u00e7a de Responsabilitat Civil d&#8217;Administradors, Directius, Autoritats i Funcionaris<\/strong> , sense cap comprom\u00eds per part teva, deixa&#8217;m les teves dades i em posar\u00e9 en contacte amb tu el m\u00e9s aviat possible.<\/p>\n<p><\/p>\n<p><\/p>\t\t\t\t\t\t\t\t<\/div>\n\t\t\t\t\t<\/div>\n\t\t\t\t<\/div>\n\t\t\t\t<\/div>\n\t\t","protected":false},"excerpt":{"rendered":"<p>L&#8217;Asseguran\u00e7a de Responsabilitat Civil d&#8217;Administradors, Directius, Autoritats i Funcionaris est\u00e0 concebuda per protegir totes aquelles persones que prenen decisions al m\u00f3n de l&#8217;empresa o al de l&#8217;Administraci\u00f3 P\u00fablica, que estan exposats a cometre errors que perjudiquin un tercer, a la pr\u00f2pia empresa o -en el cas dels alcaldes i regidors- i la resta de personal [&hellip;]<\/p>\n","protected":false},"author":84,"featured_media":16043,"parent":0,"menu_order":0,"comment_status":"closed","ping_status":"closed","template":"","meta":{"_acf_changed":false,"inline_featured_image":false,"footnotes":""},"class_list":["post-16045","page","type-page","status-publish","has-post-thumbnail","hentry"],"acf":{"contacte":"ramon","titulo":"Asseguran\u00e7a Responsabilitat Civil d'Administradors, Directius i Autoritats","id_nex":"286","subtitulo":"PROTEGEIX EL TEU PATRIMONI PERSONAL PER ERRORS A L'EXERCICI DEL TEU C\u00c0RREC","contacte_responsable_email":"","foto_responsable":false},"yoast_head":"<!-- This site is optimized with the Yoast SEO plugin v27.4 - https:\/\/yoast.com\/product\/yoast-seo-wordpress\/ -->\n<title>Asseguran\u00e7a de Responsabilitat Civil d&#039;Administradors Directius Autoritats i Funcionaris - Urqu\u00eda&amp;Bas<\/title>\n<meta name=\"description\" content=\"L&#039;asseguran\u00e7a de responsabilitat civil d&#039;administradors, directius, autoritats i funcionaris. Perqu\u00e8 no hagis de respondre amb el teu patrimoni personal.\" \/>\n<meta name=\"robots\" content=\"index, follow, max-snippet:-1, max-image-preview:large, max-video-preview:-1\" \/>\n<link rel=\"canonical\" href=\"https:\/\/urquiabas.com\/seguro-responsabilidad-civil-administradores-directivos-autoridades-funcionarios\/\" \/>\n<meta property=\"og:locale\" content=\"ca_ES\" \/>\n<meta property=\"og:type\" content=\"article\" \/>\n<meta property=\"og:title\" content=\"Asseguran\u00e7a de Responsabilitat Civil d&#039;Administradors Directius Autoritats i Funcionaris - Urqu\u00eda&amp;Bas\" \/>\n<meta property=\"og:description\" content=\"L&#039;asseguran\u00e7a de responsabilitat civil d&#039;administradors, directius, autoritats i funcionaris. Perqu\u00e8 no hagis de respondre amb el teu patrimoni personal.\" \/>\n<meta property=\"og:url\" content=\"https:\/\/urquiabas.com\/seguro-responsabilidad-civil-administradores-directivos-autoridades-funcionarios\/\" \/>\n<meta property=\"og:site_name\" content=\"Urqu\u00eda&amp;Bas\" \/>\n<meta property=\"article:publisher\" content=\"https:\/\/www.facebook.com\/UrquiaBas\/\" \/>\n<meta property=\"article:modified_time\" content=\"2025-12-18T11:20:53+00:00\" \/>\n<meta property=\"og:image\" content=\"https:\/\/urquiabas.com\/wp-content\/uploads\/2021\/02\/Header_rc_administradores_directivos_new.jpg\" \/>\n\t<meta property=\"og:image:width\" content=\"1920\" \/>\n\t<meta property=\"og:image:height\" content=\"640\" \/>\n\t<meta property=\"og:image:type\" content=\"image\/jpeg\" \/>\n<meta name=\"twitter:card\" content=\"summary_large_image\" \/>\n<meta name=\"twitter:site\" content=\"@BasUrquia\" \/>\n<meta name=\"twitter:label1\" content=\"Temps estimat de lectura\" \/>\n\t<meta name=\"twitter:data1\" content=\"5 minuts\" \/>\n<script type=\"application\/ld+json\" class=\"yoast-schema-graph\">{\"@context\":\"https:\\\/\\\/schema.org\",\"@graph\":[{\"@type\":\"WebPage\",\"@id\":\"https:\\\/\\\/urquiabas.com\\\/seguro-responsabilidad-civil-administradores-directivos-autoridades-funcionarios\\\/\",\"url\":\"https:\\\/\\\/urquiabas.com\\\/seguro-responsabilidad-civil-administradores-directivos-autoridades-funcionarios\\\/\",\"name\":\"Asseguran\u00e7a de Responsabilitat Civil d'Administradors Directius Autoritats i Funcionaris - Urqu\u00eda&amp;Bas\",\"isPartOf\":{\"@id\":\"https:\\\/\\\/urquiabas.com\\\/#website\"},\"primaryImageOfPage\":{\"@id\":\"https:\\\/\\\/urquiabas.com\\\/seguro-responsabilidad-civil-administradores-directivos-autoridades-funcionarios\\\/#primaryimage\"},\"image\":{\"@id\":\"https:\\\/\\\/urquiabas.com\\\/seguro-responsabilidad-civil-administradores-directivos-autoridades-funcionarios\\\/#primaryimage\"},\"thumbnailUrl\":\"https:\\\/\\\/urquiabas.com\\\/wp-content\\\/uploads\\\/2021\\\/02\\\/Header_rc_administradores_directivos_new.jpg\",\"datePublished\":\"2021-02-02T13:25:32+00:00\",\"dateModified\":\"2025-12-18T11:20:53+00:00\",\"description\":\"L'asseguran\u00e7a de responsabilitat civil d'administradors, directius, autoritats i funcionaris. Perqu\u00e8 no hagis de respondre amb el teu patrimoni personal.\",\"breadcrumb\":{\"@id\":\"https:\\\/\\\/urquiabas.com\\\/seguro-responsabilidad-civil-administradores-directivos-autoridades-funcionarios\\\/#breadcrumb\"},\"inLanguage\":\"ca\",\"potentialAction\":[{\"@type\":\"ReadAction\",\"target\":[\"https:\\\/\\\/urquiabas.com\\\/seguro-responsabilidad-civil-administradores-directivos-autoridades-funcionarios\\\/\"]}]},{\"@type\":\"ImageObject\",\"inLanguage\":\"ca\",\"@id\":\"https:\\\/\\\/urquiabas.com\\\/seguro-responsabilidad-civil-administradores-directivos-autoridades-funcionarios\\\/#primaryimage\",\"url\":\"https:\\\/\\\/urquiabas.com\\\/wp-content\\\/uploads\\\/2021\\\/02\\\/Header_rc_administradores_directivos_new.jpg\",\"contentUrl\":\"https:\\\/\\\/urquiabas.com\\\/wp-content\\\/uploads\\\/2021\\\/02\\\/Header_rc_administradores_directivos_new.jpg\",\"width\":1920,\"height\":640,\"caption\":\"Seguro de Responsabilidad Civil de Administradores Directivos Autoridades y Funcionarios\"},{\"@type\":\"BreadcrumbList\",\"@id\":\"https:\\\/\\\/urquiabas.com\\\/seguro-responsabilidad-civil-administradores-directivos-autoridades-funcionarios\\\/#breadcrumb\",\"itemListElement\":[{\"@type\":\"ListItem\",\"position\":1,\"name\":\"Portada\",\"item\":\"https:\\\/\\\/urquiabas.com\\\/\"},{\"@type\":\"ListItem\",\"position\":2,\"name\":\"Asseguran\u00e7a de Responsabilitat Civil d&#8217;Administradors Directius Autoritats i Funcionaris\"}]},{\"@type\":\"WebSite\",\"@id\":\"https:\\\/\\\/urquiabas.com\\\/#website\",\"url\":\"https:\\\/\\\/urquiabas.com\\\/\",\"name\":\"Urqu\u00eda&amp;Bas\",\"description\":\"Corredur\u00eda de seguros | Lleida\",\"publisher\":{\"@id\":\"https:\\\/\\\/urquiabas.com\\\/#organization\"},\"potentialAction\":[{\"@type\":\"SearchAction\",\"target\":{\"@type\":\"EntryPoint\",\"urlTemplate\":\"https:\\\/\\\/urquiabas.com\\\/?s={search_term_string}\"},\"query-input\":{\"@type\":\"PropertyValueSpecification\",\"valueRequired\":true,\"valueName\":\"search_term_string\"}}],\"inLanguage\":\"ca\"},{\"@type\":\"Organization\",\"@id\":\"https:\\\/\\\/urquiabas.com\\\/#organization\",\"name\":\"Urquia & Bas S.L\",\"url\":\"https:\\\/\\\/urquiabas.com\\\/\",\"logo\":{\"@type\":\"ImageObject\",\"inLanguage\":\"ca\",\"@id\":\"https:\\\/\\\/urquiabas.com\\\/#\\\/schema\\\/logo\\\/image\\\/\",\"url\":\"https:\\\/\\\/urquiabas.com\\\/wp-content\\\/uploads\\\/2018\\\/03\\\/logoubmail2018.jpg\",\"contentUrl\":\"https:\\\/\\\/urquiabas.com\\\/wp-content\\\/uploads\\\/2018\\\/03\\\/logoubmail2018.jpg\",\"width\":258,\"height\":61,\"caption\":\"Urquia & Bas S.L\"},\"image\":{\"@id\":\"https:\\\/\\\/urquiabas.com\\\/#\\\/schema\\\/logo\\\/image\\\/\"},\"sameAs\":[\"https:\\\/\\\/www.facebook.com\\\/UrquiaBas\\\/\",\"https:\\\/\\\/x.com\\\/BasUrquia\",\"https:\\\/\\\/www.instagram.com\\\/urquiabas\\\/\",\"https:\\\/\\\/www.linkedin.com\\\/company\\\/3125928\\\/\"]}]}<\/script>\n<!-- \/ Yoast SEO plugin. -->","yoast_head_json":{"title":"Asseguran\u00e7a de Responsabilitat Civil d'Administradors Directius Autoritats i Funcionaris - Urqu\u00eda&amp;Bas","description":"L'asseguran\u00e7a de responsabilitat civil d'administradors, directius, autoritats i funcionaris. Perqu\u00e8 no hagis de respondre amb el teu patrimoni personal.","robots":{"index":"index","follow":"follow","max-snippet":"max-snippet:-1","max-image-preview":"max-image-preview:large","max-video-preview":"max-video-preview:-1"},"canonical":"https:\/\/urquiabas.com\/seguro-responsabilidad-civil-administradores-directivos-autoridades-funcionarios\/","og_locale":"ca_ES","og_type":"article","og_title":"Asseguran\u00e7a de Responsabilitat Civil d'Administradors Directius Autoritats i Funcionaris - Urqu\u00eda&amp;Bas","og_description":"L'asseguran\u00e7a de responsabilitat civil d'administradors, directius, autoritats i funcionaris. Perqu\u00e8 no hagis de respondre amb el teu patrimoni personal.","og_url":"https:\/\/urquiabas.com\/seguro-responsabilidad-civil-administradores-directivos-autoridades-funcionarios\/","og_site_name":"Urqu\u00eda&amp;Bas","article_publisher":"https:\/\/www.facebook.com\/UrquiaBas\/","article_modified_time":"2025-12-18T11:20:53+00:00","og_image":[{"width":1920,"height":640,"url":"https:\/\/urquiabas.com\/wp-content\/uploads\/2021\/02\/Header_rc_administradores_directivos_new.jpg","type":"image\/jpeg"}],"twitter_card":"summary_large_image","twitter_site":"@BasUrquia","twitter_misc":{"Temps estimat de lectura":"5 minuts"},"schema":{"@context":"https:\/\/schema.org","@graph":[{"@type":"WebPage","@id":"https:\/\/urquiabas.com\/seguro-responsabilidad-civil-administradores-directivos-autoridades-funcionarios\/","url":"https:\/\/urquiabas.com\/seguro-responsabilidad-civil-administradores-directivos-autoridades-funcionarios\/","name":"Asseguran\u00e7a de Responsabilitat Civil d'Administradors Directius Autoritats i Funcionaris - Urqu\u00eda&amp;Bas","isPartOf":{"@id":"https:\/\/urquiabas.com\/#website"},"primaryImageOfPage":{"@id":"https:\/\/urquiabas.com\/seguro-responsabilidad-civil-administradores-directivos-autoridades-funcionarios\/#primaryimage"},"image":{"@id":"https:\/\/urquiabas.com\/seguro-responsabilidad-civil-administradores-directivos-autoridades-funcionarios\/#primaryimage"},"thumbnailUrl":"https:\/\/urquiabas.com\/wp-content\/uploads\/2021\/02\/Header_rc_administradores_directivos_new.jpg","datePublished":"2021-02-02T13:25:32+00:00","dateModified":"2025-12-18T11:20:53+00:00","description":"L'asseguran\u00e7a de responsabilitat civil d'administradors, directius, autoritats i funcionaris. Perqu\u00e8 no hagis de respondre amb el teu patrimoni personal.","breadcrumb":{"@id":"https:\/\/urquiabas.com\/seguro-responsabilidad-civil-administradores-directivos-autoridades-funcionarios\/#breadcrumb"},"inLanguage":"ca","potentialAction":[{"@type":"ReadAction","target":["https:\/\/urquiabas.com\/seguro-responsabilidad-civil-administradores-directivos-autoridades-funcionarios\/"]}]},{"@type":"ImageObject","inLanguage":"ca","@id":"https:\/\/urquiabas.com\/seguro-responsabilidad-civil-administradores-directivos-autoridades-funcionarios\/#primaryimage","url":"https:\/\/urquiabas.com\/wp-content\/uploads\/2021\/02\/Header_rc_administradores_directivos_new.jpg","contentUrl":"https:\/\/urquiabas.com\/wp-content\/uploads\/2021\/02\/Header_rc_administradores_directivos_new.jpg","width":1920,"height":640,"caption":"Seguro de Responsabilidad Civil de Administradores Directivos Autoridades y Funcionarios"},{"@type":"BreadcrumbList","@id":"https:\/\/urquiabas.com\/seguro-responsabilidad-civil-administradores-directivos-autoridades-funcionarios\/#breadcrumb","itemListElement":[{"@type":"ListItem","position":1,"name":"Portada","item":"https:\/\/urquiabas.com\/"},{"@type":"ListItem","position":2,"name":"Asseguran\u00e7a de Responsabilitat Civil d&#8217;Administradors Directius Autoritats i Funcionaris"}]},{"@type":"WebSite","@id":"https:\/\/urquiabas.com\/#website","url":"https:\/\/urquiabas.com\/","name":"Urqu\u00eda&amp;Bas","description":"Corredur\u00eda de seguros | Lleida","publisher":{"@id":"https:\/\/urquiabas.com\/#organization"},"potentialAction":[{"@type":"SearchAction","target":{"@type":"EntryPoint","urlTemplate":"https:\/\/urquiabas.com\/?s={search_term_string}"},"query-input":{"@type":"PropertyValueSpecification","valueRequired":true,"valueName":"search_term_string"}}],"inLanguage":"ca"},{"@type":"Organization","@id":"https:\/\/urquiabas.com\/#organization","name":"Urquia & Bas S.L","url":"https:\/\/urquiabas.com\/","logo":{"@type":"ImageObject","inLanguage":"ca","@id":"https:\/\/urquiabas.com\/#\/schema\/logo\/image\/","url":"https:\/\/urquiabas.com\/wp-content\/uploads\/2018\/03\/logoubmail2018.jpg","contentUrl":"https:\/\/urquiabas.com\/wp-content\/uploads\/2018\/03\/logoubmail2018.jpg","width":258,"height":61,"caption":"Urquia & Bas S.L"},"image":{"@id":"https:\/\/urquiabas.com\/#\/schema\/logo\/image\/"},"sameAs":["https:\/\/www.facebook.com\/UrquiaBas\/","https:\/\/x.com\/BasUrquia","https:\/\/www.instagram.com\/urquiabas\/","https:\/\/www.linkedin.com\/company\/3125928\/"]}]}},"_links":{"self":[{"href":"https:\/\/urquiabas.com\/ca\/wp-json\/wp\/v2\/pages\/16045","targetHints":{"allow":["GET"]}}],"collection":[{"href":"https:\/\/urquiabas.com\/ca\/wp-json\/wp\/v2\/pages"}],"about":[{"href":"https:\/\/urquiabas.com\/ca\/wp-json\/wp\/v2\/types\/page"}],"author":[{"embeddable":true,"href":"https:\/\/urquiabas.com\/ca\/wp-json\/wp\/v2\/users\/84"}],"replies":[{"embeddable":true,"href":"https:\/\/urquiabas.com\/ca\/wp-json\/wp\/v2\/comments?post=16045"}],"version-history":[{"count":0,"href":"https:\/\/urquiabas.com\/ca\/wp-json\/wp\/v2\/pages\/16045\/revisions"}],"wp:featuredmedia":[{"embeddable":true,"href":"https:\/\/urquiabas.com\/ca\/wp-json\/wp\/v2\/media\/16043"}],"wp:attachment":[{"href":"https:\/\/urquiabas.com\/ca\/wp-json\/wp\/v2\/media?parent=16045"}],"curies":[{"name":"wp","href":"https:\/\/api.w.org\/{rel}","templated":true}]}}