{"id":16071,"date":"2021-02-03T08:05:41","date_gmt":"2021-02-03T08:05:41","guid":{"rendered":"http:\/\/urquiabas.com\/?page_id=16071"},"modified":"2025-12-02T11:17:58","modified_gmt":"2025-12-02T10:17:58","slug":"asseguranca-de-rc-dautoritats-i-funcionaris","status":"publish","type":"page","link":"https:\/\/urquiabas.com\/ca\/asseguranca-de-rc-dautoritats-i-funcionaris\/","title":{"rendered":"Asseguran\u00e7a de Responsabilitat Civil d&#8217;Autoritats d&#8217;Organismes P\u00fablics"},"content":{"rendered":"\t\t<div data-elementor-type=\"wp-page\" data-elementor-id=\"16071\" class=\"elementor elementor-16071 elementor-16065\" data-elementor-post-type=\"page\">\n\t\t\t\t<div class=\"elementor-element elementor-element-5bc30f61 e-flex e-con-boxed e-con e-parent\" data-id=\"5bc30f61\" data-element_type=\"container\" data-e-type=\"container\" data-settings=\"{&quot;background_background&quot;:&quot;classic&quot;}\">\n\t\t\t\t\t<div class=\"e-con-inner\">\n\t\t<div class=\"elementor-element elementor-element-27b31a6 e-con-full e-flex e-con e-child\" data-id=\"27b31a6\" data-element_type=\"container\" data-e-type=\"container\" data-settings=\"{&quot;background_background&quot;:&quot;classic&quot;}\">\n\t\t\t\t<div class=\"elementor-element elementor-element-66f1772d elementor-widget elementor-widget-text-editor\" data-id=\"66f1772d\" data-element_type=\"widget\" data-e-type=\"widget\" data-widget_type=\"text-editor.default\">\n\t\t\t\t\t\t\t\t\t\n<p>L&#8217; <strong>asseguran\u00e7a de responsabilitat civil d&#8217;autoritats i funcionaris<\/strong> va dirigida als <strong>equips de govern i altres funcionaris i interins d&#8217;una entitat de l&#8217;administraci\u00f3 p\u00fablica local<\/strong> que, mitjan\u00e7ant una p\u00f2lissa d&#8217;assegurances (com\u00fa per a tothom ia c\u00e0rrec de la pr\u00f2pia corporaci\u00f3), vulguin sentir-se protegits davant d&#8217;una reclamaci\u00f3 per un \u201cacte incorrecte\u201d ja sigui per acci\u00f3 o per omissi\u00f3, que ocasioni un perjudici econ\u00f2mic a un tercer, a la mateixa entitat i fins i tot davant del Tribunal de Comptes.<\/p>\n\n<p>Aquesta asseguran\u00e7a \u00e9s espec\u00edfica i independent de la Responsabilitat Civil del propi Ajuntament, Consell Comarcal i\/o entitat municipal\/supramunicipal.<\/p>\n\t\t\t\t\t\t\t\t<\/div>\n\t\t\t\t<\/div>\n\t\t<div class=\"elementor-element elementor-element-cd50c9c e-con-full e-flex e-con e-child\" data-id=\"cd50c9c\" data-element_type=\"container\" data-e-type=\"container\" data-settings=\"{&quot;background_background&quot;:&quot;classic&quot;}\">\n\t\t\t\t<div class=\"elementor-element elementor-element-393022a elementor-widget elementor-widget-text-editor\" data-id=\"393022a\" data-element_type=\"widget\" data-e-type=\"widget\" data-widget_type=\"text-editor.default\">\n\t\t\t\t\t\t\t\t\t\n<h3 class=\"wp-block-heading\">A qui ens dirigim?<\/h3>\n\n<ul class=\"wp-block-list\">\n<li>A la mateixa entitat: com a part interessada, es pot rescabalar dels perjudicis econ\u00f2mics que una mala gesti\u00f3 de les seves autoritats i personal li pugui ocasionar.<\/li>\n\n<li>Als candidats electes: de vegades els dissuadeix presentar-se a les eleccions per ostentar c\u00e0rrecs p\u00fablics, pel risc de comprometre&#8217;n el patrimoni.<\/li>\n\n<li>Als Funcionaris: els preocupa que la c\u00e0rrega de treball els impedeixi posar-se al dia a tota la normativa aplicable.<\/li>\n<\/ul>\n\n<p><wbr><\/wbr><br>Aquesta asseguran\u00e7a empara, en una \u00fanica p\u00f2lissa, el conjunt d&#8217;autoritats i personal al servei de l&#8217;administraci\u00f3 local.<\/p>\n\n<p>No obstant aix\u00f2, si sou funcionari de carrera o inter\u00ed, tamb\u00e9 us pot interessar con\u00e8ixer la nostra asseguran\u00e7a individual de responsabilitat civil professional per a funcionaris d&#8217;administraci\u00f3 local, una asseguran\u00e7a amb cobertures molt espec\u00edfiques ia la mida de les vostres necessitats. Podeu consultar el contingut al seg\u00fcent <a href=\"https:\/\/urquiabas.com\/ca\/asseguranca-responsabilitat-civil-funcionaris-administracio-local\/\" target=\"_blank\" rel=\"noopener\"><strong>enlla\u00e7<\/strong><\/a><\/p>\n\t\t\t\t\t\t\t\t<\/div>\n\t\t\t\t<\/div>\n\t\t<div class=\"elementor-element elementor-element-f44ed2c e-con-full e-flex e-con e-child\" data-id=\"f44ed2c\" data-element_type=\"container\" data-e-type=\"container\" data-settings=\"{&quot;background_background&quot;:&quot;classic&quot;}\">\n\t\t\t\t<div class=\"elementor-element elementor-element-b7d2867 elementor-widget elementor-widget-text-editor\" data-id=\"b7d2867\" data-element_type=\"widget\" data-e-type=\"widget\" data-widget_type=\"text-editor.default\">\n\t\t\t\t\t\t\t\t\t<h3 class=\"wp-block-heading\">Quant costa aquesta asseguran\u00e7a?<\/h3><div class=\"texto-precios-1\"><p>El preu de <strong>l&#8217;asseguran\u00e7a de responsabilitat civil d&#8217;autoritats i funcionaris<\/strong> va en funci\u00f3 de:<\/p><ul><li>El capital assegurat<\/li><li>El pressupost anual o el nombre dhabitants de la poblaci\u00f3 segons lasseguradora de qu\u00e8 es tracti.<\/li><\/ul><p><strong>Un exemple<\/strong> : Per a un capital assegurat de 250.000\u20ac, preu total anual (primes orientatives):<\/p><ul><li>Fins a 1.000 habitants: 469,06 \u20ac<\/li><li>de 1.001 fins a 2.000 habitants: 646,90 \u20ac<\/li><li>M\u00e9s de 2.000 habitants: Consultar.<\/li><\/ul><\/div>\t\t\t\t\t\t\t\t<\/div>\n\t\t\t\t<\/div>\n\t\t<div class=\"elementor-element elementor-element-10a48e9 e-con-full e-flex e-con e-child\" data-id=\"10a48e9\" data-element_type=\"container\" data-e-type=\"container\" data-settings=\"{&quot;background_background&quot;:&quot;classic&quot;}\">\n\t\t\t\t<div class=\"elementor-element elementor-element-cdd5a26 elementor-widget elementor-widget-text-editor\" data-id=\"cdd5a26\" data-element_type=\"widget\" data-e-type=\"widget\" data-widget_type=\"text-editor.default\">\n\t\t\t\t\t\t\t\t\t\n<h3 class=\"wp-block-heading\">Qu\u00e8 es cobreix?<\/h3>\n\n<ul class=\"wp-block-list\">\n<li><strong>Responsabilitats de les autoritats i els funcionaris davant de l&#8217;Administraci\u00f3 p\u00fablica<\/strong> .<\/li>\n\n<li>Accions de <strong>lAdministraci\u00f3 P\u00fablica<\/strong> per danys als seus b\u00e9ns i drets.<\/li>\n\n<li>Accions per <strong>responsabilitat comptable<\/strong> .<\/li>\n\n<li>Responsabilitats davant de tercers per un acte o omissi\u00f3 incorrecte.<\/li>\n\n<li>Altres garanties addicionals com, per exemple:\n<ul class=\"wp-block-list\">\n<li><strong>Responsabilitat per actes incorrectes per pr\u00e0ctiques laborals<\/strong> comeses per un empleat contra un altre empleat.<\/li>\n\n<li><strong>Responsabilitat laboral de l&#8217;Administraci\u00f3 per pr\u00e0ctiques laborals incorrectes<\/strong> .<\/li>\n\n<li>Constituci\u00f3 de <strong>fiances<\/strong> civils i despeses de constituci\u00f3 i manteniment de les fiances penals.<\/li>\n\n<li>Despeses de defensa.<\/li>\n<\/ul>\n<\/li>\n<\/ul>\n\t\t\t\t\t\t\t\t<\/div>\n\t\t\t\t<\/div>\n\t\t<div class=\"elementor-element elementor-element-2f65e2f e-con-full e-flex e-con e-child\" data-id=\"2f65e2f\" data-element_type=\"container\" data-e-type=\"container\" data-settings=\"{&quot;background_background&quot;:&quot;classic&quot;}\">\n\t\t\t\t<div class=\"elementor-element elementor-element-9ca3130 elementor-widget elementor-widget-text-editor\" data-id=\"9ca3130\" data-element_type=\"widget\" data-e-type=\"widget\" data-widget_type=\"text-editor.default\">\n\t\t\t\t\t\t\t\t\t\n<h3 class=\"wp-block-heading\">Retroactivitat<\/h3>\n\n<p>A m\u00e9s, contractant aquesta p\u00f2lissa es cobreixen les <strong>reclamacions per actes anteriors<\/strong> no coneguts en el moment de la contractaci\u00f3 de la p\u00f2lissa. Aix\u00f2 s&#8217;anomena en el llenguatge de l&#8217;asseguran\u00e7a \u201cretroactivitat il\u00b7limitada\u201d.<\/p>\n\t\t\t\t\t\t\t\t<\/div>\n\t\t\t\t<\/div>\n\t\t<div class=\"elementor-element elementor-element-30ae62c e-con-full e-flex e-con e-child\" data-id=\"30ae62c\" data-element_type=\"container\" data-e-type=\"container\" data-settings=\"{&quot;background_background&quot;:&quot;classic&quot;}\">\n\t\t\t\t<div class=\"elementor-element elementor-element-03afa3d elementor-widget elementor-widget-text-editor\" data-id=\"03afa3d\" data-element_type=\"widget\" data-e-type=\"widget\" data-widget_type=\"text-editor.default\">\n\t\t\t\t\t\t\t\t\t<h3 class=\"wp-block-heading\">Com puc ajudar-te?<\/h3><p>Per fer-te arribar un projecte d&#8217; <strong>Asseguran\u00e7a de Responsabilitat Civil d&#8217;Autoritats i Funcionaris<\/strong> , sense cap comprom\u00eds per part teva, deixa&#8217;m les teves dades i em posar\u00e9 en contacte amb tu el m\u00e9s aviat possible.<\/p>\t\t\t\t\t\t\t\t<\/div>\n\t\t\t\t<div class=\"elementor-element elementor-element-5ca86ab elementor-widget elementor-widget-text-editor\" data-id=\"5ca86ab\" data-element_type=\"widget\" data-e-type=\"widget\" data-widget_type=\"text-editor.default\">\n\t\t\t\t\t\t\t\t\t<iframe id=\"tarificador\" class=\"w-full\" style=\"height: 360px\" src=\"http:\/\/tarificadores.urquiabas.com\/forms\/rc-autoridades-organismos-publicos?h=0\" frameborder=\"0\" allowfullscreen=\"\"><\/iframe>\t\t\t\t\t\t\t\t<\/div>\n\t\t\t\t<\/div>\n\t\t\t\t\t<\/div>\n\t\t\t\t<\/div>\n\t\t\t\t<\/div>\n\t\t","protected":false},"excerpt":{"rendered":"<p>L&#8217; asseguran\u00e7a de responsabilitat civil d&#8217;autoritats i funcionaris va dirigida als equips de govern i altres funcionaris i interins d&#8217;una entitat de l&#8217;administraci\u00f3 p\u00fablica local que, mitjan\u00e7ant una p\u00f2lissa d&#8217;assegurances (com\u00fa per a tothom ia c\u00e0rrec de la pr\u00f2pia corporaci\u00f3), vulguin sentir-se protegits davant d&#8217;una reclamaci\u00f3 per un \u201cacte incorrecte\u201d ja sigui per acci\u00f3 o [&hellip;]<\/p>\n","protected":false},"author":84,"featured_media":6989,"parent":0,"menu_order":0,"comment_status":"closed","ping_status":"closed","template":"","meta":{"_acf_changed":false,"inline_featured_image":false,"footnotes":""},"class_list":["post-16071","page","type-page","status-publish","has-post-thumbnail","hentry"],"acf":{"contacte":"ramon","foto_responsable":false,"titulo":"Asseguran\u00e7a de Responsabilitat Civil d'Autoritats d'Organismes P\u00fablics","id_nex":"296","odoo":"http:\/\/tarificadores.urquiabas.com\/forms\/rc-autoridades-organismos-publicos?h=0","contacte_responsable_telefon":"630 98 44 38","contacte_responsable_email":"ramonurquia@urquiabas.com","responsable":"Ramon de Urqu\u00eda","text_responsable":"S\u00f3c en Ramon d'Urquia, llicenciat en dret i corredor d'assegurances. El primer em permet tenir els coneixements necessaris per avaluar els riscos de responsabilitat civil dels nostres assegurats i el segon, transferir-los a les asseguradores en les condicions m\u00e9s adequades. El meu objectiu \u00e9s protegir el vostre patrimoni personal, oferint la millor soluci\u00f3 asseguradora."},"yoast_head":"<!-- This site is optimized with the Yoast SEO plugin v27.3 - https:\/\/yoast.com\/product\/yoast-seo-wordpress\/ -->\n<title>Asseguran\u00e7a de Responsabilitat Civil d&#039;Autoritats d&#039;Organismes P\u00fablics - Urqu\u00eda&amp;Bas<\/title>\n<meta name=\"description\" content=\"Asseguran\u00e7a de Responsabilitat Civil d&#039;Autoritats i Funcionaris. Perqu\u00e8 no hagis de respondre amb el teu patrimoni personal\" \/>\n<meta name=\"robots\" content=\"index, follow, max-snippet:-1, max-image-preview:large, max-video-preview:-1\" \/>\n<link rel=\"canonical\" href=\"https:\/\/urquiabas.com\/ca\/asseguranca-de-rc-dautoritats-i-funcionaris\/\" \/>\n<meta property=\"og:locale\" content=\"ca_ES\" \/>\n<meta property=\"og:type\" content=\"article\" \/>\n<meta property=\"og:title\" content=\"Asseguran\u00e7a de Responsabilitat Civil d&#039;Autoritats d&#039;Organismes P\u00fablics - Urqu\u00eda&amp;Bas\" \/>\n<meta property=\"og:description\" content=\"Asseguran\u00e7a de Responsabilitat Civil d&#039;Autoritats i Funcionaris. Perqu\u00e8 no hagis de respondre amb el teu patrimoni personal\" \/>\n<meta property=\"og:url\" content=\"https:\/\/urquiabas.com\/ca\/asseguranca-de-rc-dautoritats-i-funcionaris\/\" \/>\n<meta property=\"og:site_name\" content=\"Urqu\u00eda&amp;Bas\" \/>\n<meta property=\"article:publisher\" content=\"https:\/\/www.facebook.com\/UrquiaBas\/\" \/>\n<meta property=\"article:modified_time\" content=\"2025-12-02T10:17:58+00:00\" \/>\n<meta property=\"og:image\" content=\"https:\/\/urquiabas.com\/wp-content\/uploads\/2020\/03\/slider_1920_autoridades.jpg\" \/>\n\t<meta property=\"og:image:width\" content=\"1920\" \/>\n\t<meta property=\"og:image:height\" content=\"667\" \/>\n\t<meta property=\"og:image:type\" content=\"image\/jpeg\" \/>\n<meta name=\"twitter:card\" content=\"summary_large_image\" \/>\n<meta name=\"twitter:site\" content=\"@BasUrquia\" \/>\n<meta name=\"twitter:label1\" content=\"Temps estimat de lectura\" \/>\n\t<meta name=\"twitter:data1\" content=\"2 minuts\" \/>\n<script type=\"application\/ld+json\" class=\"yoast-schema-graph\">{\"@context\":\"https:\\\/\\\/schema.org\",\"@graph\":[{\"@type\":\"WebPage\",\"@id\":\"https:\\\/\\\/urquiabas.com\\\/ca\\\/asseguranca-de-rc-dautoritats-i-funcionaris\\\/\",\"url\":\"https:\\\/\\\/urquiabas.com\\\/ca\\\/asseguranca-de-rc-dautoritats-i-funcionaris\\\/\",\"name\":\"Asseguran\u00e7a de Responsabilitat Civil d'Autoritats d'Organismes P\u00fablics - Urqu\u00eda&amp;Bas\",\"isPartOf\":{\"@id\":\"https:\\\/\\\/urquiabas.com\\\/#website\"},\"primaryImageOfPage\":{\"@id\":\"https:\\\/\\\/urquiabas.com\\\/ca\\\/asseguranca-de-rc-dautoritats-i-funcionaris\\\/#primaryimage\"},\"image\":{\"@id\":\"https:\\\/\\\/urquiabas.com\\\/ca\\\/asseguranca-de-rc-dautoritats-i-funcionaris\\\/#primaryimage\"},\"thumbnailUrl\":\"https:\\\/\\\/urquiabas.com\\\/wp-content\\\/uploads\\\/2020\\\/03\\\/slider_1920_autoridades.jpg\",\"datePublished\":\"2021-02-03T08:05:41+00:00\",\"dateModified\":\"2025-12-02T10:17:58+00:00\",\"description\":\"Asseguran\u00e7a de Responsabilitat Civil d'Autoritats i Funcionaris. Perqu\u00e8 no hagis de respondre amb el teu patrimoni personal\",\"breadcrumb\":{\"@id\":\"https:\\\/\\\/urquiabas.com\\\/ca\\\/asseguranca-de-rc-dautoritats-i-funcionaris\\\/#breadcrumb\"},\"inLanguage\":\"ca\",\"potentialAction\":[{\"@type\":\"ReadAction\",\"target\":[\"https:\\\/\\\/urquiabas.com\\\/ca\\\/asseguranca-de-rc-dautoritats-i-funcionaris\\\/\"]}]},{\"@type\":\"ImageObject\",\"inLanguage\":\"ca\",\"@id\":\"https:\\\/\\\/urquiabas.com\\\/ca\\\/asseguranca-de-rc-dautoritats-i-funcionaris\\\/#primaryimage\",\"url\":\"https:\\\/\\\/urquiabas.com\\\/wp-content\\\/uploads\\\/2020\\\/03\\\/slider_1920_autoridades.jpg\",\"contentUrl\":\"https:\\\/\\\/urquiabas.com\\\/wp-content\\\/uploads\\\/2020\\\/03\\\/slider_1920_autoridades.jpg\",\"width\":1920,\"height\":667},{\"@type\":\"BreadcrumbList\",\"@id\":\"https:\\\/\\\/urquiabas.com\\\/ca\\\/asseguranca-de-rc-dautoritats-i-funcionaris\\\/#breadcrumb\",\"itemListElement\":[{\"@type\":\"ListItem\",\"position\":1,\"name\":\"Portada\",\"item\":\"https:\\\/\\\/urquiabas.com\\\/\"},{\"@type\":\"ListItem\",\"position\":2,\"name\":\"Asseguran\u00e7a de Responsabilitat Civil d&#8217;Autoritats d&#8217;Organismes P\u00fablics\"}]},{\"@type\":\"WebSite\",\"@id\":\"https:\\\/\\\/urquiabas.com\\\/#website\",\"url\":\"https:\\\/\\\/urquiabas.com\\\/\",\"name\":\"Urqu\u00eda&amp;Bas\",\"description\":\"Corredur\u00eda de seguros | Lleida\",\"publisher\":{\"@id\":\"https:\\\/\\\/urquiabas.com\\\/#organization\"},\"potentialAction\":[{\"@type\":\"SearchAction\",\"target\":{\"@type\":\"EntryPoint\",\"urlTemplate\":\"https:\\\/\\\/urquiabas.com\\\/?s={search_term_string}\"},\"query-input\":{\"@type\":\"PropertyValueSpecification\",\"valueRequired\":true,\"valueName\":\"search_term_string\"}}],\"inLanguage\":\"ca\"},{\"@type\":\"Organization\",\"@id\":\"https:\\\/\\\/urquiabas.com\\\/#organization\",\"name\":\"Urquia & Bas S.L\",\"url\":\"https:\\\/\\\/urquiabas.com\\\/\",\"logo\":{\"@type\":\"ImageObject\",\"inLanguage\":\"ca\",\"@id\":\"https:\\\/\\\/urquiabas.com\\\/#\\\/schema\\\/logo\\\/image\\\/\",\"url\":\"https:\\\/\\\/urquiabas.com\\\/wp-content\\\/uploads\\\/2018\\\/03\\\/logoubmail2018.jpg\",\"contentUrl\":\"https:\\\/\\\/urquiabas.com\\\/wp-content\\\/uploads\\\/2018\\\/03\\\/logoubmail2018.jpg\",\"width\":258,\"height\":61,\"caption\":\"Urquia & Bas S.L\"},\"image\":{\"@id\":\"https:\\\/\\\/urquiabas.com\\\/#\\\/schema\\\/logo\\\/image\\\/\"},\"sameAs\":[\"https:\\\/\\\/www.facebook.com\\\/UrquiaBas\\\/\",\"https:\\\/\\\/x.com\\\/BasUrquia\",\"https:\\\/\\\/www.instagram.com\\\/urquiabas\\\/\",\"https:\\\/\\\/www.linkedin.com\\\/company\\\/3125928\\\/\"]}]}<\/script>\n<!-- \/ Yoast SEO plugin. -->","yoast_head_json":{"title":"Asseguran\u00e7a de Responsabilitat Civil d'Autoritats d'Organismes P\u00fablics - Urqu\u00eda&amp;Bas","description":"Asseguran\u00e7a de Responsabilitat Civil d'Autoritats i Funcionaris. Perqu\u00e8 no hagis de respondre amb el teu patrimoni personal","robots":{"index":"index","follow":"follow","max-snippet":"max-snippet:-1","max-image-preview":"max-image-preview:large","max-video-preview":"max-video-preview:-1"},"canonical":"https:\/\/urquiabas.com\/ca\/asseguranca-de-rc-dautoritats-i-funcionaris\/","og_locale":"ca_ES","og_type":"article","og_title":"Asseguran\u00e7a de Responsabilitat Civil d'Autoritats d'Organismes P\u00fablics - Urqu\u00eda&amp;Bas","og_description":"Asseguran\u00e7a de Responsabilitat Civil d'Autoritats i Funcionaris. Perqu\u00e8 no hagis de respondre amb el teu patrimoni personal","og_url":"https:\/\/urquiabas.com\/ca\/asseguranca-de-rc-dautoritats-i-funcionaris\/","og_site_name":"Urqu\u00eda&amp;Bas","article_publisher":"https:\/\/www.facebook.com\/UrquiaBas\/","article_modified_time":"2025-12-02T10:17:58+00:00","og_image":[{"width":1920,"height":667,"url":"https:\/\/urquiabas.com\/wp-content\/uploads\/2020\/03\/slider_1920_autoridades.jpg","type":"image\/jpeg"}],"twitter_card":"summary_large_image","twitter_site":"@BasUrquia","twitter_misc":{"Temps estimat de lectura":"2 minuts"},"schema":{"@context":"https:\/\/schema.org","@graph":[{"@type":"WebPage","@id":"https:\/\/urquiabas.com\/ca\/asseguranca-de-rc-dautoritats-i-funcionaris\/","url":"https:\/\/urquiabas.com\/ca\/asseguranca-de-rc-dautoritats-i-funcionaris\/","name":"Asseguran\u00e7a de Responsabilitat Civil d'Autoritats d'Organismes P\u00fablics - Urqu\u00eda&amp;Bas","isPartOf":{"@id":"https:\/\/urquiabas.com\/#website"},"primaryImageOfPage":{"@id":"https:\/\/urquiabas.com\/ca\/asseguranca-de-rc-dautoritats-i-funcionaris\/#primaryimage"},"image":{"@id":"https:\/\/urquiabas.com\/ca\/asseguranca-de-rc-dautoritats-i-funcionaris\/#primaryimage"},"thumbnailUrl":"https:\/\/urquiabas.com\/wp-content\/uploads\/2020\/03\/slider_1920_autoridades.jpg","datePublished":"2021-02-03T08:05:41+00:00","dateModified":"2025-12-02T10:17:58+00:00","description":"Asseguran\u00e7a de Responsabilitat Civil d'Autoritats i Funcionaris. Perqu\u00e8 no hagis de respondre amb el teu patrimoni personal","breadcrumb":{"@id":"https:\/\/urquiabas.com\/ca\/asseguranca-de-rc-dautoritats-i-funcionaris\/#breadcrumb"},"inLanguage":"ca","potentialAction":[{"@type":"ReadAction","target":["https:\/\/urquiabas.com\/ca\/asseguranca-de-rc-dautoritats-i-funcionaris\/"]}]},{"@type":"ImageObject","inLanguage":"ca","@id":"https:\/\/urquiabas.com\/ca\/asseguranca-de-rc-dautoritats-i-funcionaris\/#primaryimage","url":"https:\/\/urquiabas.com\/wp-content\/uploads\/2020\/03\/slider_1920_autoridades.jpg","contentUrl":"https:\/\/urquiabas.com\/wp-content\/uploads\/2020\/03\/slider_1920_autoridades.jpg","width":1920,"height":667},{"@type":"BreadcrumbList","@id":"https:\/\/urquiabas.com\/ca\/asseguranca-de-rc-dautoritats-i-funcionaris\/#breadcrumb","itemListElement":[{"@type":"ListItem","position":1,"name":"Portada","item":"https:\/\/urquiabas.com\/"},{"@type":"ListItem","position":2,"name":"Asseguran\u00e7a de Responsabilitat Civil d&#8217;Autoritats d&#8217;Organismes P\u00fablics"}]},{"@type":"WebSite","@id":"https:\/\/urquiabas.com\/#website","url":"https:\/\/urquiabas.com\/","name":"Urqu\u00eda&amp;Bas","description":"Corredur\u00eda de seguros | Lleida","publisher":{"@id":"https:\/\/urquiabas.com\/#organization"},"potentialAction":[{"@type":"SearchAction","target":{"@type":"EntryPoint","urlTemplate":"https:\/\/urquiabas.com\/?s={search_term_string}"},"query-input":{"@type":"PropertyValueSpecification","valueRequired":true,"valueName":"search_term_string"}}],"inLanguage":"ca"},{"@type":"Organization","@id":"https:\/\/urquiabas.com\/#organization","name":"Urquia & Bas S.L","url":"https:\/\/urquiabas.com\/","logo":{"@type":"ImageObject","inLanguage":"ca","@id":"https:\/\/urquiabas.com\/#\/schema\/logo\/image\/","url":"https:\/\/urquiabas.com\/wp-content\/uploads\/2018\/03\/logoubmail2018.jpg","contentUrl":"https:\/\/urquiabas.com\/wp-content\/uploads\/2018\/03\/logoubmail2018.jpg","width":258,"height":61,"caption":"Urquia & Bas S.L"},"image":{"@id":"https:\/\/urquiabas.com\/#\/schema\/logo\/image\/"},"sameAs":["https:\/\/www.facebook.com\/UrquiaBas\/","https:\/\/x.com\/BasUrquia","https:\/\/www.instagram.com\/urquiabas\/","https:\/\/www.linkedin.com\/company\/3125928\/"]}]}},"_links":{"self":[{"href":"https:\/\/urquiabas.com\/ca\/wp-json\/wp\/v2\/pages\/16071","targetHints":{"allow":["GET"]}}],"collection":[{"href":"https:\/\/urquiabas.com\/ca\/wp-json\/wp\/v2\/pages"}],"about":[{"href":"https:\/\/urquiabas.com\/ca\/wp-json\/wp\/v2\/types\/page"}],"author":[{"embeddable":true,"href":"https:\/\/urquiabas.com\/ca\/wp-json\/wp\/v2\/users\/84"}],"replies":[{"embeddable":true,"href":"https:\/\/urquiabas.com\/ca\/wp-json\/wp\/v2\/comments?post=16071"}],"version-history":[{"count":0,"href":"https:\/\/urquiabas.com\/ca\/wp-json\/wp\/v2\/pages\/16071\/revisions"}],"wp:featuredmedia":[{"embeddable":true,"href":"https:\/\/urquiabas.com\/ca\/wp-json\/wp\/v2\/media\/6989"}],"wp:attachment":[{"href":"https:\/\/urquiabas.com\/ca\/wp-json\/wp\/v2\/media?parent=16071"}],"curies":[{"name":"wp","href":"https:\/\/api.w.org\/{rel}","templated":true}]}}