{"id":16098,"date":"2021-02-03T12:49:41","date_gmt":"2021-02-03T12:49:41","guid":{"rendered":"http:\/\/urquiabas.com\/?page_id=16098"},"modified":"2025-11-28T11:31:48","modified_gmt":"2025-11-28T10:31:48","slug":"associacions-culturals-artistiques-i-recreatives-sense-anim-de-lucre","status":"publish","type":"page","link":"https:\/\/urquiabas.com\/ca\/associacions-culturals-artistiques-i-recreatives-sense-anim-de-lucre\/","title":{"rendered":"Associacions culturals, art\u00edstiques i recreatives sense \u00e0nim de lucre"},"content":{"rendered":"\t\t<div data-elementor-type=\"wp-page\" data-elementor-id=\"16098\" class=\"elementor elementor-16098 elementor-16092\" data-elementor-post-type=\"page\">\n\t\t\t\t<div class=\"elementor-element elementor-element-174cc90 e-flex e-con-boxed e-con e-parent\" data-id=\"174cc90\" data-element_type=\"container\" data-e-type=\"container\">\n\t\t\t\t\t<div class=\"e-con-inner\">\n\t\t<div class=\"elementor-element elementor-element-0dad624 e-con-full e-flex e-con e-child\" data-id=\"0dad624\" data-element_type=\"container\" data-e-type=\"container\">\n\t\t\t\t<div class=\"elementor-element elementor-element-f2faa52 elementor-widget elementor-widget-text-editor\" data-id=\"f2faa52\" data-element_type=\"widget\" data-e-type=\"widget\" data-widget_type=\"text-editor.default\">\n\t\t\t\t\t\t\t\t\t<p>Qualsevol activitat porta inherent un risc o m\u00e9s gran depenent de la seva naturalesa: un incendi, una electrocuci\u00f3, una caiguda, una intoxicaci\u00f3\u2026 La seva ocurr\u00e8ncia pot derivar en una reclamaci\u00f3 a l&#8217;associaci\u00f3 pels danys i perjudicis patits. Aix\u00ed mateix, els administradors i directius prenen decisions constantment; aquestes decisions poden ocasionar un perjudici econ\u00f2mic a un tercer oa la pr\u00f2pia associaci\u00f3. Contractar una asseguran\u00e7a de responsabilitat civil per a l&#8217;associaci\u00f3 i d&#8217;administradors i directius es fa realment necess\u00e0ria per no posar en risc el seu patrimoni personal.<\/p><h3 class=\"wp-block-heading\">A qui ens dirigim<\/h3><p>Assegurances adre\u00e7ades a clubs i associacions esportives, culturals, art\u00edstiques i recreatives sense \u00e0nim de lucre, que tenen per objecte cobrir els danys personals i materials que es puguin ocasionar a terceres persones (inclosos els mateixos socis), dels quals l&#8217;associaci\u00f3 o les persones que actu\u00efn en nom seu puguin ser civilment responsables, en l&#8217;\u00e0mbit de les seves activitats, definides als estatuts.<\/p>\t\t\t\t\t\t\t\t<\/div>\n\t\t\t\t<\/div>\n\t\t<div class=\"elementor-element elementor-element-a0395b8 e-con-full e-flex e-con e-child\" data-id=\"a0395b8\" data-element_type=\"container\" data-e-type=\"container\">\n\t\t<div class=\"elementor-element elementor-element-606618b e-con-full e-flex e-con e-child\" data-id=\"606618b\" data-element_type=\"container\" data-e-type=\"container\">\n\t\t\t\t<div class=\"elementor-element elementor-element-96b1fcf elementor-widget elementor-widget-text-editor\" data-id=\"96b1fcf\" data-element_type=\"widget\" data-e-type=\"widget\" data-widget_type=\"text-editor.default\">\n\t\t\t\t\t\t\t\t\t<p style=\"text-align: center;\">Responsabilitat civil d&#8217;explotaci\u00f3<\/p>\t\t\t\t\t\t\t\t<\/div>\n\t\t\t\t<div class=\"elementor-element elementor-element-166db2f elementor-align-center elementor-widget elementor-widget-button\" data-id=\"166db2f\" data-element_type=\"widget\" data-e-type=\"widget\" data-widget_type=\"button.default\">\n\t\t\t\t\t\t\t\t\t\t<a class=\"elementor-button elementor-button-link elementor-size-sm\" href=\"https:\/\/segurosparaasociaciones.es\/#tarificador\">\n\t\t\t\t\t\t<span class=\"elementor-button-content-wrapper\">\n\t\t\t\t\t\t\t\t\t<span class=\"elementor-button-text\">Calcula i contracta<\/span>\n\t\t\t\t\t<\/span>\n\t\t\t\t\t<\/a>\n\t\t\t\t\t\t\t\t<\/div>\n\t\t\t\t<\/div>\n\t\t<div class=\"elementor-element elementor-element-66f0014 e-con-full e-flex e-con e-child\" data-id=\"66f0014\" data-element_type=\"container\" data-e-type=\"container\">\n\t\t\t\t<div class=\"elementor-element elementor-element-a9770ed elementor-widget elementor-widget-text-editor\" data-id=\"a9770ed\" data-element_type=\"widget\" data-e-type=\"widget\" data-widget_type=\"text-editor.default\">\n\t\t\t\t\t\t\t\t\t<p style=\"text-align: center;\">Responsabilitat civil d&#8217;administradors i directius<\/p>\t\t\t\t\t\t\t\t<\/div>\n\t\t\t\t<div class=\"elementor-element elementor-element-b544340 elementor-align-center elementor-widget elementor-widget-button\" data-id=\"b544340\" data-element_type=\"widget\" data-e-type=\"widget\" data-widget_type=\"button.default\">\n\t\t\t\t\t\t\t\t\t\t<a class=\"elementor-button elementor-button-link elementor-size-sm\" href=\"https:\/\/segurosparaasociaciones.es\/#tarificador\">\n\t\t\t\t\t\t<span class=\"elementor-button-content-wrapper\">\n\t\t\t\t\t\t\t\t\t<span class=\"elementor-button-text\">Calcula i contracta<\/span>\n\t\t\t\t\t<\/span>\n\t\t\t\t\t<\/a>\n\t\t\t\t\t\t\t\t<\/div>\n\t\t\t\t<\/div>\n\t\t\t\t<\/div>\n\t\t\t\t<div class=\"elementor-element elementor-element-7367e2a6 elementor-widget elementor-widget-text-editor\" data-id=\"7367e2a6\" data-element_type=\"widget\" data-e-type=\"widget\" data-widget_type=\"text-editor.default\">\n\t\t\t\t\t\t\t\t\t<div class=\"wp-block-columns\"><div class=\"wp-block-column\"><div class=\"wp-block-buttons\"><div class=\"wp-block-button\">Associacions<\/div><\/div><\/div><\/div><ul id=\"accordeon-content\"><li>Associacions de ve\u00efns<\/li><li>Associacions Parroquials \/ Religioses \/ Germandats de Processons, etc.<\/li><li>Ampes<\/li><li>Estudiantils<\/li><li>Voluntariat social: defensa de persones maltractades, marginats, disminu\u00efts i persones amb exclusi\u00f3 social.<\/li><li>De la dona.<\/li><li>ONG: Medi ambient, ecologia, defensa dels animals<\/li><li>ONG: Ajuda a col\u00b7lectius marginats (emigraci\u00f3, inf\u00e0ncia, dones maltractades, tercera edat, rehabilitaci\u00f3, integraci\u00f3 social, lluita contra la pobresa)<\/li><li>ONG: Desenvolupament, emerg\u00e8ncia, drets humans<\/li><li>ONG: Salut (lluita contra malalties)<\/li><li>ONG: Foment de l&#8217;educaci\u00f3, cultura, tradicions, esport<\/li><li>Altres associacions sense \u00e0nim de lucre, ONG<\/li><li>Associacions i clubs culturals, art\u00edstics i recreatius<\/li><li>Agrupacions no professionals de teatre i titelles<\/li><li>Associacions i agrupacions musicals, balls populars i tradicionals<\/li><li>Associaci\u00f3 o club d&#8217;escacs, jocs de taula.<\/li><li>Associaci\u00f3 o club de maquetes, aeromodelisme.<\/li><li>Colombicultura<\/li><li>Liter\u00e0ries<\/li><li>Pintors i altres artistes<\/li><li>Filat\u00e8liques i numism\u00e0tiques<\/li><li>Gastron\u00f2miques<\/li><\/ul><p>Exclosos l\u00fas de pirot\u00e8cnia o actes taurins, associacions de car\u00e0cter pol\u00edtic o sindical, professionals i amb \u00e0nim de lucre.<\/p><h3 class=\"wp-block-heading\">Com puc ajudar-te?<\/h3><p>Deixa&#8217;m les teves dades i em posar\u00e9 en contacte amb tu al m\u00e9s aviat possible.<\/p>\t\t\t\t\t\t\t\t<\/div>\n\t\t\t\t\t<\/div>\n\t\t\t\t<\/div>\n\t\t<div class=\"elementor-element elementor-element-4863423 e-flex e-con-boxed e-con e-parent\" data-id=\"4863423\" data-element_type=\"container\" data-e-type=\"container\">\n\t\t\t\t\t<div class=\"e-con-inner\">\n\t\t\t\t<div class=\"elementor-element elementor-element-74e8449 elementor-widget elementor-widget-text-editor\" data-id=\"74e8449\" data-element_type=\"widget\" data-e-type=\"widget\" data-widget_type=\"text-editor.default\">\n\t\t\t\t\t\t\t\t\t<iframe id=\"tarificador\" class=\"w-full\" src=\"http:\/\/tarificadores.urquiabas.com\/forms\/asociaciones sin animo de lucro?h=0\"><\/iframe>\t\t\t\t\t\t\t\t<\/div>\n\t\t\t\t\t<\/div>\n\t\t\t\t<\/div>\n\t\t\t\t<\/div>\n\t\t","protected":false},"excerpt":{"rendered":"<p>Qualsevol activitat porta inherent un risc o m\u00e9s gran depenent de la seva naturalesa: un incendi, una electrocuci\u00f3, una caiguda, una intoxicaci\u00f3\u2026 La seva ocurr\u00e8ncia pot derivar en una reclamaci\u00f3 a l&#8217;associaci\u00f3 pels danys i perjudicis patits. Aix\u00ed mateix, els administradors i directius prenen decisions constantment; aquestes decisions poden ocasionar un perjudici econ\u00f2mic a un [&hellip;]<\/p>\n","protected":false},"author":5,"featured_media":16095,"parent":0,"menu_order":0,"comment_status":"closed","ping_status":"closed","template":"","meta":{"_acf_changed":false,"inline_featured_image":false,"footnotes":""},"class_list":["post-16098","page","type-page","status-publish","has-post-thumbnail","hentry"],"acf":{"titulo":"Associacions culturals, art\u00edstiques i recreatives sense \u00e0nim de lucre","id_nex":"316","contacte":"emma","contacte_responsable_email":"lauraontiveros@urquiabas.com","foto_responsable":"https:\/\/urquiabas.com\/wp-content\/uploads\/2023\/11\/BG_Laura-1-scaled.jpg"},"yoast_head":"<!-- This site is optimized with the Yoast SEO plugin v27.4 - https:\/\/yoast.com\/product\/yoast-seo-wordpress\/ -->\n<title>Associacions culturals, art\u00edstiques i recreatives sense \u00e0nim de lucre - Urqu\u00eda&amp;Bas<\/title>\n<meta name=\"description\" content=\"Segur fet a mida per a associacions sense \u00e0nim de lucre. Amb les millors cobertures i preu m\u00e9s baix del mercat. Contractaci\u00f3 immediata\" \/>\n<meta name=\"robots\" content=\"index, follow, max-snippet:-1, max-image-preview:large, max-video-preview:-1\" \/>\n<link rel=\"canonical\" href=\"https:\/\/urquiabas.com\/ca\/associacions-culturals-artistiques-i-recreatives-sense-anim-de-lucre\/\" \/>\n<meta property=\"og:locale\" content=\"ca_ES\" \/>\n<meta property=\"og:type\" content=\"article\" \/>\n<meta property=\"og:title\" content=\"Associacions culturals, art\u00edstiques i recreatives sense \u00e0nim de lucre - Urqu\u00eda&amp;Bas\" \/>\n<meta property=\"og:description\" content=\"Segur fet a mida per a associacions sense \u00e0nim de lucre. Amb les millors cobertures i preu m\u00e9s baix del mercat. Contractaci\u00f3 immediata\" \/>\n<meta property=\"og:url\" content=\"https:\/\/urquiabas.com\/ca\/associacions-culturals-artistiques-i-recreatives-sense-anim-de-lucre\/\" \/>\n<meta property=\"og:site_name\" content=\"Urqu\u00eda&amp;Bas\" \/>\n<meta property=\"article:publisher\" content=\"https:\/\/www.facebook.com\/UrquiaBas\/\" \/>\n<meta property=\"article:modified_time\" content=\"2025-11-28T10:31:48+00:00\" \/>\n<meta property=\"og:image\" content=\"https:\/\/urquiabas.com\/wp-content\/uploads\/2021\/02\/Header_asociaciones_culturales_new.jpg\" \/>\n\t<meta property=\"og:image:width\" content=\"1920\" \/>\n\t<meta property=\"og:image:height\" content=\"701\" \/>\n\t<meta property=\"og:image:type\" content=\"image\/jpeg\" \/>\n<meta name=\"twitter:card\" content=\"summary_large_image\" \/>\n<meta name=\"twitter:site\" content=\"@BasUrquia\" \/>\n<meta name=\"twitter:label1\" content=\"Temps estimat de lectura\" \/>\n\t<meta name=\"twitter:data1\" content=\"2 minuts\" \/>\n<script type=\"application\/ld+json\" class=\"yoast-schema-graph\">{\"@context\":\"https:\\\/\\\/schema.org\",\"@graph\":[{\"@type\":\"WebPage\",\"@id\":\"https:\\\/\\\/urquiabas.com\\\/ca\\\/associacions-culturals-artistiques-i-recreatives-sense-anim-de-lucre\\\/\",\"url\":\"https:\\\/\\\/urquiabas.com\\\/ca\\\/associacions-culturals-artistiques-i-recreatives-sense-anim-de-lucre\\\/\",\"name\":\"Associacions culturals, art\u00edstiques i recreatives sense \u00e0nim de lucre - Urqu\u00eda&amp;Bas\",\"isPartOf\":{\"@id\":\"https:\\\/\\\/urquiabas.com\\\/#website\"},\"primaryImageOfPage\":{\"@id\":\"https:\\\/\\\/urquiabas.com\\\/ca\\\/associacions-culturals-artistiques-i-recreatives-sense-anim-de-lucre\\\/#primaryimage\"},\"image\":{\"@id\":\"https:\\\/\\\/urquiabas.com\\\/ca\\\/associacions-culturals-artistiques-i-recreatives-sense-anim-de-lucre\\\/#primaryimage\"},\"thumbnailUrl\":\"https:\\\/\\\/urquiabas.com\\\/wp-content\\\/uploads\\\/2021\\\/02\\\/Header_asociaciones_culturales_new.jpg\",\"datePublished\":\"2021-02-03T12:49:41+00:00\",\"dateModified\":\"2025-11-28T10:31:48+00:00\",\"description\":\"Segur fet a mida per a associacions sense \u00e0nim de lucre. Amb les millors cobertures i preu m\u00e9s baix del mercat. Contractaci\u00f3 immediata\",\"breadcrumb\":{\"@id\":\"https:\\\/\\\/urquiabas.com\\\/ca\\\/associacions-culturals-artistiques-i-recreatives-sense-anim-de-lucre\\\/#breadcrumb\"},\"inLanguage\":\"ca\",\"potentialAction\":[{\"@type\":\"ReadAction\",\"target\":[\"https:\\\/\\\/urquiabas.com\\\/ca\\\/associacions-culturals-artistiques-i-recreatives-sense-anim-de-lucre\\\/\"]}]},{\"@type\":\"ImageObject\",\"inLanguage\":\"ca\",\"@id\":\"https:\\\/\\\/urquiabas.com\\\/ca\\\/associacions-culturals-artistiques-i-recreatives-sense-anim-de-lucre\\\/#primaryimage\",\"url\":\"https:\\\/\\\/urquiabas.com\\\/wp-content\\\/uploads\\\/2021\\\/02\\\/Header_asociaciones_culturales_new.jpg\",\"contentUrl\":\"https:\\\/\\\/urquiabas.com\\\/wp-content\\\/uploads\\\/2021\\\/02\\\/Header_asociaciones_culturales_new.jpg\",\"width\":1920,\"height\":701,\"caption\":\"Asociaciones culturales, art\u00edsticas y recreativas sin \u00e1nimo de lucro\"},{\"@type\":\"BreadcrumbList\",\"@id\":\"https:\\\/\\\/urquiabas.com\\\/ca\\\/associacions-culturals-artistiques-i-recreatives-sense-anim-de-lucre\\\/#breadcrumb\",\"itemListElement\":[{\"@type\":\"ListItem\",\"position\":1,\"name\":\"Portada\",\"item\":\"https:\\\/\\\/urquiabas.com\\\/\"},{\"@type\":\"ListItem\",\"position\":2,\"name\":\"Associacions culturals, art\u00edstiques i recreatives sense \u00e0nim de lucre\"}]},{\"@type\":\"WebSite\",\"@id\":\"https:\\\/\\\/urquiabas.com\\\/#website\",\"url\":\"https:\\\/\\\/urquiabas.com\\\/\",\"name\":\"Urqu\u00eda&amp;Bas\",\"description\":\"Corredur\u00eda de seguros | Lleida\",\"publisher\":{\"@id\":\"https:\\\/\\\/urquiabas.com\\\/#organization\"},\"potentialAction\":[{\"@type\":\"SearchAction\",\"target\":{\"@type\":\"EntryPoint\",\"urlTemplate\":\"https:\\\/\\\/urquiabas.com\\\/?s={search_term_string}\"},\"query-input\":{\"@type\":\"PropertyValueSpecification\",\"valueRequired\":true,\"valueName\":\"search_term_string\"}}],\"inLanguage\":\"ca\"},{\"@type\":\"Organization\",\"@id\":\"https:\\\/\\\/urquiabas.com\\\/#organization\",\"name\":\"Urquia & Bas S.L\",\"url\":\"https:\\\/\\\/urquiabas.com\\\/\",\"logo\":{\"@type\":\"ImageObject\",\"inLanguage\":\"ca\",\"@id\":\"https:\\\/\\\/urquiabas.com\\\/#\\\/schema\\\/logo\\\/image\\\/\",\"url\":\"https:\\\/\\\/urquiabas.com\\\/wp-content\\\/uploads\\\/2018\\\/03\\\/logoubmail2018.jpg\",\"contentUrl\":\"https:\\\/\\\/urquiabas.com\\\/wp-content\\\/uploads\\\/2018\\\/03\\\/logoubmail2018.jpg\",\"width\":258,\"height\":61,\"caption\":\"Urquia & Bas S.L\"},\"image\":{\"@id\":\"https:\\\/\\\/urquiabas.com\\\/#\\\/schema\\\/logo\\\/image\\\/\"},\"sameAs\":[\"https:\\\/\\\/www.facebook.com\\\/UrquiaBas\\\/\",\"https:\\\/\\\/x.com\\\/BasUrquia\",\"https:\\\/\\\/www.instagram.com\\\/urquiabas\\\/\",\"https:\\\/\\\/www.linkedin.com\\\/company\\\/3125928\\\/\"]}]}<\/script>\n<!-- \/ Yoast SEO plugin. -->","yoast_head_json":{"title":"Associacions culturals, art\u00edstiques i recreatives sense \u00e0nim de lucre - Urqu\u00eda&amp;Bas","description":"Segur fet a mida per a associacions sense \u00e0nim de lucre. Amb les millors cobertures i preu m\u00e9s baix del mercat. Contractaci\u00f3 immediata","robots":{"index":"index","follow":"follow","max-snippet":"max-snippet:-1","max-image-preview":"max-image-preview:large","max-video-preview":"max-video-preview:-1"},"canonical":"https:\/\/urquiabas.com\/ca\/associacions-culturals-artistiques-i-recreatives-sense-anim-de-lucre\/","og_locale":"ca_ES","og_type":"article","og_title":"Associacions culturals, art\u00edstiques i recreatives sense \u00e0nim de lucre - Urqu\u00eda&amp;Bas","og_description":"Segur fet a mida per a associacions sense \u00e0nim de lucre. Amb les millors cobertures i preu m\u00e9s baix del mercat. Contractaci\u00f3 immediata","og_url":"https:\/\/urquiabas.com\/ca\/associacions-culturals-artistiques-i-recreatives-sense-anim-de-lucre\/","og_site_name":"Urqu\u00eda&amp;Bas","article_publisher":"https:\/\/www.facebook.com\/UrquiaBas\/","article_modified_time":"2025-11-28T10:31:48+00:00","og_image":[{"width":1920,"height":701,"url":"https:\/\/urquiabas.com\/wp-content\/uploads\/2021\/02\/Header_asociaciones_culturales_new.jpg","type":"image\/jpeg"}],"twitter_card":"summary_large_image","twitter_site":"@BasUrquia","twitter_misc":{"Temps estimat de lectura":"2 minuts"},"schema":{"@context":"https:\/\/schema.org","@graph":[{"@type":"WebPage","@id":"https:\/\/urquiabas.com\/ca\/associacions-culturals-artistiques-i-recreatives-sense-anim-de-lucre\/","url":"https:\/\/urquiabas.com\/ca\/associacions-culturals-artistiques-i-recreatives-sense-anim-de-lucre\/","name":"Associacions culturals, art\u00edstiques i recreatives sense \u00e0nim de lucre - Urqu\u00eda&amp;Bas","isPartOf":{"@id":"https:\/\/urquiabas.com\/#website"},"primaryImageOfPage":{"@id":"https:\/\/urquiabas.com\/ca\/associacions-culturals-artistiques-i-recreatives-sense-anim-de-lucre\/#primaryimage"},"image":{"@id":"https:\/\/urquiabas.com\/ca\/associacions-culturals-artistiques-i-recreatives-sense-anim-de-lucre\/#primaryimage"},"thumbnailUrl":"https:\/\/urquiabas.com\/wp-content\/uploads\/2021\/02\/Header_asociaciones_culturales_new.jpg","datePublished":"2021-02-03T12:49:41+00:00","dateModified":"2025-11-28T10:31:48+00:00","description":"Segur fet a mida per a associacions sense \u00e0nim de lucre. Amb les millors cobertures i preu m\u00e9s baix del mercat. Contractaci\u00f3 immediata","breadcrumb":{"@id":"https:\/\/urquiabas.com\/ca\/associacions-culturals-artistiques-i-recreatives-sense-anim-de-lucre\/#breadcrumb"},"inLanguage":"ca","potentialAction":[{"@type":"ReadAction","target":["https:\/\/urquiabas.com\/ca\/associacions-culturals-artistiques-i-recreatives-sense-anim-de-lucre\/"]}]},{"@type":"ImageObject","inLanguage":"ca","@id":"https:\/\/urquiabas.com\/ca\/associacions-culturals-artistiques-i-recreatives-sense-anim-de-lucre\/#primaryimage","url":"https:\/\/urquiabas.com\/wp-content\/uploads\/2021\/02\/Header_asociaciones_culturales_new.jpg","contentUrl":"https:\/\/urquiabas.com\/wp-content\/uploads\/2021\/02\/Header_asociaciones_culturales_new.jpg","width":1920,"height":701,"caption":"Asociaciones culturales, art\u00edsticas y recreativas sin \u00e1nimo de lucro"},{"@type":"BreadcrumbList","@id":"https:\/\/urquiabas.com\/ca\/associacions-culturals-artistiques-i-recreatives-sense-anim-de-lucre\/#breadcrumb","itemListElement":[{"@type":"ListItem","position":1,"name":"Portada","item":"https:\/\/urquiabas.com\/"},{"@type":"ListItem","position":2,"name":"Associacions culturals, art\u00edstiques i recreatives sense \u00e0nim de lucre"}]},{"@type":"WebSite","@id":"https:\/\/urquiabas.com\/#website","url":"https:\/\/urquiabas.com\/","name":"Urqu\u00eda&amp;Bas","description":"Corredur\u00eda de seguros | Lleida","publisher":{"@id":"https:\/\/urquiabas.com\/#organization"},"potentialAction":[{"@type":"SearchAction","target":{"@type":"EntryPoint","urlTemplate":"https:\/\/urquiabas.com\/?s={search_term_string}"},"query-input":{"@type":"PropertyValueSpecification","valueRequired":true,"valueName":"search_term_string"}}],"inLanguage":"ca"},{"@type":"Organization","@id":"https:\/\/urquiabas.com\/#organization","name":"Urquia & Bas S.L","url":"https:\/\/urquiabas.com\/","logo":{"@type":"ImageObject","inLanguage":"ca","@id":"https:\/\/urquiabas.com\/#\/schema\/logo\/image\/","url":"https:\/\/urquiabas.com\/wp-content\/uploads\/2018\/03\/logoubmail2018.jpg","contentUrl":"https:\/\/urquiabas.com\/wp-content\/uploads\/2018\/03\/logoubmail2018.jpg","width":258,"height":61,"caption":"Urquia & Bas S.L"},"image":{"@id":"https:\/\/urquiabas.com\/#\/schema\/logo\/image\/"},"sameAs":["https:\/\/www.facebook.com\/UrquiaBas\/","https:\/\/x.com\/BasUrquia","https:\/\/www.instagram.com\/urquiabas\/","https:\/\/www.linkedin.com\/company\/3125928\/"]}]}},"_links":{"self":[{"href":"https:\/\/urquiabas.com\/ca\/wp-json\/wp\/v2\/pages\/16098","targetHints":{"allow":["GET"]}}],"collection":[{"href":"https:\/\/urquiabas.com\/ca\/wp-json\/wp\/v2\/pages"}],"about":[{"href":"https:\/\/urquiabas.com\/ca\/wp-json\/wp\/v2\/types\/page"}],"author":[{"embeddable":true,"href":"https:\/\/urquiabas.com\/ca\/wp-json\/wp\/v2\/users\/5"}],"replies":[{"embeddable":true,"href":"https:\/\/urquiabas.com\/ca\/wp-json\/wp\/v2\/comments?post=16098"}],"version-history":[{"count":0,"href":"https:\/\/urquiabas.com\/ca\/wp-json\/wp\/v2\/pages\/16098\/revisions"}],"wp:featuredmedia":[{"embeddable":true,"href":"https:\/\/urquiabas.com\/ca\/wp-json\/wp\/v2\/media\/16095"}],"wp:attachment":[{"href":"https:\/\/urquiabas.com\/ca\/wp-json\/wp\/v2\/media?parent=16098"}],"curies":[{"name":"wp","href":"https:\/\/api.w.org\/{rel}","templated":true}]}}