{"id":16130,"date":"2021-02-04T10:04:11","date_gmt":"2021-02-04T10:04:11","guid":{"rendered":"http:\/\/urquiabas.com\/?page_id=16130"},"modified":"2025-12-03T12:49:28","modified_gmt":"2025-12-03T11:49:28","slug":"assegurances-per-a-clubs-i-associacions-esportives-sense-anim-de-lucre","status":"publish","type":"page","link":"https:\/\/urquiabas.com\/ca\/assegurances-per-a-clubs-i-associacions-esportives-sense-anim-de-lucre\/","title":{"rendered":"Assegurances per a Clubs i Associacions esportives sense \u00e0nim de lucre"},"content":{"rendered":"\t\t<div data-elementor-type=\"wp-page\" data-elementor-id=\"16130\" class=\"elementor elementor-16130 elementor-16124\" data-elementor-post-type=\"page\">\n\t\t\t\t<div class=\"elementor-element elementor-element-a8789d7 e-flex e-con-boxed e-con e-parent\" data-id=\"a8789d7\" data-element_type=\"container\" data-e-type=\"container\">\n\t\t\t\t\t<div class=\"e-con-inner\">\n\t\t<div class=\"elementor-element elementor-element-39fad57a e-con-full e-flex e-con e-child\" data-id=\"39fad57a\" data-element_type=\"container\" data-e-type=\"container\" data-settings=\"{&quot;background_background&quot;:&quot;classic&quot;}\">\n\t\t<div class=\"elementor-element elementor-element-310a0997 e-con-full e-flex e-con e-child\" data-id=\"310a0997\" data-element_type=\"container\" data-e-type=\"container\">\n\t\t<div class=\"elementor-element elementor-element-4b698a1 e-con-full e-flex e-con e-child\" data-id=\"4b698a1\" data-element_type=\"container\" data-e-type=\"container\">\n\t\t\t\t<div class=\"elementor-element elementor-element-411af7a elementor-widget elementor-widget-text-editor\" data-id=\"411af7a\" data-element_type=\"widget\" data-e-type=\"widget\" data-widget_type=\"text-editor.default\">\n\t\t\t\t\t\t\t\t\t<p>Qualsevol activitat porta inherent un risc o m\u00e9s gran depenent de la seva naturalesa: un incendi, una electrocuci\u00f3, una caiguda, una intoxicaci\u00f3\u2026 La seva ocurr\u00e8ncia pot derivar en una reclamaci\u00f3 a l&#8217;associaci\u00f3 pels danys i perjudicis patits.<\/p><p>Aix\u00ed mateix, els administradors i directius prenen decisions constantment; aquestes decisions poden ocasionar un perjudici econ\u00f2mic a un tercer oa la pr\u00f2pia associaci\u00f3.<\/p><p>Contractar una <strong>asseguran\u00e7a de responsabilitat civil<\/strong> per a l&#8217;associaci\u00f3 i d&#8217;administradors i directius es fa realment necess\u00e0ria per no posar en risc el seu patrimoni personal.<\/p><p>D&#8217;altra banda, en les activitats de turisme actiu s&#8217;exigeix la contractaci\u00f3 d&#8217; <strong>assegurances d&#8217;accidents<\/strong> per a les persones que les practiquen, incloent-hi un capital prefixat per mort, invalidesa i despeses de curaci\u00f3.<\/p><h3 class=\"wp-block-heading\">A qui ens dirigim<\/h3><p>Assegurances adre\u00e7ades a <strong>clubs i associacions esportives<\/strong>, que tenen per objecte cobrir els danys personals i materials que es puguin ocasionar a terceres persones (inclosos els mateixos socis), dels quals l&#8217;associaci\u00f3 o les persones que actu\u00efn en nom seu, puguin ser civilment responsables, en l&#8217;\u00e0mbit de les seves activitats , definides als espectacles<\/p>\t\t\t\t\t\t\t\t<\/div>\n\t\t\t\t<\/div>\n\t\t<div class=\"elementor-element elementor-element-af5d3a7 e-con-full e-flex e-con e-child\" data-id=\"af5d3a7\" data-element_type=\"container\" data-e-type=\"container\">\n\t\t<div class=\"elementor-element elementor-element-aa0122e e-con-full e-flex e-con e-child\" data-id=\"aa0122e\" data-element_type=\"container\" data-e-type=\"container\">\n\t\t\t\t<div class=\"elementor-element elementor-element-64f62a2 elementor-widget elementor-widget-text-editor\" data-id=\"64f62a2\" data-element_type=\"widget\" data-e-type=\"widget\" data-widget_type=\"text-editor.default\">\n\t\t\t\t\t\t\t\t\t<p style=\"text-align: center;\">Asseguran\u00e7a de responsabilitat civil per Associacions i Clubs esportius i els participants<\/p>\t\t\t\t\t\t\t\t<\/div>\n\t\t\t\t<div class=\"elementor-element elementor-element-79c3f0f elementor-align-center elementor-widget elementor-widget-button\" data-id=\"79c3f0f\" data-element_type=\"widget\" data-e-type=\"widget\" data-widget_type=\"button.default\">\n\t\t\t\t\t\t\t\t\t\t<a class=\"elementor-button elementor-button-link elementor-size-sm\" href=\"https:\/\/segurosparaasociaciones.es\/#tarificador\">\n\t\t\t\t\t\t<span class=\"elementor-button-content-wrapper\">\n\t\t\t\t\t\t\t\t\t<span class=\"elementor-button-text\">Calclua el teu preu i consulta<\/span>\n\t\t\t\t\t<\/span>\n\t\t\t\t\t<\/a>\n\t\t\t\t\t\t\t\t<\/div>\n\t\t\t\t<\/div>\n\t\t<div class=\"elementor-element elementor-element-47b1768 e-con-full e-flex e-con e-child\" data-id=\"47b1768\" data-element_type=\"container\" data-e-type=\"container\">\n\t\t\t\t<div class=\"elementor-element elementor-element-b313aaa elementor-widget elementor-widget-text-editor\" data-id=\"b313aaa\" data-element_type=\"widget\" data-e-type=\"widget\" data-widget_type=\"text-editor.default\">\n\t\t\t\t\t\t\t\t\t<p style=\"text-align: center;\">Asseguran\u00e7a de Responsabilitat civil d&#8217;Administradors i Directius de clubs<\/p>\t\t\t\t\t\t\t\t<\/div>\n\t\t\t\t<div class=\"elementor-element elementor-element-d0212c1 elementor-align-center elementor-widget elementor-widget-button\" data-id=\"d0212c1\" data-element_type=\"widget\" data-e-type=\"widget\" data-widget_type=\"button.default\">\n\t\t\t\t\t\t\t\t\t\t<a class=\"elementor-button elementor-button-link elementor-size-sm\" href=\"https:\/\/segurosparaasociaciones.es\/#tarificador\">\n\t\t\t\t\t\t<span class=\"elementor-button-content-wrapper\">\n\t\t\t\t\t\t\t\t\t<span class=\"elementor-button-text\">Calcula el teu preu i consulta<\/span>\n\t\t\t\t\t<\/span>\n\t\t\t\t\t<\/a>\n\t\t\t\t\t\t\t\t<\/div>\n\t\t\t\t<\/div>\n\t\t<div class=\"elementor-element elementor-element-ce09ac4 e-con-full e-flex e-con e-child\" data-id=\"ce09ac4\" data-element_type=\"container\" data-e-type=\"container\">\n\t\t\t\t<div class=\"elementor-element elementor-element-5108107 elementor-widget elementor-widget-text-editor\" data-id=\"5108107\" data-element_type=\"widget\" data-e-type=\"widget\" data-widget_type=\"text-editor.default\">\n\t\t\t\t\t\t\t\t\t<p style=\"text-align: center;\">Asseguran\u00e7a d&#8217;accidents dels participants i socis<\/p>\t\t\t\t\t\t\t\t<\/div>\n\t\t\t\t<div class=\"elementor-element elementor-element-fecf7e1 elementor-align-center elementor-widget elementor-widget-button\" data-id=\"fecf7e1\" data-element_type=\"widget\" data-e-type=\"widget\" data-widget_type=\"button.default\">\n\t\t\t\t\t\t\t\t\t\t<a class=\"elementor-button elementor-button-link elementor-size-sm\" href=\"https:\/\/segurosparaasociaciones.es\/#tarificador\">\n\t\t\t\t\t\t<span class=\"elementor-button-content-wrapper\">\n\t\t\t\t\t\t\t\t\t<span class=\"elementor-button-text\">Calcula el teu preu i consulta<\/span>\n\t\t\t\t\t<\/span>\n\t\t\t\t\t<\/a>\n\t\t\t\t\t\t\t\t<\/div>\n\t\t\t\t<\/div>\n\t\t\t\t<\/div>\n\t\t\t\t<div class=\"elementor-element elementor-element-1a41db69 elementor-widget elementor-widget-text-editor\" data-id=\"1a41db69\" data-element_type=\"widget\" data-e-type=\"widget\" data-widget_type=\"text-editor.default\">\n\t\t\t\t\t\t\t\t\t<h3 class=\"wp-block-heading\">Activitats que es poden assegurar<\/h3><ul><li style=\"list-style-type: none;\">\u00a0<\/li><\/ul><ul><li style=\"list-style-type: none;\"><ul><li>Curses populars (a m\u00e9s de duatl\u00f3, triatl\u00f3, i aquatl\u00f3).<\/li><\/ul><\/li><\/ul><ul><li style=\"list-style-type: none;\"><ul><li>Trails de muntanya.<\/li><\/ul><\/li><\/ul><ul><li style=\"list-style-type: none;\"><ul><li>Curses de BTT\/MTB.<\/li><\/ul><\/li><\/ul><ul><li style=\"list-style-type: none;\"><ul><li>Curses cicloturistes.<\/li><\/ul><\/li><\/ul><ul><li style=\"list-style-type: none;\"><ul><li>Marxes senderistes.<\/li><\/ul><\/li><\/ul><ul><li style=\"list-style-type: none;\"><ul><li>Curses dorientaci\u00f3.<\/li><\/ul><\/li><\/ul><ul><li style=\"list-style-type: none;\"><ul><li>Raids d\u00b4aventura.<\/li><\/ul><\/li><\/ul><ul><li style=\"list-style-type: none;\"><ul><li>Tennis, p\u00e0del, b\u00e0dminton.<\/li><\/ul><\/li><\/ul><ul><li style=\"list-style-type: none;\"><ul><li>B\u00e0squet, futbol, handbol, voleibol.<\/li><\/ul><\/li><\/ul><ul><li style=\"list-style-type: none;\"><ul><li>Nataci\u00f3.<\/li><\/ul><\/li><\/ul><ul><li style=\"list-style-type: none;\"><ul><li>Gimn\u00e0stica.<\/li><\/ul><\/li><\/ul><ul><li style=\"list-style-type: none;\"><ul><li>Balls de sal\u00f3, tonificaci\u00f3, capoeira, zumba, ioga, tai-txi.<\/li><\/ul><\/li><\/ul><p>En cas que la vostra activitat estigui relacionada amb el turisme actiu o esports d&#8217;aventura i no figuri a la relaci\u00f3 anterior, cliqueu <strong><u><a href=\"https:\/\/urquiabas.com\/seguro-turismo-activo-deportes-aventura\/\" target=\"_blank\" rel=\"noopener\">Aqu\u00ed<\/a> .<\/u><\/strong><\/p><h3 class=\"wp-block-heading\">Altres activitats<\/h3><p>Llistat d&#8217;altres activitats assegurables<\/p><ul><li style=\"list-style-type: none;\">\u00a0<\/li><\/ul><ul><li style=\"list-style-type: none;\"><ul><li>Aer\u00f2bic<\/li><\/ul><\/li><\/ul><ul><li style=\"list-style-type: none;\"><ul><li>Escacs<\/li><\/ul><\/li><\/ul><ul><li style=\"list-style-type: none;\"><ul><li>Arts marcials<\/li><\/ul><\/li><\/ul><ul><li style=\"list-style-type: none;\"><ul><li>Atletisme<\/li><\/ul><\/li><\/ul><ul><li style=\"list-style-type: none;\"><ul><li>B\u00e0squet<\/li><\/ul><\/li><\/ul><ul><li style=\"list-style-type: none;\"><ul><li>B\u00e0dminton<\/li><\/ul><\/li><\/ul><ul><li style=\"list-style-type: none;\"><ul><li>Beisbol<\/li><\/ul><\/li><\/ul><ul><li style=\"list-style-type: none;\"><ul><li>Sofbol<\/li><\/ul><\/li><\/ul><ul><li style=\"list-style-type: none;\"><ul><li>Handbol<\/li><\/ul><\/li><\/ul><ul><li style=\"list-style-type: none;\"><ul><li>Handbol platja<\/li><\/ul><\/li><\/ul><ul><li style=\"list-style-type: none;\"><ul><li>Billar<\/li><\/ul><\/li><\/ul><ul><li style=\"list-style-type: none;\"><ul><li>Bowling<\/li><\/ul><\/li><\/ul><ul><li style=\"list-style-type: none;\"><ul><li>Boxa<\/li><\/ul><\/li><\/ul><ul><li style=\"list-style-type: none;\"><ul><li>Curling<\/li><\/ul><\/li><\/ul><ul><li style=\"list-style-type: none;\"><ul><li>Escalada<\/li><\/ul><\/li><\/ul><ul><li style=\"list-style-type: none;\"><ul><li>Excursionistes<\/li><\/ul><\/li><\/ul><ul><li style=\"list-style-type: none;\"><ul><li>Esgrima<\/li><\/ul><\/li><\/ul><ul><li style=\"list-style-type: none;\"><ul><li>Espeleologia<\/li><\/ul><\/li><\/ul><ul><li style=\"list-style-type: none;\"><ul><li>Esqu\u00ed n\u00e0utic<\/li><\/ul><\/li><\/ul><ul><li style=\"list-style-type: none;\"><ul><li>futbol<\/li><\/ul><\/li><\/ul><ul><li style=\"list-style-type: none;\"><ul><li>Futbol sala<\/li><\/ul><\/li><\/ul><ul><li style=\"list-style-type: none;\"><ul><li>Gimn\u00e0stica art\u00edstica o r\u00edtmica<\/li><\/ul><\/li><\/ul><ul><li style=\"list-style-type: none;\"><ul><li>Golf<\/li><\/ul><\/li><\/ul><ul><li style=\"list-style-type: none;\"><ul><li>Halterof\u00edlia<\/li><\/ul><\/li><\/ul><ul><li style=\"list-style-type: none;\"><ul><li>H\u00edpica<\/li><\/ul><\/li><\/ul><ul><li style=\"list-style-type: none;\"><ul><li>Hoquei<\/li><\/ul><\/li><\/ul><ul><li style=\"list-style-type: none;\"><ul><li>Hoquei herba<\/li><\/ul><\/li><\/ul><ul><li style=\"list-style-type: none;\"><ul><li>Hoquei gel<\/li><\/ul><\/li><\/ul><ul><li style=\"list-style-type: none;\"><ul><li>Kayac<\/li><\/ul><\/li><\/ul><ul><li style=\"list-style-type: none;\"><ul><li>Kaiaclan\u00e7a<\/li><\/ul><\/li><\/ul><ul><li style=\"list-style-type: none;\"><ul><li>Lluita<\/li><\/ul><\/li><\/ul><ul><li style=\"list-style-type: none;\"><ul><li>Jocs de taula<\/li><\/ul><\/li><\/ul><ul><li style=\"list-style-type: none;\"><ul><li>Muntanya<\/li><\/ul><\/li><\/ul><ul><li style=\"list-style-type: none;\"><ul><li>Nataci\u00f3<\/li><\/ul><\/li><\/ul><ul><li style=\"list-style-type: none;\"><ul><li>P\u00e0del<\/li><\/ul><\/li><\/ul><ul><li style=\"list-style-type: none;\"><ul><li>Patinatge<\/li><\/ul><\/li><\/ul><ul><li style=\"list-style-type: none;\"><ul><li>Pesca<\/li><\/ul><\/li><\/ul><ul><li style=\"list-style-type: none;\"><ul><li>Pirag\u00fcisme<\/li><\/ul><\/li><\/ul><ul><li style=\"list-style-type: none;\"><ul><li>Pilota basca<\/li><\/ul><\/li><\/ul><ul><li style=\"list-style-type: none;\"><ul><li>Petanca<\/li><\/ul><\/li><\/ul><ul><li style=\"list-style-type: none;\"><ul><li>Poker<\/li><\/ul><\/li><\/ul><ul><li style=\"list-style-type: none;\"><ul><li>Pol<\/li><\/ul><\/li><\/ul><ul><li style=\"list-style-type: none;\"><ul><li>Rugbi<\/li><\/ul><\/li><\/ul><ul><li style=\"list-style-type: none;\"><ul><li>Running<\/li><\/ul><\/li><\/ul><ul><li style=\"list-style-type: none;\"><ul><li>Squash<\/li><\/ul><\/li><\/ul><ul><li style=\"list-style-type: none;\"><ul><li>Surf<\/li><\/ul><\/li><\/ul><ul><li style=\"list-style-type: none;\"><ul><li>Tennis<\/li><\/ul><\/li><\/ul><ul><li style=\"list-style-type: none;\"><ul><li>Tennis de taula<\/li><\/ul><\/li><\/ul><ul><li style=\"list-style-type: none;\"><ul><li>Tennis platja<\/li><\/ul><\/li><\/ul><ul><li style=\"list-style-type: none;\"><ul><li>Tir \/ Tir amb arc \/ Tir a vol<\/li><\/ul><\/li><\/ul><ul><li style=\"list-style-type: none;\"><ul><li>Espelma<\/li><\/ul><\/li><\/ul><ul><li style=\"list-style-type: none;\"><ul><li>Voleyball amateur<\/li><\/ul><\/li><\/ul><ul><li style=\"list-style-type: none;\"><ul><li>V\u00f2lei platja<\/li><\/ul><\/li><\/ul><ul><li style=\"list-style-type: none;\"><ul><li>Waterpolo<\/li><\/ul><\/li><\/ul><div class=\"wp-block-group\"><div class=\"wp-block-columns\"><div class=\"wp-block-column\" style=\"flex-basis: 100%;\"><p>Exclosos: clubs de turisme actiu, d&#8217;esqu\u00ed, d&#8217;h\u00edpica, ciclistes, de puenting, submarinisme, esports aeris i de vehicles de motor.<\/p><\/div><\/div><\/div><h3 class=\"wp-block-heading\">Com et puc ajudar?<\/h3>\t\t\t\t\t\t\t\t<\/div>\n\t\t\t\t<\/div>\n\t\t\t\t<div class=\"elementor-element elementor-element-0213baa elementor-widget elementor-widget-text-editor\" data-id=\"0213baa\" data-element_type=\"widget\" data-e-type=\"widget\" data-widget_type=\"text-editor.default\">\n\t\t\t\t\t\t\t\t\t<iframe id=\"tarificador\" class=\"w-full\" src=\"http:\/\/tarificadores.urquiabas.com\/forms\/asociaciondeportiva?h=0\"><\/iframe>\t\t\t\t\t\t\t\t<\/div>\n\t\t\t\t<\/div>\n\t\t\t\t\t<\/div>\n\t\t\t\t<\/div>\n\t\t\t\t<\/div>\n\t\t","protected":false},"excerpt":{"rendered":"<p>Qualsevol activitat porta inherent un risc o m\u00e9s gran depenent de la seva naturalesa: un incendi, una electrocuci\u00f3, una caiguda, una intoxicaci\u00f3\u2026 La seva ocurr\u00e8ncia pot derivar en una reclamaci\u00f3 a l&#8217;associaci\u00f3 pels danys i perjudicis patits. Aix\u00ed mateix, els administradors i directius prenen decisions constantment; aquestes decisions poden ocasionar un perjudici econ\u00f2mic a un [&hellip;]<\/p>\n","protected":false},"author":84,"featured_media":16128,"parent":0,"menu_order":0,"comment_status":"closed","ping_status":"closed","template":"","meta":{"_acf_changed":false,"inline_featured_image":false,"footnotes":""},"class_list":["post-16130","page","type-page","status-publish","has-post-thumbnail","hentry"],"acf":{"contacte":"emma","titulo":"Assegurances per a Clubs i Associacions esportives sense \u00e0nim de lucre","id_nex":"318","contacte_responsable_email":"lauraontiveros@urquiabas.com","foto_responsable":"https:\/\/urquiabas.com\/wp-content\/uploads\/2023\/11\/BG_Laura-1-scaled.jpg"},"yoast_head":"<!-- This site is optimized with the Yoast SEO plugin v27.4 - https:\/\/yoast.com\/product\/yoast-seo-wordpress\/ -->\n<title>Assegurances per a Clubs i Associacions esportives sense \u00e0nim de lucre<\/title>\n<meta name=\"description\" content=\"Segur fet a mida per a les Associacions i clubs Esportius. Amb les millors cobertures i preu m\u00e9s baix del mercat. Contractaci\u00f3 immediata.\" \/>\n<meta name=\"robots\" content=\"index, follow, max-snippet:-1, max-image-preview:large, max-video-preview:-1\" \/>\n<link rel=\"canonical\" href=\"https:\/\/urquiabas.com\/ca\/assegurances-per-a-clubs-i-associacions-esportives-sense-anim-de-lucre\/\" \/>\n<meta property=\"og:locale\" content=\"ca_ES\" \/>\n<meta property=\"og:type\" content=\"article\" \/>\n<meta property=\"og:title\" content=\"Assegurances per a Clubs i Associacions esportives sense \u00e0nim de lucre\" \/>\n<meta property=\"og:description\" content=\"Segur fet a mida per a les Associacions i clubs Esportius. Amb les millors cobertures i preu m\u00e9s baix del mercat. Contractaci\u00f3 immediata.\" \/>\n<meta property=\"og:url\" content=\"https:\/\/urquiabas.com\/ca\/assegurances-per-a-clubs-i-associacions-esportives-sense-anim-de-lucre\/\" \/>\n<meta property=\"og:site_name\" content=\"Urqu\u00eda&amp;Bas\" \/>\n<meta property=\"article:publisher\" content=\"https:\/\/www.facebook.com\/UrquiaBas\/\" \/>\n<meta property=\"article:modified_time\" content=\"2025-12-03T11:49:28+00:00\" \/>\n<meta property=\"og:image\" content=\"https:\/\/urquiabas.com\/wp-content\/uploads\/2021\/02\/Header_clubes_Asociaciones_sinlucro_new.jpg\" \/>\n\t<meta property=\"og:image:width\" content=\"1920\" \/>\n\t<meta property=\"og:image:height\" content=\"640\" \/>\n\t<meta property=\"og:image:type\" content=\"image\/jpeg\" \/>\n<meta name=\"twitter:card\" content=\"summary_large_image\" \/>\n<meta name=\"twitter:site\" content=\"@BasUrquia\" \/>\n<meta name=\"twitter:label1\" content=\"Temps estimat de lectura\" \/>\n\t<meta name=\"twitter:data1\" content=\"3 minuts\" \/>\n<script type=\"application\/ld+json\" class=\"yoast-schema-graph\">{\"@context\":\"https:\\\/\\\/schema.org\",\"@graph\":[{\"@type\":\"WebPage\",\"@id\":\"https:\\\/\\\/urquiabas.com\\\/ca\\\/assegurances-per-a-clubs-i-associacions-esportives-sense-anim-de-lucre\\\/\",\"url\":\"https:\\\/\\\/urquiabas.com\\\/ca\\\/assegurances-per-a-clubs-i-associacions-esportives-sense-anim-de-lucre\\\/\",\"name\":\"Assegurances per a Clubs i Associacions esportives sense \u00e0nim de lucre\",\"isPartOf\":{\"@id\":\"https:\\\/\\\/urquiabas.com\\\/#website\"},\"primaryImageOfPage\":{\"@id\":\"https:\\\/\\\/urquiabas.com\\\/ca\\\/assegurances-per-a-clubs-i-associacions-esportives-sense-anim-de-lucre\\\/#primaryimage\"},\"image\":{\"@id\":\"https:\\\/\\\/urquiabas.com\\\/ca\\\/assegurances-per-a-clubs-i-associacions-esportives-sense-anim-de-lucre\\\/#primaryimage\"},\"thumbnailUrl\":\"https:\\\/\\\/urquiabas.com\\\/wp-content\\\/uploads\\\/2021\\\/02\\\/Header_clubes_Asociaciones_sinlucro_new.jpg\",\"datePublished\":\"2021-02-04T10:04:11+00:00\",\"dateModified\":\"2025-12-03T11:49:28+00:00\",\"description\":\"Segur fet a mida per a les Associacions i clubs Esportius. Amb les millors cobertures i preu m\u00e9s baix del mercat. Contractaci\u00f3 immediata.\",\"breadcrumb\":{\"@id\":\"https:\\\/\\\/urquiabas.com\\\/ca\\\/assegurances-per-a-clubs-i-associacions-esportives-sense-anim-de-lucre\\\/#breadcrumb\"},\"inLanguage\":\"ca\",\"potentialAction\":[{\"@type\":\"ReadAction\",\"target\":[\"https:\\\/\\\/urquiabas.com\\\/ca\\\/assegurances-per-a-clubs-i-associacions-esportives-sense-anim-de-lucre\\\/\"]}]},{\"@type\":\"ImageObject\",\"inLanguage\":\"ca\",\"@id\":\"https:\\\/\\\/urquiabas.com\\\/ca\\\/assegurances-per-a-clubs-i-associacions-esportives-sense-anim-de-lucre\\\/#primaryimage\",\"url\":\"https:\\\/\\\/urquiabas.com\\\/wp-content\\\/uploads\\\/2021\\\/02\\\/Header_clubes_Asociaciones_sinlucro_new.jpg\",\"contentUrl\":\"https:\\\/\\\/urquiabas.com\\\/wp-content\\\/uploads\\\/2021\\\/02\\\/Header_clubes_Asociaciones_sinlucro_new.jpg\",\"width\":1920,\"height\":640,\"caption\":\"Seguros para Clubs y Asociaciones deportivas sin \u00e1nimo de lucro\"},{\"@type\":\"BreadcrumbList\",\"@id\":\"https:\\\/\\\/urquiabas.com\\\/ca\\\/assegurances-per-a-clubs-i-associacions-esportives-sense-anim-de-lucre\\\/#breadcrumb\",\"itemListElement\":[{\"@type\":\"ListItem\",\"position\":1,\"name\":\"Portada\",\"item\":\"https:\\\/\\\/urquiabas.com\\\/\"},{\"@type\":\"ListItem\",\"position\":2,\"name\":\"Assegurances per a Clubs i Associacions esportives sense \u00e0nim de lucre\"}]},{\"@type\":\"WebSite\",\"@id\":\"https:\\\/\\\/urquiabas.com\\\/#website\",\"url\":\"https:\\\/\\\/urquiabas.com\\\/\",\"name\":\"Urqu\u00eda&amp;Bas\",\"description\":\"Corredur\u00eda de seguros | Lleida\",\"publisher\":{\"@id\":\"https:\\\/\\\/urquiabas.com\\\/#organization\"},\"potentialAction\":[{\"@type\":\"SearchAction\",\"target\":{\"@type\":\"EntryPoint\",\"urlTemplate\":\"https:\\\/\\\/urquiabas.com\\\/?s={search_term_string}\"},\"query-input\":{\"@type\":\"PropertyValueSpecification\",\"valueRequired\":true,\"valueName\":\"search_term_string\"}}],\"inLanguage\":\"ca\"},{\"@type\":\"Organization\",\"@id\":\"https:\\\/\\\/urquiabas.com\\\/#organization\",\"name\":\"Urquia & Bas S.L\",\"url\":\"https:\\\/\\\/urquiabas.com\\\/\",\"logo\":{\"@type\":\"ImageObject\",\"inLanguage\":\"ca\",\"@id\":\"https:\\\/\\\/urquiabas.com\\\/#\\\/schema\\\/logo\\\/image\\\/\",\"url\":\"https:\\\/\\\/urquiabas.com\\\/wp-content\\\/uploads\\\/2018\\\/03\\\/logoubmail2018.jpg\",\"contentUrl\":\"https:\\\/\\\/urquiabas.com\\\/wp-content\\\/uploads\\\/2018\\\/03\\\/logoubmail2018.jpg\",\"width\":258,\"height\":61,\"caption\":\"Urquia & Bas S.L\"},\"image\":{\"@id\":\"https:\\\/\\\/urquiabas.com\\\/#\\\/schema\\\/logo\\\/image\\\/\"},\"sameAs\":[\"https:\\\/\\\/www.facebook.com\\\/UrquiaBas\\\/\",\"https:\\\/\\\/x.com\\\/BasUrquia\",\"https:\\\/\\\/www.instagram.com\\\/urquiabas\\\/\",\"https:\\\/\\\/www.linkedin.com\\\/company\\\/3125928\\\/\"]}]}<\/script>\n<!-- \/ Yoast SEO plugin. -->","yoast_head_json":{"title":"Assegurances per a Clubs i Associacions esportives sense \u00e0nim de lucre","description":"Segur fet a mida per a les Associacions i clubs Esportius. Amb les millors cobertures i preu m\u00e9s baix del mercat. Contractaci\u00f3 immediata.","robots":{"index":"index","follow":"follow","max-snippet":"max-snippet:-1","max-image-preview":"max-image-preview:large","max-video-preview":"max-video-preview:-1"},"canonical":"https:\/\/urquiabas.com\/ca\/assegurances-per-a-clubs-i-associacions-esportives-sense-anim-de-lucre\/","og_locale":"ca_ES","og_type":"article","og_title":"Assegurances per a Clubs i Associacions esportives sense \u00e0nim de lucre","og_description":"Segur fet a mida per a les Associacions i clubs Esportius. Amb les millors cobertures i preu m\u00e9s baix del mercat. Contractaci\u00f3 immediata.","og_url":"https:\/\/urquiabas.com\/ca\/assegurances-per-a-clubs-i-associacions-esportives-sense-anim-de-lucre\/","og_site_name":"Urqu\u00eda&amp;Bas","article_publisher":"https:\/\/www.facebook.com\/UrquiaBas\/","article_modified_time":"2025-12-03T11:49:28+00:00","og_image":[{"width":1920,"height":640,"url":"https:\/\/urquiabas.com\/wp-content\/uploads\/2021\/02\/Header_clubes_Asociaciones_sinlucro_new.jpg","type":"image\/jpeg"}],"twitter_card":"summary_large_image","twitter_site":"@BasUrquia","twitter_misc":{"Temps estimat de lectura":"3 minuts"},"schema":{"@context":"https:\/\/schema.org","@graph":[{"@type":"WebPage","@id":"https:\/\/urquiabas.com\/ca\/assegurances-per-a-clubs-i-associacions-esportives-sense-anim-de-lucre\/","url":"https:\/\/urquiabas.com\/ca\/assegurances-per-a-clubs-i-associacions-esportives-sense-anim-de-lucre\/","name":"Assegurances per a Clubs i Associacions esportives sense \u00e0nim de lucre","isPartOf":{"@id":"https:\/\/urquiabas.com\/#website"},"primaryImageOfPage":{"@id":"https:\/\/urquiabas.com\/ca\/assegurances-per-a-clubs-i-associacions-esportives-sense-anim-de-lucre\/#primaryimage"},"image":{"@id":"https:\/\/urquiabas.com\/ca\/assegurances-per-a-clubs-i-associacions-esportives-sense-anim-de-lucre\/#primaryimage"},"thumbnailUrl":"https:\/\/urquiabas.com\/wp-content\/uploads\/2021\/02\/Header_clubes_Asociaciones_sinlucro_new.jpg","datePublished":"2021-02-04T10:04:11+00:00","dateModified":"2025-12-03T11:49:28+00:00","description":"Segur fet a mida per a les Associacions i clubs Esportius. Amb les millors cobertures i preu m\u00e9s baix del mercat. Contractaci\u00f3 immediata.","breadcrumb":{"@id":"https:\/\/urquiabas.com\/ca\/assegurances-per-a-clubs-i-associacions-esportives-sense-anim-de-lucre\/#breadcrumb"},"inLanguage":"ca","potentialAction":[{"@type":"ReadAction","target":["https:\/\/urquiabas.com\/ca\/assegurances-per-a-clubs-i-associacions-esportives-sense-anim-de-lucre\/"]}]},{"@type":"ImageObject","inLanguage":"ca","@id":"https:\/\/urquiabas.com\/ca\/assegurances-per-a-clubs-i-associacions-esportives-sense-anim-de-lucre\/#primaryimage","url":"https:\/\/urquiabas.com\/wp-content\/uploads\/2021\/02\/Header_clubes_Asociaciones_sinlucro_new.jpg","contentUrl":"https:\/\/urquiabas.com\/wp-content\/uploads\/2021\/02\/Header_clubes_Asociaciones_sinlucro_new.jpg","width":1920,"height":640,"caption":"Seguros para Clubs y Asociaciones deportivas sin \u00e1nimo de lucro"},{"@type":"BreadcrumbList","@id":"https:\/\/urquiabas.com\/ca\/assegurances-per-a-clubs-i-associacions-esportives-sense-anim-de-lucre\/#breadcrumb","itemListElement":[{"@type":"ListItem","position":1,"name":"Portada","item":"https:\/\/urquiabas.com\/"},{"@type":"ListItem","position":2,"name":"Assegurances per a Clubs i Associacions esportives sense \u00e0nim de lucre"}]},{"@type":"WebSite","@id":"https:\/\/urquiabas.com\/#website","url":"https:\/\/urquiabas.com\/","name":"Urqu\u00eda&amp;Bas","description":"Corredur\u00eda de seguros | Lleida","publisher":{"@id":"https:\/\/urquiabas.com\/#organization"},"potentialAction":[{"@type":"SearchAction","target":{"@type":"EntryPoint","urlTemplate":"https:\/\/urquiabas.com\/?s={search_term_string}"},"query-input":{"@type":"PropertyValueSpecification","valueRequired":true,"valueName":"search_term_string"}}],"inLanguage":"ca"},{"@type":"Organization","@id":"https:\/\/urquiabas.com\/#organization","name":"Urquia & Bas S.L","url":"https:\/\/urquiabas.com\/","logo":{"@type":"ImageObject","inLanguage":"ca","@id":"https:\/\/urquiabas.com\/#\/schema\/logo\/image\/","url":"https:\/\/urquiabas.com\/wp-content\/uploads\/2018\/03\/logoubmail2018.jpg","contentUrl":"https:\/\/urquiabas.com\/wp-content\/uploads\/2018\/03\/logoubmail2018.jpg","width":258,"height":61,"caption":"Urquia & Bas S.L"},"image":{"@id":"https:\/\/urquiabas.com\/#\/schema\/logo\/image\/"},"sameAs":["https:\/\/www.facebook.com\/UrquiaBas\/","https:\/\/x.com\/BasUrquia","https:\/\/www.instagram.com\/urquiabas\/","https:\/\/www.linkedin.com\/company\/3125928\/"]}]}},"_links":{"self":[{"href":"https:\/\/urquiabas.com\/ca\/wp-json\/wp\/v2\/pages\/16130","targetHints":{"allow":["GET"]}}],"collection":[{"href":"https:\/\/urquiabas.com\/ca\/wp-json\/wp\/v2\/pages"}],"about":[{"href":"https:\/\/urquiabas.com\/ca\/wp-json\/wp\/v2\/types\/page"}],"author":[{"embeddable":true,"href":"https:\/\/urquiabas.com\/ca\/wp-json\/wp\/v2\/users\/84"}],"replies":[{"embeddable":true,"href":"https:\/\/urquiabas.com\/ca\/wp-json\/wp\/v2\/comments?post=16130"}],"version-history":[{"count":0,"href":"https:\/\/urquiabas.com\/ca\/wp-json\/wp\/v2\/pages\/16130\/revisions"}],"wp:featuredmedia":[{"embeddable":true,"href":"https:\/\/urquiabas.com\/ca\/wp-json\/wp\/v2\/media\/16128"}],"wp:attachment":[{"href":"https:\/\/urquiabas.com\/ca\/wp-json\/wp\/v2\/media?parent=16130"}],"curies":[{"name":"wp","href":"https:\/\/api.w.org\/{rel}","templated":true}]}}