{"id":16141,"date":"2021-02-04T11:43:22","date_gmt":"2021-02-04T11:43:22","guid":{"rendered":"http:\/\/urquiabas.com\/?page_id=16141"},"modified":"2023-11-27T09:28:09","modified_gmt":"2023-11-27T08:28:09","slug":"responsabilidad-civil-para-asociaciones-y-clubes-deportivos-y-los-participantes","status":"publish","type":"page","link":"https:\/\/urquiabas.com\/ca\/responsabilidad-civil-para-asociaciones-y-clubes-deportivos-y-los-participantes\/","title":{"rendered":"Responsabilitat Civil per a Associacions i Clubs esportius i els participants"},"content":{"rendered":"<p>\u00c9s una asseguran\u00e7a dirigida a entitats sense \u00e0nim de lucre per cobrir les responsabilitats civils derivades de l\u2019organitzaci\u00f3 d\u2019activitats esportives o similars i\/o els danys que puguin produir els participants a tercers, durant el desenvolupament de l\u2019esdeveniment esportiu.<\/p>\n<p>Cobertura per a tot l\u2019any o per a activitats d\u20191 o 2 dies.<\/p>\n<h3 style=\"color: #8a2533;\">Cobertures<\/h3>\n<ul>\n<li>R. C. Explotaci\u00f3.<\/li>\n<li>R. C. Patronal.<\/li>\n<li>R. C. Locativa.<\/li>\n<li>R. C. Immobili\u00e0ria.<\/li>\n<li>R. C. Subsidi\u00e0ria de subcontractistes<\/li>\n<\/ul>\n<p>Capital assegurat a partir de 600.000\u20ac fins a 1.500.000\u20ac<\/p>\n<p>L\u00edmit per v\u00edctima a partir de 150.000\u20ac fins a 600.000\u20ac<\/p>\n<h3 style=\"color: #8a2533;\">Com puc ajudar-te?<\/h3>\n<p>Deixa&#8217;m les teves dades i em posar\u00e9 en contacte amb tu al m\u00e9s aviat possible.<\/p>\n","protected":false},"excerpt":{"rendered":"<p>\u00c9s una asseguran\u00e7a dirigida a entitats sense \u00e0nim de lucre per cobrir les responsabilitats civils derivades de l\u2019organitzaci\u00f3 d\u2019activitats esportives o similars i\/o els danys que puguin produir els participants a tercers, durant el desenvolupament de l\u2019esdeveniment esportiu. Cobertura per a tot l\u2019any o per a activitats d\u20191 o 2 dies. Cobertures R. C. Explotaci\u00f3. [&hellip;]<\/p>\n","protected":false},"author":5,"featured_media":0,"parent":0,"menu_order":0,"comment_status":"closed","ping_status":"closed","template":"","meta":{"_acf_changed":false,"inline_featured_image":false,"footnotes":""},"class_list":["post-16141","page","type-page","status-publish","hentry"],"acf":{"responsable":null,"descripcio_contacte":null,"text_responsable":null,"contacte_responsable_telefon":null,"contacte_responsable_email":null,"foto_responsable":null,"odoo":null,"cta":null},"yoast_head":"<!-- This site is optimized with the Yoast SEO plugin v27.4 - https:\/\/yoast.com\/product\/yoast-seo-wordpress\/ -->\n<title>Responsabilitat Civil per a Associacions i Clubs esportius i els participants - Urqu\u00eda&amp;Bas<\/title>\n<meta name=\"robots\" content=\"index, follow, max-snippet:-1, max-image-preview:large, max-video-preview:-1\" \/>\n<link rel=\"canonical\" href=\"https:\/\/urquiabas.com\/ca\/responsabilidad-civil-para-asociaciones-y-clubes-deportivos-y-los-participantes\/\" \/>\n<meta property=\"og:locale\" content=\"ca_ES\" \/>\n<meta property=\"og:type\" content=\"article\" \/>\n<meta property=\"og:title\" content=\"Responsabilitat Civil per a Associacions i Clubs esportius i els participants - Urqu\u00eda&amp;Bas\" \/>\n<meta property=\"og:description\" content=\"\u00c9s una asseguran\u00e7a dirigida a entitats sense \u00e0nim de lucre per cobrir les responsabilitats civils derivades de l\u2019organitzaci\u00f3 d\u2019activitats esportives o similars i\/o els danys que puguin produir els participants a tercers, durant el desenvolupament de l\u2019esdeveniment esportiu. Cobertura per a tot l\u2019any o per a activitats d\u20191 o 2 dies. Cobertures R. C. Explotaci\u00f3. [&hellip;]\" \/>\n<meta property=\"og:url\" content=\"https:\/\/urquiabas.com\/ca\/responsabilidad-civil-para-asociaciones-y-clubes-deportivos-y-los-participantes\/\" \/>\n<meta property=\"og:site_name\" content=\"Urqu\u00eda&amp;Bas\" \/>\n<meta property=\"article:publisher\" content=\"https:\/\/www.facebook.com\/UrquiaBas\/\" \/>\n<meta property=\"article:modified_time\" content=\"2023-11-27T08:28:09+00:00\" \/>\n<meta name=\"twitter:card\" content=\"summary_large_image\" \/>\n<meta name=\"twitter:site\" content=\"@BasUrquia\" \/>\n<meta name=\"twitter:label1\" content=\"Temps estimat de lectura\" \/>\n\t<meta name=\"twitter:data1\" content=\"1 minut\" \/>\n<script type=\"application\/ld+json\" class=\"yoast-schema-graph\">{\"@context\":\"https:\\\/\\\/schema.org\",\"@graph\":[{\"@type\":\"WebPage\",\"@id\":\"https:\\\/\\\/urquiabas.com\\\/ca\\\/responsabilidad-civil-para-asociaciones-y-clubes-deportivos-y-los-participantes\\\/\",\"url\":\"https:\\\/\\\/urquiabas.com\\\/ca\\\/responsabilidad-civil-para-asociaciones-y-clubes-deportivos-y-los-participantes\\\/\",\"name\":\"Responsabilitat Civil per a Associacions i Clubs esportius i els participants - Urqu\u00eda&amp;Bas\",\"isPartOf\":{\"@id\":\"https:\\\/\\\/urquiabas.com\\\/#website\"},\"datePublished\":\"2021-02-04T11:43:22+00:00\",\"dateModified\":\"2023-11-27T08:28:09+00:00\",\"breadcrumb\":{\"@id\":\"https:\\\/\\\/urquiabas.com\\\/ca\\\/responsabilidad-civil-para-asociaciones-y-clubes-deportivos-y-los-participantes\\\/#breadcrumb\"},\"inLanguage\":\"ca\",\"potentialAction\":[{\"@type\":\"ReadAction\",\"target\":[\"https:\\\/\\\/urquiabas.com\\\/ca\\\/responsabilidad-civil-para-asociaciones-y-clubes-deportivos-y-los-participantes\\\/\"]}]},{\"@type\":\"BreadcrumbList\",\"@id\":\"https:\\\/\\\/urquiabas.com\\\/ca\\\/responsabilidad-civil-para-asociaciones-y-clubes-deportivos-y-los-participantes\\\/#breadcrumb\",\"itemListElement\":[{\"@type\":\"ListItem\",\"position\":1,\"name\":\"Portada\",\"item\":\"https:\\\/\\\/urquiabas.com\\\/\"},{\"@type\":\"ListItem\",\"position\":2,\"name\":\"Responsabilitat Civil per a Associacions i Clubs esportius i els participants\"}]},{\"@type\":\"WebSite\",\"@id\":\"https:\\\/\\\/urquiabas.com\\\/#website\",\"url\":\"https:\\\/\\\/urquiabas.com\\\/\",\"name\":\"Urqu\u00eda&amp;Bas\",\"description\":\"Corredur\u00eda de seguros | Lleida\",\"publisher\":{\"@id\":\"https:\\\/\\\/urquiabas.com\\\/#organization\"},\"potentialAction\":[{\"@type\":\"SearchAction\",\"target\":{\"@type\":\"EntryPoint\",\"urlTemplate\":\"https:\\\/\\\/urquiabas.com\\\/?s={search_term_string}\"},\"query-input\":{\"@type\":\"PropertyValueSpecification\",\"valueRequired\":true,\"valueName\":\"search_term_string\"}}],\"inLanguage\":\"ca\"},{\"@type\":\"Organization\",\"@id\":\"https:\\\/\\\/urquiabas.com\\\/#organization\",\"name\":\"Urquia & Bas S.L\",\"url\":\"https:\\\/\\\/urquiabas.com\\\/\",\"logo\":{\"@type\":\"ImageObject\",\"inLanguage\":\"ca\",\"@id\":\"https:\\\/\\\/urquiabas.com\\\/#\\\/schema\\\/logo\\\/image\\\/\",\"url\":\"https:\\\/\\\/urquiabas.com\\\/wp-content\\\/uploads\\\/2018\\\/03\\\/logoubmail2018.jpg\",\"contentUrl\":\"https:\\\/\\\/urquiabas.com\\\/wp-content\\\/uploads\\\/2018\\\/03\\\/logoubmail2018.jpg\",\"width\":258,\"height\":61,\"caption\":\"Urquia & Bas S.L\"},\"image\":{\"@id\":\"https:\\\/\\\/urquiabas.com\\\/#\\\/schema\\\/logo\\\/image\\\/\"},\"sameAs\":[\"https:\\\/\\\/www.facebook.com\\\/UrquiaBas\\\/\",\"https:\\\/\\\/x.com\\\/BasUrquia\",\"https:\\\/\\\/www.instagram.com\\\/urquiabas\\\/\",\"https:\\\/\\\/www.linkedin.com\\\/company\\\/3125928\\\/\"]}]}<\/script>\n<!-- \/ Yoast SEO plugin. -->","yoast_head_json":{"title":"Responsabilitat Civil per a Associacions i Clubs esportius i els participants - Urqu\u00eda&amp;Bas","robots":{"index":"index","follow":"follow","max-snippet":"max-snippet:-1","max-image-preview":"max-image-preview:large","max-video-preview":"max-video-preview:-1"},"canonical":"https:\/\/urquiabas.com\/ca\/responsabilidad-civil-para-asociaciones-y-clubes-deportivos-y-los-participantes\/","og_locale":"ca_ES","og_type":"article","og_title":"Responsabilitat Civil per a Associacions i Clubs esportius i els participants - Urqu\u00eda&amp;Bas","og_description":"\u00c9s una asseguran\u00e7a dirigida a entitats sense \u00e0nim de lucre per cobrir les responsabilitats civils derivades de l\u2019organitzaci\u00f3 d\u2019activitats esportives o similars i\/o els danys que puguin produir els participants a tercers, durant el desenvolupament de l\u2019esdeveniment esportiu. Cobertura per a tot l\u2019any o per a activitats d\u20191 o 2 dies. Cobertures R. C. Explotaci\u00f3. [&hellip;]","og_url":"https:\/\/urquiabas.com\/ca\/responsabilidad-civil-para-asociaciones-y-clubes-deportivos-y-los-participantes\/","og_site_name":"Urqu\u00eda&amp;Bas","article_publisher":"https:\/\/www.facebook.com\/UrquiaBas\/","article_modified_time":"2023-11-27T08:28:09+00:00","twitter_card":"summary_large_image","twitter_site":"@BasUrquia","twitter_misc":{"Temps estimat de lectura":"1 minut"},"schema":{"@context":"https:\/\/schema.org","@graph":[{"@type":"WebPage","@id":"https:\/\/urquiabas.com\/ca\/responsabilidad-civil-para-asociaciones-y-clubes-deportivos-y-los-participantes\/","url":"https:\/\/urquiabas.com\/ca\/responsabilidad-civil-para-asociaciones-y-clubes-deportivos-y-los-participantes\/","name":"Responsabilitat Civil per a Associacions i Clubs esportius i els participants - Urqu\u00eda&amp;Bas","isPartOf":{"@id":"https:\/\/urquiabas.com\/#website"},"datePublished":"2021-02-04T11:43:22+00:00","dateModified":"2023-11-27T08:28:09+00:00","breadcrumb":{"@id":"https:\/\/urquiabas.com\/ca\/responsabilidad-civil-para-asociaciones-y-clubes-deportivos-y-los-participantes\/#breadcrumb"},"inLanguage":"ca","potentialAction":[{"@type":"ReadAction","target":["https:\/\/urquiabas.com\/ca\/responsabilidad-civil-para-asociaciones-y-clubes-deportivos-y-los-participantes\/"]}]},{"@type":"BreadcrumbList","@id":"https:\/\/urquiabas.com\/ca\/responsabilidad-civil-para-asociaciones-y-clubes-deportivos-y-los-participantes\/#breadcrumb","itemListElement":[{"@type":"ListItem","position":1,"name":"Portada","item":"https:\/\/urquiabas.com\/"},{"@type":"ListItem","position":2,"name":"Responsabilitat Civil per a Associacions i Clubs esportius i els participants"}]},{"@type":"WebSite","@id":"https:\/\/urquiabas.com\/#website","url":"https:\/\/urquiabas.com\/","name":"Urqu\u00eda&amp;Bas","description":"Corredur\u00eda de seguros | Lleida","publisher":{"@id":"https:\/\/urquiabas.com\/#organization"},"potentialAction":[{"@type":"SearchAction","target":{"@type":"EntryPoint","urlTemplate":"https:\/\/urquiabas.com\/?s={search_term_string}"},"query-input":{"@type":"PropertyValueSpecification","valueRequired":true,"valueName":"search_term_string"}}],"inLanguage":"ca"},{"@type":"Organization","@id":"https:\/\/urquiabas.com\/#organization","name":"Urquia & Bas S.L","url":"https:\/\/urquiabas.com\/","logo":{"@type":"ImageObject","inLanguage":"ca","@id":"https:\/\/urquiabas.com\/#\/schema\/logo\/image\/","url":"https:\/\/urquiabas.com\/wp-content\/uploads\/2018\/03\/logoubmail2018.jpg","contentUrl":"https:\/\/urquiabas.com\/wp-content\/uploads\/2018\/03\/logoubmail2018.jpg","width":258,"height":61,"caption":"Urquia & Bas S.L"},"image":{"@id":"https:\/\/urquiabas.com\/#\/schema\/logo\/image\/"},"sameAs":["https:\/\/www.facebook.com\/UrquiaBas\/","https:\/\/x.com\/BasUrquia","https:\/\/www.instagram.com\/urquiabas\/","https:\/\/www.linkedin.com\/company\/3125928\/"]}]}},"_links":{"self":[{"href":"https:\/\/urquiabas.com\/ca\/wp-json\/wp\/v2\/pages\/16141","targetHints":{"allow":["GET"]}}],"collection":[{"href":"https:\/\/urquiabas.com\/ca\/wp-json\/wp\/v2\/pages"}],"about":[{"href":"https:\/\/urquiabas.com\/ca\/wp-json\/wp\/v2\/types\/page"}],"author":[{"embeddable":true,"href":"https:\/\/urquiabas.com\/ca\/wp-json\/wp\/v2\/users\/5"}],"replies":[{"embeddable":true,"href":"https:\/\/urquiabas.com\/ca\/wp-json\/wp\/v2\/comments?post=16141"}],"version-history":[{"count":0,"href":"https:\/\/urquiabas.com\/ca\/wp-json\/wp\/v2\/pages\/16141\/revisions"}],"wp:attachment":[{"href":"https:\/\/urquiabas.com\/ca\/wp-json\/wp\/v2\/media?parent=16141"}],"curies":[{"name":"wp","href":"https:\/\/api.w.org\/{rel}","templated":true}]}}