{"id":16148,"date":"2021-02-04T13:15:44","date_gmt":"2021-02-04T13:15:44","guid":{"rendered":"http:\/\/urquiabas.com\/?page_id=16148"},"modified":"2025-12-02T11:20:26","modified_gmt":"2025-12-02T10:20:26","slug":"asseguranca-de-responsabilitat-civil-per-a-directius-de-clubs","status":"publish","type":"page","link":"https:\/\/urquiabas.com\/ca\/asseguranca-de-responsabilitat-civil-per-a-directius-de-clubs\/","title":{"rendered":"Asseguran\u00e7a de Responsabilitat Civil per a Directius de Clubs\/Associacions per un error en la gesti\u00f3"},"content":{"rendered":"\t\t<div data-elementor-type=\"wp-page\" data-elementor-id=\"16148\" class=\"elementor elementor-16148 elementor-16145\" data-elementor-post-type=\"page\">\n\t\t\t\t<div class=\"elementor-element elementor-element-048be75 e-flex e-con-boxed e-con e-parent\" data-id=\"048be75\" data-element_type=\"container\" data-e-type=\"container\" data-settings=\"{&quot;background_background&quot;:&quot;classic&quot;}\">\n\t\t\t\t\t<div class=\"e-con-inner\">\n\t\t<div class=\"elementor-element elementor-element-4e8e20ca e-con-full e-flex e-con e-child\" data-id=\"4e8e20ca\" data-element_type=\"container\" data-e-type=\"container\" data-settings=\"{&quot;background_background&quot;:&quot;classic&quot;}\">\n\t\t\t\t<div class=\"elementor-element elementor-element-3fe1738c elementor-widget elementor-widget-text-editor\" data-id=\"3fe1738c\" data-element_type=\"widget\" data-e-type=\"widget\" data-widget_type=\"text-editor.default\">\n\t\t\t\t\t\t\t\t\t\n<p>Cobreix les reclamacions per perjudicis econ\u00f2mics derivats d&#8217;una gesti\u00f3 dolenta de l&#8217;associaci\u00f3, ja sigui per acci\u00f3 o per omissi\u00f3, i que puguin afectar la situaci\u00f3 econ\u00f2mica d&#8217;aquesta i\/o de tercers.<\/p>\n\n<p>Aquesta asseguran\u00e7a cobreix les persones gestores, administradors, consellers, directius i alts c\u00e0rrecs del club o entitat esportiva.<\/p>\n\n<p>De contractaci\u00f3 conjunta amb lasseguran\u00e7a de RC anual de lentitat.<\/p>\n\t\t\t\t\t\t\t\t<\/div>\n\t\t\t\t<\/div>\n\t\t<div class=\"elementor-element elementor-element-6d1bb1d e-con-full e-flex e-con e-child\" data-id=\"6d1bb1d\" data-element_type=\"container\" data-e-type=\"container\" data-settings=\"{&quot;background_background&quot;:&quot;classic&quot;}\">\n\t\t\t\t<div class=\"elementor-element elementor-element-ee4c29b elementor-widget elementor-widget-text-editor\" data-id=\"ee4c29b\" data-element_type=\"widget\" data-e-type=\"widget\" data-widget_type=\"text-editor.default\">\n\t\t\t\t\t\t\t\t\t<h3 class=\"wp-block-heading\">Preu<\/h3><div class=\"texto-precios-1\"><p>Preu de l\u00b4asseguran\u00e7a 172,23\u20ac l\u00b4any. Amb pressupost anual inferior a 300.000 \u20ac<\/p><\/div>\t\t\t\t\t\t\t\t<\/div>\n\t\t\t\t<div class=\"elementor-element elementor-element-8e25c2a elementor-widget elementor-widget-button\" data-id=\"8e25c2a\" data-element_type=\"widget\" data-e-type=\"widget\" data-widget_type=\"button.default\">\n\t\t\t\t\t\t\t\t\t\t<a class=\"elementor-button elementor-button-link elementor-size-sm\" href=\"#tarificador\">\n\t\t\t\t\t\t<span class=\"elementor-button-content-wrapper\">\n\t\t\t\t\t\t\t\t\t<span class=\"elementor-button-text\">Demana informaci\u00f3<\/span>\n\t\t\t\t\t<\/span>\n\t\t\t\t\t<\/a>\n\t\t\t\t\t\t\t\t<\/div>\n\t\t\t\t<\/div>\n\t\t<div class=\"elementor-element elementor-element-63c2c04 e-con-full e-flex e-con e-child\" data-id=\"63c2c04\" data-element_type=\"container\" data-e-type=\"container\" data-settings=\"{&quot;background_background&quot;:&quot;classic&quot;}\">\n\t\t\t\t<div class=\"elementor-element elementor-element-a4a7738 elementor-widget elementor-widget-text-editor\" data-id=\"a4a7738\" data-element_type=\"widget\" data-e-type=\"widget\" data-widget_type=\"text-editor.default\">\n\t\t\t\t\t\t\t\t\t\n<div class=\"wp-block-columns\">\n<div class=\"wp-block-column\">\n<div class=\"wp-block-buttons\">\n<h3 class=\"wp-block-button\">Cobertures<\/h3>\n<\/div>\n<\/div>\n<\/div>\n\n<p>Responsabilitat civil dels administradors i directius de l&#8217;entitat<\/p>\n\n<p>Capital assegurat de 150.000 \u20ac. Si t&#8217;interessa un capital assegurat superior, escriu-nos al seg\u00fcent formulari.<\/p>\n\t\t\t\t\t\t\t\t<\/div>\n\t\t\t\t<\/div>\n\t\t<div class=\"elementor-element elementor-element-5cfc24f e-con-full e-flex e-con e-child\" data-id=\"5cfc24f\" data-element_type=\"container\" data-e-type=\"container\" data-settings=\"{&quot;background_background&quot;:&quot;classic&quot;}\">\n\t\t\t\t<div class=\"elementor-element elementor-element-847bf13 elementor-widget elementor-widget-text-editor\" data-id=\"847bf13\" data-element_type=\"widget\" data-e-type=\"widget\" data-widget_type=\"text-editor.default\">\n\t\t\t\t\t\t\t\t\t<h3 class=\"wp-block-heading\">Com puc ajudar-te?<\/h3><p>Deixa&#8217;m les teves dades i em posar\u00e9 en contacte amb tu al m\u00e9s aviat possible.<\/p>\t\t\t\t\t\t\t\t<\/div>\n\t\t\t\t<div class=\"elementor-element elementor-element-2d62d4f elementor-widget elementor-widget-text-editor\" data-id=\"2d62d4f\" data-element_type=\"widget\" data-e-type=\"widget\" data-widget_type=\"text-editor.default\">\n\t\t\t\t\t\t\t\t\t<iframe id=\"tarificador\" class=\"w-full\" style=\"height: 360px\" src=\"http:\/\/tarificadores.urquiabas.com\/forms\/Responsabilidad%20Civil%20para%20Directivos%20de%20Clubs-Asociaciones?h=0\" frameborder=\"0\" allowfullscreen=\"\"><\/iframe>\t\t\t\t\t\t\t\t<\/div>\n\t\t\t\t<\/div>\n\t\t\t\t\t<\/div>\n\t\t\t\t<\/div>\n\t\t\t\t<\/div>\n\t\t","protected":false},"excerpt":{"rendered":"<p>Cobreix les reclamacions per perjudicis econ\u00f2mics derivats d&#8217;una gesti\u00f3 dolenta de l&#8217;associaci\u00f3, ja sigui per acci\u00f3 o per omissi\u00f3, i que puguin afectar la situaci\u00f3 econ\u00f2mica d&#8217;aquesta i\/o de tercers. Aquesta asseguran\u00e7a cobreix les persones gestores, administradors, consellers, directius i alts c\u00e0rrecs del club o entitat esportiva. De contractaci\u00f3 conjunta amb lasseguran\u00e7a de RC anual [&hellip;]<\/p>\n","protected":false},"author":84,"featured_media":16114,"parent":0,"menu_order":0,"comment_status":"closed","ping_status":"closed","template":"","meta":{"_acf_changed":false,"inline_featured_image":false,"footnotes":""},"class_list":["post-16148","page","type-page","status-publish","has-post-thumbnail","hentry"],"acf":{"contacte":"emma","foto_responsable":"https:\/\/urquiabas.com\/wp-content\/uploads\/2023\/11\/BG_Emma-e1701077573376.jpg","titulo":"Asseguran\u00e7a de Responsabilitat Civil per a Directius de Clubs\/Associacions per un error en la gesti\u00f3","id_nex":"330","odoo":"https:\/\/tarificadores.urquiabas.com\/forms\/contacto\/?u=24&o=1&h=0","descripcio_contacte":"Departamento Comercial","contacte_responsable_telefon":"621 24 78 01","contacte_responsable_email":"emmacortes@urquiabas.com","responsable":"Emma Cort\u00e9s","text_responsable":"S\u00f3c Emma, \u200b\u200bun esperit lliure apassionat per la vida; des de festes inoblidables fins a concerts electritzants sense oblidar les magn\u00e8tiques obres de teatre, danses energ\u00e8tiques i exposicions envoltades d'art. M'encanta explorar cada rac\u00f3 d'emoci\u00f3 i de bellesa, deixant que la inspiraci\u00f3 i l'alegria omplin cada moment. Estic molt pendent de l'actualitat del sector, per oferir-te millores constants en les nostres solucions en assegurances per a tot tipus d'esdeveniments.  "},"yoast_head":"<!-- This site is optimized with the Yoast SEO plugin v27.4 - https:\/\/yoast.com\/product\/yoast-seo-wordpress\/ -->\n<title>Asseguran\u00e7a de Responsabilitat Civil per a Directius de Clubs\/Associacions per un error en la gesti\u00f3 - Urqu\u00eda&amp;Bas<\/title>\n<meta name=\"robots\" content=\"index, follow, max-snippet:-1, max-image-preview:large, max-video-preview:-1\" \/>\n<link rel=\"canonical\" href=\"https:\/\/urquiabas.com\/ca\/asseguranca-de-responsabilitat-civil-per-a-directius-de-clubs\/\" \/>\n<meta property=\"og:locale\" content=\"ca_ES\" \/>\n<meta property=\"og:type\" content=\"article\" \/>\n<meta property=\"og:title\" content=\"Asseguran\u00e7a de Responsabilitat Civil per a Directius de Clubs\/Associacions per un error en la gesti\u00f3 - Urqu\u00eda&amp;Bas\" \/>\n<meta property=\"og:description\" content=\"Cobreix les reclamacions per perjudicis econ\u00f2mics derivats d&#8217;una gesti\u00f3 dolenta de l&#8217;associaci\u00f3, ja sigui per acci\u00f3 o per omissi\u00f3, i que puguin afectar la situaci\u00f3 econ\u00f2mica d&#8217;aquesta i\/o de tercers. Aquesta asseguran\u00e7a cobreix les persones gestores, administradors, consellers, directius i alts c\u00e0rrecs del club o entitat esportiva. De contractaci\u00f3 conjunta amb lasseguran\u00e7a de RC anual [&hellip;]\" \/>\n<meta property=\"og:url\" content=\"https:\/\/urquiabas.com\/ca\/asseguranca-de-responsabilitat-civil-per-a-directius-de-clubs\/\" \/>\n<meta property=\"og:site_name\" content=\"Urqu\u00eda&amp;Bas\" \/>\n<meta property=\"article:publisher\" content=\"https:\/\/www.facebook.com\/UrquiaBas\/\" \/>\n<meta property=\"article:modified_time\" content=\"2025-12-02T10:20:26+00:00\" \/>\n<meta property=\"og:image\" content=\"https:\/\/urquiabas.com\/wp-content\/uploads\/2021\/02\/Header_RC_directivos_club_new.jpg\" \/>\n\t<meta property=\"og:image:width\" content=\"1920\" \/>\n\t<meta property=\"og:image:height\" content=\"667\" \/>\n\t<meta property=\"og:image:type\" content=\"image\/jpeg\" \/>\n<meta name=\"twitter:card\" content=\"summary_large_image\" \/>\n<meta name=\"twitter:site\" content=\"@BasUrquia\" \/>\n<meta name=\"twitter:label1\" content=\"Temps estimat de lectura\" \/>\n\t<meta name=\"twitter:data1\" content=\"1 minut\" \/>\n<script type=\"application\/ld+json\" class=\"yoast-schema-graph\">{\"@context\":\"https:\\\/\\\/schema.org\",\"@graph\":[{\"@type\":\"WebPage\",\"@id\":\"https:\\\/\\\/urquiabas.com\\\/ca\\\/asseguranca-de-responsabilitat-civil-per-a-directius-de-clubs\\\/\",\"url\":\"https:\\\/\\\/urquiabas.com\\\/ca\\\/asseguranca-de-responsabilitat-civil-per-a-directius-de-clubs\\\/\",\"name\":\"Asseguran\u00e7a de Responsabilitat Civil per a Directius de Clubs\\\/Associacions per un error en la gesti\u00f3 - Urqu\u00eda&amp;Bas\",\"isPartOf\":{\"@id\":\"https:\\\/\\\/urquiabas.com\\\/#website\"},\"primaryImageOfPage\":{\"@id\":\"https:\\\/\\\/urquiabas.com\\\/ca\\\/asseguranca-de-responsabilitat-civil-per-a-directius-de-clubs\\\/#primaryimage\"},\"image\":{\"@id\":\"https:\\\/\\\/urquiabas.com\\\/ca\\\/asseguranca-de-responsabilitat-civil-per-a-directius-de-clubs\\\/#primaryimage\"},\"thumbnailUrl\":\"https:\\\/\\\/urquiabas.com\\\/wp-content\\\/uploads\\\/2021\\\/02\\\/Header_RC_directivos_club_new.jpg\",\"datePublished\":\"2021-02-04T13:15:44+00:00\",\"dateModified\":\"2025-12-02T10:20:26+00:00\",\"breadcrumb\":{\"@id\":\"https:\\\/\\\/urquiabas.com\\\/ca\\\/asseguranca-de-responsabilitat-civil-per-a-directius-de-clubs\\\/#breadcrumb\"},\"inLanguage\":\"ca\",\"potentialAction\":[{\"@type\":\"ReadAction\",\"target\":[\"https:\\\/\\\/urquiabas.com\\\/ca\\\/asseguranca-de-responsabilitat-civil-per-a-directius-de-clubs\\\/\"]}]},{\"@type\":\"ImageObject\",\"inLanguage\":\"ca\",\"@id\":\"https:\\\/\\\/urquiabas.com\\\/ca\\\/asseguranca-de-responsabilitat-civil-per-a-directius-de-clubs\\\/#primaryimage\",\"url\":\"https:\\\/\\\/urquiabas.com\\\/wp-content\\\/uploads\\\/2021\\\/02\\\/Header_RC_directivos_club_new.jpg\",\"contentUrl\":\"https:\\\/\\\/urquiabas.com\\\/wp-content\\\/uploads\\\/2021\\\/02\\\/Header_RC_directivos_club_new.jpg\",\"width\":1920,\"height\":667,\"caption\":\"RC Administradores y Directivos Deportes Aventura\"},{\"@type\":\"BreadcrumbList\",\"@id\":\"https:\\\/\\\/urquiabas.com\\\/ca\\\/asseguranca-de-responsabilitat-civil-per-a-directius-de-clubs\\\/#breadcrumb\",\"itemListElement\":[{\"@type\":\"ListItem\",\"position\":1,\"name\":\"Portada\",\"item\":\"https:\\\/\\\/urquiabas.com\\\/\"},{\"@type\":\"ListItem\",\"position\":2,\"name\":\"Asseguran\u00e7a de Responsabilitat Civil per a Directius de Clubs\\\/Associacions per un error en la gesti\u00f3\"}]},{\"@type\":\"WebSite\",\"@id\":\"https:\\\/\\\/urquiabas.com\\\/#website\",\"url\":\"https:\\\/\\\/urquiabas.com\\\/\",\"name\":\"Urqu\u00eda&amp;Bas\",\"description\":\"Corredur\u00eda de seguros | Lleida\",\"publisher\":{\"@id\":\"https:\\\/\\\/urquiabas.com\\\/#organization\"},\"potentialAction\":[{\"@type\":\"SearchAction\",\"target\":{\"@type\":\"EntryPoint\",\"urlTemplate\":\"https:\\\/\\\/urquiabas.com\\\/?s={search_term_string}\"},\"query-input\":{\"@type\":\"PropertyValueSpecification\",\"valueRequired\":true,\"valueName\":\"search_term_string\"}}],\"inLanguage\":\"ca\"},{\"@type\":\"Organization\",\"@id\":\"https:\\\/\\\/urquiabas.com\\\/#organization\",\"name\":\"Urquia & Bas S.L\",\"url\":\"https:\\\/\\\/urquiabas.com\\\/\",\"logo\":{\"@type\":\"ImageObject\",\"inLanguage\":\"ca\",\"@id\":\"https:\\\/\\\/urquiabas.com\\\/#\\\/schema\\\/logo\\\/image\\\/\",\"url\":\"https:\\\/\\\/urquiabas.com\\\/wp-content\\\/uploads\\\/2018\\\/03\\\/logoubmail2018.jpg\",\"contentUrl\":\"https:\\\/\\\/urquiabas.com\\\/wp-content\\\/uploads\\\/2018\\\/03\\\/logoubmail2018.jpg\",\"width\":258,\"height\":61,\"caption\":\"Urquia & Bas S.L\"},\"image\":{\"@id\":\"https:\\\/\\\/urquiabas.com\\\/#\\\/schema\\\/logo\\\/image\\\/\"},\"sameAs\":[\"https:\\\/\\\/www.facebook.com\\\/UrquiaBas\\\/\",\"https:\\\/\\\/x.com\\\/BasUrquia\",\"https:\\\/\\\/www.instagram.com\\\/urquiabas\\\/\",\"https:\\\/\\\/www.linkedin.com\\\/company\\\/3125928\\\/\"]}]}<\/script>\n<!-- \/ Yoast SEO plugin. -->","yoast_head_json":{"title":"Asseguran\u00e7a de Responsabilitat Civil per a Directius de Clubs\/Associacions per un error en la gesti\u00f3 - Urqu\u00eda&amp;Bas","robots":{"index":"index","follow":"follow","max-snippet":"max-snippet:-1","max-image-preview":"max-image-preview:large","max-video-preview":"max-video-preview:-1"},"canonical":"https:\/\/urquiabas.com\/ca\/asseguranca-de-responsabilitat-civil-per-a-directius-de-clubs\/","og_locale":"ca_ES","og_type":"article","og_title":"Asseguran\u00e7a de Responsabilitat Civil per a Directius de Clubs\/Associacions per un error en la gesti\u00f3 - Urqu\u00eda&amp;Bas","og_description":"Cobreix les reclamacions per perjudicis econ\u00f2mics derivats d&#8217;una gesti\u00f3 dolenta de l&#8217;associaci\u00f3, ja sigui per acci\u00f3 o per omissi\u00f3, i que puguin afectar la situaci\u00f3 econ\u00f2mica d&#8217;aquesta i\/o de tercers. Aquesta asseguran\u00e7a cobreix les persones gestores, administradors, consellers, directius i alts c\u00e0rrecs del club o entitat esportiva. De contractaci\u00f3 conjunta amb lasseguran\u00e7a de RC anual [&hellip;]","og_url":"https:\/\/urquiabas.com\/ca\/asseguranca-de-responsabilitat-civil-per-a-directius-de-clubs\/","og_site_name":"Urqu\u00eda&amp;Bas","article_publisher":"https:\/\/www.facebook.com\/UrquiaBas\/","article_modified_time":"2025-12-02T10:20:26+00:00","og_image":[{"width":1920,"height":667,"url":"https:\/\/urquiabas.com\/wp-content\/uploads\/2021\/02\/Header_RC_directivos_club_new.jpg","type":"image\/jpeg"}],"twitter_card":"summary_large_image","twitter_site":"@BasUrquia","twitter_misc":{"Temps estimat de lectura":"1 minut"},"schema":{"@context":"https:\/\/schema.org","@graph":[{"@type":"WebPage","@id":"https:\/\/urquiabas.com\/ca\/asseguranca-de-responsabilitat-civil-per-a-directius-de-clubs\/","url":"https:\/\/urquiabas.com\/ca\/asseguranca-de-responsabilitat-civil-per-a-directius-de-clubs\/","name":"Asseguran\u00e7a de Responsabilitat Civil per a Directius de Clubs\/Associacions per un error en la gesti\u00f3 - Urqu\u00eda&amp;Bas","isPartOf":{"@id":"https:\/\/urquiabas.com\/#website"},"primaryImageOfPage":{"@id":"https:\/\/urquiabas.com\/ca\/asseguranca-de-responsabilitat-civil-per-a-directius-de-clubs\/#primaryimage"},"image":{"@id":"https:\/\/urquiabas.com\/ca\/asseguranca-de-responsabilitat-civil-per-a-directius-de-clubs\/#primaryimage"},"thumbnailUrl":"https:\/\/urquiabas.com\/wp-content\/uploads\/2021\/02\/Header_RC_directivos_club_new.jpg","datePublished":"2021-02-04T13:15:44+00:00","dateModified":"2025-12-02T10:20:26+00:00","breadcrumb":{"@id":"https:\/\/urquiabas.com\/ca\/asseguranca-de-responsabilitat-civil-per-a-directius-de-clubs\/#breadcrumb"},"inLanguage":"ca","potentialAction":[{"@type":"ReadAction","target":["https:\/\/urquiabas.com\/ca\/asseguranca-de-responsabilitat-civil-per-a-directius-de-clubs\/"]}]},{"@type":"ImageObject","inLanguage":"ca","@id":"https:\/\/urquiabas.com\/ca\/asseguranca-de-responsabilitat-civil-per-a-directius-de-clubs\/#primaryimage","url":"https:\/\/urquiabas.com\/wp-content\/uploads\/2021\/02\/Header_RC_directivos_club_new.jpg","contentUrl":"https:\/\/urquiabas.com\/wp-content\/uploads\/2021\/02\/Header_RC_directivos_club_new.jpg","width":1920,"height":667,"caption":"RC Administradores y Directivos Deportes Aventura"},{"@type":"BreadcrumbList","@id":"https:\/\/urquiabas.com\/ca\/asseguranca-de-responsabilitat-civil-per-a-directius-de-clubs\/#breadcrumb","itemListElement":[{"@type":"ListItem","position":1,"name":"Portada","item":"https:\/\/urquiabas.com\/"},{"@type":"ListItem","position":2,"name":"Asseguran\u00e7a de Responsabilitat Civil per a Directius de Clubs\/Associacions per un error en la gesti\u00f3"}]},{"@type":"WebSite","@id":"https:\/\/urquiabas.com\/#website","url":"https:\/\/urquiabas.com\/","name":"Urqu\u00eda&amp;Bas","description":"Corredur\u00eda de seguros | Lleida","publisher":{"@id":"https:\/\/urquiabas.com\/#organization"},"potentialAction":[{"@type":"SearchAction","target":{"@type":"EntryPoint","urlTemplate":"https:\/\/urquiabas.com\/?s={search_term_string}"},"query-input":{"@type":"PropertyValueSpecification","valueRequired":true,"valueName":"search_term_string"}}],"inLanguage":"ca"},{"@type":"Organization","@id":"https:\/\/urquiabas.com\/#organization","name":"Urquia & Bas S.L","url":"https:\/\/urquiabas.com\/","logo":{"@type":"ImageObject","inLanguage":"ca","@id":"https:\/\/urquiabas.com\/#\/schema\/logo\/image\/","url":"https:\/\/urquiabas.com\/wp-content\/uploads\/2018\/03\/logoubmail2018.jpg","contentUrl":"https:\/\/urquiabas.com\/wp-content\/uploads\/2018\/03\/logoubmail2018.jpg","width":258,"height":61,"caption":"Urquia & Bas S.L"},"image":{"@id":"https:\/\/urquiabas.com\/#\/schema\/logo\/image\/"},"sameAs":["https:\/\/www.facebook.com\/UrquiaBas\/","https:\/\/x.com\/BasUrquia","https:\/\/www.instagram.com\/urquiabas\/","https:\/\/www.linkedin.com\/company\/3125928\/"]}]}},"_links":{"self":[{"href":"https:\/\/urquiabas.com\/ca\/wp-json\/wp\/v2\/pages\/16148","targetHints":{"allow":["GET"]}}],"collection":[{"href":"https:\/\/urquiabas.com\/ca\/wp-json\/wp\/v2\/pages"}],"about":[{"href":"https:\/\/urquiabas.com\/ca\/wp-json\/wp\/v2\/types\/page"}],"author":[{"embeddable":true,"href":"https:\/\/urquiabas.com\/ca\/wp-json\/wp\/v2\/users\/84"}],"replies":[{"embeddable":true,"href":"https:\/\/urquiabas.com\/ca\/wp-json\/wp\/v2\/comments?post=16148"}],"version-history":[{"count":0,"href":"https:\/\/urquiabas.com\/ca\/wp-json\/wp\/v2\/pages\/16148\/revisions"}],"wp:featuredmedia":[{"embeddable":true,"href":"https:\/\/urquiabas.com\/ca\/wp-json\/wp\/v2\/media\/16114"}],"wp:attachment":[{"href":"https:\/\/urquiabas.com\/ca\/wp-json\/wp\/v2\/media?parent=16148"}],"curies":[{"name":"wp","href":"https:\/\/api.w.org\/{rel}","templated":true}]}}