{"id":16167,"date":"2021-02-04T16:45:44","date_gmt":"2021-02-04T16:45:44","guid":{"rendered":"http:\/\/urquiabas.com\/?page_id=16167"},"modified":"2025-12-03T12:03:17","modified_gmt":"2025-12-03T11:03:17","slug":"assistencia-en-viatge","status":"publish","type":"page","link":"https:\/\/urquiabas.com\/ca\/assistencia-en-viatge\/","title":{"rendered":"Assist\u00e8ncia en viatge"},"content":{"rendered":"\t\t<div data-elementor-type=\"wp-page\" data-elementor-id=\"16167\" class=\"elementor elementor-16167 elementor-16161\" data-elementor-post-type=\"page\">\n\t\t\t\t<div class=\"elementor-element elementor-element-42e52f46 e-flex e-con-boxed e-con e-parent\" data-id=\"42e52f46\" data-element_type=\"container\" data-e-type=\"container\" data-settings=\"{&quot;background_background&quot;:&quot;classic&quot;}\">\n\t\t\t\t\t<div class=\"e-con-inner\">\n\t\t<div class=\"elementor-element elementor-element-fa78b14 e-con-full e-flex e-con e-child\" data-id=\"fa78b14\" data-element_type=\"container\" data-e-type=\"container\" data-settings=\"{&quot;background_background&quot;:&quot;classic&quot;}\">\n\t\t\t\t<div class=\"elementor-element elementor-element-a933560 elementor-widget elementor-widget-text-editor\" data-id=\"a933560\" data-element_type=\"widget\" data-e-type=\"widget\" data-widget_type=\"text-editor.default\">\n\t\t\t\t\t\t\t\t\t<p>L&#8217; <strong>asseguran\u00e7a d&#8217;<\/strong> <strong>assist\u00e8ncia en viatge<\/strong> ens permet una certa tranquil\u00b7litat en saber que ens sentirem recolzats i ajudats en aquests moments d&#8217;incertesa. Perqu\u00e8, en algunes situacions del <span style=\"color: #8a2533;\"><a style=\"color: #8a2533;\" href=\"https:\/\/blog.urquiabas.com\/seguro-multiaventura-sirve-para-cualquier-tipo-de-viaje\/\" target=\"_blank\" rel=\"noopener\"><u><strong>viatge<\/strong><\/u><\/a><\/span> ens trobarem amb imprevistos que requereixen una soluci\u00f3 immediata i, de vegades, fora del nostre abast.<\/p>\t\t\t\t\t\t\t\t<\/div>\n\t\t\t\t<\/div>\n\t\t<div class=\"elementor-element elementor-element-c22a14e e-con-full e-flex e-con e-child\" data-id=\"c22a14e\" data-element_type=\"container\" data-e-type=\"container\" data-settings=\"{&quot;background_background&quot;:&quot;classic&quot;}\">\n\t\t\t\t<div class=\"elementor-element elementor-element-4be2e1c elementor-widget elementor-widget-text-editor\" data-id=\"4be2e1c\" data-element_type=\"widget\" data-e-type=\"widget\" data-widget_type=\"text-editor.default\">\n\t\t\t\t\t\t\t\t\t<h3>A qui ens dirigim<\/h3><p>A tots aquells que se&#8217;n van de <strong>Viatge<\/strong> sigui quin sigui el tipus de viatge que facin:<\/p>\t\t\t\t\t\t\t\t<\/div>\n\t\t\t\t<\/div>\n\t\t<div class=\"elementor-element elementor-element-60381c8 e-con-full e-flex e-con e-child\" data-id=\"60381c8\" data-element_type=\"container\" data-e-type=\"container\" data-settings=\"{&quot;background_background&quot;:&quot;classic&quot;}\">\n\t\t\t\t<div class=\"elementor-element elementor-element-e765f6a elementor-widget elementor-widget-text-editor\" data-id=\"e765f6a\" data-element_type=\"widget\" data-e-type=\"widget\" data-widget_type=\"text-editor.default\">\n\t\t\t\t\t\t\t\t\t<h3>Recomanacions per viatjar.<\/h3><ul><li>Planifica b\u00e9 el teu viatge: on, com, quan, etc.<\/li><li>Contracteu una asseguran\u00e7a d&#8217;assist\u00e8ncia en viatge. Ens ho agrair\u00e0s.<\/li><li>Elabora un check list del que t&#8217;has de portar. Portar m\u00e9s del necessari entorpeix el viatge.<\/li><li>Si viatges a l&#8217;estranger assabenta&#8217;t com est\u00e0 el m\u00f3n. No t&#8217;hagis de ficar en un berenjenal.<\/li><\/ul><p>\u00a0<\/p><h3>Escull la teva asseguran\u00e7a segons el motiu del del viatge:<\/h3><p>Asseguran\u00e7a de viatges de vacances: Gaudeix del teu viatge amb la millor asseguran\u00e7a i servei, tot al preu m\u00e9s competitiu.<\/p><p>Asseguran\u00e7a de viatges d&#8217;Aventura: Si ets aventurer aquesta \u00e9s l&#8217;asseguran\u00e7a a la teva mida, amb cobertura tant a l&#8217;activitat com a la resta del viatge.<\/p><p>Asseguran\u00e7a de viatges a Creuer: Viu el teu creuer amb la millor asseguran\u00e7a i el millor servei, tot al millor preu.<\/p><p>Asseguran\u00e7a de viatges d&#8217;Esqu\u00ed: Si aneu de viatge a esquiar, aquesta \u00e9s l&#8217;asseguran\u00e7a a la vostra mida, amb cobertura tant a l&#8217;activitat com a la resta del viatge.<\/p><p>Asseguran\u00e7a de viatges d\u00b4Estudiants: Gaudeix del teu viatge amb la millor asseguran\u00e7a i el millor servei, tot al preu m\u00e9s competitiu.<\/p><p>Asseguran\u00e7a de viatges de negocis: Si viatgeu per feina aquesta \u00e9s l&#8217;asseguran\u00e7a amb el millor servei, fet a la vostra mida.<\/p>\t\t\t\t\t\t\t\t<\/div>\n\t\t\t\t<\/div>\n\t\t<div class=\"elementor-element elementor-element-13c11f5 e-con-full e-flex e-con e-child\" data-id=\"13c11f5\" data-element_type=\"container\" data-e-type=\"container\" data-settings=\"{&quot;background_background&quot;:&quot;classic&quot;}\">\n\t\t\t\t<div class=\"elementor-element elementor-element-d6ab66a elementor-widget elementor-widget-text-editor\" data-id=\"d6ab66a\" data-element_type=\"widget\" data-e-type=\"widget\" data-widget_type=\"text-editor.default\">\n\t\t\t\t\t\t\t\t\t<h3>Opcions de contractaci\u00f3:<\/h3><p>PLUS Assist\u00e8ncia m\u00e8dica i sanit\u00e0ria de 150.000\u20ac entre altres cobertures.<\/p><p>PLUS AMPLIAT Amb tots els avantatges de Vacances Plus per\u00f2 a m\u00e9s ampliem l&#8217;Assist\u00e8ncia M\u00e8dica a 1.000.000\u20ac o tamb\u00e9 Accidents i Responsabilitat Civil a 60.000\u20ac.<\/p><p>ANUAL Viu Gaudeix de tots els viatges de l&#8217;any amb la millor asseguran\u00e7a i el millor servei. Garanteix tots els viatges que l&#8217;assegurat faci durant un any, sempre que la durada de cadascun d&#8217;aquests viatges no excedeixi els 90 dies consecutius.<\/p><p><strong>Consultar cobertures i contractar:<\/strong><\/p>\t\t\t\t\t\t\t\t<\/div>\n\t\t<div class=\"elementor-element elementor-element-b47cac7 e-con-full e-grid e-con e-child\" data-id=\"b47cac7\" data-element_type=\"container\" data-e-type=\"container\" data-settings=\"{&quot;background_background&quot;:&quot;classic&quot;}\">\n\t\t\t\t<div class=\"elementor-element elementor-element-a393862 elementor-align-center elementor-widget elementor-widget-button\" data-id=\"a393862\" data-element_type=\"widget\" data-e-type=\"widget\" data-widget_type=\"button.default\">\n\t\t\t\t\t\t\t\t\t\t<a class=\"elementor-button elementor-button-link elementor-size-sm\" href=\"https:\/\/www.aragonline.net\/sites\/index.php?id=MDIxMzE3OXxNaWxsZW5pYWxzfDE2fDU=\">\n\t\t\t\t\t\t<span class=\"elementor-button-content-wrapper\">\n\t\t\t\t\t\t\t\t\t<span class=\"elementor-button-text\">Asseguran\u00e7a de viatges de vacances<\/span>\n\t\t\t\t\t<\/span>\n\t\t\t\t\t<\/a>\n\t\t\t\t\t\t\t\t<\/div>\n\t\t\t\t<div class=\"elementor-element elementor-element-65e2feb elementor-widget elementor-widget-button\" data-id=\"65e2feb\" data-element_type=\"widget\" data-e-type=\"widget\" data-widget_type=\"button.default\">\n\t\t\t\t\t\t\t\t\t\t<a class=\"elementor-button elementor-button-link elementor-size-sm\" href=\"https:\/\/www.aragonline.net\/sites\/index.php?id=MDIxMzE3OXxNaWxsZW5pYWxzfDM0fDU=\">\n\t\t\t\t\t\t<span class=\"elementor-button-content-wrapper\">\n\t\t\t\t\t\t\t\t\t<span class=\"elementor-button-text\">Asseguran\u00e7a de viatges d'Aventura<\/span>\n\t\t\t\t\t<\/span>\n\t\t\t\t\t<\/a>\n\t\t\t\t\t\t\t\t<\/div>\n\t\t\t\t<div class=\"elementor-element elementor-element-cbfdac1 elementor-widget elementor-widget-button\" data-id=\"cbfdac1\" data-element_type=\"widget\" data-e-type=\"widget\" data-widget_type=\"button.default\">\n\t\t\t\t\t\t\t\t\t\t<a class=\"elementor-button elementor-button-link elementor-size-sm\" href=\"https:\/\/www.aragonline.net\/sites\/index.php?id=MDIxMzE3OXxNaWxsZW5pYWxzfDI1fDU=\">\n\t\t\t\t\t\t<span class=\"elementor-button-content-wrapper\">\n\t\t\t\t\t\t\t\t\t<span class=\"elementor-button-text\">Asseguran\u00e7a de viatges a Creuer<\/span>\n\t\t\t\t\t<\/span>\n\t\t\t\t\t<\/a>\n\t\t\t\t\t\t\t\t<\/div>\n\t\t\t\t<div class=\"elementor-element elementor-element-05a97d5 elementor-widget elementor-widget-button\" data-id=\"05a97d5\" data-element_type=\"widget\" data-e-type=\"widget\" data-widget_type=\"button.default\">\n\t\t\t\t\t\t\t\t\t\t<a class=\"elementor-button elementor-button-link elementor-size-sm\" href=\"https:\/\/www.aragonline.net\/sites\/index.php?id=MDIxMzE3OXxNaWxsZW5pYWxzfDkwfDU=\">\n\t\t\t\t\t\t<span class=\"elementor-button-content-wrapper\">\n\t\t\t\t\t\t\t\t\t<span class=\"elementor-button-text\">Asseguran\u00e7a de viatges d'Esqu\u00ed<\/span>\n\t\t\t\t\t<\/span>\n\t\t\t\t\t<\/a>\n\t\t\t\t\t\t\t\t<\/div>\n\t\t\t\t<div class=\"elementor-element elementor-element-7189cf7 elementor-widget elementor-widget-button\" data-id=\"7189cf7\" data-element_type=\"widget\" data-e-type=\"widget\" data-widget_type=\"button.default\">\n\t\t\t\t\t\t\t\t\t\t<a class=\"elementor-button elementor-button-link elementor-size-sm\" href=\"https:\/\/www.aragonline.net\/sites\/index.php?id=MDIxMzE3OXxNaWxsZW5pYWxzfDd8NQ==\">\n\t\t\t\t\t\t<span class=\"elementor-button-content-wrapper\">\n\t\t\t\t\t\t\t\t\t<span class=\"elementor-button-text\">Asseguran\u00e7a de viatges de negoci<\/span>\n\t\t\t\t\t<\/span>\n\t\t\t\t\t<\/a>\n\t\t\t\t\t\t\t\t<\/div>\n\t\t\t\t<div class=\"elementor-element elementor-element-e371b92 elementor-widget elementor-widget-button\" data-id=\"e371b92\" data-element_type=\"widget\" data-e-type=\"widget\" data-widget_type=\"button.default\">\n\t\t\t\t\t\t\t\t\t\t<a class=\"elementor-button elementor-button-link elementor-size-sm\" href=\"https:\/\/www.aragonline.net\/sites\/index.php?id=MDIxMzE3OXxNaWxsZW5pYWxzfDc1fDU=\">\n\t\t\t\t\t\t<span class=\"elementor-button-content-wrapper\">\n\t\t\t\t\t\t\t\t\t<span class=\"elementor-button-text\">Asseguran\u00e7a de viatges d'Estudiants<\/span>\n\t\t\t\t\t<\/span>\n\t\t\t\t\t<\/a>\n\t\t\t\t\t\t\t\t<\/div>\n\t\t\t\t<\/div>\n\t\t\t\t<\/div>\n\t\t<div class=\"elementor-element elementor-element-faa8bd7 e-con-full e-flex e-con e-child\" data-id=\"faa8bd7\" data-element_type=\"container\" data-e-type=\"container\" data-settings=\"{&quot;background_background&quot;:&quot;classic&quot;}\">\n\t\t\t\t<div class=\"elementor-element elementor-element-6c3a698 elementor-widget elementor-widget-text-editor\" data-id=\"6c3a698\" data-element_type=\"widget\" data-e-type=\"widget\" data-widget_type=\"text-editor.default\">\n\t\t\t\t\t\t\t\t\t<h3 class=\"wp-block-heading\">Com puc ajudar-te?<\/h3><p>Per fer-te arribar un projecte d&#8217; <strong>asseguran\u00e7a d&#8217;assist\u00e8ncia en viatge<\/strong> , sense cap comprom\u00eds per part teva, deixa&#8217;m les teves dades i em posar\u00e9 en contacte amb tu amb la major brevetat.<\/p>\t\t\t\t\t\t\t\t<\/div>\n\t\t\t\t<\/div>\n\t\t\t\t\t<\/div>\n\t\t\t\t<\/div>\n\t\t<div class=\"elementor-element elementor-element-693af65 e-flex e-con-boxed e-con e-parent\" data-id=\"693af65\" data-element_type=\"container\" data-e-type=\"container\">\n\t\t\t\t\t<div class=\"e-con-inner\">\n\t\t\t\t<div class=\"elementor-element elementor-element-3ff24bf elementor-widget elementor-widget-text-editor\" data-id=\"3ff24bf\" data-element_type=\"widget\" data-e-type=\"widget\" data-widget_type=\"text-editor.default\">\n\t\t\t\t\t\t\t\t\t<iframe id=\"tarificador\" class=\"w-full\" src=\"http:\/\/tarificadores.urquiabas.com\/forms\/viaje?h=0\"><\/iframe>\t\t\t\t\t\t\t\t<\/div>\n\t\t\t\t\t<\/div>\n\t\t\t\t<\/div>\n\t\t\t\t<\/div>\n\t\t","protected":false},"excerpt":{"rendered":"<p>L&#8217; asseguran\u00e7a d&#8217; assist\u00e8ncia en viatge ens permet una certa tranquil\u00b7litat en saber que ens sentirem recolzats i ajudats en aquests moments d&#8217;incertesa. Perqu\u00e8, en algunes situacions del viatge ens trobarem amb imprevistos que requereixen una soluci\u00f3 immediata i, de vegades, fora del nostre abast. A qui ens dirigim A tots aquells que se&#8217;n van [&hellip;]<\/p>\n","protected":false},"author":84,"featured_media":16164,"parent":0,"menu_order":0,"comment_status":"closed","ping_status":"closed","template":"","meta":{"_acf_changed":false,"inline_featured_image":false,"footnotes":""},"class_list":["post-16167","page","type-page","status-publish","has-post-thumbnail","hentry"],"acf":{"contacte":"imma","responsable":"Inma Mayoral","descripcio_contacte":"Departamento Comercial","text_responsable":"Inicio la gesti\u00f3n comercial en el sector de Turismo Activo en el a\u00f1o 2010. Desde entonces estoy muy pendiente de la actualidad del sector, para ofrecerte constantes mejoras en nuestras soluciones. Hoy, ya son m\u00e1s de 950 empresas las que han concertado sus seguros con nuestra corredur\u00eda.","contacte_responsable_telefon":"621 28 89 74","contacte_responsable_email":"imayoral@urquiabas.com","odoo":"https:\/\/tarificadores.urquiabas.com\/forms\/contacto\/?u=24&o=1&h=0","cta":"\u00a1Calcula y contrata!","foto_responsable":"https:\/\/urquiabas.com\/wp-content\/uploads\/2023\/11\/BG_IMayoral-scaled.jpg","titulo":"Asseguran\u00e7a d'assist\u00e8ncia en viatge","id_nex":"292","subtitulo":"L'ASSEGURAN\u00c7A IMPRESCINDIBLE PER A QUALSEVOL VIATGER"},"yoast_head":"<!-- This site is optimized with the Yoast SEO plugin v27.3 - https:\/\/yoast.com\/product\/yoast-seo-wordpress\/ -->\n<title>Assist\u00e8ncia en viatge - Urqu\u00eda&amp;Bas<\/title>\n<meta name=\"description\" content=\"Amb l&#039;Asseguran\u00e7a d&#039;Assist\u00e8ncia en Viatge, podr\u00e0s gaudir al m\u00e0xim del teu viatge sabent que, si et passa alguna cosa dolenta, estarem al teu costat per resoldre&#039;l\" \/>\n<meta name=\"robots\" content=\"index, follow, max-snippet:-1, max-image-preview:large, max-video-preview:-1\" \/>\n<link rel=\"canonical\" href=\"https:\/\/urquiabas.com\/seguro-asistencia-en-viaje\/\" \/>\n<meta property=\"og:locale\" content=\"ca_ES\" \/>\n<meta property=\"og:type\" content=\"article\" \/>\n<meta property=\"og:title\" content=\"Assist\u00e8ncia en viatge - Urqu\u00eda&amp;Bas\" \/>\n<meta property=\"og:description\" content=\"Amb l&#039;Asseguran\u00e7a d&#039;Assist\u00e8ncia en Viatge, podr\u00e0s gaudir al m\u00e0xim del teu viatge sabent que, si et passa alguna cosa dolenta, estarem al teu costat per resoldre&#039;l\" \/>\n<meta property=\"og:url\" content=\"https:\/\/urquiabas.com\/seguro-asistencia-en-viaje\/\" \/>\n<meta property=\"og:site_name\" content=\"Urqu\u00eda&amp;Bas\" \/>\n<meta property=\"article:publisher\" content=\"https:\/\/www.facebook.com\/UrquiaBas\/\" \/>\n<meta property=\"article:modified_time\" content=\"2025-12-03T11:03:17+00:00\" \/>\n<meta property=\"og:image\" content=\"https:\/\/urquiabas.com\/wp-content\/uploads\/2021\/02\/asistencia-en-viajes-header.jpg\" \/>\n\t<meta property=\"og:image:width\" content=\"1920\" \/>\n\t<meta property=\"og:image:height\" content=\"667\" \/>\n\t<meta property=\"og:image:type\" content=\"image\/jpeg\" \/>\n<meta name=\"twitter:card\" content=\"summary_large_image\" \/>\n<meta name=\"twitter:site\" content=\"@BasUrquia\" \/>\n<meta name=\"twitter:label1\" content=\"Temps estimat de lectura\" \/>\n\t<meta name=\"twitter:data1\" content=\"3 minuts\" \/>\n<script type=\"application\/ld+json\" class=\"yoast-schema-graph\">{\"@context\":\"https:\\\/\\\/schema.org\",\"@graph\":[{\"@type\":\"WebPage\",\"@id\":\"https:\\\/\\\/urquiabas.com\\\/seguro-asistencia-en-viaje\\\/\",\"url\":\"https:\\\/\\\/urquiabas.com\\\/seguro-asistencia-en-viaje\\\/\",\"name\":\"Assist\u00e8ncia en viatge - Urqu\u00eda&amp;Bas\",\"isPartOf\":{\"@id\":\"https:\\\/\\\/urquiabas.com\\\/#website\"},\"primaryImageOfPage\":{\"@id\":\"https:\\\/\\\/urquiabas.com\\\/seguro-asistencia-en-viaje\\\/#primaryimage\"},\"image\":{\"@id\":\"https:\\\/\\\/urquiabas.com\\\/seguro-asistencia-en-viaje\\\/#primaryimage\"},\"thumbnailUrl\":\"https:\\\/\\\/urquiabas.com\\\/wp-content\\\/uploads\\\/2021\\\/02\\\/asistencia-en-viajes-header.jpg\",\"datePublished\":\"2021-02-04T16:45:44+00:00\",\"dateModified\":\"2025-12-03T11:03:17+00:00\",\"description\":\"Amb l'Asseguran\u00e7a d'Assist\u00e8ncia en Viatge, podr\u00e0s gaudir al m\u00e0xim del teu viatge sabent que, si et passa alguna cosa dolenta, estarem al teu costat per resoldre'l\",\"breadcrumb\":{\"@id\":\"https:\\\/\\\/urquiabas.com\\\/seguro-asistencia-en-viaje\\\/#breadcrumb\"},\"inLanguage\":\"ca\",\"potentialAction\":[{\"@type\":\"ReadAction\",\"target\":[\"https:\\\/\\\/urquiabas.com\\\/seguro-asistencia-en-viaje\\\/\"]}]},{\"@type\":\"ImageObject\",\"inLanguage\":\"ca\",\"@id\":\"https:\\\/\\\/urquiabas.com\\\/seguro-asistencia-en-viaje\\\/#primaryimage\",\"url\":\"https:\\\/\\\/urquiabas.com\\\/wp-content\\\/uploads\\\/2021\\\/02\\\/asistencia-en-viajes-header.jpg\",\"contentUrl\":\"https:\\\/\\\/urquiabas.com\\\/wp-content\\\/uploads\\\/2021\\\/02\\\/asistencia-en-viajes-header.jpg\",\"width\":1920,\"height\":667,\"caption\":\"Asistencia en viaje\"},{\"@type\":\"BreadcrumbList\",\"@id\":\"https:\\\/\\\/urquiabas.com\\\/seguro-asistencia-en-viaje\\\/#breadcrumb\",\"itemListElement\":[{\"@type\":\"ListItem\",\"position\":1,\"name\":\"Portada\",\"item\":\"https:\\\/\\\/urquiabas.com\\\/\"},{\"@type\":\"ListItem\",\"position\":2,\"name\":\"Assist\u00e8ncia en viatge\"}]},{\"@type\":\"WebSite\",\"@id\":\"https:\\\/\\\/urquiabas.com\\\/#website\",\"url\":\"https:\\\/\\\/urquiabas.com\\\/\",\"name\":\"Urqu\u00eda&amp;Bas\",\"description\":\"Corredur\u00eda de seguros | Lleida\",\"publisher\":{\"@id\":\"https:\\\/\\\/urquiabas.com\\\/#organization\"},\"potentialAction\":[{\"@type\":\"SearchAction\",\"target\":{\"@type\":\"EntryPoint\",\"urlTemplate\":\"https:\\\/\\\/urquiabas.com\\\/?s={search_term_string}\"},\"query-input\":{\"@type\":\"PropertyValueSpecification\",\"valueRequired\":true,\"valueName\":\"search_term_string\"}}],\"inLanguage\":\"ca\"},{\"@type\":\"Organization\",\"@id\":\"https:\\\/\\\/urquiabas.com\\\/#organization\",\"name\":\"Urquia & Bas S.L\",\"url\":\"https:\\\/\\\/urquiabas.com\\\/\",\"logo\":{\"@type\":\"ImageObject\",\"inLanguage\":\"ca\",\"@id\":\"https:\\\/\\\/urquiabas.com\\\/#\\\/schema\\\/logo\\\/image\\\/\",\"url\":\"https:\\\/\\\/urquiabas.com\\\/wp-content\\\/uploads\\\/2018\\\/03\\\/logoubmail2018.jpg\",\"contentUrl\":\"https:\\\/\\\/urquiabas.com\\\/wp-content\\\/uploads\\\/2018\\\/03\\\/logoubmail2018.jpg\",\"width\":258,\"height\":61,\"caption\":\"Urquia & Bas S.L\"},\"image\":{\"@id\":\"https:\\\/\\\/urquiabas.com\\\/#\\\/schema\\\/logo\\\/image\\\/\"},\"sameAs\":[\"https:\\\/\\\/www.facebook.com\\\/UrquiaBas\\\/\",\"https:\\\/\\\/x.com\\\/BasUrquia\",\"https:\\\/\\\/www.instagram.com\\\/urquiabas\\\/\",\"https:\\\/\\\/www.linkedin.com\\\/company\\\/3125928\\\/\"]}]}<\/script>\n<!-- \/ Yoast SEO plugin. -->","yoast_head_json":{"title":"Assist\u00e8ncia en viatge - Urqu\u00eda&amp;Bas","description":"Amb l'Asseguran\u00e7a d'Assist\u00e8ncia en Viatge, podr\u00e0s gaudir al m\u00e0xim del teu viatge sabent que, si et passa alguna cosa dolenta, estarem al teu costat per resoldre'l","robots":{"index":"index","follow":"follow","max-snippet":"max-snippet:-1","max-image-preview":"max-image-preview:large","max-video-preview":"max-video-preview:-1"},"canonical":"https:\/\/urquiabas.com\/seguro-asistencia-en-viaje\/","og_locale":"ca_ES","og_type":"article","og_title":"Assist\u00e8ncia en viatge - Urqu\u00eda&amp;Bas","og_description":"Amb l'Asseguran\u00e7a d'Assist\u00e8ncia en Viatge, podr\u00e0s gaudir al m\u00e0xim del teu viatge sabent que, si et passa alguna cosa dolenta, estarem al teu costat per resoldre'l","og_url":"https:\/\/urquiabas.com\/seguro-asistencia-en-viaje\/","og_site_name":"Urqu\u00eda&amp;Bas","article_publisher":"https:\/\/www.facebook.com\/UrquiaBas\/","article_modified_time":"2025-12-03T11:03:17+00:00","og_image":[{"width":1920,"height":667,"url":"https:\/\/urquiabas.com\/wp-content\/uploads\/2021\/02\/asistencia-en-viajes-header.jpg","type":"image\/jpeg"}],"twitter_card":"summary_large_image","twitter_site":"@BasUrquia","twitter_misc":{"Temps estimat de lectura":"3 minuts"},"schema":{"@context":"https:\/\/schema.org","@graph":[{"@type":"WebPage","@id":"https:\/\/urquiabas.com\/seguro-asistencia-en-viaje\/","url":"https:\/\/urquiabas.com\/seguro-asistencia-en-viaje\/","name":"Assist\u00e8ncia en viatge - Urqu\u00eda&amp;Bas","isPartOf":{"@id":"https:\/\/urquiabas.com\/#website"},"primaryImageOfPage":{"@id":"https:\/\/urquiabas.com\/seguro-asistencia-en-viaje\/#primaryimage"},"image":{"@id":"https:\/\/urquiabas.com\/seguro-asistencia-en-viaje\/#primaryimage"},"thumbnailUrl":"https:\/\/urquiabas.com\/wp-content\/uploads\/2021\/02\/asistencia-en-viajes-header.jpg","datePublished":"2021-02-04T16:45:44+00:00","dateModified":"2025-12-03T11:03:17+00:00","description":"Amb l'Asseguran\u00e7a d'Assist\u00e8ncia en Viatge, podr\u00e0s gaudir al m\u00e0xim del teu viatge sabent que, si et passa alguna cosa dolenta, estarem al teu costat per resoldre'l","breadcrumb":{"@id":"https:\/\/urquiabas.com\/seguro-asistencia-en-viaje\/#breadcrumb"},"inLanguage":"ca","potentialAction":[{"@type":"ReadAction","target":["https:\/\/urquiabas.com\/seguro-asistencia-en-viaje\/"]}]},{"@type":"ImageObject","inLanguage":"ca","@id":"https:\/\/urquiabas.com\/seguro-asistencia-en-viaje\/#primaryimage","url":"https:\/\/urquiabas.com\/wp-content\/uploads\/2021\/02\/asistencia-en-viajes-header.jpg","contentUrl":"https:\/\/urquiabas.com\/wp-content\/uploads\/2021\/02\/asistencia-en-viajes-header.jpg","width":1920,"height":667,"caption":"Asistencia en viaje"},{"@type":"BreadcrumbList","@id":"https:\/\/urquiabas.com\/seguro-asistencia-en-viaje\/#breadcrumb","itemListElement":[{"@type":"ListItem","position":1,"name":"Portada","item":"https:\/\/urquiabas.com\/"},{"@type":"ListItem","position":2,"name":"Assist\u00e8ncia en viatge"}]},{"@type":"WebSite","@id":"https:\/\/urquiabas.com\/#website","url":"https:\/\/urquiabas.com\/","name":"Urqu\u00eda&amp;Bas","description":"Corredur\u00eda de seguros | Lleida","publisher":{"@id":"https:\/\/urquiabas.com\/#organization"},"potentialAction":[{"@type":"SearchAction","target":{"@type":"EntryPoint","urlTemplate":"https:\/\/urquiabas.com\/?s={search_term_string}"},"query-input":{"@type":"PropertyValueSpecification","valueRequired":true,"valueName":"search_term_string"}}],"inLanguage":"ca"},{"@type":"Organization","@id":"https:\/\/urquiabas.com\/#organization","name":"Urquia & Bas S.L","url":"https:\/\/urquiabas.com\/","logo":{"@type":"ImageObject","inLanguage":"ca","@id":"https:\/\/urquiabas.com\/#\/schema\/logo\/image\/","url":"https:\/\/urquiabas.com\/wp-content\/uploads\/2018\/03\/logoubmail2018.jpg","contentUrl":"https:\/\/urquiabas.com\/wp-content\/uploads\/2018\/03\/logoubmail2018.jpg","width":258,"height":61,"caption":"Urquia & Bas S.L"},"image":{"@id":"https:\/\/urquiabas.com\/#\/schema\/logo\/image\/"},"sameAs":["https:\/\/www.facebook.com\/UrquiaBas\/","https:\/\/x.com\/BasUrquia","https:\/\/www.instagram.com\/urquiabas\/","https:\/\/www.linkedin.com\/company\/3125928\/"]}]}},"_links":{"self":[{"href":"https:\/\/urquiabas.com\/ca\/wp-json\/wp\/v2\/pages\/16167","targetHints":{"allow":["GET"]}}],"collection":[{"href":"https:\/\/urquiabas.com\/ca\/wp-json\/wp\/v2\/pages"}],"about":[{"href":"https:\/\/urquiabas.com\/ca\/wp-json\/wp\/v2\/types\/page"}],"author":[{"embeddable":true,"href":"https:\/\/urquiabas.com\/ca\/wp-json\/wp\/v2\/users\/84"}],"replies":[{"embeddable":true,"href":"https:\/\/urquiabas.com\/ca\/wp-json\/wp\/v2\/comments?post=16167"}],"version-history":[{"count":0,"href":"https:\/\/urquiabas.com\/ca\/wp-json\/wp\/v2\/pages\/16167\/revisions"}],"wp:featuredmedia":[{"embeddable":true,"href":"https:\/\/urquiabas.com\/ca\/wp-json\/wp\/v2\/media\/16164"}],"wp:attachment":[{"href":"https:\/\/urquiabas.com\/ca\/wp-json\/wp\/v2\/media?parent=16167"}],"curies":[{"name":"wp","href":"https:\/\/api.w.org\/{rel}","templated":true}]}}