{"id":16184,"date":"2021-02-05T13:06:53","date_gmt":"2021-02-05T13:06:53","guid":{"rendered":"http:\/\/urquiabas.com\/?page_id=16184"},"modified":"2025-12-04T09:34:28","modified_gmt":"2025-12-04T08:34:28","slug":"asseguranca-de-cancel%c2%b7lacio-de-viatge","status":"publish","type":"page","link":"https:\/\/urquiabas.com\/ca\/asseguranca-de-cancel%c2%b7lacio-de-viatge\/","title":{"rendered":"Asseguran\u00e7a de cancel\u00b7laci\u00f3 de viatge"},"content":{"rendered":"\t\t<div data-elementor-type=\"wp-page\" data-elementor-id=\"16184\" class=\"elementor elementor-16184 elementor-16176\" data-elementor-post-type=\"page\">\n\t\t\t\t<div class=\"elementor-element elementor-element-2fa22e72 e-flex e-con-boxed e-con e-parent\" data-id=\"2fa22e72\" data-element_type=\"container\" data-e-type=\"container\" data-settings=\"{&quot;background_background&quot;:&quot;classic&quot;}\">\n\t\t\t\t\t<div class=\"e-con-inner\">\n\t\t<div class=\"elementor-element elementor-element-0ef9d0a e-con-full e-flex e-con e-child\" data-id=\"0ef9d0a\" data-element_type=\"container\" data-e-type=\"container\" data-settings=\"{&quot;background_background&quot;:&quot;classic&quot;}\">\n\t\t\t\t<div class=\"elementor-element elementor-element-ce492bc elementor-widget elementor-widget-text-editor\" data-id=\"ce492bc\" data-element_type=\"widget\" data-e-type=\"widget\" data-widget_type=\"text-editor.default\">\n\t\t\t\t\t\t\t\t\t<p>L&#8217; <strong>asseguran\u00e7a de cancel\u00b7laci\u00f3 de viatge<\/strong> assegura la inversi\u00f3 realitzada per a la seva contractaci\u00f3 i desenvolupament, en cas d&#8217;anul\u00b7laci\u00f3 per problemes i imprevistos que et puguin oc\u00f3rrer.<\/p><p>Un viatge \u00e9s m\u00e9s que despla\u00e7ar-se d&#8217;un lloc a l&#8217;altre, m\u00e9s que anar o venir. Un viatge \u00e9s il\u00b7lusi\u00f3, s\u00f3n expectatives i vacances, con\u00e8ixer noves persones, cultures diferents, aventura\u2026 i molt m\u00e9s. Mesos de preparaci\u00f3, temps i diners invertits, qu\u00e8 passa si un imprevist t&#8217;impedeix fer aquest viatge? Haver d&#8217;anul\u00b7lar un viatge per una situaci\u00f3 sobrevinguda \u00e9s una cosa que pot passar per\u00f2, perdr\u00e0s tots els diners invertits o vols recuperar-los?<\/p><p>Amb l&#8217; <strong>asseguran\u00e7a de<\/strong> <strong>cancel\u00b7laci\u00f3 de viatge<\/strong> , recuperar\u00e0s les despeses en qu\u00e8 hagis incorregut en la seva preparaci\u00f3 i que no podr\u00e0s fer per causa de malaltia greu, acomiadament laboral, incorporaci\u00f3 a un nou lloc de treball, entrega d&#8217;un fill en adopci\u00f3 i moltes altres causes m\u00e9s. Cobreix tamb\u00e9 despeses per la interrupci\u00f3 del viatge un cop iniciat.<\/p>\t\t\t\t\t\t\t\t<\/div>\n\t\t\t\t<\/div>\n\t\t<div class=\"elementor-element elementor-element-41feead e-con-full e-flex e-con e-child\" data-id=\"41feead\" data-element_type=\"container\" data-e-type=\"container\" data-settings=\"{&quot;background_background&quot;:&quot;classic&quot;}\">\n\t\t\t\t<div class=\"elementor-element elementor-element-0cb25eb elementor-widget elementor-widget-text-editor\" data-id=\"0cb25eb\" data-element_type=\"widget\" data-e-type=\"widget\" data-widget_type=\"text-editor.default\">\n\t\t\t\t\t\t\t\t\t<h3 class=\"wp-block-heading\">Cobertures<\/h3><div class=\"wp-block-columns\"><div class=\"wp-block-column\"><ul><li><strong>Despeses de cancel\u00b7laci\u00f3<\/strong> de viatge no iniciat: fins a l\u00edmit econ\u00f2mic corresponents a l&#8217;Opci\u00f3 contractada (300 euros, 600 euros, 1.000 euros, 1.500 euros, 3.000 euros i fins a 6.000\u20ac).<\/li><li>Sempre que l&#8217; <strong>anul\u00b7laci\u00f3<\/strong> es produeixi abans d&#8217;iniciar el viatge.<\/li><li>Per malalties greus, accident corporal greu o mort d&#8217;un familiar de 1r. o 2n grau de parentiu o d&#8217;un tutor<\/li><li>Defunci\u00f3 d&#8217;un parent de 3er. grau.<\/li><li>Acomiadament laboral de lassegurat.<\/li><\/ul><\/div><div class=\"wp-block-column\"><ul><li>Convocat\u00f2ria per un tribunal, jurat o mesa electoral.<\/li><li>Convocat\u00f2ria d\u00b4oposicions.<\/li><li>Qualsevol malaltia de fills menors de 2 anys.<\/li><li>Robatori de la documentaci\u00f3 o l&#8217;equipatge que impedeixi la sortida.<\/li><li>NOU: Cat\u00e0strofes naturals i terrorisme.<\/li><li>NOU: Anul\u00b7laci\u00f3 de viatge ja iniciat\/interrupci\u00f3 de vacances: fins a 1.000 euros.<\/li><li>I un llarg etc. de casos coberts.<\/li><\/ul><\/div><\/div>\t\t\t\t\t\t\t\t<\/div>\n\t\t\t\t<\/div>\n\t\t<div class=\"elementor-element elementor-element-88e5c3b e-con-full e-flex e-con e-child\" data-id=\"88e5c3b\" data-element_type=\"container\" data-e-type=\"container\" data-settings=\"{&quot;background_background&quot;:&quot;classic&quot;}\">\n\t\t\t\t<div class=\"elementor-element elementor-element-3c27ab7 elementor-widget elementor-widget-text-editor\" data-id=\"3c27ab7\" data-element_type=\"widget\" data-e-type=\"widget\" data-widget_type=\"text-editor.default\">\n\t\t\t\t\t\t\t\t\t<h3 class=\"wp-block-heading\">Recomanacions per viatjar.<\/h3><p><a href=\"https:\/\/www.urquiabas.com\/recomendaciones-para-viajar\/\" target=\"_blank\" rel=\"noopener\"><u><strong>Aqu\u00ed<\/strong><\/u><\/a> podeu veure les nostres recomanacions per tenir un bon viatge.<\/p>\t\t\t\t\t\t\t\t<\/div>\n\t\t\t\t<\/div>\n\t\t<div class=\"elementor-element elementor-element-c9adcb6 e-con-full e-flex e-con e-child\" data-id=\"c9adcb6\" data-element_type=\"container\" data-e-type=\"container\" data-settings=\"{&quot;background_background&quot;:&quot;classic&quot;}\">\n\t\t\t\t<div class=\"elementor-element elementor-element-61c1e86 elementor-widget elementor-widget-text-editor\" data-id=\"61c1e86\" data-element_type=\"widget\" data-e-type=\"widget\" data-widget_type=\"text-editor.default\">\n\t\t\t\t\t\t\t\t\t<h3 class=\"wp-block-heading\">Preguntes freq\u00fcents<\/h3><p>Al <a href=\"https:\/\/ec.europa.eu\/info\/live-work-travel-eu\/consumer-rights-and-complaints\/resolve-your-consumer-complaint\/european-consumer-centres-network-ecc-net\/faq-cancellations-individually-booked-accommodations-car-rental-and-events-due-covid-19_es\" target=\"_blank\" rel=\"noopener\"><u><strong>web Oficial de la Comunitat Europea<\/strong><\/u><\/a> , trobareu resposta a qualsevol dubte sobre els drets que ens assisteixen en la cancel\u00b7laci\u00f3 d&#8217;un viatge.<\/p>\t\t\t\t\t\t\t\t<\/div>\n\t\t\t\t<\/div>\n\t\t<div class=\"elementor-element elementor-element-ac7fde5 e-con-full e-flex e-con e-child\" data-id=\"ac7fde5\" data-element_type=\"container\" data-e-type=\"container\" data-settings=\"{&quot;background_background&quot;:&quot;classic&quot;}\">\n\t\t\t\t<div class=\"elementor-element elementor-element-52efc6e5 elementor-widget elementor-widget-text-editor\" data-id=\"52efc6e5\" data-element_type=\"widget\" data-e-type=\"widget\" data-widget_type=\"text-editor.default\">\n\t\t\t\t\t\t\t\t\t<h3 class=\"wp-block-heading\">Com puc ajudar-te?<\/h3><p>Per fer-te arribar un projecte d&#8217; <strong>Asseguran\u00e7a de Cancel\u00b7laci\u00f3 de Viatge<\/strong> , sense cap comprom\u00eds per part teva, deixa&#8217;m les teves dades i em posar\u00e9 en contacte amb tu el m\u00e9s aviat possible.<\/p>\t\t\t\t\t\t\t\t<\/div>\n\t\t\t\t<div class=\"elementor-element elementor-element-b8f2204 elementor-widget elementor-widget-text-editor\" data-id=\"b8f2204\" data-element_type=\"widget\" data-e-type=\"widget\" data-widget_type=\"text-editor.default\">\n\t\t\t\t\t\t\t\t\t<p><iframe id=\"tarificador\" class=\"w-full\" src=\"http:\/\/tarificadores.urquiabas.com\/forms\/cancelacionviaje?h=0\"><\/iframe><\/p>\t\t\t\t\t\t\t\t<\/div>\n\t\t\t\t<\/div>\n\t\t\t\t\t<\/div>\n\t\t\t\t<\/div>\n\t\t\t\t<\/div>\n\t\t","protected":false},"excerpt":{"rendered":"<p>L&#8217; asseguran\u00e7a de cancel\u00b7laci\u00f3 de viatge assegura la inversi\u00f3 realitzada per a la seva contractaci\u00f3 i desenvolupament, en cas d&#8217;anul\u00b7laci\u00f3 per problemes i imprevistos que et puguin oc\u00f3rrer. Un viatge \u00e9s m\u00e9s que despla\u00e7ar-se d&#8217;un lloc a l&#8217;altre, m\u00e9s que anar o venir. Un viatge \u00e9s il\u00b7lusi\u00f3, s\u00f3n expectatives i vacances, con\u00e8ixer noves persones, cultures [&hellip;]<\/p>\n","protected":false},"author":5,"featured_media":16180,"parent":0,"menu_order":0,"comment_status":"closed","ping_status":"closed","template":"","meta":{"_acf_changed":true,"inline_featured_image":false,"footnotes":""},"class_list":["post-16184","page","type-page","status-publish","has-post-thumbnail","hentry"],"acf":{"contacte":"imma","titulo":"Asseguran\u00e7a de cancel\u00b7laci\u00f3 de viatge","id_nex":"275","responsable":"Inma Mayoral","descripcio_contacte":"Departamento Comercial","text_responsable":"Inicio la gesti\u00f3n comercial en el sector de Turismo Activo en el a\u00f1o 2010. Desde entonces estoy muy pendiente de la actualidad del sector, para ofrecerte constantes mejoras en nuestras soluciones. Hoy, ya son m\u00e1s de 950 empresas las que han concertado sus seguros con nuestra corredur\u00eda.","contacte_responsable_telefon":"621 28 89 74","contacte_responsable_email":"imayoral@urquiabas.com","odoo":"https:\/\/tarificadores.urquiabas.com\/forms\/contacto\/?u=24&o=1&h=0","cta":"\u00a1Calcula y contrata!","foto_responsable":"https:\/\/urquiabas.com\/wp-content\/uploads\/2023\/11\/BG_IMayoral-scaled.jpg"},"yoast_head":"<!-- This site is optimized with the Yoast SEO plugin v27.4 - https:\/\/yoast.com\/product\/yoast-seo-wordpress\/ -->\n<title>Asseguran\u00e7a de cancel\u00b7laci\u00f3 de viatge - Urqu\u00eda&amp;Bas<\/title>\n<meta name=\"description\" content=\"Amb l&#039;asseguran\u00e7a de cancel\u00b7laci\u00f3 de viatge recuperar\u00e0s els diners invertits en la preparaci\u00f3 del teu viatge, en cas de suspensi\u00f3 per raons imprevistes\" \/>\n<meta name=\"robots\" content=\"index, follow, max-snippet:-1, max-image-preview:large, max-video-preview:-1\" \/>\n<link rel=\"canonical\" href=\"https:\/\/urquiabas.com\/seguro-cancelacion-viaje\/\" \/>\n<meta property=\"og:locale\" content=\"ca_ES\" \/>\n<meta property=\"og:type\" content=\"article\" \/>\n<meta property=\"og:title\" content=\"Asseguran\u00e7a de cancel\u00b7laci\u00f3 de viatge - Urqu\u00eda&amp;Bas\" \/>\n<meta property=\"og:description\" content=\"Amb l&#039;asseguran\u00e7a de cancel\u00b7laci\u00f3 de viatge recuperar\u00e0s els diners invertits en la preparaci\u00f3 del teu viatge, en cas de suspensi\u00f3 per raons imprevistes\" \/>\n<meta property=\"og:url\" content=\"https:\/\/urquiabas.com\/seguro-cancelacion-viaje\/\" \/>\n<meta property=\"og:site_name\" content=\"Urqu\u00eda&amp;Bas\" \/>\n<meta property=\"article:publisher\" content=\"https:\/\/www.facebook.com\/UrquiaBas\/\" \/>\n<meta property=\"article:modified_time\" content=\"2025-12-04T08:34:28+00:00\" \/>\n<meta property=\"og:image\" content=\"https:\/\/urquiabas.com\/wp-content\/uploads\/2021\/02\/Header_Cancelacion_viaje_new.jpg\" \/>\n\t<meta property=\"og:image:width\" content=\"1920\" \/>\n\t<meta property=\"og:image:height\" content=\"751\" \/>\n\t<meta property=\"og:image:type\" content=\"image\/jpeg\" \/>\n<meta name=\"twitter:card\" content=\"summary_large_image\" \/>\n<meta name=\"twitter:site\" content=\"@BasUrquia\" \/>\n<meta name=\"twitter:label1\" content=\"Temps estimat de lectura\" \/>\n\t<meta name=\"twitter:data1\" content=\"2 minuts\" \/>\n<script type=\"application\/ld+json\" class=\"yoast-schema-graph\">{\"@context\":\"https:\\\/\\\/schema.org\",\"@graph\":[{\"@type\":\"WebPage\",\"@id\":\"https:\\\/\\\/urquiabas.com\\\/seguro-cancelacion-viaje\\\/\",\"url\":\"https:\\\/\\\/urquiabas.com\\\/seguro-cancelacion-viaje\\\/\",\"name\":\"Asseguran\u00e7a de cancel\u00b7laci\u00f3 de viatge - Urqu\u00eda&amp;Bas\",\"isPartOf\":{\"@id\":\"https:\\\/\\\/urquiabas.com\\\/#website\"},\"primaryImageOfPage\":{\"@id\":\"https:\\\/\\\/urquiabas.com\\\/seguro-cancelacion-viaje\\\/#primaryimage\"},\"image\":{\"@id\":\"https:\\\/\\\/urquiabas.com\\\/seguro-cancelacion-viaje\\\/#primaryimage\"},\"thumbnailUrl\":\"https:\\\/\\\/urquiabas.com\\\/wp-content\\\/uploads\\\/2021\\\/02\\\/Header_Cancelacion_viaje_new.jpg\",\"datePublished\":\"2021-02-05T13:06:53+00:00\",\"dateModified\":\"2025-12-04T08:34:28+00:00\",\"description\":\"Amb l'asseguran\u00e7a de cancel\u00b7laci\u00f3 de viatge recuperar\u00e0s els diners invertits en la preparaci\u00f3 del teu viatge, en cas de suspensi\u00f3 per raons imprevistes\",\"breadcrumb\":{\"@id\":\"https:\\\/\\\/urquiabas.com\\\/seguro-cancelacion-viaje\\\/#breadcrumb\"},\"inLanguage\":\"ca\",\"potentialAction\":[{\"@type\":\"ReadAction\",\"target\":[\"https:\\\/\\\/urquiabas.com\\\/seguro-cancelacion-viaje\\\/\"]}]},{\"@type\":\"ImageObject\",\"inLanguage\":\"ca\",\"@id\":\"https:\\\/\\\/urquiabas.com\\\/seguro-cancelacion-viaje\\\/#primaryimage\",\"url\":\"https:\\\/\\\/urquiabas.com\\\/wp-content\\\/uploads\\\/2021\\\/02\\\/Header_Cancelacion_viaje_new.jpg\",\"contentUrl\":\"https:\\\/\\\/urquiabas.com\\\/wp-content\\\/uploads\\\/2021\\\/02\\\/Header_Cancelacion_viaje_new.jpg\",\"width\":1920,\"height\":751,\"caption\":\"Seguro de cancelaci\u00f3n de viaje\"},{\"@type\":\"BreadcrumbList\",\"@id\":\"https:\\\/\\\/urquiabas.com\\\/seguro-cancelacion-viaje\\\/#breadcrumb\",\"itemListElement\":[{\"@type\":\"ListItem\",\"position\":1,\"name\":\"Portada\",\"item\":\"https:\\\/\\\/urquiabas.com\\\/\"},{\"@type\":\"ListItem\",\"position\":2,\"name\":\"Asseguran\u00e7a de cancel\u00b7laci\u00f3 de viatge\"}]},{\"@type\":\"WebSite\",\"@id\":\"https:\\\/\\\/urquiabas.com\\\/#website\",\"url\":\"https:\\\/\\\/urquiabas.com\\\/\",\"name\":\"Urqu\u00eda&amp;Bas\",\"description\":\"Corredur\u00eda de seguros | Lleida\",\"publisher\":{\"@id\":\"https:\\\/\\\/urquiabas.com\\\/#organization\"},\"potentialAction\":[{\"@type\":\"SearchAction\",\"target\":{\"@type\":\"EntryPoint\",\"urlTemplate\":\"https:\\\/\\\/urquiabas.com\\\/?s={search_term_string}\"},\"query-input\":{\"@type\":\"PropertyValueSpecification\",\"valueRequired\":true,\"valueName\":\"search_term_string\"}}],\"inLanguage\":\"ca\"},{\"@type\":\"Organization\",\"@id\":\"https:\\\/\\\/urquiabas.com\\\/#organization\",\"name\":\"Urquia & Bas S.L\",\"url\":\"https:\\\/\\\/urquiabas.com\\\/\",\"logo\":{\"@type\":\"ImageObject\",\"inLanguage\":\"ca\",\"@id\":\"https:\\\/\\\/urquiabas.com\\\/#\\\/schema\\\/logo\\\/image\\\/\",\"url\":\"https:\\\/\\\/urquiabas.com\\\/wp-content\\\/uploads\\\/2018\\\/03\\\/logoubmail2018.jpg\",\"contentUrl\":\"https:\\\/\\\/urquiabas.com\\\/wp-content\\\/uploads\\\/2018\\\/03\\\/logoubmail2018.jpg\",\"width\":258,\"height\":61,\"caption\":\"Urquia & Bas S.L\"},\"image\":{\"@id\":\"https:\\\/\\\/urquiabas.com\\\/#\\\/schema\\\/logo\\\/image\\\/\"},\"sameAs\":[\"https:\\\/\\\/www.facebook.com\\\/UrquiaBas\\\/\",\"https:\\\/\\\/x.com\\\/BasUrquia\",\"https:\\\/\\\/www.instagram.com\\\/urquiabas\\\/\",\"https:\\\/\\\/www.linkedin.com\\\/company\\\/3125928\\\/\"]}]}<\/script>\n<!-- \/ Yoast SEO plugin. -->","yoast_head_json":{"title":"Asseguran\u00e7a de cancel\u00b7laci\u00f3 de viatge - Urqu\u00eda&amp;Bas","description":"Amb l'asseguran\u00e7a de cancel\u00b7laci\u00f3 de viatge recuperar\u00e0s els diners invertits en la preparaci\u00f3 del teu viatge, en cas de suspensi\u00f3 per raons imprevistes","robots":{"index":"index","follow":"follow","max-snippet":"max-snippet:-1","max-image-preview":"max-image-preview:large","max-video-preview":"max-video-preview:-1"},"canonical":"https:\/\/urquiabas.com\/seguro-cancelacion-viaje\/","og_locale":"ca_ES","og_type":"article","og_title":"Asseguran\u00e7a de cancel\u00b7laci\u00f3 de viatge - Urqu\u00eda&amp;Bas","og_description":"Amb l'asseguran\u00e7a de cancel\u00b7laci\u00f3 de viatge recuperar\u00e0s els diners invertits en la preparaci\u00f3 del teu viatge, en cas de suspensi\u00f3 per raons imprevistes","og_url":"https:\/\/urquiabas.com\/seguro-cancelacion-viaje\/","og_site_name":"Urqu\u00eda&amp;Bas","article_publisher":"https:\/\/www.facebook.com\/UrquiaBas\/","article_modified_time":"2025-12-04T08:34:28+00:00","og_image":[{"width":1920,"height":751,"url":"https:\/\/urquiabas.com\/wp-content\/uploads\/2021\/02\/Header_Cancelacion_viaje_new.jpg","type":"image\/jpeg"}],"twitter_card":"summary_large_image","twitter_site":"@BasUrquia","twitter_misc":{"Temps estimat de lectura":"2 minuts"},"schema":{"@context":"https:\/\/schema.org","@graph":[{"@type":"WebPage","@id":"https:\/\/urquiabas.com\/seguro-cancelacion-viaje\/","url":"https:\/\/urquiabas.com\/seguro-cancelacion-viaje\/","name":"Asseguran\u00e7a de cancel\u00b7laci\u00f3 de viatge - Urqu\u00eda&amp;Bas","isPartOf":{"@id":"https:\/\/urquiabas.com\/#website"},"primaryImageOfPage":{"@id":"https:\/\/urquiabas.com\/seguro-cancelacion-viaje\/#primaryimage"},"image":{"@id":"https:\/\/urquiabas.com\/seguro-cancelacion-viaje\/#primaryimage"},"thumbnailUrl":"https:\/\/urquiabas.com\/wp-content\/uploads\/2021\/02\/Header_Cancelacion_viaje_new.jpg","datePublished":"2021-02-05T13:06:53+00:00","dateModified":"2025-12-04T08:34:28+00:00","description":"Amb l'asseguran\u00e7a de cancel\u00b7laci\u00f3 de viatge recuperar\u00e0s els diners invertits en la preparaci\u00f3 del teu viatge, en cas de suspensi\u00f3 per raons imprevistes","breadcrumb":{"@id":"https:\/\/urquiabas.com\/seguro-cancelacion-viaje\/#breadcrumb"},"inLanguage":"ca","potentialAction":[{"@type":"ReadAction","target":["https:\/\/urquiabas.com\/seguro-cancelacion-viaje\/"]}]},{"@type":"ImageObject","inLanguage":"ca","@id":"https:\/\/urquiabas.com\/seguro-cancelacion-viaje\/#primaryimage","url":"https:\/\/urquiabas.com\/wp-content\/uploads\/2021\/02\/Header_Cancelacion_viaje_new.jpg","contentUrl":"https:\/\/urquiabas.com\/wp-content\/uploads\/2021\/02\/Header_Cancelacion_viaje_new.jpg","width":1920,"height":751,"caption":"Seguro de cancelaci\u00f3n de viaje"},{"@type":"BreadcrumbList","@id":"https:\/\/urquiabas.com\/seguro-cancelacion-viaje\/#breadcrumb","itemListElement":[{"@type":"ListItem","position":1,"name":"Portada","item":"https:\/\/urquiabas.com\/"},{"@type":"ListItem","position":2,"name":"Asseguran\u00e7a de cancel\u00b7laci\u00f3 de viatge"}]},{"@type":"WebSite","@id":"https:\/\/urquiabas.com\/#website","url":"https:\/\/urquiabas.com\/","name":"Urqu\u00eda&amp;Bas","description":"Corredur\u00eda de seguros | Lleida","publisher":{"@id":"https:\/\/urquiabas.com\/#organization"},"potentialAction":[{"@type":"SearchAction","target":{"@type":"EntryPoint","urlTemplate":"https:\/\/urquiabas.com\/?s={search_term_string}"},"query-input":{"@type":"PropertyValueSpecification","valueRequired":true,"valueName":"search_term_string"}}],"inLanguage":"ca"},{"@type":"Organization","@id":"https:\/\/urquiabas.com\/#organization","name":"Urquia & Bas S.L","url":"https:\/\/urquiabas.com\/","logo":{"@type":"ImageObject","inLanguage":"ca","@id":"https:\/\/urquiabas.com\/#\/schema\/logo\/image\/","url":"https:\/\/urquiabas.com\/wp-content\/uploads\/2018\/03\/logoubmail2018.jpg","contentUrl":"https:\/\/urquiabas.com\/wp-content\/uploads\/2018\/03\/logoubmail2018.jpg","width":258,"height":61,"caption":"Urquia & Bas S.L"},"image":{"@id":"https:\/\/urquiabas.com\/#\/schema\/logo\/image\/"},"sameAs":["https:\/\/www.facebook.com\/UrquiaBas\/","https:\/\/x.com\/BasUrquia","https:\/\/www.instagram.com\/urquiabas\/","https:\/\/www.linkedin.com\/company\/3125928\/"]}]}},"_links":{"self":[{"href":"https:\/\/urquiabas.com\/ca\/wp-json\/wp\/v2\/pages\/16184","targetHints":{"allow":["GET"]}}],"collection":[{"href":"https:\/\/urquiabas.com\/ca\/wp-json\/wp\/v2\/pages"}],"about":[{"href":"https:\/\/urquiabas.com\/ca\/wp-json\/wp\/v2\/types\/page"}],"author":[{"embeddable":true,"href":"https:\/\/urquiabas.com\/ca\/wp-json\/wp\/v2\/users\/5"}],"replies":[{"embeddable":true,"href":"https:\/\/urquiabas.com\/ca\/wp-json\/wp\/v2\/comments?post=16184"}],"version-history":[{"count":0,"href":"https:\/\/urquiabas.com\/ca\/wp-json\/wp\/v2\/pages\/16184\/revisions"}],"wp:featuredmedia":[{"embeddable":true,"href":"https:\/\/urquiabas.com\/ca\/wp-json\/wp\/v2\/media\/16180"}],"wp:attachment":[{"href":"https:\/\/urquiabas.com\/ca\/wp-json\/wp\/v2\/media?parent=16184"}],"curies":[{"name":"wp","href":"https:\/\/api.w.org\/{rel}","templated":true}]}}