{"id":16213,"date":"2021-02-09T11:24:45","date_gmt":"2021-02-09T11:24:45","guid":{"rendered":"http:\/\/urquiabas.com\/?page_id=16213"},"modified":"2025-12-03T12:44:46","modified_gmt":"2025-12-03T11:44:46","slug":"asseguranca-dassistencia-en-la-practica-de-lesqui","status":"publish","type":"page","link":"https:\/\/urquiabas.com\/ca\/asseguranca-dassistencia-en-la-practica-de-lesqui\/","title":{"rendered":"Asseguran\u00e7a d&#8217;assist\u00e8ncia a la pr\u00e0ctica de l&#8217;esqu\u00ed"},"content":{"rendered":"\t\t<div data-elementor-type=\"wp-page\" data-elementor-id=\"16213\" class=\"elementor elementor-16213 elementor-16205\" data-elementor-post-type=\"page\">\n\t\t\t\t<div class=\"elementor-element elementor-element-7057187f e-flex e-con-boxed e-con e-parent\" data-id=\"7057187f\" data-element_type=\"container\" data-e-type=\"container\" data-settings=\"{&quot;background_background&quot;:&quot;classic&quot;}\">\n\t\t\t\t\t<div class=\"e-con-inner\">\n\t\t<div class=\"elementor-element elementor-element-0009fa3 e-con-full e-flex e-con e-child\" data-id=\"0009fa3\" data-element_type=\"container\" data-e-type=\"container\" data-settings=\"{&quot;background_background&quot;:&quot;classic&quot;}\">\n\t\t\t\t<div class=\"elementor-element elementor-element-ef2156a elementor-widget elementor-widget-text-editor\" data-id=\"ef2156a\" data-element_type=\"widget\" data-e-type=\"widget\" data-widget_type=\"text-editor.default\">\n\t\t\t\t\t\t\t\t\t<p><strong>Asseguran\u00e7a d&#8217;assist\u00e8ncia a Esqu\u00ed<\/strong> , per cobrir la pr\u00e0ctica del teu esport d&#8217;hivern preferit amb cobertura <strong>Espanyola, Europea i Mundial<\/strong> . B\u00e9 sigui en <strong>esqu\u00ed alp\u00ed, de fons, de travessia,<\/strong> o de qualsevol altra modalitat a la neu, qualsevol imprevist pot engegar amb la nostra jornada o la nostra setmana d&#8217;esqu\u00ed. Assegureu-vos que, passi el que passi, tornar\u00e0s a casa teva i fins i tot podr\u00e0s rescabalar-te de les despeses realitzades i que no has pogut gaudir.<\/p>\t\t\t\t\t\t\t\t<\/div>\n\t\t\t\t<\/div>\n\t\t<div class=\"elementor-element elementor-element-ec6adc2 e-con-full e-flex e-con e-child\" data-id=\"ec6adc2\" data-element_type=\"container\" data-e-type=\"container\" data-settings=\"{&quot;background_background&quot;:&quot;classic&quot;}\">\n\t\t\t\t<div class=\"elementor-element elementor-element-2fa97a80 elementor-widget elementor-widget-text-editor\" data-id=\"2fa97a80\" data-element_type=\"widget\" data-e-type=\"widget\" data-widget_type=\"text-editor.default\">\n\t\t\t\t\t\t\t\t\t<h3 class=\"wp-block-heading\">Cobertures de l&#8217;asseguran\u00e7a d&#8217;assist\u00e8ncia a Esqu\u00ed<\/h3><div class=\"wp-block-columns\"><div class=\"wp-block-column\"><ul><li>Despeses m\u00e8diques. En cas de malaltia sobrevinguda ( <strong>incl\u00f2s COVID-19<\/strong> ) o accident de l&#8217;assegurat esdevingut amb car\u00e0cter imprevist en el transcurs d&#8217;un viatge, fins a 3.000 euros a Espanya i 20.000 euros a la resta del m\u00f3n.<\/li><li>Perllongament d&#8217;estada a l&#8217;hotel per malaltia o accident, fins a 75 euros\/dia (m\u00e0xim 14 dies).<\/li><li>Trasllat sanitari de malalts i ferits.<\/li><li>Trasllat de restes mortals.<\/li><li>Tornada dels assegurats acompanyants.<\/li><li>Reincorporaci\u00f3 al pla de viatge.<\/li><li>Enviament de medicaments a lestranger, fins al l\u00edmit de 100 euros.<\/li><li>Despla\u00e7ament duna persona per acompanyar a lAssegurat hospitalitzat.<\/li><li>Despeses d&#8217;estada d&#8217;una persona per acompanyar l&#8217;assegurat hospitalitzat fins a 100 euros\/dia (m\u00e0xim 10 dies).<\/li><li>Enviament d&#8217;un xofer per causa m\u00e8dica.<\/li><li>Tornada de l&#8217;assegurat en cas de defunci\u00f3 d&#8217;un familiar.<\/li><li>Acompanyament de menors o persones dependents.<\/li><li>Acompanyament de restes mortals, fins al l\u00edmit de 100 euros\/dia (m\u00e0xim 10 dies).<\/li><li>Tornada anticipada per sinistre greu.<\/li><li>Tornada de l&#8217;assegurat en cas d&#8217;hospitalitzaci\u00f3 d&#8217;un familiar. Incl\u00f2s Despla\u00e7ament Acompanyant in situ, fins a 20 euros\/dia (m\u00e0xim 10 dies).<\/li><li>Trasllat a hospital en cas durg\u00e8ncia.<\/li><li>Despeses estada acompanyant a cl\u00ednica, fins a 100 euros\/dia (m\u00e0xim 10 dies)<\/li><li>Cerca i localitzaci\u00f3 dequipatges.<\/li><li>Enviament dobjectes personals.<\/li><li>Anul\u00b7laci\u00f3 de viatge no iniciat, fins al l\u00edmit econ\u00f2mic corresponent a l&#8217;opci\u00f3 contractada (300 euros, 600 euros, 1.000 euros, 1.500 euros, 3.000 euros, 6.000 euros).<\/li><\/ul><\/div><div class=\"wp-block-column\"><ul><li>P\u00e8rdua, danys i robatori d&#8217;equipatge facturat fins al l\u00edmit de 1.500 euros. Danys a l&#8217;exterior de l&#8217;equipatge fins a 100 euros.<\/li><li>Demora de l\u00b4equipatge, fins al l\u00edmit 150 euros.<\/li><li>Reemborsament de despeses per demora de viatge fins al l\u00edmit de 150 euros.<\/li><li>Responsabilitat civil privada, fins al l\u00edmit de 15.000 euros.<\/li><li>Asseguran\u00e7a d&#8217;Accidents fins al l\u00edmit de 10.000 euros.<\/li><li>Robatori objectes de valor, queden compresos fins a 50% de la suma assegurada sobre el conjunt de l&#8217;equipatge.<\/li><li>P\u00e8rdua o robatori de documents de viatge, fins al l\u00edmit de 100 euros.<\/li><li>P\u00e8rdua de connexi\u00f3 de vol, fins al l\u00edmit de 150 euros.<\/li><li>Despeses d&#8217;auxili a pista, fins a 3.000 euros.<\/li><li>Pagament de crosses en cas d&#8217;accident fins a 120 euros.<\/li><li>Reemborsament de forfet, fins a 50 euros\/dia (m\u00e0xim 10 dies)<\/li><li>Reemborsament de les classes, fins a 50 euros\/dia (m\u00e0xim 10 dies).<\/li><li>Indemnitzaci\u00f3 per robatori, p\u00e8rdua o dany de lequipatge i material esportiu, fins a 1.500 euros.<\/li><li>Danys i robatori d\u02bbequipatge, fins al l\u00edmit de 750 euros.<\/li><li>Demora de l\u00b4equipatge de material esportiu, fins a 150 euros.<\/li><li>Cerca i rescat de l&#8217;assegurat, fins a 3.000 euros.<\/li><li>Extensi\u00f3 de viatge obligada, fins al l\u00edmit de 100 euros\/dia (m\u00e0xim 5 dies).<\/li><li>Despeses de lloguer per trencament accidental del material esportiu, fins a 300 euros.<\/li><li>Tancament de pistes durant m\u00e9s de 24 hores consecutives, fins a 50 euros\/dia (m\u00e0xim 3 dies).<\/li><\/ul><\/div><\/div>\t\t\t\t\t\t\t\t<\/div>\n\t\t\t\t<\/div>\n\t\t<div class=\"elementor-element elementor-element-1000918 e-con-full e-flex e-con e-child\" data-id=\"1000918\" data-element_type=\"container\" data-e-type=\"container\" data-settings=\"{&quot;background_background&quot;:&quot;classic&quot;}\">\n\t\t\t\t<div class=\"elementor-element elementor-element-9546fa2 elementor-widget elementor-widget-text-editor\" data-id=\"9546fa2\" data-element_type=\"widget\" data-e-type=\"widget\" data-widget_type=\"text-editor.default\">\n\t\t\t\t\t\t\t\t\t<h3 class=\"wp-block-heading\">Recomanacions per viatjar<\/h3><p><a href=\"https:\/\/www.urquiabas.com\/recomendaciones-para-viajar\/\" target=\"_blank\" rel=\"noopener\"><u><strong>Aqu\u00ed<\/strong><\/u><\/a> podeu veure les nostres recomanacions per tenir un bon viatge.<\/p>\t\t\t\t\t\t\t\t<\/div>\n\t\t\t\t<\/div>\n\t\t<div class=\"elementor-element elementor-element-3b9dd10 e-con-full e-flex e-con e-child\" data-id=\"3b9dd10\" data-element_type=\"container\" data-e-type=\"container\" data-settings=\"{&quot;background_background&quot;:&quot;classic&quot;}\">\n\t\t\t\t<div class=\"elementor-element elementor-element-770e244 elementor-widget elementor-widget-text-editor\" data-id=\"770e244\" data-element_type=\"widget\" data-e-type=\"widget\" data-widget_type=\"text-editor.default\">\n\t\t\t\t\t\t\t\t\t<h3 class=\"wp-block-heading\">Com puc ajudar-te?<\/h3><div class=\"col-9 formulario-final\"><p>Per fer-te arribar un projecte d&#8217;Asseguran\u00e7a d&#8217;Assist\u00e8ncia a Esqu\u00ed, sense cap comprom\u00eds per part teva, deixa&#8217;m les teves dades i em posar\u00e9 en contacte amb tu el m\u00e9s aviat possible.<\/p><\/div>\t\t\t\t\t\t\t\t<\/div>\n\t\t\t\t<\/div>\n\t\t\t\t\t<\/div>\n\t\t\t\t<\/div>\n\t\t<div class=\"elementor-element elementor-element-bffa68b e-flex e-con-boxed e-con e-parent\" data-id=\"bffa68b\" data-element_type=\"container\" data-e-type=\"container\">\n\t\t\t\t\t<div class=\"e-con-inner\">\n\t\t\t\t<div class=\"elementor-element elementor-element-25f6c08 elementor-widget elementor-widget-text-editor\" data-id=\"25f6c08\" data-element_type=\"widget\" data-e-type=\"widget\" data-widget_type=\"text-editor.default\">\n\t\t\t\t\t\t\t\t\t<iframe id=\"tarificador\" class=\"w-full\" src=\"http:\/\/tarificadores.urquiabas.com\/forms\/ski?h=0\"><\/iframe>\t\t\t\t\t\t\t\t<\/div>\n\t\t\t\t\t<\/div>\n\t\t\t\t<\/div>\n\t\t\t\t<\/div>\n\t\t","protected":false},"excerpt":{"rendered":"<p>Asseguran\u00e7a d&#8217;assist\u00e8ncia a Esqu\u00ed , per cobrir la pr\u00e0ctica del teu esport d&#8217;hivern preferit amb cobertura Espanyola, Europea i Mundial . B\u00e9 sigui en esqu\u00ed alp\u00ed, de fons, de travessia, o de qualsevol altra modalitat a la neu, qualsevol imprevist pot engegar amb la nostra jornada o la nostra setmana d&#8217;esqu\u00ed. Assegureu-vos que, passi el [&hellip;]<\/p>\n","protected":false},"author":84,"featured_media":16208,"parent":0,"menu_order":0,"comment_status":"closed","ping_status":"closed","template":"","meta":{"_acf_changed":true,"inline_featured_image":false,"footnotes":""},"class_list":["post-16213","page","type-page","status-publish","has-post-thumbnail","hentry"],"acf":{"contacte":"imma","responsable":"Inma Mayoral","descripcio_contacte":"Departamento Comercial","text_responsable":"Inicio la gesti\u00f3n comercial en el sector de Turismo Activo en el a\u00f1o 2010. Desde entonces estoy muy pendiente de la actualidad del sector, para ofrecerte constantes mejoras en nuestras soluciones. Hoy, ya son m\u00e1s de 950 empresas las que han concertado sus seguros con nuestra corredur\u00eda.","contacte_responsable_telefon":"621 28 89 74","contacte_responsable_email":"imayoral@urquiabas.com","odoo":"https:\/\/tarificadores.urquiabas.com\/forms\/ski\/?u=24&o=1&h=0","cta":"\u00a1Calcula y contrata!","foto_responsable":"https:\/\/urquiabas.com\/wp-content\/uploads\/2023\/11\/BG_IMayoral-scaled.jpg","titulo":"Asseguran\u00e7a d\u00b4assist\u00e8ncia en esqu\u00ed","id_nex":"275"},"yoast_head":"<!-- This site is optimized with the Yoast SEO plugin v27.4 - https:\/\/yoast.com\/product\/yoast-seo-wordpress\/ -->\n<title>Asseguran\u00e7a d&#039;assist\u00e8ncia a la pr\u00e0ctica de l&#039;esqu\u00ed - Urqu\u00eda&amp;Bas<\/title>\n<meta name=\"description\" content=\"Amb l&#039;asseguran\u00e7a d&#039;Assist\u00e8ncia a Esqu\u00ed, gaudeix de l&#039;experi\u00e8ncia, sabent que si alguna cosa dolenta et passa estarem al teu costat per resoldre&#039;l. Imprescindible.\" \/>\n<meta name=\"robots\" content=\"index, follow, max-snippet:-1, max-image-preview:large, max-video-preview:-1\" \/>\n<link rel=\"canonical\" href=\"https:\/\/urquiabas.com\/seguro-asistencia-esqui\/\" \/>\n<meta property=\"og:locale\" content=\"ca_ES\" \/>\n<meta property=\"og:type\" content=\"article\" \/>\n<meta property=\"og:title\" content=\"Asseguran\u00e7a d&#039;assist\u00e8ncia a la pr\u00e0ctica de l&#039;esqu\u00ed - Urqu\u00eda&amp;Bas\" \/>\n<meta property=\"og:description\" content=\"Amb l&#039;asseguran\u00e7a d&#039;Assist\u00e8ncia a Esqu\u00ed, gaudeix de l&#039;experi\u00e8ncia, sabent que si alguna cosa dolenta et passa estarem al teu costat per resoldre&#039;l. Imprescindible.\" \/>\n<meta property=\"og:url\" content=\"https:\/\/urquiabas.com\/seguro-asistencia-esqui\/\" \/>\n<meta property=\"og:site_name\" content=\"Urqu\u00eda&amp;Bas\" \/>\n<meta property=\"article:publisher\" content=\"https:\/\/www.facebook.com\/UrquiaBas\/\" \/>\n<meta property=\"article:modified_time\" content=\"2025-12-03T11:44:46+00:00\" \/>\n<meta property=\"og:image\" content=\"https:\/\/urquiabas.com\/wp-content\/uploads\/2021\/02\/Header_esqui_new.jpg\" \/>\n\t<meta property=\"og:image:width\" content=\"1920\" \/>\n\t<meta property=\"og:image:height\" content=\"667\" \/>\n\t<meta property=\"og:image:type\" content=\"image\/jpeg\" \/>\n<meta name=\"twitter:card\" content=\"summary_large_image\" \/>\n<meta name=\"twitter:site\" content=\"@BasUrquia\" \/>\n<meta name=\"twitter:label1\" content=\"Temps estimat de lectura\" \/>\n\t<meta name=\"twitter:data1\" content=\"4 minuts\" \/>\n<script type=\"application\/ld+json\" class=\"yoast-schema-graph\">{\"@context\":\"https:\\\/\\\/schema.org\",\"@graph\":[{\"@type\":\"WebPage\",\"@id\":\"https:\\\/\\\/urquiabas.com\\\/seguro-asistencia-esqui\\\/\",\"url\":\"https:\\\/\\\/urquiabas.com\\\/seguro-asistencia-esqui\\\/\",\"name\":\"Asseguran\u00e7a d'assist\u00e8ncia a la pr\u00e0ctica de l'esqu\u00ed - Urqu\u00eda&amp;Bas\",\"isPartOf\":{\"@id\":\"https:\\\/\\\/urquiabas.com\\\/#website\"},\"primaryImageOfPage\":{\"@id\":\"https:\\\/\\\/urquiabas.com\\\/seguro-asistencia-esqui\\\/#primaryimage\"},\"image\":{\"@id\":\"https:\\\/\\\/urquiabas.com\\\/seguro-asistencia-esqui\\\/#primaryimage\"},\"thumbnailUrl\":\"https:\\\/\\\/urquiabas.com\\\/wp-content\\\/uploads\\\/2021\\\/02\\\/Header_esqui_new.jpg\",\"datePublished\":\"2021-02-09T11:24:45+00:00\",\"dateModified\":\"2025-12-03T11:44:46+00:00\",\"description\":\"Amb l'asseguran\u00e7a d'Assist\u00e8ncia a Esqu\u00ed, gaudeix de l'experi\u00e8ncia, sabent que si alguna cosa dolenta et passa estarem al teu costat per resoldre'l. Imprescindible.\",\"breadcrumb\":{\"@id\":\"https:\\\/\\\/urquiabas.com\\\/seguro-asistencia-esqui\\\/#breadcrumb\"},\"inLanguage\":\"ca\",\"potentialAction\":[{\"@type\":\"ReadAction\",\"target\":[\"https:\\\/\\\/urquiabas.com\\\/seguro-asistencia-esqui\\\/\"]}]},{\"@type\":\"ImageObject\",\"inLanguage\":\"ca\",\"@id\":\"https:\\\/\\\/urquiabas.com\\\/seguro-asistencia-esqui\\\/#primaryimage\",\"url\":\"https:\\\/\\\/urquiabas.com\\\/wp-content\\\/uploads\\\/2021\\\/02\\\/Header_esqui_new.jpg\",\"contentUrl\":\"https:\\\/\\\/urquiabas.com\\\/wp-content\\\/uploads\\\/2021\\\/02\\\/Header_esqui_new.jpg\",\"width\":1920,\"height\":667,\"caption\":\"Seguro de asistencia en la pr\u00e1ctica del esqu\u00ed\"},{\"@type\":\"BreadcrumbList\",\"@id\":\"https:\\\/\\\/urquiabas.com\\\/seguro-asistencia-esqui\\\/#breadcrumb\",\"itemListElement\":[{\"@type\":\"ListItem\",\"position\":1,\"name\":\"Portada\",\"item\":\"https:\\\/\\\/urquiabas.com\\\/\"},{\"@type\":\"ListItem\",\"position\":2,\"name\":\"Asseguran\u00e7a d&#8217;assist\u00e8ncia a la pr\u00e0ctica de l&#8217;esqu\u00ed\"}]},{\"@type\":\"WebSite\",\"@id\":\"https:\\\/\\\/urquiabas.com\\\/#website\",\"url\":\"https:\\\/\\\/urquiabas.com\\\/\",\"name\":\"Urqu\u00eda&amp;Bas\",\"description\":\"Corredur\u00eda de seguros | Lleida\",\"publisher\":{\"@id\":\"https:\\\/\\\/urquiabas.com\\\/#organization\"},\"potentialAction\":[{\"@type\":\"SearchAction\",\"target\":{\"@type\":\"EntryPoint\",\"urlTemplate\":\"https:\\\/\\\/urquiabas.com\\\/?s={search_term_string}\"},\"query-input\":{\"@type\":\"PropertyValueSpecification\",\"valueRequired\":true,\"valueName\":\"search_term_string\"}}],\"inLanguage\":\"ca\"},{\"@type\":\"Organization\",\"@id\":\"https:\\\/\\\/urquiabas.com\\\/#organization\",\"name\":\"Urquia & Bas S.L\",\"url\":\"https:\\\/\\\/urquiabas.com\\\/\",\"logo\":{\"@type\":\"ImageObject\",\"inLanguage\":\"ca\",\"@id\":\"https:\\\/\\\/urquiabas.com\\\/#\\\/schema\\\/logo\\\/image\\\/\",\"url\":\"https:\\\/\\\/urquiabas.com\\\/wp-content\\\/uploads\\\/2018\\\/03\\\/logoubmail2018.jpg\",\"contentUrl\":\"https:\\\/\\\/urquiabas.com\\\/wp-content\\\/uploads\\\/2018\\\/03\\\/logoubmail2018.jpg\",\"width\":258,\"height\":61,\"caption\":\"Urquia & Bas S.L\"},\"image\":{\"@id\":\"https:\\\/\\\/urquiabas.com\\\/#\\\/schema\\\/logo\\\/image\\\/\"},\"sameAs\":[\"https:\\\/\\\/www.facebook.com\\\/UrquiaBas\\\/\",\"https:\\\/\\\/x.com\\\/BasUrquia\",\"https:\\\/\\\/www.instagram.com\\\/urquiabas\\\/\",\"https:\\\/\\\/www.linkedin.com\\\/company\\\/3125928\\\/\"]}]}<\/script>\n<!-- \/ Yoast SEO plugin. -->","yoast_head_json":{"title":"Asseguran\u00e7a d'assist\u00e8ncia a la pr\u00e0ctica de l'esqu\u00ed - Urqu\u00eda&amp;Bas","description":"Amb l'asseguran\u00e7a d'Assist\u00e8ncia a Esqu\u00ed, gaudeix de l'experi\u00e8ncia, sabent que si alguna cosa dolenta et passa estarem al teu costat per resoldre'l. Imprescindible.","robots":{"index":"index","follow":"follow","max-snippet":"max-snippet:-1","max-image-preview":"max-image-preview:large","max-video-preview":"max-video-preview:-1"},"canonical":"https:\/\/urquiabas.com\/seguro-asistencia-esqui\/","og_locale":"ca_ES","og_type":"article","og_title":"Asseguran\u00e7a d'assist\u00e8ncia a la pr\u00e0ctica de l'esqu\u00ed - Urqu\u00eda&amp;Bas","og_description":"Amb l'asseguran\u00e7a d'Assist\u00e8ncia a Esqu\u00ed, gaudeix de l'experi\u00e8ncia, sabent que si alguna cosa dolenta et passa estarem al teu costat per resoldre'l. Imprescindible.","og_url":"https:\/\/urquiabas.com\/seguro-asistencia-esqui\/","og_site_name":"Urqu\u00eda&amp;Bas","article_publisher":"https:\/\/www.facebook.com\/UrquiaBas\/","article_modified_time":"2025-12-03T11:44:46+00:00","og_image":[{"width":1920,"height":667,"url":"https:\/\/urquiabas.com\/wp-content\/uploads\/2021\/02\/Header_esqui_new.jpg","type":"image\/jpeg"}],"twitter_card":"summary_large_image","twitter_site":"@BasUrquia","twitter_misc":{"Temps estimat de lectura":"4 minuts"},"schema":{"@context":"https:\/\/schema.org","@graph":[{"@type":"WebPage","@id":"https:\/\/urquiabas.com\/seguro-asistencia-esqui\/","url":"https:\/\/urquiabas.com\/seguro-asistencia-esqui\/","name":"Asseguran\u00e7a d'assist\u00e8ncia a la pr\u00e0ctica de l'esqu\u00ed - Urqu\u00eda&amp;Bas","isPartOf":{"@id":"https:\/\/urquiabas.com\/#website"},"primaryImageOfPage":{"@id":"https:\/\/urquiabas.com\/seguro-asistencia-esqui\/#primaryimage"},"image":{"@id":"https:\/\/urquiabas.com\/seguro-asistencia-esqui\/#primaryimage"},"thumbnailUrl":"https:\/\/urquiabas.com\/wp-content\/uploads\/2021\/02\/Header_esqui_new.jpg","datePublished":"2021-02-09T11:24:45+00:00","dateModified":"2025-12-03T11:44:46+00:00","description":"Amb l'asseguran\u00e7a d'Assist\u00e8ncia a Esqu\u00ed, gaudeix de l'experi\u00e8ncia, sabent que si alguna cosa dolenta et passa estarem al teu costat per resoldre'l. Imprescindible.","breadcrumb":{"@id":"https:\/\/urquiabas.com\/seguro-asistencia-esqui\/#breadcrumb"},"inLanguage":"ca","potentialAction":[{"@type":"ReadAction","target":["https:\/\/urquiabas.com\/seguro-asistencia-esqui\/"]}]},{"@type":"ImageObject","inLanguage":"ca","@id":"https:\/\/urquiabas.com\/seguro-asistencia-esqui\/#primaryimage","url":"https:\/\/urquiabas.com\/wp-content\/uploads\/2021\/02\/Header_esqui_new.jpg","contentUrl":"https:\/\/urquiabas.com\/wp-content\/uploads\/2021\/02\/Header_esqui_new.jpg","width":1920,"height":667,"caption":"Seguro de asistencia en la pr\u00e1ctica del esqu\u00ed"},{"@type":"BreadcrumbList","@id":"https:\/\/urquiabas.com\/seguro-asistencia-esqui\/#breadcrumb","itemListElement":[{"@type":"ListItem","position":1,"name":"Portada","item":"https:\/\/urquiabas.com\/"},{"@type":"ListItem","position":2,"name":"Asseguran\u00e7a d&#8217;assist\u00e8ncia a la pr\u00e0ctica de l&#8217;esqu\u00ed"}]},{"@type":"WebSite","@id":"https:\/\/urquiabas.com\/#website","url":"https:\/\/urquiabas.com\/","name":"Urqu\u00eda&amp;Bas","description":"Corredur\u00eda de seguros | Lleida","publisher":{"@id":"https:\/\/urquiabas.com\/#organization"},"potentialAction":[{"@type":"SearchAction","target":{"@type":"EntryPoint","urlTemplate":"https:\/\/urquiabas.com\/?s={search_term_string}"},"query-input":{"@type":"PropertyValueSpecification","valueRequired":true,"valueName":"search_term_string"}}],"inLanguage":"ca"},{"@type":"Organization","@id":"https:\/\/urquiabas.com\/#organization","name":"Urquia & Bas S.L","url":"https:\/\/urquiabas.com\/","logo":{"@type":"ImageObject","inLanguage":"ca","@id":"https:\/\/urquiabas.com\/#\/schema\/logo\/image\/","url":"https:\/\/urquiabas.com\/wp-content\/uploads\/2018\/03\/logoubmail2018.jpg","contentUrl":"https:\/\/urquiabas.com\/wp-content\/uploads\/2018\/03\/logoubmail2018.jpg","width":258,"height":61,"caption":"Urquia & Bas S.L"},"image":{"@id":"https:\/\/urquiabas.com\/#\/schema\/logo\/image\/"},"sameAs":["https:\/\/www.facebook.com\/UrquiaBas\/","https:\/\/x.com\/BasUrquia","https:\/\/www.instagram.com\/urquiabas\/","https:\/\/www.linkedin.com\/company\/3125928\/"]}]}},"_links":{"self":[{"href":"https:\/\/urquiabas.com\/ca\/wp-json\/wp\/v2\/pages\/16213","targetHints":{"allow":["GET"]}}],"collection":[{"href":"https:\/\/urquiabas.com\/ca\/wp-json\/wp\/v2\/pages"}],"about":[{"href":"https:\/\/urquiabas.com\/ca\/wp-json\/wp\/v2\/types\/page"}],"author":[{"embeddable":true,"href":"https:\/\/urquiabas.com\/ca\/wp-json\/wp\/v2\/users\/84"}],"replies":[{"embeddable":true,"href":"https:\/\/urquiabas.com\/ca\/wp-json\/wp\/v2\/comments?post=16213"}],"version-history":[{"count":0,"href":"https:\/\/urquiabas.com\/ca\/wp-json\/wp\/v2\/pages\/16213\/revisions"}],"wp:featuredmedia":[{"embeddable":true,"href":"https:\/\/urquiabas.com\/ca\/wp-json\/wp\/v2\/media\/16208"}],"wp:attachment":[{"href":"https:\/\/urquiabas.com\/ca\/wp-json\/wp\/v2\/media?parent=16213"}],"curies":[{"name":"wp","href":"https:\/\/api.w.org\/{rel}","templated":true}]}}