{"id":16251,"date":"2021-02-10T11:23:57","date_gmt":"2021-02-10T11:23:57","guid":{"rendered":"http:\/\/urquiabas.com\/?page_id=16251"},"modified":"2025-12-04T10:08:51","modified_gmt":"2025-12-04T09:08:51","slug":"seguros-colectivos","status":"publish","type":"page","link":"https:\/\/urquiabas.com\/ca\/seguros-colectivos\/","title":{"rendered":"Col\u00b7lectius"},"content":{"rendered":"\t\t<div data-elementor-type=\"wp-page\" data-elementor-id=\"16251\" class=\"elementor elementor-16251 elementor-16244\" data-elementor-post-type=\"page\">\n\t\t\t\t<div class=\"elementor-element elementor-element-4bdfaf69 e-flex e-con-boxed e-con e-parent\" data-id=\"4bdfaf69\" data-element_type=\"container\" data-e-type=\"container\" data-settings=\"{&quot;background_background&quot;:&quot;classic&quot;}\">\n\t\t\t\t\t<div class=\"e-con-inner\">\n\t\t<div class=\"elementor-element elementor-element-cf32801 e-con-full e-flex e-con e-child\" data-id=\"cf32801\" data-element_type=\"container\" data-e-type=\"container\" data-settings=\"{&quot;background_background&quot;:&quot;classic&quot;}\">\n\t\t\t\t<div class=\"elementor-element elementor-element-2a74e18 elementor-widget elementor-widget-text-editor\" data-id=\"2a74e18\" data-element_type=\"widget\" data-e-type=\"widget\" data-widget_type=\"text-editor.default\">\n\t\t\t\t\t\t\t\t\t\n<p>Hi ha assegurances col\u00b7lectives en diversos \u00e0mbits i necessitats de cobertura.<\/p>\n\n<p>Pel que fa a les assegurances sobre les persones, podem classificar-les en cinc grups:<\/p>\n\n<ul class=\"wp-block-list\">\n<li>Asseguran\u00e7a d&#8217;accidents<\/li>\n\n<li>Assegurances de Vida<\/li>\n\n<li>Assegurances de Conveni<\/li>\n\n<li>Assegurances de Salut<\/li>\n\n<li>Plans de pensions d&#8217;ocupaci\u00f3<\/li>\n\n<li>Assist\u00e8ncia en viatge<\/li>\n<\/ul>\n\t\t\t\t\t\t\t\t<\/div>\n\t\t\t\t<\/div>\n\t\t<div class=\"elementor-element elementor-element-7cc3236 e-con-full e-flex e-con e-child\" data-id=\"7cc3236\" data-element_type=\"container\" data-e-type=\"container\" data-settings=\"{&quot;background_background&quot;:&quot;classic&quot;}\">\n\t\t\t\t<div class=\"elementor-element elementor-element-28b49d7f elementor-widget elementor-widget-text-editor\" data-id=\"28b49d7f\" data-element_type=\"widget\" data-e-type=\"widget\" data-widget_type=\"text-editor.default\">\n\t\t\t\t\t\t\t\t\t<h2>A qui ens dirigim<\/h2><p>Aquestes assegurances es contracten per un prenedor -persona f\u00edsica o jur\u00eddica- interessada a donar cobertura a un grup de persones que comparteixen activitat o inter\u00e8s com\u00fa i en qu\u00e8 es paga un preu per assegurat per a unes condicions pr\u00e8viament pactades.<\/p><p>Hi ha col\u00b7lectius d&#8217;empresa, entitats associatives, esportives, recreatives, professionals. Tamb\u00e9 hi ha col\u00b7lectius a nivell educatiu, com \u00e9s el cas de l&#8217;asseguran\u00e7a escolar o la de campaments d&#8217;estiu. Un altre exemple pot ser un col\u00b7lectiu de clients als quals una empresa afavoreix amb la contractaci\u00f3 d&#8217;aquest tipus d&#8217;assegurances col\u00b7lectives, com a instrument de vinculaci\u00f3 i fidelitzaci\u00f3.<\/p><p>A <strong>Urquia <span style=\"color: #8a2533;\">&amp;<\/span> Bas<\/strong> us podem orientar a prop de la millor manera d&#8217;afavorir els vostres treballadors, socis, voluntaris, clients, etc. mitjan\u00e7ant una asseguran\u00e7a col\u00b7lectiva.<\/p><p><strong>Consultar cobertures:<\/strong><\/p>\t\t\t\t\t\t\t\t<\/div>\n\t\t<div class=\"elementor-element elementor-element-0563520 e-grid e-con-boxed e-con e-child\" data-id=\"0563520\" data-element_type=\"container\" data-e-type=\"container\">\n\t\t\t\t\t<div class=\"e-con-inner\">\n\t\t\t\t<div class=\"elementor-element elementor-element-6ec8219 boton-grid elementor-widget elementor-widget-button\" data-id=\"6ec8219\" data-element_type=\"widget\" data-e-type=\"widget\" data-widget_type=\"button.default\">\n\t\t\t\t\t\t\t\t\t\t<a class=\"elementor-button elementor-button-link elementor-size-sm\" href=\"https:\/\/urquiabas.com\/ca\/seguro-de-accidentes-para-colectivos\/\">\n\t\t\t\t\t\t<span class=\"elementor-button-content-wrapper\">\n\t\t\t\t\t\t\t\t\t<span class=\"elementor-button-text\">Accidents<\/span>\n\t\t\t\t\t<\/span>\n\t\t\t\t\t<\/a>\n\t\t\t\t\t\t\t\t<\/div>\n\t\t\t\t<div class=\"elementor-element elementor-element-6847eb2 elementor-widescreen-align-center boton-grid elementor-widget elementor-widget-button\" data-id=\"6847eb2\" data-element_type=\"widget\" data-e-type=\"widget\" data-widget_type=\"button.default\">\n\t\t\t\t\t\t\t\t\t\t<a class=\"elementor-button elementor-button-link elementor-size-sm\" href=\"https:\/\/urquiabas.com\/ca\/seguro-de-vida-para-colectivos\/\">\n\t\t\t\t\t\t<span class=\"elementor-button-content-wrapper\">\n\t\t\t\t\t\t\t\t\t<span class=\"elementor-button-text\">vida<\/span>\n\t\t\t\t\t<\/span>\n\t\t\t\t\t<\/a>\n\t\t\t\t\t\t\t\t<\/div>\n\t\t\t\t<div class=\"elementor-element elementor-element-4ccc7fc boton-grid elementor-widget elementor-widget-button\" data-id=\"4ccc7fc\" data-element_type=\"widget\" data-e-type=\"widget\" data-widget_type=\"button.default\">\n\t\t\t\t\t\t\t\t\t\t<a class=\"elementor-button elementor-button-link elementor-size-sm\" href=\"https:\/\/urquiabas.com\/ca\/asseguranca-de-convenis-col%c2%b7lectius\/\">\n\t\t\t\t\t\t<span class=\"elementor-button-content-wrapper\">\n\t\t\t\t\t\t\t\t\t<span class=\"elementor-button-text\">Convenis<\/span>\n\t\t\t\t\t<\/span>\n\t\t\t\t\t<\/a>\n\t\t\t\t\t\t\t\t<\/div>\n\t\t\t\t<div class=\"elementor-element elementor-element-ffd0a21 boton-grid elementor-widget elementor-widget-button\" data-id=\"ffd0a21\" data-element_type=\"widget\" data-e-type=\"widget\" data-widget_type=\"button.default\">\n\t\t\t\t\t\t\t\t\t\t<a class=\"elementor-button elementor-button-link elementor-size-sm\" href=\"https:\/\/urquiabas.com\/ca\/asseguranca-dassistencia-sanitaria-per-a-col%c2%b7lectius\/\">\n\t\t\t\t\t\t<span class=\"elementor-button-content-wrapper\">\n\t\t\t\t\t\t\t\t\t<span class=\"elementor-button-text\">Salut o assist\u00e8ncia sanit\u00e0ria<\/span>\n\t\t\t\t\t<\/span>\n\t\t\t\t\t<\/a>\n\t\t\t\t\t\t\t\t<\/div>\n\t\t\t\t<div class=\"elementor-element elementor-element-4ddf682 boton-grid elementor-widget elementor-widget-button\" data-id=\"4ddf682\" data-element_type=\"widget\" data-e-type=\"widget\" data-widget_type=\"button.default\">\n\t\t\t\t\t\t\t\t\t\t<a class=\"elementor-button elementor-button-link elementor-size-sm\" href=\"https:\/\/urquiabas.com\/ca\/seguro-de-planes-de-pensiones\/\">\n\t\t\t\t\t\t<span class=\"elementor-button-content-wrapper\">\n\t\t\t\t\t\t\t\t\t<span class=\"elementor-button-text\">Plans de pensions d'ocupaci\u00f3<\/span>\n\t\t\t\t\t<\/span>\n\t\t\t\t\t<\/a>\n\t\t\t\t\t\t\t\t<\/div>\n\t\t\t\t<div class=\"elementor-element elementor-element-464d100 boton-grid elementor-widget elementor-widget-button\" data-id=\"464d100\" data-element_type=\"widget\" data-e-type=\"widget\" data-widget_type=\"button.default\">\n\t\t\t\t\t\t\t\t\t\t<a class=\"elementor-button elementor-button-link elementor-size-sm\" href=\"https:\/\/urquiabas.com\/ca\/seguros-para-asistencia-en-viaje-colectivos\/\">\n\t\t\t\t\t\t<span class=\"elementor-button-content-wrapper\">\n\t\t\t\t\t\t\t\t\t<span class=\"elementor-button-text\">Asistencia de viaje<\/span>\n\t\t\t\t\t<\/span>\n\t\t\t\t\t<\/a>\n\t\t\t\t\t\t\t\t<\/div>\n\t\t\t\t\t<\/div>\n\t\t\t\t<\/div>\n\t\t<div class=\"elementor-element elementor-element-18a76ef e-con-full e-flex e-con e-child\" data-id=\"18a76ef\" data-element_type=\"container\" data-e-type=\"container\" data-settings=\"{&quot;background_background&quot;:&quot;classic&quot;}\">\n\t\t\t\t<div class=\"elementor-element elementor-element-829b397 elementor-widget elementor-widget-text-editor\" data-id=\"829b397\" data-element_type=\"widget\" data-e-type=\"widget\" data-widget_type=\"text-editor.default\">\n\t\t\t\t\t\t\t\t\t<h3 class=\"wp-block-heading\">Com puc ajudar-te?<\/h3><p>Deixa&#8217;m les teves dades i em posar\u00e9 en contacte amb tu al m\u00e9s aviat possible.<\/p>\t\t\t\t\t\t\t\t<\/div>\n\t\t\t\t<div class=\"elementor-element elementor-element-feb22b2 elementor-widget elementor-widget-text-editor\" data-id=\"feb22b2\" data-element_type=\"widget\" data-e-type=\"widget\" data-widget_type=\"text-editor.default\">\n\t\t\t\t\t\t\t\t\t<iframe id=\"tarificador\" class=\"w-full\" src=\"http:\/\/tarificadores.urquiabas.com\/forms\/colectivos?h=0\" frameborder=\"0\" allowfullscreen=\"allowfullscreen\"><\/iframe>\t\t\t\t\t\t\t\t<\/div>\n\t\t\t\t<\/div>\n\t\t\t\t<\/div>\n\t\t\t\t\t<\/div>\n\t\t\t\t<\/div>\n\t\t\t\t<\/div>\n\t\t","protected":false},"excerpt":{"rendered":"<p>Hi ha assegurances col\u00b7lectives en diversos \u00e0mbits i necessitats de cobertura. Pel que fa a les assegurances sobre les persones, podem classificar-les en cinc grups: Asseguran\u00e7a d&#8217;accidents Assegurances de Vida Assegurances de Conveni Assegurances de Salut Plans de pensions d&#8217;ocupaci\u00f3 Assist\u00e8ncia en viatge A qui ens dirigim Aquestes assegurances es contracten per un prenedor -persona [&hellip;]<\/p>\n","protected":false},"author":84,"featured_media":16247,"parent":0,"menu_order":0,"comment_status":"closed","ping_status":"closed","template":"","meta":{"_acf_changed":false,"inline_featured_image":false,"footnotes":""},"class_list":["post-16251","page","type-page","status-publish","has-post-thumbnail","hentry"],"acf":{"contacte":"ramon","iframe":"","video_youtube":"","contractar_extern":"","text_responsable":"","foto_responsable":"https:\/\/urquiabas.com\/wp-content\/uploads\/2023\/11\/BG_Yurena-2-scaled.jpg","titulo":"Assegurances per a Col\u00b7lectius","id_nex":"294","subtitulo":"ASSEGURANCES PER A ASSIST\u00c8NCIA, ACCIDENTS I VIDA PER A COL\u00b7LECTIUS","odoo":"https:\/\/tarificadores.urquiabas.com\/forms\/contacto\/?u=24&o=1&h=0","descripcio_contacte":"Producci\u00f3 i Suplements","contacte_responsable_telefon":"621 27 79 94","contacte_responsable_email":"yurena.alvarez@urquiabas.com","responsable":"Yurena \u00c1lvarez","cta":"\u00a1Calcula i contracta!"},"yoast_head":"<!-- This site is optimized with the Yoast SEO plugin v27.4 - https:\/\/yoast.com\/product\/yoast-seo-wordpress\/ -->\n<title>Col\u00b7lectius - Urqu\u00eda&amp;Bas<\/title>\n<meta name=\"description\" content=\"Aquestes assegurances es contracten per un prenedor -f\u00edsica o jur\u00eddica- interessada a donar cobertura a un grup de persones que comparteixen activitat\" \/>\n<meta name=\"robots\" content=\"index, follow, max-snippet:-1, max-image-preview:large, max-video-preview:-1\" \/>\n<link rel=\"canonical\" href=\"https:\/\/urquiabas.com\/ca\/seguros-colectivos\/\" \/>\n<meta property=\"og:locale\" content=\"ca_ES\" \/>\n<meta property=\"og:type\" content=\"article\" \/>\n<meta property=\"og:title\" content=\"Col\u00b7lectius - Urqu\u00eda&amp;Bas\" \/>\n<meta property=\"og:description\" content=\"Aquestes assegurances es contracten per un prenedor -f\u00edsica o jur\u00eddica- interessada a donar cobertura a un grup de persones que comparteixen activitat\" \/>\n<meta property=\"og:url\" content=\"https:\/\/urquiabas.com\/ca\/seguros-colectivos\/\" \/>\n<meta property=\"og:site_name\" content=\"Urqu\u00eda&amp;Bas\" \/>\n<meta property=\"article:publisher\" content=\"https:\/\/www.facebook.com\/UrquiaBas\/\" \/>\n<meta property=\"article:modified_time\" content=\"2025-12-04T09:08:51+00:00\" \/>\n<meta property=\"og:image\" content=\"https:\/\/urquiabas.com\/wp-content\/uploads\/2021\/02\/slider_1920_colectivos.jpg\" \/>\n\t<meta property=\"og:image:width\" content=\"1920\" \/>\n\t<meta property=\"og:image:height\" content=\"667\" \/>\n\t<meta property=\"og:image:type\" content=\"image\/jpeg\" \/>\n<meta name=\"twitter:card\" content=\"summary_large_image\" \/>\n<meta name=\"twitter:site\" content=\"@BasUrquia\" \/>\n<meta name=\"twitter:label1\" content=\"Temps estimat de lectura\" \/>\n\t<meta name=\"twitter:data1\" content=\"1 minut\" \/>\n<script type=\"application\/ld+json\" class=\"yoast-schema-graph\">{\"@context\":\"https:\\\/\\\/schema.org\",\"@graph\":[{\"@type\":\"WebPage\",\"@id\":\"https:\\\/\\\/urquiabas.com\\\/ca\\\/seguros-colectivos\\\/\",\"url\":\"https:\\\/\\\/urquiabas.com\\\/ca\\\/seguros-colectivos\\\/\",\"name\":\"Col\u00b7lectius - Urqu\u00eda&amp;Bas\",\"isPartOf\":{\"@id\":\"https:\\\/\\\/urquiabas.com\\\/#website\"},\"primaryImageOfPage\":{\"@id\":\"https:\\\/\\\/urquiabas.com\\\/ca\\\/seguros-colectivos\\\/#primaryimage\"},\"image\":{\"@id\":\"https:\\\/\\\/urquiabas.com\\\/ca\\\/seguros-colectivos\\\/#primaryimage\"},\"thumbnailUrl\":\"https:\\\/\\\/urquiabas.com\\\/wp-content\\\/uploads\\\/2021\\\/02\\\/slider_1920_colectivos.jpg\",\"datePublished\":\"2021-02-10T11:23:57+00:00\",\"dateModified\":\"2025-12-04T09:08:51+00:00\",\"description\":\"Aquestes assegurances es contracten per un prenedor -f\u00edsica o jur\u00eddica- interessada a donar cobertura a un grup de persones que comparteixen activitat\",\"breadcrumb\":{\"@id\":\"https:\\\/\\\/urquiabas.com\\\/ca\\\/seguros-colectivos\\\/#breadcrumb\"},\"inLanguage\":\"ca\",\"potentialAction\":[{\"@type\":\"ReadAction\",\"target\":[\"https:\\\/\\\/urquiabas.com\\\/ca\\\/seguros-colectivos\\\/\"]}]},{\"@type\":\"ImageObject\",\"inLanguage\":\"ca\",\"@id\":\"https:\\\/\\\/urquiabas.com\\\/ca\\\/seguros-colectivos\\\/#primaryimage\",\"url\":\"https:\\\/\\\/urquiabas.com\\\/wp-content\\\/uploads\\\/2021\\\/02\\\/slider_1920_colectivos.jpg\",\"contentUrl\":\"https:\\\/\\\/urquiabas.com\\\/wp-content\\\/uploads\\\/2021\\\/02\\\/slider_1920_colectivos.jpg\",\"width\":1920,\"height\":667,\"caption\":\"Colectivos\"},{\"@type\":\"BreadcrumbList\",\"@id\":\"https:\\\/\\\/urquiabas.com\\\/ca\\\/seguros-colectivos\\\/#breadcrumb\",\"itemListElement\":[{\"@type\":\"ListItem\",\"position\":1,\"name\":\"Portada\",\"item\":\"https:\\\/\\\/urquiabas.com\\\/\"},{\"@type\":\"ListItem\",\"position\":2,\"name\":\"Col\u00b7lectius\"}]},{\"@type\":\"WebSite\",\"@id\":\"https:\\\/\\\/urquiabas.com\\\/#website\",\"url\":\"https:\\\/\\\/urquiabas.com\\\/\",\"name\":\"Urqu\u00eda&amp;Bas\",\"description\":\"Corredur\u00eda de seguros | Lleida\",\"publisher\":{\"@id\":\"https:\\\/\\\/urquiabas.com\\\/#organization\"},\"potentialAction\":[{\"@type\":\"SearchAction\",\"target\":{\"@type\":\"EntryPoint\",\"urlTemplate\":\"https:\\\/\\\/urquiabas.com\\\/?s={search_term_string}\"},\"query-input\":{\"@type\":\"PropertyValueSpecification\",\"valueRequired\":true,\"valueName\":\"search_term_string\"}}],\"inLanguage\":\"ca\"},{\"@type\":\"Organization\",\"@id\":\"https:\\\/\\\/urquiabas.com\\\/#organization\",\"name\":\"Urquia & Bas S.L\",\"url\":\"https:\\\/\\\/urquiabas.com\\\/\",\"logo\":{\"@type\":\"ImageObject\",\"inLanguage\":\"ca\",\"@id\":\"https:\\\/\\\/urquiabas.com\\\/#\\\/schema\\\/logo\\\/image\\\/\",\"url\":\"https:\\\/\\\/urquiabas.com\\\/wp-content\\\/uploads\\\/2018\\\/03\\\/logoubmail2018.jpg\",\"contentUrl\":\"https:\\\/\\\/urquiabas.com\\\/wp-content\\\/uploads\\\/2018\\\/03\\\/logoubmail2018.jpg\",\"width\":258,\"height\":61,\"caption\":\"Urquia & Bas S.L\"},\"image\":{\"@id\":\"https:\\\/\\\/urquiabas.com\\\/#\\\/schema\\\/logo\\\/image\\\/\"},\"sameAs\":[\"https:\\\/\\\/www.facebook.com\\\/UrquiaBas\\\/\",\"https:\\\/\\\/x.com\\\/BasUrquia\",\"https:\\\/\\\/www.instagram.com\\\/urquiabas\\\/\",\"https:\\\/\\\/www.linkedin.com\\\/company\\\/3125928\\\/\"]}]}<\/script>\n<!-- \/ Yoast SEO plugin. -->","yoast_head_json":{"title":"Col\u00b7lectius - Urqu\u00eda&amp;Bas","description":"Aquestes assegurances es contracten per un prenedor -f\u00edsica o jur\u00eddica- interessada a donar cobertura a un grup de persones que comparteixen activitat","robots":{"index":"index","follow":"follow","max-snippet":"max-snippet:-1","max-image-preview":"max-image-preview:large","max-video-preview":"max-video-preview:-1"},"canonical":"https:\/\/urquiabas.com\/ca\/seguros-colectivos\/","og_locale":"ca_ES","og_type":"article","og_title":"Col\u00b7lectius - Urqu\u00eda&amp;Bas","og_description":"Aquestes assegurances es contracten per un prenedor -f\u00edsica o jur\u00eddica- interessada a donar cobertura a un grup de persones que comparteixen activitat","og_url":"https:\/\/urquiabas.com\/ca\/seguros-colectivos\/","og_site_name":"Urqu\u00eda&amp;Bas","article_publisher":"https:\/\/www.facebook.com\/UrquiaBas\/","article_modified_time":"2025-12-04T09:08:51+00:00","og_image":[{"width":1920,"height":667,"url":"https:\/\/urquiabas.com\/wp-content\/uploads\/2021\/02\/slider_1920_colectivos.jpg","type":"image\/jpeg"}],"twitter_card":"summary_large_image","twitter_site":"@BasUrquia","twitter_misc":{"Temps estimat de lectura":"1 minut"},"schema":{"@context":"https:\/\/schema.org","@graph":[{"@type":"WebPage","@id":"https:\/\/urquiabas.com\/ca\/seguros-colectivos\/","url":"https:\/\/urquiabas.com\/ca\/seguros-colectivos\/","name":"Col\u00b7lectius - Urqu\u00eda&amp;Bas","isPartOf":{"@id":"https:\/\/urquiabas.com\/#website"},"primaryImageOfPage":{"@id":"https:\/\/urquiabas.com\/ca\/seguros-colectivos\/#primaryimage"},"image":{"@id":"https:\/\/urquiabas.com\/ca\/seguros-colectivos\/#primaryimage"},"thumbnailUrl":"https:\/\/urquiabas.com\/wp-content\/uploads\/2021\/02\/slider_1920_colectivos.jpg","datePublished":"2021-02-10T11:23:57+00:00","dateModified":"2025-12-04T09:08:51+00:00","description":"Aquestes assegurances es contracten per un prenedor -f\u00edsica o jur\u00eddica- interessada a donar cobertura a un grup de persones que comparteixen activitat","breadcrumb":{"@id":"https:\/\/urquiabas.com\/ca\/seguros-colectivos\/#breadcrumb"},"inLanguage":"ca","potentialAction":[{"@type":"ReadAction","target":["https:\/\/urquiabas.com\/ca\/seguros-colectivos\/"]}]},{"@type":"ImageObject","inLanguage":"ca","@id":"https:\/\/urquiabas.com\/ca\/seguros-colectivos\/#primaryimage","url":"https:\/\/urquiabas.com\/wp-content\/uploads\/2021\/02\/slider_1920_colectivos.jpg","contentUrl":"https:\/\/urquiabas.com\/wp-content\/uploads\/2021\/02\/slider_1920_colectivos.jpg","width":1920,"height":667,"caption":"Colectivos"},{"@type":"BreadcrumbList","@id":"https:\/\/urquiabas.com\/ca\/seguros-colectivos\/#breadcrumb","itemListElement":[{"@type":"ListItem","position":1,"name":"Portada","item":"https:\/\/urquiabas.com\/"},{"@type":"ListItem","position":2,"name":"Col\u00b7lectius"}]},{"@type":"WebSite","@id":"https:\/\/urquiabas.com\/#website","url":"https:\/\/urquiabas.com\/","name":"Urqu\u00eda&amp;Bas","description":"Corredur\u00eda de seguros | Lleida","publisher":{"@id":"https:\/\/urquiabas.com\/#organization"},"potentialAction":[{"@type":"SearchAction","target":{"@type":"EntryPoint","urlTemplate":"https:\/\/urquiabas.com\/?s={search_term_string}"},"query-input":{"@type":"PropertyValueSpecification","valueRequired":true,"valueName":"search_term_string"}}],"inLanguage":"ca"},{"@type":"Organization","@id":"https:\/\/urquiabas.com\/#organization","name":"Urquia & Bas S.L","url":"https:\/\/urquiabas.com\/","logo":{"@type":"ImageObject","inLanguage":"ca","@id":"https:\/\/urquiabas.com\/#\/schema\/logo\/image\/","url":"https:\/\/urquiabas.com\/wp-content\/uploads\/2018\/03\/logoubmail2018.jpg","contentUrl":"https:\/\/urquiabas.com\/wp-content\/uploads\/2018\/03\/logoubmail2018.jpg","width":258,"height":61,"caption":"Urquia & Bas S.L"},"image":{"@id":"https:\/\/urquiabas.com\/#\/schema\/logo\/image\/"},"sameAs":["https:\/\/www.facebook.com\/UrquiaBas\/","https:\/\/x.com\/BasUrquia","https:\/\/www.instagram.com\/urquiabas\/","https:\/\/www.linkedin.com\/company\/3125928\/"]}]}},"_links":{"self":[{"href":"https:\/\/urquiabas.com\/ca\/wp-json\/wp\/v2\/pages\/16251","targetHints":{"allow":["GET"]}}],"collection":[{"href":"https:\/\/urquiabas.com\/ca\/wp-json\/wp\/v2\/pages"}],"about":[{"href":"https:\/\/urquiabas.com\/ca\/wp-json\/wp\/v2\/types\/page"}],"author":[{"embeddable":true,"href":"https:\/\/urquiabas.com\/ca\/wp-json\/wp\/v2\/users\/84"}],"replies":[{"embeddable":true,"href":"https:\/\/urquiabas.com\/ca\/wp-json\/wp\/v2\/comments?post=16251"}],"version-history":[{"count":0,"href":"https:\/\/urquiabas.com\/ca\/wp-json\/wp\/v2\/pages\/16251\/revisions"}],"wp:featuredmedia":[{"embeddable":true,"href":"https:\/\/urquiabas.com\/ca\/wp-json\/wp\/v2\/media\/16247"}],"wp:attachment":[{"href":"https:\/\/urquiabas.com\/ca\/wp-json\/wp\/v2\/media?parent=16251"}],"curies":[{"name":"wp","href":"https:\/\/api.w.org\/{rel}","templated":true}]}}