{"id":16272,"date":"2021-02-10T15:23:26","date_gmt":"2021-02-10T15:23:26","guid":{"rendered":"http:\/\/urquiabas.com\/?page_id=16272"},"modified":"2023-11-27T09:27:55","modified_gmt":"2023-11-27T08:27:55","slug":"seguro-de-vida-para-colectivos","status":"publish","type":"page","link":"https:\/\/urquiabas.com\/ca\/seguro-de-vida-para-colectivos\/","title":{"rendered":"Asseguran\u00e7a de vida per a col\u00b7lectius"},"content":{"rendered":"<p>L\u2019asseguran\u00e7a de vida cobreix el capital en cas de defunci\u00f3 o invalidesa de l\u2019assegurat com a conseq\u00fc\u00e8ncia de malaltia o accident i altres cobertures i serveis addicionals.<\/p>\n<p>Tots estem exposats a una malaltia o accident que ens deixi inhabilitats o, pitjor encara, ens provoqui la mort. Estar incl\u00f2s en l\u2019asseguran\u00e7a de vida permetr\u00e0 a l\u2019assegurat percebre un capital que redueixi les conseq\u00fc\u00e8ncies econ\u00f2miques d\u2019una malaltia greu o accident, en cas de nul\u00b7litat o, percebuda per la fam\u00edlia en cas de defunci\u00f3.<\/p>\n<p>\u00daltimament s\u2019han introdu\u00eft altres cobertures interessants, tal com, l\u2019avan\u00e7 del capital per malalties greus, o malalties terminals, lloguers anuals, aix\u00ed com serveis com els de testament\u00e0ria i mort.<\/p>\n<p>En l\u2019asseguran\u00e7a col\u00b7lectiva, les condicions de contractaci\u00f3 solen ser m\u00e9s avantatjoses que de forma individual, econ\u00f2micament parlant, encara que la cobertura sigui decidida pel contractista, de manera que l\u2019assegurat no podr\u00e0 modificar aquestes condicions segons els seus interessos particulars.<\/p>\n<p>El preu d\u2019aquestes assegurances \u00e9s atorgat pel capital contractat i el nombre d\u2019assegurats, per\u00f2 tamb\u00e9 t\u00e9 en compte l\u2019edat d\u2019aquests, ja que s\u2019ent\u00e9n que quan major sigui la persona, m\u00e9s risc de morir o de tenir una inv\u00e0lida per malaltia.<\/p>\n<h3 style=\"color: #8a2533;\">Avantatges vida<\/h3>\n<h4 style=\"color: #8a2533;\">Per a l&#8217;assegurat<\/h4>\n<ul>\n<li>Complementa la prestaci\u00f3 per invalidesa atorgada per la seguretat social, sempre que la cobertura coincideixi amb la classificaci\u00f3 d\u2019aquest organisme, \u00e9s a dir: \u00a0invalidesa absoluta i permanent, invalidesa total per a la professi\u00f3 habitual, gran Invalidesa, etc (veure definicions). En cas de defunci\u00f3, es complementat la pensi\u00f3 de vidu\u00eftat i\/o orfandat, si s\u2019escau.<\/li>\n<li>Incrementa la teva cobertura personal, acumulable a altres assegurances de vida o d\u2019accidents.<\/li>\n<\/ul>\n<h4 style=\"color: #8a2533;\">Per a l\u2019empresa o entitat que subscrigui a l\u2019asseguran\u00e7a:<\/h4>\n<ul>\n<li>Millora les relacions entre ella i l\u2019assegurat, ressaltant la preocupaci\u00f3 de la primera sobre la seva situaci\u00f3.<\/li>\n<li>Fidelitzar i motivar el treballador formant una asseguran\u00e7a com un altre vincle amb l\u2019empresa.<\/li>\n<li>\u00c9s una despesa dedu\u00efble.<\/li>\n<\/ul>\n<h3 style=\"color: #8a2533;\">Com puc ajudar-te?<\/h3>\n<p>Deixa&#8217;m les teves dades i em posar\u00e9 en contacte amb tu al m\u00e9s aviat possible.<\/p>\n","protected":false},"excerpt":{"rendered":"<p>L\u2019asseguran\u00e7a de vida cobreix el capital en cas de defunci\u00f3 o invalidesa de l\u2019assegurat com a conseq\u00fc\u00e8ncia de malaltia o accident i altres cobertures i serveis addicionals. Tots estem exposats a una malaltia o accident que ens deixi inhabilitats o, pitjor encara, ens provoqui la mort. Estar incl\u00f2s en l\u2019asseguran\u00e7a de vida permetr\u00e0 a l\u2019assegurat [&hellip;]<\/p>\n","protected":false},"author":5,"featured_media":16267,"parent":0,"menu_order":0,"comment_status":"closed","ping_status":"closed","template":"","meta":{"_acf_changed":false,"inline_featured_image":false,"footnotes":""},"class_list":["post-16272","page","type-page","status-publish","has-post-thumbnail","hentry"],"acf":{"titulo":"  Asseguran\u00e7a de vida per a col\u00b7lectius","id_nex":"294","contacte":"vanessa","contacte_responsable_email":"yurena.alvarez@urquiabas.com","foto_responsable":"https:\/\/urquiabas.com\/wp-content\/uploads\/2023\/11\/BG_Yurena-2-scaled.jpg"},"yoast_head":"<!-- This site is optimized with the Yoast SEO plugin v27.4 - https:\/\/yoast.com\/product\/yoast-seo-wordpress\/ -->\n<title>Asseguran\u00e7a de vida per a col\u00b7lectius - Urqu\u00eda&amp;Bas<\/title>\n<meta name=\"robots\" content=\"index, follow, max-snippet:-1, max-image-preview:large, max-video-preview:-1\" \/>\n<link rel=\"canonical\" href=\"https:\/\/urquiabas.com\/ca\/seguro-de-vida-para-colectivos\/\" \/>\n<meta property=\"og:locale\" content=\"ca_ES\" \/>\n<meta property=\"og:type\" content=\"article\" \/>\n<meta property=\"og:title\" content=\"Asseguran\u00e7a de vida per a col\u00b7lectius - Urqu\u00eda&amp;Bas\" \/>\n<meta property=\"og:description\" content=\"L\u2019asseguran\u00e7a de vida cobreix el capital en cas de defunci\u00f3 o invalidesa de l\u2019assegurat com a conseq\u00fc\u00e8ncia de malaltia o accident i altres cobertures i serveis addicionals. Tots estem exposats a una malaltia o accident que ens deixi inhabilitats o, pitjor encara, ens provoqui la mort. Estar incl\u00f2s en l\u2019asseguran\u00e7a de vida permetr\u00e0 a l\u2019assegurat [&hellip;]\" \/>\n<meta property=\"og:url\" content=\"https:\/\/urquiabas.com\/ca\/seguro-de-vida-para-colectivos\/\" \/>\n<meta property=\"og:site_name\" content=\"Urqu\u00eda&amp;Bas\" \/>\n<meta property=\"article:publisher\" content=\"https:\/\/www.facebook.com\/UrquiaBas\/\" \/>\n<meta property=\"article:modified_time\" content=\"2023-11-27T08:27:55+00:00\" \/>\n<meta property=\"og:image\" content=\"https:\/\/urquiabas.com\/wp-content\/uploads\/2021\/02\/Header_colectivos_vida_new.jpg\" \/>\n\t<meta property=\"og:image:width\" content=\"1920\" \/>\n\t<meta property=\"og:image:height\" content=\"654\" \/>\n\t<meta property=\"og:image:type\" content=\"image\/jpeg\" \/>\n<meta name=\"twitter:card\" content=\"summary_large_image\" \/>\n<meta name=\"twitter:site\" content=\"@BasUrquia\" \/>\n<meta name=\"twitter:label1\" content=\"Temps estimat de lectura\" \/>\n\t<meta name=\"twitter:data1\" content=\"2 minuts\" \/>\n<script type=\"application\/ld+json\" class=\"yoast-schema-graph\">{\"@context\":\"https:\\\/\\\/schema.org\",\"@graph\":[{\"@type\":\"WebPage\",\"@id\":\"https:\\\/\\\/urquiabas.com\\\/ca\\\/seguro-de-vida-para-colectivos\\\/\",\"url\":\"https:\\\/\\\/urquiabas.com\\\/ca\\\/seguro-de-vida-para-colectivos\\\/\",\"name\":\"Asseguran\u00e7a de vida per a col\u00b7lectius - Urqu\u00eda&amp;Bas\",\"isPartOf\":{\"@id\":\"https:\\\/\\\/urquiabas.com\\\/#website\"},\"primaryImageOfPage\":{\"@id\":\"https:\\\/\\\/urquiabas.com\\\/ca\\\/seguro-de-vida-para-colectivos\\\/#primaryimage\"},\"image\":{\"@id\":\"https:\\\/\\\/urquiabas.com\\\/ca\\\/seguro-de-vida-para-colectivos\\\/#primaryimage\"},\"thumbnailUrl\":\"https:\\\/\\\/urquiabas.com\\\/wp-content\\\/uploads\\\/2021\\\/02\\\/Header_colectivos_vida_new.jpg\",\"datePublished\":\"2021-02-10T15:23:26+00:00\",\"dateModified\":\"2023-11-27T08:27:55+00:00\",\"breadcrumb\":{\"@id\":\"https:\\\/\\\/urquiabas.com\\\/ca\\\/seguro-de-vida-para-colectivos\\\/#breadcrumb\"},\"inLanguage\":\"ca\",\"potentialAction\":[{\"@type\":\"ReadAction\",\"target\":[\"https:\\\/\\\/urquiabas.com\\\/ca\\\/seguro-de-vida-para-colectivos\\\/\"]}]},{\"@type\":\"ImageObject\",\"inLanguage\":\"ca\",\"@id\":\"https:\\\/\\\/urquiabas.com\\\/ca\\\/seguro-de-vida-para-colectivos\\\/#primaryimage\",\"url\":\"https:\\\/\\\/urquiabas.com\\\/wp-content\\\/uploads\\\/2021\\\/02\\\/Header_colectivos_vida_new.jpg\",\"contentUrl\":\"https:\\\/\\\/urquiabas.com\\\/wp-content\\\/uploads\\\/2021\\\/02\\\/Header_colectivos_vida_new.jpg\",\"width\":1920,\"height\":654},{\"@type\":\"BreadcrumbList\",\"@id\":\"https:\\\/\\\/urquiabas.com\\\/ca\\\/seguro-de-vida-para-colectivos\\\/#breadcrumb\",\"itemListElement\":[{\"@type\":\"ListItem\",\"position\":1,\"name\":\"Portada\",\"item\":\"https:\\\/\\\/urquiabas.com\\\/\"},{\"@type\":\"ListItem\",\"position\":2,\"name\":\"Asseguran\u00e7a de vida per a col\u00b7lectius\"}]},{\"@type\":\"WebSite\",\"@id\":\"https:\\\/\\\/urquiabas.com\\\/#website\",\"url\":\"https:\\\/\\\/urquiabas.com\\\/\",\"name\":\"Urqu\u00eda&amp;Bas\",\"description\":\"Corredur\u00eda de seguros | Lleida\",\"publisher\":{\"@id\":\"https:\\\/\\\/urquiabas.com\\\/#organization\"},\"potentialAction\":[{\"@type\":\"SearchAction\",\"target\":{\"@type\":\"EntryPoint\",\"urlTemplate\":\"https:\\\/\\\/urquiabas.com\\\/?s={search_term_string}\"},\"query-input\":{\"@type\":\"PropertyValueSpecification\",\"valueRequired\":true,\"valueName\":\"search_term_string\"}}],\"inLanguage\":\"ca\"},{\"@type\":\"Organization\",\"@id\":\"https:\\\/\\\/urquiabas.com\\\/#organization\",\"name\":\"Urquia & Bas S.L\",\"url\":\"https:\\\/\\\/urquiabas.com\\\/\",\"logo\":{\"@type\":\"ImageObject\",\"inLanguage\":\"ca\",\"@id\":\"https:\\\/\\\/urquiabas.com\\\/#\\\/schema\\\/logo\\\/image\\\/\",\"url\":\"https:\\\/\\\/urquiabas.com\\\/wp-content\\\/uploads\\\/2018\\\/03\\\/logoubmail2018.jpg\",\"contentUrl\":\"https:\\\/\\\/urquiabas.com\\\/wp-content\\\/uploads\\\/2018\\\/03\\\/logoubmail2018.jpg\",\"width\":258,\"height\":61,\"caption\":\"Urquia & Bas S.L\"},\"image\":{\"@id\":\"https:\\\/\\\/urquiabas.com\\\/#\\\/schema\\\/logo\\\/image\\\/\"},\"sameAs\":[\"https:\\\/\\\/www.facebook.com\\\/UrquiaBas\\\/\",\"https:\\\/\\\/x.com\\\/BasUrquia\",\"https:\\\/\\\/www.instagram.com\\\/urquiabas\\\/\",\"https:\\\/\\\/www.linkedin.com\\\/company\\\/3125928\\\/\"]}]}<\/script>\n<!-- \/ Yoast SEO plugin. -->","yoast_head_json":{"title":"Asseguran\u00e7a de vida per a col\u00b7lectius - Urqu\u00eda&amp;Bas","robots":{"index":"index","follow":"follow","max-snippet":"max-snippet:-1","max-image-preview":"max-image-preview:large","max-video-preview":"max-video-preview:-1"},"canonical":"https:\/\/urquiabas.com\/ca\/seguro-de-vida-para-colectivos\/","og_locale":"ca_ES","og_type":"article","og_title":"Asseguran\u00e7a de vida per a col\u00b7lectius - Urqu\u00eda&amp;Bas","og_description":"L\u2019asseguran\u00e7a de vida cobreix el capital en cas de defunci\u00f3 o invalidesa de l\u2019assegurat com a conseq\u00fc\u00e8ncia de malaltia o accident i altres cobertures i serveis addicionals. Tots estem exposats a una malaltia o accident que ens deixi inhabilitats o, pitjor encara, ens provoqui la mort. Estar incl\u00f2s en l\u2019asseguran\u00e7a de vida permetr\u00e0 a l\u2019assegurat [&hellip;]","og_url":"https:\/\/urquiabas.com\/ca\/seguro-de-vida-para-colectivos\/","og_site_name":"Urqu\u00eda&amp;Bas","article_publisher":"https:\/\/www.facebook.com\/UrquiaBas\/","article_modified_time":"2023-11-27T08:27:55+00:00","og_image":[{"width":1920,"height":654,"url":"https:\/\/urquiabas.com\/wp-content\/uploads\/2021\/02\/Header_colectivos_vida_new.jpg","type":"image\/jpeg"}],"twitter_card":"summary_large_image","twitter_site":"@BasUrquia","twitter_misc":{"Temps estimat de lectura":"2 minuts"},"schema":{"@context":"https:\/\/schema.org","@graph":[{"@type":"WebPage","@id":"https:\/\/urquiabas.com\/ca\/seguro-de-vida-para-colectivos\/","url":"https:\/\/urquiabas.com\/ca\/seguro-de-vida-para-colectivos\/","name":"Asseguran\u00e7a de vida per a col\u00b7lectius - Urqu\u00eda&amp;Bas","isPartOf":{"@id":"https:\/\/urquiabas.com\/#website"},"primaryImageOfPage":{"@id":"https:\/\/urquiabas.com\/ca\/seguro-de-vida-para-colectivos\/#primaryimage"},"image":{"@id":"https:\/\/urquiabas.com\/ca\/seguro-de-vida-para-colectivos\/#primaryimage"},"thumbnailUrl":"https:\/\/urquiabas.com\/wp-content\/uploads\/2021\/02\/Header_colectivos_vida_new.jpg","datePublished":"2021-02-10T15:23:26+00:00","dateModified":"2023-11-27T08:27:55+00:00","breadcrumb":{"@id":"https:\/\/urquiabas.com\/ca\/seguro-de-vida-para-colectivos\/#breadcrumb"},"inLanguage":"ca","potentialAction":[{"@type":"ReadAction","target":["https:\/\/urquiabas.com\/ca\/seguro-de-vida-para-colectivos\/"]}]},{"@type":"ImageObject","inLanguage":"ca","@id":"https:\/\/urquiabas.com\/ca\/seguro-de-vida-para-colectivos\/#primaryimage","url":"https:\/\/urquiabas.com\/wp-content\/uploads\/2021\/02\/Header_colectivos_vida_new.jpg","contentUrl":"https:\/\/urquiabas.com\/wp-content\/uploads\/2021\/02\/Header_colectivos_vida_new.jpg","width":1920,"height":654},{"@type":"BreadcrumbList","@id":"https:\/\/urquiabas.com\/ca\/seguro-de-vida-para-colectivos\/#breadcrumb","itemListElement":[{"@type":"ListItem","position":1,"name":"Portada","item":"https:\/\/urquiabas.com\/"},{"@type":"ListItem","position":2,"name":"Asseguran\u00e7a de vida per a col\u00b7lectius"}]},{"@type":"WebSite","@id":"https:\/\/urquiabas.com\/#website","url":"https:\/\/urquiabas.com\/","name":"Urqu\u00eda&amp;Bas","description":"Corredur\u00eda de seguros | Lleida","publisher":{"@id":"https:\/\/urquiabas.com\/#organization"},"potentialAction":[{"@type":"SearchAction","target":{"@type":"EntryPoint","urlTemplate":"https:\/\/urquiabas.com\/?s={search_term_string}"},"query-input":{"@type":"PropertyValueSpecification","valueRequired":true,"valueName":"search_term_string"}}],"inLanguage":"ca"},{"@type":"Organization","@id":"https:\/\/urquiabas.com\/#organization","name":"Urquia & Bas S.L","url":"https:\/\/urquiabas.com\/","logo":{"@type":"ImageObject","inLanguage":"ca","@id":"https:\/\/urquiabas.com\/#\/schema\/logo\/image\/","url":"https:\/\/urquiabas.com\/wp-content\/uploads\/2018\/03\/logoubmail2018.jpg","contentUrl":"https:\/\/urquiabas.com\/wp-content\/uploads\/2018\/03\/logoubmail2018.jpg","width":258,"height":61,"caption":"Urquia & Bas S.L"},"image":{"@id":"https:\/\/urquiabas.com\/#\/schema\/logo\/image\/"},"sameAs":["https:\/\/www.facebook.com\/UrquiaBas\/","https:\/\/x.com\/BasUrquia","https:\/\/www.instagram.com\/urquiabas\/","https:\/\/www.linkedin.com\/company\/3125928\/"]}]}},"_links":{"self":[{"href":"https:\/\/urquiabas.com\/ca\/wp-json\/wp\/v2\/pages\/16272","targetHints":{"allow":["GET"]}}],"collection":[{"href":"https:\/\/urquiabas.com\/ca\/wp-json\/wp\/v2\/pages"}],"about":[{"href":"https:\/\/urquiabas.com\/ca\/wp-json\/wp\/v2\/types\/page"}],"author":[{"embeddable":true,"href":"https:\/\/urquiabas.com\/ca\/wp-json\/wp\/v2\/users\/5"}],"replies":[{"embeddable":true,"href":"https:\/\/urquiabas.com\/ca\/wp-json\/wp\/v2\/comments?post=16272"}],"version-history":[{"count":0,"href":"https:\/\/urquiabas.com\/ca\/wp-json\/wp\/v2\/pages\/16272\/revisions"}],"wp:featuredmedia":[{"embeddable":true,"href":"https:\/\/urquiabas.com\/ca\/wp-json\/wp\/v2\/media\/16267"}],"wp:attachment":[{"href":"https:\/\/urquiabas.com\/ca\/wp-json\/wp\/v2\/media?parent=16272"}],"curies":[{"name":"wp","href":"https:\/\/api.w.org\/{rel}","templated":true}]}}