{"id":16289,"date":"2021-02-11T09:16:20","date_gmt":"2021-02-11T09:16:20","guid":{"rendered":"http:\/\/urquiabas.com\/?page_id=16289"},"modified":"2023-11-27T09:27:58","modified_gmt":"2023-11-27T08:27:58","slug":"asseguranca-dassistencia-sanitaria-per-a-col%c2%b7lectius","status":"publish","type":"page","link":"https:\/\/urquiabas.com\/ca\/asseguranca-dassistencia-sanitaria-per-a-col%c2%b7lectius\/","title":{"rendered":"Asseguran\u00e7a d&#8217;assist\u00e8ncia sanit\u00e0ria per a col\u00b7lectius"},"content":{"rendered":"\n<p>Les assegurances de salut, en les diferents modalitats, cobreixen l&#8217;assist\u00e8ncia sanit\u00e0ria dels empleats o membres del col\u00b7lectiu, ja sigui en assist\u00e8ncia prim\u00e0ria com a especialista, a m\u00e9s de mitjans de diagn\u00f2stic, hospitalitzaci\u00f3 i intervenci\u00f3 quir\u00fargica.<\/p>\n\n<p>Aquesta asseguran\u00e7a es pot contractar per a totes les persones que pertanyen al col\u00b7lectiu o, per contra, nom\u00e9s a aquelles persones que volen adherir-se a la p\u00f2lissa.<\/p>\n\n<p>En general, l&#8217;empresa es limita a concretar les condicions de l&#8217;asseguran\u00e7a i posar-la a la disposici\u00f3 dels seus empleats i familiars directes. Tamb\u00e9 hi ha empreses que sufraguen tot o en part el preu de l&#8217;asseguran\u00e7a.<\/p>\n\n<p>A l&#8217;hora de contractar cal tenir en compte la modalitat d&#8217;asseguran\u00e7a que es vol subscriure, el nombre i l&#8217;edat dels assegurats, els terminis de car\u00e8ncia i les malalties preexistents.<\/p>\n\n<div class=\"wp-block-columns is-layout-flex wp-container-core-columns-is-layout-28f84493 wp-block-columns-is-layout-flex\">\n<div class=\"wp-block-column is-layout-flow wp-block-column-is-layout-flow\">\n<div class=\"wp-block-buttons is-layout-flex wp-block-buttons-is-layout-flex\">\n<div class=\"wp-block-button\"><a class=\"wp-block-button__link wp-element-button\">Demana informaci\u00f3<\/a><\/div>\n<\/div>\n<\/div>\n<\/div>\n\n<h3 class=\"wp-block-heading\">Avantatges<\/h3>\n\n<h4 class=\"wp-block-heading\">Per a l&#8217;empleat o membre del col\u00b7lectiu:<\/h4>\n\n<ul class=\"wp-block-list\">\n<li>En disposar d&#8217;assist\u00e8ncia sanit\u00e0ria privada, es facilita i agilitza el diagn\u00f2stic i el tractament posterior, cosa que permet una recuperaci\u00f3 m\u00e9s r\u00e0pida per a l&#8217;assegurat, ja que s&#8217;eviten les llistes d&#8217;espera de la Seguretat Social, especialment en aquelles patologies que no requereixen atenci\u00f3 urgent.<\/li>\n\n\n\n<li>Incrementa la seva cobertura personal ja que, com que \u00e9s m\u00e9s accessible l&#8217;\u00fas, l&#8217;assegurat pot tenir un control de la seva salut m\u00e9s regular i exhaustiu.<\/li>\n<\/ul>\n\n<h4 class=\"wp-block-heading\">Per a l&#8217;empresa o entitat que subscriu l&#8217;asseguran\u00e7a:<\/h4>\n\n<ul class=\"wp-block-list\">\n<li>La seva contractaci\u00f3 genera una actitud de respecte cap a una empresa o entitat que t\u00e9 cura de la salut dels treballadors o membres.<\/li>\n\n\n\n<li>Facilita l&#8217;entrada a assegurats que no ho podrien fer individualment, ja sigui per malalties prexistents o incapacitat econ\u00f2mica per subscriure-ho.<\/li>\n\n\n\n<li>Avan\u00e7ar la reincorporaci\u00f3 de l&#8217;empleat al seu lloc de treball, en evitar les llistes d&#8217;espera i, per tant, evitar que la baixa es prolongui innecess\u00e0riament.<\/li>\n\n\n\n<li>Un cost menor en tractar-se d&#8217;una asseguran\u00e7a col\u00b7lectiva, ja que com m\u00e9s assegurats m\u00e9s gran ser\u00e0 el descompte aplicat per l&#8217;asseguradora a la p\u00f2lissa.<\/li>\n<\/ul>\n\n<h3 class=\"wp-block-heading\">Com puc ajudar-te?<\/h3>\n\n<p>Deixa&#8217;m les teves dades i em posar\u00e9 en contacte amb tu al m\u00e9s aviat possible.<\/p>\n","protected":false},"excerpt":{"rendered":"<p>Les assegurances de salut, en les diferents modalitats, cobreixen l&#8217;assist\u00e8ncia sanit\u00e0ria dels empleats o membres del col\u00b7lectiu, ja sigui en assist\u00e8ncia prim\u00e0ria com a especialista, a m\u00e9s de mitjans de diagn\u00f2stic, hospitalitzaci\u00f3 i intervenci\u00f3 quir\u00fargica. Aquesta asseguran\u00e7a es pot contractar per a totes les persones que pertanyen al col\u00b7lectiu o, per contra, nom\u00e9s a aquelles [&hellip;]<\/p>\n","protected":false},"author":5,"featured_media":16284,"parent":0,"menu_order":0,"comment_status":"closed","ping_status":"closed","template":"","meta":{"_acf_changed":false,"inline_featured_image":false,"footnotes":""},"class_list":["post-16289","page","type-page","status-publish","has-post-thumbnail","hentry"],"acf":{"contacte":"ainhoa","titulo":"Asseguran\u00e7a d'assist\u00e8ncia sanit\u00e0ria per a col\u00b7lectius","id_nex":"294","contacte_responsable_email":"yurena.alvarez@urquiabas.com","foto_responsable":"https:\/\/urquiabas.com\/wp-content\/uploads\/2023\/11\/BG_Yurena-2-scaled.jpg"},"yoast_head":"<!-- This site is optimized with the Yoast SEO plugin v27.4 - https:\/\/yoast.com\/product\/yoast-seo-wordpress\/ -->\n<title>Asseguran\u00e7a d&#039;assist\u00e8ncia sanit\u00e0ria per a col\u00b7lectius - Urqu\u00eda&amp;Bas<\/title>\n<meta name=\"robots\" content=\"index, follow, max-snippet:-1, max-image-preview:large, max-video-preview:-1\" \/>\n<link rel=\"canonical\" href=\"https:\/\/urquiabas.com\/ca\/asseguranca-dassistencia-sanitaria-per-a-col\u00b7lectius\/\" \/>\n<meta property=\"og:locale\" content=\"ca_ES\" \/>\n<meta property=\"og:type\" content=\"article\" \/>\n<meta property=\"og:title\" content=\"Asseguran\u00e7a d&#039;assist\u00e8ncia sanit\u00e0ria per a col\u00b7lectius - Urqu\u00eda&amp;Bas\" \/>\n<meta property=\"og:description\" content=\"Les assegurances de salut, en les diferents modalitats, cobreixen l&#8217;assist\u00e8ncia sanit\u00e0ria dels empleats o membres del col\u00b7lectiu, ja sigui en assist\u00e8ncia prim\u00e0ria com a especialista, a m\u00e9s de mitjans de diagn\u00f2stic, hospitalitzaci\u00f3 i intervenci\u00f3 quir\u00fargica. Aquesta asseguran\u00e7a es pot contractar per a totes les persones que pertanyen al col\u00b7lectiu o, per contra, nom\u00e9s a aquelles [&hellip;]\" \/>\n<meta property=\"og:url\" content=\"https:\/\/urquiabas.com\/ca\/asseguranca-dassistencia-sanitaria-per-a-col\u00b7lectius\/\" \/>\n<meta property=\"og:site_name\" content=\"Urqu\u00eda&amp;Bas\" \/>\n<meta property=\"article:publisher\" content=\"https:\/\/www.facebook.com\/UrquiaBas\/\" \/>\n<meta property=\"article:modified_time\" content=\"2023-11-27T08:27:58+00:00\" \/>\n<meta property=\"og:image\" content=\"https:\/\/urquiabas.com\/wp-content\/uploads\/2021\/02\/Header_colectivos_salud_new.jpg\" \/>\n\t<meta property=\"og:image:width\" content=\"1920\" \/>\n\t<meta property=\"og:image:height\" content=\"551\" \/>\n\t<meta property=\"og:image:type\" content=\"image\/jpeg\" \/>\n<meta name=\"twitter:card\" content=\"summary_large_image\" \/>\n<meta name=\"twitter:site\" content=\"@BasUrquia\" \/>\n<meta name=\"twitter:label1\" content=\"Temps estimat de lectura\" \/>\n\t<meta name=\"twitter:data1\" content=\"2 minuts\" \/>\n<script type=\"application\/ld+json\" class=\"yoast-schema-graph\">{\"@context\":\"https:\\\/\\\/schema.org\",\"@graph\":[{\"@type\":\"WebPage\",\"@id\":\"https:\\\/\\\/urquiabas.com\\\/ca\\\/asseguranca-dassistencia-sanitaria-per-a-col%c2%b7lectius\\\/\",\"url\":\"https:\\\/\\\/urquiabas.com\\\/ca\\\/asseguranca-dassistencia-sanitaria-per-a-col%c2%b7lectius\\\/\",\"name\":\"Asseguran\u00e7a d'assist\u00e8ncia sanit\u00e0ria per a col\u00b7lectius - Urqu\u00eda&amp;Bas\",\"isPartOf\":{\"@id\":\"https:\\\/\\\/urquiabas.com\\\/#website\"},\"primaryImageOfPage\":{\"@id\":\"https:\\\/\\\/urquiabas.com\\\/ca\\\/asseguranca-dassistencia-sanitaria-per-a-col%c2%b7lectius\\\/#primaryimage\"},\"image\":{\"@id\":\"https:\\\/\\\/urquiabas.com\\\/ca\\\/asseguranca-dassistencia-sanitaria-per-a-col%c2%b7lectius\\\/#primaryimage\"},\"thumbnailUrl\":\"https:\\\/\\\/urquiabas.com\\\/wp-content\\\/uploads\\\/2021\\\/02\\\/Header_colectivos_salud_new.jpg\",\"datePublished\":\"2021-02-11T09:16:20+00:00\",\"dateModified\":\"2023-11-27T08:27:58+00:00\",\"breadcrumb\":{\"@id\":\"https:\\\/\\\/urquiabas.com\\\/ca\\\/asseguranca-dassistencia-sanitaria-per-a-col%c2%b7lectius\\\/#breadcrumb\"},\"inLanguage\":\"ca\",\"potentialAction\":[{\"@type\":\"ReadAction\",\"target\":[\"https:\\\/\\\/urquiabas.com\\\/ca\\\/asseguranca-dassistencia-sanitaria-per-a-col%c2%b7lectius\\\/\"]}]},{\"@type\":\"ImageObject\",\"inLanguage\":\"ca\",\"@id\":\"https:\\\/\\\/urquiabas.com\\\/ca\\\/asseguranca-dassistencia-sanitaria-per-a-col%c2%b7lectius\\\/#primaryimage\",\"url\":\"https:\\\/\\\/urquiabas.com\\\/wp-content\\\/uploads\\\/2021\\\/02\\\/Header_colectivos_salud_new.jpg\",\"contentUrl\":\"https:\\\/\\\/urquiabas.com\\\/wp-content\\\/uploads\\\/2021\\\/02\\\/Header_colectivos_salud_new.jpg\",\"width\":1920,\"height\":551},{\"@type\":\"BreadcrumbList\",\"@id\":\"https:\\\/\\\/urquiabas.com\\\/ca\\\/asseguranca-dassistencia-sanitaria-per-a-col%c2%b7lectius\\\/#breadcrumb\",\"itemListElement\":[{\"@type\":\"ListItem\",\"position\":1,\"name\":\"Portada\",\"item\":\"https:\\\/\\\/urquiabas.com\\\/\"},{\"@type\":\"ListItem\",\"position\":2,\"name\":\"Asseguran\u00e7a d&#8217;assist\u00e8ncia sanit\u00e0ria per a col\u00b7lectius\"}]},{\"@type\":\"WebSite\",\"@id\":\"https:\\\/\\\/urquiabas.com\\\/#website\",\"url\":\"https:\\\/\\\/urquiabas.com\\\/\",\"name\":\"Urqu\u00eda&amp;Bas\",\"description\":\"Corredur\u00eda de seguros | Lleida\",\"publisher\":{\"@id\":\"https:\\\/\\\/urquiabas.com\\\/#organization\"},\"potentialAction\":[{\"@type\":\"SearchAction\",\"target\":{\"@type\":\"EntryPoint\",\"urlTemplate\":\"https:\\\/\\\/urquiabas.com\\\/?s={search_term_string}\"},\"query-input\":{\"@type\":\"PropertyValueSpecification\",\"valueRequired\":true,\"valueName\":\"search_term_string\"}}],\"inLanguage\":\"ca\"},{\"@type\":\"Organization\",\"@id\":\"https:\\\/\\\/urquiabas.com\\\/#organization\",\"name\":\"Urquia & Bas S.L\",\"url\":\"https:\\\/\\\/urquiabas.com\\\/\",\"logo\":{\"@type\":\"ImageObject\",\"inLanguage\":\"ca\",\"@id\":\"https:\\\/\\\/urquiabas.com\\\/#\\\/schema\\\/logo\\\/image\\\/\",\"url\":\"https:\\\/\\\/urquiabas.com\\\/wp-content\\\/uploads\\\/2018\\\/03\\\/logoubmail2018.jpg\",\"contentUrl\":\"https:\\\/\\\/urquiabas.com\\\/wp-content\\\/uploads\\\/2018\\\/03\\\/logoubmail2018.jpg\",\"width\":258,\"height\":61,\"caption\":\"Urquia & Bas S.L\"},\"image\":{\"@id\":\"https:\\\/\\\/urquiabas.com\\\/#\\\/schema\\\/logo\\\/image\\\/\"},\"sameAs\":[\"https:\\\/\\\/www.facebook.com\\\/UrquiaBas\\\/\",\"https:\\\/\\\/x.com\\\/BasUrquia\",\"https:\\\/\\\/www.instagram.com\\\/urquiabas\\\/\",\"https:\\\/\\\/www.linkedin.com\\\/company\\\/3125928\\\/\"]}]}<\/script>\n<!-- \/ Yoast SEO plugin. -->","yoast_head_json":{"title":"Asseguran\u00e7a d'assist\u00e8ncia sanit\u00e0ria per a col\u00b7lectius - Urqu\u00eda&amp;Bas","robots":{"index":"index","follow":"follow","max-snippet":"max-snippet:-1","max-image-preview":"max-image-preview:large","max-video-preview":"max-video-preview:-1"},"canonical":"https:\/\/urquiabas.com\/ca\/asseguranca-dassistencia-sanitaria-per-a-col\u00b7lectius\/","og_locale":"ca_ES","og_type":"article","og_title":"Asseguran\u00e7a d'assist\u00e8ncia sanit\u00e0ria per a col\u00b7lectius - Urqu\u00eda&amp;Bas","og_description":"Les assegurances de salut, en les diferents modalitats, cobreixen l&#8217;assist\u00e8ncia sanit\u00e0ria dels empleats o membres del col\u00b7lectiu, ja sigui en assist\u00e8ncia prim\u00e0ria com a especialista, a m\u00e9s de mitjans de diagn\u00f2stic, hospitalitzaci\u00f3 i intervenci\u00f3 quir\u00fargica. Aquesta asseguran\u00e7a es pot contractar per a totes les persones que pertanyen al col\u00b7lectiu o, per contra, nom\u00e9s a aquelles [&hellip;]","og_url":"https:\/\/urquiabas.com\/ca\/asseguranca-dassistencia-sanitaria-per-a-col\u00b7lectius\/","og_site_name":"Urqu\u00eda&amp;Bas","article_publisher":"https:\/\/www.facebook.com\/UrquiaBas\/","article_modified_time":"2023-11-27T08:27:58+00:00","og_image":[{"width":1920,"height":551,"url":"https:\/\/urquiabas.com\/wp-content\/uploads\/2021\/02\/Header_colectivos_salud_new.jpg","type":"image\/jpeg"}],"twitter_card":"summary_large_image","twitter_site":"@BasUrquia","twitter_misc":{"Temps estimat de lectura":"2 minuts"},"schema":{"@context":"https:\/\/schema.org","@graph":[{"@type":"WebPage","@id":"https:\/\/urquiabas.com\/ca\/asseguranca-dassistencia-sanitaria-per-a-col%c2%b7lectius\/","url":"https:\/\/urquiabas.com\/ca\/asseguranca-dassistencia-sanitaria-per-a-col%c2%b7lectius\/","name":"Asseguran\u00e7a d'assist\u00e8ncia sanit\u00e0ria per a col\u00b7lectius - Urqu\u00eda&amp;Bas","isPartOf":{"@id":"https:\/\/urquiabas.com\/#website"},"primaryImageOfPage":{"@id":"https:\/\/urquiabas.com\/ca\/asseguranca-dassistencia-sanitaria-per-a-col%c2%b7lectius\/#primaryimage"},"image":{"@id":"https:\/\/urquiabas.com\/ca\/asseguranca-dassistencia-sanitaria-per-a-col%c2%b7lectius\/#primaryimage"},"thumbnailUrl":"https:\/\/urquiabas.com\/wp-content\/uploads\/2021\/02\/Header_colectivos_salud_new.jpg","datePublished":"2021-02-11T09:16:20+00:00","dateModified":"2023-11-27T08:27:58+00:00","breadcrumb":{"@id":"https:\/\/urquiabas.com\/ca\/asseguranca-dassistencia-sanitaria-per-a-col%c2%b7lectius\/#breadcrumb"},"inLanguage":"ca","potentialAction":[{"@type":"ReadAction","target":["https:\/\/urquiabas.com\/ca\/asseguranca-dassistencia-sanitaria-per-a-col%c2%b7lectius\/"]}]},{"@type":"ImageObject","inLanguage":"ca","@id":"https:\/\/urquiabas.com\/ca\/asseguranca-dassistencia-sanitaria-per-a-col%c2%b7lectius\/#primaryimage","url":"https:\/\/urquiabas.com\/wp-content\/uploads\/2021\/02\/Header_colectivos_salud_new.jpg","contentUrl":"https:\/\/urquiabas.com\/wp-content\/uploads\/2021\/02\/Header_colectivos_salud_new.jpg","width":1920,"height":551},{"@type":"BreadcrumbList","@id":"https:\/\/urquiabas.com\/ca\/asseguranca-dassistencia-sanitaria-per-a-col%c2%b7lectius\/#breadcrumb","itemListElement":[{"@type":"ListItem","position":1,"name":"Portada","item":"https:\/\/urquiabas.com\/"},{"@type":"ListItem","position":2,"name":"Asseguran\u00e7a d&#8217;assist\u00e8ncia sanit\u00e0ria per a col\u00b7lectius"}]},{"@type":"WebSite","@id":"https:\/\/urquiabas.com\/#website","url":"https:\/\/urquiabas.com\/","name":"Urqu\u00eda&amp;Bas","description":"Corredur\u00eda de seguros | Lleida","publisher":{"@id":"https:\/\/urquiabas.com\/#organization"},"potentialAction":[{"@type":"SearchAction","target":{"@type":"EntryPoint","urlTemplate":"https:\/\/urquiabas.com\/?s={search_term_string}"},"query-input":{"@type":"PropertyValueSpecification","valueRequired":true,"valueName":"search_term_string"}}],"inLanguage":"ca"},{"@type":"Organization","@id":"https:\/\/urquiabas.com\/#organization","name":"Urquia & Bas S.L","url":"https:\/\/urquiabas.com\/","logo":{"@type":"ImageObject","inLanguage":"ca","@id":"https:\/\/urquiabas.com\/#\/schema\/logo\/image\/","url":"https:\/\/urquiabas.com\/wp-content\/uploads\/2018\/03\/logoubmail2018.jpg","contentUrl":"https:\/\/urquiabas.com\/wp-content\/uploads\/2018\/03\/logoubmail2018.jpg","width":258,"height":61,"caption":"Urquia & Bas S.L"},"image":{"@id":"https:\/\/urquiabas.com\/#\/schema\/logo\/image\/"},"sameAs":["https:\/\/www.facebook.com\/UrquiaBas\/","https:\/\/x.com\/BasUrquia","https:\/\/www.instagram.com\/urquiabas\/","https:\/\/www.linkedin.com\/company\/3125928\/"]}]}},"_links":{"self":[{"href":"https:\/\/urquiabas.com\/ca\/wp-json\/wp\/v2\/pages\/16289","targetHints":{"allow":["GET"]}}],"collection":[{"href":"https:\/\/urquiabas.com\/ca\/wp-json\/wp\/v2\/pages"}],"about":[{"href":"https:\/\/urquiabas.com\/ca\/wp-json\/wp\/v2\/types\/page"}],"author":[{"embeddable":true,"href":"https:\/\/urquiabas.com\/ca\/wp-json\/wp\/v2\/users\/5"}],"replies":[{"embeddable":true,"href":"https:\/\/urquiabas.com\/ca\/wp-json\/wp\/v2\/comments?post=16289"}],"version-history":[{"count":0,"href":"https:\/\/urquiabas.com\/ca\/wp-json\/wp\/v2\/pages\/16289\/revisions"}],"wp:featuredmedia":[{"embeddable":true,"href":"https:\/\/urquiabas.com\/ca\/wp-json\/wp\/v2\/media\/16284"}],"wp:attachment":[{"href":"https:\/\/urquiabas.com\/ca\/wp-json\/wp\/v2\/media?parent=16289"}],"curies":[{"name":"wp","href":"https:\/\/api.w.org\/{rel}","templated":true}]}}