{"id":16306,"date":"2021-02-11T10:31:30","date_gmt":"2021-02-11T10:31:30","guid":{"rendered":"http:\/\/urquiabas.com\/?page_id=16306"},"modified":"2023-11-27T09:27:58","modified_gmt":"2023-11-27T08:27:58","slug":"seguros-para-asistencia-en-viaje-colectivos","status":"publish","type":"page","link":"https:\/\/urquiabas.com\/ca\/seguros-para-asistencia-en-viaje-colectivos\/","title":{"rendered":"Assegurances per a assist\u00e8ncia en viatge col\u00b7lectius"},"content":{"rendered":"\n<p>Les assegurances d&#8217;assist\u00e8ncia en viatge col\u00b7lectius ofereixen cobertures per als assegurats que es desplacen fora del seu domicili, a qualsevol part del m\u00f3n, per garantir conting\u00e8ncies com ara p\u00e8rdua i p\u00e8rdua d&#8217;equipatges, cancel\u00b7laci\u00f3 de vols, assist\u00e8ncia sanit\u00e0ria, repatriaci\u00f3, segrest i rescat , i moltes altres cobertures addicionals.<\/p>\n\n<p>Les assegurances d&#8217;assist\u00e8ncia en viatge col\u00b7lectius ofereixen cobertures per als assegurats que es desplacen fora del domicili, a qualsevol part del m\u00f3n, tant per q\u00fcestions de feina com de lleure. Hi ha infinitat de productes dissenyats espec\u00edficament per a diferents activitats, tant individual com col\u00b7lectives: per a empleats expatriats, estudiants de m\u00e0ster, pelegrins, aventurers, esquiadors, etc.<\/p>\n\n<p>Quan un \u00e9s fora del seu domicili poden sorgir situacions incomodes o dif\u00edcils de resoldre, ja sigui per q\u00fcestions econ\u00f2miques o, senzillament, de l&#8217;idioma. Si durant el viatge us sorgeix alguna conting\u00e8ncia, disposar d&#8217;aquest tipus d&#8217;asseguran\u00e7a us facilitar\u00e0 les coses.<\/p>\n\n<p>Tant empreses com institucions i altres tipus d&#8217;organitzacions disposen de la possibilitat de contractar aquest tipus d&#8217;asseguran\u00e7a, ja sigui de forma anual o temporal, amb qu\u00e8 vetllar per la seguretat i la tranquil\u00b7litat dels seus empleats, socis o membres.<\/p>\n\n<div class=\"wp-block-columns is-layout-flex wp-container-core-columns-is-layout-28f84493 wp-block-columns-is-layout-flex\">\n<div class=\"wp-block-column is-layout-flow wp-block-column-is-layout-flow\">\n<div class=\"wp-block-buttons is-layout-flex wp-block-buttons-is-layout-flex\">\n<div class=\"wp-block-button\"><a class=\"wp-block-button__link wp-element-button\">Solita informaci\u00f3<\/a><\/div>\n<\/div>\n<\/div>\n<\/div>\n\n<h3 class=\"wp-block-heading\">Com et puc ajudar?<\/h3>\n\n<p>Deixa&#8217;m les teves dades i em posar\u00e9 en contacte amb tu el m\u00e9s aviat possible.<\/p>\n","protected":false},"excerpt":{"rendered":"<p>Les assegurances d&#8217;assist\u00e8ncia en viatge col\u00b7lectius ofereixen cobertures per als assegurats que es desplacen fora del seu domicili, a qualsevol part del m\u00f3n, per garantir conting\u00e8ncies com ara p\u00e8rdua i p\u00e8rdua d&#8217;equipatges, cancel\u00b7laci\u00f3 de vols, assist\u00e8ncia sanit\u00e0ria, repatriaci\u00f3, segrest i rescat , i moltes altres cobertures addicionals. Les assegurances d&#8217;assist\u00e8ncia en viatge col\u00b7lectius ofereixen cobertures [&hellip;]<\/p>\n","protected":false},"author":5,"featured_media":16301,"parent":0,"menu_order":0,"comment_status":"closed","ping_status":"closed","template":"","meta":{"_acf_changed":false,"inline_featured_image":false,"footnotes":""},"class_list":["post-16306","page","type-page","status-publish","has-post-thumbnail","hentry"],"acf":{"contacte":"imma","titulo":"Asseguran\u00e7a assist\u00e8ncia en viatge per a col\u00b7lectius","id_nex":"275","contacte_responsable_email":"yurena.alvarez@urquiabas.com","foto_responsable":"https:\/\/urquiabas.com\/wp-content\/uploads\/2023\/11\/BG_Yurena-2-scaled.jpg"},"yoast_head":"<!-- This site is optimized with the Yoast SEO plugin v27.4 - https:\/\/yoast.com\/product\/yoast-seo-wordpress\/ -->\n<title>Assegurances per a assist\u00e8ncia en viatge col\u00b7lectius - Urqu\u00eda&amp;Bas<\/title>\n<meta name=\"description\" content=\"Asseguran\u00e7a assist\u00e8ncia en viatge per a col\u00b7lectius, per garantir conting\u00e8ncies tals com, p\u00e8rdua i p\u00e8rdua d&#039;equipatges, cancel\u00b7laci\u00f3 de vols etc.\" \/>\n<meta name=\"robots\" content=\"index, follow, max-snippet:-1, max-image-preview:large, max-video-preview:-1\" \/>\n<link rel=\"canonical\" href=\"https:\/\/urquiabas.com\/ca\/seguros-para-asistencia-en-viaje-colectivos\/\" \/>\n<meta property=\"og:locale\" content=\"ca_ES\" \/>\n<meta property=\"og:type\" content=\"article\" \/>\n<meta property=\"og:title\" content=\"Assegurances per a assist\u00e8ncia en viatge col\u00b7lectius - Urqu\u00eda&amp;Bas\" \/>\n<meta property=\"og:description\" content=\"Asseguran\u00e7a assist\u00e8ncia en viatge per a col\u00b7lectius, per garantir conting\u00e8ncies tals com, p\u00e8rdua i p\u00e8rdua d&#039;equipatges, cancel\u00b7laci\u00f3 de vols etc.\" \/>\n<meta property=\"og:url\" content=\"https:\/\/urquiabas.com\/ca\/seguros-para-asistencia-en-viaje-colectivos\/\" \/>\n<meta property=\"og:site_name\" content=\"Urqu\u00eda&amp;Bas\" \/>\n<meta property=\"article:publisher\" content=\"https:\/\/www.facebook.com\/UrquiaBas\/\" \/>\n<meta property=\"article:modified_time\" content=\"2023-11-27T08:27:58+00:00\" \/>\n<meta property=\"og:image\" content=\"https:\/\/urquiabas.com\/wp-content\/uploads\/2021\/02\/Header_asistencia_viaje_colectivos_new.jpg\" \/>\n\t<meta property=\"og:image:width\" content=\"1920\" \/>\n\t<meta property=\"og:image:height\" content=\"667\" \/>\n\t<meta property=\"og:image:type\" content=\"image\/jpeg\" \/>\n<meta name=\"twitter:card\" content=\"summary_large_image\" \/>\n<meta name=\"twitter:site\" content=\"@BasUrquia\" \/>\n<meta name=\"twitter:label1\" content=\"Temps estimat de lectura\" \/>\n\t<meta name=\"twitter:data1\" content=\"1 minut\" \/>\n<script type=\"application\/ld+json\" class=\"yoast-schema-graph\">{\"@context\":\"https:\\\/\\\/schema.org\",\"@graph\":[{\"@type\":\"WebPage\",\"@id\":\"https:\\\/\\\/urquiabas.com\\\/ca\\\/seguros-para-asistencia-en-viaje-colectivos\\\/\",\"url\":\"https:\\\/\\\/urquiabas.com\\\/ca\\\/seguros-para-asistencia-en-viaje-colectivos\\\/\",\"name\":\"Assegurances per a assist\u00e8ncia en viatge col\u00b7lectius - Urqu\u00eda&amp;Bas\",\"isPartOf\":{\"@id\":\"https:\\\/\\\/urquiabas.com\\\/#website\"},\"primaryImageOfPage\":{\"@id\":\"https:\\\/\\\/urquiabas.com\\\/ca\\\/seguros-para-asistencia-en-viaje-colectivos\\\/#primaryimage\"},\"image\":{\"@id\":\"https:\\\/\\\/urquiabas.com\\\/ca\\\/seguros-para-asistencia-en-viaje-colectivos\\\/#primaryimage\"},\"thumbnailUrl\":\"https:\\\/\\\/urquiabas.com\\\/wp-content\\\/uploads\\\/2021\\\/02\\\/Header_asistencia_viaje_colectivos_new.jpg\",\"datePublished\":\"2021-02-11T10:31:30+00:00\",\"dateModified\":\"2023-11-27T08:27:58+00:00\",\"description\":\"Asseguran\u00e7a assist\u00e8ncia en viatge per a col\u00b7lectius, per garantir conting\u00e8ncies tals com, p\u00e8rdua i p\u00e8rdua d'equipatges, cancel\u00b7laci\u00f3 de vols etc.\",\"breadcrumb\":{\"@id\":\"https:\\\/\\\/urquiabas.com\\\/ca\\\/seguros-para-asistencia-en-viaje-colectivos\\\/#breadcrumb\"},\"inLanguage\":\"ca\",\"potentialAction\":[{\"@type\":\"ReadAction\",\"target\":[\"https:\\\/\\\/urquiabas.com\\\/ca\\\/seguros-para-asistencia-en-viaje-colectivos\\\/\"]}]},{\"@type\":\"ImageObject\",\"inLanguage\":\"ca\",\"@id\":\"https:\\\/\\\/urquiabas.com\\\/ca\\\/seguros-para-asistencia-en-viaje-colectivos\\\/#primaryimage\",\"url\":\"https:\\\/\\\/urquiabas.com\\\/wp-content\\\/uploads\\\/2021\\\/02\\\/Header_asistencia_viaje_colectivos_new.jpg\",\"contentUrl\":\"https:\\\/\\\/urquiabas.com\\\/wp-content\\\/uploads\\\/2021\\\/02\\\/Header_asistencia_viaje_colectivos_new.jpg\",\"width\":1920,\"height\":667},{\"@type\":\"BreadcrumbList\",\"@id\":\"https:\\\/\\\/urquiabas.com\\\/ca\\\/seguros-para-asistencia-en-viaje-colectivos\\\/#breadcrumb\",\"itemListElement\":[{\"@type\":\"ListItem\",\"position\":1,\"name\":\"Portada\",\"item\":\"https:\\\/\\\/urquiabas.com\\\/\"},{\"@type\":\"ListItem\",\"position\":2,\"name\":\"Assegurances per a assist\u00e8ncia en viatge col\u00b7lectius\"}]},{\"@type\":\"WebSite\",\"@id\":\"https:\\\/\\\/urquiabas.com\\\/#website\",\"url\":\"https:\\\/\\\/urquiabas.com\\\/\",\"name\":\"Urqu\u00eda&amp;Bas\",\"description\":\"Corredur\u00eda de seguros | Lleida\",\"publisher\":{\"@id\":\"https:\\\/\\\/urquiabas.com\\\/#organization\"},\"potentialAction\":[{\"@type\":\"SearchAction\",\"target\":{\"@type\":\"EntryPoint\",\"urlTemplate\":\"https:\\\/\\\/urquiabas.com\\\/?s={search_term_string}\"},\"query-input\":{\"@type\":\"PropertyValueSpecification\",\"valueRequired\":true,\"valueName\":\"search_term_string\"}}],\"inLanguage\":\"ca\"},{\"@type\":\"Organization\",\"@id\":\"https:\\\/\\\/urquiabas.com\\\/#organization\",\"name\":\"Urquia & Bas S.L\",\"url\":\"https:\\\/\\\/urquiabas.com\\\/\",\"logo\":{\"@type\":\"ImageObject\",\"inLanguage\":\"ca\",\"@id\":\"https:\\\/\\\/urquiabas.com\\\/#\\\/schema\\\/logo\\\/image\\\/\",\"url\":\"https:\\\/\\\/urquiabas.com\\\/wp-content\\\/uploads\\\/2018\\\/03\\\/logoubmail2018.jpg\",\"contentUrl\":\"https:\\\/\\\/urquiabas.com\\\/wp-content\\\/uploads\\\/2018\\\/03\\\/logoubmail2018.jpg\",\"width\":258,\"height\":61,\"caption\":\"Urquia & Bas S.L\"},\"image\":{\"@id\":\"https:\\\/\\\/urquiabas.com\\\/#\\\/schema\\\/logo\\\/image\\\/\"},\"sameAs\":[\"https:\\\/\\\/www.facebook.com\\\/UrquiaBas\\\/\",\"https:\\\/\\\/x.com\\\/BasUrquia\",\"https:\\\/\\\/www.instagram.com\\\/urquiabas\\\/\",\"https:\\\/\\\/www.linkedin.com\\\/company\\\/3125928\\\/\"]}]}<\/script>\n<!-- \/ Yoast SEO plugin. -->","yoast_head_json":{"title":"Assegurances per a assist\u00e8ncia en viatge col\u00b7lectius - Urqu\u00eda&amp;Bas","description":"Asseguran\u00e7a assist\u00e8ncia en viatge per a col\u00b7lectius, per garantir conting\u00e8ncies tals com, p\u00e8rdua i p\u00e8rdua d'equipatges, cancel\u00b7laci\u00f3 de vols etc.","robots":{"index":"index","follow":"follow","max-snippet":"max-snippet:-1","max-image-preview":"max-image-preview:large","max-video-preview":"max-video-preview:-1"},"canonical":"https:\/\/urquiabas.com\/ca\/seguros-para-asistencia-en-viaje-colectivos\/","og_locale":"ca_ES","og_type":"article","og_title":"Assegurances per a assist\u00e8ncia en viatge col\u00b7lectius - Urqu\u00eda&amp;Bas","og_description":"Asseguran\u00e7a assist\u00e8ncia en viatge per a col\u00b7lectius, per garantir conting\u00e8ncies tals com, p\u00e8rdua i p\u00e8rdua d'equipatges, cancel\u00b7laci\u00f3 de vols etc.","og_url":"https:\/\/urquiabas.com\/ca\/seguros-para-asistencia-en-viaje-colectivos\/","og_site_name":"Urqu\u00eda&amp;Bas","article_publisher":"https:\/\/www.facebook.com\/UrquiaBas\/","article_modified_time":"2023-11-27T08:27:58+00:00","og_image":[{"width":1920,"height":667,"url":"https:\/\/urquiabas.com\/wp-content\/uploads\/2021\/02\/Header_asistencia_viaje_colectivos_new.jpg","type":"image\/jpeg"}],"twitter_card":"summary_large_image","twitter_site":"@BasUrquia","twitter_misc":{"Temps estimat de lectura":"1 minut"},"schema":{"@context":"https:\/\/schema.org","@graph":[{"@type":"WebPage","@id":"https:\/\/urquiabas.com\/ca\/seguros-para-asistencia-en-viaje-colectivos\/","url":"https:\/\/urquiabas.com\/ca\/seguros-para-asistencia-en-viaje-colectivos\/","name":"Assegurances per a assist\u00e8ncia en viatge col\u00b7lectius - Urqu\u00eda&amp;Bas","isPartOf":{"@id":"https:\/\/urquiabas.com\/#website"},"primaryImageOfPage":{"@id":"https:\/\/urquiabas.com\/ca\/seguros-para-asistencia-en-viaje-colectivos\/#primaryimage"},"image":{"@id":"https:\/\/urquiabas.com\/ca\/seguros-para-asistencia-en-viaje-colectivos\/#primaryimage"},"thumbnailUrl":"https:\/\/urquiabas.com\/wp-content\/uploads\/2021\/02\/Header_asistencia_viaje_colectivos_new.jpg","datePublished":"2021-02-11T10:31:30+00:00","dateModified":"2023-11-27T08:27:58+00:00","description":"Asseguran\u00e7a assist\u00e8ncia en viatge per a col\u00b7lectius, per garantir conting\u00e8ncies tals com, p\u00e8rdua i p\u00e8rdua d'equipatges, cancel\u00b7laci\u00f3 de vols etc.","breadcrumb":{"@id":"https:\/\/urquiabas.com\/ca\/seguros-para-asistencia-en-viaje-colectivos\/#breadcrumb"},"inLanguage":"ca","potentialAction":[{"@type":"ReadAction","target":["https:\/\/urquiabas.com\/ca\/seguros-para-asistencia-en-viaje-colectivos\/"]}]},{"@type":"ImageObject","inLanguage":"ca","@id":"https:\/\/urquiabas.com\/ca\/seguros-para-asistencia-en-viaje-colectivos\/#primaryimage","url":"https:\/\/urquiabas.com\/wp-content\/uploads\/2021\/02\/Header_asistencia_viaje_colectivos_new.jpg","contentUrl":"https:\/\/urquiabas.com\/wp-content\/uploads\/2021\/02\/Header_asistencia_viaje_colectivos_new.jpg","width":1920,"height":667},{"@type":"BreadcrumbList","@id":"https:\/\/urquiabas.com\/ca\/seguros-para-asistencia-en-viaje-colectivos\/#breadcrumb","itemListElement":[{"@type":"ListItem","position":1,"name":"Portada","item":"https:\/\/urquiabas.com\/"},{"@type":"ListItem","position":2,"name":"Assegurances per a assist\u00e8ncia en viatge col\u00b7lectius"}]},{"@type":"WebSite","@id":"https:\/\/urquiabas.com\/#website","url":"https:\/\/urquiabas.com\/","name":"Urqu\u00eda&amp;Bas","description":"Corredur\u00eda de seguros | Lleida","publisher":{"@id":"https:\/\/urquiabas.com\/#organization"},"potentialAction":[{"@type":"SearchAction","target":{"@type":"EntryPoint","urlTemplate":"https:\/\/urquiabas.com\/?s={search_term_string}"},"query-input":{"@type":"PropertyValueSpecification","valueRequired":true,"valueName":"search_term_string"}}],"inLanguage":"ca"},{"@type":"Organization","@id":"https:\/\/urquiabas.com\/#organization","name":"Urquia & Bas S.L","url":"https:\/\/urquiabas.com\/","logo":{"@type":"ImageObject","inLanguage":"ca","@id":"https:\/\/urquiabas.com\/#\/schema\/logo\/image\/","url":"https:\/\/urquiabas.com\/wp-content\/uploads\/2018\/03\/logoubmail2018.jpg","contentUrl":"https:\/\/urquiabas.com\/wp-content\/uploads\/2018\/03\/logoubmail2018.jpg","width":258,"height":61,"caption":"Urquia & Bas S.L"},"image":{"@id":"https:\/\/urquiabas.com\/#\/schema\/logo\/image\/"},"sameAs":["https:\/\/www.facebook.com\/UrquiaBas\/","https:\/\/x.com\/BasUrquia","https:\/\/www.instagram.com\/urquiabas\/","https:\/\/www.linkedin.com\/company\/3125928\/"]}]}},"_links":{"self":[{"href":"https:\/\/urquiabas.com\/ca\/wp-json\/wp\/v2\/pages\/16306","targetHints":{"allow":["GET"]}}],"collection":[{"href":"https:\/\/urquiabas.com\/ca\/wp-json\/wp\/v2\/pages"}],"about":[{"href":"https:\/\/urquiabas.com\/ca\/wp-json\/wp\/v2\/types\/page"}],"author":[{"embeddable":true,"href":"https:\/\/urquiabas.com\/ca\/wp-json\/wp\/v2\/users\/5"}],"replies":[{"embeddable":true,"href":"https:\/\/urquiabas.com\/ca\/wp-json\/wp\/v2\/comments?post=16306"}],"version-history":[{"count":0,"href":"https:\/\/urquiabas.com\/ca\/wp-json\/wp\/v2\/pages\/16306\/revisions"}],"wp:featuredmedia":[{"embeddable":true,"href":"https:\/\/urquiabas.com\/ca\/wp-json\/wp\/v2\/media\/16301"}],"wp:attachment":[{"href":"https:\/\/urquiabas.com\/ca\/wp-json\/wp\/v2\/media?parent=16306"}],"curies":[{"name":"wp","href":"https:\/\/api.w.org\/{rel}","templated":true}]}}