{"id":16447,"date":"2021-02-18T09:44:07","date_gmt":"2021-02-18T08:44:07","guid":{"rendered":"http:\/\/urquiabas.com\/?page_id=16447"},"modified":"2026-03-02T12:03:49","modified_gmt":"2026-03-02T11:03:49","slug":"fotografs","status":"publish","type":"page","link":"https:\/\/urquiabas.com\/ca\/fotografs\/","title":{"rendered":"Fot\u00f2grafs"},"content":{"rendered":"\t\t<div data-elementor-type=\"wp-page\" data-elementor-id=\"16447\" class=\"elementor elementor-16447\" data-elementor-post-type=\"page\">\n\t\t\t\t<div class=\"elementor-element elementor-element-5692394 e-flex e-con-boxed e-con e-parent\" data-id=\"5692394\" data-element_type=\"container\" data-e-type=\"container\" data-settings=\"{&quot;background_background&quot;:&quot;classic&quot;}\">\n\t\t\t\t\t<div class=\"e-con-inner\">\n\t\t<div class=\"elementor-element elementor-element-9a1a035 e-con-full e-flex e-con e-child\" data-id=\"9a1a035\" data-element_type=\"container\" data-e-type=\"container\" data-settings=\"{&quot;background_background&quot;:&quot;classic&quot;}\">\n\t\t\t\t<div class=\"elementor-element elementor-element-d96f377 elementor-widget elementor-widget-text-editor\" data-id=\"d96f377\" data-element_type=\"widget\" data-e-type=\"widget\" data-widget_type=\"text-editor.default\">\n\t\t\t\t\t\t\t\t\t<p>L&#8217;<strong>Asseguran\u00e7a de Responsabilitat Civil Professional per a Fot\u00f2grafs i vide\u00f2grafs<\/strong> est\u00e0 dissenyada per protegir el patrimoni dels fot\u00f2grafs davant de possibles reclamacions per un error professional, un accident o una imprud\u00e8ncia, que pugui ocasionar danys personals i\/o materials als seus clients oa tercers, aix\u00ed com els perjudicis econ\u00f2mics que se&#8217;n derivi.<\/p><p>A m\u00e9s, la nostra responsabilitat civil per a <strong>fot\u00f2grafs<\/strong> i <strong>vide\u00f2grafs<\/strong> cobreix els perjudicis purament econ\u00f2mics, \u00e9s a dir, que no deriven d&#8217;un dany personal o material, com ara la compensaci\u00f3 al perjudicat per la p\u00e8rdua de reportatge.<\/p><p>Aquesta asseguran\u00e7a va dirigida a\u00a0<strong>fot\u00f2grafs\u00a0<\/strong>i\u00a0<strong>vide\u00f2grafs\u00a0professionals<\/strong>\u00a0que desenvolupin la seva feina al territori espanyol (ampliable a la U.E.), encara que tamb\u00e9 podem donar cobertura d&#8217;\u00e0mbit mundial amb un altre producte espec\u00edfic.<\/p>\t\t\t\t\t\t\t\t<\/div>\n\t\t\t\t<\/div>\n\t\t<div class=\"elementor-element elementor-element-3df33f5 e-con-full e-flex e-con e-child\" data-id=\"3df33f5\" data-element_type=\"container\" data-e-type=\"container\" data-settings=\"{&quot;background_background&quot;:&quot;classic&quot;}\">\n\t\t\t\t<div class=\"elementor-element elementor-element-1e9bd9c elementor-widget elementor-widget-text-editor\" data-id=\"1e9bd9c\" data-element_type=\"widget\" data-e-type=\"widget\" data-widget_type=\"text-editor.default\">\n\t\t\t\t\t\t\t\t\t\n<h3 class=\"wp-block-heading\">Preus<\/h3>\n\n<p>Responsabilitat civil per facturacions anuals fins a 150.000 \u20ac<\/p>\n\n<ul>\n<li>Suma assegurada 150.000 \u20ac: cost total anual 139,78 \u20ac<\/li>\n\n<li>Suma assegurada 300.000 \u20ac: cost total anual 193,84 \u20ac<\/li>\n<\/ul>\n\t\t\t\t\t\t\t\t<\/div>\n\t\t\t\t<div class=\"elementor-element elementor-element-debb90b elementor-widget elementor-widget-button\" data-id=\"debb90b\" data-element_type=\"widget\" data-e-type=\"widget\" data-widget_type=\"button.default\">\n\t\t\t\t\t\t\t\t\t\t<a class=\"elementor-button elementor-button-link elementor-size-sm\" href=\"#tarificador\">\n\t\t\t\t\t\t<span class=\"elementor-button-content-wrapper\">\n\t\t\t\t\t\t\t\t\t<span class=\"elementor-button-text\">Solicita informaci\u00f3<\/span>\n\t\t\t\t\t<\/span>\n\t\t\t\t\t<\/a>\n\t\t\t\t\t\t\t\t<\/div>\n\t\t\t\t<\/div>\n\t\t<div class=\"elementor-element elementor-element-608c2fc e-con-full e-flex e-con e-child\" data-id=\"608c2fc\" data-element_type=\"container\" data-e-type=\"container\" data-settings=\"{&quot;background_background&quot;:&quot;classic&quot;}\">\n\t\t\t\t<div class=\"elementor-element elementor-element-5bcde60 elementor-widget elementor-widget-text-editor\" data-id=\"5bcde60\" data-element_type=\"widget\" data-e-type=\"widget\" data-widget_type=\"text-editor.default\">\n\t\t\t\t\t\t\t\t\t<h3 class=\"wp-block-heading\">Qu\u00e8 cobreix?<\/h3>\n<p>L&#8217;<strong>asseguran\u00e7a de responsabilitat civil per a fot\u00f2grafs i vide\u00f2grafs<\/strong> cobreix els treballs realitzats tant dins com fora de l&#8217;estudi fotogr\u00e0fic o comer\u00e7, aix\u00ed com al domicili dels clients, salons de banquets, esgl\u00e9sies, espectacles, camps i instal\u00b7lacions esportives, ind\u00fastries, etc.<\/p>\n<p>A m\u00e9s, es cobreixen les reclamacions per <strong>dany moral<\/strong> la causa de les quals sigui la <strong>p\u00e8rdua del reportatge<\/strong>.<\/p>\n<p>Tamb\u00e9 es cobreix la responsabilitat civil derivada de l&#8217;\u00fas de <strong>fotomatons<\/strong>.<\/p>\n<p>A m\u00e9s, tindran la consideraci\u00f3 d&#8217;assegurats els empleats i t\u00e8cnics en plantilla i els col\u00b7laboradors (persones f\u00edsiques), \u00fanica i exclusivament en l&#8217;exercici de les seves funcions i deures professionals per compte de l&#8217;Assegurat.<\/p>\n<p>En el cas dels <strong>fot\u00f2grafs esportius<\/strong>, aquesta <strong>asseguran\u00e7a de responsabilitat civil professional<\/strong> compleix els requisits exigits per la Lliga de Futbol Professional, contractant l&#8217;opci\u00f3 de 300.000 \u20ac de suma assegurada.<\/p>\n<p>En canvi, no es cobreix l&#8217;\u00fas de <strong>drons<\/strong>, si b\u00e9 els podem assegurar a part mitjan\u00e7ant una asseguran\u00e7a espec\u00edfica d&#8217;aviaci\u00f3.<\/p><div class=\"table-resum-cobertures\"><table width=\"100%\" style=\"background-color: rgb(255, 255, 255);\"><thead><tr><th style=\"width: 60%;\"><h3>Resum de Cobertures<\/h3><\/th><th>Opci\u00f3 A<\/th><th>Opci\u00f3 B<\/th><\/tr><\/thead><tbody><tr><td class=\"cobertura\" data-label=\"Cobertura\"><strong>Responsabilitat civil professional<\/strong> (perjudicis econ\u00f2mics, error professional, no derivats de danys personals\/materials).<\/td><td data-label=\"Opci\u00f3 A\">150.000\u20ac<\/td><td data-label=\"Opci\u00f3 B\">300.000\u20ac<\/td><\/tr><tr><td data-label=\"Cobertura\">Responsabilitat civil d\u2019explotaci\u00f3 (danys personals\/materials i els seus perjudicis).<\/td><td data-label=\"Opci\u00f3 A\">150.000\u20ac<\/td><td data-label=\"Opci\u00f3 B\">300.000\u20ac<\/td><\/tr><tr><td data-label=\"Cobertura\">P\u00e8rdua de registres inform\u00e0tics confiats a l\u2019assegurat.<\/td><td data-label=\"Opci\u00f3 A\">1.500\u20ac<\/td><td data-label=\"Opci\u00f3 B\">1.500\u20ac<\/td><\/tr><tr><td data-label=\"Cobertura\">Danys en expedients\/documents confiats (\u00e0lbums, negatius, etc.).<\/td><td data-label=\"Opci\u00f3 A\">60.000\u20ac<\/td><td data-label=\"Opci\u00f3 B\">60.000\u20ac<\/td><\/tr><tr><td data-label=\"Cobertura\">Danys morals i despeses per p\u00e8rdua del reportatge (p\u00e8rdua o deteriorament de suports inform\u00e0tics).<\/td><td data-label=\"Opci\u00f3 A\">10.000\u20ac<\/td><td data-label=\"Opci\u00f3 B\">10.000\u20ac<\/td><\/tr><tr><td data-label=\"Cobertura\">RC i sancions administratives per Protecci\u00f3 de Dades.<\/td><td data-label=\"Opci\u00f3 A\">60.000\u20ac<\/td><td data-label=\"Opci\u00f3 B\">60.000\u20ac<\/td><\/tr><tr><td data-label=\"Cobertura\">Defensa jur\u00eddica i fiances civils i penals.<\/td><td data-label=\"Opci\u00f3 A\">Incloses<\/td><td data-label=\"Opci\u00f3 B\">Incloses<\/td><\/tr><tr><td data-label=\"Cobertura\">Franqu\u00edcia general.<\/td><td data-label=\"Opci\u00f3 A\">300\u20ac<\/td><td data-label=\"Opci\u00f3 B\">300\u20ac<\/td><\/tr><tr><td data-label=\"Cobertura\">Franqu\u00edcia per danys en expedients i documents.<\/td><td data-label=\"Opci\u00f3 A\">15 %<\/td><td data-label=\"Opci\u00f3 B\">15 %<\/td><\/tr><tr><td data-label=\"Cobertura\">Franqu\u00edcia Protecci\u00f3 de Dades.<\/td><td data-label=\"Opci\u00f3 A\">2.000\u20ac<\/td><td data-label=\"Opci\u00f3 B\">2.000\u20ac<\/td><\/tr><tr><td data-label=\"Cobertura\">\u00c0mbit de cobertura *<\/td><td data-label=\"Opci\u00f3 A\">Espanya<\/td><td data-label=\"Opci\u00f3 B\">Espanya<\/td><\/tr><tr><td data-label=\"Cobertura\">Responsabilitat civil patronal.<\/td><td data-label=\"Opci\u00f3 A\">Opcional<\/td><td data-label=\"Opci\u00f3 B\">Opcional<\/td><\/tr><tr class=\"preu-total\"><td data-label=\"Cobertura\"><strong>Preu total per fot\u00f2graf **<\/strong><\/td><td data-label=\"Opci\u00f3 A\"><strong>139,78\u20ac<\/strong><\/td><td data-label=\"Opci\u00f3 B\"><strong>193,84\u20ac<\/strong><\/td><\/tr><\/tbody><\/table>\n<\/div>\n<div>*Ampliable a la Uni\u00f3 Europea<\/div>\n<p>** Inclou impostos i despeses de gesti\u00f3. Emissi\u00f3 del certificat en 24 hores.<\/p>\t\t\t\t\t\t\t\t<\/div>\n\t\t\t\t<\/div>\n\t\t<div class=\"elementor-element elementor-element-49bbad1 e-con-full e-flex e-con e-child\" data-id=\"49bbad1\" data-element_type=\"container\" data-e-type=\"container\" data-settings=\"{&quot;background_background&quot;:&quot;classic&quot;}\">\n\t\t\t\t<div class=\"elementor-element elementor-element-36aca66 elementor-widget elementor-widget-text-editor\" data-id=\"36aca66\" data-element_type=\"widget\" data-e-type=\"widget\" data-widget_type=\"text-editor.default\">\n\t\t\t\t\t\t\t\t\t\n<h3 class=\"wp-block-heading\">Informaci\u00f3 addicional<\/h3>\n\n<p>Hi ha una difer\u00e8ncia substancial quant a les cobertures: a m\u00e9s de la responsabilitat civil tradicional com a fot\u00f2graf (cridada d\u2019Explotaci\u00f3) la nostra p\u00f2lissa cobreix la Responsabilitat civil Professional. Quina \u00e9s la difer\u00e8ncia? La responsabilitat civil professional cobreix els perjudicis purament econ\u00f2mics, \u00e9s a dir, que no deriven d\u2019un mal personal o material. Mentre que la Responsabilitat Civil d\u2019Explotaci\u00f3 -que tamb\u00e9 incloem-, cobreix exclusivament les reclamacions per danys personals i materials i els perjudicis econ\u00f2mics derivats directament d\u2019aquests. La difer\u00e8ncia pot semblar subtil, per\u00f2 \u00e9s important.<\/p>\n\n<p>Disposar d\u2019una p\u00f2lissa pensada per cobrir les necessitats reals dels fot\u00f2grafs, li aporta una tranquil\u00b7litat en el dia a dia, tant dins com fora de l\u2019estudi.<\/p>\n\n<p>Amb la contractaci\u00f3 d\u2019una <strong>asseguran\u00e7a de Responsabilitat Civil per a fot\u00f2grafs i vide\u00f2grafs<\/strong>, el risc esmentat es transfereix a una entitat asseguradora, capa\u00e7 de fer front a les quantioses despeses de defensa i, si fos el cas, indemnitzar al perjudicat pels danys soferts.<\/p>\n\n<p>S\u00ed desitja incloure la Responsabilitat Civil Patronal (aquella per la que un ocupador pot estar obligat a indemnitzar a un treballador que hagi sofert un accident del que sigui responsable l\u2019empresa) ser\u00e0 suficient amb que ens ho comuniqui en el moment de contractar l\u2019asseguran\u00e7a. El preu suplementari d\u2019aquesta inclusi\u00f3 correspon a un 10% de la prima indicada a la taula d\u2019opcions.<\/p>\n\t\t\t\t\t\t\t\t<\/div>\n\t\t\t\t<\/div>\n\t\t<div class=\"elementor-element elementor-element-87114fb e-con-full e-flex e-con e-child\" data-id=\"87114fb\" data-element_type=\"container\" data-e-type=\"container\" data-settings=\"{&quot;background_background&quot;:&quot;classic&quot;}\">\n\t\t\t\t<div class=\"elementor-element elementor-element-9467c61 elementor-widget elementor-widget-text-editor\" data-id=\"9467c61\" data-element_type=\"widget\" data-e-type=\"widget\" data-widget_type=\"text-editor.default\">\n\t\t\t\t\t\t\t\t\t<h3 class=\"wp-block-heading\">Com puc ajudar-te?<\/h3><p>Deixa&#8217;m les teves dades i em posar\u00e9 en contacte amb tu al m\u00e9s aviat possible.<\/p>\t\t\t\t\t\t\t\t<\/div>\n\t\t\t\t<\/div>\n\t\t\t\t\t<\/div>\n\t\t\t\t<\/div>\n\t\t<div class=\"elementor-element elementor-element-bedd22c e-flex e-con-boxed e-con e-parent\" data-id=\"bedd22c\" data-element_type=\"container\" data-e-type=\"container\">\n\t\t\t\t\t<div class=\"e-con-inner\">\n\t\t\t\t<div class=\"elementor-element elementor-element-d62fa19 elementor-widget elementor-widget-html\" data-id=\"d62fa19\" data-element_type=\"widget\" data-e-type=\"widget\" data-widget_type=\"html.default\">\n\t\t\t\t\t<iframe id=\"tarificador\" src=\"https:\/\/tarificadores.urquiabas.com\/forms\/fotovideo?h=0\" style=\"width: 100%; border: 0; box-shadow: 0 10px 15px -3px rgb(0 0 0 \/ 0.3), 0 4px 30px -4px rgb(0 0 0 \/ 0.3);\"><\/iframe>\r\n<script type=\"text\/javascript\">\r\n        window.dataLayer = window.dataLayer || [];\r\n\twindow.addEventListener('message', function(e) {\r\n\t\tvar tarificador = document.getElementById(\"tarificador\");\r\n\t\tvar eventName = e.data[0];\r\n\t\tvar data = e.data[1];\r\n\t\tswitch(eventName) {\r\n\t\t\tcase 'redirect': {\r\n\t\t\t    \twindow.location.href = data;\r\n\t\t    \t\tbreak;\r\n\t\t\t}\r\n\t\t\tcase 'setHeight': {\r\n\t\t\t\ttarificador.style.height = data + 'px';\r\n\t\t\t\tbreak;\r\n\t\t\t}\r\n\t\t\tcase 'scrollTop': {\r\n                                let tarificadorTop = tarificador.getBoundingClientRect().top + window.scrollY;\r\n\t\t\t\twindow.scrollTo({ top: tarificadorTop, behavior: 'smooth' });\r\n\t\t\t\tbreak;\r\n                        }\r\n                  \tcase 'datalayer': {\r\n                       \t\twindow.dataLayer.push(data);\r\n                  \t}\r\n\t\t}\r\n\t}, false);\t\r\n<\/script>\t\t\t\t<\/div>\n\t\t\t\t\t<\/div>\n\t\t\t\t<\/div>\n\t\t\t\t<\/div>\n\t\t","protected":false},"excerpt":{"rendered":"<p>L&#8217;Asseguran\u00e7a de Responsabilitat Civil Professional per a Fot\u00f2grafs i vide\u00f2grafs est\u00e0 dissenyada per protegir el patrimoni dels fot\u00f2grafs davant de possibles reclamacions per un error professional, un accident o una imprud\u00e8ncia, que pugui ocasionar danys personals i\/o materials als seus clients oa tercers, aix\u00ed com els perjudicis econ\u00f2mics que se&#8217;n derivi. A m\u00e9s, la nostra [&hellip;]<\/p>\n","protected":false},"author":5,"featured_media":16443,"parent":0,"menu_order":0,"comment_status":"closed","ping_status":"closed","template":"","meta":{"_acf_changed":false,"inline_featured_image":false,"footnotes":""},"class_list":["post-16447","page","type-page","status-publish","has-post-thumbnail","hentry"],"acf":{"titulo":"Asseguran\u00e7a de Responsabilitat Civil per a Fot\u00f2grafs","contacte":"imma","id_nex":"24","odoo":"","foto_responsable":"https:\/\/urquiabas.com\/wp-content\/uploads\/2023\/11\/BG_IMayoral-scaled.jpg","responsable":"","descripcio_contacte":"","text_responsable":"","contacte_responsable_telefon":"","contacte_responsable_email":"","cta":"\u00a1Calcula y contrata!"},"yoast_head":"<!-- This site is optimized with the Yoast SEO plugin v27.4 - https:\/\/yoast.com\/product\/yoast-seo-wordpress\/ -->\n<title>Fot\u00f2grafs - Urqu\u00eda&amp;Bas<\/title>\n<meta name=\"description\" content=\"Asseguran\u00e7a per a Fot\u00f2grafs professionals. Protegeix-te davant de reclamacions de clients o tercers per un error professional, un accident o una imprud\u00e8ncia\" \/>\n<meta name=\"robots\" content=\"index, follow, max-snippet:-1, max-image-preview:large, max-video-preview:-1\" \/>\n<link rel=\"canonical\" href=\"https:\/\/urquiabas.com\/seguro-fotografos\/\" \/>\n<meta property=\"og:locale\" content=\"ca_ES\" \/>\n<meta property=\"og:type\" content=\"article\" \/>\n<meta property=\"og:title\" content=\"Fot\u00f2grafs - Urqu\u00eda&amp;Bas\" \/>\n<meta property=\"og:description\" content=\"Asseguran\u00e7a per a Fot\u00f2grafs professionals. Protegeix-te davant de reclamacions de clients o tercers per un error professional, un accident o una imprud\u00e8ncia\" \/>\n<meta property=\"og:url\" content=\"https:\/\/urquiabas.com\/seguro-fotografos\/\" \/>\n<meta property=\"og:site_name\" content=\"Urqu\u00eda&amp;Bas\" \/>\n<meta property=\"article:publisher\" content=\"https:\/\/www.facebook.com\/UrquiaBas\/\" \/>\n<meta property=\"article:modified_time\" content=\"2026-03-02T11:03:49+00:00\" \/>\n<meta property=\"og:image\" content=\"https:\/\/urquiabas.com\/wp-content\/uploads\/2021\/02\/Header_1920_fotografos.jpg\" \/>\n\t<meta property=\"og:image:width\" content=\"1920\" \/>\n\t<meta property=\"og:image:height\" content=\"667\" \/>\n\t<meta property=\"og:image:type\" content=\"image\/jpeg\" \/>\n<meta name=\"twitter:card\" content=\"summary_large_image\" \/>\n<meta name=\"twitter:site\" content=\"@BasUrquia\" \/>\n<meta name=\"twitter:label1\" content=\"Temps estimat de lectura\" \/>\n\t<meta name=\"twitter:data1\" content=\"5 minuts\" \/>\n<script type=\"application\/ld+json\" class=\"yoast-schema-graph\">{\"@context\":\"https:\\\/\\\/schema.org\",\"@graph\":[{\"@type\":\"WebPage\",\"@id\":\"https:\\\/\\\/urquiabas.com\\\/seguro-fotografos\\\/\",\"url\":\"https:\\\/\\\/urquiabas.com\\\/seguro-fotografos\\\/\",\"name\":\"Fot\u00f2grafs - Urqu\u00eda&amp;Bas\",\"isPartOf\":{\"@id\":\"https:\\\/\\\/urquiabas.com\\\/#website\"},\"primaryImageOfPage\":{\"@id\":\"https:\\\/\\\/urquiabas.com\\\/seguro-fotografos\\\/#primaryimage\"},\"image\":{\"@id\":\"https:\\\/\\\/urquiabas.com\\\/seguro-fotografos\\\/#primaryimage\"},\"thumbnailUrl\":\"https:\\\/\\\/urquiabas.com\\\/wp-content\\\/uploads\\\/2021\\\/02\\\/Header_1920_fotografos.jpg\",\"datePublished\":\"2021-02-18T08:44:07+00:00\",\"dateModified\":\"2026-03-02T11:03:49+00:00\",\"description\":\"Asseguran\u00e7a per a Fot\u00f2grafs professionals. Protegeix-te davant de reclamacions de clients o tercers per un error professional, un accident o una imprud\u00e8ncia\",\"breadcrumb\":{\"@id\":\"https:\\\/\\\/urquiabas.com\\\/seguro-fotografos\\\/#breadcrumb\"},\"inLanguage\":\"ca\",\"potentialAction\":[{\"@type\":\"ReadAction\",\"target\":[\"https:\\\/\\\/urquiabas.com\\\/seguro-fotografos\\\/\"]}]},{\"@type\":\"ImageObject\",\"inLanguage\":\"ca\",\"@id\":\"https:\\\/\\\/urquiabas.com\\\/seguro-fotografos\\\/#primaryimage\",\"url\":\"https:\\\/\\\/urquiabas.com\\\/wp-content\\\/uploads\\\/2021\\\/02\\\/Header_1920_fotografos.jpg\",\"contentUrl\":\"https:\\\/\\\/urquiabas.com\\\/wp-content\\\/uploads\\\/2021\\\/02\\\/Header_1920_fotografos.jpg\",\"width\":1920,\"height\":667,\"caption\":\"Fot\u00f2grafs\"},{\"@type\":\"BreadcrumbList\",\"@id\":\"https:\\\/\\\/urquiabas.com\\\/seguro-fotografos\\\/#breadcrumb\",\"itemListElement\":[{\"@type\":\"ListItem\",\"position\":1,\"name\":\"Portada\",\"item\":\"https:\\\/\\\/urquiabas.com\\\/\"},{\"@type\":\"ListItem\",\"position\":2,\"name\":\"Fot\u00f2grafs\"}]},{\"@type\":\"WebSite\",\"@id\":\"https:\\\/\\\/urquiabas.com\\\/#website\",\"url\":\"https:\\\/\\\/urquiabas.com\\\/\",\"name\":\"Urqu\u00eda&amp;Bas\",\"description\":\"Corredur\u00eda de seguros | Lleida\",\"publisher\":{\"@id\":\"https:\\\/\\\/urquiabas.com\\\/#organization\"},\"potentialAction\":[{\"@type\":\"SearchAction\",\"target\":{\"@type\":\"EntryPoint\",\"urlTemplate\":\"https:\\\/\\\/urquiabas.com\\\/?s={search_term_string}\"},\"query-input\":{\"@type\":\"PropertyValueSpecification\",\"valueRequired\":true,\"valueName\":\"search_term_string\"}}],\"inLanguage\":\"ca\"},{\"@type\":\"Organization\",\"@id\":\"https:\\\/\\\/urquiabas.com\\\/#organization\",\"name\":\"Urquia & Bas S.L\",\"url\":\"https:\\\/\\\/urquiabas.com\\\/\",\"logo\":{\"@type\":\"ImageObject\",\"inLanguage\":\"ca\",\"@id\":\"https:\\\/\\\/urquiabas.com\\\/#\\\/schema\\\/logo\\\/image\\\/\",\"url\":\"https:\\\/\\\/urquiabas.com\\\/wp-content\\\/uploads\\\/2018\\\/03\\\/logoubmail2018.jpg\",\"contentUrl\":\"https:\\\/\\\/urquiabas.com\\\/wp-content\\\/uploads\\\/2018\\\/03\\\/logoubmail2018.jpg\",\"width\":258,\"height\":61,\"caption\":\"Urquia & Bas S.L\"},\"image\":{\"@id\":\"https:\\\/\\\/urquiabas.com\\\/#\\\/schema\\\/logo\\\/image\\\/\"},\"sameAs\":[\"https:\\\/\\\/www.facebook.com\\\/UrquiaBas\\\/\",\"https:\\\/\\\/x.com\\\/BasUrquia\",\"https:\\\/\\\/www.instagram.com\\\/urquiabas\\\/\",\"https:\\\/\\\/www.linkedin.com\\\/company\\\/3125928\\\/\"]}]}<\/script>\n<!-- \/ Yoast SEO plugin. -->","yoast_head_json":{"title":"Fot\u00f2grafs - Urqu\u00eda&amp;Bas","description":"Asseguran\u00e7a per a Fot\u00f2grafs professionals. Protegeix-te davant de reclamacions de clients o tercers per un error professional, un accident o una imprud\u00e8ncia","robots":{"index":"index","follow":"follow","max-snippet":"max-snippet:-1","max-image-preview":"max-image-preview:large","max-video-preview":"max-video-preview:-1"},"canonical":"https:\/\/urquiabas.com\/seguro-fotografos\/","og_locale":"ca_ES","og_type":"article","og_title":"Fot\u00f2grafs - Urqu\u00eda&amp;Bas","og_description":"Asseguran\u00e7a per a Fot\u00f2grafs professionals. Protegeix-te davant de reclamacions de clients o tercers per un error professional, un accident o una imprud\u00e8ncia","og_url":"https:\/\/urquiabas.com\/seguro-fotografos\/","og_site_name":"Urqu\u00eda&amp;Bas","article_publisher":"https:\/\/www.facebook.com\/UrquiaBas\/","article_modified_time":"2026-03-02T11:03:49+00:00","og_image":[{"width":1920,"height":667,"url":"https:\/\/urquiabas.com\/wp-content\/uploads\/2021\/02\/Header_1920_fotografos.jpg","type":"image\/jpeg"}],"twitter_card":"summary_large_image","twitter_site":"@BasUrquia","twitter_misc":{"Temps estimat de lectura":"5 minuts"},"schema":{"@context":"https:\/\/schema.org","@graph":[{"@type":"WebPage","@id":"https:\/\/urquiabas.com\/seguro-fotografos\/","url":"https:\/\/urquiabas.com\/seguro-fotografos\/","name":"Fot\u00f2grafs - Urqu\u00eda&amp;Bas","isPartOf":{"@id":"https:\/\/urquiabas.com\/#website"},"primaryImageOfPage":{"@id":"https:\/\/urquiabas.com\/seguro-fotografos\/#primaryimage"},"image":{"@id":"https:\/\/urquiabas.com\/seguro-fotografos\/#primaryimage"},"thumbnailUrl":"https:\/\/urquiabas.com\/wp-content\/uploads\/2021\/02\/Header_1920_fotografos.jpg","datePublished":"2021-02-18T08:44:07+00:00","dateModified":"2026-03-02T11:03:49+00:00","description":"Asseguran\u00e7a per a Fot\u00f2grafs professionals. Protegeix-te davant de reclamacions de clients o tercers per un error professional, un accident o una imprud\u00e8ncia","breadcrumb":{"@id":"https:\/\/urquiabas.com\/seguro-fotografos\/#breadcrumb"},"inLanguage":"ca","potentialAction":[{"@type":"ReadAction","target":["https:\/\/urquiabas.com\/seguro-fotografos\/"]}]},{"@type":"ImageObject","inLanguage":"ca","@id":"https:\/\/urquiabas.com\/seguro-fotografos\/#primaryimage","url":"https:\/\/urquiabas.com\/wp-content\/uploads\/2021\/02\/Header_1920_fotografos.jpg","contentUrl":"https:\/\/urquiabas.com\/wp-content\/uploads\/2021\/02\/Header_1920_fotografos.jpg","width":1920,"height":667,"caption":"Fot\u00f2grafs"},{"@type":"BreadcrumbList","@id":"https:\/\/urquiabas.com\/seguro-fotografos\/#breadcrumb","itemListElement":[{"@type":"ListItem","position":1,"name":"Portada","item":"https:\/\/urquiabas.com\/"},{"@type":"ListItem","position":2,"name":"Fot\u00f2grafs"}]},{"@type":"WebSite","@id":"https:\/\/urquiabas.com\/#website","url":"https:\/\/urquiabas.com\/","name":"Urqu\u00eda&amp;Bas","description":"Corredur\u00eda de seguros | Lleida","publisher":{"@id":"https:\/\/urquiabas.com\/#organization"},"potentialAction":[{"@type":"SearchAction","target":{"@type":"EntryPoint","urlTemplate":"https:\/\/urquiabas.com\/?s={search_term_string}"},"query-input":{"@type":"PropertyValueSpecification","valueRequired":true,"valueName":"search_term_string"}}],"inLanguage":"ca"},{"@type":"Organization","@id":"https:\/\/urquiabas.com\/#organization","name":"Urquia & Bas S.L","url":"https:\/\/urquiabas.com\/","logo":{"@type":"ImageObject","inLanguage":"ca","@id":"https:\/\/urquiabas.com\/#\/schema\/logo\/image\/","url":"https:\/\/urquiabas.com\/wp-content\/uploads\/2018\/03\/logoubmail2018.jpg","contentUrl":"https:\/\/urquiabas.com\/wp-content\/uploads\/2018\/03\/logoubmail2018.jpg","width":258,"height":61,"caption":"Urquia & Bas S.L"},"image":{"@id":"https:\/\/urquiabas.com\/#\/schema\/logo\/image\/"},"sameAs":["https:\/\/www.facebook.com\/UrquiaBas\/","https:\/\/x.com\/BasUrquia","https:\/\/www.instagram.com\/urquiabas\/","https:\/\/www.linkedin.com\/company\/3125928\/"]}]}},"_links":{"self":[{"href":"https:\/\/urquiabas.com\/ca\/wp-json\/wp\/v2\/pages\/16447","targetHints":{"allow":["GET"]}}],"collection":[{"href":"https:\/\/urquiabas.com\/ca\/wp-json\/wp\/v2\/pages"}],"about":[{"href":"https:\/\/urquiabas.com\/ca\/wp-json\/wp\/v2\/types\/page"}],"author":[{"embeddable":true,"href":"https:\/\/urquiabas.com\/ca\/wp-json\/wp\/v2\/users\/5"}],"replies":[{"embeddable":true,"href":"https:\/\/urquiabas.com\/ca\/wp-json\/wp\/v2\/comments?post=16447"}],"version-history":[{"count":0,"href":"https:\/\/urquiabas.com\/ca\/wp-json\/wp\/v2\/pages\/16447\/revisions"}],"wp:featuredmedia":[{"embeddable":true,"href":"https:\/\/urquiabas.com\/ca\/wp-json\/wp\/v2\/media\/16443"}],"wp:attachment":[{"href":"https:\/\/urquiabas.com\/ca\/wp-json\/wp\/v2\/media?parent=16447"}],"curies":[{"name":"wp","href":"https:\/\/api.w.org\/{rel}","templated":true}]}}