{"id":16478,"date":"2021-02-19T11:28:20","date_gmt":"2021-02-19T10:28:20","guid":{"rendered":"http:\/\/urquiabas.com\/?page_id=16478"},"modified":"2023-11-27T09:27:59","modified_gmt":"2023-11-27T08:27:59","slug":"asseguranca-especial-per-a-fisioterapeutes-osteopates-i-quiropractics","status":"publish","type":"page","link":"https:\/\/urquiabas.com\/ca\/asseguranca-especial-per-a-fisioterapeutes-osteopates-i-quiropractics\/","title":{"rendered":"Asseguran\u00e7a d&#8217;accidents per a fisioterapeutes oste\u00f2pates i quiropr\u00e0ctics"},"content":{"rendered":"\n<p>Fisioterapeutes, oste\u00f2pates i quiropr\u00e0ctics, assumeixen a la seva vida di\u00e0ria una s\u00e8rie de riscos que poden manifestar-se en un accident que els impossibiliti treballar i, com a conseq\u00fc\u00e8ncia d&#8217;aix\u00f2, patir un menyscapte en els seus ingressos ja sigui de forma temporal o, encara pitjor, permanent.<\/p>\n\n<p>Urquia &amp; Bas \u00e9s una corredoria d&#8217;assegurances que, conscient de les necessitats espec\u00edfiques d&#8217;aquest col\u00b7lectiu sanitari, ofereix una asseguran\u00e7a que valora molt especialment els accidents que afectin les extremitats superiors, els bra\u00e7os, les mans i els dits d&#8217;aquests professionals, de manera que en un accident en qu\u00e8 l&#8217;assegurat pateixi la p\u00e8rdua f\u00edsica o funcional d&#8217;algun rebi un capital important.<\/p>\n\n<p>Aquesta asseguran\u00e7a \u00e9s complement\u00e0ria de qualsevol altra que l&#8217;assegurat ja tingui contractada.<\/p>\n\n<h3 class=\"wp-block-heading\">A qui ens dirigim<\/h3>\n\n<ul class=\"wp-block-list\">\n<li>Fisioterapeutes, oste\u00f2pates i quiropr\u00e0ctics<\/li>\n\n\n\n<li>Qualsevol altra persona l&#8217;activitat professional de la qual sigui la rehabilitaci\u00f3 funcional de les persones<\/li>\n<\/ul>\n\n<h3 class=\"wp-block-heading\">Quan costa aquesta asseguran\u00e7a<\/h3>\n\n<p>El preu d\u00b4aquesta asseguran\u00e7a d\u00b4accidents personals \u00e9s per a l\u00b4opci\u00f3 1 \u00e9s de <strong>125,47\u20ac l\u00b4any<\/strong><br\/>El preu d\u00b4aquesta asseguran\u00e7a d\u00b4accidents personals \u00e9s per a l\u00b4opci\u00f3 2 \u00e9s de <strong>236,49\u20ac l\u00b4any<\/strong><br\/><strong> <\/strong><br\/><strong>Aquesta asseguran\u00e7a \u00e9s compatible amb qualsevol altra que l&#8217;assegurat tingu\u00e9s contractada.<\/strong><\/p>\n\n<div class=\"wp-block-columns is-layout-flex wp-container-core-columns-is-layout-28f84493 wp-block-columns-is-layout-flex\">\n<div class=\"wp-block-column is-layout-flow wp-block-column-is-layout-flow\">\n<div class=\"wp-block-buttons is-layout-flex wp-block-buttons-is-layout-flex\">\n<div class=\"wp-block-button\"><a class=\"wp-block-button__link wp-element-button\">Sol\u00b7licitar informaci\u00f3<\/a><\/div>\n<\/div>\n<\/div>\n<\/div>\n\n<h3 class=\"wp-block-heading\">Qu\u00e8 cobreix aquesta asseguran\u00e7a<\/h3>\n\n<div class=\"table-2\">\n<table width=\"100%\">\n<thead>\n<tr>\n<th align=\"left\"> <\/th>\n<th align=\"left\">Opci\u00f3 1<\/th>\n<th align=\"left\">Opci\u00f3 2<\/th>\n<\/tr>\n<\/thead>\n<tbody>\n<tr>\n<td align=\"left\">Defunci\u00f3 per accident<\/td>\n<td align=\"left\">85.000\u20ac<\/td>\n<td align=\"left\">150.000 \u20ac<\/td>\n<\/tr>\n<tr>\n<td align=\"left\">Incapacitat Absoluta i Permanent<\/td>\n<td align=\"left\">170.000 \u20ac<\/td>\n<td align=\"left\">300.000 \u20ac<\/td>\n<\/tr>\n<tr>\n<td align=\"left\">Incapacitat Parcial, amb cobertura especial per a mans (veure el barem especial m\u00e9s avall)<\/td>\n<td align=\"left\">170.000 \u20ac<\/td>\n<td align=\"left\">300.000 \u20ac<\/td>\n<\/tr>\n<tr>\n<td align=\"left\">Infart de miocardi com a accident<\/td>\n<td style=\"text-align: center;\" align=\"left\">&#8211;<\/td>\n<td align=\"left\">30.000\u20ac<\/td>\n<\/tr>\n<tr>\n<td align=\"left\">Contagi accidental<\/td>\n<td style=\"text-align: center;\" align=\"left\">&#8211;<\/td>\n<td align=\"left\">150.000 \u20ac<\/td>\n<\/tr>\n<tr>\n<td align=\"left\">Assist\u00e8ncia en viatge b\u00e0sica<\/td>\n<td align=\"left\">Inclosa<\/td>\n<td align=\"left\">Inclosa<\/td>\n<\/tr>\n<\/tbody>\n<\/table>\n<\/div>\n\n<h3 class=\"wp-block-heading\">Barem especial per a Metges i Odont\u00f2legs<\/h3>\n\n<div class=\"table-2\">\n<table width=\"100%\">\n<thead>\n<tr>\n<th align=\"left\">P\u00e8rdua o inutilitzaci\u00f3 absoluta de:<\/th>\n<th align=\"left\">Dret<\/th>\n<th align=\"left\">Esquerre<\/th>\n<\/tr>\n<\/thead>\n<tbody>\n<tr>\n<td align=\"left\">Del bra\u00e7 o de la m\u00e0<\/td>\n<td align=\"left\">100%<\/td>\n<td align=\"left\">100%<\/td>\n<\/tr>\n<tr>\n<td align=\"left\">Del dit polze<\/td>\n<td align=\"left\">100%<\/td>\n<td align=\"left\">80%<\/td>\n<\/tr>\n<tr>\n<td align=\"left\">\u00daltima falange del dit polze<\/td>\n<td align=\"left\">90%<\/td>\n<td align=\"left\">70%<\/td>\n<\/tr>\n<tr>\n<td align=\"left\">De la falange del dit mitj\u00e0<\/td>\n<td align=\"left\">50%<\/td>\n<td align=\"left\">50%<\/td>\n<\/tr>\n<tr>\n<td align=\"left\">Del dit \u00edndex<\/td>\n<td align=\"left\">100%<\/td>\n<td align=\"left\">  80%<\/td>\n<\/tr>\n<tr>\n<td align=\"left\">De la falangeta del dit \u00edndex<\/td>\n<td align=\"left\">90%<\/td>\n<td align=\"left\">70%<\/td>\n<\/tr>\n<tr>\n<td align=\"left\">D&#8217;un dels altres dits de la m\u00e0<\/td>\n<td align=\"left\">30%<\/td>\n<td align=\"left\">20%<\/td>\n<\/tr>\n<\/tbody>\n<\/table>\n<\/div>\n\n<h3 class=\"wp-block-heading\">Com et puc ajudar?<\/h3>\n\n<p>Deixa&#8217;m les teves dades i em posar\u00e9 en contacte amb tu el m\u00e9s aviat possible.<\/p>\n","protected":false},"excerpt":{"rendered":"<p>Fisioterapeutes, oste\u00f2pates i quiropr\u00e0ctics, assumeixen a la seva vida di\u00e0ria una s\u00e8rie de riscos que poden manifestar-se en un accident que els impossibiliti treballar i, com a conseq\u00fc\u00e8ncia d&#8217;aix\u00f2, patir un menyscapte en els seus ingressos ja sigui de forma temporal o, encara pitjor, permanent. Urquia &amp; Bas \u00e9s una corredoria d&#8217;assegurances que, conscient de [&hellip;]<\/p>\n","protected":false},"author":5,"featured_media":16472,"parent":0,"menu_order":0,"comment_status":"closed","ping_status":"closed","template":"","meta":{"_acf_changed":false,"inline_featured_image":false,"footnotes":""},"class_list":["post-16478","page","type-page","status-publish","has-post-thumbnail","hentry"],"acf":{"contacte":"fede","titulo":"Asseguran\u00e7a d'accidents per a fisioterapeutes oste\u00f2pates i quiropr\u00e0ctics","id_nex":"46","contacte_responsable_email":"xaviertena@urquiabas.com","foto_responsable":"https:\/\/urquiabas.com\/wp-content\/uploads\/2023\/11\/BG_XTena-scaled.jpg"},"yoast_head":"<!-- This site is optimized with the Yoast SEO plugin v27.3 - https:\/\/yoast.com\/product\/yoast-seo-wordpress\/ -->\n<title>Asseguran\u00e7a d&#039;accidents per a fisioterapeutes oste\u00f2pates i quiropr\u00e0ctics - Urqu\u00eda&amp;Bas<\/title>\n<meta name=\"robots\" content=\"index, follow, max-snippet:-1, max-image-preview:large, max-video-preview:-1\" \/>\n<link rel=\"canonical\" href=\"https:\/\/urquiabas.com\/ca\/asseguranca-especial-per-a-fisioterapeutes-osteopates-i-quiropractics\/\" \/>\n<meta property=\"og:locale\" content=\"ca_ES\" \/>\n<meta property=\"og:type\" content=\"article\" \/>\n<meta property=\"og:title\" content=\"Asseguran\u00e7a d&#039;accidents per a fisioterapeutes oste\u00f2pates i quiropr\u00e0ctics - Urqu\u00eda&amp;Bas\" \/>\n<meta property=\"og:description\" content=\"Fisioterapeutes, oste\u00f2pates i quiropr\u00e0ctics, assumeixen a la seva vida di\u00e0ria una s\u00e8rie de riscos que poden manifestar-se en un accident que els impossibiliti treballar i, com a conseq\u00fc\u00e8ncia d&#8217;aix\u00f2, patir un menyscapte en els seus ingressos ja sigui de forma temporal o, encara pitjor, permanent. Urquia &amp; Bas \u00e9s una corredoria d&#8217;assegurances que, conscient de [&hellip;]\" \/>\n<meta property=\"og:url\" content=\"https:\/\/urquiabas.com\/ca\/asseguranca-especial-per-a-fisioterapeutes-osteopates-i-quiropractics\/\" \/>\n<meta property=\"og:site_name\" content=\"Urqu\u00eda&amp;Bas\" \/>\n<meta property=\"article:publisher\" content=\"https:\/\/www.facebook.com\/UrquiaBas\/\" \/>\n<meta property=\"article:modified_time\" content=\"2023-11-27T08:27:59+00:00\" \/>\n<meta property=\"og:image\" content=\"https:\/\/urquiabas.com\/wp-content\/uploads\/2021\/02\/Header_accidentes_fisios_new.jpg\" \/>\n\t<meta property=\"og:image:width\" content=\"1920\" \/>\n\t<meta property=\"og:image:height\" content=\"667\" \/>\n\t<meta property=\"og:image:type\" content=\"image\/jpeg\" \/>\n<meta name=\"twitter:card\" content=\"summary_large_image\" \/>\n<meta name=\"twitter:site\" content=\"@BasUrquia\" \/>\n<meta name=\"twitter:label1\" content=\"Temps estimat de lectura\" \/>\n\t<meta name=\"twitter:data1\" content=\"7 minuts\" \/>\n<script type=\"application\/ld+json\" class=\"yoast-schema-graph\">{\"@context\":\"https:\\\/\\\/schema.org\",\"@graph\":[{\"@type\":\"WebPage\",\"@id\":\"https:\\\/\\\/urquiabas.com\\\/ca\\\/asseguranca-especial-per-a-fisioterapeutes-osteopates-i-quiropractics\\\/\",\"url\":\"https:\\\/\\\/urquiabas.com\\\/ca\\\/asseguranca-especial-per-a-fisioterapeutes-osteopates-i-quiropractics\\\/\",\"name\":\"Asseguran\u00e7a d'accidents per a fisioterapeutes oste\u00f2pates i quiropr\u00e0ctics - Urqu\u00eda&amp;Bas\",\"isPartOf\":{\"@id\":\"https:\\\/\\\/urquiabas.com\\\/#website\"},\"primaryImageOfPage\":{\"@id\":\"https:\\\/\\\/urquiabas.com\\\/ca\\\/asseguranca-especial-per-a-fisioterapeutes-osteopates-i-quiropractics\\\/#primaryimage\"},\"image\":{\"@id\":\"https:\\\/\\\/urquiabas.com\\\/ca\\\/asseguranca-especial-per-a-fisioterapeutes-osteopates-i-quiropractics\\\/#primaryimage\"},\"thumbnailUrl\":\"https:\\\/\\\/urquiabas.com\\\/wp-content\\\/uploads\\\/2021\\\/02\\\/Header_accidentes_fisios_new.jpg\",\"datePublished\":\"2021-02-19T10:28:20+00:00\",\"dateModified\":\"2023-11-27T08:27:59+00:00\",\"breadcrumb\":{\"@id\":\"https:\\\/\\\/urquiabas.com\\\/ca\\\/asseguranca-especial-per-a-fisioterapeutes-osteopates-i-quiropractics\\\/#breadcrumb\"},\"inLanguage\":\"ca\",\"potentialAction\":[{\"@type\":\"ReadAction\",\"target\":[\"https:\\\/\\\/urquiabas.com\\\/ca\\\/asseguranca-especial-per-a-fisioterapeutes-osteopates-i-quiropractics\\\/\"]}]},{\"@type\":\"ImageObject\",\"inLanguage\":\"ca\",\"@id\":\"https:\\\/\\\/urquiabas.com\\\/ca\\\/asseguranca-especial-per-a-fisioterapeutes-osteopates-i-quiropractics\\\/#primaryimage\",\"url\":\"https:\\\/\\\/urquiabas.com\\\/wp-content\\\/uploads\\\/2021\\\/02\\\/Header_accidentes_fisios_new.jpg\",\"contentUrl\":\"https:\\\/\\\/urquiabas.com\\\/wp-content\\\/uploads\\\/2021\\\/02\\\/Header_accidentes_fisios_new.jpg\",\"width\":1920,\"height\":667,\"caption\":\"Professional nurse pushing a young smiling female patient on wheelchair with cervical collar\"},{\"@type\":\"BreadcrumbList\",\"@id\":\"https:\\\/\\\/urquiabas.com\\\/ca\\\/asseguranca-especial-per-a-fisioterapeutes-osteopates-i-quiropractics\\\/#breadcrumb\",\"itemListElement\":[{\"@type\":\"ListItem\",\"position\":1,\"name\":\"Portada\",\"item\":\"https:\\\/\\\/urquiabas.com\\\/\"},{\"@type\":\"ListItem\",\"position\":2,\"name\":\"Asseguran\u00e7a d&#8217;accidents per a fisioterapeutes oste\u00f2pates i quiropr\u00e0ctics\"}]},{\"@type\":\"WebSite\",\"@id\":\"https:\\\/\\\/urquiabas.com\\\/#website\",\"url\":\"https:\\\/\\\/urquiabas.com\\\/\",\"name\":\"Urqu\u00eda&amp;Bas\",\"description\":\"Corredur\u00eda de seguros | Lleida\",\"publisher\":{\"@id\":\"https:\\\/\\\/urquiabas.com\\\/#organization\"},\"potentialAction\":[{\"@type\":\"SearchAction\",\"target\":{\"@type\":\"EntryPoint\",\"urlTemplate\":\"https:\\\/\\\/urquiabas.com\\\/?s={search_term_string}\"},\"query-input\":{\"@type\":\"PropertyValueSpecification\",\"valueRequired\":true,\"valueName\":\"search_term_string\"}}],\"inLanguage\":\"ca\"},{\"@type\":\"Organization\",\"@id\":\"https:\\\/\\\/urquiabas.com\\\/#organization\",\"name\":\"Urquia & Bas S.L\",\"url\":\"https:\\\/\\\/urquiabas.com\\\/\",\"logo\":{\"@type\":\"ImageObject\",\"inLanguage\":\"ca\",\"@id\":\"https:\\\/\\\/urquiabas.com\\\/#\\\/schema\\\/logo\\\/image\\\/\",\"url\":\"https:\\\/\\\/urquiabas.com\\\/wp-content\\\/uploads\\\/2018\\\/03\\\/logoubmail2018.jpg\",\"contentUrl\":\"https:\\\/\\\/urquiabas.com\\\/wp-content\\\/uploads\\\/2018\\\/03\\\/logoubmail2018.jpg\",\"width\":258,\"height\":61,\"caption\":\"Urquia & Bas S.L\"},\"image\":{\"@id\":\"https:\\\/\\\/urquiabas.com\\\/#\\\/schema\\\/logo\\\/image\\\/\"},\"sameAs\":[\"https:\\\/\\\/www.facebook.com\\\/UrquiaBas\\\/\",\"https:\\\/\\\/x.com\\\/BasUrquia\",\"https:\\\/\\\/www.instagram.com\\\/urquiabas\\\/\",\"https:\\\/\\\/www.linkedin.com\\\/company\\\/3125928\\\/\"]}]}<\/script>\n<!-- \/ Yoast SEO plugin. -->","yoast_head_json":{"title":"Asseguran\u00e7a d'accidents per a fisioterapeutes oste\u00f2pates i quiropr\u00e0ctics - Urqu\u00eda&amp;Bas","robots":{"index":"index","follow":"follow","max-snippet":"max-snippet:-1","max-image-preview":"max-image-preview:large","max-video-preview":"max-video-preview:-1"},"canonical":"https:\/\/urquiabas.com\/ca\/asseguranca-especial-per-a-fisioterapeutes-osteopates-i-quiropractics\/","og_locale":"ca_ES","og_type":"article","og_title":"Asseguran\u00e7a d'accidents per a fisioterapeutes oste\u00f2pates i quiropr\u00e0ctics - Urqu\u00eda&amp;Bas","og_description":"Fisioterapeutes, oste\u00f2pates i quiropr\u00e0ctics, assumeixen a la seva vida di\u00e0ria una s\u00e8rie de riscos que poden manifestar-se en un accident que els impossibiliti treballar i, com a conseq\u00fc\u00e8ncia d&#8217;aix\u00f2, patir un menyscapte en els seus ingressos ja sigui de forma temporal o, encara pitjor, permanent. Urquia &amp; Bas \u00e9s una corredoria d&#8217;assegurances que, conscient de [&hellip;]","og_url":"https:\/\/urquiabas.com\/ca\/asseguranca-especial-per-a-fisioterapeutes-osteopates-i-quiropractics\/","og_site_name":"Urqu\u00eda&amp;Bas","article_publisher":"https:\/\/www.facebook.com\/UrquiaBas\/","article_modified_time":"2023-11-27T08:27:59+00:00","og_image":[{"width":1920,"height":667,"url":"https:\/\/urquiabas.com\/wp-content\/uploads\/2021\/02\/Header_accidentes_fisios_new.jpg","type":"image\/jpeg"}],"twitter_card":"summary_large_image","twitter_site":"@BasUrquia","twitter_misc":{"Temps estimat de lectura":"7 minuts"},"schema":{"@context":"https:\/\/schema.org","@graph":[{"@type":"WebPage","@id":"https:\/\/urquiabas.com\/ca\/asseguranca-especial-per-a-fisioterapeutes-osteopates-i-quiropractics\/","url":"https:\/\/urquiabas.com\/ca\/asseguranca-especial-per-a-fisioterapeutes-osteopates-i-quiropractics\/","name":"Asseguran\u00e7a d'accidents per a fisioterapeutes oste\u00f2pates i quiropr\u00e0ctics - Urqu\u00eda&amp;Bas","isPartOf":{"@id":"https:\/\/urquiabas.com\/#website"},"primaryImageOfPage":{"@id":"https:\/\/urquiabas.com\/ca\/asseguranca-especial-per-a-fisioterapeutes-osteopates-i-quiropractics\/#primaryimage"},"image":{"@id":"https:\/\/urquiabas.com\/ca\/asseguranca-especial-per-a-fisioterapeutes-osteopates-i-quiropractics\/#primaryimage"},"thumbnailUrl":"https:\/\/urquiabas.com\/wp-content\/uploads\/2021\/02\/Header_accidentes_fisios_new.jpg","datePublished":"2021-02-19T10:28:20+00:00","dateModified":"2023-11-27T08:27:59+00:00","breadcrumb":{"@id":"https:\/\/urquiabas.com\/ca\/asseguranca-especial-per-a-fisioterapeutes-osteopates-i-quiropractics\/#breadcrumb"},"inLanguage":"ca","potentialAction":[{"@type":"ReadAction","target":["https:\/\/urquiabas.com\/ca\/asseguranca-especial-per-a-fisioterapeutes-osteopates-i-quiropractics\/"]}]},{"@type":"ImageObject","inLanguage":"ca","@id":"https:\/\/urquiabas.com\/ca\/asseguranca-especial-per-a-fisioterapeutes-osteopates-i-quiropractics\/#primaryimage","url":"https:\/\/urquiabas.com\/wp-content\/uploads\/2021\/02\/Header_accidentes_fisios_new.jpg","contentUrl":"https:\/\/urquiabas.com\/wp-content\/uploads\/2021\/02\/Header_accidentes_fisios_new.jpg","width":1920,"height":667,"caption":"Professional nurse pushing a young smiling female patient on wheelchair with cervical collar"},{"@type":"BreadcrumbList","@id":"https:\/\/urquiabas.com\/ca\/asseguranca-especial-per-a-fisioterapeutes-osteopates-i-quiropractics\/#breadcrumb","itemListElement":[{"@type":"ListItem","position":1,"name":"Portada","item":"https:\/\/urquiabas.com\/"},{"@type":"ListItem","position":2,"name":"Asseguran\u00e7a d&#8217;accidents per a fisioterapeutes oste\u00f2pates i quiropr\u00e0ctics"}]},{"@type":"WebSite","@id":"https:\/\/urquiabas.com\/#website","url":"https:\/\/urquiabas.com\/","name":"Urqu\u00eda&amp;Bas","description":"Corredur\u00eda de seguros | Lleida","publisher":{"@id":"https:\/\/urquiabas.com\/#organization"},"potentialAction":[{"@type":"SearchAction","target":{"@type":"EntryPoint","urlTemplate":"https:\/\/urquiabas.com\/?s={search_term_string}"},"query-input":{"@type":"PropertyValueSpecification","valueRequired":true,"valueName":"search_term_string"}}],"inLanguage":"ca"},{"@type":"Organization","@id":"https:\/\/urquiabas.com\/#organization","name":"Urquia & Bas S.L","url":"https:\/\/urquiabas.com\/","logo":{"@type":"ImageObject","inLanguage":"ca","@id":"https:\/\/urquiabas.com\/#\/schema\/logo\/image\/","url":"https:\/\/urquiabas.com\/wp-content\/uploads\/2018\/03\/logoubmail2018.jpg","contentUrl":"https:\/\/urquiabas.com\/wp-content\/uploads\/2018\/03\/logoubmail2018.jpg","width":258,"height":61,"caption":"Urquia & Bas S.L"},"image":{"@id":"https:\/\/urquiabas.com\/#\/schema\/logo\/image\/"},"sameAs":["https:\/\/www.facebook.com\/UrquiaBas\/","https:\/\/x.com\/BasUrquia","https:\/\/www.instagram.com\/urquiabas\/","https:\/\/www.linkedin.com\/company\/3125928\/"]}]}},"_links":{"self":[{"href":"https:\/\/urquiabas.com\/ca\/wp-json\/wp\/v2\/pages\/16478","targetHints":{"allow":["GET"]}}],"collection":[{"href":"https:\/\/urquiabas.com\/ca\/wp-json\/wp\/v2\/pages"}],"about":[{"href":"https:\/\/urquiabas.com\/ca\/wp-json\/wp\/v2\/types\/page"}],"author":[{"embeddable":true,"href":"https:\/\/urquiabas.com\/ca\/wp-json\/wp\/v2\/users\/5"}],"replies":[{"embeddable":true,"href":"https:\/\/urquiabas.com\/ca\/wp-json\/wp\/v2\/comments?post=16478"}],"version-history":[{"count":0,"href":"https:\/\/urquiabas.com\/ca\/wp-json\/wp\/v2\/pages\/16478\/revisions"}],"wp:featuredmedia":[{"embeddable":true,"href":"https:\/\/urquiabas.com\/ca\/wp-json\/wp\/v2\/media\/16472"}],"wp:attachment":[{"href":"https:\/\/urquiabas.com\/ca\/wp-json\/wp\/v2\/media?parent=16478"}],"curies":[{"name":"wp","href":"https:\/\/api.w.org\/{rel}","templated":true}]}}