{"id":16497,"date":"2021-02-22T09:38:41","date_gmt":"2021-02-22T08:38:41","guid":{"rendered":"http:\/\/urquiabas.com\/?page_id=16497"},"modified":"2023-11-27T09:27:59","modified_gmt":"2023-11-27T08:27:59","slug":"subsidi-per-malaltia","status":"publish","type":"page","link":"https:\/\/urquiabas.com\/ca\/subsidi-per-malaltia\/","title":{"rendered":"Subsidi per malaltia accident"},"content":{"rendered":"<p>Muchas personas se sienten angustiadas cuando padecen una baja prolongada, debido a la reducci\u00f3n s\u00fabita de los ingresos que ven\u00edan percibiendo por su trabajo.<\/p>\n<p>El seguro de\u00a0<strong>baja diaria<\/strong>\u00a0debe complementar la aportaci\u00f3n de la seguridad social al estar de baja con el fin de no aminorar los ingresos habituales.<\/p>\n<h3 style=\"color: #8a2533;\">A qui\u00e9n nos dirigimos<\/h3>\n<p>Aut\u00f3nomos, profesionales y particulares.<\/p>\n<h5 style=\"text-align: center;\">Aut\u00f3nomos y Profesionales<\/h5>\n<h5 style=\"text-align: center;\">M\u00e9dicos, Fisios\/Osteopatas<\/h5>\n<h3 style=\"color: #8a2533;\">Coberturas<\/h3>\n<p>Mediante este seguro se cubre el pago de una indemnizaci\u00f3n diaria en caso de\u00a0<strong>baja laboral<\/strong>\u00a0por\u00a0<strong>accidente<\/strong>\u00a0o por enfermedad, dependiendo de la modalidad elegida, durante un periodo de hasta dos a\u00f1os.<\/p>\n<p>El precio del seguro depender\u00e1 de tu profesi\u00f3n y de las actividades deportivas que realices, adem\u00e1s del capital que quieras asegurar. Para reducir el precio del seguro se introducen un periodo inicial sin pago de 7, 15 o 30 d\u00edas, al que denominan franquicia.<\/p>\n<h3 style=\"color: #8a2533;\">\u00bfC\u00f3mo te puedo ayudar?<\/h3>\n<p>D\u00e9jame tus datos y me pondr\u00e9 en contacto contigo con la mayor brevedad.<\/p>\n","protected":false},"excerpt":{"rendered":"<p>Muchas personas se sienten angustiadas cuando padecen una baja prolongada, debido a la reducci\u00f3n s\u00fabita de los ingresos que ven\u00edan percibiendo por su trabajo. El seguro de\u00a0baja diaria\u00a0debe complementar la aportaci\u00f3n de la seguridad social al estar de baja con el fin de no aminorar los ingresos habituales. A qui\u00e9n nos dirigimos Aut\u00f3nomos, profesionales y [&hellip;]<\/p>\n","protected":false},"author":5,"featured_media":16490,"parent":0,"menu_order":0,"comment_status":"closed","ping_status":"closed","template":"","meta":{"_acf_changed":false,"inline_featured_image":false,"footnotes":""},"class_list":["post-16497","page","type-page","status-publish","has-post-thumbnail","hentry"],"acf":{"contacte":"marisa"},"yoast_head":"<!-- This site is optimized with the Yoast SEO plugin v27.3 - https:\/\/yoast.com\/product\/yoast-seo-wordpress\/ -->\n<title>Subsidi per malaltia accident - Urqu\u00eda&amp;Bas<\/title>\n<meta name=\"description\" content=\"Sent aut\u00f2nom no et pots permetre estar malalt o tenir un accident. O, s\u00ed? Perqu\u00e8 puguis continuar cobrant cada dia, encara que estiguis de baixa.\" \/>\n<meta name=\"robots\" content=\"index, follow, max-snippet:-1, max-image-preview:large, max-video-preview:-1\" \/>\n<link rel=\"canonical\" href=\"https:\/\/urquiabas.com\/ca\/subsidi-per-malaltia\/\" \/>\n<meta property=\"og:locale\" content=\"ca_ES\" \/>\n<meta property=\"og:type\" content=\"article\" \/>\n<meta property=\"og:title\" content=\"Subsidi per malaltia accident - Urqu\u00eda&amp;Bas\" \/>\n<meta property=\"og:description\" content=\"Sent aut\u00f2nom no et pots permetre estar malalt o tenir un accident. O, s\u00ed? Perqu\u00e8 puguis continuar cobrant cada dia, encara que estiguis de baixa.\" \/>\n<meta property=\"og:url\" content=\"https:\/\/urquiabas.com\/ca\/subsidi-per-malaltia\/\" \/>\n<meta property=\"og:site_name\" content=\"Urqu\u00eda&amp;Bas\" \/>\n<meta property=\"article:publisher\" content=\"https:\/\/www.facebook.com\/UrquiaBas\/\" \/>\n<meta property=\"article:modified_time\" content=\"2023-11-27T08:27:59+00:00\" \/>\n<meta name=\"twitter:card\" content=\"summary_large_image\" \/>\n<meta name=\"twitter:site\" content=\"@BasUrquia\" \/>\n<meta name=\"twitter:label1\" content=\"Temps estimat de lectura\" \/>\n\t<meta name=\"twitter:data1\" content=\"1 minut\" \/>\n<script type=\"application\/ld+json\" class=\"yoast-schema-graph\">{\"@context\":\"https:\\\/\\\/schema.org\",\"@graph\":[{\"@type\":\"WebPage\",\"@id\":\"https:\\\/\\\/urquiabas.com\\\/ca\\\/subsidi-per-malaltia\\\/\",\"url\":\"https:\\\/\\\/urquiabas.com\\\/ca\\\/subsidi-per-malaltia\\\/\",\"name\":\"Subsidi per malaltia accident - Urqu\u00eda&amp;Bas\",\"isPartOf\":{\"@id\":\"https:\\\/\\\/urquiabas.com\\\/#website\"},\"primaryImageOfPage\":{\"@id\":\"https:\\\/\\\/urquiabas.com\\\/ca\\\/subsidi-per-malaltia\\\/#primaryimage\"},\"image\":{\"@id\":\"https:\\\/\\\/urquiabas.com\\\/ca\\\/subsidi-per-malaltia\\\/#primaryimage\"},\"thumbnailUrl\":\"https:\\\/\\\/urquiabas.com\\\/wp-content\\\/uploads\\\/2021\\\/02\\\/Header-subsidio-enfermedad.jpg\",\"datePublished\":\"2021-02-22T08:38:41+00:00\",\"dateModified\":\"2023-11-27T08:27:59+00:00\",\"description\":\"Sent aut\u00f2nom no et pots permetre estar malalt o tenir un accident. O, s\u00ed? Perqu\u00e8 puguis continuar cobrant cada dia, encara que estiguis de baixa.\",\"breadcrumb\":{\"@id\":\"https:\\\/\\\/urquiabas.com\\\/ca\\\/subsidi-per-malaltia\\\/#breadcrumb\"},\"inLanguage\":\"ca\",\"potentialAction\":[{\"@type\":\"ReadAction\",\"target\":[\"https:\\\/\\\/urquiabas.com\\\/ca\\\/subsidi-per-malaltia\\\/\"]}]},{\"@type\":\"ImageObject\",\"inLanguage\":\"ca\",\"@id\":\"https:\\\/\\\/urquiabas.com\\\/ca\\\/subsidi-per-malaltia\\\/#primaryimage\",\"url\":\"https:\\\/\\\/urquiabas.com\\\/wp-content\\\/uploads\\\/2021\\\/02\\\/Header-subsidio-enfermedad.jpg\",\"contentUrl\":\"https:\\\/\\\/urquiabas.com\\\/wp-content\\\/uploads\\\/2021\\\/02\\\/Header-subsidio-enfermedad.jpg\",\"width\":1920,\"height\":667},{\"@type\":\"BreadcrumbList\",\"@id\":\"https:\\\/\\\/urquiabas.com\\\/ca\\\/subsidi-per-malaltia\\\/#breadcrumb\",\"itemListElement\":[{\"@type\":\"ListItem\",\"position\":1,\"name\":\"Portada\",\"item\":\"https:\\\/\\\/urquiabas.com\\\/\"},{\"@type\":\"ListItem\",\"position\":2,\"name\":\"Subsidi per malaltia accident\"}]},{\"@type\":\"WebSite\",\"@id\":\"https:\\\/\\\/urquiabas.com\\\/#website\",\"url\":\"https:\\\/\\\/urquiabas.com\\\/\",\"name\":\"Urqu\u00eda&amp;Bas\",\"description\":\"Corredur\u00eda de seguros | Lleida\",\"publisher\":{\"@id\":\"https:\\\/\\\/urquiabas.com\\\/#organization\"},\"potentialAction\":[{\"@type\":\"SearchAction\",\"target\":{\"@type\":\"EntryPoint\",\"urlTemplate\":\"https:\\\/\\\/urquiabas.com\\\/?s={search_term_string}\"},\"query-input\":{\"@type\":\"PropertyValueSpecification\",\"valueRequired\":true,\"valueName\":\"search_term_string\"}}],\"inLanguage\":\"ca\"},{\"@type\":\"Organization\",\"@id\":\"https:\\\/\\\/urquiabas.com\\\/#organization\",\"name\":\"Urquia & Bas S.L\",\"url\":\"https:\\\/\\\/urquiabas.com\\\/\",\"logo\":{\"@type\":\"ImageObject\",\"inLanguage\":\"ca\",\"@id\":\"https:\\\/\\\/urquiabas.com\\\/#\\\/schema\\\/logo\\\/image\\\/\",\"url\":\"https:\\\/\\\/urquiabas.com\\\/wp-content\\\/uploads\\\/2018\\\/03\\\/logoubmail2018.jpg\",\"contentUrl\":\"https:\\\/\\\/urquiabas.com\\\/wp-content\\\/uploads\\\/2018\\\/03\\\/logoubmail2018.jpg\",\"width\":258,\"height\":61,\"caption\":\"Urquia & Bas S.L\"},\"image\":{\"@id\":\"https:\\\/\\\/urquiabas.com\\\/#\\\/schema\\\/logo\\\/image\\\/\"},\"sameAs\":[\"https:\\\/\\\/www.facebook.com\\\/UrquiaBas\\\/\",\"https:\\\/\\\/x.com\\\/BasUrquia\",\"https:\\\/\\\/www.instagram.com\\\/urquiabas\\\/\",\"https:\\\/\\\/www.linkedin.com\\\/company\\\/3125928\\\/\"]}]}<\/script>\n<!-- \/ Yoast SEO plugin. -->","yoast_head_json":{"title":"Subsidi per malaltia accident - Urqu\u00eda&amp;Bas","description":"Sent aut\u00f2nom no et pots permetre estar malalt o tenir un accident. O, s\u00ed? Perqu\u00e8 puguis continuar cobrant cada dia, encara que estiguis de baixa.","robots":{"index":"index","follow":"follow","max-snippet":"max-snippet:-1","max-image-preview":"max-image-preview:large","max-video-preview":"max-video-preview:-1"},"canonical":"https:\/\/urquiabas.com\/ca\/subsidi-per-malaltia\/","og_locale":"ca_ES","og_type":"article","og_title":"Subsidi per malaltia accident - Urqu\u00eda&amp;Bas","og_description":"Sent aut\u00f2nom no et pots permetre estar malalt o tenir un accident. O, s\u00ed? Perqu\u00e8 puguis continuar cobrant cada dia, encara que estiguis de baixa.","og_url":"https:\/\/urquiabas.com\/ca\/subsidi-per-malaltia\/","og_site_name":"Urqu\u00eda&amp;Bas","article_publisher":"https:\/\/www.facebook.com\/UrquiaBas\/","article_modified_time":"2023-11-27T08:27:59+00:00","twitter_card":"summary_large_image","twitter_site":"@BasUrquia","twitter_misc":{"Temps estimat de lectura":"1 minut"},"schema":{"@context":"https:\/\/schema.org","@graph":[{"@type":"WebPage","@id":"https:\/\/urquiabas.com\/ca\/subsidi-per-malaltia\/","url":"https:\/\/urquiabas.com\/ca\/subsidi-per-malaltia\/","name":"Subsidi per malaltia accident - Urqu\u00eda&amp;Bas","isPartOf":{"@id":"https:\/\/urquiabas.com\/#website"},"primaryImageOfPage":{"@id":"https:\/\/urquiabas.com\/ca\/subsidi-per-malaltia\/#primaryimage"},"image":{"@id":"https:\/\/urquiabas.com\/ca\/subsidi-per-malaltia\/#primaryimage"},"thumbnailUrl":"https:\/\/urquiabas.com\/wp-content\/uploads\/2021\/02\/Header-subsidio-enfermedad.jpg","datePublished":"2021-02-22T08:38:41+00:00","dateModified":"2023-11-27T08:27:59+00:00","description":"Sent aut\u00f2nom no et pots permetre estar malalt o tenir un accident. O, s\u00ed? Perqu\u00e8 puguis continuar cobrant cada dia, encara que estiguis de baixa.","breadcrumb":{"@id":"https:\/\/urquiabas.com\/ca\/subsidi-per-malaltia\/#breadcrumb"},"inLanguage":"ca","potentialAction":[{"@type":"ReadAction","target":["https:\/\/urquiabas.com\/ca\/subsidi-per-malaltia\/"]}]},{"@type":"ImageObject","inLanguage":"ca","@id":"https:\/\/urquiabas.com\/ca\/subsidi-per-malaltia\/#primaryimage","url":"https:\/\/urquiabas.com\/wp-content\/uploads\/2021\/02\/Header-subsidio-enfermedad.jpg","contentUrl":"https:\/\/urquiabas.com\/wp-content\/uploads\/2021\/02\/Header-subsidio-enfermedad.jpg","width":1920,"height":667},{"@type":"BreadcrumbList","@id":"https:\/\/urquiabas.com\/ca\/subsidi-per-malaltia\/#breadcrumb","itemListElement":[{"@type":"ListItem","position":1,"name":"Portada","item":"https:\/\/urquiabas.com\/"},{"@type":"ListItem","position":2,"name":"Subsidi per malaltia accident"}]},{"@type":"WebSite","@id":"https:\/\/urquiabas.com\/#website","url":"https:\/\/urquiabas.com\/","name":"Urqu\u00eda&amp;Bas","description":"Corredur\u00eda de seguros | Lleida","publisher":{"@id":"https:\/\/urquiabas.com\/#organization"},"potentialAction":[{"@type":"SearchAction","target":{"@type":"EntryPoint","urlTemplate":"https:\/\/urquiabas.com\/?s={search_term_string}"},"query-input":{"@type":"PropertyValueSpecification","valueRequired":true,"valueName":"search_term_string"}}],"inLanguage":"ca"},{"@type":"Organization","@id":"https:\/\/urquiabas.com\/#organization","name":"Urquia & Bas S.L","url":"https:\/\/urquiabas.com\/","logo":{"@type":"ImageObject","inLanguage":"ca","@id":"https:\/\/urquiabas.com\/#\/schema\/logo\/image\/","url":"https:\/\/urquiabas.com\/wp-content\/uploads\/2018\/03\/logoubmail2018.jpg","contentUrl":"https:\/\/urquiabas.com\/wp-content\/uploads\/2018\/03\/logoubmail2018.jpg","width":258,"height":61,"caption":"Urquia & Bas S.L"},"image":{"@id":"https:\/\/urquiabas.com\/#\/schema\/logo\/image\/"},"sameAs":["https:\/\/www.facebook.com\/UrquiaBas\/","https:\/\/x.com\/BasUrquia","https:\/\/www.instagram.com\/urquiabas\/","https:\/\/www.linkedin.com\/company\/3125928\/"]}]}},"_links":{"self":[{"href":"https:\/\/urquiabas.com\/ca\/wp-json\/wp\/v2\/pages\/16497","targetHints":{"allow":["GET"]}}],"collection":[{"href":"https:\/\/urquiabas.com\/ca\/wp-json\/wp\/v2\/pages"}],"about":[{"href":"https:\/\/urquiabas.com\/ca\/wp-json\/wp\/v2\/types\/page"}],"author":[{"embeddable":true,"href":"https:\/\/urquiabas.com\/ca\/wp-json\/wp\/v2\/users\/5"}],"replies":[{"embeddable":true,"href":"https:\/\/urquiabas.com\/ca\/wp-json\/wp\/v2\/comments?post=16497"}],"version-history":[{"count":0,"href":"https:\/\/urquiabas.com\/ca\/wp-json\/wp\/v2\/pages\/16497\/revisions"}],"wp:featuredmedia":[{"embeddable":true,"href":"https:\/\/urquiabas.com\/ca\/wp-json\/wp\/v2\/media\/16490"}],"wp:attachment":[{"href":"https:\/\/urquiabas.com\/ca\/wp-json\/wp\/v2\/media?parent=16497"}],"curies":[{"name":"wp","href":"https:\/\/api.w.org\/{rel}","templated":true}]}}