{"id":16534,"date":"2021-02-22T16:10:46","date_gmt":"2021-02-22T15:10:46","guid":{"rendered":"http:\/\/urquiabas.com\/?page_id=16534"},"modified":"2025-12-04T10:10:59","modified_gmt":"2025-12-04T09:10:59","slug":"entreteniment-i-lleure","status":"publish","type":"page","link":"https:\/\/urquiabas.com\/ca\/entreteniment-i-lleure\/","title":{"rendered":"Assegurances per a activitats de lleure i entreteniment"},"content":{"rendered":"\t\t<div data-elementor-type=\"wp-page\" data-elementor-id=\"16534\" class=\"elementor elementor-16534 elementor-16520\" data-elementor-post-type=\"page\">\n\t\t\t\t<div class=\"elementor-element elementor-element-54ca81e8 e-flex e-con-boxed e-con e-parent\" data-id=\"54ca81e8\" data-element_type=\"container\" data-e-type=\"container\">\n\t\t\t\t\t<div class=\"e-con-inner\">\n\t\t\t\t<div class=\"elementor-element elementor-element-4d5eb9c7 elementor-widget elementor-widget-text-editor\" data-id=\"4d5eb9c7\" data-element_type=\"widget\" data-e-type=\"widget\" data-widget_type=\"text-editor.default\">\n\t\t\t\t\t\t\t\t\t\n<h3 class=\"wp-block-heading\">A qui ens dirigim<\/h3>\n\n<p>Bona part de la nostra tasca com a assessors dels nostres clients consisteix a optimitzar la cobertura dels seus riscos, per\u00f2 tamb\u00e9 donar-los a con\u00e8ixer les noves amenaces a qu\u00e8 estan exposats i oferir-los solucions asseguradores.<\/p>\n\n<p>Aix\u00ed, doncs, els vells i els nous riscos requereixen cobertures espec\u00edfiques. Parlem de la responsabilitat civil de l&#8217;empresa, de la dels administradors i directius; dels accidents amb lesions de clients durant activitats d&#8217;oci i temps lliure; de la cada cop m\u00e9s necess\u00e0ria assist\u00e8ncia en viatges d&#8217;oci i esportiva. Per\u00f2 sense oblidar els nous riscos, com el ciberatac en les m\u00faltiples formes i resultats; la protecci\u00f3 de dades; la responsabilitat per danys mediambientals, o \u00fas de drones, etc.<\/p>\n\n<h3 class=\"wp-block-heading\">Assegurances destacades<\/h3>\n\t\t\t\t\t\t\t\t<\/div>\n\t\t<div class=\"elementor-element elementor-element-d182949 e-con-full e-flex e-con e-child\" data-id=\"d182949\" data-element_type=\"container\" data-e-type=\"container\">\n\t\t<div class=\"elementor-element elementor-element-8c43fd7 e-con-full e-flex e-con e-child\" data-id=\"8c43fd7\" data-element_type=\"container\" data-e-type=\"container\">\n\t\t\t\t<div class=\"elementor-element elementor-element-9b1c77c elementor-widget elementor-widget-image\" data-id=\"9b1c77c\" data-element_type=\"widget\" data-e-type=\"widget\" data-widget_type=\"image.default\">\n\t\t\t\t\t\t\t\t\t\t\t\t\t\t\t<img fetchpriority=\"high\" decoding=\"async\" width=\"458\" height=\"305\" src=\"https:\/\/urquiabas.com\/wp-content\/uploads\/2020\/03\/thumb_458_running.jpg\" class=\"attachment-large size-large wp-image-6911\" alt=\"Carreras populares, Running y otros eventos deportivos\" srcset=\"https:\/\/urquiabas.com\/wp-content\/uploads\/2020\/03\/thumb_458_running.jpg 458w, https:\/\/urquiabas.com\/wp-content\/uploads\/2020\/03\/thumb_458_running-300x200.jpg 300w, https:\/\/urquiabas.com\/wp-content\/uploads\/2020\/03\/thumb_458_running-200x133.jpg 200w, https:\/\/urquiabas.com\/wp-content\/uploads\/2020\/03\/thumb_458_running-400x266.jpg 400w\" sizes=\"(max-width: 458px) 100vw, 458px\" \/>\t\t\t\t\t\t\t\t\t\t\t\t\t\t\t<\/div>\n\t\t\t\t<div class=\"elementor-element elementor-element-a7cca30 elementor-widget elementor-widget-text-editor\" data-id=\"a7cca30\" data-element_type=\"widget\" data-e-type=\"widget\" data-widget_type=\"text-editor.default\">\n\t\t\t\t\t\t\t\t\t<p>Curses populars, Running i altres esdeveniments esportius<\/p>\t\t\t\t\t\t\t\t<\/div>\n\t\t\t\t<div class=\"elementor-element elementor-element-76e4bb4 elementor-widget elementor-widget-button\" data-id=\"76e4bb4\" data-element_type=\"widget\" data-e-type=\"widget\" data-widget_type=\"button.default\">\n\t\t\t\t\t\t\t\t\t\t<a class=\"elementor-button elementor-button-link elementor-size-sm\" href=\"http:\/\/urquiabas.com\/seguro-carreras-running-eventos-deportivos\/\">\n\t\t\t\t\t\t<span class=\"elementor-button-content-wrapper\">\n\t\t\t\t\t\t\t\t\t<span class=\"elementor-button-text\">Saber-ne m\u00e9s<\/span>\n\t\t\t\t\t<\/span>\n\t\t\t\t\t<\/a>\n\t\t\t\t\t\t\t\t<\/div>\n\t\t\t\t<\/div>\n\t\t<div class=\"elementor-element elementor-element-716cce5 e-con-full e-flex e-con e-child\" data-id=\"716cce5\" data-element_type=\"container\" data-e-type=\"container\">\n\t\t\t\t<div class=\"elementor-element elementor-element-ee441a8 elementor-widget elementor-widget-image\" data-id=\"ee441a8\" data-element_type=\"widget\" data-e-type=\"widget\" data-widget_type=\"image.default\">\n\t\t\t\t\t\t\t\t\t\t\t\t\t\t\t<img decoding=\"async\" width=\"800\" height=\"556\" src=\"https:\/\/urquiabas.com\/wp-content\/uploads\/2021\/02\/Thumb_espectaculos_new.jpg\" class=\"attachment-large size-large wp-image-16530\" alt=\"Espectaculos\" srcset=\"https:\/\/urquiabas.com\/wp-content\/uploads\/2021\/02\/Thumb_espectaculos_new.jpg 900w, https:\/\/urquiabas.com\/wp-content\/uploads\/2021\/02\/Thumb_espectaculos_new-300x208.jpg 300w, https:\/\/urquiabas.com\/wp-content\/uploads\/2021\/02\/Thumb_espectaculos_new-768x533.jpg 768w, https:\/\/urquiabas.com\/wp-content\/uploads\/2021\/02\/Thumb_espectaculos_new-200x139.jpg 200w, https:\/\/urquiabas.com\/wp-content\/uploads\/2021\/02\/Thumb_espectaculos_new-400x278.jpg 400w, https:\/\/urquiabas.com\/wp-content\/uploads\/2021\/02\/Thumb_espectaculos_new-600x417.jpg 600w, https:\/\/urquiabas.com\/wp-content\/uploads\/2021\/02\/Thumb_espectaculos_new-800x556.jpg 800w, https:\/\/urquiabas.com\/wp-content\/uploads\/2021\/02\/Thumb_espectaculos_new-500x347.jpg 500w, https:\/\/urquiabas.com\/wp-content\/uploads\/2021\/02\/Thumb_espectaculos_new-700x486.jpg 700w\" sizes=\"(max-width: 800px) 100vw, 800px\" \/>\t\t\t\t\t\t\t\t\t\t\t\t\t\t\t<\/div>\n\t\t\t\t<div class=\"elementor-element elementor-element-8f85a60 elementor-widget elementor-widget-text-editor\" data-id=\"8f85a60\" data-element_type=\"widget\" data-e-type=\"widget\" data-widget_type=\"text-editor.default\">\n\t\t\t\t\t\t\t\t\t<p>Espectacles<\/p>\t\t\t\t\t\t\t\t<\/div>\n\t\t\t\t<div class=\"elementor-element elementor-element-24f0285 elementor-widget elementor-widget-button\" data-id=\"24f0285\" data-element_type=\"widget\" data-e-type=\"widget\" data-widget_type=\"button.default\">\n\t\t\t\t\t\t\t\t\t\t<a class=\"elementor-button elementor-button-link elementor-size-sm\" href=\"http:\/\/urquiabas.com\/seguro-eventos-espectaculos\/\">\n\t\t\t\t\t\t<span class=\"elementor-button-content-wrapper\">\n\t\t\t\t\t\t\t\t\t<span class=\"elementor-button-text\">Saber-ne m\u00e9s<\/span>\n\t\t\t\t\t<\/span>\n\t\t\t\t\t<\/a>\n\t\t\t\t\t\t\t\t<\/div>\n\t\t\t\t<\/div>\n\t\t<div class=\"elementor-element elementor-element-b57ff49 e-con-full e-flex e-con e-child\" data-id=\"b57ff49\" data-element_type=\"container\" data-e-type=\"container\">\n\t\t\t\t<div class=\"elementor-element elementor-element-5cfeed2 elementor-widget elementor-widget-image\" data-id=\"5cfeed2\" data-element_type=\"widget\" data-e-type=\"widget\" data-widget_type=\"image.default\">\n\t\t\t\t\t\t\t\t\t\t\t\t\t\t\t<img decoding=\"async\" width=\"458\" height=\"305\" src=\"https:\/\/urquiabas.com\/wp-content\/uploads\/2020\/03\/thumb_458_deporte_aventura.jpg\" class=\"attachment-large size-large wp-image-6947\" alt=\"Turismo activo y deportes de aventura\" srcset=\"https:\/\/urquiabas.com\/wp-content\/uploads\/2020\/03\/thumb_458_deporte_aventura.jpg 458w, https:\/\/urquiabas.com\/wp-content\/uploads\/2020\/03\/thumb_458_deporte_aventura-300x200.jpg 300w, https:\/\/urquiabas.com\/wp-content\/uploads\/2020\/03\/thumb_458_deporte_aventura-200x133.jpg 200w, https:\/\/urquiabas.com\/wp-content\/uploads\/2020\/03\/thumb_458_deporte_aventura-400x266.jpg 400w\" sizes=\"(max-width: 458px) 100vw, 458px\" \/>\t\t\t\t\t\t\t\t\t\t\t\t\t\t\t<\/div>\n\t\t\t\t<div class=\"elementor-element elementor-element-ebf2990 elementor-widget elementor-widget-text-editor\" data-id=\"ebf2990\" data-element_type=\"widget\" data-e-type=\"widget\" data-widget_type=\"text-editor.default\">\n\t\t\t\t\t\t\t\t\t<p>Turisme actiu i esports d\u00b4aventura<\/p>\t\t\t\t\t\t\t\t<\/div>\n\t\t\t\t<div class=\"elementor-element elementor-element-8769e27 elementor-widget elementor-widget-button\" data-id=\"8769e27\" data-element_type=\"widget\" data-e-type=\"widget\" data-widget_type=\"button.default\">\n\t\t\t\t\t\t\t\t\t\t<a class=\"elementor-button elementor-button-link elementor-size-sm\" href=\"https:\/\/urquiabas.com\/ca\/turisme-actiu-i-esports-daventura\/\">\n\t\t\t\t\t\t<span class=\"elementor-button-content-wrapper\">\n\t\t\t\t\t\t\t\t\t<span class=\"elementor-button-text\">Saber-ne m\u00e9s<\/span>\n\t\t\t\t\t<\/span>\n\t\t\t\t\t<\/a>\n\t\t\t\t\t\t\t\t<\/div>\n\t\t\t\t<\/div>\n\t\t<div class=\"elementor-element elementor-element-79deed7 e-con-full e-flex e-con e-child\" data-id=\"79deed7\" data-element_type=\"container\" data-e-type=\"container\">\n\t\t\t\t<div class=\"elementor-element elementor-element-51fc1a7 elementor-widget elementor-widget-image\" data-id=\"51fc1a7\" data-element_type=\"widget\" data-e-type=\"widget\" data-widget_type=\"image.default\">\n\t\t\t\t\t\t\t\t\t\t\t\t\t\t\t<img loading=\"lazy\" decoding=\"async\" width=\"800\" height=\"556\" src=\"https:\/\/urquiabas.com\/wp-content\/uploads\/2021\/02\/Thumbr_asociaciones_colectivos_new.jpg\" class=\"attachment-large size-large wp-image-16015\" alt=\"Clubs, asociaciones y colectivos sin \u00e1nimo de lucro\" srcset=\"https:\/\/urquiabas.com\/wp-content\/uploads\/2021\/02\/Thumbr_asociaciones_colectivos_new.jpg 900w, https:\/\/urquiabas.com\/wp-content\/uploads\/2021\/02\/Thumbr_asociaciones_colectivos_new-300x208.jpg 300w, https:\/\/urquiabas.com\/wp-content\/uploads\/2021\/02\/Thumbr_asociaciones_colectivos_new-768x533.jpg 768w, https:\/\/urquiabas.com\/wp-content\/uploads\/2021\/02\/Thumbr_asociaciones_colectivos_new-200x139.jpg 200w, https:\/\/urquiabas.com\/wp-content\/uploads\/2021\/02\/Thumbr_asociaciones_colectivos_new-400x278.jpg 400w, https:\/\/urquiabas.com\/wp-content\/uploads\/2021\/02\/Thumbr_asociaciones_colectivos_new-600x417.jpg 600w, https:\/\/urquiabas.com\/wp-content\/uploads\/2021\/02\/Thumbr_asociaciones_colectivos_new-800x556.jpg 800w, https:\/\/urquiabas.com\/wp-content\/uploads\/2021\/02\/Thumbr_asociaciones_colectivos_new-500x347.jpg 500w, https:\/\/urquiabas.com\/wp-content\/uploads\/2021\/02\/Thumbr_asociaciones_colectivos_new-700x486.jpg 700w\" sizes=\"(max-width: 800px) 100vw, 800px\" \/>\t\t\t\t\t\t\t\t\t\t\t\t\t\t\t<\/div>\n\t\t\t\t<div class=\"elementor-element elementor-element-f1822a0 elementor-widget elementor-widget-text-editor\" data-id=\"f1822a0\" data-element_type=\"widget\" data-e-type=\"widget\" data-widget_type=\"text-editor.default\">\n\t\t\t\t\t\t\t\t\t<p>Clubs, associacions i col\u00b7lectius sense \u00e0nim de lucre<\/p>\t\t\t\t\t\t\t\t<\/div>\n\t\t\t\t<div class=\"elementor-element elementor-element-c00bf9e elementor-widget elementor-widget-button\" data-id=\"c00bf9e\" data-element_type=\"widget\" data-e-type=\"widget\" data-widget_type=\"button.default\">\n\t\t\t\t\t\t\t\t\t\t<a class=\"elementor-button elementor-button-link elementor-size-sm\" href=\"https:\/\/urquiabas.com\/ca\/clubs-associacions-i-col%c2%b7lectius-sense-anim-de-lucre\/\">\n\t\t\t\t\t\t<span class=\"elementor-button-content-wrapper\">\n\t\t\t\t\t\t\t\t\t<span class=\"elementor-button-text\">Saber-ne m\u00e9s<\/span>\n\t\t\t\t\t<\/span>\n\t\t\t\t\t<\/a>\n\t\t\t\t\t\t\t\t<\/div>\n\t\t\t\t<\/div>\n\t\t<div class=\"elementor-element elementor-element-233b07d e-con-full e-flex e-con e-child\" data-id=\"233b07d\" data-element_type=\"container\" data-e-type=\"container\">\n\t\t\t\t<div class=\"elementor-element elementor-element-9cafb1f elementor-widget elementor-widget-image\" data-id=\"9cafb1f\" data-element_type=\"widget\" data-e-type=\"widget\" data-widget_type=\"image.default\">\n\t\t\t\t\t\t\t\t\t\t\t\t\t\t\t<img loading=\"lazy\" decoding=\"async\" width=\"458\" height=\"305\" src=\"https:\/\/urquiabas.com\/wp-content\/uploads\/2020\/03\/thumb_458_viajes.jpg\" class=\"attachment-large size-large wp-image-6921\" alt=\"Asistencia en Viaje\" srcset=\"https:\/\/urquiabas.com\/wp-content\/uploads\/2020\/03\/thumb_458_viajes.jpg 458w, https:\/\/urquiabas.com\/wp-content\/uploads\/2020\/03\/thumb_458_viajes-300x200.jpg 300w, https:\/\/urquiabas.com\/wp-content\/uploads\/2020\/03\/thumb_458_viajes-200x133.jpg 200w, https:\/\/urquiabas.com\/wp-content\/uploads\/2020\/03\/thumb_458_viajes-400x266.jpg 400w\" sizes=\"(max-width: 458px) 100vw, 458px\" \/>\t\t\t\t\t\t\t\t\t\t\t\t\t\t\t<\/div>\n\t\t\t\t<div class=\"elementor-element elementor-element-b3a7743 elementor-widget elementor-widget-text-editor\" data-id=\"b3a7743\" data-element_type=\"widget\" data-e-type=\"widget\" data-widget_type=\"text-editor.default\">\n\t\t\t\t\t\t\t\t\t<p>Assist\u00e8ncia en viatge<\/p>\t\t\t\t\t\t\t\t<\/div>\n\t\t\t\t<div class=\"elementor-element elementor-element-4cc0c9d elementor-widget elementor-widget-button\" data-id=\"4cc0c9d\" data-element_type=\"widget\" data-e-type=\"widget\" data-widget_type=\"button.default\">\n\t\t\t\t\t\t\t\t\t\t<a class=\"elementor-button elementor-button-link elementor-size-sm\" href=\"http:\/\/urquiabas.com\/seguro-asistencia-en-viaje\/\">\n\t\t\t\t\t\t<span class=\"elementor-button-content-wrapper\">\n\t\t\t\t\t\t\t\t\t<span class=\"elementor-button-text\">Saber-ne m\u00e9s<\/span>\n\t\t\t\t\t<\/span>\n\t\t\t\t\t<\/a>\n\t\t\t\t\t\t\t\t<\/div>\n\t\t\t\t<\/div>\n\t\t<div class=\"elementor-element elementor-element-ee2b5d6 e-con-full e-flex e-con e-child\" data-id=\"ee2b5d6\" data-element_type=\"container\" data-e-type=\"container\">\n\t\t\t\t<\/div>\n\t\t\t\t<\/div>\n\t\t\t\t\t<\/div>\n\t\t\t\t<\/div>\n\t\t<div class=\"elementor-element elementor-element-98dd477 e-flex e-con-boxed e-con e-parent\" data-id=\"98dd477\" data-element_type=\"container\" data-e-type=\"container\">\n\t\t\t\t\t<div class=\"e-con-inner\">\n\t\t\t\t<div class=\"elementor-element elementor-element-1c80efe elementor-widget elementor-widget-text-editor\" data-id=\"1c80efe\" data-element_type=\"widget\" data-e-type=\"widget\" data-widget_type=\"text-editor.default\">\n\t\t\t\t\t\t\t\t\t<h3 class=\"wp-block-heading accordeon-title\">M\u00e9s assegurances per al teu negoci<\/h3>\n<p><\/p>\n<div class=\"wp-block-group accordeon-content\">\n<p><a href=\"https:\/\/urquiabas.com\/ca\/vehicles-electrics\/\">Vehicles El\u00e8ctrics<\/a><\/p>\n\n<p><a href=\"\/seguro-hoyo-en-uno-hole-in-one\/\">Forat en un \/ Hole in one<\/a><\/p>\n\n<p><a href=\"https:\/\/urquiabas.com\/ca\/caucio\/\">Cauci\u00f3<\/a><\/p>\n\n<p><a href=\"https:\/\/urquiabas.com\/ca\/defensa-juridica\/\">Defensa jur\u00eddica<\/a><\/p>\n<\/div>\n<p><\/p>\n<h3 class=\"wp-block-heading\">Com puc ajudar-te?<\/h3>\n<p><\/p>\n<p>Deixa&#8217;m les teves dades i em posar\u00e9 en contacte amb tu al m\u00e9s aviat possible.<\/p>\t\t\t\t\t\t\t\t<\/div>\n\t\t<div class=\"elementor-element elementor-element-a239648 e-con-full e-flex e-con e-child\" data-id=\"a239648\" data-element_type=\"container\" data-e-type=\"container\">\n\t\t\t\t<div class=\"elementor-element elementor-element-69f21ed elementor-widget elementor-widget-text-editor\" data-id=\"69f21ed\" data-element_type=\"widget\" data-e-type=\"widget\" data-widget_type=\"text-editor.default\">\n\t\t\t\t\t\t\t\t\t<iframe id=\"tarificador\" class=\"w-full\" src=\"http:\/\/tarificadores.urquiabas.com\/forms\/contacto?h=0\" frameborder=\"0\" allowfullscreen=\"\"><\/iframe>\t\t\t\t\t\t\t\t<\/div>\n\t\t\t\t<\/div>\n\t\t\t\t\t<\/div>\n\t\t\t\t<\/div>\n\t\t\t\t<\/div>\n\t\t","protected":false},"excerpt":{"rendered":"<p>A qui ens dirigim Bona part de la nostra tasca com a assessors dels nostres clients consisteix a optimitzar la cobertura dels seus riscos, per\u00f2 tamb\u00e9 donar-los a con\u00e8ixer les noves amenaces a qu\u00e8 estan exposats i oferir-los solucions asseguradores. Aix\u00ed, doncs, els vells i els nous riscos requereixen cobertures espec\u00edfiques. Parlem de la responsabilitat [&hellip;]<\/p>\n","protected":false},"author":84,"featured_media":16523,"parent":0,"menu_order":0,"comment_status":"closed","ping_status":"closed","template":"","meta":{"_acf_changed":false,"inline_featured_image":false,"footnotes":""},"class_list":["post-16534","page","type-page","status-publish","has-post-thumbnail","hentry"],"acf":{"contacte":"estandard","titulo":"Assegurances per a entreteniment i lleure","id_nex":"404","subtitulo":"DANYS PROPIS IA TERCERS"},"yoast_head":"<!-- This site is optimized with the Yoast SEO plugin v27.3 - https:\/\/yoast.com\/product\/yoast-seo-wordpress\/ -->\n<title>Assegurances per a activitats de lleure i entreteniment<\/title>\n<meta name=\"description\" content=\"Bona part de la nostra tasca com a assessors dels nostres clients consisteix a optimitzar la cobertura dels seus riscos.\" \/>\n<meta name=\"robots\" content=\"index, follow, max-snippet:-1, max-image-preview:large, max-video-preview:-1\" \/>\n<link rel=\"canonical\" href=\"https:\/\/urquiabas.com\/ca\/entreteniment-i-lleure\/\" \/>\n<meta property=\"og:locale\" content=\"ca_ES\" \/>\n<meta property=\"og:type\" content=\"article\" \/>\n<meta property=\"og:title\" content=\"Assegurances per a activitats de lleure i entreteniment\" \/>\n<meta property=\"og:description\" content=\"Bona part de la nostra tasca com a assessors dels nostres clients consisteix a optimitzar la cobertura dels seus riscos.\" \/>\n<meta property=\"og:url\" content=\"https:\/\/urquiabas.com\/ca\/entreteniment-i-lleure\/\" \/>\n<meta property=\"og:site_name\" content=\"Urqu\u00eda&amp;Bas\" \/>\n<meta property=\"article:publisher\" content=\"https:\/\/www.facebook.com\/UrquiaBas\/\" \/>\n<meta property=\"article:modified_time\" content=\"2025-12-04T09:10:59+00:00\" \/>\n<meta property=\"og:image\" content=\"https:\/\/urquiabas.com\/wp-content\/uploads\/2021\/02\/Header_entretenimiento_ocio_new.jpg\" \/>\n\t<meta property=\"og:image:width\" content=\"1920\" \/>\n\t<meta property=\"og:image:height\" content=\"653\" \/>\n\t<meta property=\"og:image:type\" content=\"image\/jpeg\" \/>\n<meta name=\"twitter:card\" content=\"summary_large_image\" \/>\n<meta name=\"twitter:site\" content=\"@BasUrquia\" \/>\n<meta name=\"twitter:label1\" content=\"Temps estimat de lectura\" \/>\n\t<meta name=\"twitter:data1\" content=\"11 minuts\" \/>\n<script type=\"application\/ld+json\" class=\"yoast-schema-graph\">{\"@context\":\"https:\\\/\\\/schema.org\",\"@graph\":[{\"@type\":\"WebPage\",\"@id\":\"https:\\\/\\\/urquiabas.com\\\/ca\\\/entreteniment-i-lleure\\\/\",\"url\":\"https:\\\/\\\/urquiabas.com\\\/ca\\\/entreteniment-i-lleure\\\/\",\"name\":\"Assegurances per a activitats de lleure i entreteniment\",\"isPartOf\":{\"@id\":\"https:\\\/\\\/urquiabas.com\\\/#website\"},\"primaryImageOfPage\":{\"@id\":\"https:\\\/\\\/urquiabas.com\\\/ca\\\/entreteniment-i-lleure\\\/#primaryimage\"},\"image\":{\"@id\":\"https:\\\/\\\/urquiabas.com\\\/ca\\\/entreteniment-i-lleure\\\/#primaryimage\"},\"thumbnailUrl\":\"https:\\\/\\\/urquiabas.com\\\/wp-content\\\/uploads\\\/2021\\\/02\\\/Header_entretenimiento_ocio_new.jpg\",\"datePublished\":\"2021-02-22T15:10:46+00:00\",\"dateModified\":\"2025-12-04T09:10:59+00:00\",\"description\":\"Bona part de la nostra tasca com a assessors dels nostres clients consisteix a optimitzar la cobertura dels seus riscos.\",\"breadcrumb\":{\"@id\":\"https:\\\/\\\/urquiabas.com\\\/ca\\\/entreteniment-i-lleure\\\/#breadcrumb\"},\"inLanguage\":\"ca\",\"potentialAction\":[{\"@type\":\"ReadAction\",\"target\":[\"https:\\\/\\\/urquiabas.com\\\/ca\\\/entreteniment-i-lleure\\\/\"]}]},{\"@type\":\"ImageObject\",\"inLanguage\":\"ca\",\"@id\":\"https:\\\/\\\/urquiabas.com\\\/ca\\\/entreteniment-i-lleure\\\/#primaryimage\",\"url\":\"https:\\\/\\\/urquiabas.com\\\/wp-content\\\/uploads\\\/2021\\\/02\\\/Header_entretenimiento_ocio_new.jpg\",\"contentUrl\":\"https:\\\/\\\/urquiabas.com\\\/wp-content\\\/uploads\\\/2021\\\/02\\\/Header_entretenimiento_ocio_new.jpg\",\"width\":1920,\"height\":653},{\"@type\":\"BreadcrumbList\",\"@id\":\"https:\\\/\\\/urquiabas.com\\\/ca\\\/entreteniment-i-lleure\\\/#breadcrumb\",\"itemListElement\":[{\"@type\":\"ListItem\",\"position\":1,\"name\":\"Portada\",\"item\":\"https:\\\/\\\/urquiabas.com\\\/\"},{\"@type\":\"ListItem\",\"position\":2,\"name\":\"Assegurances per a activitats de lleure i entreteniment\"}]},{\"@type\":\"WebSite\",\"@id\":\"https:\\\/\\\/urquiabas.com\\\/#website\",\"url\":\"https:\\\/\\\/urquiabas.com\\\/\",\"name\":\"Urqu\u00eda&amp;Bas\",\"description\":\"Corredur\u00eda de seguros | Lleida\",\"publisher\":{\"@id\":\"https:\\\/\\\/urquiabas.com\\\/#organization\"},\"potentialAction\":[{\"@type\":\"SearchAction\",\"target\":{\"@type\":\"EntryPoint\",\"urlTemplate\":\"https:\\\/\\\/urquiabas.com\\\/?s={search_term_string}\"},\"query-input\":{\"@type\":\"PropertyValueSpecification\",\"valueRequired\":true,\"valueName\":\"search_term_string\"}}],\"inLanguage\":\"ca\"},{\"@type\":\"Organization\",\"@id\":\"https:\\\/\\\/urquiabas.com\\\/#organization\",\"name\":\"Urquia & Bas S.L\",\"url\":\"https:\\\/\\\/urquiabas.com\\\/\",\"logo\":{\"@type\":\"ImageObject\",\"inLanguage\":\"ca\",\"@id\":\"https:\\\/\\\/urquiabas.com\\\/#\\\/schema\\\/logo\\\/image\\\/\",\"url\":\"https:\\\/\\\/urquiabas.com\\\/wp-content\\\/uploads\\\/2018\\\/03\\\/logoubmail2018.jpg\",\"contentUrl\":\"https:\\\/\\\/urquiabas.com\\\/wp-content\\\/uploads\\\/2018\\\/03\\\/logoubmail2018.jpg\",\"width\":258,\"height\":61,\"caption\":\"Urquia & Bas S.L\"},\"image\":{\"@id\":\"https:\\\/\\\/urquiabas.com\\\/#\\\/schema\\\/logo\\\/image\\\/\"},\"sameAs\":[\"https:\\\/\\\/www.facebook.com\\\/UrquiaBas\\\/\",\"https:\\\/\\\/x.com\\\/BasUrquia\",\"https:\\\/\\\/www.instagram.com\\\/urquiabas\\\/\",\"https:\\\/\\\/www.linkedin.com\\\/company\\\/3125928\\\/\"]}]}<\/script>\n<!-- \/ Yoast SEO plugin. -->","yoast_head_json":{"title":"Assegurances per a activitats de lleure i entreteniment","description":"Bona part de la nostra tasca com a assessors dels nostres clients consisteix a optimitzar la cobertura dels seus riscos.","robots":{"index":"index","follow":"follow","max-snippet":"max-snippet:-1","max-image-preview":"max-image-preview:large","max-video-preview":"max-video-preview:-1"},"canonical":"https:\/\/urquiabas.com\/ca\/entreteniment-i-lleure\/","og_locale":"ca_ES","og_type":"article","og_title":"Assegurances per a activitats de lleure i entreteniment","og_description":"Bona part de la nostra tasca com a assessors dels nostres clients consisteix a optimitzar la cobertura dels seus riscos.","og_url":"https:\/\/urquiabas.com\/ca\/entreteniment-i-lleure\/","og_site_name":"Urqu\u00eda&amp;Bas","article_publisher":"https:\/\/www.facebook.com\/UrquiaBas\/","article_modified_time":"2025-12-04T09:10:59+00:00","og_image":[{"width":1920,"height":653,"url":"https:\/\/urquiabas.com\/wp-content\/uploads\/2021\/02\/Header_entretenimiento_ocio_new.jpg","type":"image\/jpeg"}],"twitter_card":"summary_large_image","twitter_site":"@BasUrquia","twitter_misc":{"Temps estimat de lectura":"11 minuts"},"schema":{"@context":"https:\/\/schema.org","@graph":[{"@type":"WebPage","@id":"https:\/\/urquiabas.com\/ca\/entreteniment-i-lleure\/","url":"https:\/\/urquiabas.com\/ca\/entreteniment-i-lleure\/","name":"Assegurances per a activitats de lleure i entreteniment","isPartOf":{"@id":"https:\/\/urquiabas.com\/#website"},"primaryImageOfPage":{"@id":"https:\/\/urquiabas.com\/ca\/entreteniment-i-lleure\/#primaryimage"},"image":{"@id":"https:\/\/urquiabas.com\/ca\/entreteniment-i-lleure\/#primaryimage"},"thumbnailUrl":"https:\/\/urquiabas.com\/wp-content\/uploads\/2021\/02\/Header_entretenimiento_ocio_new.jpg","datePublished":"2021-02-22T15:10:46+00:00","dateModified":"2025-12-04T09:10:59+00:00","description":"Bona part de la nostra tasca com a assessors dels nostres clients consisteix a optimitzar la cobertura dels seus riscos.","breadcrumb":{"@id":"https:\/\/urquiabas.com\/ca\/entreteniment-i-lleure\/#breadcrumb"},"inLanguage":"ca","potentialAction":[{"@type":"ReadAction","target":["https:\/\/urquiabas.com\/ca\/entreteniment-i-lleure\/"]}]},{"@type":"ImageObject","inLanguage":"ca","@id":"https:\/\/urquiabas.com\/ca\/entreteniment-i-lleure\/#primaryimage","url":"https:\/\/urquiabas.com\/wp-content\/uploads\/2021\/02\/Header_entretenimiento_ocio_new.jpg","contentUrl":"https:\/\/urquiabas.com\/wp-content\/uploads\/2021\/02\/Header_entretenimiento_ocio_new.jpg","width":1920,"height":653},{"@type":"BreadcrumbList","@id":"https:\/\/urquiabas.com\/ca\/entreteniment-i-lleure\/#breadcrumb","itemListElement":[{"@type":"ListItem","position":1,"name":"Portada","item":"https:\/\/urquiabas.com\/"},{"@type":"ListItem","position":2,"name":"Assegurances per a activitats de lleure i entreteniment"}]},{"@type":"WebSite","@id":"https:\/\/urquiabas.com\/#website","url":"https:\/\/urquiabas.com\/","name":"Urqu\u00eda&amp;Bas","description":"Corredur\u00eda de seguros | Lleida","publisher":{"@id":"https:\/\/urquiabas.com\/#organization"},"potentialAction":[{"@type":"SearchAction","target":{"@type":"EntryPoint","urlTemplate":"https:\/\/urquiabas.com\/?s={search_term_string}"},"query-input":{"@type":"PropertyValueSpecification","valueRequired":true,"valueName":"search_term_string"}}],"inLanguage":"ca"},{"@type":"Organization","@id":"https:\/\/urquiabas.com\/#organization","name":"Urquia & Bas S.L","url":"https:\/\/urquiabas.com\/","logo":{"@type":"ImageObject","inLanguage":"ca","@id":"https:\/\/urquiabas.com\/#\/schema\/logo\/image\/","url":"https:\/\/urquiabas.com\/wp-content\/uploads\/2018\/03\/logoubmail2018.jpg","contentUrl":"https:\/\/urquiabas.com\/wp-content\/uploads\/2018\/03\/logoubmail2018.jpg","width":258,"height":61,"caption":"Urquia & Bas S.L"},"image":{"@id":"https:\/\/urquiabas.com\/#\/schema\/logo\/image\/"},"sameAs":["https:\/\/www.facebook.com\/UrquiaBas\/","https:\/\/x.com\/BasUrquia","https:\/\/www.instagram.com\/urquiabas\/","https:\/\/www.linkedin.com\/company\/3125928\/"]}]}},"_links":{"self":[{"href":"https:\/\/urquiabas.com\/ca\/wp-json\/wp\/v2\/pages\/16534","targetHints":{"allow":["GET"]}}],"collection":[{"href":"https:\/\/urquiabas.com\/ca\/wp-json\/wp\/v2\/pages"}],"about":[{"href":"https:\/\/urquiabas.com\/ca\/wp-json\/wp\/v2\/types\/page"}],"author":[{"embeddable":true,"href":"https:\/\/urquiabas.com\/ca\/wp-json\/wp\/v2\/users\/84"}],"replies":[{"embeddable":true,"href":"https:\/\/urquiabas.com\/ca\/wp-json\/wp\/v2\/comments?post=16534"}],"version-history":[{"count":0,"href":"https:\/\/urquiabas.com\/ca\/wp-json\/wp\/v2\/pages\/16534\/revisions"}],"wp:featuredmedia":[{"embeddable":true,"href":"https:\/\/urquiabas.com\/ca\/wp-json\/wp\/v2\/media\/16523"}],"wp:attachment":[{"href":"https:\/\/urquiabas.com\/ca\/wp-json\/wp\/v2\/media?parent=16534"}],"curies":[{"name":"wp","href":"https:\/\/api.w.org\/{rel}","templated":true}]}}