{"id":16740,"date":"2021-03-03T13:30:27","date_gmt":"2021-03-03T12:30:27","guid":{"rendered":"http:\/\/urquiabas.com\/?page_id=16740"},"modified":"2026-01-15T12:55:39","modified_gmt":"2026-01-15T11:55:39","slug":"agencies-de-viatges","status":"publish","type":"page","link":"https:\/\/urquiabas.com\/ca\/agencies-de-viatges\/","title":{"rendered":"Ag\u00e8ncies de viatges"},"content":{"rendered":"\t\t<div data-elementor-type=\"wp-page\" data-elementor-id=\"16740\" class=\"elementor elementor-16740 elementor-16738\" data-elementor-post-type=\"page\">\n\t\t\t\t<div class=\"elementor-element elementor-element-2a0deff5 e-flex e-con-boxed e-con e-parent\" data-id=\"2a0deff5\" data-element_type=\"container\" data-e-type=\"container\" data-settings=\"{&quot;background_background&quot;:&quot;classic&quot;}\">\n\t\t\t\t\t<div class=\"e-con-inner\">\n\t\t<div class=\"elementor-element elementor-element-ea5365a e-con-full e-flex e-con e-child\" data-id=\"ea5365a\" data-element_type=\"container\" data-e-type=\"container\" data-settings=\"{&quot;background_background&quot;:&quot;classic&quot;}\">\n\t\t\t\t<div class=\"elementor-element elementor-element-2fa8fffc elementor-widget elementor-widget-text-editor\" data-id=\"2fa8fffc\" data-element_type=\"widget\" data-e-type=\"widget\" data-widget_type=\"text-editor.default\">\n\t\t\t\t\t\t\t\t\t\n<h3 class=\"wp-block-heading has-black-color has-text-color has-link-color\"><span style=\"color: #ffffff;\">Assegurances per a ag\u00e8ncies de viatges<\/span><\/h3>\n\n<p>Productes dissenyats per a ag\u00e8ncies de viatges, per respondre del compliment de les obligacions derivades de la prestaci\u00f3 dels serveis.<\/p>\n\t\t\t\t\t\t\t\t<\/div>\n\t\t\t\t<\/div>\n\t\t<div class=\"elementor-element elementor-element-48c8164 e-con-full e-flex e-con e-child\" data-id=\"48c8164\" data-element_type=\"container\" data-e-type=\"container\" data-settings=\"{&quot;background_background&quot;:&quot;classic&quot;}\">\n\t\t\t\t<div class=\"elementor-element elementor-element-1703a9d elementor-widget elementor-widget-text-editor\" data-id=\"1703a9d\" data-element_type=\"widget\" data-e-type=\"widget\" data-widget_type=\"text-editor.default\">\n\t\t\t\t\t\t\t\t\t\n<h3 class=\"wp-block-heading\">A qui ens dirigim<\/h3>\n\n<p>Ag\u00e8ncies que organitzin <strong>viatges combinats<\/strong> i\/o viatges vinculats.<\/p>\n\t\t\t\t\t\t\t\t<\/div>\n\t\t\t\t<\/div>\n\t\t<div class=\"elementor-element elementor-element-96e5b02 e-con-full e-flex e-con e-child\" data-id=\"96e5b02\" data-element_type=\"container\" data-e-type=\"container\" data-settings=\"{&quot;background_background&quot;:&quot;classic&quot;}\">\n\t\t\t\t<div class=\"elementor-element elementor-element-32d7d93 elementor-widget elementor-widget-text-editor\" data-id=\"32d7d93\" data-element_type=\"widget\" data-e-type=\"widget\" data-widget_type=\"text-editor.default\">\n\t\t\t\t\t\t\t\t\t<h2 class=\"wp-block-heading\">Demana el teu pressupost emplenant el seg\u00fcent q\u00fcestionari:<\/h2><p>Un cop farcit, feu-nos-ho arribar a trav\u00e9s del formulari del final d&#8217;aquesta p\u00e0gina.<\/p>\t\t\t\t\t\t\t\t<\/div>\n\t\t\t\t<div class=\"elementor-element elementor-element-ead2cca elementor-widget elementor-widget-button\" data-id=\"ead2cca\" data-element_type=\"widget\" data-e-type=\"widget\" data-widget_type=\"button.default\">\n\t\t\t\t\t\t\t\t\t\t<a class=\"elementor-button elementor-button-link elementor-size-sm\" href=\"https:\/\/urquiabas.com\/wp-content\/uploads\/2025\/06\/Cuestionario-Credicand-Fiatc-Caucion-Agencia-de-Viajes.pdf\">\n\t\t\t\t\t\t<span class=\"elementor-button-content-wrapper\">\n\t\t\t\t\t\t\t\t\t<span class=\"elementor-button-text\">Q\u00fcestionari<\/span>\n\t\t\t\t\t<\/span>\n\t\t\t\t\t<\/a>\n\t\t\t\t\t\t\t\t<\/div>\n\t\t\t\t<\/div>\n\t\t<div class=\"elementor-element elementor-element-4c20545 e-con-full e-flex e-con e-child\" data-id=\"4c20545\" data-element_type=\"container\" data-e-type=\"container\" data-settings=\"{&quot;background_background&quot;:&quot;classic&quot;}\">\n\t\t\t\t<div class=\"elementor-element elementor-element-f4d49f0 elementor-widget elementor-widget-text-editor\" data-id=\"f4d49f0\" data-element_type=\"widget\" data-e-type=\"widget\" data-widget_type=\"text-editor.default\">\n\t\t\t\t\t\t\t\t\t\n<h3 class=\"wp-block-heading\">Cobertures<\/h3>\n\n<p>Cobreix els Viatgers que contractin viatges combinats i\/o vinculats. Els Capitals Assegurats s&#8217;adapten a all\u00f2 exigit per les diferents legislacions auton\u00f2miques, i el m\u00e9s habitual \u00e9s el 5% del volum de facturaci\u00f3 de l&#8217;ag\u00e8ncia de viatges amb un import m\u00ednim de <strong>100.000\u20ac<\/strong> per garantia i sense l\u00edmit m\u00e0xim<\/p>\n\t\t\t\t\t\t\t\t<\/div>\n\t\t\t\t<\/div>\n\t\t<div class=\"elementor-element elementor-element-4e82c4f e-con-full e-flex e-con e-child\" data-id=\"4e82c4f\" data-element_type=\"container\" data-e-type=\"container\" data-settings=\"{&quot;background_background&quot;:&quot;classic&quot;}\">\n\t\t\t\t<div class=\"elementor-element elementor-element-58de068 elementor-widget elementor-widget-text-editor\" data-id=\"58de068\" data-element_type=\"widget\" data-e-type=\"widget\" data-widget_type=\"text-editor.default\">\n\t\t\t\t\t\t\t\t\t\n<h3 class=\"wp-block-heading\"><strong>Responsabilidad Civil<\/strong><\/h3>\n\n<p>\u00c9s una asseguran\u00e7a adre\u00e7ada a les <strong>Ag\u00e8ncies de Viatges<\/strong> per cobrir les responsabilitats civils derivades de l&#8217;organitzaci\u00f3 dels viatges.<\/p>\n\n<p>\u00c0mbit de cobertura Mundial excepte USA i Canad\u00e0.<\/p>\n\n<p>Amb la possibilitat d&#8217;incloure l&#8217;organitzaci\u00f3 d&#8217;activitats esportives.<\/p>\n\t\t\t\t\t\t\t\t<\/div>\n\t\t\t\t<\/div>\n\t\t<div class=\"elementor-element elementor-element-3c8b2e4 e-con-full e-flex e-con e-child\" data-id=\"3c8b2e4\" data-element_type=\"container\" data-e-type=\"container\" data-settings=\"{&quot;background_background&quot;:&quot;classic&quot;}\">\n\t\t\t\t<div class=\"elementor-element elementor-element-b55b98f elementor-widget elementor-widget-text-editor\" data-id=\"b55b98f\" data-element_type=\"widget\" data-e-type=\"widget\" data-widget_type=\"text-editor.default\">\n\t\t\t\t\t\t\t\t\t\n<h3 class=\"wp-block-heading\"><strong>Responsabilitat Civil<\/strong><\/h3>\n\n<p>\u00c9s una asseguran\u00e7a adre\u00e7ada a les <strong>Ag\u00e8ncies de Viatges<\/strong> per cobrir les responsabilitats civils derivades de l&#8217;organitzaci\u00f3 dels viatges.<\/p>\n\n<p>\u00c0mbit de cobertura Mundial excepte USA i Canad\u00e0.<\/p>\n\n<p>Amb la possibilitat d&#8217;incloure l&#8217;organitzaci\u00f3 d&#8217;activitats esportives.<\/p>\n\t\t\t\t\t\t\t\t<\/div>\n\t\t\t\t<\/div>\n\t\t<div class=\"elementor-element elementor-element-b9a7028 e-con-full e-flex e-con e-child\" data-id=\"b9a7028\" data-element_type=\"container\" data-e-type=\"container\" data-settings=\"{&quot;background_background&quot;:&quot;classic&quot;}\">\n\t\t\t\t<div class=\"elementor-element elementor-element-28c1cd7 elementor-widget elementor-widget-text-editor\" data-id=\"28c1cd7\" data-element_type=\"widget\" data-e-type=\"widget\" data-widget_type=\"text-editor.default\">\n\t\t\t\t\t\t\t\t\t\n<h3 class=\"wp-block-heading\">Cobertures<\/h3>\n\n<p><strong>Imports<\/strong><\/p>\n\n<ul class=\"wp-block-list\">\n<li><strong>L\u00edmit d\u00b4indemnitzaci\u00f3:<\/strong> 1.000.000,00 \u20ac per sinistre i per\u00edode d\u00b4asseguran\u00e7a<\/li>\n\n<li><strong>Franqu\u00edcia:<\/strong> 300,00 \u20ac per sinistre<\/li>\n\n<li><strong>\u00c0mbit territorial:<\/strong> Mundial excepte USA\/Canad\u00e0<\/li>\n\n<li><strong>Jurisdicci\u00f3 aplicable:<\/strong> Mundial excepte USA\/Canad\u00e0<\/li>\n<\/ul>\n\n<p><strong>Garant\u00edes<\/strong><\/p>\n\n<ul class=\"wp-block-list\">\n<li>Responsabilitat Civil Explotaci\u00f3.<\/li>\n\n<li>Responsabilitat Civil Patronal.<\/li>\n\n<li>Responsabilitat Civil Locativa.<\/li>\n\n<li>Responsabilitat Civil Immobili\u00e0ria.<\/li>\n\n<li>Responsabilitat Civil Productes<\/li>\n<\/ul>\n\n<h3 class=\"wp-block-heading\">Assegurances d&#8217;assist\u00e8ncia en viatge<\/h3>\n\n<p>Perqu\u00e8 la tranquil\u00b7leu de <u><a href=\"https:\/\/www.urquiabas.com\/recomendaciones-para-viajar\/\" target=\"_blank\" rel=\"noopener\">viatjar<\/a><\/u>, formi part del viatge.<\/p>\n\t\t\t\t\t\t\t\t<\/div>\n\t\t\t\t<\/div>\n\t\t<div class=\"elementor-element elementor-element-1eace00 e-con-full e-flex e-con e-child\" data-id=\"1eace00\" data-element_type=\"container\" data-e-type=\"container\" data-settings=\"{&quot;background_background&quot;:&quot;classic&quot;}\">\n\t\t\t\t<div class=\"elementor-element elementor-element-22c74f3 elementor-widget elementor-widget-text-editor\" data-id=\"22c74f3\" data-element_type=\"widget\" data-e-type=\"widget\" data-widget_type=\"text-editor.default\">\n\t\t\t\t\t\t\t\t\t<h3 class=\"wp-block-heading\">Com et puc ajudar?<\/h3><p>Deixa&#8217;m les teves dades i em posar\u00e9 en contacte amb tu el m\u00e9s aviat possible.<\/p>\t\t\t\t\t\t\t\t<\/div>\n\t\t\t\t<div class=\"elementor-element elementor-element-a3cde90 elementor-widget elementor-widget-html\" data-id=\"a3cde90\" data-element_type=\"widget\" data-e-type=\"widget\" data-widget_type=\"html.default\">\n\t\t\t\t\t<iframe id=\"tarificador\" src=\"https:\/\/tarificadores.urquiabas.com\/forms\/agenciasviaje?h=0\" style=\"width: 100%; border: 0; box-shadow: 0 10px 15px -3px rgb(0 0 0 \/ 0.3), 0 4px 30px -4px rgb(0 0 0 \/ 0.3);\"><\/iframe>\r\n<script type=\"text\/javascript\">\r\n        window.dataLayer = window.dataLayer || [];\r\n\twindow.addEventListener('message', function(e) {\r\n\t\tvar tarificador = document.getElementById(\"tarificador\");\r\n\t\tvar eventName = e.data[0];\r\n\t\tvar data = e.data[1];\r\n\t\tswitch(eventName) {\r\n\t\t\tcase 'redirect': {\r\n\t\t\t    \twindow.location.href = data;\r\n\t\t    \t\tbreak;\r\n\t\t\t}\r\n\t\t\tcase 'setHeight': {\r\n\t\t\t\ttarificador.style.height = data + 'px';\r\n\t\t\t\tbreak;\r\n\t\t\t}\r\n\t\t\tcase 'scrollTop': {\r\n                                let tarificadorTop = tarificador.getBoundingClientRect().top + window.scrollY;\r\n\t\t\t\twindow.scrollTo({ top: tarificadorTop, behavior: 'smooth' });\r\n\t\t\t\tbreak;\r\n                        }\r\n                  \tcase 'datalayer': {\r\n                       \t\twindow.dataLayer.push(data);\r\n                  \t}\r\n\t\t}\r\n\t}, false);\t\r\n<\/script>\t\t\t\t<\/div>\n\t\t\t\t<\/div>\n\t\t\t\t\t<\/div>\n\t\t\t\t<\/div>\n\t\t\t\t<\/div>\n\t\t","protected":false},"excerpt":{"rendered":"<p>Assegurances per a ag\u00e8ncies de viatges Productes dissenyats per a ag\u00e8ncies de viatges, per respondre del compliment de les obligacions derivades de la prestaci\u00f3 dels serveis. A qui ens dirigim Ag\u00e8ncies que organitzin viatges combinats i\/o viatges vinculats. Demana el teu pressupost emplenant el seg\u00fcent q\u00fcestionari: Un cop farcit, feu-nos-ho arribar a trav\u00e9s del formulari [&hellip;]<\/p>\n","protected":false},"author":84,"featured_media":16734,"parent":0,"menu_order":0,"comment_status":"closed","ping_status":"closed","template":"","meta":{"_acf_changed":false,"inline_featured_image":false,"footnotes":""},"class_list":["post-16740","page","type-page","status-publish","has-post-thumbnail","hentry"],"acf":{"contacte":"imma","cta":"\u00a1Calcula y contrata!","foto_responsable":"https:\/\/urquiabas.com\/wp-content\/uploads\/2023\/11\/BG_IMayoral-scaled.jpg","titulo":"Assegurances per a Ag\u00e8ncies de Viatge","id_nex":"275","iframe":"http:\/\/tarificadores.urquiabas.com\/forms\/agenciasviaje?u=24&o=2&h=0","odoo":"http:\/\/tarificadores.urquiabas.com\/forms\/agenciasviaje?u=24&o=2&h=0","descripcio_contacte":"Departamento Comercial","contacte_responsable_telefon":"621 28 89 74","contacte_responsable_email":"imayoral@urquiabas.com","responsable":"Inma Mayoral","text_responsable":"Inicio la gesti\u00f3 comercial al sector de Turisme Actiu l'any 2010. Des de llavors estic molt pendent de l'actualitat del sector, per oferir-te constants millores en les nostres solucions. Avui ja s\u00f3n m\u00e9s de 950 empreses les que han concertat les seves assegurances amb la nostra corredoria."},"yoast_head":"<!-- This site is optimized with the Yoast SEO plugin v27.4 - https:\/\/yoast.com\/product\/yoast-seo-wordpress\/ -->\n<title>Ag\u00e8ncies de viatges - Urqu\u00eda&amp;Bas<\/title>\n<meta name=\"description\" content=\"Assegurances per a ag\u00e8ncies de viatges. Per complir les obligacions derivades de la prestaci\u00f3 dels seus serveis: Cauci\u00f3 i Responsabilitat Civil\" \/>\n<meta name=\"robots\" content=\"index, follow, max-snippet:-1, max-image-preview:large, max-video-preview:-1\" \/>\n<link rel=\"canonical\" href=\"https:\/\/urquiabas.com\/seguro-agencias-de-viajes\/\" \/>\n<meta property=\"og:locale\" content=\"ca_ES\" \/>\n<meta property=\"og:type\" content=\"article\" \/>\n<meta property=\"og:title\" content=\"Ag\u00e8ncies de viatges - Urqu\u00eda&amp;Bas\" \/>\n<meta property=\"og:description\" content=\"Assegurances per a ag\u00e8ncies de viatges. Per complir les obligacions derivades de la prestaci\u00f3 dels seus serveis: Cauci\u00f3 i Responsabilitat Civil\" \/>\n<meta property=\"og:url\" content=\"https:\/\/urquiabas.com\/seguro-agencias-de-viajes\/\" \/>\n<meta property=\"og:site_name\" content=\"Urqu\u00eda&amp;Bas\" \/>\n<meta property=\"article:publisher\" content=\"https:\/\/www.facebook.com\/UrquiaBas\/\" \/>\n<meta property=\"article:modified_time\" content=\"2026-01-15T11:55:39+00:00\" \/>\n<meta property=\"og:image\" content=\"https:\/\/urquiabas.com\/wp-content\/uploads\/2021\/03\/Header_agencias_viajes2_new.jpg\" \/>\n\t<meta property=\"og:image:width\" content=\"1920\" \/>\n\t<meta property=\"og:image:height\" content=\"667\" \/>\n\t<meta property=\"og:image:type\" content=\"image\/jpeg\" \/>\n<meta name=\"twitter:card\" content=\"summary_large_image\" \/>\n<meta name=\"twitter:site\" content=\"@BasUrquia\" \/>\n<meta name=\"twitter:label1\" content=\"Temps estimat de lectura\" \/>\n\t<meta name=\"twitter:data1\" content=\"2 minuts\" \/>\n<script type=\"application\/ld+json\" class=\"yoast-schema-graph\">{\"@context\":\"https:\\\/\\\/schema.org\",\"@graph\":[{\"@type\":\"WebPage\",\"@id\":\"https:\\\/\\\/urquiabas.com\\\/seguro-agencias-de-viajes\\\/\",\"url\":\"https:\\\/\\\/urquiabas.com\\\/seguro-agencias-de-viajes\\\/\",\"name\":\"Ag\u00e8ncies de viatges - Urqu\u00eda&amp;Bas\",\"isPartOf\":{\"@id\":\"https:\\\/\\\/urquiabas.com\\\/#website\"},\"primaryImageOfPage\":{\"@id\":\"https:\\\/\\\/urquiabas.com\\\/seguro-agencias-de-viajes\\\/#primaryimage\"},\"image\":{\"@id\":\"https:\\\/\\\/urquiabas.com\\\/seguro-agencias-de-viajes\\\/#primaryimage\"},\"thumbnailUrl\":\"https:\\\/\\\/urquiabas.com\\\/wp-content\\\/uploads\\\/2021\\\/03\\\/Header_agencias_viajes2_new.jpg\",\"datePublished\":\"2021-03-03T12:30:27+00:00\",\"dateModified\":\"2026-01-15T11:55:39+00:00\",\"description\":\"Assegurances per a ag\u00e8ncies de viatges. Per complir les obligacions derivades de la prestaci\u00f3 dels seus serveis: Cauci\u00f3 i Responsabilitat Civil\",\"breadcrumb\":{\"@id\":\"https:\\\/\\\/urquiabas.com\\\/seguro-agencias-de-viajes\\\/#breadcrumb\"},\"inLanguage\":\"ca\",\"potentialAction\":[{\"@type\":\"ReadAction\",\"target\":[\"https:\\\/\\\/urquiabas.com\\\/seguro-agencias-de-viajes\\\/\"]}]},{\"@type\":\"ImageObject\",\"inLanguage\":\"ca\",\"@id\":\"https:\\\/\\\/urquiabas.com\\\/seguro-agencias-de-viajes\\\/#primaryimage\",\"url\":\"https:\\\/\\\/urquiabas.com\\\/wp-content\\\/uploads\\\/2021\\\/03\\\/Header_agencias_viajes2_new.jpg\",\"contentUrl\":\"https:\\\/\\\/urquiabas.com\\\/wp-content\\\/uploads\\\/2021\\\/03\\\/Header_agencias_viajes2_new.jpg\",\"width\":1920,\"height\":667,\"caption\":\"Agencias de viajes\"},{\"@type\":\"BreadcrumbList\",\"@id\":\"https:\\\/\\\/urquiabas.com\\\/seguro-agencias-de-viajes\\\/#breadcrumb\",\"itemListElement\":[{\"@type\":\"ListItem\",\"position\":1,\"name\":\"Portada\",\"item\":\"https:\\\/\\\/urquiabas.com\\\/\"},{\"@type\":\"ListItem\",\"position\":2,\"name\":\"Ag\u00e8ncies de viatges\"}]},{\"@type\":\"WebSite\",\"@id\":\"https:\\\/\\\/urquiabas.com\\\/#website\",\"url\":\"https:\\\/\\\/urquiabas.com\\\/\",\"name\":\"Urqu\u00eda&amp;Bas\",\"description\":\"Corredur\u00eda de seguros | Lleida\",\"publisher\":{\"@id\":\"https:\\\/\\\/urquiabas.com\\\/#organization\"},\"potentialAction\":[{\"@type\":\"SearchAction\",\"target\":{\"@type\":\"EntryPoint\",\"urlTemplate\":\"https:\\\/\\\/urquiabas.com\\\/?s={search_term_string}\"},\"query-input\":{\"@type\":\"PropertyValueSpecification\",\"valueRequired\":true,\"valueName\":\"search_term_string\"}}],\"inLanguage\":\"ca\"},{\"@type\":\"Organization\",\"@id\":\"https:\\\/\\\/urquiabas.com\\\/#organization\",\"name\":\"Urquia & Bas S.L\",\"url\":\"https:\\\/\\\/urquiabas.com\\\/\",\"logo\":{\"@type\":\"ImageObject\",\"inLanguage\":\"ca\",\"@id\":\"https:\\\/\\\/urquiabas.com\\\/#\\\/schema\\\/logo\\\/image\\\/\",\"url\":\"https:\\\/\\\/urquiabas.com\\\/wp-content\\\/uploads\\\/2018\\\/03\\\/logoubmail2018.jpg\",\"contentUrl\":\"https:\\\/\\\/urquiabas.com\\\/wp-content\\\/uploads\\\/2018\\\/03\\\/logoubmail2018.jpg\",\"width\":258,\"height\":61,\"caption\":\"Urquia & Bas S.L\"},\"image\":{\"@id\":\"https:\\\/\\\/urquiabas.com\\\/#\\\/schema\\\/logo\\\/image\\\/\"},\"sameAs\":[\"https:\\\/\\\/www.facebook.com\\\/UrquiaBas\\\/\",\"https:\\\/\\\/x.com\\\/BasUrquia\",\"https:\\\/\\\/www.instagram.com\\\/urquiabas\\\/\",\"https:\\\/\\\/www.linkedin.com\\\/company\\\/3125928\\\/\"]}]}<\/script>\n<!-- \/ Yoast SEO plugin. -->","yoast_head_json":{"title":"Ag\u00e8ncies de viatges - Urqu\u00eda&amp;Bas","description":"Assegurances per a ag\u00e8ncies de viatges. Per complir les obligacions derivades de la prestaci\u00f3 dels seus serveis: Cauci\u00f3 i Responsabilitat Civil","robots":{"index":"index","follow":"follow","max-snippet":"max-snippet:-1","max-image-preview":"max-image-preview:large","max-video-preview":"max-video-preview:-1"},"canonical":"https:\/\/urquiabas.com\/seguro-agencias-de-viajes\/","og_locale":"ca_ES","og_type":"article","og_title":"Ag\u00e8ncies de viatges - Urqu\u00eda&amp;Bas","og_description":"Assegurances per a ag\u00e8ncies de viatges. Per complir les obligacions derivades de la prestaci\u00f3 dels seus serveis: Cauci\u00f3 i Responsabilitat Civil","og_url":"https:\/\/urquiabas.com\/seguro-agencias-de-viajes\/","og_site_name":"Urqu\u00eda&amp;Bas","article_publisher":"https:\/\/www.facebook.com\/UrquiaBas\/","article_modified_time":"2026-01-15T11:55:39+00:00","og_image":[{"width":1920,"height":667,"url":"https:\/\/urquiabas.com\/wp-content\/uploads\/2021\/03\/Header_agencias_viajes2_new.jpg","type":"image\/jpeg"}],"twitter_card":"summary_large_image","twitter_site":"@BasUrquia","twitter_misc":{"Temps estimat de lectura":"2 minuts"},"schema":{"@context":"https:\/\/schema.org","@graph":[{"@type":"WebPage","@id":"https:\/\/urquiabas.com\/seguro-agencias-de-viajes\/","url":"https:\/\/urquiabas.com\/seguro-agencias-de-viajes\/","name":"Ag\u00e8ncies de viatges - Urqu\u00eda&amp;Bas","isPartOf":{"@id":"https:\/\/urquiabas.com\/#website"},"primaryImageOfPage":{"@id":"https:\/\/urquiabas.com\/seguro-agencias-de-viajes\/#primaryimage"},"image":{"@id":"https:\/\/urquiabas.com\/seguro-agencias-de-viajes\/#primaryimage"},"thumbnailUrl":"https:\/\/urquiabas.com\/wp-content\/uploads\/2021\/03\/Header_agencias_viajes2_new.jpg","datePublished":"2021-03-03T12:30:27+00:00","dateModified":"2026-01-15T11:55:39+00:00","description":"Assegurances per a ag\u00e8ncies de viatges. Per complir les obligacions derivades de la prestaci\u00f3 dels seus serveis: Cauci\u00f3 i Responsabilitat Civil","breadcrumb":{"@id":"https:\/\/urquiabas.com\/seguro-agencias-de-viajes\/#breadcrumb"},"inLanguage":"ca","potentialAction":[{"@type":"ReadAction","target":["https:\/\/urquiabas.com\/seguro-agencias-de-viajes\/"]}]},{"@type":"ImageObject","inLanguage":"ca","@id":"https:\/\/urquiabas.com\/seguro-agencias-de-viajes\/#primaryimage","url":"https:\/\/urquiabas.com\/wp-content\/uploads\/2021\/03\/Header_agencias_viajes2_new.jpg","contentUrl":"https:\/\/urquiabas.com\/wp-content\/uploads\/2021\/03\/Header_agencias_viajes2_new.jpg","width":1920,"height":667,"caption":"Agencias de viajes"},{"@type":"BreadcrumbList","@id":"https:\/\/urquiabas.com\/seguro-agencias-de-viajes\/#breadcrumb","itemListElement":[{"@type":"ListItem","position":1,"name":"Portada","item":"https:\/\/urquiabas.com\/"},{"@type":"ListItem","position":2,"name":"Ag\u00e8ncies de viatges"}]},{"@type":"WebSite","@id":"https:\/\/urquiabas.com\/#website","url":"https:\/\/urquiabas.com\/","name":"Urqu\u00eda&amp;Bas","description":"Corredur\u00eda de seguros | Lleida","publisher":{"@id":"https:\/\/urquiabas.com\/#organization"},"potentialAction":[{"@type":"SearchAction","target":{"@type":"EntryPoint","urlTemplate":"https:\/\/urquiabas.com\/?s={search_term_string}"},"query-input":{"@type":"PropertyValueSpecification","valueRequired":true,"valueName":"search_term_string"}}],"inLanguage":"ca"},{"@type":"Organization","@id":"https:\/\/urquiabas.com\/#organization","name":"Urquia & Bas S.L","url":"https:\/\/urquiabas.com\/","logo":{"@type":"ImageObject","inLanguage":"ca","@id":"https:\/\/urquiabas.com\/#\/schema\/logo\/image\/","url":"https:\/\/urquiabas.com\/wp-content\/uploads\/2018\/03\/logoubmail2018.jpg","contentUrl":"https:\/\/urquiabas.com\/wp-content\/uploads\/2018\/03\/logoubmail2018.jpg","width":258,"height":61,"caption":"Urquia & Bas S.L"},"image":{"@id":"https:\/\/urquiabas.com\/#\/schema\/logo\/image\/"},"sameAs":["https:\/\/www.facebook.com\/UrquiaBas\/","https:\/\/x.com\/BasUrquia","https:\/\/www.instagram.com\/urquiabas\/","https:\/\/www.linkedin.com\/company\/3125928\/"]}]}},"_links":{"self":[{"href":"https:\/\/urquiabas.com\/ca\/wp-json\/wp\/v2\/pages\/16740","targetHints":{"allow":["GET"]}}],"collection":[{"href":"https:\/\/urquiabas.com\/ca\/wp-json\/wp\/v2\/pages"}],"about":[{"href":"https:\/\/urquiabas.com\/ca\/wp-json\/wp\/v2\/types\/page"}],"author":[{"embeddable":true,"href":"https:\/\/urquiabas.com\/ca\/wp-json\/wp\/v2\/users\/84"}],"replies":[{"embeddable":true,"href":"https:\/\/urquiabas.com\/ca\/wp-json\/wp\/v2\/comments?post=16740"}],"version-history":[{"count":0,"href":"https:\/\/urquiabas.com\/ca\/wp-json\/wp\/v2\/pages\/16740\/revisions"}],"wp:featuredmedia":[{"embeddable":true,"href":"https:\/\/urquiabas.com\/ca\/wp-json\/wp\/v2\/media\/16734"}],"wp:attachment":[{"href":"https:\/\/urquiabas.com\/ca\/wp-json\/wp\/v2\/media?parent=16740"}],"curies":[{"name":"wp","href":"https:\/\/api.w.org\/{rel}","templated":true}]}}