{"id":16750,"date":"2021-03-03T14:09:17","date_gmt":"2021-03-03T13:09:17","guid":{"rendered":"http:\/\/urquiabas.com\/?page_id=16750"},"modified":"2023-11-27T09:27:57","modified_gmt":"2023-11-27T08:27:57","slug":"agencies-de-viatges-caucio","status":"publish","type":"page","link":"https:\/\/urquiabas.com\/ca\/agencies-de-viatges-caucio\/","title":{"rendered":"Ag\u00e8ncies de viatges cauci\u00f3"},"content":{"rendered":"<p>Garantia obligat\u00f2ria per Llei per a ag\u00e8ncies que organitzen viatges combinats i \/ o viatges vinculats, per respondre de l\u2019acompliment de les obligacions derivades de la prestaci\u00f3 dels seus serveis, assegurant el reemborsament dels pagaments efectuats pels viatgers en cas d\u2019<strong>insolv\u00e8ncia<\/strong>.<\/p>\n<h3 style=\"color: #8a2533;\">Cobertures<\/h3>\n<p>Cobreix\u00a0 als Viatgers que contractin viatges combinats i \/ o vinculats. Els Capitals assegurats s\u2019adapten al que exigeix per les diferents legislacions auton\u00f2miques, sent el m\u00e9s habitual el 5% de l\u2019volum de facturaci\u00f3 de l\u2019ag\u00e8ncia de viatges amb un import m\u00ednim de <strong>100.000 \u20ac per garantia<\/strong>\u00a0i sense l\u00edmit m\u00e0xim.<\/p>\n<h3 style=\"color: #8a2533;\">Com puc ajudar-te?<\/h3>\n<p>Deixa&#8217;m les teves dades i em posar\u00e9 en contacte amb tu al m\u00e9s aviat possible.<\/p>\n<p>&nbsp;<\/p>\n","protected":false},"excerpt":{"rendered":"<p>Garantia obligat\u00f2ria per Llei per a ag\u00e8ncies que organitzen viatges combinats i \/ o viatges vinculats, per respondre de l\u2019acompliment de les obligacions derivades de la prestaci\u00f3 dels seus serveis, assegurant el reemborsament dels pagaments efectuats pels viatgers en cas d\u2019insolv\u00e8ncia. Cobertures Cobreix\u00a0 als Viatgers que contractin viatges combinats i \/ o vinculats. Els Capitals [&hellip;]<\/p>\n","protected":false},"author":5,"featured_media":16744,"parent":0,"menu_order":0,"comment_status":"closed","ping_status":"closed","template":"","meta":{"_acf_changed":false,"inline_featured_image":false,"footnotes":""},"class_list":["post-16750","page","type-page","status-publish","has-post-thumbnail","hentry"],"acf":{"contacte":"estandard"},"yoast_head":"<!-- This site is optimized with the Yoast SEO plugin v27.5 - https:\/\/yoast.com\/product\/yoast-seo-wordpress\/ -->\n<title>Ag\u00e8ncies de viatges cauci\u00f3 - Urqu\u00eda&amp;Bas<\/title>\n<meta name=\"robots\" content=\"index, follow, max-snippet:-1, max-image-preview:large, max-video-preview:-1\" \/>\n<link rel=\"canonical\" href=\"https:\/\/urquiabas.com\/ca\/agencies-de-viatges-caucio\/\" \/>\n<meta property=\"og:locale\" content=\"ca_ES\" \/>\n<meta property=\"og:type\" content=\"article\" \/>\n<meta property=\"og:title\" content=\"Ag\u00e8ncies de viatges cauci\u00f3 - Urqu\u00eda&amp;Bas\" \/>\n<meta property=\"og:description\" content=\"Garantia obligat\u00f2ria per Llei per a ag\u00e8ncies que organitzen viatges combinats i \/ o viatges vinculats, per respondre de l\u2019acompliment de les obligacions derivades de la prestaci\u00f3 dels seus serveis, assegurant el reemborsament dels pagaments efectuats pels viatgers en cas d\u2019insolv\u00e8ncia. Cobertures Cobreix\u00a0 als Viatgers que contractin viatges combinats i \/ o vinculats. Els Capitals [&hellip;]\" \/>\n<meta property=\"og:url\" content=\"https:\/\/urquiabas.com\/ca\/agencies-de-viatges-caucio\/\" \/>\n<meta property=\"og:site_name\" content=\"Urqu\u00eda&amp;Bas\" \/>\n<meta property=\"article:publisher\" content=\"https:\/\/www.facebook.com\/UrquiaBas\/\" \/>\n<meta property=\"article:modified_time\" content=\"2023-11-27T08:27:57+00:00\" \/>\n<meta name=\"twitter:card\" content=\"summary_large_image\" \/>\n<meta name=\"twitter:site\" content=\"@BasUrquia\" \/>\n<meta name=\"twitter:label1\" content=\"Temps estimat de lectura\" \/>\n\t<meta name=\"twitter:data1\" content=\"1 minut\" \/>\n<script type=\"application\/ld+json\" class=\"yoast-schema-graph\">{\"@context\":\"https:\\\/\\\/schema.org\",\"@graph\":[{\"@type\":\"WebPage\",\"@id\":\"https:\\\/\\\/urquiabas.com\\\/ca\\\/agencies-de-viatges-caucio\\\/\",\"url\":\"https:\\\/\\\/urquiabas.com\\\/ca\\\/agencies-de-viatges-caucio\\\/\",\"name\":\"Ag\u00e8ncies de viatges cauci\u00f3 - Urqu\u00eda&amp;Bas\",\"isPartOf\":{\"@id\":\"https:\\\/\\\/urquiabas.com\\\/#website\"},\"primaryImageOfPage\":{\"@id\":\"https:\\\/\\\/urquiabas.com\\\/ca\\\/agencies-de-viatges-caucio\\\/#primaryimage\"},\"image\":{\"@id\":\"https:\\\/\\\/urquiabas.com\\\/ca\\\/agencies-de-viatges-caucio\\\/#primaryimage\"},\"thumbnailUrl\":\"https:\\\/\\\/urquiabas.com\\\/wp-content\\\/uploads\\\/2021\\\/03\\\/Header_caucion_agencias_new.jpg\",\"datePublished\":\"2021-03-03T13:09:17+00:00\",\"dateModified\":\"2023-11-27T08:27:57+00:00\",\"breadcrumb\":{\"@id\":\"https:\\\/\\\/urquiabas.com\\\/ca\\\/agencies-de-viatges-caucio\\\/#breadcrumb\"},\"inLanguage\":\"ca\",\"potentialAction\":[{\"@type\":\"ReadAction\",\"target\":[\"https:\\\/\\\/urquiabas.com\\\/ca\\\/agencies-de-viatges-caucio\\\/\"]}]},{\"@type\":\"ImageObject\",\"inLanguage\":\"ca\",\"@id\":\"https:\\\/\\\/urquiabas.com\\\/ca\\\/agencies-de-viatges-caucio\\\/#primaryimage\",\"url\":\"https:\\\/\\\/urquiabas.com\\\/wp-content\\\/uploads\\\/2021\\\/03\\\/Header_caucion_agencias_new.jpg\",\"contentUrl\":\"https:\\\/\\\/urquiabas.com\\\/wp-content\\\/uploads\\\/2021\\\/03\\\/Header_caucion_agencias_new.jpg\",\"width\":1920,\"height\":667},{\"@type\":\"BreadcrumbList\",\"@id\":\"https:\\\/\\\/urquiabas.com\\\/ca\\\/agencies-de-viatges-caucio\\\/#breadcrumb\",\"itemListElement\":[{\"@type\":\"ListItem\",\"position\":1,\"name\":\"Portada\",\"item\":\"https:\\\/\\\/urquiabas.com\\\/\"},{\"@type\":\"ListItem\",\"position\":2,\"name\":\"Ag\u00e8ncies de viatges cauci\u00f3\"}]},{\"@type\":\"WebSite\",\"@id\":\"https:\\\/\\\/urquiabas.com\\\/#website\",\"url\":\"https:\\\/\\\/urquiabas.com\\\/\",\"name\":\"Urqu\u00eda&amp;Bas\",\"description\":\"Corredur\u00eda de seguros | Lleida\",\"publisher\":{\"@id\":\"https:\\\/\\\/urquiabas.com\\\/#organization\"},\"potentialAction\":[{\"@type\":\"SearchAction\",\"target\":{\"@type\":\"EntryPoint\",\"urlTemplate\":\"https:\\\/\\\/urquiabas.com\\\/?s={search_term_string}\"},\"query-input\":{\"@type\":\"PropertyValueSpecification\",\"valueRequired\":true,\"valueName\":\"search_term_string\"}}],\"inLanguage\":\"ca\"},{\"@type\":\"Organization\",\"@id\":\"https:\\\/\\\/urquiabas.com\\\/#organization\",\"name\":\"Urquia & Bas S.L\",\"url\":\"https:\\\/\\\/urquiabas.com\\\/\",\"logo\":{\"@type\":\"ImageObject\",\"inLanguage\":\"ca\",\"@id\":\"https:\\\/\\\/urquiabas.com\\\/#\\\/schema\\\/logo\\\/image\\\/\",\"url\":\"https:\\\/\\\/urquiabas.com\\\/wp-content\\\/uploads\\\/2026\\\/03\\\/Logo_Positu_FonsTransparent-petit-3.png\",\"contentUrl\":\"https:\\\/\\\/urquiabas.com\\\/wp-content\\\/uploads\\\/2026\\\/03\\\/Logo_Positu_FonsTransparent-petit-3.png\",\"width\":250,\"height\":69,\"caption\":\"Urquia & Bas S.L\"},\"image\":{\"@id\":\"https:\\\/\\\/urquiabas.com\\\/#\\\/schema\\\/logo\\\/image\\\/\"},\"sameAs\":[\"https:\\\/\\\/www.facebook.com\\\/UrquiaBas\\\/\",\"https:\\\/\\\/x.com\\\/BasUrquia\",\"https:\\\/\\\/www.instagram.com\\\/urquiabas\\\/\",\"https:\\\/\\\/www.linkedin.com\\\/company\\\/3125928\\\/\"]}]}<\/script>\n<!-- \/ Yoast SEO plugin. -->","yoast_head_json":{"title":"Ag\u00e8ncies de viatges cauci\u00f3 - Urqu\u00eda&amp;Bas","robots":{"index":"index","follow":"follow","max-snippet":"max-snippet:-1","max-image-preview":"max-image-preview:large","max-video-preview":"max-video-preview:-1"},"canonical":"https:\/\/urquiabas.com\/ca\/agencies-de-viatges-caucio\/","og_locale":"ca_ES","og_type":"article","og_title":"Ag\u00e8ncies de viatges cauci\u00f3 - Urqu\u00eda&amp;Bas","og_description":"Garantia obligat\u00f2ria per Llei per a ag\u00e8ncies que organitzen viatges combinats i \/ o viatges vinculats, per respondre de l\u2019acompliment de les obligacions derivades de la prestaci\u00f3 dels seus serveis, assegurant el reemborsament dels pagaments efectuats pels viatgers en cas d\u2019insolv\u00e8ncia. Cobertures Cobreix\u00a0 als Viatgers que contractin viatges combinats i \/ o vinculats. Els Capitals [&hellip;]","og_url":"https:\/\/urquiabas.com\/ca\/agencies-de-viatges-caucio\/","og_site_name":"Urqu\u00eda&amp;Bas","article_publisher":"https:\/\/www.facebook.com\/UrquiaBas\/","article_modified_time":"2023-11-27T08:27:57+00:00","twitter_card":"summary_large_image","twitter_site":"@BasUrquia","twitter_misc":{"Temps estimat de lectura":"1 minut"},"schema":{"@context":"https:\/\/schema.org","@graph":[{"@type":"WebPage","@id":"https:\/\/urquiabas.com\/ca\/agencies-de-viatges-caucio\/","url":"https:\/\/urquiabas.com\/ca\/agencies-de-viatges-caucio\/","name":"Ag\u00e8ncies de viatges cauci\u00f3 - Urqu\u00eda&amp;Bas","isPartOf":{"@id":"https:\/\/urquiabas.com\/#website"},"primaryImageOfPage":{"@id":"https:\/\/urquiabas.com\/ca\/agencies-de-viatges-caucio\/#primaryimage"},"image":{"@id":"https:\/\/urquiabas.com\/ca\/agencies-de-viatges-caucio\/#primaryimage"},"thumbnailUrl":"https:\/\/urquiabas.com\/wp-content\/uploads\/2021\/03\/Header_caucion_agencias_new.jpg","datePublished":"2021-03-03T13:09:17+00:00","dateModified":"2023-11-27T08:27:57+00:00","breadcrumb":{"@id":"https:\/\/urquiabas.com\/ca\/agencies-de-viatges-caucio\/#breadcrumb"},"inLanguage":"ca","potentialAction":[{"@type":"ReadAction","target":["https:\/\/urquiabas.com\/ca\/agencies-de-viatges-caucio\/"]}]},{"@type":"ImageObject","inLanguage":"ca","@id":"https:\/\/urquiabas.com\/ca\/agencies-de-viatges-caucio\/#primaryimage","url":"https:\/\/urquiabas.com\/wp-content\/uploads\/2021\/03\/Header_caucion_agencias_new.jpg","contentUrl":"https:\/\/urquiabas.com\/wp-content\/uploads\/2021\/03\/Header_caucion_agencias_new.jpg","width":1920,"height":667},{"@type":"BreadcrumbList","@id":"https:\/\/urquiabas.com\/ca\/agencies-de-viatges-caucio\/#breadcrumb","itemListElement":[{"@type":"ListItem","position":1,"name":"Portada","item":"https:\/\/urquiabas.com\/"},{"@type":"ListItem","position":2,"name":"Ag\u00e8ncies de viatges cauci\u00f3"}]},{"@type":"WebSite","@id":"https:\/\/urquiabas.com\/#website","url":"https:\/\/urquiabas.com\/","name":"Urqu\u00eda&amp;Bas","description":"Corredur\u00eda de seguros | Lleida","publisher":{"@id":"https:\/\/urquiabas.com\/#organization"},"potentialAction":[{"@type":"SearchAction","target":{"@type":"EntryPoint","urlTemplate":"https:\/\/urquiabas.com\/?s={search_term_string}"},"query-input":{"@type":"PropertyValueSpecification","valueRequired":true,"valueName":"search_term_string"}}],"inLanguage":"ca"},{"@type":"Organization","@id":"https:\/\/urquiabas.com\/#organization","name":"Urquia & Bas S.L","url":"https:\/\/urquiabas.com\/","logo":{"@type":"ImageObject","inLanguage":"ca","@id":"https:\/\/urquiabas.com\/#\/schema\/logo\/image\/","url":"https:\/\/urquiabas.com\/wp-content\/uploads\/2026\/03\/Logo_Positu_FonsTransparent-petit-3.png","contentUrl":"https:\/\/urquiabas.com\/wp-content\/uploads\/2026\/03\/Logo_Positu_FonsTransparent-petit-3.png","width":250,"height":69,"caption":"Urquia & Bas S.L"},"image":{"@id":"https:\/\/urquiabas.com\/#\/schema\/logo\/image\/"},"sameAs":["https:\/\/www.facebook.com\/UrquiaBas\/","https:\/\/x.com\/BasUrquia","https:\/\/www.instagram.com\/urquiabas\/","https:\/\/www.linkedin.com\/company\/3125928\/"]}]}},"_links":{"self":[{"href":"https:\/\/urquiabas.com\/ca\/wp-json\/wp\/v2\/pages\/16750","targetHints":{"allow":["GET"]}}],"collection":[{"href":"https:\/\/urquiabas.com\/ca\/wp-json\/wp\/v2\/pages"}],"about":[{"href":"https:\/\/urquiabas.com\/ca\/wp-json\/wp\/v2\/types\/page"}],"author":[{"embeddable":true,"href":"https:\/\/urquiabas.com\/ca\/wp-json\/wp\/v2\/users\/5"}],"replies":[{"embeddable":true,"href":"https:\/\/urquiabas.com\/ca\/wp-json\/wp\/v2\/comments?post=16750"}],"version-history":[{"count":0,"href":"https:\/\/urquiabas.com\/ca\/wp-json\/wp\/v2\/pages\/16750\/revisions"}],"wp:featuredmedia":[{"embeddable":true,"href":"https:\/\/urquiabas.com\/ca\/wp-json\/wp\/v2\/media\/16744"}],"wp:attachment":[{"href":"https:\/\/urquiabas.com\/ca\/wp-json\/wp\/v2\/media?parent=16750"}],"curies":[{"name":"wp","href":"https:\/\/api.w.org\/{rel}","templated":true}]}}