{"id":16787,"date":"2021-03-04T17:17:42","date_gmt":"2021-03-04T16:17:42","guid":{"rendered":"http:\/\/urquiabas.com\/?page_id=16787"},"modified":"2025-12-02T12:02:14","modified_gmt":"2025-12-02T11:02:14","slug":"vida-individual","status":"publish","type":"page","link":"https:\/\/urquiabas.com\/ca\/vida-individual\/","title":{"rendered":"Vida Individual"},"content":{"rendered":"\t\t<div data-elementor-type=\"wp-page\" data-elementor-id=\"16787\" class=\"elementor elementor-16787 elementor-15895\" data-elementor-post-type=\"page\">\n\t\t\t\t<div class=\"elementor-element elementor-element-1eb70efa e-flex e-con-boxed e-con e-parent\" data-id=\"1eb70efa\" data-element_type=\"container\" data-e-type=\"container\" data-settings=\"{&quot;background_background&quot;:&quot;classic&quot;}\">\n\t\t\t\t\t<div class=\"e-con-inner\">\n\t\t<div class=\"elementor-element elementor-element-a6f591f e-con-full e-flex e-con e-child\" data-id=\"a6f591f\" data-element_type=\"container\" data-e-type=\"container\" data-settings=\"{&quot;background_background&quot;:&quot;classic&quot;}\">\n\t\t\t\t<div class=\"elementor-element elementor-element-6f2add77 elementor-widget elementor-widget-text-editor\" data-id=\"6f2add77\" data-element_type=\"widget\" data-e-type=\"widget\" data-widget_type=\"text-editor.default\">\n\t\t\t\t\t\t\t\t\t\n<p class=\"has-text-align-left\">L&#8217; <strong>asseguran\u00e7a de vida<\/strong> t\u00e9 com a funci\u00f3 principal indemnitzar els beneficiaris de l&#8217;assegurat en cas de <strong>mort<\/strong> , per qualsevol circumst\u00e0ncia. Tamb\u00e9 \u00e9s important la cobertura d&#8217; <strong>Incapacitat<\/strong> , el beneficiari del qual seria el mateix assegurat. La inclusi\u00f3 de garanties addicionals a l&#8217;asseguran\u00e7a de vida com ara el diagn\u00f2stic de malalties greus, una segona opini\u00f3 m\u00e8dica, i d&#8217;altres, et poden ajudar a pal\u00b7liar el problema en aquests moments transcendentals de la teva vida i, arribat el cas, possibilitar\u00e0 que la teva fam\u00edlia pugui fer front a una situaci\u00f3 dif\u00edcil com pot ser continuar amb els estudis dels fills, fer front a una hipoteca o lalimentaci\u00f3 i el manteniment diari.<\/p>\n\t\t\t\t\t\t\t\t<\/div>\n\t\t\t\t<\/div>\n\t\t<div class=\"elementor-element elementor-element-ebb1081 e-con-full e-flex e-con e-child\" data-id=\"ebb1081\" data-element_type=\"container\" data-e-type=\"container\" data-settings=\"{&quot;background_background&quot;:&quot;classic&quot;}\">\n\t\t\t\t<div class=\"elementor-element elementor-element-13bbee9 elementor-widget elementor-widget-text-editor\" data-id=\"13bbee9\" data-element_type=\"widget\" data-e-type=\"widget\" data-widget_type=\"text-editor.default\">\n\t\t\t\t\t\t\t\t\t\n<h3 class=\"wp-block-heading\">A qui ens dirigim<\/h3>\n\n<p>A totes aquelles persones que tinguin inter\u00e8s en la previsi\u00f3 personal i familiar d&#8217;entre 20 i 70 anys.<\/p>\n\t\t\t\t\t\t\t\t<\/div>\n\t\t\t\t<\/div>\n\t\t<div class=\"elementor-element elementor-element-99ad192 e-con-full e-flex e-con e-child\" data-id=\"99ad192\" data-element_type=\"container\" data-e-type=\"container\" data-settings=\"{&quot;background_background&quot;:&quot;classic&quot;}\">\n\t\t\t\t<div class=\"elementor-element elementor-element-ca6584f elementor-widget elementor-widget-text-editor\" data-id=\"ca6584f\" data-element_type=\"widget\" data-e-type=\"widget\" data-widget_type=\"text-editor.default\">\n\t\t\t\t\t\t\t\t\t\n<h3 class=\"wp-block-heading\">Vols saber quant et costar\u00e0?<\/h3>\n\n<p>Amb garanties cobertes: Defunci\u00f3 i incapacitat permanent absoluta sempre que compleixis amb uns condicionants*, et donem uns preus <strong>anuals<\/strong> orientatius:<\/p>\n\n<figure class=\"wp-block-table\">\n<table class=\"has-fixed-layout\">\n<thead>\n<tr>\n<th>Edat<\/th>\n<th>Capital Asegurat<br>100,000\u20ac<\/th>\n<\/tr>\n<\/thead>\n<tbody>\n<tr>\n<td>De 20 a 30 anys<\/td>\n<td>50 &#8211; 63\u20ac<\/td>\n<\/tr>\n<tr>\n<td>De 30 a 40 anys<\/td>\n<td>63 &#8211; 99\u20ac<\/td>\n<\/tr>\n<tr>\n<td>De 40 a 50 anys<\/td>\n<td>99 &#8211; 260\u20ac<\/td>\n<\/tr>\n<tr>\n<td>De 50 a 60 anys<\/td>\n<td>260 &#8211; 595\u20ac<\/td>\n<\/tr>\n<\/tbody>\n<\/table>\n<\/figure>\n\n<pre class=\"wp-block-preformatted\"><small>*Tens un bon estat de salut \u00b7 No practiques esports de risc \u00b7 La teva professi\u00f3 no es considera de risc.<\/small><\/pre>\n\n<div class=\"wp-block-columns\">\n<div class=\"wp-block-column\">\n<div class=\"wp-block-buttons\"><\/div>\n<\/div>\n<\/div>\n\t\t\t\t\t\t\t\t<\/div>\n\t\t\t\t<\/div>\n\t\t<div class=\"elementor-element elementor-element-9fa9d46 e-con-full e-flex e-con e-child\" data-id=\"9fa9d46\" data-element_type=\"container\" data-e-type=\"container\" data-settings=\"{&quot;background_background&quot;:&quot;classic&quot;}\">\n\t\t\t\t<div class=\"elementor-element elementor-element-98d8ac1 elementor-widget elementor-widget-text-editor\" data-id=\"98d8ac1\" data-element_type=\"widget\" data-e-type=\"widget\" data-widget_type=\"text-editor.default\">\n\t\t\t\t\t\t\t\t\t\n<h3 class=\"wp-block-heading\">Cobertures de l&#8217;asseguran\u00e7a de vida<\/h3>\n\n<p>B\u00e0siques<\/p>\n\n<p>Defunci\u00f3 de l&#8217;assegurat i incapacitat permanent i absoluta.<\/p>\n\n<p>Addicionals<\/p>\n\n<p>A m\u00e9s de les cobertures b\u00e0siques es poden contractar altres complement\u00e0ries que multipliquen per dos o per tres el capital assegurat en cas d&#8217;accident o accident de circulaci\u00f3 respectivament, a m\u00e9s d&#8217;altres cobertures com ara:<\/p>\n\n<ul class=\"wp-block-list\">\n<li>Incapacitat total permanent<\/li>\n\n<li>Defunci\u00f3 per accident<\/li>\n\n<li>Defunci\u00f3 per accident de circulaci\u00f3<\/li>\n\n<li>Incapacitat per accident<\/li>\n\n<li>Incapacitat per accident de circulaci\u00f3<\/li>\n\n<li>Infart de miocardi<\/li>\n\n<li>Bestretes per malalties greus<\/li>\n\n<li>Malalties terminals<\/li>\n\n<li>Altres cobertures en funci\u00f3 dels interessos de lassegurat.<\/li>\n<\/ul>\n\n<p>Altres serveis<\/p>\n\n<ul class=\"wp-block-list\">\n<li>2a opini\u00f3 m\u00e8dica en cas de malaltia greu<\/li>\n\n<li>L\u00ednia d\u00b4orientaci\u00f3 m\u00e8dica 24 h<\/li>\n\n<li>Consulta del registre d&#8217;assegurances de vida de tr\u00e0mits de gestoria<\/li>\n\n<li>Certificats d&#8217;\u00faltimes voluntats<\/li>\n<\/ul>\n\n<h3 class=\"wp-block-heading\">Exclusions m\u00e9s habituals<\/h3>\n\n<ul class=\"wp-block-list\">\n<li>El su\u00efcidi durant el primer any de vig\u00e8ncia de la p\u00f2lissa.<\/li>\n\n<li>Pel cas de la garantia d&#8217;incapacitat, lesions causades intencionadament per l&#8217;assegurat a si mateix.<\/li>\n\n<li>Reacci\u00f3 o radiaci\u00f3 nuclear i\/o contaminaci\u00f3 radioactiva, causada directament o indirectament. Navegaci\u00f3 submarina o viatges d&#8217;exploraci\u00f3.<\/li>\n\n<li>Els danys derivats de conflictes armats, cat\u00e0strofes naturals i actes delictius de lassegurat.<\/li>\n\n<li>Les conseq\u00fc\u00e8ncies daccidents o malalties originats amb anterioritat a lentrada en vigor daquest contracte.<\/li>\n<\/ul>\n\n<figure class=\"wp-block-image size-full is-resized w-full h-72\"><a href=\"https:\/\/urquiabas.com\/ca\/tot-el-que-sempre-has-volgut-saber-sobre-lasseguranca-de-vida\/\"><img fetchpriority=\"high\" decoding=\"async\" width=\"800\" height=\"250\" class=\"wp-image-20711\" style=\"width: 979px; height: auto;\" src=\"https:\/\/urquiabas.com\/wp-content\/uploads\/2023\/12\/SEGURO-DE-VIDA-BANNER.png\" alt=\"\" srcset=\"https:\/\/urquiabas.com\/wp-content\/uploads\/2023\/12\/SEGURO-DE-VIDA-BANNER.png 800w, https:\/\/urquiabas.com\/wp-content\/uploads\/2023\/12\/SEGURO-DE-VIDA-BANNER-300x94.png 300w, https:\/\/urquiabas.com\/wp-content\/uploads\/2023\/12\/SEGURO-DE-VIDA-BANNER-768x240.png 768w\" sizes=\"(max-width: 800px) 100vw, 800px\" \/><\/a><\/figure>\n\t\t\t\t\t\t\t\t<\/div>\n\t\t\t\t<\/div>\n\t\t<div class=\"elementor-element elementor-element-1c88356 e-con-full e-flex e-con e-child\" data-id=\"1c88356\" data-element_type=\"container\" data-e-type=\"container\" data-settings=\"{&quot;background_background&quot;:&quot;classic&quot;}\">\n\t\t\t\t<div class=\"elementor-element elementor-element-8ee6c70 elementor-widget elementor-widget-text-editor\" data-id=\"8ee6c70\" data-element_type=\"widget\" data-e-type=\"widget\" data-widget_type=\"text-editor.default\">\n\t\t\t\t\t\t\t\t\t<h3 class=\"wp-block-heading\">Com puc ajudar-te?<\/h3><p>Deixa&#8217;m les teves dades i em posar\u00e9 en contacte amb tu al m\u00e9s aviat possible.<\/p>\t\t\t\t\t\t\t\t<\/div>\n\t\t\t\t<div class=\"elementor-element elementor-element-f476154 elementor-widget elementor-widget-text-editor\" data-id=\"f476154\" data-element_type=\"widget\" data-e-type=\"widget\" data-widget_type=\"text-editor.default\">\n\t\t\t\t\t\t\t\t\t<iframe id=\"tarificador\" class=\"w-full\" style=\"height: 360px\" src=\"http:\/\/tarificadores.urquiabas.com\/forms\/vidariesgo?h=0\" frameborder=\"0\" allowfullscreen=\"\"><\/iframe>\t\t\t\t\t\t\t\t<\/div>\n\t\t\t\t<\/div>\n\t\t\t\t\t<\/div>\n\t\t\t\t<\/div>\n\t\t\t\t<\/div>\n\t\t","protected":false},"excerpt":{"rendered":"<p>L&#8217; asseguran\u00e7a de vida t\u00e9 com a funci\u00f3 principal indemnitzar els beneficiaris de l&#8217;assegurat en cas de mort , per qualsevol circumst\u00e0ncia. Tamb\u00e9 \u00e9s important la cobertura d&#8217; Incapacitat , el beneficiari del qual seria el mateix assegurat. La inclusi\u00f3 de garanties addicionals a l&#8217;asseguran\u00e7a de vida com ara el diagn\u00f2stic de malalties greus, una [&hellip;]<\/p>\n","protected":false},"author":84,"featured_media":5925,"parent":0,"menu_order":0,"comment_status":"closed","ping_status":"closed","template":"","meta":{"_acf_changed":false,"inline_featured_image":false,"footnotes":""},"class_list":["post-16787","page","type-page","status-publish","has-post-thumbnail","hentry"],"acf":{"contacte":"ramon","foto_responsable":"https:\/\/urquiabas.com\/wp-content\/uploads\/2024\/05\/BG_Paula-1-scaled.jpg","titulo":"Asseguran\u00e7a de Vida","id_nex":"494","subtitulo":"L'ASSEGURAN\u00c7A QUE COBREIX ELS ESDEVENIMENTS DE MORT I INVALIDESA, PER QUALSEVOL CIRCUMST\u00c0NCIA.","odoo":"https:\/\/tarificadores.urquiabas.com\/forms\/vidariesgo\/?u=24&o=1&h=0","contacte_responsable_telefon":"636 43 60 02","contacte_responsable_email":"paulaoliva@urquiabas.com","responsable":"Paula Oliva"},"yoast_head":"<!-- This site is optimized with the Yoast SEO plugin v27.3 - https:\/\/yoast.com\/product\/yoast-seo-wordpress\/ -->\n<title>Vida Individual - Urqu\u00eda&amp;Bas<\/title>\n<meta name=\"description\" content=\"Malauradament el futur \u00e9s imprevisible. Per sort tenim la teva asseguran\u00e7a de vida. Obtingueu preu en 2 clics i contracta on-line.\" \/>\n<meta name=\"robots\" content=\"index, follow, max-snippet:-1, max-image-preview:large, max-video-preview:-1\" \/>\n<link rel=\"canonical\" href=\"https:\/\/urquiabas.com\/ca\/vida-individual\/\" \/>\n<meta property=\"og:locale\" content=\"ca_ES\" \/>\n<meta property=\"og:type\" content=\"article\" \/>\n<meta property=\"og:title\" content=\"Vida Individual - Urqu\u00eda&amp;Bas\" \/>\n<meta property=\"og:description\" content=\"Malauradament el futur \u00e9s imprevisible. Per sort tenim la teva asseguran\u00e7a de vida. Obtingueu preu en 2 clics i contracta on-line.\" \/>\n<meta property=\"og:url\" content=\"https:\/\/urquiabas.com\/ca\/vida-individual\/\" \/>\n<meta property=\"og:site_name\" content=\"Urqu\u00eda&amp;Bas\" \/>\n<meta property=\"article:publisher\" content=\"https:\/\/www.facebook.com\/UrquiaBas\/\" \/>\n<meta property=\"article:modified_time\" content=\"2025-12-02T11:02:14+00:00\" \/>\n<meta property=\"og:image\" content=\"https:\/\/urquiabas.com\/wp-content\/uploads\/2015\/05\/Sin-nombre10-e1437559633687.jpg\" \/>\n\t<meta property=\"og:image:width\" content=\"1200\" \/>\n\t<meta property=\"og:image:height\" content=\"400\" \/>\n\t<meta property=\"og:image:type\" content=\"image\/jpeg\" \/>\n<meta name=\"twitter:card\" content=\"summary_large_image\" \/>\n<meta name=\"twitter:site\" content=\"@BasUrquia\" \/>\n<meta name=\"twitter:label1\" content=\"Temps estimat de lectura\" \/>\n\t<meta name=\"twitter:data1\" content=\"5 minuts\" \/>\n<script type=\"application\/ld+json\" class=\"yoast-schema-graph\">{\"@context\":\"https:\\\/\\\/schema.org\",\"@graph\":[{\"@type\":\"WebPage\",\"@id\":\"https:\\\/\\\/urquiabas.com\\\/ca\\\/vida-individual\\\/\",\"url\":\"https:\\\/\\\/urquiabas.com\\\/ca\\\/vida-individual\\\/\",\"name\":\"Vida Individual - Urqu\u00eda&amp;Bas\",\"isPartOf\":{\"@id\":\"https:\\\/\\\/urquiabas.com\\\/#website\"},\"primaryImageOfPage\":{\"@id\":\"https:\\\/\\\/urquiabas.com\\\/ca\\\/vida-individual\\\/#primaryimage\"},\"image\":{\"@id\":\"https:\\\/\\\/urquiabas.com\\\/ca\\\/vida-individual\\\/#primaryimage\"},\"thumbnailUrl\":\"https:\\\/\\\/urquiabas.com\\\/wp-content\\\/uploads\\\/2015\\\/05\\\/Sin-nombre10-e1437559633687.jpg\",\"datePublished\":\"2021-03-04T16:17:42+00:00\",\"dateModified\":\"2025-12-02T11:02:14+00:00\",\"description\":\"Malauradament el futur \u00e9s imprevisible. Per sort tenim la teva asseguran\u00e7a de vida. Obtingueu preu en 2 clics i contracta on-line.\",\"breadcrumb\":{\"@id\":\"https:\\\/\\\/urquiabas.com\\\/ca\\\/vida-individual\\\/#breadcrumb\"},\"inLanguage\":\"ca\",\"potentialAction\":[{\"@type\":\"ReadAction\",\"target\":[\"https:\\\/\\\/urquiabas.com\\\/ca\\\/vida-individual\\\/\"]}]},{\"@type\":\"ImageObject\",\"inLanguage\":\"ca\",\"@id\":\"https:\\\/\\\/urquiabas.com\\\/ca\\\/vida-individual\\\/#primaryimage\",\"url\":\"https:\\\/\\\/urquiabas.com\\\/wp-content\\\/uploads\\\/2015\\\/05\\\/Sin-nombre10-e1437559633687.jpg\",\"contentUrl\":\"https:\\\/\\\/urquiabas.com\\\/wp-content\\\/uploads\\\/2015\\\/05\\\/Sin-nombre10-e1437559633687.jpg\",\"width\":1200,\"height\":400,\"caption\":\"Vida Individual\"},{\"@type\":\"BreadcrumbList\",\"@id\":\"https:\\\/\\\/urquiabas.com\\\/ca\\\/vida-individual\\\/#breadcrumb\",\"itemListElement\":[{\"@type\":\"ListItem\",\"position\":1,\"name\":\"Portada\",\"item\":\"https:\\\/\\\/urquiabas.com\\\/\"},{\"@type\":\"ListItem\",\"position\":2,\"name\":\"Vida Individual\"}]},{\"@type\":\"WebSite\",\"@id\":\"https:\\\/\\\/urquiabas.com\\\/#website\",\"url\":\"https:\\\/\\\/urquiabas.com\\\/\",\"name\":\"Urqu\u00eda&amp;Bas\",\"description\":\"Corredur\u00eda de seguros | Lleida\",\"publisher\":{\"@id\":\"https:\\\/\\\/urquiabas.com\\\/#organization\"},\"potentialAction\":[{\"@type\":\"SearchAction\",\"target\":{\"@type\":\"EntryPoint\",\"urlTemplate\":\"https:\\\/\\\/urquiabas.com\\\/?s={search_term_string}\"},\"query-input\":{\"@type\":\"PropertyValueSpecification\",\"valueRequired\":true,\"valueName\":\"search_term_string\"}}],\"inLanguage\":\"ca\"},{\"@type\":\"Organization\",\"@id\":\"https:\\\/\\\/urquiabas.com\\\/#organization\",\"name\":\"Urquia & Bas S.L\",\"url\":\"https:\\\/\\\/urquiabas.com\\\/\",\"logo\":{\"@type\":\"ImageObject\",\"inLanguage\":\"ca\",\"@id\":\"https:\\\/\\\/urquiabas.com\\\/#\\\/schema\\\/logo\\\/image\\\/\",\"url\":\"https:\\\/\\\/urquiabas.com\\\/wp-content\\\/uploads\\\/2018\\\/03\\\/logoubmail2018.jpg\",\"contentUrl\":\"https:\\\/\\\/urquiabas.com\\\/wp-content\\\/uploads\\\/2018\\\/03\\\/logoubmail2018.jpg\",\"width\":258,\"height\":61,\"caption\":\"Urquia & Bas S.L\"},\"image\":{\"@id\":\"https:\\\/\\\/urquiabas.com\\\/#\\\/schema\\\/logo\\\/image\\\/\"},\"sameAs\":[\"https:\\\/\\\/www.facebook.com\\\/UrquiaBas\\\/\",\"https:\\\/\\\/x.com\\\/BasUrquia\",\"https:\\\/\\\/www.instagram.com\\\/urquiabas\\\/\",\"https:\\\/\\\/www.linkedin.com\\\/company\\\/3125928\\\/\"]}]}<\/script>\n<!-- \/ Yoast SEO plugin. -->","yoast_head_json":{"title":"Vida Individual - Urqu\u00eda&amp;Bas","description":"Malauradament el futur \u00e9s imprevisible. Per sort tenim la teva asseguran\u00e7a de vida. Obtingueu preu en 2 clics i contracta on-line.","robots":{"index":"index","follow":"follow","max-snippet":"max-snippet:-1","max-image-preview":"max-image-preview:large","max-video-preview":"max-video-preview:-1"},"canonical":"https:\/\/urquiabas.com\/ca\/vida-individual\/","og_locale":"ca_ES","og_type":"article","og_title":"Vida Individual - Urqu\u00eda&amp;Bas","og_description":"Malauradament el futur \u00e9s imprevisible. Per sort tenim la teva asseguran\u00e7a de vida. Obtingueu preu en 2 clics i contracta on-line.","og_url":"https:\/\/urquiabas.com\/ca\/vida-individual\/","og_site_name":"Urqu\u00eda&amp;Bas","article_publisher":"https:\/\/www.facebook.com\/UrquiaBas\/","article_modified_time":"2025-12-02T11:02:14+00:00","og_image":[{"width":1200,"height":400,"url":"https:\/\/urquiabas.com\/wp-content\/uploads\/2015\/05\/Sin-nombre10-e1437559633687.jpg","type":"image\/jpeg"}],"twitter_card":"summary_large_image","twitter_site":"@BasUrquia","twitter_misc":{"Temps estimat de lectura":"5 minuts"},"schema":{"@context":"https:\/\/schema.org","@graph":[{"@type":"WebPage","@id":"https:\/\/urquiabas.com\/ca\/vida-individual\/","url":"https:\/\/urquiabas.com\/ca\/vida-individual\/","name":"Vida Individual - Urqu\u00eda&amp;Bas","isPartOf":{"@id":"https:\/\/urquiabas.com\/#website"},"primaryImageOfPage":{"@id":"https:\/\/urquiabas.com\/ca\/vida-individual\/#primaryimage"},"image":{"@id":"https:\/\/urquiabas.com\/ca\/vida-individual\/#primaryimage"},"thumbnailUrl":"https:\/\/urquiabas.com\/wp-content\/uploads\/2015\/05\/Sin-nombre10-e1437559633687.jpg","datePublished":"2021-03-04T16:17:42+00:00","dateModified":"2025-12-02T11:02:14+00:00","description":"Malauradament el futur \u00e9s imprevisible. Per sort tenim la teva asseguran\u00e7a de vida. Obtingueu preu en 2 clics i contracta on-line.","breadcrumb":{"@id":"https:\/\/urquiabas.com\/ca\/vida-individual\/#breadcrumb"},"inLanguage":"ca","potentialAction":[{"@type":"ReadAction","target":["https:\/\/urquiabas.com\/ca\/vida-individual\/"]}]},{"@type":"ImageObject","inLanguage":"ca","@id":"https:\/\/urquiabas.com\/ca\/vida-individual\/#primaryimage","url":"https:\/\/urquiabas.com\/wp-content\/uploads\/2015\/05\/Sin-nombre10-e1437559633687.jpg","contentUrl":"https:\/\/urquiabas.com\/wp-content\/uploads\/2015\/05\/Sin-nombre10-e1437559633687.jpg","width":1200,"height":400,"caption":"Vida Individual"},{"@type":"BreadcrumbList","@id":"https:\/\/urquiabas.com\/ca\/vida-individual\/#breadcrumb","itemListElement":[{"@type":"ListItem","position":1,"name":"Portada","item":"https:\/\/urquiabas.com\/"},{"@type":"ListItem","position":2,"name":"Vida Individual"}]},{"@type":"WebSite","@id":"https:\/\/urquiabas.com\/#website","url":"https:\/\/urquiabas.com\/","name":"Urqu\u00eda&amp;Bas","description":"Corredur\u00eda de seguros | Lleida","publisher":{"@id":"https:\/\/urquiabas.com\/#organization"},"potentialAction":[{"@type":"SearchAction","target":{"@type":"EntryPoint","urlTemplate":"https:\/\/urquiabas.com\/?s={search_term_string}"},"query-input":{"@type":"PropertyValueSpecification","valueRequired":true,"valueName":"search_term_string"}}],"inLanguage":"ca"},{"@type":"Organization","@id":"https:\/\/urquiabas.com\/#organization","name":"Urquia & Bas S.L","url":"https:\/\/urquiabas.com\/","logo":{"@type":"ImageObject","inLanguage":"ca","@id":"https:\/\/urquiabas.com\/#\/schema\/logo\/image\/","url":"https:\/\/urquiabas.com\/wp-content\/uploads\/2018\/03\/logoubmail2018.jpg","contentUrl":"https:\/\/urquiabas.com\/wp-content\/uploads\/2018\/03\/logoubmail2018.jpg","width":258,"height":61,"caption":"Urquia & Bas S.L"},"image":{"@id":"https:\/\/urquiabas.com\/#\/schema\/logo\/image\/"},"sameAs":["https:\/\/www.facebook.com\/UrquiaBas\/","https:\/\/x.com\/BasUrquia","https:\/\/www.instagram.com\/urquiabas\/","https:\/\/www.linkedin.com\/company\/3125928\/"]}]}},"_links":{"self":[{"href":"https:\/\/urquiabas.com\/ca\/wp-json\/wp\/v2\/pages\/16787","targetHints":{"allow":["GET"]}}],"collection":[{"href":"https:\/\/urquiabas.com\/ca\/wp-json\/wp\/v2\/pages"}],"about":[{"href":"https:\/\/urquiabas.com\/ca\/wp-json\/wp\/v2\/types\/page"}],"author":[{"embeddable":true,"href":"https:\/\/urquiabas.com\/ca\/wp-json\/wp\/v2\/users\/84"}],"replies":[{"embeddable":true,"href":"https:\/\/urquiabas.com\/ca\/wp-json\/wp\/v2\/comments?post=16787"}],"version-history":[{"count":0,"href":"https:\/\/urquiabas.com\/ca\/wp-json\/wp\/v2\/pages\/16787\/revisions"}],"wp:featuredmedia":[{"embeddable":true,"href":"https:\/\/urquiabas.com\/ca\/wp-json\/wp\/v2\/media\/5925"}],"wp:attachment":[{"href":"https:\/\/urquiabas.com\/ca\/wp-json\/wp\/v2\/media?parent=16787"}],"curies":[{"name":"wp","href":"https:\/\/api.w.org\/{rel}","templated":true}]}}