{"id":17203,"date":"2021-04-07T13:14:19","date_gmt":"2021-04-07T11:14:19","guid":{"rendered":"https:\/\/dev01.urquiabas.com\/?page_id=17203"},"modified":"2026-01-15T13:02:26","modified_gmt":"2026-01-15T12:02:26","slug":"agraris","status":"publish","type":"page","link":"https:\/\/urquiabas.com\/ca\/agraris\/","title":{"rendered":"Agraris"},"content":{"rendered":"\t\t<div data-elementor-type=\"wp-page\" data-elementor-id=\"17203\" class=\"elementor elementor-17203 elementor-17198\" data-elementor-post-type=\"page\">\n\t\t\t\t<div class=\"elementor-element elementor-element-310822c1 e-flex e-con-boxed e-con e-parent\" data-id=\"310822c1\" data-element_type=\"container\" data-e-type=\"container\" data-settings=\"{&quot;background_background&quot;:&quot;classic&quot;}\">\n\t\t\t\t\t<div class=\"e-con-inner\">\n\t\t<div class=\"elementor-element elementor-element-3b781ea e-con-full e-flex e-con e-child\" data-id=\"3b781ea\" data-element_type=\"container\" data-e-type=\"container\" data-settings=\"{&quot;background_background&quot;:&quot;classic&quot;}\">\n\t\t\t\t<div class=\"elementor-element elementor-element-9a32ea1 elementor-widget elementor-widget-text-editor\" data-id=\"9a32ea1\" data-element_type=\"widget\" data-e-type=\"widget\" data-widget_type=\"text-editor.default\">\n\t\t\t\t\t\t\t\t\t<div class=\"wpb_text_column wpb_content_element vc_custom_1441286621820\"><div class=\"wpb_wrapper\"><p>Es cobreixen els danys als cultius, fruiters, hortalisses, plantes ornamentals i altres, de riscos \u2013depenent del cultiu i varietat- tals com la pedra, la gelada, l&#8217;incendi, les pluges torrencials o persistents, la sequera, la inundaci\u00f3, el vent huracanat, les gelades, la neu i el cop de calor.<\/p><p class=\"texto\">Tamb\u00e9 s&#8217;assegura el bestiar bov\u00ed, de certes malalties com la febre aftosa, l&#8217;encefalopatia espongiforme bovina. Tamb\u00e9 es cobreix el cost de la retirada danimals morts. Per a aquesta i altres esp\u00e8cies es poden cobrir els danys per la sequera a les pastures, cobrint els costos de l&#8217;aportaci\u00f3 extraordin\u00e0ria d&#8217;aliment.<\/p><p class=\"texto\">Al bestiar avi\u00e0ria es cobreix el cop de calor i el p\u00e0nic; a l&#8217;apicultura, l&#8217;incendi, la sequera, les pluges torrencials i la inundaci\u00f3. Quant a l&#8217;aq\u00fcicultura tenen cobertures espec\u00edfiques les truites, les daurades, els llobarros, els turbots i el musclo. Finalment, es poden assegurar a les plantacions forestals, el risc d&#8217;incendi i els danys excepcionals.<\/p><\/div><\/div>\t\t\t\t\t\t\t\t<\/div>\n\t\t\t\t<\/div>\n\t\t<div class=\"elementor-element elementor-element-fd26f70 e-con-full e-flex e-con e-child\" data-id=\"fd26f70\" data-element_type=\"container\" data-e-type=\"container\" data-settings=\"{&quot;background_background&quot;:&quot;classic&quot;}\">\n\t\t\t\t<div class=\"elementor-element elementor-element-d28b06d elementor-widget elementor-widget-text-editor\" data-id=\"d28b06d\" data-element_type=\"widget\" data-e-type=\"widget\" data-widget_type=\"text-editor.default\">\n\t\t\t\t\t\t\t\t\t<div class=\"wpb_text_column wpb_content_element vc_custom_1441286621820\"><h3 class=\"wpb_wrapper\">Avantatges<\/h3><p>Aquestes assegurances, malgrat el seu cost elevat, permeten a l&#8217;agricultor o ramader donar una estabilitat econ\u00f2mica a l&#8217;explotaci\u00f3, minvant les p\u00e8rdues en cas de qualsevol de les conting\u00e8ncies a qu\u00e8 est\u00e0 exposat. Hi ha importants descomptes i subvencions que fan m\u00e9s suportable el cost de l&#8217;asseguran\u00e7a.<\/p><\/div>\t\t\t\t\t\t\t\t<\/div>\n\t\t\t\t<\/div>\n\t\t<div class=\"elementor-element elementor-element-38aa8df e-con-full e-flex e-con e-child\" data-id=\"38aa8df\" data-element_type=\"container\" data-e-type=\"container\" data-settings=\"{&quot;background_background&quot;:&quot;classic&quot;}\">\n\t\t\t\t<div class=\"elementor-element elementor-element-25a08b1 elementor-widget elementor-widget-text-editor\" data-id=\"25a08b1\" data-element_type=\"widget\" data-e-type=\"widget\" data-widget_type=\"text-editor.default\">\n\t\t\t\t\t\t\t\t\t<div class=\"wpb_text_column wpb_content_element vc_custom_1441286621820\"><div class=\"wpb_wrapper\"><p><b>Et proposarem les diverses opcions d&#8217;assegurament segons l&#8217;explotaci\u00f3 o el cultiu tenint en compte els descomptes i les subvencions existents per a cada anualitat.<\/b><\/p><\/div><\/div>\t\t\t\t\t\t\t\t<\/div>\n\t\t\t\t<div class=\"elementor-element elementor-element-00eb3ab elementor-widget elementor-widget-button\" data-id=\"00eb3ab\" data-element_type=\"widget\" data-e-type=\"widget\" data-widget_type=\"button.default\">\n\t\t\t\t\t\t\t\t\t\t<a class=\"elementor-button elementor-button-link elementor-size-sm\" href=\"#tarificador\">\n\t\t\t\t\t\t<span class=\"elementor-button-content-wrapper\">\n\t\t\t\t\t\t\t\t\t<span class=\"elementor-button-text\">Contacta amb nosaltres<\/span>\n\t\t\t\t\t<\/span>\n\t\t\t\t\t<\/a>\n\t\t\t\t\t\t\t\t<\/div>\n\t\t\t\t<\/div>\n\t\t<div class=\"elementor-element elementor-element-9da0e3f e-con-full e-flex e-con e-child\" data-id=\"9da0e3f\" data-element_type=\"container\" data-e-type=\"container\" data-settings=\"{&quot;background_background&quot;:&quot;classic&quot;}\">\n\t\t\t\t<div class=\"elementor-element elementor-element-1701436 elementor-widget elementor-widget-text-editor\" data-id=\"1701436\" data-element_type=\"widget\" data-e-type=\"widget\" data-widget_type=\"text-editor.default\">\n\t\t\t\t\t\t\t\t\t<div class=\"wpb_text_column wpb_content_element vc_custom_1441286621820\"><div class=\"wpb_wrapper\"><h3>Com et puc ajudar?<\/h3><\/div><\/div><p>Deixa&#8217;m les teves dades i em posar\u00e9 en contacte amb tu el m\u00e9s aviat possible.<\/p>\t\t\t\t\t\t\t\t<\/div>\n\t\t\t\t<div class=\"elementor-element elementor-element-5517302 elementor-widget elementor-widget-html\" data-id=\"5517302\" data-element_type=\"widget\" data-e-type=\"widget\" data-widget_type=\"html.default\">\n\t\t\t\t\t<iframe id=\"tarificador\" src=\"https:\/\/tarificadores.urquiabas.com\/forms\/agrarios?h=0\" style=\"width: 100%; border: 0; box-shadow: 0 10px 15px -3px rgb(0 0 0 \/ 0.3), 0 4px 30px -4px rgb(0 0 0 \/ 0.3);\"><\/iframe>\r\n<script type=\"text\/javascript\">\r\n        window.dataLayer = window.dataLayer || [];\r\n\twindow.addEventListener('message', function(e) {\r\n\t\tvar tarificador = document.getElementById(\"tarificador\");\r\n\t\tvar eventName = e.data[0];\r\n\t\tvar data = e.data[1];\r\n\t\tswitch(eventName) {\r\n\t\t\tcase 'redirect': {\r\n\t\t\t    \twindow.location.href = data;\r\n\t\t    \t\tbreak;\r\n\t\t\t}\r\n\t\t\tcase 'setHeight': {\r\n\t\t\t\ttarificador.style.height = data + 'px';\r\n\t\t\t\tbreak;\r\n\t\t\t}\r\n\t\t\tcase 'scrollTop': {\r\n                                let tarificadorTop = tarificador.getBoundingClientRect().top + window.scrollY;\r\n\t\t\t\twindow.scrollTo({ top: tarificadorTop, behavior: 'smooth' });\r\n\t\t\t\tbreak;\r\n                        }\r\n                  \tcase 'datalayer': {\r\n                       \t\twindow.dataLayer.push(data);\r\n                  \t}\r\n\t\t}\r\n\t}, false);\t\r\n<\/script>\t\t\t\t<\/div>\n\t\t\t\t<\/div>\n\t\t\t\t\t<\/div>\n\t\t\t\t<\/div>\n\t\t\t\t<\/div>\n\t\t","protected":false},"excerpt":{"rendered":"<p>Es cobreixen els danys als cultius, fruiters, hortalisses, plantes ornamentals i altres, de riscos \u2013depenent del cultiu i varietat- tals com la pedra, la gelada, l&#8217;incendi, les pluges torrencials o persistents, la sequera, la inundaci\u00f3, el vent huracanat, les gelades, la neu i el cop de calor. Tamb\u00e9 s&#8217;assegura el bestiar bov\u00ed, de certes malalties [&hellip;]<\/p>\n","protected":false},"author":84,"featured_media":5870,"parent":0,"menu_order":0,"comment_status":"closed","ping_status":"closed","template":"","meta":{"_acf_changed":false,"inline_featured_image":false,"footnotes":""},"class_list":["post-17203","page","type-page","status-publish","has-post-thumbnail","hentry"],"acf":{"contacte":"tena","descripcio_contacte":"","cta":"\u00a1Calcula y contrata!","foto_responsable":"https:\/\/urquiabas.com\/wp-content\/uploads\/2023\/11\/BG_XTena-scaled.jpg","titulo":"Assegurances Agr\u00e0ries","id_nex":"330","odoo":"https:\/\/tarificadores.urquiabas.com\/forms\/contacto\/?u=24&o=1&h=0","contacte_responsable_telefon":"635 36 22 17","contacte_responsable_email":"xaviertena@urquiabas.com","responsable":"Xavier Tena","text_responsable":"S\u00f3c Xavier, enginyer electr\u00f2nic industrial i amb m\u00e0ster en direcci\u00f3 d'empreses. M'uneixo a Urquia&Bas per donar suport als nostres clients m\u00e9s exigents: les empreses. En el meu temps lliure gaudeixo del cinema, la lectura, la muntanya i el bon menjar. Em considero una persona oberta i amb ganes d?aprendre.  "},"yoast_head":"<!-- This site is optimized with the Yoast SEO plugin v27.4 - https:\/\/yoast.com\/product\/yoast-seo-wordpress\/ -->\n<title>Agraris - Urqu\u00eda&amp;Bas<\/title>\n<meta name=\"description\" content=\"Protegeix-te de la incertesa del resultat de la teva collita o explotaci\u00f3, mitjan\u00e7ant una asseguran\u00e7a agr\u00e0ria combinada; et garantir\u00e0 una estabilitat als teus ingressos.\" \/>\n<meta name=\"robots\" content=\"index, follow, max-snippet:-1, max-image-preview:large, max-video-preview:-1\" \/>\n<link rel=\"canonical\" href=\"https:\/\/urquiabas.com\/seguros-agrarios\/\" \/>\n<meta property=\"og:locale\" content=\"ca_ES\" \/>\n<meta property=\"og:type\" content=\"article\" \/>\n<meta property=\"og:title\" content=\"Agraris - Urqu\u00eda&amp;Bas\" \/>\n<meta property=\"og:description\" content=\"Protegeix-te de la incertesa del resultat de la teva collita o explotaci\u00f3, mitjan\u00e7ant una asseguran\u00e7a agr\u00e0ria combinada; et garantir\u00e0 una estabilitat als teus ingressos.\" \/>\n<meta property=\"og:url\" content=\"https:\/\/urquiabas.com\/seguros-agrarios\/\" \/>\n<meta property=\"og:site_name\" content=\"Urqu\u00eda&amp;Bas\" \/>\n<meta property=\"article:publisher\" content=\"https:\/\/www.facebook.com\/UrquiaBas\/\" \/>\n<meta property=\"article:modified_time\" content=\"2026-01-15T12:02:26+00:00\" \/>\n<meta property=\"og:image\" content=\"https:\/\/urquiabas.com\/wp-content\/uploads\/2015\/05\/header-agrarios.jpg\" \/>\n\t<meta property=\"og:image:width\" content=\"1200\" \/>\n\t<meta property=\"og:image:height\" content=\"400\" \/>\n\t<meta property=\"og:image:type\" content=\"image\/jpeg\" \/>\n<meta name=\"twitter:card\" content=\"summary_large_image\" \/>\n<meta name=\"twitter:site\" content=\"@BasUrquia\" \/>\n<meta name=\"twitter:label1\" content=\"Temps estimat de lectura\" \/>\n\t<meta name=\"twitter:data1\" content=\"2 minuts\" \/>\n<script type=\"application\/ld+json\" class=\"yoast-schema-graph\">{\"@context\":\"https:\\\/\\\/schema.org\",\"@graph\":[{\"@type\":\"WebPage\",\"@id\":\"https:\\\/\\\/urquiabas.com\\\/seguros-agrarios\\\/\",\"url\":\"https:\\\/\\\/urquiabas.com\\\/seguros-agrarios\\\/\",\"name\":\"Agraris - Urqu\u00eda&amp;Bas\",\"isPartOf\":{\"@id\":\"https:\\\/\\\/urquiabas.com\\\/#website\"},\"primaryImageOfPage\":{\"@id\":\"https:\\\/\\\/urquiabas.com\\\/seguros-agrarios\\\/#primaryimage\"},\"image\":{\"@id\":\"https:\\\/\\\/urquiabas.com\\\/seguros-agrarios\\\/#primaryimage\"},\"thumbnailUrl\":\"https:\\\/\\\/urquiabas.com\\\/wp-content\\\/uploads\\\/2015\\\/05\\\/header-agrarios.jpg\",\"datePublished\":\"2021-04-07T11:14:19+00:00\",\"dateModified\":\"2026-01-15T12:02:26+00:00\",\"description\":\"Protegeix-te de la incertesa del resultat de la teva collita o explotaci\u00f3, mitjan\u00e7ant una asseguran\u00e7a agr\u00e0ria combinada; et garantir\u00e0 una estabilitat als teus ingressos.\",\"breadcrumb\":{\"@id\":\"https:\\\/\\\/urquiabas.com\\\/seguros-agrarios\\\/#breadcrumb\"},\"inLanguage\":\"ca\",\"potentialAction\":[{\"@type\":\"ReadAction\",\"target\":[\"https:\\\/\\\/urquiabas.com\\\/seguros-agrarios\\\/\"]}]},{\"@type\":\"ImageObject\",\"inLanguage\":\"ca\",\"@id\":\"https:\\\/\\\/urquiabas.com\\\/seguros-agrarios\\\/#primaryimage\",\"url\":\"https:\\\/\\\/urquiabas.com\\\/wp-content\\\/uploads\\\/2015\\\/05\\\/header-agrarios.jpg\",\"contentUrl\":\"https:\\\/\\\/urquiabas.com\\\/wp-content\\\/uploads\\\/2015\\\/05\\\/header-agrarios.jpg\",\"width\":1200,\"height\":400,\"caption\":\"Agrarios\"},{\"@type\":\"BreadcrumbList\",\"@id\":\"https:\\\/\\\/urquiabas.com\\\/seguros-agrarios\\\/#breadcrumb\",\"itemListElement\":[{\"@type\":\"ListItem\",\"position\":1,\"name\":\"Portada\",\"item\":\"https:\\\/\\\/urquiabas.com\\\/\"},{\"@type\":\"ListItem\",\"position\":2,\"name\":\"Agraris\"}]},{\"@type\":\"WebSite\",\"@id\":\"https:\\\/\\\/urquiabas.com\\\/#website\",\"url\":\"https:\\\/\\\/urquiabas.com\\\/\",\"name\":\"Urqu\u00eda&amp;Bas\",\"description\":\"Corredur\u00eda de seguros | Lleida\",\"publisher\":{\"@id\":\"https:\\\/\\\/urquiabas.com\\\/#organization\"},\"potentialAction\":[{\"@type\":\"SearchAction\",\"target\":{\"@type\":\"EntryPoint\",\"urlTemplate\":\"https:\\\/\\\/urquiabas.com\\\/?s={search_term_string}\"},\"query-input\":{\"@type\":\"PropertyValueSpecification\",\"valueRequired\":true,\"valueName\":\"search_term_string\"}}],\"inLanguage\":\"ca\"},{\"@type\":\"Organization\",\"@id\":\"https:\\\/\\\/urquiabas.com\\\/#organization\",\"name\":\"Urquia & Bas S.L\",\"url\":\"https:\\\/\\\/urquiabas.com\\\/\",\"logo\":{\"@type\":\"ImageObject\",\"inLanguage\":\"ca\",\"@id\":\"https:\\\/\\\/urquiabas.com\\\/#\\\/schema\\\/logo\\\/image\\\/\",\"url\":\"https:\\\/\\\/urquiabas.com\\\/wp-content\\\/uploads\\\/2018\\\/03\\\/logoubmail2018.jpg\",\"contentUrl\":\"https:\\\/\\\/urquiabas.com\\\/wp-content\\\/uploads\\\/2018\\\/03\\\/logoubmail2018.jpg\",\"width\":258,\"height\":61,\"caption\":\"Urquia & Bas S.L\"},\"image\":{\"@id\":\"https:\\\/\\\/urquiabas.com\\\/#\\\/schema\\\/logo\\\/image\\\/\"},\"sameAs\":[\"https:\\\/\\\/www.facebook.com\\\/UrquiaBas\\\/\",\"https:\\\/\\\/x.com\\\/BasUrquia\",\"https:\\\/\\\/www.instagram.com\\\/urquiabas\\\/\",\"https:\\\/\\\/www.linkedin.com\\\/company\\\/3125928\\\/\"]}]}<\/script>\n<!-- \/ Yoast SEO plugin. -->","yoast_head_json":{"title":"Agraris - Urqu\u00eda&amp;Bas","description":"Protegeix-te de la incertesa del resultat de la teva collita o explotaci\u00f3, mitjan\u00e7ant una asseguran\u00e7a agr\u00e0ria combinada; et garantir\u00e0 una estabilitat als teus ingressos.","robots":{"index":"index","follow":"follow","max-snippet":"max-snippet:-1","max-image-preview":"max-image-preview:large","max-video-preview":"max-video-preview:-1"},"canonical":"https:\/\/urquiabas.com\/seguros-agrarios\/","og_locale":"ca_ES","og_type":"article","og_title":"Agraris - Urqu\u00eda&amp;Bas","og_description":"Protegeix-te de la incertesa del resultat de la teva collita o explotaci\u00f3, mitjan\u00e7ant una asseguran\u00e7a agr\u00e0ria combinada; et garantir\u00e0 una estabilitat als teus ingressos.","og_url":"https:\/\/urquiabas.com\/seguros-agrarios\/","og_site_name":"Urqu\u00eda&amp;Bas","article_publisher":"https:\/\/www.facebook.com\/UrquiaBas\/","article_modified_time":"2026-01-15T12:02:26+00:00","og_image":[{"width":1200,"height":400,"url":"https:\/\/urquiabas.com\/wp-content\/uploads\/2015\/05\/header-agrarios.jpg","type":"image\/jpeg"}],"twitter_card":"summary_large_image","twitter_site":"@BasUrquia","twitter_misc":{"Temps estimat de lectura":"2 minuts"},"schema":{"@context":"https:\/\/schema.org","@graph":[{"@type":"WebPage","@id":"https:\/\/urquiabas.com\/seguros-agrarios\/","url":"https:\/\/urquiabas.com\/seguros-agrarios\/","name":"Agraris - Urqu\u00eda&amp;Bas","isPartOf":{"@id":"https:\/\/urquiabas.com\/#website"},"primaryImageOfPage":{"@id":"https:\/\/urquiabas.com\/seguros-agrarios\/#primaryimage"},"image":{"@id":"https:\/\/urquiabas.com\/seguros-agrarios\/#primaryimage"},"thumbnailUrl":"https:\/\/urquiabas.com\/wp-content\/uploads\/2015\/05\/header-agrarios.jpg","datePublished":"2021-04-07T11:14:19+00:00","dateModified":"2026-01-15T12:02:26+00:00","description":"Protegeix-te de la incertesa del resultat de la teva collita o explotaci\u00f3, mitjan\u00e7ant una asseguran\u00e7a agr\u00e0ria combinada; et garantir\u00e0 una estabilitat als teus ingressos.","breadcrumb":{"@id":"https:\/\/urquiabas.com\/seguros-agrarios\/#breadcrumb"},"inLanguage":"ca","potentialAction":[{"@type":"ReadAction","target":["https:\/\/urquiabas.com\/seguros-agrarios\/"]}]},{"@type":"ImageObject","inLanguage":"ca","@id":"https:\/\/urquiabas.com\/seguros-agrarios\/#primaryimage","url":"https:\/\/urquiabas.com\/wp-content\/uploads\/2015\/05\/header-agrarios.jpg","contentUrl":"https:\/\/urquiabas.com\/wp-content\/uploads\/2015\/05\/header-agrarios.jpg","width":1200,"height":400,"caption":"Agrarios"},{"@type":"BreadcrumbList","@id":"https:\/\/urquiabas.com\/seguros-agrarios\/#breadcrumb","itemListElement":[{"@type":"ListItem","position":1,"name":"Portada","item":"https:\/\/urquiabas.com\/"},{"@type":"ListItem","position":2,"name":"Agraris"}]},{"@type":"WebSite","@id":"https:\/\/urquiabas.com\/#website","url":"https:\/\/urquiabas.com\/","name":"Urqu\u00eda&amp;Bas","description":"Corredur\u00eda de seguros | Lleida","publisher":{"@id":"https:\/\/urquiabas.com\/#organization"},"potentialAction":[{"@type":"SearchAction","target":{"@type":"EntryPoint","urlTemplate":"https:\/\/urquiabas.com\/?s={search_term_string}"},"query-input":{"@type":"PropertyValueSpecification","valueRequired":true,"valueName":"search_term_string"}}],"inLanguage":"ca"},{"@type":"Organization","@id":"https:\/\/urquiabas.com\/#organization","name":"Urquia & Bas S.L","url":"https:\/\/urquiabas.com\/","logo":{"@type":"ImageObject","inLanguage":"ca","@id":"https:\/\/urquiabas.com\/#\/schema\/logo\/image\/","url":"https:\/\/urquiabas.com\/wp-content\/uploads\/2018\/03\/logoubmail2018.jpg","contentUrl":"https:\/\/urquiabas.com\/wp-content\/uploads\/2018\/03\/logoubmail2018.jpg","width":258,"height":61,"caption":"Urquia & Bas S.L"},"image":{"@id":"https:\/\/urquiabas.com\/#\/schema\/logo\/image\/"},"sameAs":["https:\/\/www.facebook.com\/UrquiaBas\/","https:\/\/x.com\/BasUrquia","https:\/\/www.instagram.com\/urquiabas\/","https:\/\/www.linkedin.com\/company\/3125928\/"]}]}},"_links":{"self":[{"href":"https:\/\/urquiabas.com\/ca\/wp-json\/wp\/v2\/pages\/17203","targetHints":{"allow":["GET"]}}],"collection":[{"href":"https:\/\/urquiabas.com\/ca\/wp-json\/wp\/v2\/pages"}],"about":[{"href":"https:\/\/urquiabas.com\/ca\/wp-json\/wp\/v2\/types\/page"}],"author":[{"embeddable":true,"href":"https:\/\/urquiabas.com\/ca\/wp-json\/wp\/v2\/users\/84"}],"replies":[{"embeddable":true,"href":"https:\/\/urquiabas.com\/ca\/wp-json\/wp\/v2\/comments?post=17203"}],"version-history":[{"count":0,"href":"https:\/\/urquiabas.com\/ca\/wp-json\/wp\/v2\/pages\/17203\/revisions"}],"wp:featuredmedia":[{"embeddable":true,"href":"https:\/\/urquiabas.com\/ca\/wp-json\/wp\/v2\/media\/5870"}],"wp:attachment":[{"href":"https:\/\/urquiabas.com\/ca\/wp-json\/wp\/v2\/media?parent=17203"}],"curies":[{"name":"wp","href":"https:\/\/api.w.org\/{rel}","templated":true}]}}