{"id":17210,"date":"2021-04-07T14:15:05","date_gmt":"2021-04-07T12:15:05","guid":{"rendered":"https:\/\/dev01.urquiabas.com\/?page_id=17210"},"modified":"2025-12-03T12:56:45","modified_gmt":"2025-12-03T11:56:45","slug":"avaria-de-maquinaria","status":"publish","type":"page","link":"https:\/\/urquiabas.com\/ca\/avaria-de-maquinaria\/","title":{"rendered":"Avaria de maquin\u00e0ria"},"content":{"rendered":"\t\t<div data-elementor-type=\"wp-page\" data-elementor-id=\"17210\" class=\"elementor elementor-17210 elementor-17204\" data-elementor-post-type=\"page\">\n\t\t\t\t<div class=\"elementor-element elementor-element-76c0731b e-flex e-con-boxed e-con e-parent\" data-id=\"76c0731b\" data-element_type=\"container\" data-e-type=\"container\" data-settings=\"{&quot;background_background&quot;:&quot;classic&quot;}\">\n\t\t\t\t\t<div class=\"e-con-inner\">\n\t\t<div class=\"elementor-element elementor-element-0db168d e-con-full e-flex e-con e-child\" data-id=\"0db168d\" data-element_type=\"container\" data-e-type=\"container\" data-settings=\"{&quot;background_background&quot;:&quot;classic&quot;}\">\n\t\t\t\t<div class=\"elementor-element elementor-element-c26c087 elementor-widget elementor-widget-text-editor\" data-id=\"c26c087\" data-element_type=\"widget\" data-e-type=\"widget\" data-widget_type=\"text-editor.default\">\n\t\t\t\t\t\t\t\t\t<h3 class=\"wp-block-heading\"><span style=\"color: #4e0b2d;\">Caracter\u00edstiques de l&#8217;asseguran\u00e7a<\/span><\/h3><div id=\"ultimate-heading-41825e70b68c394a3\" class=\"uvc-heading ult-adjust-bottom-margin ultimate-heading-41825e70b68c394a3 uvc-4269\" data-hspacer=\"no_spacer\" data-halign=\"left\"><div class=\"uvc-main-heading ult-responsive\" data-ultimate-target=\".uvc-heading.ultimate-heading-41825e70b68c394a3 h2\" data-responsive-json-new=\"{\"><p><strong>Descripci\u00f3<\/strong><\/p><\/div><\/div><div class=\"wpb_text_column wpb_content_element vc_custom_1441286621820\"><div class=\"wpb_wrapper\"><p>Es garanteixen els danys produ\u00efts a la maquin\u00e0ria per fets externs com: imper\u00edcia o neglig\u00e8ncia, caigudes, impactes, danys per l&#8217;electricitat, obstrucci\u00f3 de cossos estranys, afluixament de peces, errors de disseny, c\u00e0lcul o muntatge, etc.<\/p><\/div><\/div>\t\t\t\t\t\t\t\t<\/div>\n\t\t\t\t<\/div>\n\t\t<div class=\"elementor-element elementor-element-1444de4 e-con-full e-flex e-con e-child\" data-id=\"1444de4\" data-element_type=\"container\" data-e-type=\"container\" data-settings=\"{&quot;background_background&quot;:&quot;classic&quot;}\">\n\t\t\t\t<div class=\"elementor-element elementor-element-abcb6ae elementor-widget elementor-widget-text-editor\" data-id=\"abcb6ae\" data-element_type=\"widget\" data-e-type=\"widget\" data-widget_type=\"text-editor.default\">\n\t\t\t\t\t\t\t\t\t<div class=\"wpb_text_column wpb_content_element vc_custom_1441286621820\"><div class=\"wpb_wrapper\"><h3><strong>Avantatges<\/strong><\/h3><p>La maquin\u00e0ria pot patir una s\u00e8rie de danys molt espec\u00edfics i diferents dels que es cobreixen per les garanties comunes de les assegurances multirisc. Hi ha maquines especialment sensibles en part o la seva totalitat que interessa assegurar. El trencament duna pe\u00e7a pot ocasionar danys importants a la pr\u00f2pia m\u00e0quina.<\/p><\/div><\/div>\t\t\t\t\t\t\t\t<\/div>\n\t\t\t\t<\/div>\n\t\t<div class=\"elementor-element elementor-element-c1c8b75 e-con-full e-flex e-con e-child\" data-id=\"c1c8b75\" data-element_type=\"container\" data-e-type=\"container\" data-settings=\"{&quot;background_background&quot;:&quot;classic&quot;}\">\n\t\t\t\t<div class=\"elementor-element elementor-element-6acff0dd elementor-widget elementor-widget-text-editor\" data-id=\"6acff0dd\" data-element_type=\"widget\" data-e-type=\"widget\" data-widget_type=\"text-editor.default\">\n\t\t\t\t\t\t\t\t\t<div class=\"wpb_text_column wpb_content_element vc_custom_1441286621820\"><h3 class=\"wpb_wrapper\">Com puc ajudar-te?<\/h3><\/div><p>Deixa&#8217;m les teves dades i em posar\u00e9 en contacte amb tu al m\u00e9s aviat possible.<\/p>\t\t\t\t\t\t\t\t<\/div>\n\t\t\t\t<div class=\"elementor-element elementor-element-0aab510 elementor-widget elementor-widget-text-editor\" data-id=\"0aab510\" data-element_type=\"widget\" data-e-type=\"widget\" data-widget_type=\"text-editor.default\">\n\t\t\t\t\t\t\t\t\t<p><iframe id=\"tarificador\" class=\"w-full\" src=\"http:\/\/tarificadores.urquiabas.com\/forms\/averiamaquina?h=0\"><\/iframe><\/p>\t\t\t\t\t\t\t\t<\/div>\n\t\t\t\t<\/div>\n\t\t\t\t\t<\/div>\n\t\t\t\t<\/div>\n\t\t\t\t<\/div>\n\t\t","protected":false},"excerpt":{"rendered":"<p>Caracter\u00edstiques de l&#8217;asseguran\u00e7a Descripci\u00f3 Es garanteixen els danys produ\u00efts a la maquin\u00e0ria per fets externs com: imper\u00edcia o neglig\u00e8ncia, caigudes, impactes, danys per l&#8217;electricitat, obstrucci\u00f3 de cossos estranys, afluixament de peces, errors de disseny, c\u00e0lcul o muntatge, etc. Avantatges La maquin\u00e0ria pot patir una s\u00e8rie de danys molt espec\u00edfics i diferents dels que es cobreixen [&hellip;]<\/p>\n","protected":false},"author":84,"featured_media":5896,"parent":0,"menu_order":0,"comment_status":"closed","ping_status":"closed","template":"","meta":{"_acf_changed":true,"inline_featured_image":false,"footnotes":""},"class_list":["post-17210","page","type-page","status-publish","has-post-thumbnail","hentry"],"acf":{"contacte":"tena","responsable":"Xavier Tena","descripcio_contacte":"","text_responsable":"Soy Xavier, ingeniero electr\u00f3nico industrial y con un m\u00e1ster en direcci\u00f3n de empresas. Me uno a Urqu\u00eda&Bas para apoyar a nuestros clientes m\u00e1s exigentes: las empresas. En mi tiempo libre disfruto del cine, la lectura, la monta\u00f1a y la buena comida. Me considero una persona abierta y con ganas de aprender.","contacte_responsable_telefon":"635 36 22 17","odoo":"https:\/\/tarificadores.urquiabas.com\/forms\/contacto\/?u=24&o=1&h=0","cta":"\u00a1Calcula y contrata!","foto_responsable":"https:\/\/urquiabas.com\/wp-content\/uploads\/2023\/11\/BG_XTena-scaled.jpg","titulo":"Asseguran\u00e7a d'avaria de maquin\u00e0ria","id_nex":"330","contacte_responsable_email":"xaviertena@urquiabas.com"},"yoast_head":"<!-- This site is optimized with the Yoast SEO plugin v27.4 - https:\/\/yoast.com\/product\/yoast-seo-wordpress\/ -->\n<title>Avaria de maquin\u00e0ria - Urqu\u00eda&amp;Bas<\/title>\n<meta name=\"description\" content=\"Assegura la teva maquin\u00e0ria, fixa o port\u00e0til, dels riscos que li poden ocasionar danys; com ara caiguda, impacte, col\u00b7lisi\u00f3, incendi, robatori, vandalisme, etc.\" \/>\n<meta name=\"robots\" content=\"index, follow, max-snippet:-1, max-image-preview:large, max-video-preview:-1\" \/>\n<link rel=\"canonical\" href=\"https:\/\/urquiabas.com\/seguro-averia-maquinaria\/\" \/>\n<meta property=\"og:locale\" content=\"ca_ES\" \/>\n<meta property=\"og:type\" content=\"article\" \/>\n<meta property=\"og:title\" content=\"Avaria de maquin\u00e0ria - Urqu\u00eda&amp;Bas\" \/>\n<meta property=\"og:description\" content=\"Assegura la teva maquin\u00e0ria, fixa o port\u00e0til, dels riscos que li poden ocasionar danys; com ara caiguda, impacte, col\u00b7lisi\u00f3, incendi, robatori, vandalisme, etc.\" \/>\n<meta property=\"og:url\" content=\"https:\/\/urquiabas.com\/seguro-averia-maquinaria\/\" \/>\n<meta property=\"og:site_name\" content=\"Urqu\u00eda&amp;Bas\" \/>\n<meta property=\"article:publisher\" content=\"https:\/\/www.facebook.com\/UrquiaBas\/\" \/>\n<meta property=\"article:modified_time\" content=\"2025-12-03T11:56:45+00:00\" \/>\n<meta property=\"og:image\" content=\"https:\/\/urquiabas.com\/wp-content\/uploads\/2015\/05\/header-averia-maquinaria.jpg\" \/>\n\t<meta property=\"og:image:width\" content=\"1200\" \/>\n\t<meta property=\"og:image:height\" content=\"400\" \/>\n\t<meta property=\"og:image:type\" content=\"image\/jpeg\" \/>\n<meta name=\"twitter:card\" content=\"summary_large_image\" \/>\n<meta name=\"twitter:site\" content=\"@BasUrquia\" \/>\n<meta name=\"twitter:label1\" content=\"Temps estimat de lectura\" \/>\n\t<meta name=\"twitter:data1\" content=\"1 minut\" \/>\n<script type=\"application\/ld+json\" class=\"yoast-schema-graph\">{\"@context\":\"https:\\\/\\\/schema.org\",\"@graph\":[{\"@type\":\"WebPage\",\"@id\":\"https:\\\/\\\/urquiabas.com\\\/seguro-averia-maquinaria\\\/\",\"url\":\"https:\\\/\\\/urquiabas.com\\\/seguro-averia-maquinaria\\\/\",\"name\":\"Avaria de maquin\u00e0ria - Urqu\u00eda&amp;Bas\",\"isPartOf\":{\"@id\":\"https:\\\/\\\/urquiabas.com\\\/#website\"},\"primaryImageOfPage\":{\"@id\":\"https:\\\/\\\/urquiabas.com\\\/seguro-averia-maquinaria\\\/#primaryimage\"},\"image\":{\"@id\":\"https:\\\/\\\/urquiabas.com\\\/seguro-averia-maquinaria\\\/#primaryimage\"},\"thumbnailUrl\":\"https:\\\/\\\/urquiabas.com\\\/wp-content\\\/uploads\\\/2015\\\/05\\\/header-averia-maquinaria.jpg\",\"datePublished\":\"2021-04-07T12:15:05+00:00\",\"dateModified\":\"2025-12-03T11:56:45+00:00\",\"description\":\"Assegura la teva maquin\u00e0ria, fixa o port\u00e0til, dels riscos que li poden ocasionar danys; com ara caiguda, impacte, col\u00b7lisi\u00f3, incendi, robatori, vandalisme, etc.\",\"breadcrumb\":{\"@id\":\"https:\\\/\\\/urquiabas.com\\\/seguro-averia-maquinaria\\\/#breadcrumb\"},\"inLanguage\":\"ca\",\"potentialAction\":[{\"@type\":\"ReadAction\",\"target\":[\"https:\\\/\\\/urquiabas.com\\\/seguro-averia-maquinaria\\\/\"]}]},{\"@type\":\"ImageObject\",\"inLanguage\":\"ca\",\"@id\":\"https:\\\/\\\/urquiabas.com\\\/seguro-averia-maquinaria\\\/#primaryimage\",\"url\":\"https:\\\/\\\/urquiabas.com\\\/wp-content\\\/uploads\\\/2015\\\/05\\\/header-averia-maquinaria.jpg\",\"contentUrl\":\"https:\\\/\\\/urquiabas.com\\\/wp-content\\\/uploads\\\/2015\\\/05\\\/header-averia-maquinaria.jpg\",\"width\":1200,\"height\":400,\"caption\":\"Aver\u00eda de maquinaria\"},{\"@type\":\"BreadcrumbList\",\"@id\":\"https:\\\/\\\/urquiabas.com\\\/seguro-averia-maquinaria\\\/#breadcrumb\",\"itemListElement\":[{\"@type\":\"ListItem\",\"position\":1,\"name\":\"Portada\",\"item\":\"https:\\\/\\\/urquiabas.com\\\/\"},{\"@type\":\"ListItem\",\"position\":2,\"name\":\"Avaria de maquin\u00e0ria\"}]},{\"@type\":\"WebSite\",\"@id\":\"https:\\\/\\\/urquiabas.com\\\/#website\",\"url\":\"https:\\\/\\\/urquiabas.com\\\/\",\"name\":\"Urqu\u00eda&amp;Bas\",\"description\":\"Corredur\u00eda de seguros | Lleida\",\"publisher\":{\"@id\":\"https:\\\/\\\/urquiabas.com\\\/#organization\"},\"potentialAction\":[{\"@type\":\"SearchAction\",\"target\":{\"@type\":\"EntryPoint\",\"urlTemplate\":\"https:\\\/\\\/urquiabas.com\\\/?s={search_term_string}\"},\"query-input\":{\"@type\":\"PropertyValueSpecification\",\"valueRequired\":true,\"valueName\":\"search_term_string\"}}],\"inLanguage\":\"ca\"},{\"@type\":\"Organization\",\"@id\":\"https:\\\/\\\/urquiabas.com\\\/#organization\",\"name\":\"Urquia & Bas S.L\",\"url\":\"https:\\\/\\\/urquiabas.com\\\/\",\"logo\":{\"@type\":\"ImageObject\",\"inLanguage\":\"ca\",\"@id\":\"https:\\\/\\\/urquiabas.com\\\/#\\\/schema\\\/logo\\\/image\\\/\",\"url\":\"https:\\\/\\\/urquiabas.com\\\/wp-content\\\/uploads\\\/2018\\\/03\\\/logoubmail2018.jpg\",\"contentUrl\":\"https:\\\/\\\/urquiabas.com\\\/wp-content\\\/uploads\\\/2018\\\/03\\\/logoubmail2018.jpg\",\"width\":258,\"height\":61,\"caption\":\"Urquia & Bas S.L\"},\"image\":{\"@id\":\"https:\\\/\\\/urquiabas.com\\\/#\\\/schema\\\/logo\\\/image\\\/\"},\"sameAs\":[\"https:\\\/\\\/www.facebook.com\\\/UrquiaBas\\\/\",\"https:\\\/\\\/x.com\\\/BasUrquia\",\"https:\\\/\\\/www.instagram.com\\\/urquiabas\\\/\",\"https:\\\/\\\/www.linkedin.com\\\/company\\\/3125928\\\/\"]}]}<\/script>\n<!-- \/ Yoast SEO plugin. -->","yoast_head_json":{"title":"Avaria de maquin\u00e0ria - Urqu\u00eda&amp;Bas","description":"Assegura la teva maquin\u00e0ria, fixa o port\u00e0til, dels riscos que li poden ocasionar danys; com ara caiguda, impacte, col\u00b7lisi\u00f3, incendi, robatori, vandalisme, etc.","robots":{"index":"index","follow":"follow","max-snippet":"max-snippet:-1","max-image-preview":"max-image-preview:large","max-video-preview":"max-video-preview:-1"},"canonical":"https:\/\/urquiabas.com\/seguro-averia-maquinaria\/","og_locale":"ca_ES","og_type":"article","og_title":"Avaria de maquin\u00e0ria - Urqu\u00eda&amp;Bas","og_description":"Assegura la teva maquin\u00e0ria, fixa o port\u00e0til, dels riscos que li poden ocasionar danys; com ara caiguda, impacte, col\u00b7lisi\u00f3, incendi, robatori, vandalisme, etc.","og_url":"https:\/\/urquiabas.com\/seguro-averia-maquinaria\/","og_site_name":"Urqu\u00eda&amp;Bas","article_publisher":"https:\/\/www.facebook.com\/UrquiaBas\/","article_modified_time":"2025-12-03T11:56:45+00:00","og_image":[{"width":1200,"height":400,"url":"https:\/\/urquiabas.com\/wp-content\/uploads\/2015\/05\/header-averia-maquinaria.jpg","type":"image\/jpeg"}],"twitter_card":"summary_large_image","twitter_site":"@BasUrquia","twitter_misc":{"Temps estimat de lectura":"1 minut"},"schema":{"@context":"https:\/\/schema.org","@graph":[{"@type":"WebPage","@id":"https:\/\/urquiabas.com\/seguro-averia-maquinaria\/","url":"https:\/\/urquiabas.com\/seguro-averia-maquinaria\/","name":"Avaria de maquin\u00e0ria - Urqu\u00eda&amp;Bas","isPartOf":{"@id":"https:\/\/urquiabas.com\/#website"},"primaryImageOfPage":{"@id":"https:\/\/urquiabas.com\/seguro-averia-maquinaria\/#primaryimage"},"image":{"@id":"https:\/\/urquiabas.com\/seguro-averia-maquinaria\/#primaryimage"},"thumbnailUrl":"https:\/\/urquiabas.com\/wp-content\/uploads\/2015\/05\/header-averia-maquinaria.jpg","datePublished":"2021-04-07T12:15:05+00:00","dateModified":"2025-12-03T11:56:45+00:00","description":"Assegura la teva maquin\u00e0ria, fixa o port\u00e0til, dels riscos que li poden ocasionar danys; com ara caiguda, impacte, col\u00b7lisi\u00f3, incendi, robatori, vandalisme, etc.","breadcrumb":{"@id":"https:\/\/urquiabas.com\/seguro-averia-maquinaria\/#breadcrumb"},"inLanguage":"ca","potentialAction":[{"@type":"ReadAction","target":["https:\/\/urquiabas.com\/seguro-averia-maquinaria\/"]}]},{"@type":"ImageObject","inLanguage":"ca","@id":"https:\/\/urquiabas.com\/seguro-averia-maquinaria\/#primaryimage","url":"https:\/\/urquiabas.com\/wp-content\/uploads\/2015\/05\/header-averia-maquinaria.jpg","contentUrl":"https:\/\/urquiabas.com\/wp-content\/uploads\/2015\/05\/header-averia-maquinaria.jpg","width":1200,"height":400,"caption":"Aver\u00eda de maquinaria"},{"@type":"BreadcrumbList","@id":"https:\/\/urquiabas.com\/seguro-averia-maquinaria\/#breadcrumb","itemListElement":[{"@type":"ListItem","position":1,"name":"Portada","item":"https:\/\/urquiabas.com\/"},{"@type":"ListItem","position":2,"name":"Avaria de maquin\u00e0ria"}]},{"@type":"WebSite","@id":"https:\/\/urquiabas.com\/#website","url":"https:\/\/urquiabas.com\/","name":"Urqu\u00eda&amp;Bas","description":"Corredur\u00eda de seguros | Lleida","publisher":{"@id":"https:\/\/urquiabas.com\/#organization"},"potentialAction":[{"@type":"SearchAction","target":{"@type":"EntryPoint","urlTemplate":"https:\/\/urquiabas.com\/?s={search_term_string}"},"query-input":{"@type":"PropertyValueSpecification","valueRequired":true,"valueName":"search_term_string"}}],"inLanguage":"ca"},{"@type":"Organization","@id":"https:\/\/urquiabas.com\/#organization","name":"Urquia & Bas S.L","url":"https:\/\/urquiabas.com\/","logo":{"@type":"ImageObject","inLanguage":"ca","@id":"https:\/\/urquiabas.com\/#\/schema\/logo\/image\/","url":"https:\/\/urquiabas.com\/wp-content\/uploads\/2018\/03\/logoubmail2018.jpg","contentUrl":"https:\/\/urquiabas.com\/wp-content\/uploads\/2018\/03\/logoubmail2018.jpg","width":258,"height":61,"caption":"Urquia & Bas S.L"},"image":{"@id":"https:\/\/urquiabas.com\/#\/schema\/logo\/image\/"},"sameAs":["https:\/\/www.facebook.com\/UrquiaBas\/","https:\/\/x.com\/BasUrquia","https:\/\/www.instagram.com\/urquiabas\/","https:\/\/www.linkedin.com\/company\/3125928\/"]}]}},"_links":{"self":[{"href":"https:\/\/urquiabas.com\/ca\/wp-json\/wp\/v2\/pages\/17210","targetHints":{"allow":["GET"]}}],"collection":[{"href":"https:\/\/urquiabas.com\/ca\/wp-json\/wp\/v2\/pages"}],"about":[{"href":"https:\/\/urquiabas.com\/ca\/wp-json\/wp\/v2\/types\/page"}],"author":[{"embeddable":true,"href":"https:\/\/urquiabas.com\/ca\/wp-json\/wp\/v2\/users\/84"}],"replies":[{"embeddable":true,"href":"https:\/\/urquiabas.com\/ca\/wp-json\/wp\/v2\/comments?post=17210"}],"version-history":[{"count":0,"href":"https:\/\/urquiabas.com\/ca\/wp-json\/wp\/v2\/pages\/17210\/revisions"}],"wp:featuredmedia":[{"embeddable":true,"href":"https:\/\/urquiabas.com\/ca\/wp-json\/wp\/v2\/media\/5896"}],"wp:attachment":[{"href":"https:\/\/urquiabas.com\/ca\/wp-json\/wp\/v2\/media?parent=17210"}],"curies":[{"name":"wp","href":"https:\/\/api.w.org\/{rel}","templated":true}]}}