{"id":17236,"date":"2021-04-08T16:42:19","date_gmt":"2021-04-08T14:42:19","guid":{"rendered":"https:\/\/dev01.urquiabas.com\/?page_id=17236"},"modified":"2025-12-02T09:59:09","modified_gmt":"2025-12-02T08:59:09","slug":"flota-de-vehicles","status":"publish","type":"page","link":"https:\/\/urquiabas.com\/ca\/flota-de-vehicles\/","title":{"rendered":"Flota de vehicles"},"content":{"rendered":"\t\t<div data-elementor-type=\"wp-page\" data-elementor-id=\"17236\" class=\"elementor elementor-17236 elementor-17234\" data-elementor-post-type=\"page\">\n\t\t\t\t<div class=\"elementor-element elementor-element-42af1e0c e-flex e-con-boxed e-con e-parent\" data-id=\"42af1e0c\" data-element_type=\"container\" data-e-type=\"container\" data-settings=\"{&quot;background_background&quot;:&quot;classic&quot;}\">\n\t\t\t\t\t<div class=\"e-con-inner\">\n\t\t<div class=\"elementor-element elementor-element-fdd0ba8 e-con-full e-flex e-con e-child\" data-id=\"fdd0ba8\" data-element_type=\"container\" data-e-type=\"container\" data-settings=\"{&quot;background_background&quot;:&quot;classic&quot;}\">\n\t\t\t\t<div class=\"elementor-element elementor-element-1def8258 elementor-widget elementor-widget-text-editor\" data-id=\"1def8258\" data-element_type=\"widget\" data-e-type=\"widget\" data-widget_type=\"text-editor.default\">\n\t\t\t\t\t\t\t\t\t\n<p>L&#8217;acte de conduir implica el risc d&#8217;inc\u00f3rrer en responsabilitats davant de terceres persones com a conductors, vianants o ocupants del teu vehicle. Per aix\u00f2, la llei obliga a disposar d&#8217;una asseguran\u00e7a obligat\u00f2ria de responsabilitat civil per als vehicles de motor, matriculats o no, que cobreixi els danys personals i materials fins a imports fixats legalment.<\/p>\n\n<p>M\u00e9s enll\u00e0 de la cobertura obligat\u00f2ria, n&#8217;hi ha d&#8217;altres de car\u00e0cter opcional com ara els accidents del conductor i els ocupants, l&#8217;assist\u00e8ncia en viatge, els vidres, la defensa, la reclamaci\u00f3 de danys, els danys del vehicle mateix, l&#8217;incendi i el robatori.<\/p>\n\n<p>El preu d&#8217;aquesta asseguran\u00e7a es calcula amb variables com ara: nombre de vehicles, zona de circulaci\u00f3, tipus, pes, pot\u00e8ncia, valor del vehicle i \u00fas a qu\u00e8 es destina; i tamb\u00e9 segons l&#8217;edat, el sexe, l&#8217;antiguitat del carnet i els antecedents sinistrals del conductor.<\/p>\n\n<p><strong>Queden exclosos d&#8217;aquest producte les flotes corresponents a compravendes, concessionaris, tallers d&#8217;autom\u00f2bils i flotes de vehicles de lloguer<\/strong><\/p>\n\t\t\t\t\t\t\t\t<\/div>\n\t\t\t\t<\/div>\n\t\t<div class=\"elementor-element elementor-element-a4d415a e-con-full e-flex e-con e-child\" data-id=\"a4d415a\" data-element_type=\"container\" data-e-type=\"container\" data-settings=\"{&quot;background_background&quot;:&quot;classic&quot;}\">\n\t\t\t\t<div class=\"elementor-element elementor-element-a762501 elementor-widget elementor-widget-text-editor\" data-id=\"a762501\" data-element_type=\"widget\" data-e-type=\"widget\" data-widget_type=\"text-editor.default\">\n\t\t\t\t\t\t\t\t\t<h3>Avantatges<\/h3><p>La vostra empresa necessita un programa espec\u00edfic que s&#8217;ajusti a les caracter\u00edstiques de la vostra flota de vehicles. Podem oferir-te una asseguran\u00e7a amb personalitzaci\u00f3 de les tarifes, adaptada a les seves necessitats, que garanteixi l&#8217;estabilitat del teu negoci i te de la tranquil\u00b7litat de tenir cobert fins al m\u00ednim detall.<br>A m\u00e9s de la pr\u00f2pia asseguran\u00e7a de circulaci\u00f3, podem donar cobertures en cas d&#8217;incendi, explosi\u00f3, trencament de vidres, danys materials parcials, robatori i p\u00e8rdua total del vehicle.<\/p><p>En disposar d&#8217;un sol contracte i un \u00fanic venciment, et facilita extraordin\u00e0riament la gesti\u00f3 de la flota i, el que \u00e9s m\u00e9s important, pots fer cada any les provisions necess\u00e0ries sabent que no hi haur\u00e0 un increment de costos m\u00e9s enll\u00e0 del conegut a l&#8217;inici de l&#8217;any i que , actuant en la millora dels resultats sinistrals t&#8217;afavoreixes en cada renovaci\u00f3 anual de l&#8217;asseguran\u00e7a.<b><\/b><\/p><p>Regularment revisem el preu de l&#8217;asseguran\u00e7a, comparant-ho amb altres companyies i et proposem el canvi si la difer\u00e8ncia valgu\u00e9s la pena.<\/p>\t\t\t\t\t\t\t\t<\/div>\n\t\t<div class=\"elementor-element elementor-element-9bf6ac9 e-con-full e-flex e-con e-child\" data-id=\"9bf6ac9\" data-element_type=\"container\" data-e-type=\"container\" data-settings=\"{&quot;background_background&quot;:&quot;classic&quot;}\">\n\t\t\t\t<div class=\"elementor-element elementor-element-4802432 elementor-widget elementor-widget-text-editor\" data-id=\"4802432\" data-element_type=\"widget\" data-e-type=\"widget\" data-widget_type=\"text-editor.default\">\n\t\t\t\t\t\t\t\t\t<h3 class=\"wp-block-heading\">Com puc ajudar-te?<\/h3><p>Deixa&#8217;m les teves dades i em posar\u00e9 en contacte amb tu al m\u00e9s aviat possible.<\/p>\t\t\t\t\t\t\t\t<\/div>\n\t\t\t\t<\/div>\n\t\t\t\t<div class=\"elementor-element elementor-element-267fb8d elementor-widget elementor-widget-text-editor\" data-id=\"267fb8d\" data-element_type=\"widget\" data-e-type=\"widget\" data-widget_type=\"text-editor.default\">\n\t\t\t\t\t\t\t\t\t<iframe id=\"tarificador\" class=\"w-full\" style=\"height: 360px\" src=\"http:\/\/tarificadores.urquiabas.com\/forms\/Flota%20de%20veh%C3%ADculos?h=0\" frameborder=\"0\" allowfullscreen=\"\"><\/iframe>\t\t\t\t\t\t\t\t<\/div>\n\t\t\t\t<\/div>\n\t\t\t\t\t<\/div>\n\t\t\t\t<\/div>\n\t\t\t\t<\/div>\n\t\t","protected":false},"excerpt":{"rendered":"<p>L&#8217;acte de conduir implica el risc d&#8217;inc\u00f3rrer en responsabilitats davant de terceres persones com a conductors, vianants o ocupants del teu vehicle. Per aix\u00f2, la llei obliga a disposar d&#8217;una asseguran\u00e7a obligat\u00f2ria de responsabilitat civil per als vehicles de motor, matriculats o no, que cobreixi els danys personals i materials fins a imports fixats legalment. [&hellip;]<\/p>\n","protected":false},"author":84,"featured_media":17217,"parent":0,"menu_order":0,"comment_status":"closed","ping_status":"closed","template":"","meta":{"_acf_changed":false,"inline_featured_image":false,"footnotes":""},"class_list":["post-17236","page","type-page","status-publish","has-post-thumbnail","hentry"],"acf":{"contacte":"ramon","foto_responsable":"https:\/\/urquiabas.com\/wp-content\/uploads\/2023\/11\/BG_Yurena-2-scaled.jpg","titulo":"Asseguran\u00e7a per a Flotes de vehicles","id_nex":"330","odoo":"https:\/\/tarificadores.urquiabas.com\/forms\/contacto\/?u=24&o=1&h=0","descripcio_contacte":"Producci\u00f3 i Suplements","contacte_responsable_telefon":"621 27 79 94","contacte_responsable_email":"yurena.alvarez@urquiabas.com","responsable":"Yurena \u00c1lvarez","cta":"\u00a1Calcula i contracta!"},"yoast_head":"<!-- This site is optimized with the Yoast SEO plugin v27.4 - https:\/\/yoast.com\/product\/yoast-seo-wordpress\/ -->\n<title>Flota de vehicles - Urqu\u00eda&amp;Bas<\/title>\n<meta name=\"description\" content=\"Assegura la teva flota de vehicles de danys a tercers i\/o de danys propis, amb la comoditat de gestionar-la mitjan\u00e7ant una \u00fanica p\u00f2lissa que cobreixi tots ells.\" \/>\n<meta name=\"robots\" content=\"index, follow, max-snippet:-1, max-image-preview:large, max-video-preview:-1\" \/>\n<link rel=\"canonical\" href=\"https:\/\/urquiabas.com\/ca\/flota-de-vehicles\/\" \/>\n<meta property=\"og:locale\" content=\"ca_ES\" \/>\n<meta property=\"og:type\" content=\"article\" \/>\n<meta property=\"og:title\" content=\"Flota de vehicles - Urqu\u00eda&amp;Bas\" \/>\n<meta property=\"og:description\" content=\"Assegura la teva flota de vehicles de danys a tercers i\/o de danys propis, amb la comoditat de gestionar-la mitjan\u00e7ant una \u00fanica p\u00f2lissa que cobreixi tots ells.\" \/>\n<meta property=\"og:url\" content=\"https:\/\/urquiabas.com\/ca\/flota-de-vehicles\/\" \/>\n<meta property=\"og:site_name\" content=\"Urqu\u00eda&amp;Bas\" \/>\n<meta property=\"article:publisher\" content=\"https:\/\/www.facebook.com\/UrquiaBas\/\" \/>\n<meta property=\"article:modified_time\" content=\"2025-12-02T08:59:09+00:00\" \/>\n<meta property=\"og:image\" content=\"https:\/\/urquiabas.com\/wp-content\/uploads\/2021\/04\/Header_flotas_vehiculos_new.jpg\" \/>\n\t<meta property=\"og:image:width\" content=\"1920\" \/>\n\t<meta property=\"og:image:height\" content=\"667\" \/>\n\t<meta property=\"og:image:type\" content=\"image\/jpeg\" \/>\n<meta name=\"twitter:card\" content=\"summary_large_image\" \/>\n<meta name=\"twitter:site\" content=\"@BasUrquia\" \/>\n<meta name=\"twitter:label1\" content=\"Temps estimat de lectura\" \/>\n\t<meta name=\"twitter:data1\" content=\"2 minuts\" \/>\n<script type=\"application\/ld+json\" class=\"yoast-schema-graph\">{\"@context\":\"https:\\\/\\\/schema.org\",\"@graph\":[{\"@type\":\"WebPage\",\"@id\":\"https:\\\/\\\/urquiabas.com\\\/ca\\\/flota-de-vehicles\\\/\",\"url\":\"https:\\\/\\\/urquiabas.com\\\/ca\\\/flota-de-vehicles\\\/\",\"name\":\"Flota de vehicles - Urqu\u00eda&amp;Bas\",\"isPartOf\":{\"@id\":\"https:\\\/\\\/urquiabas.com\\\/#website\"},\"primaryImageOfPage\":{\"@id\":\"https:\\\/\\\/urquiabas.com\\\/ca\\\/flota-de-vehicles\\\/#primaryimage\"},\"image\":{\"@id\":\"https:\\\/\\\/urquiabas.com\\\/ca\\\/flota-de-vehicles\\\/#primaryimage\"},\"thumbnailUrl\":\"https:\\\/\\\/urquiabas.com\\\/wp-content\\\/uploads\\\/2021\\\/04\\\/Header_flotas_vehiculos_new.jpg\",\"datePublished\":\"2021-04-08T14:42:19+00:00\",\"dateModified\":\"2025-12-02T08:59:09+00:00\",\"description\":\"Assegura la teva flota de vehicles de danys a tercers i\\\/o de danys propis, amb la comoditat de gestionar-la mitjan\u00e7ant una \u00fanica p\u00f2lissa que cobreixi tots ells.\",\"breadcrumb\":{\"@id\":\"https:\\\/\\\/urquiabas.com\\\/ca\\\/flota-de-vehicles\\\/#breadcrumb\"},\"inLanguage\":\"ca\",\"potentialAction\":[{\"@type\":\"ReadAction\",\"target\":[\"https:\\\/\\\/urquiabas.com\\\/ca\\\/flota-de-vehicles\\\/\"]}]},{\"@type\":\"ImageObject\",\"inLanguage\":\"ca\",\"@id\":\"https:\\\/\\\/urquiabas.com\\\/ca\\\/flota-de-vehicles\\\/#primaryimage\",\"url\":\"https:\\\/\\\/urquiabas.com\\\/wp-content\\\/uploads\\\/2021\\\/04\\\/Header_flotas_vehiculos_new.jpg\",\"contentUrl\":\"https:\\\/\\\/urquiabas.com\\\/wp-content\\\/uploads\\\/2021\\\/04\\\/Header_flotas_vehiculos_new.jpg\",\"width\":1920,\"height\":667,\"caption\":\"Flota de veh\u00edculos\"},{\"@type\":\"BreadcrumbList\",\"@id\":\"https:\\\/\\\/urquiabas.com\\\/ca\\\/flota-de-vehicles\\\/#breadcrumb\",\"itemListElement\":[{\"@type\":\"ListItem\",\"position\":1,\"name\":\"Portada\",\"item\":\"https:\\\/\\\/urquiabas.com\\\/\"},{\"@type\":\"ListItem\",\"position\":2,\"name\":\"Flota de vehicles\"}]},{\"@type\":\"WebSite\",\"@id\":\"https:\\\/\\\/urquiabas.com\\\/#website\",\"url\":\"https:\\\/\\\/urquiabas.com\\\/\",\"name\":\"Urqu\u00eda&amp;Bas\",\"description\":\"Corredur\u00eda de seguros | Lleida\",\"publisher\":{\"@id\":\"https:\\\/\\\/urquiabas.com\\\/#organization\"},\"potentialAction\":[{\"@type\":\"SearchAction\",\"target\":{\"@type\":\"EntryPoint\",\"urlTemplate\":\"https:\\\/\\\/urquiabas.com\\\/?s={search_term_string}\"},\"query-input\":{\"@type\":\"PropertyValueSpecification\",\"valueRequired\":true,\"valueName\":\"search_term_string\"}}],\"inLanguage\":\"ca\"},{\"@type\":\"Organization\",\"@id\":\"https:\\\/\\\/urquiabas.com\\\/#organization\",\"name\":\"Urquia & Bas S.L\",\"url\":\"https:\\\/\\\/urquiabas.com\\\/\",\"logo\":{\"@type\":\"ImageObject\",\"inLanguage\":\"ca\",\"@id\":\"https:\\\/\\\/urquiabas.com\\\/#\\\/schema\\\/logo\\\/image\\\/\",\"url\":\"https:\\\/\\\/urquiabas.com\\\/wp-content\\\/uploads\\\/2018\\\/03\\\/logoubmail2018.jpg\",\"contentUrl\":\"https:\\\/\\\/urquiabas.com\\\/wp-content\\\/uploads\\\/2018\\\/03\\\/logoubmail2018.jpg\",\"width\":258,\"height\":61,\"caption\":\"Urquia & Bas S.L\"},\"image\":{\"@id\":\"https:\\\/\\\/urquiabas.com\\\/#\\\/schema\\\/logo\\\/image\\\/\"},\"sameAs\":[\"https:\\\/\\\/www.facebook.com\\\/UrquiaBas\\\/\",\"https:\\\/\\\/x.com\\\/BasUrquia\",\"https:\\\/\\\/www.instagram.com\\\/urquiabas\\\/\",\"https:\\\/\\\/www.linkedin.com\\\/company\\\/3125928\\\/\"]}]}<\/script>\n<!-- \/ Yoast SEO plugin. -->","yoast_head_json":{"title":"Flota de vehicles - Urqu\u00eda&amp;Bas","description":"Assegura la teva flota de vehicles de danys a tercers i\/o de danys propis, amb la comoditat de gestionar-la mitjan\u00e7ant una \u00fanica p\u00f2lissa que cobreixi tots ells.","robots":{"index":"index","follow":"follow","max-snippet":"max-snippet:-1","max-image-preview":"max-image-preview:large","max-video-preview":"max-video-preview:-1"},"canonical":"https:\/\/urquiabas.com\/ca\/flota-de-vehicles\/","og_locale":"ca_ES","og_type":"article","og_title":"Flota de vehicles - Urqu\u00eda&amp;Bas","og_description":"Assegura la teva flota de vehicles de danys a tercers i\/o de danys propis, amb la comoditat de gestionar-la mitjan\u00e7ant una \u00fanica p\u00f2lissa que cobreixi tots ells.","og_url":"https:\/\/urquiabas.com\/ca\/flota-de-vehicles\/","og_site_name":"Urqu\u00eda&amp;Bas","article_publisher":"https:\/\/www.facebook.com\/UrquiaBas\/","article_modified_time":"2025-12-02T08:59:09+00:00","og_image":[{"width":1920,"height":667,"url":"https:\/\/urquiabas.com\/wp-content\/uploads\/2021\/04\/Header_flotas_vehiculos_new.jpg","type":"image\/jpeg"}],"twitter_card":"summary_large_image","twitter_site":"@BasUrquia","twitter_misc":{"Temps estimat de lectura":"2 minuts"},"schema":{"@context":"https:\/\/schema.org","@graph":[{"@type":"WebPage","@id":"https:\/\/urquiabas.com\/ca\/flota-de-vehicles\/","url":"https:\/\/urquiabas.com\/ca\/flota-de-vehicles\/","name":"Flota de vehicles - Urqu\u00eda&amp;Bas","isPartOf":{"@id":"https:\/\/urquiabas.com\/#website"},"primaryImageOfPage":{"@id":"https:\/\/urquiabas.com\/ca\/flota-de-vehicles\/#primaryimage"},"image":{"@id":"https:\/\/urquiabas.com\/ca\/flota-de-vehicles\/#primaryimage"},"thumbnailUrl":"https:\/\/urquiabas.com\/wp-content\/uploads\/2021\/04\/Header_flotas_vehiculos_new.jpg","datePublished":"2021-04-08T14:42:19+00:00","dateModified":"2025-12-02T08:59:09+00:00","description":"Assegura la teva flota de vehicles de danys a tercers i\/o de danys propis, amb la comoditat de gestionar-la mitjan\u00e7ant una \u00fanica p\u00f2lissa que cobreixi tots ells.","breadcrumb":{"@id":"https:\/\/urquiabas.com\/ca\/flota-de-vehicles\/#breadcrumb"},"inLanguage":"ca","potentialAction":[{"@type":"ReadAction","target":["https:\/\/urquiabas.com\/ca\/flota-de-vehicles\/"]}]},{"@type":"ImageObject","inLanguage":"ca","@id":"https:\/\/urquiabas.com\/ca\/flota-de-vehicles\/#primaryimage","url":"https:\/\/urquiabas.com\/wp-content\/uploads\/2021\/04\/Header_flotas_vehiculos_new.jpg","contentUrl":"https:\/\/urquiabas.com\/wp-content\/uploads\/2021\/04\/Header_flotas_vehiculos_new.jpg","width":1920,"height":667,"caption":"Flota de veh\u00edculos"},{"@type":"BreadcrumbList","@id":"https:\/\/urquiabas.com\/ca\/flota-de-vehicles\/#breadcrumb","itemListElement":[{"@type":"ListItem","position":1,"name":"Portada","item":"https:\/\/urquiabas.com\/"},{"@type":"ListItem","position":2,"name":"Flota de vehicles"}]},{"@type":"WebSite","@id":"https:\/\/urquiabas.com\/#website","url":"https:\/\/urquiabas.com\/","name":"Urqu\u00eda&amp;Bas","description":"Corredur\u00eda de seguros | Lleida","publisher":{"@id":"https:\/\/urquiabas.com\/#organization"},"potentialAction":[{"@type":"SearchAction","target":{"@type":"EntryPoint","urlTemplate":"https:\/\/urquiabas.com\/?s={search_term_string}"},"query-input":{"@type":"PropertyValueSpecification","valueRequired":true,"valueName":"search_term_string"}}],"inLanguage":"ca"},{"@type":"Organization","@id":"https:\/\/urquiabas.com\/#organization","name":"Urquia & Bas S.L","url":"https:\/\/urquiabas.com\/","logo":{"@type":"ImageObject","inLanguage":"ca","@id":"https:\/\/urquiabas.com\/#\/schema\/logo\/image\/","url":"https:\/\/urquiabas.com\/wp-content\/uploads\/2018\/03\/logoubmail2018.jpg","contentUrl":"https:\/\/urquiabas.com\/wp-content\/uploads\/2018\/03\/logoubmail2018.jpg","width":258,"height":61,"caption":"Urquia & Bas S.L"},"image":{"@id":"https:\/\/urquiabas.com\/#\/schema\/logo\/image\/"},"sameAs":["https:\/\/www.facebook.com\/UrquiaBas\/","https:\/\/x.com\/BasUrquia","https:\/\/www.instagram.com\/urquiabas\/","https:\/\/www.linkedin.com\/company\/3125928\/"]}]}},"_links":{"self":[{"href":"https:\/\/urquiabas.com\/ca\/wp-json\/wp\/v2\/pages\/17236","targetHints":{"allow":["GET"]}}],"collection":[{"href":"https:\/\/urquiabas.com\/ca\/wp-json\/wp\/v2\/pages"}],"about":[{"href":"https:\/\/urquiabas.com\/ca\/wp-json\/wp\/v2\/types\/page"}],"author":[{"embeddable":true,"href":"https:\/\/urquiabas.com\/ca\/wp-json\/wp\/v2\/users\/84"}],"replies":[{"embeddable":true,"href":"https:\/\/urquiabas.com\/ca\/wp-json\/wp\/v2\/comments?post=17236"}],"version-history":[{"count":0,"href":"https:\/\/urquiabas.com\/ca\/wp-json\/wp\/v2\/pages\/17236\/revisions"}],"wp:featuredmedia":[{"embeddable":true,"href":"https:\/\/urquiabas.com\/ca\/wp-json\/wp\/v2\/media\/17217"}],"wp:attachment":[{"href":"https:\/\/urquiabas.com\/ca\/wp-json\/wp\/v2\/media?parent=17236"}],"curies":[{"name":"wp","href":"https:\/\/api.w.org\/{rel}","templated":true}]}}