{"id":17240,"date":"2021-04-08T17:14:15","date_gmt":"2021-04-08T15:14:15","guid":{"rendered":"https:\/\/dev01.urquiabas.com\/?page_id=17240"},"modified":"2025-12-02T10:59:37","modified_gmt":"2025-12-02T09:59:37","slug":"optiques","status":"publish","type":"page","link":"https:\/\/urquiabas.com\/ca\/optiques\/","title":{"rendered":"\u00d2ptiques"},"content":{"rendered":"\t\t<div data-elementor-type=\"wp-page\" data-elementor-id=\"17240\" class=\"elementor elementor-17240 elementor-17238\" data-elementor-post-type=\"page\">\n\t\t\t\t<div class=\"elementor-element elementor-element-5ef10bda e-flex e-con-boxed e-con e-parent\" data-id=\"5ef10bda\" data-element_type=\"container\" data-e-type=\"container\" data-settings=\"{&quot;background_background&quot;:&quot;classic&quot;}\">\n\t\t\t\t\t<div class=\"e-con-inner\">\n\t\t<div class=\"elementor-element elementor-element-19b7e6c e-con-full e-flex e-con e-child\" data-id=\"19b7e6c\" data-element_type=\"container\" data-e-type=\"container\" data-settings=\"{&quot;background_background&quot;:&quot;classic&quot;}\">\n\t\t\t\t<div class=\"elementor-element elementor-element-51364f02 elementor-widget elementor-widget-text-editor\" data-id=\"51364f02\" data-element_type=\"widget\" data-e-type=\"widget\" data-widget_type=\"text-editor.default\">\n\t\t\t\t\t\t\t\t\t\n<h3 class=\"wp-block-heading\">Caracter\u00edstiques de l&#8217;asseguran\u00e7a<\/h3>\n\n<p><strong>Descripci\u00f3<\/strong><\/p>\n\n<p>Producte dissenyat a mida per a les \u00f2ptiques, amb cobertures espec\u00edfiques adaptades a la teva activitat ia les caracter\u00edstiques del teu negoci.<\/p>\n\n<ul class=\"wp-block-list\">\n<li>Garantia de \u00abTot Risc\u00bb<\/li>\n\n<li>Furt<\/li>\n\n<li>Avaria de maquin\u00e0ria.<\/li>\n\n<li>P\u00e8rdua de beneficis.<\/li>\n\n<li>Mercaderies en aparadors<\/li>\n<\/ul>\n\t\t\t\t\t\t\t\t<\/div>\n\t\t\t\t<\/div>\n\t\t<div class=\"elementor-element elementor-element-1236e6d e-con-full e-flex e-con e-child\" data-id=\"1236e6d\" data-element_type=\"container\" data-e-type=\"container\" data-settings=\"{&quot;background_background&quot;:&quot;classic&quot;}\">\n\t\t\t\t<div class=\"elementor-element elementor-element-3e79055 elementor-widget elementor-widget-text-editor\" data-id=\"3e79055\" data-element_type=\"widget\" data-e-type=\"widget\" data-widget_type=\"text-editor.default\">\n\t\t\t\t\t\t\t\t\t\n<h3>Avantatges<\/h3>\n\n<p>Amb <strong>Urquia <span style=\"color: #8a2533;\">&amp;<\/span> Bas<\/strong> disposar\u00e0s en tot moment de l&#8217;assessorament professional que necessites, no nom\u00e9s en el moment de la contractaci\u00f3 \u2013ajudant-te a escollir les cobertures i capitals que millor s&#8217;adapten al teu negoci\u2013 sin\u00f3 tamb\u00e9 durant tota la vida de la p\u00f2lissa. Aix\u00f2 vol dir:<\/p>\n\n<ul class=\"wp-block-list\">\n<li>Atenci\u00f3 personalitzada a la gesti\u00f3 dels sinistres: disposar\u00e0s d&#8217;un gestor per atendre el teu sinistre de principi a fi.<\/li>\n\n<li>Revisi\u00f3 permanent de la teva p\u00f2lissa per poder afegir o modificar cobertures i capitals.<\/li>\n\n<li>Control anual de pujades perqu\u00e8 l&#8217;increment de prima correspongui \u00fanicament a l&#8217;increment de l&#8217;IPC<\/li>\n\n<li>Assessorament professional sempre que ho necessitis. No tan sols per a aquesta asseguran\u00e7a, sin\u00f3 per a qualsevol altra que tinguis contractada i vulguis que et gestionem.<\/li>\n<\/ul>\n\n<div class=\"wp-block-columns\">\n<div class=\"wp-block-column\">\n<div class=\"wp-block-buttons\"><\/div>\n<\/div>\n<\/div>\n\t\t\t\t\t\t\t\t<\/div>\n\t\t\t\t<\/div>\n\t\t<div class=\"elementor-element elementor-element-f2c5a9e e-con-full e-flex e-con e-child\" data-id=\"f2c5a9e\" data-element_type=\"container\" data-e-type=\"container\" data-settings=\"{&quot;background_background&quot;:&quot;classic&quot;}\">\n\t\t\t\t<div class=\"elementor-element elementor-element-4f27d74 elementor-widget elementor-widget-text-editor\" data-id=\"4f27d74\" data-element_type=\"widget\" data-e-type=\"widget\" data-widget_type=\"text-editor.default\">\n\t\t\t\t\t\t\t\t\t\n<h3 class=\"wp-block-heading\">Com puc ajudar-te?<\/h3>\n\n<p>Deixa&#8217;m les teves dades i em posar\u00e9 en contacte amb tu al m\u00e9s aviat possible.<\/p>\n\t\t\t\t\t\t\t\t<\/div>\n\t\t\t\t<div class=\"elementor-element elementor-element-e25c4eb elementor-widget elementor-widget-text-editor\" data-id=\"e25c4eb\" data-element_type=\"widget\" data-e-type=\"widget\" data-widget_type=\"text-editor.default\">\n\t\t\t\t\t\t\t\t\t<iframe id=\"tarificador\" class=\"w-full\" style=\"height: 360px\" src=\"http:\/\/tarificadores.urquiabas.com\/forms\/opticas?h=0\" frameborder=\"0\" allowfullscreen=\"\"><\/iframe>\t\t\t\t\t\t\t\t<\/div>\n\t\t\t\t<\/div>\n\t\t\t\t\t<\/div>\n\t\t\t\t<\/div>\n\t\t\t\t<\/div>\n\t\t","protected":false},"excerpt":{"rendered":"<p>Caracter\u00edstiques de l&#8217;asseguran\u00e7a Descripci\u00f3 Producte dissenyat a mida per a les \u00f2ptiques, amb cobertures espec\u00edfiques adaptades a la teva activitat ia les caracter\u00edstiques del teu negoci. Garantia de \u00abTot Risc\u00bb Furt Avaria de maquin\u00e0ria. P\u00e8rdua de beneficis. Mercaderies en aparadors Avantatges Amb Urquia &amp; Bas disposar\u00e0s en tot moment de l&#8217;assessorament professional que necessites, no [&hellip;]<\/p>\n","protected":false},"author":84,"featured_media":5929,"parent":0,"menu_order":0,"comment_status":"closed","ping_status":"closed","template":"","meta":{"_acf_changed":false,"inline_featured_image":false,"footnotes":""},"class_list":["post-17240","page","type-page","status-publish","has-post-thumbnail","hentry"],"acf":{"contacte":"ramon","foto_responsable":"https:\/\/urquiabas.com\/wp-content\/uploads\/2025\/01\/BG_Marc-scaled.jpg","titulo":"Assegurances per a \u00d2ptiques","id_nex":"330","odoo":"https:\/\/tarificadores.urquiabas.com\/forms\/contacto\/?u=24&o=1&h=0","contacte_responsable_telefon":"621171500","contacte_responsable_email":"marcllados@urquiabas.com","responsable":"Marc Llad\u00f3s"},"yoast_head":"<!-- This site is optimized with the Yoast SEO plugin v27.4 - https:\/\/yoast.com\/product\/yoast-seo-wordpress\/ -->\n<title>\u00d2ptiques - Urqu\u00eda&amp;Bas<\/title>\n<meta name=\"description\" content=\"Assegura la teva \u00f2ptica amb totes les cobertures i amb altres de molt espec\u00edfiques per a les \u00f2ptiques, com, per exemple, el furt i el robatori de mercaderies als aparadors.\" \/>\n<meta name=\"robots\" content=\"index, follow, max-snippet:-1, max-image-preview:large, max-video-preview:-1\" \/>\n<link rel=\"canonical\" href=\"https:\/\/urquiabas.com\/ca\/optiques\/\" \/>\n<meta property=\"og:locale\" content=\"ca_ES\" \/>\n<meta property=\"og:type\" content=\"article\" \/>\n<meta property=\"og:title\" content=\"\u00d2ptiques - Urqu\u00eda&amp;Bas\" \/>\n<meta property=\"og:description\" content=\"Assegura la teva \u00f2ptica amb totes les cobertures i amb altres de molt espec\u00edfiques per a les \u00f2ptiques, com, per exemple, el furt i el robatori de mercaderies als aparadors.\" \/>\n<meta property=\"og:url\" content=\"https:\/\/urquiabas.com\/ca\/optiques\/\" \/>\n<meta property=\"og:site_name\" content=\"Urqu\u00eda&amp;Bas\" \/>\n<meta property=\"article:publisher\" content=\"https:\/\/www.facebook.com\/UrquiaBas\/\" \/>\n<meta property=\"article:modified_time\" content=\"2025-12-02T09:59:37+00:00\" \/>\n<meta property=\"og:image\" content=\"https:\/\/urquiabas.com\/wp-content\/uploads\/2015\/05\/header-opticas.jpg\" \/>\n\t<meta property=\"og:image:width\" content=\"1200\" \/>\n\t<meta property=\"og:image:height\" content=\"400\" \/>\n\t<meta property=\"og:image:type\" content=\"image\/jpeg\" \/>\n<meta name=\"twitter:card\" content=\"summary_large_image\" \/>\n<meta name=\"twitter:site\" content=\"@BasUrquia\" \/>\n<meta name=\"twitter:label1\" content=\"Temps estimat de lectura\" \/>\n\t<meta name=\"twitter:data1\" content=\"1 minut\" \/>\n<script type=\"application\/ld+json\" class=\"yoast-schema-graph\">{\"@context\":\"https:\\\/\\\/schema.org\",\"@graph\":[{\"@type\":\"WebPage\",\"@id\":\"https:\\\/\\\/urquiabas.com\\\/ca\\\/optiques\\\/\",\"url\":\"https:\\\/\\\/urquiabas.com\\\/ca\\\/optiques\\\/\",\"name\":\"\u00d2ptiques - Urqu\u00eda&amp;Bas\",\"isPartOf\":{\"@id\":\"https:\\\/\\\/urquiabas.com\\\/#website\"},\"primaryImageOfPage\":{\"@id\":\"https:\\\/\\\/urquiabas.com\\\/ca\\\/optiques\\\/#primaryimage\"},\"image\":{\"@id\":\"https:\\\/\\\/urquiabas.com\\\/ca\\\/optiques\\\/#primaryimage\"},\"thumbnailUrl\":\"https:\\\/\\\/urquiabas.com\\\/wp-content\\\/uploads\\\/2015\\\/05\\\/header-opticas.jpg\",\"datePublished\":\"2021-04-08T15:14:15+00:00\",\"dateModified\":\"2025-12-02T09:59:37+00:00\",\"description\":\"Assegura la teva \u00f2ptica amb totes les cobertures i amb altres de molt espec\u00edfiques per a les \u00f2ptiques, com, per exemple, el furt i el robatori de mercaderies als aparadors.\",\"breadcrumb\":{\"@id\":\"https:\\\/\\\/urquiabas.com\\\/ca\\\/optiques\\\/#breadcrumb\"},\"inLanguage\":\"ca\",\"potentialAction\":[{\"@type\":\"ReadAction\",\"target\":[\"https:\\\/\\\/urquiabas.com\\\/ca\\\/optiques\\\/\"]}]},{\"@type\":\"ImageObject\",\"inLanguage\":\"ca\",\"@id\":\"https:\\\/\\\/urquiabas.com\\\/ca\\\/optiques\\\/#primaryimage\",\"url\":\"https:\\\/\\\/urquiabas.com\\\/wp-content\\\/uploads\\\/2015\\\/05\\\/header-opticas.jpg\",\"contentUrl\":\"https:\\\/\\\/urquiabas.com\\\/wp-content\\\/uploads\\\/2015\\\/05\\\/header-opticas.jpg\",\"width\":1200,\"height\":400,\"caption\":\"\u00d3pticas\"},{\"@type\":\"BreadcrumbList\",\"@id\":\"https:\\\/\\\/urquiabas.com\\\/ca\\\/optiques\\\/#breadcrumb\",\"itemListElement\":[{\"@type\":\"ListItem\",\"position\":1,\"name\":\"Portada\",\"item\":\"https:\\\/\\\/urquiabas.com\\\/\"},{\"@type\":\"ListItem\",\"position\":2,\"name\":\"\u00d2ptiques\"}]},{\"@type\":\"WebSite\",\"@id\":\"https:\\\/\\\/urquiabas.com\\\/#website\",\"url\":\"https:\\\/\\\/urquiabas.com\\\/\",\"name\":\"Urqu\u00eda&amp;Bas\",\"description\":\"Corredur\u00eda de seguros | Lleida\",\"publisher\":{\"@id\":\"https:\\\/\\\/urquiabas.com\\\/#organization\"},\"potentialAction\":[{\"@type\":\"SearchAction\",\"target\":{\"@type\":\"EntryPoint\",\"urlTemplate\":\"https:\\\/\\\/urquiabas.com\\\/?s={search_term_string}\"},\"query-input\":{\"@type\":\"PropertyValueSpecification\",\"valueRequired\":true,\"valueName\":\"search_term_string\"}}],\"inLanguage\":\"ca\"},{\"@type\":\"Organization\",\"@id\":\"https:\\\/\\\/urquiabas.com\\\/#organization\",\"name\":\"Urquia & Bas S.L\",\"url\":\"https:\\\/\\\/urquiabas.com\\\/\",\"logo\":{\"@type\":\"ImageObject\",\"inLanguage\":\"ca\",\"@id\":\"https:\\\/\\\/urquiabas.com\\\/#\\\/schema\\\/logo\\\/image\\\/\",\"url\":\"https:\\\/\\\/urquiabas.com\\\/wp-content\\\/uploads\\\/2018\\\/03\\\/logoubmail2018.jpg\",\"contentUrl\":\"https:\\\/\\\/urquiabas.com\\\/wp-content\\\/uploads\\\/2018\\\/03\\\/logoubmail2018.jpg\",\"width\":258,\"height\":61,\"caption\":\"Urquia & Bas S.L\"},\"image\":{\"@id\":\"https:\\\/\\\/urquiabas.com\\\/#\\\/schema\\\/logo\\\/image\\\/\"},\"sameAs\":[\"https:\\\/\\\/www.facebook.com\\\/UrquiaBas\\\/\",\"https:\\\/\\\/x.com\\\/BasUrquia\",\"https:\\\/\\\/www.instagram.com\\\/urquiabas\\\/\",\"https:\\\/\\\/www.linkedin.com\\\/company\\\/3125928\\\/\"]}]}<\/script>\n<!-- \/ Yoast SEO plugin. -->","yoast_head_json":{"title":"\u00d2ptiques - Urqu\u00eda&amp;Bas","description":"Assegura la teva \u00f2ptica amb totes les cobertures i amb altres de molt espec\u00edfiques per a les \u00f2ptiques, com, per exemple, el furt i el robatori de mercaderies als aparadors.","robots":{"index":"index","follow":"follow","max-snippet":"max-snippet:-1","max-image-preview":"max-image-preview:large","max-video-preview":"max-video-preview:-1"},"canonical":"https:\/\/urquiabas.com\/ca\/optiques\/","og_locale":"ca_ES","og_type":"article","og_title":"\u00d2ptiques - Urqu\u00eda&amp;Bas","og_description":"Assegura la teva \u00f2ptica amb totes les cobertures i amb altres de molt espec\u00edfiques per a les \u00f2ptiques, com, per exemple, el furt i el robatori de mercaderies als aparadors.","og_url":"https:\/\/urquiabas.com\/ca\/optiques\/","og_site_name":"Urqu\u00eda&amp;Bas","article_publisher":"https:\/\/www.facebook.com\/UrquiaBas\/","article_modified_time":"2025-12-02T09:59:37+00:00","og_image":[{"width":1200,"height":400,"url":"https:\/\/urquiabas.com\/wp-content\/uploads\/2015\/05\/header-opticas.jpg","type":"image\/jpeg"}],"twitter_card":"summary_large_image","twitter_site":"@BasUrquia","twitter_misc":{"Temps estimat de lectura":"1 minut"},"schema":{"@context":"https:\/\/schema.org","@graph":[{"@type":"WebPage","@id":"https:\/\/urquiabas.com\/ca\/optiques\/","url":"https:\/\/urquiabas.com\/ca\/optiques\/","name":"\u00d2ptiques - Urqu\u00eda&amp;Bas","isPartOf":{"@id":"https:\/\/urquiabas.com\/#website"},"primaryImageOfPage":{"@id":"https:\/\/urquiabas.com\/ca\/optiques\/#primaryimage"},"image":{"@id":"https:\/\/urquiabas.com\/ca\/optiques\/#primaryimage"},"thumbnailUrl":"https:\/\/urquiabas.com\/wp-content\/uploads\/2015\/05\/header-opticas.jpg","datePublished":"2021-04-08T15:14:15+00:00","dateModified":"2025-12-02T09:59:37+00:00","description":"Assegura la teva \u00f2ptica amb totes les cobertures i amb altres de molt espec\u00edfiques per a les \u00f2ptiques, com, per exemple, el furt i el robatori de mercaderies als aparadors.","breadcrumb":{"@id":"https:\/\/urquiabas.com\/ca\/optiques\/#breadcrumb"},"inLanguage":"ca","potentialAction":[{"@type":"ReadAction","target":["https:\/\/urquiabas.com\/ca\/optiques\/"]}]},{"@type":"ImageObject","inLanguage":"ca","@id":"https:\/\/urquiabas.com\/ca\/optiques\/#primaryimage","url":"https:\/\/urquiabas.com\/wp-content\/uploads\/2015\/05\/header-opticas.jpg","contentUrl":"https:\/\/urquiabas.com\/wp-content\/uploads\/2015\/05\/header-opticas.jpg","width":1200,"height":400,"caption":"\u00d3pticas"},{"@type":"BreadcrumbList","@id":"https:\/\/urquiabas.com\/ca\/optiques\/#breadcrumb","itemListElement":[{"@type":"ListItem","position":1,"name":"Portada","item":"https:\/\/urquiabas.com\/"},{"@type":"ListItem","position":2,"name":"\u00d2ptiques"}]},{"@type":"WebSite","@id":"https:\/\/urquiabas.com\/#website","url":"https:\/\/urquiabas.com\/","name":"Urqu\u00eda&amp;Bas","description":"Corredur\u00eda de seguros | Lleida","publisher":{"@id":"https:\/\/urquiabas.com\/#organization"},"potentialAction":[{"@type":"SearchAction","target":{"@type":"EntryPoint","urlTemplate":"https:\/\/urquiabas.com\/?s={search_term_string}"},"query-input":{"@type":"PropertyValueSpecification","valueRequired":true,"valueName":"search_term_string"}}],"inLanguage":"ca"},{"@type":"Organization","@id":"https:\/\/urquiabas.com\/#organization","name":"Urquia & Bas S.L","url":"https:\/\/urquiabas.com\/","logo":{"@type":"ImageObject","inLanguage":"ca","@id":"https:\/\/urquiabas.com\/#\/schema\/logo\/image\/","url":"https:\/\/urquiabas.com\/wp-content\/uploads\/2018\/03\/logoubmail2018.jpg","contentUrl":"https:\/\/urquiabas.com\/wp-content\/uploads\/2018\/03\/logoubmail2018.jpg","width":258,"height":61,"caption":"Urquia & Bas S.L"},"image":{"@id":"https:\/\/urquiabas.com\/#\/schema\/logo\/image\/"},"sameAs":["https:\/\/www.facebook.com\/UrquiaBas\/","https:\/\/x.com\/BasUrquia","https:\/\/www.instagram.com\/urquiabas\/","https:\/\/www.linkedin.com\/company\/3125928\/"]}]}},"_links":{"self":[{"href":"https:\/\/urquiabas.com\/ca\/wp-json\/wp\/v2\/pages\/17240","targetHints":{"allow":["GET"]}}],"collection":[{"href":"https:\/\/urquiabas.com\/ca\/wp-json\/wp\/v2\/pages"}],"about":[{"href":"https:\/\/urquiabas.com\/ca\/wp-json\/wp\/v2\/types\/page"}],"author":[{"embeddable":true,"href":"https:\/\/urquiabas.com\/ca\/wp-json\/wp\/v2\/users\/84"}],"replies":[{"embeddable":true,"href":"https:\/\/urquiabas.com\/ca\/wp-json\/wp\/v2\/comments?post=17240"}],"version-history":[{"count":0,"href":"https:\/\/urquiabas.com\/ca\/wp-json\/wp\/v2\/pages\/17240\/revisions"}],"wp:featuredmedia":[{"embeddable":true,"href":"https:\/\/urquiabas.com\/ca\/wp-json\/wp\/v2\/media\/5929"}],"wp:attachment":[{"href":"https:\/\/urquiabas.com\/ca\/wp-json\/wp\/v2\/media?parent=17240"}],"curies":[{"name":"wp","href":"https:\/\/api.w.org\/{rel}","templated":true}]}}