{"id":17251,"date":"2021-04-08T17:51:31","date_gmt":"2021-04-08T15:51:31","guid":{"rendered":"https:\/\/dev01.urquiabas.com\/?page_id=17251"},"modified":"2025-12-02T10:26:53","modified_gmt":"2025-12-02T09:26:53","slug":"jubilacio","status":"publish","type":"page","link":"https:\/\/urquiabas.com\/ca\/jubilacio\/","title":{"rendered":"Jubilaci\u00f3"},"content":{"rendered":"\t\t<div data-elementor-type=\"wp-page\" data-elementor-id=\"17251\" class=\"elementor elementor-17251 elementor-17248\" data-elementor-post-type=\"page\">\n\t\t\t\t<div class=\"elementor-element elementor-element-630cc77d e-flex e-con-boxed e-con e-parent\" data-id=\"630cc77d\" data-element_type=\"container\" data-e-type=\"container\" data-settings=\"{&quot;background_background&quot;:&quot;classic&quot;}\">\n\t\t\t\t\t<div class=\"e-con-inner\">\n\t\t<div class=\"elementor-element elementor-element-70d65ad e-con-full e-flex e-con e-child\" data-id=\"70d65ad\" data-element_type=\"container\" data-e-type=\"container\" data-settings=\"{&quot;background_background&quot;:&quot;classic&quot;}\">\n\t\t\t\t<div class=\"elementor-element elementor-element-1cf2912f elementor-widget elementor-widget-text-editor\" data-id=\"1cf2912f\" data-element_type=\"widget\" data-e-type=\"widget\" data-widget_type=\"text-editor.default\">\n\t\t\t\t\t\t\t\t\t<p>Mitjan\u00e7ant aquest pla, el titular paga unes primes d&#8217;estalvi que s&#8217;aniran acumulant durant el termini establert (que no ha de coincidir amb el de la jubilaci\u00f3), al qual s&#8217;afegiran els interessos m\u00ednims garantits inicialment al contracte m\u00e9s la participaci\u00f3 en els beneficis obtinguts per la companyia durant tot el per\u00edode.<\/p><p>S\u00f3n productes pensats a l&#8217;estalvi a llarg termini. Excepci\u00f3 dels PIES (plans individuals d&#8217;estalvi sistem\u00e0tic). No hi ha limitaci\u00f3 en les aportacions.<\/p>\t\t\t\t\t\t\t\t<\/div>\n\t\t\t\t<\/div>\n\t\t<div class=\"elementor-element elementor-element-9de9b2b e-con-full e-flex e-con e-child\" data-id=\"9de9b2b\" data-element_type=\"container\" data-e-type=\"container\" data-settings=\"{&quot;background_background&quot;:&quot;classic&quot;}\">\n\t\t\t\t<div class=\"elementor-element elementor-element-1efe09d elementor-widget elementor-widget-text-editor\" data-id=\"1efe09d\" data-element_type=\"widget\" data-e-type=\"widget\" data-widget_type=\"text-editor.default\">\n\t\t\t\t\t\t\t\t\t<h3>Avantatges<\/h3><p>Vas acumulant un capital, de mica en mica, sense que t&#8217;ocasioni cap sacrifici, que et permetr\u00e0 gaudir d&#8217;una situaci\u00f3 folgada en el moment que deixis de percebre el teu salari o altres ingressos de la feina i que et servir\u00e0 com a complement de la pensi\u00f3 de jubilaci\u00f3.<\/p>\t\t\t\t\t\t\t\t<\/div>\n\t\t\t\t<\/div>\n\t\t<div class=\"elementor-element elementor-element-bfe5b2b e-con-full e-flex e-con e-child\" data-id=\"bfe5b2b\" data-element_type=\"container\" data-e-type=\"container\" data-settings=\"{&quot;background_background&quot;:&quot;classic&quot;}\">\n\t\t\t\t<div class=\"elementor-element elementor-element-527168a elementor-widget elementor-widget-text-editor\" data-id=\"527168a\" data-element_type=\"widget\" data-e-type=\"widget\" data-widget_type=\"text-editor.default\">\n\t\t\t\t\t\t\t\t\t<div class=\"wp-block-columns\"><div class=\"wp-block-column\"><div class=\"wp-block-buttons\"><h3 class=\"wp-block-button\">Com puc ajudar-te?<\/h3><\/div><\/div><\/div><p>Deixa&#8217;m les teves dades i em posar\u00e9 en contacte amb tu al m\u00e9s aviat possible.<\/p>\t\t\t\t\t\t\t\t<\/div>\n\t\t\t\t<div class=\"elementor-element elementor-element-540a851 elementor-widget elementor-widget-text-editor\" data-id=\"540a851\" data-element_type=\"widget\" data-e-type=\"widget\" data-widget_type=\"text-editor.default\">\n\t\t\t\t\t\t\t\t\t<iframe id=\"tarificador\" class=\"w-full\" style=\"height: 360px\" src=\"http:\/\/tarificadores.urquiabas.com\/forms\/Jubilaci%C3%B3n?h=0\" frameborder=\"0\" allowfullscreen=\"\"><\/iframe>\t\t\t\t\t\t\t\t<\/div>\n\t\t\t\t<\/div>\n\t\t\t\t\t<\/div>\n\t\t\t\t<\/div>\n\t\t\t\t<\/div>\n\t\t","protected":false},"excerpt":{"rendered":"<p>Mitjan\u00e7ant aquest pla, el titular paga unes primes d&#8217;estalvi que s&#8217;aniran acumulant durant el termini establert (que no ha de coincidir amb el de la jubilaci\u00f3), al qual s&#8217;afegiran els interessos m\u00ednims garantits inicialment al contracte m\u00e9s la participaci\u00f3 en els beneficis obtinguts per la companyia durant tot el per\u00edode. S\u00f3n productes pensats a l&#8217;estalvi [&hellip;]<\/p>\n","protected":false},"author":84,"featured_media":5921,"parent":0,"menu_order":0,"comment_status":"closed","ping_status":"closed","template":"","meta":{"_acf_changed":false,"inline_featured_image":false,"footnotes":""},"class_list":["post-17251","page","type-page","status-publish","has-post-thumbnail","hentry"],"acf":{"contacte":"ramon","foto_responsable":"https:\/\/urquiabas.com\/wp-content\/uploads\/2024\/05\/BG_Paula-1-scaled.jpg","titulo":"Asseguran\u00e7a per a la Jubilaci\u00f3","id_nex":"330","odoo":"https:\/\/tarificadores.urquiabas.com\/forms\/contacto\/?u=24&o=1&h=0","contacte_responsable_telefon":"636 43 60 02","contacte_responsable_email":"paulaoliva@urquiabas.com","responsable":"Paula Oliva"},"yoast_head":"<!-- This site is optimized with the Yoast SEO plugin v27.6 - https:\/\/yoast.com\/product\/yoast-seo-wordpress\/ -->\n<title>Jubilaci\u00f3 - Urqu\u00eda&amp;Bas<\/title>\n<meta name=\"description\" content=\"Contracta la teva asseguran\u00e7a d&#039;estalvi o de jubilaci\u00f3 i constitueix un capital de mica en mica, que et permeti, sense gaire esfor\u00e7, en el futur, complementar la teva pensi\u00f3.\" \/>\n<meta name=\"robots\" content=\"index, follow, max-snippet:-1, max-image-preview:large, max-video-preview:-1\" \/>\n<link rel=\"canonical\" href=\"https:\/\/urquiabas.com\/ca\/jubilacio\/\" \/>\n<meta property=\"og:locale\" content=\"ca_ES\" \/>\n<meta property=\"og:type\" content=\"article\" \/>\n<meta property=\"og:title\" content=\"Jubilaci\u00f3 - Urqu\u00eda&amp;Bas\" \/>\n<meta property=\"og:description\" content=\"Contracta la teva asseguran\u00e7a d&#039;estalvi o de jubilaci\u00f3 i constitueix un capital de mica en mica, que et permeti, sense gaire esfor\u00e7, en el futur, complementar la teva pensi\u00f3.\" \/>\n<meta property=\"og:url\" content=\"https:\/\/urquiabas.com\/ca\/jubilacio\/\" \/>\n<meta property=\"og:site_name\" content=\"Urqu\u00eda&amp;Bas\" \/>\n<meta property=\"article:publisher\" content=\"https:\/\/www.facebook.com\/UrquiaBas\/\" \/>\n<meta property=\"article:modified_time\" content=\"2025-12-02T09:26:53+00:00\" \/>\n<meta property=\"og:image\" content=\"https:\/\/urquiabas.com\/wp-content\/uploads\/2015\/05\/header-jubilacion-e1437559739714.jpg\" \/>\n\t<meta property=\"og:image:width\" content=\"1200\" \/>\n\t<meta property=\"og:image:height\" content=\"400\" \/>\n\t<meta property=\"og:image:type\" content=\"image\/jpeg\" \/>\n<meta name=\"twitter:card\" content=\"summary_large_image\" \/>\n<meta name=\"twitter:site\" content=\"@BasUrquia\" \/>\n<meta name=\"twitter:label1\" content=\"Temps estimat de lectura\" \/>\n\t<meta name=\"twitter:data1\" content=\"1 minut\" \/>\n<script type=\"application\/ld+json\" class=\"yoast-schema-graph\">{\"@context\":\"https:\\\/\\\/schema.org\",\"@graph\":[{\"@type\":\"WebPage\",\"@id\":\"https:\\\/\\\/urquiabas.com\\\/ca\\\/jubilacio\\\/\",\"url\":\"https:\\\/\\\/urquiabas.com\\\/ca\\\/jubilacio\\\/\",\"name\":\"Jubilaci\u00f3 - Urqu\u00eda&amp;Bas\",\"isPartOf\":{\"@id\":\"https:\\\/\\\/urquiabas.com\\\/#website\"},\"primaryImageOfPage\":{\"@id\":\"https:\\\/\\\/urquiabas.com\\\/ca\\\/jubilacio\\\/#primaryimage\"},\"image\":{\"@id\":\"https:\\\/\\\/urquiabas.com\\\/ca\\\/jubilacio\\\/#primaryimage\"},\"thumbnailUrl\":\"https:\\\/\\\/urquiabas.com\\\/wp-content\\\/uploads\\\/2015\\\/05\\\/header-jubilacion-e1437559739714.jpg\",\"datePublished\":\"2021-04-08T15:51:31+00:00\",\"dateModified\":\"2025-12-02T09:26:53+00:00\",\"description\":\"Contracta la teva asseguran\u00e7a d'estalvi o de jubilaci\u00f3 i constitueix un capital de mica en mica, que et permeti, sense gaire esfor\u00e7, en el futur, complementar la teva pensi\u00f3.\",\"breadcrumb\":{\"@id\":\"https:\\\/\\\/urquiabas.com\\\/ca\\\/jubilacio\\\/#breadcrumb\"},\"inLanguage\":\"ca\",\"potentialAction\":[{\"@type\":\"ReadAction\",\"target\":[\"https:\\\/\\\/urquiabas.com\\\/ca\\\/jubilacio\\\/\"]}]},{\"@type\":\"ImageObject\",\"inLanguage\":\"ca\",\"@id\":\"https:\\\/\\\/urquiabas.com\\\/ca\\\/jubilacio\\\/#primaryimage\",\"url\":\"https:\\\/\\\/urquiabas.com\\\/wp-content\\\/uploads\\\/2015\\\/05\\\/header-jubilacion-e1437559739714.jpg\",\"contentUrl\":\"https:\\\/\\\/urquiabas.com\\\/wp-content\\\/uploads\\\/2015\\\/05\\\/header-jubilacion-e1437559739714.jpg\",\"width\":1200,\"height\":400,\"caption\":\"Jubilaci\u00f3n\"},{\"@type\":\"BreadcrumbList\",\"@id\":\"https:\\\/\\\/urquiabas.com\\\/ca\\\/jubilacio\\\/#breadcrumb\",\"itemListElement\":[{\"@type\":\"ListItem\",\"position\":1,\"name\":\"Portada\",\"item\":\"https:\\\/\\\/urquiabas.com\\\/\"},{\"@type\":\"ListItem\",\"position\":2,\"name\":\"Jubilaci\u00f3\"}]},{\"@type\":\"WebSite\",\"@id\":\"https:\\\/\\\/urquiabas.com\\\/#website\",\"url\":\"https:\\\/\\\/urquiabas.com\\\/\",\"name\":\"Urqu\u00eda&amp;Bas\",\"description\":\"Corredur\u00eda de seguros | Lleida\",\"publisher\":{\"@id\":\"https:\\\/\\\/urquiabas.com\\\/#organization\"},\"potentialAction\":[{\"@type\":\"SearchAction\",\"target\":{\"@type\":\"EntryPoint\",\"urlTemplate\":\"https:\\\/\\\/urquiabas.com\\\/?s={search_term_string}\"},\"query-input\":{\"@type\":\"PropertyValueSpecification\",\"valueRequired\":true,\"valueName\":\"search_term_string\"}}],\"inLanguage\":\"ca\"},{\"@type\":\"Organization\",\"@id\":\"https:\\\/\\\/urquiabas.com\\\/#organization\",\"name\":\"Urquia & Bas S.L\",\"url\":\"https:\\\/\\\/urquiabas.com\\\/\",\"logo\":{\"@type\":\"ImageObject\",\"inLanguage\":\"ca\",\"@id\":\"https:\\\/\\\/urquiabas.com\\\/#\\\/schema\\\/logo\\\/image\\\/\",\"url\":\"https:\\\/\\\/urquiabas.com\\\/wp-content\\\/uploads\\\/2026\\\/03\\\/Logo_Positu_FonsTransparent-petit-3.png\",\"contentUrl\":\"https:\\\/\\\/urquiabas.com\\\/wp-content\\\/uploads\\\/2026\\\/03\\\/Logo_Positu_FonsTransparent-petit-3.png\",\"width\":250,\"height\":69,\"caption\":\"Urquia & Bas S.L\"},\"image\":{\"@id\":\"https:\\\/\\\/urquiabas.com\\\/#\\\/schema\\\/logo\\\/image\\\/\"},\"sameAs\":[\"https:\\\/\\\/www.facebook.com\\\/UrquiaBas\\\/\",\"https:\\\/\\\/x.com\\\/BasUrquia\",\"https:\\\/\\\/www.instagram.com\\\/urquiabas\\\/\",\"https:\\\/\\\/www.linkedin.com\\\/company\\\/3125928\\\/\"]}]}<\/script>\n<!-- \/ Yoast SEO plugin. -->","yoast_head_json":{"title":"Jubilaci\u00f3 - Urqu\u00eda&amp;Bas","description":"Contracta la teva asseguran\u00e7a d'estalvi o de jubilaci\u00f3 i constitueix un capital de mica en mica, que et permeti, sense gaire esfor\u00e7, en el futur, complementar la teva pensi\u00f3.","robots":{"index":"index","follow":"follow","max-snippet":"max-snippet:-1","max-image-preview":"max-image-preview:large","max-video-preview":"max-video-preview:-1"},"canonical":"https:\/\/urquiabas.com\/ca\/jubilacio\/","og_locale":"ca_ES","og_type":"article","og_title":"Jubilaci\u00f3 - Urqu\u00eda&amp;Bas","og_description":"Contracta la teva asseguran\u00e7a d'estalvi o de jubilaci\u00f3 i constitueix un capital de mica en mica, que et permeti, sense gaire esfor\u00e7, en el futur, complementar la teva pensi\u00f3.","og_url":"https:\/\/urquiabas.com\/ca\/jubilacio\/","og_site_name":"Urqu\u00eda&amp;Bas","article_publisher":"https:\/\/www.facebook.com\/UrquiaBas\/","article_modified_time":"2025-12-02T09:26:53+00:00","og_image":[{"width":1200,"height":400,"url":"https:\/\/urquiabas.com\/wp-content\/uploads\/2015\/05\/header-jubilacion-e1437559739714.jpg","type":"image\/jpeg"}],"twitter_card":"summary_large_image","twitter_site":"@BasUrquia","twitter_misc":{"Temps estimat de lectura":"1 minut"},"schema":{"@context":"https:\/\/schema.org","@graph":[{"@type":"WebPage","@id":"https:\/\/urquiabas.com\/ca\/jubilacio\/","url":"https:\/\/urquiabas.com\/ca\/jubilacio\/","name":"Jubilaci\u00f3 - Urqu\u00eda&amp;Bas","isPartOf":{"@id":"https:\/\/urquiabas.com\/#website"},"primaryImageOfPage":{"@id":"https:\/\/urquiabas.com\/ca\/jubilacio\/#primaryimage"},"image":{"@id":"https:\/\/urquiabas.com\/ca\/jubilacio\/#primaryimage"},"thumbnailUrl":"https:\/\/urquiabas.com\/wp-content\/uploads\/2015\/05\/header-jubilacion-e1437559739714.jpg","datePublished":"2021-04-08T15:51:31+00:00","dateModified":"2025-12-02T09:26:53+00:00","description":"Contracta la teva asseguran\u00e7a d'estalvi o de jubilaci\u00f3 i constitueix un capital de mica en mica, que et permeti, sense gaire esfor\u00e7, en el futur, complementar la teva pensi\u00f3.","breadcrumb":{"@id":"https:\/\/urquiabas.com\/ca\/jubilacio\/#breadcrumb"},"inLanguage":"ca","potentialAction":[{"@type":"ReadAction","target":["https:\/\/urquiabas.com\/ca\/jubilacio\/"]}]},{"@type":"ImageObject","inLanguage":"ca","@id":"https:\/\/urquiabas.com\/ca\/jubilacio\/#primaryimage","url":"https:\/\/urquiabas.com\/wp-content\/uploads\/2015\/05\/header-jubilacion-e1437559739714.jpg","contentUrl":"https:\/\/urquiabas.com\/wp-content\/uploads\/2015\/05\/header-jubilacion-e1437559739714.jpg","width":1200,"height":400,"caption":"Jubilaci\u00f3n"},{"@type":"BreadcrumbList","@id":"https:\/\/urquiabas.com\/ca\/jubilacio\/#breadcrumb","itemListElement":[{"@type":"ListItem","position":1,"name":"Portada","item":"https:\/\/urquiabas.com\/"},{"@type":"ListItem","position":2,"name":"Jubilaci\u00f3"}]},{"@type":"WebSite","@id":"https:\/\/urquiabas.com\/#website","url":"https:\/\/urquiabas.com\/","name":"Urqu\u00eda&amp;Bas","description":"Corredur\u00eda de seguros | Lleida","publisher":{"@id":"https:\/\/urquiabas.com\/#organization"},"potentialAction":[{"@type":"SearchAction","target":{"@type":"EntryPoint","urlTemplate":"https:\/\/urquiabas.com\/?s={search_term_string}"},"query-input":{"@type":"PropertyValueSpecification","valueRequired":true,"valueName":"search_term_string"}}],"inLanguage":"ca"},{"@type":"Organization","@id":"https:\/\/urquiabas.com\/#organization","name":"Urquia & Bas S.L","url":"https:\/\/urquiabas.com\/","logo":{"@type":"ImageObject","inLanguage":"ca","@id":"https:\/\/urquiabas.com\/#\/schema\/logo\/image\/","url":"https:\/\/urquiabas.com\/wp-content\/uploads\/2026\/03\/Logo_Positu_FonsTransparent-petit-3.png","contentUrl":"https:\/\/urquiabas.com\/wp-content\/uploads\/2026\/03\/Logo_Positu_FonsTransparent-petit-3.png","width":250,"height":69,"caption":"Urquia & Bas S.L"},"image":{"@id":"https:\/\/urquiabas.com\/#\/schema\/logo\/image\/"},"sameAs":["https:\/\/www.facebook.com\/UrquiaBas\/","https:\/\/x.com\/BasUrquia","https:\/\/www.instagram.com\/urquiabas\/","https:\/\/www.linkedin.com\/company\/3125928\/"]}]}},"_links":{"self":[{"href":"https:\/\/urquiabas.com\/ca\/wp-json\/wp\/v2\/pages\/17251","targetHints":{"allow":["GET"]}}],"collection":[{"href":"https:\/\/urquiabas.com\/ca\/wp-json\/wp\/v2\/pages"}],"about":[{"href":"https:\/\/urquiabas.com\/ca\/wp-json\/wp\/v2\/types\/page"}],"author":[{"embeddable":true,"href":"https:\/\/urquiabas.com\/ca\/wp-json\/wp\/v2\/users\/84"}],"replies":[{"embeddable":true,"href":"https:\/\/urquiabas.com\/ca\/wp-json\/wp\/v2\/comments?post=17251"}],"version-history":[{"count":0,"href":"https:\/\/urquiabas.com\/ca\/wp-json\/wp\/v2\/pages\/17251\/revisions"}],"wp:featuredmedia":[{"embeddable":true,"href":"https:\/\/urquiabas.com\/ca\/wp-json\/wp\/v2\/media\/5921"}],"wp:attachment":[{"href":"https:\/\/urquiabas.com\/ca\/wp-json\/wp\/v2\/media?parent=17251"}],"curies":[{"name":"wp","href":"https:\/\/api.w.org\/{rel}","templated":true}]}}