{"id":17286,"date":"2021-04-09T14:08:52","date_gmt":"2021-04-09T12:08:52","guid":{"rendered":"https:\/\/dev01.urquiabas.com\/?page_id=17286"},"modified":"2026-01-12T11:06:23","modified_gmt":"2026-01-12T10:06:23","slug":"arxius-documentals","status":"publish","type":"page","link":"https:\/\/urquiabas.com\/ca\/arxius-documentals\/","title":{"rendered":"Arxius documentals"},"content":{"rendered":"\t\t<div data-elementor-type=\"wp-page\" data-elementor-id=\"17286\" class=\"elementor elementor-17286 elementor-17284\" data-elementor-post-type=\"page\">\n\t\t\t\t<div class=\"elementor-element elementor-element-6788df97 e-flex e-con-boxed e-con e-parent\" data-id=\"6788df97\" data-element_type=\"container\" data-e-type=\"container\">\n\t\t\t\t\t<div class=\"e-con-inner\">\n\t\t\t\t<div class=\"elementor-element elementor-element-3f00dcba elementor-widget elementor-widget-text-editor\" data-id=\"3f00dcba\" data-element_type=\"widget\" data-e-type=\"widget\" data-widget_type=\"text-editor.default\">\n\t\t\t\t\t\t\t\t\t\n<h3 class=\"wp-block-heading\">Caracter\u00edstiques de l&#8217;asseguran\u00e7a<\/h3>\n\n<p><strong>Descripci\u00f3<\/strong><\/p>\n\n<p>S\u00f3n objecte de cobertura d&#8217;aquesta asseguran\u00e7a els documents pertanyents a qualsevol arxiu i en qualsevol format, sempre que puguin ser considerats essencials, hist\u00f2rics o art\u00edstics, declarats en p\u00f2lissa, durant la seva estada en la situaci\u00f3 de risc que s&#8217;hi indica. En les ocasions en qu\u00e8 sigui necessari i pr\u00e8via acceptaci\u00f3 per l&#8217;asseguradora, es podr\u00e0 cobrir el trasllat i l&#8217;estada en exposicions degudament protegides, o per a la restauraci\u00f3 o reenquadernaci\u00f3<\/p>\n\n<p>Aquesta asseguran\u00e7a t\u00e9 per objecte cobrir les p\u00e8rdues patides per l&#8217;assegurat pels danys materials causats directament als b\u00e9ns declarats, en la modalitat de tot risc; \u00e9s a dir, es garanteix tot all\u00f2 que no est\u00e0 espec\u00edficament excl\u00f2s<\/p>\n\n<p>La cobertura de la p\u00f2lissa s&#8217;estableix en valor declarat i sense aplicaci\u00f3 de franqu\u00edcia (excepte les establertes pel Consorci de Compensaci\u00f3 d&#8217;Assegurances, per a les cobertures).<\/p>\n\n<p><strong>Avantatges<\/strong><\/p>\n\n<p>Una asseguran\u00e7a adaptada a les necessitats dels Arxius Documentals, que custodien la Documentaci\u00f3 Essencial i Hist\u00f2rica, amb cobertures \u00e0mplies, i a una taxa de prima competitiva<\/p>\n\n<p>La posibilidad de dar cobertura a los documentos asegurados en casos de traslado temporal para su exposici\u00f3n, restauraci\u00f3n, consulta, etc., siempre que se re\u00fanan condiciones iguales, similares o mejores de seguridad y protecci\u00f3n, a las declaradas en la p\u00f3liza.<\/p>\n\n<p>Tranquil\u00b7litat per a les persones responsables dels arxius que saben que disposaran de recursos econ\u00f2mics per reconstruir-los si es fan malb\u00e9.<\/p>\n\n<p><strong>Cl\u00e0usules especials<\/strong><\/p>\n\n<ul class=\"wp-block-list\">\n<li>Cl\u00e0usules d&#8217;indemnitzaci\u00f3 pel <em>Consorci de Compensaci\u00f3 d&#8217;Assegurances<\/em> de les p\u00e8rdues derivades d&#8217;esdeveniments extraordinaris esdevinguts a Espanya.<\/li>\n\n<li>Cl\u00e0usules de depreciaci\u00f3 o p\u00e8rdua de valor.<\/li>\n\n<li>Cl\u00e0usules de Recompra.<\/li>\n\n<li>Cl\u00e0usules de Processos.<\/li>\n<\/ul>\n\n<p><strong>Cobertures opcionals<\/strong><\/p>\n\n<ul class=\"wp-block-list\">\n<li>Opcionalment, es poden cobrir els danys patits pels continents i\/o proteccions (vidres i marcs), sempre s&#8217;estableixi en p\u00f2lissa i les despeses per a l&#8217;aminoraci\u00f3 de danys.<\/li>\n<\/ul>\n\n<p><strong>Limitaci\u00f3 de cobertura<\/strong><\/p>\n\n<ul class=\"wp-block-list\">\n<li>No queden coberts per aquesta asseguran\u00e7a els danys ocorreguts als b\u00e9ns assegurats quan aquests es trobin sotmesos a un proc\u00e9s de neteja, restauraci\u00f3, digitalitzaci\u00f3 i\/o an\u00e0legs, i <u><strong>aquests danys en siguin conseq\u00fc\u00e8ncia directa<\/strong><\/u>, aix\u00ed com la utilitzaci\u00f3 i manipulaci\u00f3 dels objectes esmentats.<\/li>\n<\/ul>\n\n<div class=\"wp-block-columns\">\n<div class=\"wp-block-column\">\n<div class=\"wp-block-buttons\"><\/div>\n<\/div>\n<\/div>\n\t\t\t\t\t\t\t\t<\/div>\n\t\t<div class=\"elementor-element elementor-element-5756b61 e-con-full e-grid e-con e-child\" data-id=\"5756b61\" data-element_type=\"container\" data-e-type=\"container\">\n\t\t\t\t<div class=\"elementor-element elementor-element-05667e2 elementor-widget elementor-widget-button\" data-id=\"05667e2\" data-element_type=\"widget\" data-e-type=\"widget\" data-widget_type=\"button.default\">\n\t\t\t\t\t\t\t\t\t\t<a class=\"elementor-button elementor-button-link elementor-size-sm\" href=\"https:\/\/app.box.com\/s\/1yzas0c80jzwn8ebdrznw10cwx6vqm36\">\n\t\t\t\t\t\t<span class=\"elementor-button-content-wrapper\">\n\t\t\t\t\t\t\t\t\t<span class=\"elementor-button-text\">Condicions particulars<\/span>\n\t\t\t\t\t<\/span>\n\t\t\t\t\t<\/a>\n\t\t\t\t\t\t\t\t<\/div>\n\t\t\t\t<div class=\"elementor-element elementor-element-65a6ccb elementor-widget elementor-widget-button\" data-id=\"65a6ccb\" data-element_type=\"widget\" data-e-type=\"widget\" data-widget_type=\"button.default\">\n\t\t\t\t\t\t\t\t\t\t<a class=\"elementor-button elementor-button-link elementor-size-sm\" href=\"https:\/\/app.box.com\/s\/zc78n0cneto5ifkhm0bon7q6ill2oeoh\">\n\t\t\t\t\t\t<span class=\"elementor-button-content-wrapper\">\n\t\t\t\t\t\t\t\t\t<span class=\"elementor-button-text\">Condicionat general<\/span>\n\t\t\t\t\t<\/span>\n\t\t\t\t\t<\/a>\n\t\t\t\t\t\t\t\t<\/div>\n\t\t\t\t<\/div>\n\t\t\t\t\t<\/div>\n\t\t\t\t<\/div>\n\t\t<div class=\"elementor-element elementor-element-0d24430 e-flex e-con-boxed e-con e-parent\" data-id=\"0d24430\" data-element_type=\"container\" data-e-type=\"container\">\n\t\t\t\t\t<div class=\"e-con-inner\">\n\t\t\t\t<div class=\"elementor-element elementor-element-50709bb elementor-widget elementor-widget-text-editor\" data-id=\"50709bb\" data-element_type=\"widget\" data-e-type=\"widget\" data-widget_type=\"text-editor.default\">\n\t\t\t\t\t\t\t\t\t<h3 class=\"wp-block-heading\">Com et puc ajudar?<\/h3>\n<p><\/p>\n<p>Deixa&#8217;m les teves dades i em posar\u00e9 en contacte amb tu el m\u00e9s aviat possible.<\/p>\t\t\t\t\t\t\t\t<\/div>\n\t\t\t\t<div class=\"elementor-element elementor-element-fe3d711 elementor-widget elementor-widget-html\" data-id=\"fe3d711\" data-element_type=\"widget\" data-e-type=\"widget\" data-widget_type=\"html.default\">\n\t\t\t\t\t<iframe id=\"tarificador\" src=\"https:\/\/tarificadores.urquiabas.com\/forms\/docu?h=0\" style=\"width: 100%; border: 0; box-shadow: 0 10px 15px -3px rgb(0 0 0 \/ 0.3), 0 4px 30px -4px rgb(0 0 0 \/ 0.3);\"><\/iframe>\r\n<script type=\"text\/javascript\">\r\n        window.dataLayer = window.dataLayer || [];\r\n\twindow.addEventListener('message', function(e) {\r\n\t\tvar tarificador = document.getElementById(\"tarificador\");\r\n\t\tvar eventName = e.data[0];\r\n\t\tvar data = e.data[1];\r\n\t\tswitch(eventName) {\r\n\t\t\tcase 'redirect': {\r\n\t\t\t    \twindow.location.href = data;\r\n\t\t    \t\tbreak;\r\n\t\t\t}\r\n\t\t\tcase 'setHeight': {\r\n\t\t\t\ttarificador.style.height = data + 'px';\r\n\t\t\t\tbreak;\r\n\t\t\t}\r\n\t\t\tcase 'scrollTop': {\r\n                                let tarificadorTop = tarificador.getBoundingClientRect().top + window.scrollY;\r\n\t\t\t\twindow.scrollTo({ top: tarificadorTop, behavior: 'smooth' });\r\n\t\t\t\tbreak;\r\n                        }\r\n                  \tcase 'datalayer': {\r\n                       \t\twindow.dataLayer.push(data);\r\n                  \t}\r\n\t\t}\r\n\t}, false);\t\r\n<\/script>\t\t\t\t<\/div>\n\t\t\t\t\t<\/div>\n\t\t\t\t<\/div>\n\t\t\t\t<\/div>\n\t\t","protected":false},"excerpt":{"rendered":"<p>Caracter\u00edstiques de l&#8217;asseguran\u00e7a Descripci\u00f3 S\u00f3n objecte de cobertura d&#8217;aquesta asseguran\u00e7a els documents pertanyents a qualsevol arxiu i en qualsevol format, sempre que puguin ser considerats essencials, hist\u00f2rics o art\u00edstics, declarats en p\u00f2lissa, durant la seva estada en la situaci\u00f3 de risc que s&#8217;hi indica. En les ocasions en qu\u00e8 sigui necessari i pr\u00e8via acceptaci\u00f3 per [&hellip;]<\/p>\n","protected":false},"author":84,"featured_media":5934,"parent":0,"menu_order":0,"comment_status":"closed","ping_status":"closed","template":"","meta":{"_acf_changed":false,"inline_featured_image":false,"footnotes":""},"class_list":["post-17286","page","type-page","status-publish","has-post-thumbnail","hentry"],"acf":{"contacte":"ramon","titulo":"Segur per a Arxius documentals","id_nex":"330","odoo":"https:\/\/tarificadores.urquiabas.com\/forms\/contacto\/?u=24&o=1&h=0","foto_responsable":"https:\/\/urquiabas.com\/wp-content\/uploads\/2023\/11\/BG_XTena-scaled.jpg","contacte_responsable_email":"xaviertena@urquiabas.com"},"yoast_head":"<!-- This site is optimized with the Yoast SEO plugin v27.3 - https:\/\/yoast.com\/product\/yoast-seo-wordpress\/ -->\n<title>Arxius documentals - Urqu\u00eda&amp;Bas<\/title>\n<meta name=\"description\" content=\"Assegura els arxius essencials, hist\u00f2rics o art\u00edstics, en qualsevol format, de danys durant la seva estada o cust\u00f2dia i, opcionalment, durant el transport.\" \/>\n<meta name=\"robots\" content=\"index, follow, max-snippet:-1, max-image-preview:large, max-video-preview:-1\" \/>\n<link rel=\"canonical\" href=\"https:\/\/urquiabas.com\/ca\/arxius-documentals\/\" \/>\n<meta property=\"og:locale\" content=\"ca_ES\" \/>\n<meta property=\"og:type\" content=\"article\" \/>\n<meta property=\"og:title\" content=\"Arxius documentals - Urqu\u00eda&amp;Bas\" \/>\n<meta property=\"og:description\" content=\"Assegura els arxius essencials, hist\u00f2rics o art\u00edstics, en qualsevol format, de danys durant la seva estada o cust\u00f2dia i, opcionalment, durant el transport.\" \/>\n<meta property=\"og:url\" content=\"https:\/\/urquiabas.com\/ca\/arxius-documentals\/\" \/>\n<meta property=\"og:site_name\" content=\"Urqu\u00eda&amp;Bas\" \/>\n<meta property=\"article:publisher\" content=\"https:\/\/www.facebook.com\/UrquiaBas\/\" \/>\n<meta property=\"article:modified_time\" content=\"2026-01-12T10:06:23+00:00\" \/>\n<meta property=\"og:image\" content=\"https:\/\/urquiabas.com\/wp-content\/uploads\/2015\/05\/header-archivos-documentales.png\" \/>\n\t<meta property=\"og:image:width\" content=\"1200\" \/>\n\t<meta property=\"og:image:height\" content=\"400\" \/>\n\t<meta property=\"og:image:type\" content=\"image\/png\" \/>\n<meta name=\"twitter:card\" content=\"summary_large_image\" \/>\n<meta name=\"twitter:site\" content=\"@BasUrquia\" \/>\n<meta name=\"twitter:label1\" content=\"Temps estimat de lectura\" \/>\n\t<meta name=\"twitter:data1\" content=\"2 minuts\" \/>\n<script type=\"application\/ld+json\" class=\"yoast-schema-graph\">{\"@context\":\"https:\\\/\\\/schema.org\",\"@graph\":[{\"@type\":\"WebPage\",\"@id\":\"https:\\\/\\\/urquiabas.com\\\/ca\\\/arxius-documentals\\\/\",\"url\":\"https:\\\/\\\/urquiabas.com\\\/ca\\\/arxius-documentals\\\/\",\"name\":\"Arxius documentals - Urqu\u00eda&amp;Bas\",\"isPartOf\":{\"@id\":\"https:\\\/\\\/urquiabas.com\\\/#website\"},\"primaryImageOfPage\":{\"@id\":\"https:\\\/\\\/urquiabas.com\\\/ca\\\/arxius-documentals\\\/#primaryimage\"},\"image\":{\"@id\":\"https:\\\/\\\/urquiabas.com\\\/ca\\\/arxius-documentals\\\/#primaryimage\"},\"thumbnailUrl\":\"https:\\\/\\\/urquiabas.com\\\/wp-content\\\/uploads\\\/2015\\\/05\\\/header-archivos-documentales.png\",\"datePublished\":\"2021-04-09T12:08:52+00:00\",\"dateModified\":\"2026-01-12T10:06:23+00:00\",\"description\":\"Assegura els arxius essencials, hist\u00f2rics o art\u00edstics, en qualsevol format, de danys durant la seva estada o cust\u00f2dia i, opcionalment, durant el transport.\",\"breadcrumb\":{\"@id\":\"https:\\\/\\\/urquiabas.com\\\/ca\\\/arxius-documentals\\\/#breadcrumb\"},\"inLanguage\":\"ca\",\"potentialAction\":[{\"@type\":\"ReadAction\",\"target\":[\"https:\\\/\\\/urquiabas.com\\\/ca\\\/arxius-documentals\\\/\"]}]},{\"@type\":\"ImageObject\",\"inLanguage\":\"ca\",\"@id\":\"https:\\\/\\\/urquiabas.com\\\/ca\\\/arxius-documentals\\\/#primaryimage\",\"url\":\"https:\\\/\\\/urquiabas.com\\\/wp-content\\\/uploads\\\/2015\\\/05\\\/header-archivos-documentales.png\",\"contentUrl\":\"https:\\\/\\\/urquiabas.com\\\/wp-content\\\/uploads\\\/2015\\\/05\\\/header-archivos-documentales.png\",\"width\":1200,\"height\":400,\"caption\":\"Archivos documentales\"},{\"@type\":\"BreadcrumbList\",\"@id\":\"https:\\\/\\\/urquiabas.com\\\/ca\\\/arxius-documentals\\\/#breadcrumb\",\"itemListElement\":[{\"@type\":\"ListItem\",\"position\":1,\"name\":\"Portada\",\"item\":\"https:\\\/\\\/urquiabas.com\\\/\"},{\"@type\":\"ListItem\",\"position\":2,\"name\":\"Arxius documentals\"}]},{\"@type\":\"WebSite\",\"@id\":\"https:\\\/\\\/urquiabas.com\\\/#website\",\"url\":\"https:\\\/\\\/urquiabas.com\\\/\",\"name\":\"Urqu\u00eda&amp;Bas\",\"description\":\"Corredur\u00eda de seguros | Lleida\",\"publisher\":{\"@id\":\"https:\\\/\\\/urquiabas.com\\\/#organization\"},\"potentialAction\":[{\"@type\":\"SearchAction\",\"target\":{\"@type\":\"EntryPoint\",\"urlTemplate\":\"https:\\\/\\\/urquiabas.com\\\/?s={search_term_string}\"},\"query-input\":{\"@type\":\"PropertyValueSpecification\",\"valueRequired\":true,\"valueName\":\"search_term_string\"}}],\"inLanguage\":\"ca\"},{\"@type\":\"Organization\",\"@id\":\"https:\\\/\\\/urquiabas.com\\\/#organization\",\"name\":\"Urquia & Bas S.L\",\"url\":\"https:\\\/\\\/urquiabas.com\\\/\",\"logo\":{\"@type\":\"ImageObject\",\"inLanguage\":\"ca\",\"@id\":\"https:\\\/\\\/urquiabas.com\\\/#\\\/schema\\\/logo\\\/image\\\/\",\"url\":\"https:\\\/\\\/urquiabas.com\\\/wp-content\\\/uploads\\\/2018\\\/03\\\/logoubmail2018.jpg\",\"contentUrl\":\"https:\\\/\\\/urquiabas.com\\\/wp-content\\\/uploads\\\/2018\\\/03\\\/logoubmail2018.jpg\",\"width\":258,\"height\":61,\"caption\":\"Urquia & Bas S.L\"},\"image\":{\"@id\":\"https:\\\/\\\/urquiabas.com\\\/#\\\/schema\\\/logo\\\/image\\\/\"},\"sameAs\":[\"https:\\\/\\\/www.facebook.com\\\/UrquiaBas\\\/\",\"https:\\\/\\\/x.com\\\/BasUrquia\",\"https:\\\/\\\/www.instagram.com\\\/urquiabas\\\/\",\"https:\\\/\\\/www.linkedin.com\\\/company\\\/3125928\\\/\"]}]}<\/script>\n<!-- \/ Yoast SEO plugin. -->","yoast_head_json":{"title":"Arxius documentals - Urqu\u00eda&amp;Bas","description":"Assegura els arxius essencials, hist\u00f2rics o art\u00edstics, en qualsevol format, de danys durant la seva estada o cust\u00f2dia i, opcionalment, durant el transport.","robots":{"index":"index","follow":"follow","max-snippet":"max-snippet:-1","max-image-preview":"max-image-preview:large","max-video-preview":"max-video-preview:-1"},"canonical":"https:\/\/urquiabas.com\/ca\/arxius-documentals\/","og_locale":"ca_ES","og_type":"article","og_title":"Arxius documentals - Urqu\u00eda&amp;Bas","og_description":"Assegura els arxius essencials, hist\u00f2rics o art\u00edstics, en qualsevol format, de danys durant la seva estada o cust\u00f2dia i, opcionalment, durant el transport.","og_url":"https:\/\/urquiabas.com\/ca\/arxius-documentals\/","og_site_name":"Urqu\u00eda&amp;Bas","article_publisher":"https:\/\/www.facebook.com\/UrquiaBas\/","article_modified_time":"2026-01-12T10:06:23+00:00","og_image":[{"width":1200,"height":400,"url":"https:\/\/urquiabas.com\/wp-content\/uploads\/2015\/05\/header-archivos-documentales.png","type":"image\/png"}],"twitter_card":"summary_large_image","twitter_site":"@BasUrquia","twitter_misc":{"Temps estimat de lectura":"2 minuts"},"schema":{"@context":"https:\/\/schema.org","@graph":[{"@type":"WebPage","@id":"https:\/\/urquiabas.com\/ca\/arxius-documentals\/","url":"https:\/\/urquiabas.com\/ca\/arxius-documentals\/","name":"Arxius documentals - Urqu\u00eda&amp;Bas","isPartOf":{"@id":"https:\/\/urquiabas.com\/#website"},"primaryImageOfPage":{"@id":"https:\/\/urquiabas.com\/ca\/arxius-documentals\/#primaryimage"},"image":{"@id":"https:\/\/urquiabas.com\/ca\/arxius-documentals\/#primaryimage"},"thumbnailUrl":"https:\/\/urquiabas.com\/wp-content\/uploads\/2015\/05\/header-archivos-documentales.png","datePublished":"2021-04-09T12:08:52+00:00","dateModified":"2026-01-12T10:06:23+00:00","description":"Assegura els arxius essencials, hist\u00f2rics o art\u00edstics, en qualsevol format, de danys durant la seva estada o cust\u00f2dia i, opcionalment, durant el transport.","breadcrumb":{"@id":"https:\/\/urquiabas.com\/ca\/arxius-documentals\/#breadcrumb"},"inLanguage":"ca","potentialAction":[{"@type":"ReadAction","target":["https:\/\/urquiabas.com\/ca\/arxius-documentals\/"]}]},{"@type":"ImageObject","inLanguage":"ca","@id":"https:\/\/urquiabas.com\/ca\/arxius-documentals\/#primaryimage","url":"https:\/\/urquiabas.com\/wp-content\/uploads\/2015\/05\/header-archivos-documentales.png","contentUrl":"https:\/\/urquiabas.com\/wp-content\/uploads\/2015\/05\/header-archivos-documentales.png","width":1200,"height":400,"caption":"Archivos documentales"},{"@type":"BreadcrumbList","@id":"https:\/\/urquiabas.com\/ca\/arxius-documentals\/#breadcrumb","itemListElement":[{"@type":"ListItem","position":1,"name":"Portada","item":"https:\/\/urquiabas.com\/"},{"@type":"ListItem","position":2,"name":"Arxius documentals"}]},{"@type":"WebSite","@id":"https:\/\/urquiabas.com\/#website","url":"https:\/\/urquiabas.com\/","name":"Urqu\u00eda&amp;Bas","description":"Corredur\u00eda de seguros | Lleida","publisher":{"@id":"https:\/\/urquiabas.com\/#organization"},"potentialAction":[{"@type":"SearchAction","target":{"@type":"EntryPoint","urlTemplate":"https:\/\/urquiabas.com\/?s={search_term_string}"},"query-input":{"@type":"PropertyValueSpecification","valueRequired":true,"valueName":"search_term_string"}}],"inLanguage":"ca"},{"@type":"Organization","@id":"https:\/\/urquiabas.com\/#organization","name":"Urquia & Bas S.L","url":"https:\/\/urquiabas.com\/","logo":{"@type":"ImageObject","inLanguage":"ca","@id":"https:\/\/urquiabas.com\/#\/schema\/logo\/image\/","url":"https:\/\/urquiabas.com\/wp-content\/uploads\/2018\/03\/logoubmail2018.jpg","contentUrl":"https:\/\/urquiabas.com\/wp-content\/uploads\/2018\/03\/logoubmail2018.jpg","width":258,"height":61,"caption":"Urquia & Bas S.L"},"image":{"@id":"https:\/\/urquiabas.com\/#\/schema\/logo\/image\/"},"sameAs":["https:\/\/www.facebook.com\/UrquiaBas\/","https:\/\/x.com\/BasUrquia","https:\/\/www.instagram.com\/urquiabas\/","https:\/\/www.linkedin.com\/company\/3125928\/"]}]}},"_links":{"self":[{"href":"https:\/\/urquiabas.com\/ca\/wp-json\/wp\/v2\/pages\/17286","targetHints":{"allow":["GET"]}}],"collection":[{"href":"https:\/\/urquiabas.com\/ca\/wp-json\/wp\/v2\/pages"}],"about":[{"href":"https:\/\/urquiabas.com\/ca\/wp-json\/wp\/v2\/types\/page"}],"author":[{"embeddable":true,"href":"https:\/\/urquiabas.com\/ca\/wp-json\/wp\/v2\/users\/84"}],"replies":[{"embeddable":true,"href":"https:\/\/urquiabas.com\/ca\/wp-json\/wp\/v2\/comments?post=17286"}],"version-history":[{"count":0,"href":"https:\/\/urquiabas.com\/ca\/wp-json\/wp\/v2\/pages\/17286\/revisions"}],"wp:featuredmedia":[{"embeddable":true,"href":"https:\/\/urquiabas.com\/ca\/wp-json\/wp\/v2\/media\/5934"}],"wp:attachment":[{"href":"https:\/\/urquiabas.com\/ca\/wp-json\/wp\/v2\/media?parent=17286"}],"curies":[{"name":"wp","href":"https:\/\/api.w.org\/{rel}","templated":true}]}}