{"id":17292,"date":"2021-04-09T14:24:27","date_gmt":"2021-04-09T12:24:27","guid":{"rendered":"https:\/\/dev01.urquiabas.com\/?page_id=17292"},"modified":"2025-12-04T10:54:00","modified_gmt":"2025-12-04T09:54:00","slug":"defensa-juridica","status":"publish","type":"page","link":"https:\/\/urquiabas.com\/ca\/defensa-juridica\/","title":{"rendered":"Defensa Jur\u00eddica"},"content":{"rendered":"\t\t<div data-elementor-type=\"wp-page\" data-elementor-id=\"17292\" class=\"elementor elementor-17292 elementor-17290\" data-elementor-post-type=\"page\">\n\t\t\t\t<div class=\"elementor-element elementor-element-88a8502 e-flex e-con-boxed e-con e-parent\" data-id=\"88a8502\" data-element_type=\"container\" data-e-type=\"container\" data-settings=\"{&quot;background_background&quot;:&quot;classic&quot;}\">\n\t\t\t\t\t<div class=\"e-con-inner\">\n\t\t<div class=\"elementor-element elementor-element-998a83a e-con-full e-flex e-con e-child\" data-id=\"998a83a\" data-element_type=\"container\" data-e-type=\"container\" data-settings=\"{&quot;background_background&quot;:&quot;classic&quot;}\">\n\t\t\t\t<div class=\"elementor-element elementor-element-40401ac elementor-widget elementor-widget-text-editor\" data-id=\"40401ac\" data-element_type=\"widget\" data-e-type=\"widget\" data-widget_type=\"text-editor.default\">\n\t\t\t\t\t\t\t\t\t<h3 class=\"wp-block-heading\">Caracter\u00edstiques de l&#8217;asseguran\u00e7a<\/h3><p><strong>Descripci\u00f3<\/strong><br \/>Es garanteixen les despeses com advocat i procurador necess\u00e0ries per defensar l&#8217;assegurat per actes de la seva vida particular, familiar, laboral, etc., aix\u00ed com per reclamar pels danys soferts per diferents causes en la seva persona, els seus familiars dependents o en els seus b\u00e9ns.<br \/>A m\u00e9s, l&#8217;asseguradora posa a la vostra disposici\u00f3 un servei d&#8217;assessoria jur\u00eddica permanent.<\/p>\t\t\t\t\t\t\t\t<\/div>\n\t\t\t\t<\/div>\n\t\t<div class=\"elementor-element elementor-element-9679bc2 e-con-full e-flex e-con e-child\" data-id=\"9679bc2\" data-element_type=\"container\" data-e-type=\"container\" data-settings=\"{&quot;background_background&quot;:&quot;classic&quot;}\">\n\t\t\t\t<div class=\"elementor-element elementor-element-6de61d9 elementor-widget elementor-widget-text-editor\" data-id=\"6de61d9\" data-element_type=\"widget\" data-e-type=\"widget\" data-widget_type=\"text-editor.default\">\n\t\t\t\t\t\t\t\t\t<h3><strong>Avantatges<\/strong><\/h3><p>Per a la majoria de les persones (i empreses) que no necessiten habitualment l&#8217;assessorament i serveis d&#8217;un advocat, en tenen prou de contractar aquesta asseguran\u00e7a que, per molt pocs diners, ofereix uns serveis molt extensos per al moment en qu\u00e8 calgui una defensa o reclamaci\u00f3 i que, si no en t\u00e9, segurament els m\u00faltiples inconvenients els dissuadeixen de presentar qualsevol reclamaci\u00f3.<\/p>\t\t\t\t\t\t\t\t<\/div>\n\t\t\t\t<\/div>\n\t\t<div class=\"elementor-element elementor-element-f487e3d e-con-full e-flex e-con e-child\" data-id=\"f487e3d\" data-element_type=\"container\" data-e-type=\"container\" data-settings=\"{&quot;background_background&quot;:&quot;classic&quot;}\">\n\t\t\t\t<div class=\"elementor-element elementor-element-6029d253 elementor-widget elementor-widget-text-editor\" data-id=\"6029d253\" data-element_type=\"widget\" data-e-type=\"widget\" data-widget_type=\"text-editor.default\">\n\t\t\t\t\t\t\t\t\t<h3 class=\"wp-block-heading\">Com puc ajudar-te?<\/h3><p>Deixa&#8217;m les teves dades i em posar\u00e9 en contacte amb tu al m\u00e9s aviat possible.<\/p>\t\t\t\t\t\t\t\t<\/div>\n\t\t\t\t<div class=\"elementor-element elementor-element-17e669e elementor-widget elementor-widget-text-editor\" data-id=\"17e669e\" data-element_type=\"widget\" data-e-type=\"widget\" data-widget_type=\"text-editor.default\">\n\t\t\t\t\t\t\t\t\t<p><iframe id=\"tarificador\" class=\"w-full\" src=\"http:\/\/tarificadores.urquiabas.com\/forms\/defensajuris?h=0\"><\/iframe><\/p>\t\t\t\t\t\t\t\t<\/div>\n\t\t\t\t<\/div>\n\t\t\t\t\t<\/div>\n\t\t\t\t<\/div>\n\t\t\t\t<\/div>\n\t\t","protected":false},"excerpt":{"rendered":"<p>Caracter\u00edstiques de l&#8217;asseguran\u00e7a Descripci\u00f3Es garanteixen les despeses com advocat i procurador necess\u00e0ries per defensar l&#8217;assegurat per actes de la seva vida particular, familiar, laboral, etc., aix\u00ed com per reclamar pels danys soferts per diferents causes en la seva persona, els seus familiars dependents o en els seus b\u00e9ns.A m\u00e9s, l&#8217;asseguradora posa a la vostra disposici\u00f3 [&hellip;]<\/p>\n","protected":false},"author":5,"featured_media":17263,"parent":0,"menu_order":0,"comment_status":"closed","ping_status":"closed","template":"","meta":{"_acf_changed":true,"inline_featured_image":false,"footnotes":""},"class_list":["post-17292","page","type-page","status-publish","has-post-thumbnail","hentry"],"acf":{"titulo":"Asseguran\u00e7a Defensa Jur\u00eddica","id_nex":"330","contacte":"tena","responsable":"Xavier Tena","descripcio_contacte":"","text_responsable":"Soy Xavier, ingeniero electr\u00f3nico industrial y con un m\u00e1ster en direcci\u00f3n de empresas. Me uno a Urqu\u00eda&Bas para apoyar a nuestros clientes m\u00e1s exigentes: las empresas. En mi tiempo libre disfruto del cine, la lectura, la monta\u00f1a y la buena comida. Me considero una persona abierta y con ganas de aprender.","contacte_responsable_telefon":"635 36 22 17","odoo":"https:\/\/tarificadores.urquiabas.com\/forms\/contacto\/?u=24&o=1&h=0","cta":"\u00a1Calcula y contrata!","foto_responsable":"https:\/\/urquiabas.com\/wp-content\/uploads\/2023\/11\/BG_XTena-scaled.jpg","contacte_responsable_email":"xaviertena@urquiabas.com"},"yoast_head":"<!-- This site is optimized with the Yoast SEO plugin v27.6 - https:\/\/yoast.com\/product\/yoast-seo-wordpress\/ -->\n<title>Defensa Jur\u00eddica - Urqu\u00eda&amp;Bas<\/title>\n<meta name=\"description\" content=\"Tots, persones f\u00edsiques i jur\u00eddiques, podem necessitar un assessorament legal, protegir els nostres drets davant de tercer o defensar-nos davant d&#039;una reclamaci\u00f3.\" \/>\n<meta name=\"robots\" content=\"index, follow, max-snippet:-1, max-image-preview:large, max-video-preview:-1\" \/>\n<link rel=\"canonical\" href=\"https:\/\/urquiabas.com\/seguro-defensa-juridica\/\" \/>\n<meta property=\"og:locale\" content=\"ca_ES\" \/>\n<meta property=\"og:type\" content=\"article\" \/>\n<meta property=\"og:title\" content=\"Defensa Jur\u00eddica - Urqu\u00eda&amp;Bas\" \/>\n<meta property=\"og:description\" content=\"Tots, persones f\u00edsiques i jur\u00eddiques, podem necessitar un assessorament legal, protegir els nostres drets davant de tercer o defensar-nos davant d&#039;una reclamaci\u00f3.\" \/>\n<meta property=\"og:url\" content=\"https:\/\/urquiabas.com\/seguro-defensa-juridica\/\" \/>\n<meta property=\"og:site_name\" content=\"Urqu\u00eda&amp;Bas\" \/>\n<meta property=\"article:publisher\" content=\"https:\/\/www.facebook.com\/UrquiaBas\/\" \/>\n<meta property=\"article:modified_time\" content=\"2025-12-04T09:54:00+00:00\" \/>\n<meta property=\"og:image\" content=\"https:\/\/urquiabas.com\/wp-content\/uploads\/2021\/04\/Header_defensa_juridica_new.png\" \/>\n\t<meta property=\"og:image:width\" content=\"1920\" \/>\n\t<meta property=\"og:image:height\" content=\"667\" \/>\n\t<meta property=\"og:image:type\" content=\"image\/png\" \/>\n<meta name=\"twitter:card\" content=\"summary_large_image\" \/>\n<meta name=\"twitter:site\" content=\"@BasUrquia\" \/>\n<meta name=\"twitter:label1\" content=\"Temps estimat de lectura\" \/>\n\t<meta name=\"twitter:data1\" content=\"1 minut\" \/>\n<script type=\"application\/ld+json\" class=\"yoast-schema-graph\">{\"@context\":\"https:\\\/\\\/schema.org\",\"@graph\":[{\"@type\":\"WebPage\",\"@id\":\"https:\\\/\\\/urquiabas.com\\\/seguro-defensa-juridica\\\/\",\"url\":\"https:\\\/\\\/urquiabas.com\\\/seguro-defensa-juridica\\\/\",\"name\":\"Defensa Jur\u00eddica - Urqu\u00eda&amp;Bas\",\"isPartOf\":{\"@id\":\"https:\\\/\\\/urquiabas.com\\\/#website\"},\"primaryImageOfPage\":{\"@id\":\"https:\\\/\\\/urquiabas.com\\\/seguro-defensa-juridica\\\/#primaryimage\"},\"image\":{\"@id\":\"https:\\\/\\\/urquiabas.com\\\/seguro-defensa-juridica\\\/#primaryimage\"},\"thumbnailUrl\":\"https:\\\/\\\/urquiabas.com\\\/wp-content\\\/uploads\\\/2021\\\/04\\\/Header_defensa_juridica_new.png\",\"datePublished\":\"2021-04-09T12:24:27+00:00\",\"dateModified\":\"2025-12-04T09:54:00+00:00\",\"description\":\"Tots, persones f\u00edsiques i jur\u00eddiques, podem necessitar un assessorament legal, protegir els nostres drets davant de tercer o defensar-nos davant d'una reclamaci\u00f3.\",\"breadcrumb\":{\"@id\":\"https:\\\/\\\/urquiabas.com\\\/seguro-defensa-juridica\\\/#breadcrumb\"},\"inLanguage\":\"ca\",\"potentialAction\":[{\"@type\":\"ReadAction\",\"target\":[\"https:\\\/\\\/urquiabas.com\\\/seguro-defensa-juridica\\\/\"]}]},{\"@type\":\"ImageObject\",\"inLanguage\":\"ca\",\"@id\":\"https:\\\/\\\/urquiabas.com\\\/seguro-defensa-juridica\\\/#primaryimage\",\"url\":\"https:\\\/\\\/urquiabas.com\\\/wp-content\\\/uploads\\\/2021\\\/04\\\/Header_defensa_juridica_new.png\",\"contentUrl\":\"https:\\\/\\\/urquiabas.com\\\/wp-content\\\/uploads\\\/2021\\\/04\\\/Header_defensa_juridica_new.png\",\"width\":1920,\"height\":667,\"caption\":\"Defensa Jur\u00eddica\"},{\"@type\":\"BreadcrumbList\",\"@id\":\"https:\\\/\\\/urquiabas.com\\\/seguro-defensa-juridica\\\/#breadcrumb\",\"itemListElement\":[{\"@type\":\"ListItem\",\"position\":1,\"name\":\"Portada\",\"item\":\"https:\\\/\\\/urquiabas.com\\\/\"},{\"@type\":\"ListItem\",\"position\":2,\"name\":\"Defensa Jur\u00eddica\"}]},{\"@type\":\"WebSite\",\"@id\":\"https:\\\/\\\/urquiabas.com\\\/#website\",\"url\":\"https:\\\/\\\/urquiabas.com\\\/\",\"name\":\"Urqu\u00eda&amp;Bas\",\"description\":\"Corredur\u00eda de seguros | Lleida\",\"publisher\":{\"@id\":\"https:\\\/\\\/urquiabas.com\\\/#organization\"},\"potentialAction\":[{\"@type\":\"SearchAction\",\"target\":{\"@type\":\"EntryPoint\",\"urlTemplate\":\"https:\\\/\\\/urquiabas.com\\\/?s={search_term_string}\"},\"query-input\":{\"@type\":\"PropertyValueSpecification\",\"valueRequired\":true,\"valueName\":\"search_term_string\"}}],\"inLanguage\":\"ca\"},{\"@type\":\"Organization\",\"@id\":\"https:\\\/\\\/urquiabas.com\\\/#organization\",\"name\":\"Urquia & Bas S.L\",\"url\":\"https:\\\/\\\/urquiabas.com\\\/\",\"logo\":{\"@type\":\"ImageObject\",\"inLanguage\":\"ca\",\"@id\":\"https:\\\/\\\/urquiabas.com\\\/#\\\/schema\\\/logo\\\/image\\\/\",\"url\":\"https:\\\/\\\/urquiabas.com\\\/wp-content\\\/uploads\\\/2026\\\/03\\\/Logo_Positu_FonsTransparent-petit-3.png\",\"contentUrl\":\"https:\\\/\\\/urquiabas.com\\\/wp-content\\\/uploads\\\/2026\\\/03\\\/Logo_Positu_FonsTransparent-petit-3.png\",\"width\":250,\"height\":69,\"caption\":\"Urquia & Bas S.L\"},\"image\":{\"@id\":\"https:\\\/\\\/urquiabas.com\\\/#\\\/schema\\\/logo\\\/image\\\/\"},\"sameAs\":[\"https:\\\/\\\/www.facebook.com\\\/UrquiaBas\\\/\",\"https:\\\/\\\/x.com\\\/BasUrquia\",\"https:\\\/\\\/www.instagram.com\\\/urquiabas\\\/\",\"https:\\\/\\\/www.linkedin.com\\\/company\\\/3125928\\\/\"]}]}<\/script>\n<!-- \/ Yoast SEO plugin. -->","yoast_head_json":{"title":"Defensa Jur\u00eddica - Urqu\u00eda&amp;Bas","description":"Tots, persones f\u00edsiques i jur\u00eddiques, podem necessitar un assessorament legal, protegir els nostres drets davant de tercer o defensar-nos davant d'una reclamaci\u00f3.","robots":{"index":"index","follow":"follow","max-snippet":"max-snippet:-1","max-image-preview":"max-image-preview:large","max-video-preview":"max-video-preview:-1"},"canonical":"https:\/\/urquiabas.com\/seguro-defensa-juridica\/","og_locale":"ca_ES","og_type":"article","og_title":"Defensa Jur\u00eddica - Urqu\u00eda&amp;Bas","og_description":"Tots, persones f\u00edsiques i jur\u00eddiques, podem necessitar un assessorament legal, protegir els nostres drets davant de tercer o defensar-nos davant d'una reclamaci\u00f3.","og_url":"https:\/\/urquiabas.com\/seguro-defensa-juridica\/","og_site_name":"Urqu\u00eda&amp;Bas","article_publisher":"https:\/\/www.facebook.com\/UrquiaBas\/","article_modified_time":"2025-12-04T09:54:00+00:00","og_image":[{"width":1920,"height":667,"url":"https:\/\/urquiabas.com\/wp-content\/uploads\/2021\/04\/Header_defensa_juridica_new.png","type":"image\/png"}],"twitter_card":"summary_large_image","twitter_site":"@BasUrquia","twitter_misc":{"Temps estimat de lectura":"1 minut"},"schema":{"@context":"https:\/\/schema.org","@graph":[{"@type":"WebPage","@id":"https:\/\/urquiabas.com\/seguro-defensa-juridica\/","url":"https:\/\/urquiabas.com\/seguro-defensa-juridica\/","name":"Defensa Jur\u00eddica - Urqu\u00eda&amp;Bas","isPartOf":{"@id":"https:\/\/urquiabas.com\/#website"},"primaryImageOfPage":{"@id":"https:\/\/urquiabas.com\/seguro-defensa-juridica\/#primaryimage"},"image":{"@id":"https:\/\/urquiabas.com\/seguro-defensa-juridica\/#primaryimage"},"thumbnailUrl":"https:\/\/urquiabas.com\/wp-content\/uploads\/2021\/04\/Header_defensa_juridica_new.png","datePublished":"2021-04-09T12:24:27+00:00","dateModified":"2025-12-04T09:54:00+00:00","description":"Tots, persones f\u00edsiques i jur\u00eddiques, podem necessitar un assessorament legal, protegir els nostres drets davant de tercer o defensar-nos davant d'una reclamaci\u00f3.","breadcrumb":{"@id":"https:\/\/urquiabas.com\/seguro-defensa-juridica\/#breadcrumb"},"inLanguage":"ca","potentialAction":[{"@type":"ReadAction","target":["https:\/\/urquiabas.com\/seguro-defensa-juridica\/"]}]},{"@type":"ImageObject","inLanguage":"ca","@id":"https:\/\/urquiabas.com\/seguro-defensa-juridica\/#primaryimage","url":"https:\/\/urquiabas.com\/wp-content\/uploads\/2021\/04\/Header_defensa_juridica_new.png","contentUrl":"https:\/\/urquiabas.com\/wp-content\/uploads\/2021\/04\/Header_defensa_juridica_new.png","width":1920,"height":667,"caption":"Defensa Jur\u00eddica"},{"@type":"BreadcrumbList","@id":"https:\/\/urquiabas.com\/seguro-defensa-juridica\/#breadcrumb","itemListElement":[{"@type":"ListItem","position":1,"name":"Portada","item":"https:\/\/urquiabas.com\/"},{"@type":"ListItem","position":2,"name":"Defensa Jur\u00eddica"}]},{"@type":"WebSite","@id":"https:\/\/urquiabas.com\/#website","url":"https:\/\/urquiabas.com\/","name":"Urqu\u00eda&amp;Bas","description":"Corredur\u00eda de seguros | Lleida","publisher":{"@id":"https:\/\/urquiabas.com\/#organization"},"potentialAction":[{"@type":"SearchAction","target":{"@type":"EntryPoint","urlTemplate":"https:\/\/urquiabas.com\/?s={search_term_string}"},"query-input":{"@type":"PropertyValueSpecification","valueRequired":true,"valueName":"search_term_string"}}],"inLanguage":"ca"},{"@type":"Organization","@id":"https:\/\/urquiabas.com\/#organization","name":"Urquia & Bas S.L","url":"https:\/\/urquiabas.com\/","logo":{"@type":"ImageObject","inLanguage":"ca","@id":"https:\/\/urquiabas.com\/#\/schema\/logo\/image\/","url":"https:\/\/urquiabas.com\/wp-content\/uploads\/2026\/03\/Logo_Positu_FonsTransparent-petit-3.png","contentUrl":"https:\/\/urquiabas.com\/wp-content\/uploads\/2026\/03\/Logo_Positu_FonsTransparent-petit-3.png","width":250,"height":69,"caption":"Urquia & Bas S.L"},"image":{"@id":"https:\/\/urquiabas.com\/#\/schema\/logo\/image\/"},"sameAs":["https:\/\/www.facebook.com\/UrquiaBas\/","https:\/\/x.com\/BasUrquia","https:\/\/www.instagram.com\/urquiabas\/","https:\/\/www.linkedin.com\/company\/3125928\/"]}]}},"_links":{"self":[{"href":"https:\/\/urquiabas.com\/ca\/wp-json\/wp\/v2\/pages\/17292","targetHints":{"allow":["GET"]}}],"collection":[{"href":"https:\/\/urquiabas.com\/ca\/wp-json\/wp\/v2\/pages"}],"about":[{"href":"https:\/\/urquiabas.com\/ca\/wp-json\/wp\/v2\/types\/page"}],"author":[{"embeddable":true,"href":"https:\/\/urquiabas.com\/ca\/wp-json\/wp\/v2\/users\/5"}],"replies":[{"embeddable":true,"href":"https:\/\/urquiabas.com\/ca\/wp-json\/wp\/v2\/comments?post=17292"}],"version-history":[{"count":0,"href":"https:\/\/urquiabas.com\/ca\/wp-json\/wp\/v2\/pages\/17292\/revisions"}],"wp:featuredmedia":[{"embeddable":true,"href":"https:\/\/urquiabas.com\/ca\/wp-json\/wp\/v2\/media\/17263"}],"wp:attachment":[{"href":"https:\/\/urquiabas.com\/ca\/wp-json\/wp\/v2\/media?parent=17292"}],"curies":[{"name":"wp","href":"https:\/\/api.w.org\/{rel}","templated":true}]}}