{"id":17295,"date":"2021-04-09T14:29:39","date_gmt":"2021-04-09T12:29:39","guid":{"rendered":"https:\/\/dev01.urquiabas.com\/?page_id=17295"},"modified":"2025-12-02T10:28:07","modified_gmt":"2025-12-02T09:28:07","slug":"muntatge-de-maquinaria","status":"publish","type":"page","link":"https:\/\/urquiabas.com\/ca\/muntatge-de-maquinaria\/","title":{"rendered":"Muntatge de maquin\u00e0ria"},"content":{"rendered":"\t\t<div data-elementor-type=\"wp-page\" data-elementor-id=\"17295\" class=\"elementor elementor-17295 elementor-17293\" data-elementor-post-type=\"page\">\n\t\t\t\t<div class=\"elementor-element elementor-element-31ffa44 e-flex e-con-boxed e-con e-parent\" data-id=\"31ffa44\" data-element_type=\"container\" data-e-type=\"container\" data-settings=\"{&quot;background_background&quot;:&quot;classic&quot;}\">\n\t\t\t\t\t<div class=\"e-con-inner\">\n\t\t<div class=\"elementor-element elementor-element-34a1f27 e-con-full e-flex e-con e-child\" data-id=\"34a1f27\" data-element_type=\"container\" data-e-type=\"container\" data-settings=\"{&quot;background_background&quot;:&quot;classic&quot;}\">\n\t\t\t\t<div class=\"elementor-element elementor-element-780b94d3 elementor-widget elementor-widget-text-editor\" data-id=\"780b94d3\" data-element_type=\"widget\" data-e-type=\"widget\" data-widget_type=\"text-editor.default\">\n\t\t\t\t\t\t\t\t\t<h3 class=\"wp-block-heading\"><strong style=\"color: rgb(255, 255, 255); font-size: 20px;\">Descripci\u00f3<\/strong><\/h3><p>L&#8217;asseguran\u00e7a de Muntatge cobreix els danys materials que puguin patir la maquin\u00e0ria i les instal\u00b7lacions des del moment en qu\u00e8 les seves peces arriben al punt de destinaci\u00f3, fins que estan muntades, instal\u00b7lades i provades, de manera que el seu funcionament sigui adequat. S\u00f3n assegurables tota mena de construccions en qu\u00e8 predominin els elements met\u00e0l\u00b7lics, m\u00e9s que pel material en si, pels m\u00e8todes i t\u00e8cniques emprats, que difereixen en gran mesura d&#8217;aquelles de formig\u00f3, cosa que modifica el tipus i la probabilitat dels sinistres . Una central de cogeneraci\u00f3, aerogeneradors, horts solars, plantes de fabricaci\u00f3 formig\u00f3, etc. s\u00f3n riscos susceptibles de ser assegurats per la p\u00f2lissa de muntatge de maquin\u00e0ria. Tamb\u00e9 podeu assegurar-vos per aquest tipus d&#8217;asseguran\u00e7a, la responsabilitat civil del muntatge i la p\u00e8rdua de beneficis conseq\u00fc\u00e8ncia d&#8217;un sinistre cobert.<\/p>\t\t\t\t\t\t\t\t<\/div>\n\t\t\t\t<\/div>\n\t\t<div class=\"elementor-element elementor-element-767bd1a e-con-full e-flex e-con e-child\" data-id=\"767bd1a\" data-element_type=\"container\" data-e-type=\"container\" data-settings=\"{&quot;background_background&quot;:&quot;classic&quot;}\">\n\t\t\t\t<div class=\"elementor-element elementor-element-7f7a76e elementor-widget elementor-widget-text-editor\" data-id=\"7f7a76e\" data-element_type=\"widget\" data-e-type=\"widget\" data-widget_type=\"text-editor.default\">\n\t\t\t\t\t\t\t\t\t<h3>Avantatges<\/h3><p>Cal tenir en compte que la fase m\u00e9s delicada d&#8217;una maquin\u00e0ria o estructura \u00e9s aquella en qu\u00e8 s&#8217;est\u00e0 muntant perqu\u00e8 no t\u00e9 els suports estables, en el cas d&#8217;un pont, o no est\u00e0 contrapesada en el cas d&#8217;una grua , per exemple. L&#8217;assegurat moltes vegades desconeix aquesta probabilitat i es limita a assegurar la maquin\u00e0ria un cop muntada. \u00c9s a dir, durant un temps assumeix un risc innecessari.  <strong>L&#8217;asseguran\u00e7a de muntatge cobreix els b\u00e9ns destinats a ser muntats, durant el dip\u00f2sit, el muntatge i en el per\u00edode de proves.<\/strong><\/p>\t\t\t\t\t\t\t\t<\/div>\n\t\t\t\t<div class=\"elementor-element elementor-element-cb17cca elementor-widget elementor-widget-button\" data-id=\"cb17cca\" data-element_type=\"widget\" data-e-type=\"widget\" data-widget_type=\"button.default\">\n\t\t\t\t\t\t\t\t\t\t<a class=\"elementor-button elementor-button-link elementor-size-sm\" href=\"#tarificador\">\n\t\t\t\t\t\t<span class=\"elementor-button-content-wrapper\">\n\t\t\t\t\t\t\t\t\t<span class=\"elementor-button-text\">Contacta amb nosaltres<\/span>\n\t\t\t\t\t<\/span>\n\t\t\t\t\t<\/a>\n\t\t\t\t\t\t\t\t<\/div>\n\t\t\t\t<\/div>\n\t\t<div class=\"elementor-element elementor-element-c4fda1d e-con-full e-flex e-con e-child\" data-id=\"c4fda1d\" data-element_type=\"container\" data-e-type=\"container\" data-settings=\"{&quot;background_background&quot;:&quot;classic&quot;}\">\n\t\t<div class=\"elementor-element elementor-element-c48a5e1 e-con-full e-flex e-con e-child\" data-id=\"c48a5e1\" data-element_type=\"container\" data-e-type=\"container\">\n\t\t\t\t<div class=\"elementor-element elementor-element-d255c94 elementor-widget elementor-widget-text-editor\" data-id=\"d255c94\" data-element_type=\"widget\" data-e-type=\"widget\" data-widget_type=\"text-editor.default\">\n\t\t\t\t\t\t\t\t\t<div class=\"wp-block-columns\"><div class=\"wp-block-column\"><div class=\"wp-block-buttons\"><h3 class=\"wp-block-button\">Com puc ajudar-te?<\/h3><\/div><\/div><\/div><p>Deixa&#8217;m les teves dades i em posar\u00e9 en contacte amb tu al m\u00e9s aviat possible.<\/p>\t\t\t\t\t\t\t\t<\/div>\n\t\t\t\t<\/div>\n\t\t\t\t<div class=\"elementor-element elementor-element-0d3800f elementor-widget elementor-widget-text-editor\" data-id=\"0d3800f\" data-element_type=\"widget\" data-e-type=\"widget\" data-widget_type=\"text-editor.default\">\n\t\t\t\t\t\t\t\t\t<iframe id=\"tarificador\" class=\"w-full\" style=\"height: 360px\" src=\"http:\/\/tarificadores.urquiabas.com\/forms\/montajemaquinaria?h=0\" frameborder=\"0\" allowfullscreen=\"\"><\/iframe>\t\t\t\t\t\t\t\t<\/div>\n\t\t\t\t<\/div>\n\t\t\t\t\t<\/div>\n\t\t\t\t<\/div>\n\t\t\t\t<\/div>\n\t\t","protected":false},"excerpt":{"rendered":"<p>Descripci\u00f3 L&#8217;asseguran\u00e7a de Muntatge cobreix els danys materials que puguin patir la maquin\u00e0ria i les instal\u00b7lacions des del moment en qu\u00e8 les seves peces arriben al punt de destinaci\u00f3, fins que estan muntades, instal\u00b7lades i provades, de manera que el seu funcionament sigui adequat. S\u00f3n assegurables tota mena de construccions en qu\u00e8 predominin els elements [&hellip;]<\/p>\n","protected":false},"author":84,"featured_media":5899,"parent":0,"menu_order":0,"comment_status":"closed","ping_status":"closed","template":"","meta":{"_acf_changed":false,"inline_featured_image":false,"footnotes":""},"class_list":["post-17295","page","type-page","status-publish","has-post-thumbnail","hentry"],"acf":{"contacte":"tena","foto_responsable":"https:\/\/urquiabas.com\/wp-content\/uploads\/2023\/11\/BG_XTena-scaled.jpg","titulo":"Asseguran\u00e7a per a Muntatge de maquin\u00e0ria","id_nex":"330","odoo":"https:\/\/tarificadores.urquiabas.com\/forms\/contacto\/?u=24&o=1&h=0","contacte_responsable_telefon":"635 36 22 17","contacte_responsable_email":"xaviertena@urquiabas.com","responsable":"Xavier Tena","text_responsable":"S\u00f3c Xavier, enginyer electr\u00f2nic industrial i amb m\u00e0ster en direcci\u00f3 d'empreses. M'uneixo a Urquia&Bas per donar suport als nostres clients m\u00e9s exigents: les empreses. En el meu temps lliure gaudeixo del cinema, la lectura, la muntanya i el bon menjar. Em considero una persona oberta i amb ganes d?aprendre.   "},"yoast_head":"<!-- This site is optimized with the Yoast SEO plugin v27.4 - https:\/\/yoast.com\/product\/yoast-seo-wordpress\/ -->\n<title>Muntatge de maquin\u00e0ria - Urqu\u00eda&amp;Bas<\/title>\n<meta name=\"description\" content=\"El risc de danys a la maquin\u00e0ria no comen\u00e7a una vegada instal\u00b7lada i en marxa, sin\u00f3 des del comen\u00e7ament del muntatge i el transcurs de les proves de funcionament.\" \/>\n<meta name=\"robots\" content=\"index, follow, max-snippet:-1, max-image-preview:large, max-video-preview:-1\" \/>\n<link rel=\"canonical\" href=\"https:\/\/urquiabas.com\/ca\/muntatge-de-maquinaria\/\" \/>\n<meta property=\"og:locale\" content=\"ca_ES\" \/>\n<meta property=\"og:type\" content=\"article\" \/>\n<meta property=\"og:title\" content=\"Muntatge de maquin\u00e0ria - Urqu\u00eda&amp;Bas\" \/>\n<meta property=\"og:description\" content=\"El risc de danys a la maquin\u00e0ria no comen\u00e7a una vegada instal\u00b7lada i en marxa, sin\u00f3 des del comen\u00e7ament del muntatge i el transcurs de les proves de funcionament.\" \/>\n<meta property=\"og:url\" content=\"https:\/\/urquiabas.com\/ca\/muntatge-de-maquinaria\/\" \/>\n<meta property=\"og:site_name\" content=\"Urqu\u00eda&amp;Bas\" \/>\n<meta property=\"article:publisher\" content=\"https:\/\/www.facebook.com\/UrquiaBas\/\" \/>\n<meta property=\"article:modified_time\" content=\"2025-12-02T09:28:07+00:00\" \/>\n<meta property=\"og:image\" content=\"https:\/\/urquiabas.com\/wp-content\/uploads\/2015\/05\/header-montaje-maquinaria.jpg\" \/>\n\t<meta property=\"og:image:width\" content=\"1200\" \/>\n\t<meta property=\"og:image:height\" content=\"400\" \/>\n\t<meta property=\"og:image:type\" content=\"image\/jpeg\" \/>\n<meta name=\"twitter:card\" content=\"summary_large_image\" \/>\n<meta name=\"twitter:site\" content=\"@BasUrquia\" \/>\n<meta name=\"twitter:label1\" content=\"Temps estimat de lectura\" \/>\n\t<meta name=\"twitter:data1\" content=\"1 minut\" \/>\n<script type=\"application\/ld+json\" class=\"yoast-schema-graph\">{\"@context\":\"https:\\\/\\\/schema.org\",\"@graph\":[{\"@type\":\"WebPage\",\"@id\":\"https:\\\/\\\/urquiabas.com\\\/ca\\\/muntatge-de-maquinaria\\\/\",\"url\":\"https:\\\/\\\/urquiabas.com\\\/ca\\\/muntatge-de-maquinaria\\\/\",\"name\":\"Muntatge de maquin\u00e0ria - Urqu\u00eda&amp;Bas\",\"isPartOf\":{\"@id\":\"https:\\\/\\\/urquiabas.com\\\/#website\"},\"primaryImageOfPage\":{\"@id\":\"https:\\\/\\\/urquiabas.com\\\/ca\\\/muntatge-de-maquinaria\\\/#primaryimage\"},\"image\":{\"@id\":\"https:\\\/\\\/urquiabas.com\\\/ca\\\/muntatge-de-maquinaria\\\/#primaryimage\"},\"thumbnailUrl\":\"https:\\\/\\\/urquiabas.com\\\/wp-content\\\/uploads\\\/2015\\\/05\\\/header-montaje-maquinaria.jpg\",\"datePublished\":\"2021-04-09T12:29:39+00:00\",\"dateModified\":\"2025-12-02T09:28:07+00:00\",\"description\":\"El risc de danys a la maquin\u00e0ria no comen\u00e7a una vegada instal\u00b7lada i en marxa, sin\u00f3 des del comen\u00e7ament del muntatge i el transcurs de les proves de funcionament.\",\"breadcrumb\":{\"@id\":\"https:\\\/\\\/urquiabas.com\\\/ca\\\/muntatge-de-maquinaria\\\/#breadcrumb\"},\"inLanguage\":\"ca\",\"potentialAction\":[{\"@type\":\"ReadAction\",\"target\":[\"https:\\\/\\\/urquiabas.com\\\/ca\\\/muntatge-de-maquinaria\\\/\"]}]},{\"@type\":\"ImageObject\",\"inLanguage\":\"ca\",\"@id\":\"https:\\\/\\\/urquiabas.com\\\/ca\\\/muntatge-de-maquinaria\\\/#primaryimage\",\"url\":\"https:\\\/\\\/urquiabas.com\\\/wp-content\\\/uploads\\\/2015\\\/05\\\/header-montaje-maquinaria.jpg\",\"contentUrl\":\"https:\\\/\\\/urquiabas.com\\\/wp-content\\\/uploads\\\/2015\\\/05\\\/header-montaje-maquinaria.jpg\",\"width\":1200,\"height\":400,\"caption\":\"Montaje de maquinaria\"},{\"@type\":\"BreadcrumbList\",\"@id\":\"https:\\\/\\\/urquiabas.com\\\/ca\\\/muntatge-de-maquinaria\\\/#breadcrumb\",\"itemListElement\":[{\"@type\":\"ListItem\",\"position\":1,\"name\":\"Portada\",\"item\":\"https:\\\/\\\/urquiabas.com\\\/\"},{\"@type\":\"ListItem\",\"position\":2,\"name\":\"Muntatge de maquin\u00e0ria\"}]},{\"@type\":\"WebSite\",\"@id\":\"https:\\\/\\\/urquiabas.com\\\/#website\",\"url\":\"https:\\\/\\\/urquiabas.com\\\/\",\"name\":\"Urqu\u00eda&amp;Bas\",\"description\":\"Corredur\u00eda de seguros | Lleida\",\"publisher\":{\"@id\":\"https:\\\/\\\/urquiabas.com\\\/#organization\"},\"potentialAction\":[{\"@type\":\"SearchAction\",\"target\":{\"@type\":\"EntryPoint\",\"urlTemplate\":\"https:\\\/\\\/urquiabas.com\\\/?s={search_term_string}\"},\"query-input\":{\"@type\":\"PropertyValueSpecification\",\"valueRequired\":true,\"valueName\":\"search_term_string\"}}],\"inLanguage\":\"ca\"},{\"@type\":\"Organization\",\"@id\":\"https:\\\/\\\/urquiabas.com\\\/#organization\",\"name\":\"Urquia & Bas S.L\",\"url\":\"https:\\\/\\\/urquiabas.com\\\/\",\"logo\":{\"@type\":\"ImageObject\",\"inLanguage\":\"ca\",\"@id\":\"https:\\\/\\\/urquiabas.com\\\/#\\\/schema\\\/logo\\\/image\\\/\",\"url\":\"https:\\\/\\\/urquiabas.com\\\/wp-content\\\/uploads\\\/2018\\\/03\\\/logoubmail2018.jpg\",\"contentUrl\":\"https:\\\/\\\/urquiabas.com\\\/wp-content\\\/uploads\\\/2018\\\/03\\\/logoubmail2018.jpg\",\"width\":258,\"height\":61,\"caption\":\"Urquia & Bas S.L\"},\"image\":{\"@id\":\"https:\\\/\\\/urquiabas.com\\\/#\\\/schema\\\/logo\\\/image\\\/\"},\"sameAs\":[\"https:\\\/\\\/www.facebook.com\\\/UrquiaBas\\\/\",\"https:\\\/\\\/x.com\\\/BasUrquia\",\"https:\\\/\\\/www.instagram.com\\\/urquiabas\\\/\",\"https:\\\/\\\/www.linkedin.com\\\/company\\\/3125928\\\/\"]}]}<\/script>\n<!-- \/ Yoast SEO plugin. -->","yoast_head_json":{"title":"Muntatge de maquin\u00e0ria - Urqu\u00eda&amp;Bas","description":"El risc de danys a la maquin\u00e0ria no comen\u00e7a una vegada instal\u00b7lada i en marxa, sin\u00f3 des del comen\u00e7ament del muntatge i el transcurs de les proves de funcionament.","robots":{"index":"index","follow":"follow","max-snippet":"max-snippet:-1","max-image-preview":"max-image-preview:large","max-video-preview":"max-video-preview:-1"},"canonical":"https:\/\/urquiabas.com\/ca\/muntatge-de-maquinaria\/","og_locale":"ca_ES","og_type":"article","og_title":"Muntatge de maquin\u00e0ria - Urqu\u00eda&amp;Bas","og_description":"El risc de danys a la maquin\u00e0ria no comen\u00e7a una vegada instal\u00b7lada i en marxa, sin\u00f3 des del comen\u00e7ament del muntatge i el transcurs de les proves de funcionament.","og_url":"https:\/\/urquiabas.com\/ca\/muntatge-de-maquinaria\/","og_site_name":"Urqu\u00eda&amp;Bas","article_publisher":"https:\/\/www.facebook.com\/UrquiaBas\/","article_modified_time":"2025-12-02T09:28:07+00:00","og_image":[{"width":1200,"height":400,"url":"https:\/\/urquiabas.com\/wp-content\/uploads\/2015\/05\/header-montaje-maquinaria.jpg","type":"image\/jpeg"}],"twitter_card":"summary_large_image","twitter_site":"@BasUrquia","twitter_misc":{"Temps estimat de lectura":"1 minut"},"schema":{"@context":"https:\/\/schema.org","@graph":[{"@type":"WebPage","@id":"https:\/\/urquiabas.com\/ca\/muntatge-de-maquinaria\/","url":"https:\/\/urquiabas.com\/ca\/muntatge-de-maquinaria\/","name":"Muntatge de maquin\u00e0ria - Urqu\u00eda&amp;Bas","isPartOf":{"@id":"https:\/\/urquiabas.com\/#website"},"primaryImageOfPage":{"@id":"https:\/\/urquiabas.com\/ca\/muntatge-de-maquinaria\/#primaryimage"},"image":{"@id":"https:\/\/urquiabas.com\/ca\/muntatge-de-maquinaria\/#primaryimage"},"thumbnailUrl":"https:\/\/urquiabas.com\/wp-content\/uploads\/2015\/05\/header-montaje-maquinaria.jpg","datePublished":"2021-04-09T12:29:39+00:00","dateModified":"2025-12-02T09:28:07+00:00","description":"El risc de danys a la maquin\u00e0ria no comen\u00e7a una vegada instal\u00b7lada i en marxa, sin\u00f3 des del comen\u00e7ament del muntatge i el transcurs de les proves de funcionament.","breadcrumb":{"@id":"https:\/\/urquiabas.com\/ca\/muntatge-de-maquinaria\/#breadcrumb"},"inLanguage":"ca","potentialAction":[{"@type":"ReadAction","target":["https:\/\/urquiabas.com\/ca\/muntatge-de-maquinaria\/"]}]},{"@type":"ImageObject","inLanguage":"ca","@id":"https:\/\/urquiabas.com\/ca\/muntatge-de-maquinaria\/#primaryimage","url":"https:\/\/urquiabas.com\/wp-content\/uploads\/2015\/05\/header-montaje-maquinaria.jpg","contentUrl":"https:\/\/urquiabas.com\/wp-content\/uploads\/2015\/05\/header-montaje-maquinaria.jpg","width":1200,"height":400,"caption":"Montaje de maquinaria"},{"@type":"BreadcrumbList","@id":"https:\/\/urquiabas.com\/ca\/muntatge-de-maquinaria\/#breadcrumb","itemListElement":[{"@type":"ListItem","position":1,"name":"Portada","item":"https:\/\/urquiabas.com\/"},{"@type":"ListItem","position":2,"name":"Muntatge de maquin\u00e0ria"}]},{"@type":"WebSite","@id":"https:\/\/urquiabas.com\/#website","url":"https:\/\/urquiabas.com\/","name":"Urqu\u00eda&amp;Bas","description":"Corredur\u00eda de seguros | Lleida","publisher":{"@id":"https:\/\/urquiabas.com\/#organization"},"potentialAction":[{"@type":"SearchAction","target":{"@type":"EntryPoint","urlTemplate":"https:\/\/urquiabas.com\/?s={search_term_string}"},"query-input":{"@type":"PropertyValueSpecification","valueRequired":true,"valueName":"search_term_string"}}],"inLanguage":"ca"},{"@type":"Organization","@id":"https:\/\/urquiabas.com\/#organization","name":"Urquia & Bas S.L","url":"https:\/\/urquiabas.com\/","logo":{"@type":"ImageObject","inLanguage":"ca","@id":"https:\/\/urquiabas.com\/#\/schema\/logo\/image\/","url":"https:\/\/urquiabas.com\/wp-content\/uploads\/2018\/03\/logoubmail2018.jpg","contentUrl":"https:\/\/urquiabas.com\/wp-content\/uploads\/2018\/03\/logoubmail2018.jpg","width":258,"height":61,"caption":"Urquia & Bas S.L"},"image":{"@id":"https:\/\/urquiabas.com\/#\/schema\/logo\/image\/"},"sameAs":["https:\/\/www.facebook.com\/UrquiaBas\/","https:\/\/x.com\/BasUrquia","https:\/\/www.instagram.com\/urquiabas\/","https:\/\/www.linkedin.com\/company\/3125928\/"]}]}},"_links":{"self":[{"href":"https:\/\/urquiabas.com\/ca\/wp-json\/wp\/v2\/pages\/17295","targetHints":{"allow":["GET"]}}],"collection":[{"href":"https:\/\/urquiabas.com\/ca\/wp-json\/wp\/v2\/pages"}],"about":[{"href":"https:\/\/urquiabas.com\/ca\/wp-json\/wp\/v2\/types\/page"}],"author":[{"embeddable":true,"href":"https:\/\/urquiabas.com\/ca\/wp-json\/wp\/v2\/users\/84"}],"replies":[{"embeddable":true,"href":"https:\/\/urquiabas.com\/ca\/wp-json\/wp\/v2\/comments?post=17295"}],"version-history":[{"count":0,"href":"https:\/\/urquiabas.com\/ca\/wp-json\/wp\/v2\/pages\/17295\/revisions"}],"wp:featuredmedia":[{"embeddable":true,"href":"https:\/\/urquiabas.com\/ca\/wp-json\/wp\/v2\/media\/5899"}],"wp:attachment":[{"href":"https:\/\/urquiabas.com\/ca\/wp-json\/wp\/v2\/media?parent=17295"}],"curies":[{"name":"wp","href":"https:\/\/api.w.org\/{rel}","templated":true}]}}