{"id":17298,"date":"2021-04-09T14:34:15","date_gmt":"2021-04-09T12:34:15","guid":{"rendered":"https:\/\/dev01.urquiabas.com\/?page_id=17298"},"modified":"2025-12-02T11:00:42","modified_gmt":"2025-12-02T10:00:42","slug":"perdua-de-beneficis","status":"publish","type":"page","link":"https:\/\/urquiabas.com\/ca\/perdua-de-beneficis\/","title":{"rendered":"P\u00e8rdua de beneficis"},"content":{"rendered":"\t\t<div data-elementor-type=\"wp-page\" data-elementor-id=\"17298\" class=\"elementor elementor-17298 elementor-17296\" data-elementor-post-type=\"page\">\n\t\t\t\t<div class=\"elementor-element elementor-element-7ee42197 e-flex e-con-boxed e-con e-parent\" data-id=\"7ee42197\" data-element_type=\"container\" data-e-type=\"container\" data-settings=\"{&quot;background_background&quot;:&quot;classic&quot;}\">\n\t\t\t\t\t<div class=\"e-con-inner\">\n\t\t<div class=\"elementor-element elementor-element-09e55c4 e-con-full e-flex e-con e-child\" data-id=\"09e55c4\" data-element_type=\"container\" data-e-type=\"container\" data-settings=\"{&quot;background_background&quot;:&quot;classic&quot;}\">\n\t\t\t\t<div class=\"elementor-element elementor-element-5fe22897 elementor-widget elementor-widget-text-editor\" data-id=\"5fe22897\" data-element_type=\"widget\" data-e-type=\"widget\" data-widget_type=\"text-editor.default\">\n\t\t\t\t\t\t\t\t\t\n<p>Per l&#8217;asseguran\u00e7a de p\u00e8rdua de beneficis o lucre cessant l&#8217;assegurador s&#8217;obliga a indemnitzar l&#8217;assegurat un import igual a les despeses permanents de l&#8217;empresa posteriors a l&#8217;ocurr\u00e8ncia d&#8217;un sinistre derivat d&#8217;incendi, explosi\u00f3, danys de car\u00e0cter extraordinari i d&#8217;altres.<br> Tamb\u00e9 es poden assegurar el benefici net no obtingut, \u00e9s a dir, la p\u00e8rdua de rendiment econ\u00f2mic que s&#8217;hagu\u00e9s pogut assolir en una activitat si no s&#8217;hagu\u00e9s produ\u00eft el sinistre.<\/p>\n\n<p>Aquesta asseguran\u00e7a es pot contractar en una p\u00f2lissa independent, o ser una garantia addicional en una p\u00f2lissa d&#8217;un altre ram: de PIMES, comer\u00e7, etc.<\/p>\n\t\t\t\t\t\t\t\t<\/div>\n\t\t\t\t<\/div>\n\t\t<div class=\"elementor-element elementor-element-bb39a23 e-con-full e-flex e-con e-child\" data-id=\"bb39a23\" data-element_type=\"container\" data-e-type=\"container\" data-settings=\"{&quot;background_background&quot;:&quot;classic&quot;}\">\n\t\t\t\t<div class=\"elementor-element elementor-element-da301de elementor-widget elementor-widget-text-editor\" data-id=\"da301de\" data-element_type=\"widget\" data-e-type=\"widget\" data-widget_type=\"text-editor.default\">\n\t\t\t\t\t\t\t\t\t\n<h3>Avantatges<\/h3>\n<p><br>Hi ha certes activitats en qu\u00e8 una paralitzaci\u00f3 deguda a un incendi pot produir p\u00e8rdues tan importants o m\u00e9s que els danys propis als objectes assegurats, comprometent la continu\u00eftat de l&#8217;empresa. En altres, si b\u00e9 l&#8217;impacte no \u00e9s m\u00e9s gran, pot ser suficient que s&#8217;allargui en el temps la tornada a l&#8217;activitat per produir perjudicis importants.<\/p>\n\n<p>Imagineu-vos que hi ha un incendi a la cuina d&#8217;un restaurant; tornar-ho a posar en condicions pot costar tres mesos per\u00f2 en no generar ingressos i haver de continuar fent front a les despeses pot posar l&#8217;assegurat en una situaci\u00f3 delicada.<b><\/b><\/p>\n\n<p><strong>Aquest tipus dasseguran\u00e7a \u00e9s molt complex. Nom\u00e9s una corredoria amb l&#8217;experi\u00e8ncia i el coneixement d&#8217;Urquia &amp; Bas, podr\u00e0 donar-te respostes adequades a les teves necessitats.<\/strong><\/p>\n\t\t\t\t\t\t\t\t<\/div>\n\t\t\t\t<\/div>\n\t\t<div class=\"elementor-element elementor-element-3f0c035 e-con-full e-flex e-con e-child\" data-id=\"3f0c035\" data-element_type=\"container\" data-e-type=\"container\" data-settings=\"{&quot;background_background&quot;:&quot;classic&quot;}\">\n\t\t\t\t<div class=\"elementor-element elementor-element-a984118 elementor-widget elementor-widget-text-editor\" data-id=\"a984118\" data-element_type=\"widget\" data-e-type=\"widget\" data-widget_type=\"text-editor.default\">\n\t\t\t\t\t\t\t\t\t\n<h3 class=\"wp-block-heading\">Com puc ajudar-te?<\/h3>\n\n<p>Deixa&#8217;m les teves dades i em posar\u00e9 en contacte amb tu al m\u00e9s aviat possible.<\/p>\n\t\t\t\t\t\t\t\t<\/div>\n\t\t\t\t<div class=\"elementor-element elementor-element-1ea1674 elementor-widget elementor-widget-text-editor\" data-id=\"1ea1674\" data-element_type=\"widget\" data-e-type=\"widget\" data-widget_type=\"text-editor.default\">\n\t\t\t\t\t\t\t\t\t<iframe id=\"tarificador\" class=\"w-full\" style=\"height: 360px\" src=\"http:\/\/tarificadores.urquiabas.com\/forms\/P%C3%A9rdida%20de%20beneficios?h=0\" frameborder=\"0\" allowfullscreen=\"\"><\/iframe>\t\t\t\t\t\t\t\t<\/div>\n\t\t\t\t<\/div>\n\t\t\t\t\t<\/div>\n\t\t\t\t<\/div>\n\t\t\t\t<\/div>\n\t\t","protected":false},"excerpt":{"rendered":"<p>Per l&#8217;asseguran\u00e7a de p\u00e8rdua de beneficis o lucre cessant l&#8217;assegurador s&#8217;obliga a indemnitzar l&#8217;assegurat un import igual a les despeses permanents de l&#8217;empresa posteriors a l&#8217;ocurr\u00e8ncia d&#8217;un sinistre derivat d&#8217;incendi, explosi\u00f3, danys de car\u00e0cter extraordinari i d&#8217;altres. Tamb\u00e9 es poden assegurar el benefici net no obtingut, \u00e9s a dir, la p\u00e8rdua de rendiment econ\u00f2mic que [&hellip;]<\/p>\n","protected":false},"author":84,"featured_media":17271,"parent":0,"menu_order":0,"comment_status":"closed","ping_status":"closed","template":"","meta":{"_acf_changed":false,"inline_featured_image":false,"footnotes":""},"class_list":["post-17298","page","type-page","status-publish","has-post-thumbnail","hentry"],"acf":{"contacte":"ramon","foto_responsable":false,"titulo":"Asseguran\u00e7a de P\u00e8rdua de beneficis","id_nex":"330","odoo":"https:\/\/tarificadores.urquiabas.com\/forms\/contacto\/?u=24&o=1&h=0","contacte_responsable_telefon":"630 98 44 38","contacte_responsable_email":"ramonurquia@urquiabas.com","responsable":"Ramon de Urqu\u00eda","text_responsable":"S\u00f3c en Ramon d'Urquia, llicenciat en dret i corredor d'assegurances. El primer em permet tenir els coneixements necessaris per avaluar els riscos de responsabilitat civil dels nostres assegurats i el segon, transferir-los a les asseguradores en les condicions m\u00e9s adequades. El meu objectiu \u00e9s protegir el vostre patrimoni personal, oferint la millor soluci\u00f3 asseguradora."},"yoast_head":"<!-- This site is optimized with the Yoast SEO plugin v27.4 - https:\/\/yoast.com\/product\/yoast-seo-wordpress\/ -->\n<title>P\u00e8rdua de beneficis - Urqu\u00eda&amp;Bas<\/title>\n<meta name=\"description\" content=\"Assegura la P\u00e8rdua de Beneficis que pot patir la teva empresa a causa daltres danys ocorreguts; com un incendi, una explosi\u00f3, un risc extraordinari, etc.\" \/>\n<meta name=\"robots\" content=\"index, follow, max-snippet:-1, max-image-preview:large, max-video-preview:-1\" \/>\n<link rel=\"canonical\" href=\"https:\/\/urquiabas.com\/ca\/perdua-de-beneficis\/\" \/>\n<meta property=\"og:locale\" content=\"ca_ES\" \/>\n<meta property=\"og:type\" content=\"article\" \/>\n<meta property=\"og:title\" content=\"P\u00e8rdua de beneficis - Urqu\u00eda&amp;Bas\" \/>\n<meta property=\"og:description\" content=\"Assegura la P\u00e8rdua de Beneficis que pot patir la teva empresa a causa daltres danys ocorreguts; com un incendi, una explosi\u00f3, un risc extraordinari, etc.\" \/>\n<meta property=\"og:url\" content=\"https:\/\/urquiabas.com\/ca\/perdua-de-beneficis\/\" \/>\n<meta property=\"og:site_name\" content=\"Urqu\u00eda&amp;Bas\" \/>\n<meta property=\"article:publisher\" content=\"https:\/\/www.facebook.com\/UrquiaBas\/\" \/>\n<meta property=\"article:modified_time\" content=\"2025-12-02T10:00:42+00:00\" \/>\n<meta property=\"og:image\" content=\"https:\/\/urquiabas.com\/wp-content\/uploads\/2021\/04\/Header_perdida_beneficios_new.png\" \/>\n\t<meta property=\"og:image:width\" content=\"1920\" \/>\n\t<meta property=\"og:image:height\" content=\"667\" \/>\n\t<meta property=\"og:image:type\" content=\"image\/png\" \/>\n<meta name=\"twitter:card\" content=\"summary_large_image\" \/>\n<meta name=\"twitter:site\" content=\"@BasUrquia\" \/>\n<meta name=\"twitter:label1\" content=\"Temps estimat de lectura\" \/>\n\t<meta name=\"twitter:data1\" content=\"1 minut\" \/>\n<script type=\"application\/ld+json\" class=\"yoast-schema-graph\">{\"@context\":\"https:\\\/\\\/schema.org\",\"@graph\":[{\"@type\":\"WebPage\",\"@id\":\"https:\\\/\\\/urquiabas.com\\\/ca\\\/perdua-de-beneficis\\\/\",\"url\":\"https:\\\/\\\/urquiabas.com\\\/ca\\\/perdua-de-beneficis\\\/\",\"name\":\"P\u00e8rdua de beneficis - Urqu\u00eda&amp;Bas\",\"isPartOf\":{\"@id\":\"https:\\\/\\\/urquiabas.com\\\/#website\"},\"primaryImageOfPage\":{\"@id\":\"https:\\\/\\\/urquiabas.com\\\/ca\\\/perdua-de-beneficis\\\/#primaryimage\"},\"image\":{\"@id\":\"https:\\\/\\\/urquiabas.com\\\/ca\\\/perdua-de-beneficis\\\/#primaryimage\"},\"thumbnailUrl\":\"https:\\\/\\\/urquiabas.com\\\/wp-content\\\/uploads\\\/2021\\\/04\\\/Header_perdida_beneficios_new.png\",\"datePublished\":\"2021-04-09T12:34:15+00:00\",\"dateModified\":\"2025-12-02T10:00:42+00:00\",\"description\":\"Assegura la P\u00e8rdua de Beneficis que pot patir la teva empresa a causa daltres danys ocorreguts; com un incendi, una explosi\u00f3, un risc extraordinari, etc.\",\"breadcrumb\":{\"@id\":\"https:\\\/\\\/urquiabas.com\\\/ca\\\/perdua-de-beneficis\\\/#breadcrumb\"},\"inLanguage\":\"ca\",\"potentialAction\":[{\"@type\":\"ReadAction\",\"target\":[\"https:\\\/\\\/urquiabas.com\\\/ca\\\/perdua-de-beneficis\\\/\"]}]},{\"@type\":\"ImageObject\",\"inLanguage\":\"ca\",\"@id\":\"https:\\\/\\\/urquiabas.com\\\/ca\\\/perdua-de-beneficis\\\/#primaryimage\",\"url\":\"https:\\\/\\\/urquiabas.com\\\/wp-content\\\/uploads\\\/2021\\\/04\\\/Header_perdida_beneficios_new.png\",\"contentUrl\":\"https:\\\/\\\/urquiabas.com\\\/wp-content\\\/uploads\\\/2021\\\/04\\\/Header_perdida_beneficios_new.png\",\"width\":1920,\"height\":667,\"caption\":\"P\u00e9rdida de beneficios\"},{\"@type\":\"BreadcrumbList\",\"@id\":\"https:\\\/\\\/urquiabas.com\\\/ca\\\/perdua-de-beneficis\\\/#breadcrumb\",\"itemListElement\":[{\"@type\":\"ListItem\",\"position\":1,\"name\":\"Portada\",\"item\":\"https:\\\/\\\/urquiabas.com\\\/\"},{\"@type\":\"ListItem\",\"position\":2,\"name\":\"P\u00e8rdua de beneficis\"}]},{\"@type\":\"WebSite\",\"@id\":\"https:\\\/\\\/urquiabas.com\\\/#website\",\"url\":\"https:\\\/\\\/urquiabas.com\\\/\",\"name\":\"Urqu\u00eda&amp;Bas\",\"description\":\"Corredur\u00eda de seguros | Lleida\",\"publisher\":{\"@id\":\"https:\\\/\\\/urquiabas.com\\\/#organization\"},\"potentialAction\":[{\"@type\":\"SearchAction\",\"target\":{\"@type\":\"EntryPoint\",\"urlTemplate\":\"https:\\\/\\\/urquiabas.com\\\/?s={search_term_string}\"},\"query-input\":{\"@type\":\"PropertyValueSpecification\",\"valueRequired\":true,\"valueName\":\"search_term_string\"}}],\"inLanguage\":\"ca\"},{\"@type\":\"Organization\",\"@id\":\"https:\\\/\\\/urquiabas.com\\\/#organization\",\"name\":\"Urquia & Bas S.L\",\"url\":\"https:\\\/\\\/urquiabas.com\\\/\",\"logo\":{\"@type\":\"ImageObject\",\"inLanguage\":\"ca\",\"@id\":\"https:\\\/\\\/urquiabas.com\\\/#\\\/schema\\\/logo\\\/image\\\/\",\"url\":\"https:\\\/\\\/urquiabas.com\\\/wp-content\\\/uploads\\\/2018\\\/03\\\/logoubmail2018.jpg\",\"contentUrl\":\"https:\\\/\\\/urquiabas.com\\\/wp-content\\\/uploads\\\/2018\\\/03\\\/logoubmail2018.jpg\",\"width\":258,\"height\":61,\"caption\":\"Urquia & Bas S.L\"},\"image\":{\"@id\":\"https:\\\/\\\/urquiabas.com\\\/#\\\/schema\\\/logo\\\/image\\\/\"},\"sameAs\":[\"https:\\\/\\\/www.facebook.com\\\/UrquiaBas\\\/\",\"https:\\\/\\\/x.com\\\/BasUrquia\",\"https:\\\/\\\/www.instagram.com\\\/urquiabas\\\/\",\"https:\\\/\\\/www.linkedin.com\\\/company\\\/3125928\\\/\"]}]}<\/script>\n<!-- \/ Yoast SEO plugin. -->","yoast_head_json":{"title":"P\u00e8rdua de beneficis - Urqu\u00eda&amp;Bas","description":"Assegura la P\u00e8rdua de Beneficis que pot patir la teva empresa a causa daltres danys ocorreguts; com un incendi, una explosi\u00f3, un risc extraordinari, etc.","robots":{"index":"index","follow":"follow","max-snippet":"max-snippet:-1","max-image-preview":"max-image-preview:large","max-video-preview":"max-video-preview:-1"},"canonical":"https:\/\/urquiabas.com\/ca\/perdua-de-beneficis\/","og_locale":"ca_ES","og_type":"article","og_title":"P\u00e8rdua de beneficis - Urqu\u00eda&amp;Bas","og_description":"Assegura la P\u00e8rdua de Beneficis que pot patir la teva empresa a causa daltres danys ocorreguts; com un incendi, una explosi\u00f3, un risc extraordinari, etc.","og_url":"https:\/\/urquiabas.com\/ca\/perdua-de-beneficis\/","og_site_name":"Urqu\u00eda&amp;Bas","article_publisher":"https:\/\/www.facebook.com\/UrquiaBas\/","article_modified_time":"2025-12-02T10:00:42+00:00","og_image":[{"width":1920,"height":667,"url":"https:\/\/urquiabas.com\/wp-content\/uploads\/2021\/04\/Header_perdida_beneficios_new.png","type":"image\/png"}],"twitter_card":"summary_large_image","twitter_site":"@BasUrquia","twitter_misc":{"Temps estimat de lectura":"1 minut"},"schema":{"@context":"https:\/\/schema.org","@graph":[{"@type":"WebPage","@id":"https:\/\/urquiabas.com\/ca\/perdua-de-beneficis\/","url":"https:\/\/urquiabas.com\/ca\/perdua-de-beneficis\/","name":"P\u00e8rdua de beneficis - Urqu\u00eda&amp;Bas","isPartOf":{"@id":"https:\/\/urquiabas.com\/#website"},"primaryImageOfPage":{"@id":"https:\/\/urquiabas.com\/ca\/perdua-de-beneficis\/#primaryimage"},"image":{"@id":"https:\/\/urquiabas.com\/ca\/perdua-de-beneficis\/#primaryimage"},"thumbnailUrl":"https:\/\/urquiabas.com\/wp-content\/uploads\/2021\/04\/Header_perdida_beneficios_new.png","datePublished":"2021-04-09T12:34:15+00:00","dateModified":"2025-12-02T10:00:42+00:00","description":"Assegura la P\u00e8rdua de Beneficis que pot patir la teva empresa a causa daltres danys ocorreguts; com un incendi, una explosi\u00f3, un risc extraordinari, etc.","breadcrumb":{"@id":"https:\/\/urquiabas.com\/ca\/perdua-de-beneficis\/#breadcrumb"},"inLanguage":"ca","potentialAction":[{"@type":"ReadAction","target":["https:\/\/urquiabas.com\/ca\/perdua-de-beneficis\/"]}]},{"@type":"ImageObject","inLanguage":"ca","@id":"https:\/\/urquiabas.com\/ca\/perdua-de-beneficis\/#primaryimage","url":"https:\/\/urquiabas.com\/wp-content\/uploads\/2021\/04\/Header_perdida_beneficios_new.png","contentUrl":"https:\/\/urquiabas.com\/wp-content\/uploads\/2021\/04\/Header_perdida_beneficios_new.png","width":1920,"height":667,"caption":"P\u00e9rdida de beneficios"},{"@type":"BreadcrumbList","@id":"https:\/\/urquiabas.com\/ca\/perdua-de-beneficis\/#breadcrumb","itemListElement":[{"@type":"ListItem","position":1,"name":"Portada","item":"https:\/\/urquiabas.com\/"},{"@type":"ListItem","position":2,"name":"P\u00e8rdua de beneficis"}]},{"@type":"WebSite","@id":"https:\/\/urquiabas.com\/#website","url":"https:\/\/urquiabas.com\/","name":"Urqu\u00eda&amp;Bas","description":"Corredur\u00eda de seguros | Lleida","publisher":{"@id":"https:\/\/urquiabas.com\/#organization"},"potentialAction":[{"@type":"SearchAction","target":{"@type":"EntryPoint","urlTemplate":"https:\/\/urquiabas.com\/?s={search_term_string}"},"query-input":{"@type":"PropertyValueSpecification","valueRequired":true,"valueName":"search_term_string"}}],"inLanguage":"ca"},{"@type":"Organization","@id":"https:\/\/urquiabas.com\/#organization","name":"Urquia & Bas S.L","url":"https:\/\/urquiabas.com\/","logo":{"@type":"ImageObject","inLanguage":"ca","@id":"https:\/\/urquiabas.com\/#\/schema\/logo\/image\/","url":"https:\/\/urquiabas.com\/wp-content\/uploads\/2018\/03\/logoubmail2018.jpg","contentUrl":"https:\/\/urquiabas.com\/wp-content\/uploads\/2018\/03\/logoubmail2018.jpg","width":258,"height":61,"caption":"Urquia & Bas S.L"},"image":{"@id":"https:\/\/urquiabas.com\/#\/schema\/logo\/image\/"},"sameAs":["https:\/\/www.facebook.com\/UrquiaBas\/","https:\/\/x.com\/BasUrquia","https:\/\/www.instagram.com\/urquiabas\/","https:\/\/www.linkedin.com\/company\/3125928\/"]}]}},"_links":{"self":[{"href":"https:\/\/urquiabas.com\/ca\/wp-json\/wp\/v2\/pages\/17298","targetHints":{"allow":["GET"]}}],"collection":[{"href":"https:\/\/urquiabas.com\/ca\/wp-json\/wp\/v2\/pages"}],"about":[{"href":"https:\/\/urquiabas.com\/ca\/wp-json\/wp\/v2\/types\/page"}],"author":[{"embeddable":true,"href":"https:\/\/urquiabas.com\/ca\/wp-json\/wp\/v2\/users\/84"}],"replies":[{"embeddable":true,"href":"https:\/\/urquiabas.com\/ca\/wp-json\/wp\/v2\/comments?post=17298"}],"version-history":[{"count":0,"href":"https:\/\/urquiabas.com\/ca\/wp-json\/wp\/v2\/pages\/17298\/revisions"}],"wp:featuredmedia":[{"embeddable":true,"href":"https:\/\/urquiabas.com\/ca\/wp-json\/wp\/v2\/media\/17271"}],"wp:attachment":[{"href":"https:\/\/urquiabas.com\/ca\/wp-json\/wp\/v2\/media?parent=17298"}],"curies":[{"name":"wp","href":"https:\/\/api.w.org\/{rel}","templated":true}]}}