{"id":17301,"date":"2021-04-09T14:40:33","date_gmt":"2021-04-09T12:40:33","guid":{"rendered":"https:\/\/dev01.urquiabas.com\/?page_id=17301"},"modified":"2025-12-02T11:56:40","modified_gmt":"2025-12-02T10:56:40","slug":"tot-risc-a-la-construccio","status":"publish","type":"page","link":"https:\/\/urquiabas.com\/ca\/tot-risc-a-la-construccio\/","title":{"rendered":"Tot risc a la construcci\u00f3"},"content":{"rendered":"\t\t<div data-elementor-type=\"wp-page\" data-elementor-id=\"17301\" class=\"elementor elementor-17301 elementor-17299\" data-elementor-post-type=\"page\">\n\t\t\t\t<div class=\"elementor-element elementor-element-57de60b8 e-flex e-con-boxed e-con e-parent\" data-id=\"57de60b8\" data-element_type=\"container\" data-e-type=\"container\" data-settings=\"{&quot;background_background&quot;:&quot;classic&quot;}\">\n\t\t\t\t\t<div class=\"e-con-inner\">\n\t\t<div class=\"elementor-element elementor-element-f5b7a98 e-con-full e-flex e-con e-child\" data-id=\"f5b7a98\" data-element_type=\"container\" data-e-type=\"container\" data-settings=\"{&quot;background_background&quot;:&quot;classic&quot;}\">\n\t\t\t\t<div class=\"elementor-element elementor-element-3ad04887 elementor-widget elementor-widget-text-editor\" data-id=\"3ad04887\" data-element_type=\"widget\" data-e-type=\"widget\" data-widget_type=\"text-editor.default\">\n\t\t\t\t\t\t\t\t\t<p><\/p>\n<h3 class=\"wp-block-heading\"><strong style=\"color: rgb(255, 255, 255); font-size: 20px;\">Descripci\u00f3<\/strong><\/h3><p>Durant el per\u00edode de construcci\u00f3 d&#8217;una obra, ja sigui un edifici o una infraestructura, aquesta est\u00e0 exposada a diversos riscos com ara l&#8217;incendi, l&#8217;explosi\u00f3, el robatori.; tamb\u00e9 es cobreixen els danys per errors en el disseny o execuci\u00f3 de la mateixa.<\/p>\n<p><\/p>\n<p>Aquests danys poden ocasionar-se tant a la pr\u00f2pia obra executada com als materials a peu dobra, la maquin\u00e0ria i els equips de construcci\u00f3, els b\u00e9ns dels treballadors o els subcontractistes.<\/p>\n<p><\/p>\n<p>\u00c9s a dir, hi ha un sense nombre de danys i circumst\u00e0ncies que poden succeir i per culpa de qualsevol dels intervinents a l&#8217;obra o persona estranya a aquesta i que es poden cobrir per un contracte de Tot Risc a la Construcci\u00f3.<\/p>\n<p><\/p>\t\t\t\t\t\t\t\t<\/div>\n\t\t\t\t<\/div>\n\t\t<div class=\"elementor-element elementor-element-371bb4e e-con-full e-flex e-con e-child\" data-id=\"371bb4e\" data-element_type=\"container\" data-e-type=\"container\" data-settings=\"{&quot;background_background&quot;:&quot;classic&quot;}\">\n\t\t\t\t<div class=\"elementor-element elementor-element-cd32a6f elementor-widget elementor-widget-text-editor\" data-id=\"cd32a6f\" data-element_type=\"widget\" data-e-type=\"widget\" data-widget_type=\"text-editor.default\">\n\t\t\t\t\t\t\t\t\t\n<h3>Avantatges<\/h3>\n<p>L&#8217;asseguran\u00e7a de tot risc a la construcci\u00f3 cobreix la substituci\u00f3, la reparaci\u00f3 de danys o la reconstrucci\u00f3, independentment de qui en sigui el causant, durant tot el per\u00edode de l&#8217;obra i fins a dotze mesos posterior a l&#8217;execuci\u00f3 de la mateixa, sense que l&#8217;assegurat -promotor o constructor- havia d&#8217;esperar a la determinaci\u00f3 de responsabilitats per un o altre actuant a l&#8217;obra.<\/p>\n\n<p>A m\u00e9s, el cost d&#8217;aquesta asseguran\u00e7a \u00e9s molt petit pel que fa als capitals que assegura.<\/p>\n\t\t\t\t\t\t\t\t<\/div>\n\t\t\t\t<\/div>\n\t\t<div class=\"elementor-element elementor-element-a34bafb e-con-full e-flex e-con e-child\" data-id=\"a34bafb\" data-element_type=\"container\" data-e-type=\"container\" data-settings=\"{&quot;background_background&quot;:&quot;classic&quot;}\">\n\t\t\t\t<div class=\"elementor-element elementor-element-6df7e0c elementor-widget elementor-widget-text-editor\" data-id=\"6df7e0c\" data-element_type=\"widget\" data-e-type=\"widget\" data-widget_type=\"text-editor.default\">\n\t\t\t\t\t\t\t\t\t\n<p><b>De vegades, al promotor i al constructor li \u00e9s dif\u00edcil con\u00e8ixer quines cobertures necessita per assegurar una obra abans, durant i despr\u00e9s d&#8217;haver-la acabat. La nostra experi\u00e8ncia us servir\u00e0 per con\u00e8ixer totes les possibilitats sobre els riscos a qu\u00e8 est\u00e0 exposat.<\/b><\/p>\n\t\t\t\t\t\t\t\t<\/div>\n\t\t\t\t<\/div>\n\t\t<div class=\"elementor-element elementor-element-a2d34e0 e-con-full e-flex e-con e-child\" data-id=\"a2d34e0\" data-element_type=\"container\" data-e-type=\"container\" data-settings=\"{&quot;background_background&quot;:&quot;classic&quot;}\">\n\t\t\t\t<div class=\"elementor-element elementor-element-3502a98 elementor-widget elementor-widget-text-editor\" data-id=\"3502a98\" data-element_type=\"widget\" data-e-type=\"widget\" data-widget_type=\"text-editor.default\">\n\t\t\t\t\t\t\t\t\t<h3 class=\"wp-block-heading\">Com puc ajudar-te?<\/h3><p>Deixa&#8217;m les teves dades i em posar\u00e9 en contacte amb tu al m\u00e9s aviat possible.<\/p>\t\t\t\t\t\t\t\t<\/div>\n\t\t\t\t<div class=\"elementor-element elementor-element-3c9f510 elementor-widget elementor-widget-text-editor\" data-id=\"3c9f510\" data-element_type=\"widget\" data-e-type=\"widget\" data-widget_type=\"text-editor.default\">\n\t\t\t\t\t\t\t\t\t<iframe id=\"tarificador\" class=\"w-full\" style=\"height: 360px\" src=\"http:\/\/tarificadores.urquiabas.com\/forms\/construcci%C3%B3n?h=0\" frameborder=\"0\" allowfullscreen=\"\"><\/iframe>\t\t\t\t\t\t\t\t<\/div>\n\t\t\t\t<\/div>\n\t\t\t\t\t<\/div>\n\t\t\t\t<\/div>\n\t\t\t\t<\/div>\n\t\t","protected":false},"excerpt":{"rendered":"<p>Descripci\u00f3 Durant el per\u00edode de construcci\u00f3 d&#8217;una obra, ja sigui un edifici o una infraestructura, aquesta est\u00e0 exposada a diversos riscos com ara l&#8217;incendi, l&#8217;explosi\u00f3, el robatori.; tamb\u00e9 es cobreixen els danys per errors en el disseny o execuci\u00f3 de la mateixa. Aquests danys poden ocasionar-se tant a la pr\u00f2pia obra executada com als materials [&hellip;]<\/p>\n","protected":false},"author":84,"featured_media":17277,"parent":0,"menu_order":0,"comment_status":"closed","ping_status":"closed","template":"","meta":{"_acf_changed":false,"inline_featured_image":false,"footnotes":""},"class_list":["post-17301","page","type-page","status-publish","has-post-thumbnail","hentry"],"acf":{"contacte":"ramon","foto_responsable":false,"titulo":"Asseguran\u00e7a Tot risc de construcci\u00f3","id_nex":"330","odoo":"https:\/\/tarificadores.urquiabas.com\/forms\/contacto\/?u=24&o=1&h=0","contacte_responsable_telefon":"630 98 44 38","contacte_responsable_email":"ramonurquia@urquiabas.com","responsable":"Ramon de Urqu\u00eda","text_responsable":"S\u00f3c en Ramon d'Urquia, llicenciat en dret i corredor d'assegurances. El primer em permet tenir els coneixements necessaris per avaluar els riscos de responsabilitat civil dels nostres assegurats i el segon, transferir-los a les asseguradores en les condicions m\u00e9s adequades. El meu objectiu \u00e9s protegir el vostre patrimoni personal, oferint la millor soluci\u00f3 asseguradora.","cta":"\u00a1Calcula i contracta!"},"yoast_head":"<!-- This site is optimized with the Yoast SEO plugin v27.4 - https:\/\/yoast.com\/product\/yoast-seo-wordpress\/ -->\n<title>Tot risc a la construcci\u00f3 - Urqu\u00eda&amp;Bas<\/title>\n<meta name=\"description\" content=\"Assegura l\u00b4obra de construcci\u00f3 des de l\u00b4inici fins al final. Et cobrir\u00e0 tots els riscos inherents al proc\u00e9s constructiu i salvaguardar\u00e0 la inversi\u00f3.\" \/>\n<meta name=\"robots\" content=\"index, follow, max-snippet:-1, max-image-preview:large, max-video-preview:-1\" \/>\n<link rel=\"canonical\" href=\"https:\/\/urquiabas.com\/ca\/tot-risc-a-la-construccio\/\" \/>\n<meta property=\"og:locale\" content=\"ca_ES\" \/>\n<meta property=\"og:type\" content=\"article\" \/>\n<meta property=\"og:title\" content=\"Tot risc a la construcci\u00f3 - Urqu\u00eda&amp;Bas\" \/>\n<meta property=\"og:description\" content=\"Assegura l\u00b4obra de construcci\u00f3 des de l\u00b4inici fins al final. Et cobrir\u00e0 tots els riscos inherents al proc\u00e9s constructiu i salvaguardar\u00e0 la inversi\u00f3.\" \/>\n<meta property=\"og:url\" content=\"https:\/\/urquiabas.com\/ca\/tot-risc-a-la-construccio\/\" \/>\n<meta property=\"og:site_name\" content=\"Urqu\u00eda&amp;Bas\" \/>\n<meta property=\"article:publisher\" content=\"https:\/\/www.facebook.com\/UrquiaBas\/\" \/>\n<meta property=\"article:modified_time\" content=\"2025-12-02T10:56:40+00:00\" \/>\n<meta property=\"og:image\" content=\"https:\/\/urquiabas.com\/wp-content\/uploads\/2021\/04\/Header_riesgo_construccion_new.png\" \/>\n\t<meta property=\"og:image:width\" content=\"1920\" \/>\n\t<meta property=\"og:image:height\" content=\"667\" \/>\n\t<meta property=\"og:image:type\" content=\"image\/png\" \/>\n<meta name=\"twitter:card\" content=\"summary_large_image\" \/>\n<meta name=\"twitter:site\" content=\"@BasUrquia\" \/>\n<meta name=\"twitter:label1\" content=\"Temps estimat de lectura\" \/>\n\t<meta name=\"twitter:data1\" content=\"1 minut\" \/>\n<script type=\"application\/ld+json\" class=\"yoast-schema-graph\">{\"@context\":\"https:\\\/\\\/schema.org\",\"@graph\":[{\"@type\":\"WebPage\",\"@id\":\"https:\\\/\\\/urquiabas.com\\\/ca\\\/tot-risc-a-la-construccio\\\/\",\"url\":\"https:\\\/\\\/urquiabas.com\\\/ca\\\/tot-risc-a-la-construccio\\\/\",\"name\":\"Tot risc a la construcci\u00f3 - Urqu\u00eda&amp;Bas\",\"isPartOf\":{\"@id\":\"https:\\\/\\\/urquiabas.com\\\/#website\"},\"primaryImageOfPage\":{\"@id\":\"https:\\\/\\\/urquiabas.com\\\/ca\\\/tot-risc-a-la-construccio\\\/#primaryimage\"},\"image\":{\"@id\":\"https:\\\/\\\/urquiabas.com\\\/ca\\\/tot-risc-a-la-construccio\\\/#primaryimage\"},\"thumbnailUrl\":\"https:\\\/\\\/urquiabas.com\\\/wp-content\\\/uploads\\\/2021\\\/04\\\/Header_riesgo_construccion_new.png\",\"datePublished\":\"2021-04-09T12:40:33+00:00\",\"dateModified\":\"2025-12-02T10:56:40+00:00\",\"description\":\"Assegura l\u00b4obra de construcci\u00f3 des de l\u00b4inici fins al final. Et cobrir\u00e0 tots els riscos inherents al proc\u00e9s constructiu i salvaguardar\u00e0 la inversi\u00f3.\",\"breadcrumb\":{\"@id\":\"https:\\\/\\\/urquiabas.com\\\/ca\\\/tot-risc-a-la-construccio\\\/#breadcrumb\"},\"inLanguage\":\"ca\",\"potentialAction\":[{\"@type\":\"ReadAction\",\"target\":[\"https:\\\/\\\/urquiabas.com\\\/ca\\\/tot-risc-a-la-construccio\\\/\"]}]},{\"@type\":\"ImageObject\",\"inLanguage\":\"ca\",\"@id\":\"https:\\\/\\\/urquiabas.com\\\/ca\\\/tot-risc-a-la-construccio\\\/#primaryimage\",\"url\":\"https:\\\/\\\/urquiabas.com\\\/wp-content\\\/uploads\\\/2021\\\/04\\\/Header_riesgo_construccion_new.png\",\"contentUrl\":\"https:\\\/\\\/urquiabas.com\\\/wp-content\\\/uploads\\\/2021\\\/04\\\/Header_riesgo_construccion_new.png\",\"width\":1920,\"height\":667},{\"@type\":\"BreadcrumbList\",\"@id\":\"https:\\\/\\\/urquiabas.com\\\/ca\\\/tot-risc-a-la-construccio\\\/#breadcrumb\",\"itemListElement\":[{\"@type\":\"ListItem\",\"position\":1,\"name\":\"Portada\",\"item\":\"https:\\\/\\\/urquiabas.com\\\/\"},{\"@type\":\"ListItem\",\"position\":2,\"name\":\"Tot risc a la construcci\u00f3\"}]},{\"@type\":\"WebSite\",\"@id\":\"https:\\\/\\\/urquiabas.com\\\/#website\",\"url\":\"https:\\\/\\\/urquiabas.com\\\/\",\"name\":\"Urqu\u00eda&amp;Bas\",\"description\":\"Corredur\u00eda de seguros | Lleida\",\"publisher\":{\"@id\":\"https:\\\/\\\/urquiabas.com\\\/#organization\"},\"potentialAction\":[{\"@type\":\"SearchAction\",\"target\":{\"@type\":\"EntryPoint\",\"urlTemplate\":\"https:\\\/\\\/urquiabas.com\\\/?s={search_term_string}\"},\"query-input\":{\"@type\":\"PropertyValueSpecification\",\"valueRequired\":true,\"valueName\":\"search_term_string\"}}],\"inLanguage\":\"ca\"},{\"@type\":\"Organization\",\"@id\":\"https:\\\/\\\/urquiabas.com\\\/#organization\",\"name\":\"Urquia & Bas S.L\",\"url\":\"https:\\\/\\\/urquiabas.com\\\/\",\"logo\":{\"@type\":\"ImageObject\",\"inLanguage\":\"ca\",\"@id\":\"https:\\\/\\\/urquiabas.com\\\/#\\\/schema\\\/logo\\\/image\\\/\",\"url\":\"https:\\\/\\\/urquiabas.com\\\/wp-content\\\/uploads\\\/2018\\\/03\\\/logoubmail2018.jpg\",\"contentUrl\":\"https:\\\/\\\/urquiabas.com\\\/wp-content\\\/uploads\\\/2018\\\/03\\\/logoubmail2018.jpg\",\"width\":258,\"height\":61,\"caption\":\"Urquia & Bas S.L\"},\"image\":{\"@id\":\"https:\\\/\\\/urquiabas.com\\\/#\\\/schema\\\/logo\\\/image\\\/\"},\"sameAs\":[\"https:\\\/\\\/www.facebook.com\\\/UrquiaBas\\\/\",\"https:\\\/\\\/x.com\\\/BasUrquia\",\"https:\\\/\\\/www.instagram.com\\\/urquiabas\\\/\",\"https:\\\/\\\/www.linkedin.com\\\/company\\\/3125928\\\/\"]}]}<\/script>\n<!-- \/ Yoast SEO plugin. -->","yoast_head_json":{"title":"Tot risc a la construcci\u00f3 - Urqu\u00eda&amp;Bas","description":"Assegura l\u00b4obra de construcci\u00f3 des de l\u00b4inici fins al final. Et cobrir\u00e0 tots els riscos inherents al proc\u00e9s constructiu i salvaguardar\u00e0 la inversi\u00f3.","robots":{"index":"index","follow":"follow","max-snippet":"max-snippet:-1","max-image-preview":"max-image-preview:large","max-video-preview":"max-video-preview:-1"},"canonical":"https:\/\/urquiabas.com\/ca\/tot-risc-a-la-construccio\/","og_locale":"ca_ES","og_type":"article","og_title":"Tot risc a la construcci\u00f3 - Urqu\u00eda&amp;Bas","og_description":"Assegura l\u00b4obra de construcci\u00f3 des de l\u00b4inici fins al final. Et cobrir\u00e0 tots els riscos inherents al proc\u00e9s constructiu i salvaguardar\u00e0 la inversi\u00f3.","og_url":"https:\/\/urquiabas.com\/ca\/tot-risc-a-la-construccio\/","og_site_name":"Urqu\u00eda&amp;Bas","article_publisher":"https:\/\/www.facebook.com\/UrquiaBas\/","article_modified_time":"2025-12-02T10:56:40+00:00","og_image":[{"width":1920,"height":667,"url":"https:\/\/urquiabas.com\/wp-content\/uploads\/2021\/04\/Header_riesgo_construccion_new.png","type":"image\/png"}],"twitter_card":"summary_large_image","twitter_site":"@BasUrquia","twitter_misc":{"Temps estimat de lectura":"1 minut"},"schema":{"@context":"https:\/\/schema.org","@graph":[{"@type":"WebPage","@id":"https:\/\/urquiabas.com\/ca\/tot-risc-a-la-construccio\/","url":"https:\/\/urquiabas.com\/ca\/tot-risc-a-la-construccio\/","name":"Tot risc a la construcci\u00f3 - Urqu\u00eda&amp;Bas","isPartOf":{"@id":"https:\/\/urquiabas.com\/#website"},"primaryImageOfPage":{"@id":"https:\/\/urquiabas.com\/ca\/tot-risc-a-la-construccio\/#primaryimage"},"image":{"@id":"https:\/\/urquiabas.com\/ca\/tot-risc-a-la-construccio\/#primaryimage"},"thumbnailUrl":"https:\/\/urquiabas.com\/wp-content\/uploads\/2021\/04\/Header_riesgo_construccion_new.png","datePublished":"2021-04-09T12:40:33+00:00","dateModified":"2025-12-02T10:56:40+00:00","description":"Assegura l\u00b4obra de construcci\u00f3 des de l\u00b4inici fins al final. Et cobrir\u00e0 tots els riscos inherents al proc\u00e9s constructiu i salvaguardar\u00e0 la inversi\u00f3.","breadcrumb":{"@id":"https:\/\/urquiabas.com\/ca\/tot-risc-a-la-construccio\/#breadcrumb"},"inLanguage":"ca","potentialAction":[{"@type":"ReadAction","target":["https:\/\/urquiabas.com\/ca\/tot-risc-a-la-construccio\/"]}]},{"@type":"ImageObject","inLanguage":"ca","@id":"https:\/\/urquiabas.com\/ca\/tot-risc-a-la-construccio\/#primaryimage","url":"https:\/\/urquiabas.com\/wp-content\/uploads\/2021\/04\/Header_riesgo_construccion_new.png","contentUrl":"https:\/\/urquiabas.com\/wp-content\/uploads\/2021\/04\/Header_riesgo_construccion_new.png","width":1920,"height":667},{"@type":"BreadcrumbList","@id":"https:\/\/urquiabas.com\/ca\/tot-risc-a-la-construccio\/#breadcrumb","itemListElement":[{"@type":"ListItem","position":1,"name":"Portada","item":"https:\/\/urquiabas.com\/"},{"@type":"ListItem","position":2,"name":"Tot risc a la construcci\u00f3"}]},{"@type":"WebSite","@id":"https:\/\/urquiabas.com\/#website","url":"https:\/\/urquiabas.com\/","name":"Urqu\u00eda&amp;Bas","description":"Corredur\u00eda de seguros | Lleida","publisher":{"@id":"https:\/\/urquiabas.com\/#organization"},"potentialAction":[{"@type":"SearchAction","target":{"@type":"EntryPoint","urlTemplate":"https:\/\/urquiabas.com\/?s={search_term_string}"},"query-input":{"@type":"PropertyValueSpecification","valueRequired":true,"valueName":"search_term_string"}}],"inLanguage":"ca"},{"@type":"Organization","@id":"https:\/\/urquiabas.com\/#organization","name":"Urquia & Bas S.L","url":"https:\/\/urquiabas.com\/","logo":{"@type":"ImageObject","inLanguage":"ca","@id":"https:\/\/urquiabas.com\/#\/schema\/logo\/image\/","url":"https:\/\/urquiabas.com\/wp-content\/uploads\/2018\/03\/logoubmail2018.jpg","contentUrl":"https:\/\/urquiabas.com\/wp-content\/uploads\/2018\/03\/logoubmail2018.jpg","width":258,"height":61,"caption":"Urquia & Bas S.L"},"image":{"@id":"https:\/\/urquiabas.com\/#\/schema\/logo\/image\/"},"sameAs":["https:\/\/www.facebook.com\/UrquiaBas\/","https:\/\/x.com\/BasUrquia","https:\/\/www.instagram.com\/urquiabas\/","https:\/\/www.linkedin.com\/company\/3125928\/"]}]}},"_links":{"self":[{"href":"https:\/\/urquiabas.com\/ca\/wp-json\/wp\/v2\/pages\/17301","targetHints":{"allow":["GET"]}}],"collection":[{"href":"https:\/\/urquiabas.com\/ca\/wp-json\/wp\/v2\/pages"}],"about":[{"href":"https:\/\/urquiabas.com\/ca\/wp-json\/wp\/v2\/types\/page"}],"author":[{"embeddable":true,"href":"https:\/\/urquiabas.com\/ca\/wp-json\/wp\/v2\/users\/84"}],"replies":[{"embeddable":true,"href":"https:\/\/urquiabas.com\/ca\/wp-json\/wp\/v2\/comments?post=17301"}],"version-history":[{"count":0,"href":"https:\/\/urquiabas.com\/ca\/wp-json\/wp\/v2\/pages\/17301\/revisions"}],"wp:featuredmedia":[{"embeddable":true,"href":"https:\/\/urquiabas.com\/ca\/wp-json\/wp\/v2\/media\/17277"}],"wp:attachment":[{"href":"https:\/\/urquiabas.com\/ca\/wp-json\/wp\/v2\/media?parent=17301"}],"curies":[{"name":"wp","href":"https:\/\/api.w.org\/{rel}","templated":true}]}}