{"id":17304,"date":"2021-04-09T14:48:10","date_gmt":"2021-04-09T12:48:10","guid":{"rendered":"https:\/\/dev01.urquiabas.com\/?page_id=17304"},"modified":"2025-12-02T10:33:13","modified_gmt":"2025-12-02T09:33:13","slug":"multirisc-de-comercos","status":"publish","type":"page","link":"https:\/\/urquiabas.com\/ca\/multirisc-de-comercos\/","title":{"rendered":"Multirisc de Comer\u00e7os"},"content":{"rendered":"\t\t<div data-elementor-type=\"wp-page\" data-elementor-id=\"17304\" class=\"elementor elementor-17304 elementor-17302\" data-elementor-post-type=\"page\">\n\t\t\t\t<div class=\"elementor-element elementor-element-3d9e4334 e-flex e-con-boxed e-con e-parent\" data-id=\"3d9e4334\" data-element_type=\"container\" data-e-type=\"container\" data-settings=\"{&quot;background_background&quot;:&quot;classic&quot;}\">\n\t\t\t\t\t<div class=\"e-con-inner\">\n\t\t<div class=\"elementor-element elementor-element-e5318c9 e-con-full e-flex e-con e-child\" data-id=\"e5318c9\" data-element_type=\"container\" data-e-type=\"container\" data-settings=\"{&quot;background_background&quot;:&quot;classic&quot;}\">\n\t\t\t\t<div class=\"elementor-element elementor-element-351020ec elementor-widget elementor-widget-text-editor\" data-id=\"351020ec\" data-element_type=\"widget\" data-e-type=\"widget\" data-widget_type=\"text-editor.default\">\n\t\t\t\t\t\t\t\t\t<h3 class=\"wp-block-heading\"><strong style=\"color: rgb(255, 255, 255); font-size: 20px;\">Descripci\u00f3<\/strong><\/h3><p>\u00c9s una asseguran\u00e7a on es cobreixen els danys materials a l&#8217;edifici i\/o al mobiliari i les mercaderies del comer\u00e7 derivats de m\u00faltiples circumst\u00e0ncies i que s&#8217;engloben dins d&#8217;un mateix contracte.<br>L&#8217;incendi, l&#8217;explosi\u00f3, els danys per aigua i robatori s\u00f3n algunes de les garanties cobertes.<\/p>\n<p>Tamb\u00e9 s&#8217;hi inclouen els danys ocasionats a altres persones o b\u00e9ns per l&#8217;activitat de l&#8217;assegurat en l&#8217;exercici de la seva activitat comercial.<\/p>\t\t\t\t\t\t\t\t<\/div>\n\t\t\t\t<\/div>\n\t\t<div class=\"elementor-element elementor-element-6f23e7d e-con-full e-flex e-con e-child\" data-id=\"6f23e7d\" data-element_type=\"container\" data-e-type=\"container\" data-settings=\"{&quot;background_background&quot;:&quot;classic&quot;}\">\n\t\t\t\t<div class=\"elementor-element elementor-element-9f99429 elementor-widget elementor-widget-text-editor\" data-id=\"9f99429\" data-element_type=\"widget\" data-e-type=\"widget\" data-widget_type=\"text-editor.default\">\n\t\t\t\t\t\t\t\t\t<h3>Avantatges<\/h3><p>Cada comer\u00e7, per la seva activitat, t\u00e9 certes peculiaritats quant a fluctuacions d&#8217;exist\u00e8ncies, danys que poden patir clients o p\u00e8rdues quantioses per la interrupci\u00f3 de l&#8217;activitat.<\/p><p><strong>Gr\u00e0cies a la nostra experi\u00e8ncia et podem ressaltar aquells sup\u00f2sits que poden afectar especialment el teu negoci, i et proposarem les cobertures m\u00e9s adequades al seu cas.<\/strong><\/p><p>Tot i tractar-se de productes est\u00e0ndard, en general, cobreixen totes les necessitats d&#8217;assegurament del comer\u00e7.<\/p>\t\t\t\t\t\t\t\t<\/div>\n\t\t\t\t<\/div>\n\t\t<div class=\"elementor-element elementor-element-237d425 e-con-full e-flex e-con e-child\" data-id=\"237d425\" data-element_type=\"container\" data-e-type=\"container\" data-settings=\"{&quot;background_background&quot;:&quot;classic&quot;}\">\n\t\t\t\t<div class=\"elementor-element elementor-element-6d4a1e2 elementor-widget elementor-widget-text-editor\" data-id=\"6d4a1e2\" data-element_type=\"widget\" data-e-type=\"widget\" data-widget_type=\"text-editor.default\">\n\t\t\t\t\t\t\t\t\t<h3 class=\"wp-block-heading\">Com puc ajudar-te?<\/h3><p>Deixa&#8217;m les teves dades i em posar\u00e9 en contacte amb tu al m\u00e9s aviat possible.<\/p>\t\t\t\t\t\t\t\t<\/div>\n\t\t\t\t<div class=\"elementor-element elementor-element-8a126a9 elementor-widget elementor-widget-text-editor\" data-id=\"8a126a9\" data-element_type=\"widget\" data-e-type=\"widget\" data-widget_type=\"text-editor.default\">\n\t\t\t\t\t\t\t\t\t<iframe id=\"tarificador\" class=\"w-full\" style=\"height: 360px\" src=\"http:\/\/tarificadores.urquiabas.com\/forms\/comercio?h=0\" frameborder=\"0\" allowfullscreen=\"\"><\/iframe>\t\t\t\t\t\t\t\t<\/div>\n\t\t\t\t<\/div>\n\t\t\t\t\t<\/div>\n\t\t\t\t<\/div>\n\t\t\t\t<\/div>\n\t\t","protected":false},"excerpt":{"rendered":"<p>Descripci\u00f3 \u00c9s una asseguran\u00e7a on es cobreixen els danys materials a l&#8217;edifici i\/o al mobiliari i les mercaderies del comer\u00e7 derivats de m\u00faltiples circumst\u00e0ncies i que s&#8217;engloben dins d&#8217;un mateix contracte.L&#8217;incendi, l&#8217;explosi\u00f3, els danys per aigua i robatori s\u00f3n algunes de les garanties cobertes. Tamb\u00e9 s&#8217;hi inclouen els danys ocasionats a altres persones o b\u00e9ns [&hellip;]<\/p>\n","protected":false},"author":84,"featured_media":5874,"parent":0,"menu_order":0,"comment_status":"closed","ping_status":"closed","template":"","meta":{"_acf_changed":false,"inline_featured_image":false,"footnotes":""},"class_list":["post-17304","page","type-page","status-publish","has-post-thumbnail","hentry"],"acf":{"contacte":"tena","foto_responsable":"https:\/\/urquiabas.com\/wp-content\/uploads\/2023\/11\/BG_XTena-scaled.jpg","titulo":"Asseguran\u00e7a Multirisc de Comer\u00e7os","id_nex":"330","odoo":"http:\/\/tarificadores.urquiabas.com\/forms\/comercio?h=0","contacte_responsable_telefon":"635 36 22 17","contacte_responsable_email":"xaviertena@urquiabas.com","responsable":"Xavier Tena","text_responsable":"S\u00f3c Xavier, enginyer electr\u00f2nic industrial i amb m\u00e0ster en direcci\u00f3 d'empreses. M'uneixo a Urquia&Bas per donar suport als nostres clients m\u00e9s exigents: les empreses. En el meu temps lliure gaudeixo del cinema, la lectura, la muntanya i el bon menjar. Em considero una persona oberta i amb ganes d?aprendre.    "},"yoast_head":"<!-- This site is optimized with the Yoast SEO plugin v27.6 - https:\/\/yoast.com\/product\/yoast-seo-wordpress\/ -->\n<title>Multirisc de Comer\u00e7os - Urqu\u00eda&amp;Bas<\/title>\n<meta name=\"description\" content=\"Assegura el teu comer\u00e7 davant d&#039;imprevistos que causin danys al local, a les obres de reforma i al seu contingut. Tamb\u00e9 davant del mal que puguis ocasional a tercers.\" \/>\n<meta name=\"robots\" content=\"index, follow, max-snippet:-1, max-image-preview:large, max-video-preview:-1\" \/>\n<link rel=\"canonical\" href=\"https:\/\/urquiabas.com\/ca\/multirisc-de-comercos\/\" \/>\n<meta property=\"og:locale\" content=\"ca_ES\" \/>\n<meta property=\"og:type\" content=\"article\" \/>\n<meta property=\"og:title\" content=\"Multirisc de Comer\u00e7os - Urqu\u00eda&amp;Bas\" \/>\n<meta property=\"og:description\" content=\"Assegura el teu comer\u00e7 davant d&#039;imprevistos que causin danys al local, a les obres de reforma i al seu contingut. Tamb\u00e9 davant del mal que puguis ocasional a tercers.\" \/>\n<meta property=\"og:url\" content=\"https:\/\/urquiabas.com\/ca\/multirisc-de-comercos\/\" \/>\n<meta property=\"og:site_name\" content=\"Urqu\u00eda&amp;Bas\" \/>\n<meta property=\"article:publisher\" content=\"https:\/\/www.facebook.com\/UrquiaBas\/\" \/>\n<meta property=\"article:modified_time\" content=\"2025-12-02T09:33:13+00:00\" \/>\n<meta property=\"og:image\" content=\"https:\/\/urquiabas.com\/wp-content\/uploads\/2015\/05\/header-multirriesgo-comercios.jpg\" \/>\n\t<meta property=\"og:image:width\" content=\"1200\" \/>\n\t<meta property=\"og:image:height\" content=\"400\" \/>\n\t<meta property=\"og:image:type\" content=\"image\/jpeg\" \/>\n<meta name=\"twitter:card\" content=\"summary_large_image\" \/>\n<meta name=\"twitter:site\" content=\"@BasUrquia\" \/>\n<meta name=\"twitter:label1\" content=\"Temps estimat de lectura\" \/>\n\t<meta name=\"twitter:data1\" content=\"1 minut\" \/>\n<script type=\"application\/ld+json\" class=\"yoast-schema-graph\">{\"@context\":\"https:\\\/\\\/schema.org\",\"@graph\":[{\"@type\":\"WebPage\",\"@id\":\"https:\\\/\\\/urquiabas.com\\\/ca\\\/multirisc-de-comercos\\\/\",\"url\":\"https:\\\/\\\/urquiabas.com\\\/ca\\\/multirisc-de-comercos\\\/\",\"name\":\"Multirisc de Comer\u00e7os - Urqu\u00eda&amp;Bas\",\"isPartOf\":{\"@id\":\"https:\\\/\\\/urquiabas.com\\\/#website\"},\"primaryImageOfPage\":{\"@id\":\"https:\\\/\\\/urquiabas.com\\\/ca\\\/multirisc-de-comercos\\\/#primaryimage\"},\"image\":{\"@id\":\"https:\\\/\\\/urquiabas.com\\\/ca\\\/multirisc-de-comercos\\\/#primaryimage\"},\"thumbnailUrl\":\"https:\\\/\\\/urquiabas.com\\\/wp-content\\\/uploads\\\/2015\\\/05\\\/header-multirriesgo-comercios.jpg\",\"datePublished\":\"2021-04-09T12:48:10+00:00\",\"dateModified\":\"2025-12-02T09:33:13+00:00\",\"description\":\"Assegura el teu comer\u00e7 davant d'imprevistos que causin danys al local, a les obres de reforma i al seu contingut. Tamb\u00e9 davant del mal que puguis ocasional a tercers.\",\"breadcrumb\":{\"@id\":\"https:\\\/\\\/urquiabas.com\\\/ca\\\/multirisc-de-comercos\\\/#breadcrumb\"},\"inLanguage\":\"ca\",\"potentialAction\":[{\"@type\":\"ReadAction\",\"target\":[\"https:\\\/\\\/urquiabas.com\\\/ca\\\/multirisc-de-comercos\\\/\"]}]},{\"@type\":\"ImageObject\",\"inLanguage\":\"ca\",\"@id\":\"https:\\\/\\\/urquiabas.com\\\/ca\\\/multirisc-de-comercos\\\/#primaryimage\",\"url\":\"https:\\\/\\\/urquiabas.com\\\/wp-content\\\/uploads\\\/2015\\\/05\\\/header-multirriesgo-comercios.jpg\",\"contentUrl\":\"https:\\\/\\\/urquiabas.com\\\/wp-content\\\/uploads\\\/2015\\\/05\\\/header-multirriesgo-comercios.jpg\",\"width\":1200,\"height\":400,\"caption\":\"Multirriesgo de Comercios\"},{\"@type\":\"BreadcrumbList\",\"@id\":\"https:\\\/\\\/urquiabas.com\\\/ca\\\/multirisc-de-comercos\\\/#breadcrumb\",\"itemListElement\":[{\"@type\":\"ListItem\",\"position\":1,\"name\":\"Portada\",\"item\":\"https:\\\/\\\/urquiabas.com\\\/\"},{\"@type\":\"ListItem\",\"position\":2,\"name\":\"Multirisc de Comer\u00e7os\"}]},{\"@type\":\"WebSite\",\"@id\":\"https:\\\/\\\/urquiabas.com\\\/#website\",\"url\":\"https:\\\/\\\/urquiabas.com\\\/\",\"name\":\"Urqu\u00eda&amp;Bas\",\"description\":\"Corredur\u00eda de seguros | Lleida\",\"publisher\":{\"@id\":\"https:\\\/\\\/urquiabas.com\\\/#organization\"},\"potentialAction\":[{\"@type\":\"SearchAction\",\"target\":{\"@type\":\"EntryPoint\",\"urlTemplate\":\"https:\\\/\\\/urquiabas.com\\\/?s={search_term_string}\"},\"query-input\":{\"@type\":\"PropertyValueSpecification\",\"valueRequired\":true,\"valueName\":\"search_term_string\"}}],\"inLanguage\":\"ca\"},{\"@type\":\"Organization\",\"@id\":\"https:\\\/\\\/urquiabas.com\\\/#organization\",\"name\":\"Urquia & Bas S.L\",\"url\":\"https:\\\/\\\/urquiabas.com\\\/\",\"logo\":{\"@type\":\"ImageObject\",\"inLanguage\":\"ca\",\"@id\":\"https:\\\/\\\/urquiabas.com\\\/#\\\/schema\\\/logo\\\/image\\\/\",\"url\":\"https:\\\/\\\/urquiabas.com\\\/wp-content\\\/uploads\\\/2026\\\/03\\\/Logo_Positu_FonsTransparent-petit-3.png\",\"contentUrl\":\"https:\\\/\\\/urquiabas.com\\\/wp-content\\\/uploads\\\/2026\\\/03\\\/Logo_Positu_FonsTransparent-petit-3.png\",\"width\":250,\"height\":69,\"caption\":\"Urquia & Bas S.L\"},\"image\":{\"@id\":\"https:\\\/\\\/urquiabas.com\\\/#\\\/schema\\\/logo\\\/image\\\/\"},\"sameAs\":[\"https:\\\/\\\/www.facebook.com\\\/UrquiaBas\\\/\",\"https:\\\/\\\/x.com\\\/BasUrquia\",\"https:\\\/\\\/www.instagram.com\\\/urquiabas\\\/\",\"https:\\\/\\\/www.linkedin.com\\\/company\\\/3125928\\\/\"]}]}<\/script>\n<!-- \/ Yoast SEO plugin. -->","yoast_head_json":{"title":"Multirisc de Comer\u00e7os - Urqu\u00eda&amp;Bas","description":"Assegura el teu comer\u00e7 davant d'imprevistos que causin danys al local, a les obres de reforma i al seu contingut. Tamb\u00e9 davant del mal que puguis ocasional a tercers.","robots":{"index":"index","follow":"follow","max-snippet":"max-snippet:-1","max-image-preview":"max-image-preview:large","max-video-preview":"max-video-preview:-1"},"canonical":"https:\/\/urquiabas.com\/ca\/multirisc-de-comercos\/","og_locale":"ca_ES","og_type":"article","og_title":"Multirisc de Comer\u00e7os - Urqu\u00eda&amp;Bas","og_description":"Assegura el teu comer\u00e7 davant d'imprevistos que causin danys al local, a les obres de reforma i al seu contingut. Tamb\u00e9 davant del mal que puguis ocasional a tercers.","og_url":"https:\/\/urquiabas.com\/ca\/multirisc-de-comercos\/","og_site_name":"Urqu\u00eda&amp;Bas","article_publisher":"https:\/\/www.facebook.com\/UrquiaBas\/","article_modified_time":"2025-12-02T09:33:13+00:00","og_image":[{"width":1200,"height":400,"url":"https:\/\/urquiabas.com\/wp-content\/uploads\/2015\/05\/header-multirriesgo-comercios.jpg","type":"image\/jpeg"}],"twitter_card":"summary_large_image","twitter_site":"@BasUrquia","twitter_misc":{"Temps estimat de lectura":"1 minut"},"schema":{"@context":"https:\/\/schema.org","@graph":[{"@type":"WebPage","@id":"https:\/\/urquiabas.com\/ca\/multirisc-de-comercos\/","url":"https:\/\/urquiabas.com\/ca\/multirisc-de-comercos\/","name":"Multirisc de Comer\u00e7os - Urqu\u00eda&amp;Bas","isPartOf":{"@id":"https:\/\/urquiabas.com\/#website"},"primaryImageOfPage":{"@id":"https:\/\/urquiabas.com\/ca\/multirisc-de-comercos\/#primaryimage"},"image":{"@id":"https:\/\/urquiabas.com\/ca\/multirisc-de-comercos\/#primaryimage"},"thumbnailUrl":"https:\/\/urquiabas.com\/wp-content\/uploads\/2015\/05\/header-multirriesgo-comercios.jpg","datePublished":"2021-04-09T12:48:10+00:00","dateModified":"2025-12-02T09:33:13+00:00","description":"Assegura el teu comer\u00e7 davant d'imprevistos que causin danys al local, a les obres de reforma i al seu contingut. Tamb\u00e9 davant del mal que puguis ocasional a tercers.","breadcrumb":{"@id":"https:\/\/urquiabas.com\/ca\/multirisc-de-comercos\/#breadcrumb"},"inLanguage":"ca","potentialAction":[{"@type":"ReadAction","target":["https:\/\/urquiabas.com\/ca\/multirisc-de-comercos\/"]}]},{"@type":"ImageObject","inLanguage":"ca","@id":"https:\/\/urquiabas.com\/ca\/multirisc-de-comercos\/#primaryimage","url":"https:\/\/urquiabas.com\/wp-content\/uploads\/2015\/05\/header-multirriesgo-comercios.jpg","contentUrl":"https:\/\/urquiabas.com\/wp-content\/uploads\/2015\/05\/header-multirriesgo-comercios.jpg","width":1200,"height":400,"caption":"Multirriesgo de Comercios"},{"@type":"BreadcrumbList","@id":"https:\/\/urquiabas.com\/ca\/multirisc-de-comercos\/#breadcrumb","itemListElement":[{"@type":"ListItem","position":1,"name":"Portada","item":"https:\/\/urquiabas.com\/"},{"@type":"ListItem","position":2,"name":"Multirisc de Comer\u00e7os"}]},{"@type":"WebSite","@id":"https:\/\/urquiabas.com\/#website","url":"https:\/\/urquiabas.com\/","name":"Urqu\u00eda&amp;Bas","description":"Corredur\u00eda de seguros | Lleida","publisher":{"@id":"https:\/\/urquiabas.com\/#organization"},"potentialAction":[{"@type":"SearchAction","target":{"@type":"EntryPoint","urlTemplate":"https:\/\/urquiabas.com\/?s={search_term_string}"},"query-input":{"@type":"PropertyValueSpecification","valueRequired":true,"valueName":"search_term_string"}}],"inLanguage":"ca"},{"@type":"Organization","@id":"https:\/\/urquiabas.com\/#organization","name":"Urquia & Bas S.L","url":"https:\/\/urquiabas.com\/","logo":{"@type":"ImageObject","inLanguage":"ca","@id":"https:\/\/urquiabas.com\/#\/schema\/logo\/image\/","url":"https:\/\/urquiabas.com\/wp-content\/uploads\/2026\/03\/Logo_Positu_FonsTransparent-petit-3.png","contentUrl":"https:\/\/urquiabas.com\/wp-content\/uploads\/2026\/03\/Logo_Positu_FonsTransparent-petit-3.png","width":250,"height":69,"caption":"Urquia & Bas S.L"},"image":{"@id":"https:\/\/urquiabas.com\/#\/schema\/logo\/image\/"},"sameAs":["https:\/\/www.facebook.com\/UrquiaBas\/","https:\/\/x.com\/BasUrquia","https:\/\/www.instagram.com\/urquiabas\/","https:\/\/www.linkedin.com\/company\/3125928\/"]}]}},"_links":{"self":[{"href":"https:\/\/urquiabas.com\/ca\/wp-json\/wp\/v2\/pages\/17304","targetHints":{"allow":["GET"]}}],"collection":[{"href":"https:\/\/urquiabas.com\/ca\/wp-json\/wp\/v2\/pages"}],"about":[{"href":"https:\/\/urquiabas.com\/ca\/wp-json\/wp\/v2\/types\/page"}],"author":[{"embeddable":true,"href":"https:\/\/urquiabas.com\/ca\/wp-json\/wp\/v2\/users\/84"}],"replies":[{"embeddable":true,"href":"https:\/\/urquiabas.com\/ca\/wp-json\/wp\/v2\/comments?post=17304"}],"version-history":[{"count":0,"href":"https:\/\/urquiabas.com\/ca\/wp-json\/wp\/v2\/pages\/17304\/revisions"}],"wp:featuredmedia":[{"embeddable":true,"href":"https:\/\/urquiabas.com\/ca\/wp-json\/wp\/v2\/media\/5874"}],"wp:attachment":[{"href":"https:\/\/urquiabas.com\/ca\/wp-json\/wp\/v2\/media?parent=17304"}],"curies":[{"name":"wp","href":"https:\/\/api.w.org\/{rel}","templated":true}]}}