{"id":17343,"date":"2021-04-12T14:18:35","date_gmt":"2021-04-12T12:18:35","guid":{"rendered":"https:\/\/dev01.urquiabas.com\/?page_id=17343"},"modified":"2025-12-04T11:56:46","modified_gmt":"2025-12-04T10:56:46","slug":"credit","status":"publish","type":"page","link":"https:\/\/urquiabas.com\/ca\/credit\/","title":{"rendered":"Cr\u00e8dit"},"content":{"rendered":"\t\t<div data-elementor-type=\"wp-page\" data-elementor-id=\"17343\" class=\"elementor elementor-17343 elementor-17341\" data-elementor-post-type=\"page\">\n\t\t\t\t<div class=\"elementor-element elementor-element-35c3fa3f e-flex e-con-boxed e-con e-parent\" data-id=\"35c3fa3f\" data-element_type=\"container\" data-e-type=\"container\" data-settings=\"{&quot;background_background&quot;:&quot;classic&quot;}\">\n\t\t\t\t\t<div class=\"e-con-inner\">\n\t\t<div class=\"elementor-element elementor-element-9efbd72 e-con-full e-flex e-con e-child\" data-id=\"9efbd72\" data-element_type=\"container\" data-e-type=\"container\" data-settings=\"{&quot;background_background&quot;:&quot;classic&quot;}\">\n\t\t\t\t<div class=\"elementor-element elementor-element-289813f elementor-widget elementor-widget-text-editor\" data-id=\"289813f\" data-element_type=\"widget\" data-e-type=\"widget\" data-widget_type=\"text-editor.default\">\n\t\t\t\t\t\t\t\t\t<h3 class=\"wp-block-heading\">Caracter\u00edstiques de l&#8217;asseguran\u00e7a<\/h3><p><strong>Descripci\u00f3<\/strong><br \/>Es garanteix a l&#8217;assegurat el recobrament de les quantitats degudes a l&#8217;assegurat venedor quan el comprador no faci front al pagament del deute.<\/p>\t\t\t\t\t\t\t\t<\/div>\n\t\t\t\t<\/div>\n\t\t<div class=\"elementor-element elementor-element-5b44e01 e-con-full e-flex e-con e-child\" data-id=\"5b44e01\" data-element_type=\"container\" data-e-type=\"container\" data-settings=\"{&quot;background_background&quot;:&quot;classic&quot;}\">\n\t\t\t\t<div class=\"elementor-element elementor-element-6f00a62 elementor-widget elementor-widget-text-editor\" data-id=\"6f00a62\" data-element_type=\"widget\" data-e-type=\"widget\" data-widget_type=\"text-editor.default\">\n\t\t\t\t\t\t\t\t\t<h3><strong>Avantatges<\/strong><\/h3><p>L&#8217;asseguran\u00e7a de cr\u00e8dit \u00e9s un instrument que proporciona estabilitat econ\u00f2mica a l&#8217;empresa en preservar-la dels impagaments. Especialment en \u00e8poques de crisi conjuntural, permet assegurar la perman\u00e8ncia de l&#8217;empresa al mercat.<\/p><p>A m\u00e9s, \u00e9s un instrument molt \u00fatil per \u201catrevir-se\u201d a ampliar la cartera de clients a causa de la informaci\u00f3 que ofereix sobre futurs possibles compradors. D&#8217;altra banda, l&#8217;assegurat participa dels beneficis obtinguts per l&#8217;asseguradora per la sinistralitat baixa; sense que, per contra, ho hagi de fer per les p\u00e8rdues.<b><\/b><\/p><p>Us ajudarem a con\u00e8ixer i obtenir les millors condicions per a aquest tipus d&#8217;asseguran\u00e7a, emmotllant-lo a la vostra empresa i us facilitarem una gesti\u00f3 f\u00e0cil i eficient.<\/p>\t\t\t\t\t\t\t\t<\/div>\n\t\t\t\t<\/div>\n\t\t<div class=\"elementor-element elementor-element-0977f0a e-con-full e-flex e-con e-child\" data-id=\"0977f0a\" data-element_type=\"container\" data-e-type=\"container\" data-settings=\"{&quot;background_background&quot;:&quot;classic&quot;}\">\n\t\t\t\t<div class=\"elementor-element elementor-element-3099f3ff elementor-widget elementor-widget-text-editor\" data-id=\"3099f3ff\" data-element_type=\"widget\" data-e-type=\"widget\" data-widget_type=\"text-editor.default\">\n\t\t\t\t\t\t\t\t\t<h3 class=\"wp-block-heading\">Com puc ajudar-te?<\/h3><p>Deixa&#8217;m les teves dades i em posar\u00e9 en contacte amb tu al m\u00e9s aviat possible.<\/p>\t\t\t\t\t\t\t\t<\/div>\n\t\t\t\t<div class=\"elementor-element elementor-element-7250c26 elementor-widget elementor-widget-text-editor\" data-id=\"7250c26\" data-element_type=\"widget\" data-e-type=\"widget\" data-widget_type=\"text-editor.default\">\n\t\t\t\t\t\t\t\t\t<p><iframe id=\"tarificador\" class=\"w-full\" src=\"http:\/\/tarificadores.urquiabas.com\/forms\/credito?h=0\"><\/iframe><\/p>\t\t\t\t\t\t\t\t<\/div>\n\t\t\t\t<\/div>\n\t\t\t\t\t<\/div>\n\t\t\t\t<\/div>\n\t\t\t\t<\/div>\n\t\t","protected":false},"excerpt":{"rendered":"<p>Caracter\u00edstiques de l&#8217;asseguran\u00e7a Descripci\u00f3Es garanteix a l&#8217;assegurat el recobrament de les quantitats degudes a l&#8217;assegurat venedor quan el comprador no faci front al pagament del deute. Avantatges L&#8217;asseguran\u00e7a de cr\u00e8dit \u00e9s un instrument que proporciona estabilitat econ\u00f2mica a l&#8217;empresa en preservar-la dels impagaments. Especialment en \u00e8poques de crisi conjuntural, permet assegurar la perman\u00e8ncia de l&#8217;empresa [&hellip;]<\/p>\n","protected":false},"author":5,"featured_media":5891,"parent":0,"menu_order":0,"comment_status":"closed","ping_status":"closed","template":"","meta":{"_acf_changed":true,"inline_featured_image":false,"footnotes":""},"class_list":["post-17343","page","type-page","status-publish","has-post-thumbnail","hentry"],"acf":{"titulo":"Asseguran\u00e7a de Cr\u00e8dit","id_nex":"330","contacte":"ramon","responsable":"Marc Llad\u00f3s","descripcio_contacte":"","text_responsable":"","contacte_responsable_telefon":"621171500","contacte_responsable_email":"marcllados@urquiabas.com","odoo":"https:\/\/tarificadores.urquiabas.com\/forms\/contacto\/?u=24&o=1&h=0","cta":"\u00a1Calcula y contrata!","foto_responsable":"https:\/\/urquiabas.com\/wp-content\/uploads\/2025\/01\/BG_Marc-scaled.jpg"},"yoast_head":"<!-- This site is optimized with the Yoast SEO plugin v27.4 - https:\/\/yoast.com\/product\/yoast-seo-wordpress\/ -->\n<title>Cr\u00e8dit - Urqu\u00eda&amp;Bas<\/title>\n<meta name=\"description\" content=\"Assegura les vendes a Cr\u00e8dit, protegir\u00e0s el teu compte de resultats, t&#039;ajudar\u00e0 a finan\u00e7ar-te millor, a vendre m\u00e9s ia explorar nous mercats amb tranquil\u00b7litat.\" \/>\n<meta name=\"robots\" content=\"index, follow, max-snippet:-1, max-image-preview:large, max-video-preview:-1\" \/>\n<link rel=\"canonical\" href=\"https:\/\/urquiabas.com\/seguro-credito\/\" \/>\n<meta property=\"og:locale\" content=\"ca_ES\" \/>\n<meta property=\"og:type\" content=\"article\" \/>\n<meta property=\"og:title\" content=\"Cr\u00e8dit - Urqu\u00eda&amp;Bas\" \/>\n<meta property=\"og:description\" content=\"Assegura les vendes a Cr\u00e8dit, protegir\u00e0s el teu compte de resultats, t&#039;ajudar\u00e0 a finan\u00e7ar-te millor, a vendre m\u00e9s ia explorar nous mercats amb tranquil\u00b7litat.\" \/>\n<meta property=\"og:url\" content=\"https:\/\/urquiabas.com\/seguro-credito\/\" \/>\n<meta property=\"og:site_name\" content=\"Urqu\u00eda&amp;Bas\" \/>\n<meta property=\"article:publisher\" content=\"https:\/\/www.facebook.com\/UrquiaBas\/\" \/>\n<meta property=\"article:modified_time\" content=\"2025-12-04T10:56:46+00:00\" \/>\n<meta property=\"og:image\" content=\"https:\/\/urquiabas.com\/wp-content\/uploads\/2015\/05\/header-credito-e1437560000263.jpg\" \/>\n\t<meta property=\"og:image:width\" content=\"1200\" \/>\n\t<meta property=\"og:image:height\" content=\"400\" \/>\n\t<meta property=\"og:image:type\" content=\"image\/jpeg\" \/>\n<meta name=\"twitter:card\" content=\"summary_large_image\" \/>\n<meta name=\"twitter:site\" content=\"@BasUrquia\" \/>\n<meta name=\"twitter:label1\" content=\"Temps estimat de lectura\" \/>\n\t<meta name=\"twitter:data1\" content=\"1 minut\" \/>\n<script type=\"application\/ld+json\" class=\"yoast-schema-graph\">{\"@context\":\"https:\\\/\\\/schema.org\",\"@graph\":[{\"@type\":\"WebPage\",\"@id\":\"https:\\\/\\\/urquiabas.com\\\/seguro-credito\\\/\",\"url\":\"https:\\\/\\\/urquiabas.com\\\/seguro-credito\\\/\",\"name\":\"Cr\u00e8dit - Urqu\u00eda&amp;Bas\",\"isPartOf\":{\"@id\":\"https:\\\/\\\/urquiabas.com\\\/#website\"},\"primaryImageOfPage\":{\"@id\":\"https:\\\/\\\/urquiabas.com\\\/seguro-credito\\\/#primaryimage\"},\"image\":{\"@id\":\"https:\\\/\\\/urquiabas.com\\\/seguro-credito\\\/#primaryimage\"},\"thumbnailUrl\":\"https:\\\/\\\/urquiabas.com\\\/wp-content\\\/uploads\\\/2015\\\/05\\\/header-credito-e1437560000263.jpg\",\"datePublished\":\"2021-04-12T12:18:35+00:00\",\"dateModified\":\"2025-12-04T10:56:46+00:00\",\"description\":\"Assegura les vendes a Cr\u00e8dit, protegir\u00e0s el teu compte de resultats, t'ajudar\u00e0 a finan\u00e7ar-te millor, a vendre m\u00e9s ia explorar nous mercats amb tranquil\u00b7litat.\",\"breadcrumb\":{\"@id\":\"https:\\\/\\\/urquiabas.com\\\/seguro-credito\\\/#breadcrumb\"},\"inLanguage\":\"ca\",\"potentialAction\":[{\"@type\":\"ReadAction\",\"target\":[\"https:\\\/\\\/urquiabas.com\\\/seguro-credito\\\/\"]}]},{\"@type\":\"ImageObject\",\"inLanguage\":\"ca\",\"@id\":\"https:\\\/\\\/urquiabas.com\\\/seguro-credito\\\/#primaryimage\",\"url\":\"https:\\\/\\\/urquiabas.com\\\/wp-content\\\/uploads\\\/2015\\\/05\\\/header-credito-e1437560000263.jpg\",\"contentUrl\":\"https:\\\/\\\/urquiabas.com\\\/wp-content\\\/uploads\\\/2015\\\/05\\\/header-credito-e1437560000263.jpg\",\"width\":1200,\"height\":400,\"caption\":\"Cr\u00e9dito\"},{\"@type\":\"BreadcrumbList\",\"@id\":\"https:\\\/\\\/urquiabas.com\\\/seguro-credito\\\/#breadcrumb\",\"itemListElement\":[{\"@type\":\"ListItem\",\"position\":1,\"name\":\"Portada\",\"item\":\"https:\\\/\\\/urquiabas.com\\\/\"},{\"@type\":\"ListItem\",\"position\":2,\"name\":\"Cr\u00e8dit\"}]},{\"@type\":\"WebSite\",\"@id\":\"https:\\\/\\\/urquiabas.com\\\/#website\",\"url\":\"https:\\\/\\\/urquiabas.com\\\/\",\"name\":\"Urqu\u00eda&amp;Bas\",\"description\":\"Corredur\u00eda de seguros | Lleida\",\"publisher\":{\"@id\":\"https:\\\/\\\/urquiabas.com\\\/#organization\"},\"potentialAction\":[{\"@type\":\"SearchAction\",\"target\":{\"@type\":\"EntryPoint\",\"urlTemplate\":\"https:\\\/\\\/urquiabas.com\\\/?s={search_term_string}\"},\"query-input\":{\"@type\":\"PropertyValueSpecification\",\"valueRequired\":true,\"valueName\":\"search_term_string\"}}],\"inLanguage\":\"ca\"},{\"@type\":\"Organization\",\"@id\":\"https:\\\/\\\/urquiabas.com\\\/#organization\",\"name\":\"Urquia & Bas S.L\",\"url\":\"https:\\\/\\\/urquiabas.com\\\/\",\"logo\":{\"@type\":\"ImageObject\",\"inLanguage\":\"ca\",\"@id\":\"https:\\\/\\\/urquiabas.com\\\/#\\\/schema\\\/logo\\\/image\\\/\",\"url\":\"https:\\\/\\\/urquiabas.com\\\/wp-content\\\/uploads\\\/2018\\\/03\\\/logoubmail2018.jpg\",\"contentUrl\":\"https:\\\/\\\/urquiabas.com\\\/wp-content\\\/uploads\\\/2018\\\/03\\\/logoubmail2018.jpg\",\"width\":258,\"height\":61,\"caption\":\"Urquia & Bas S.L\"},\"image\":{\"@id\":\"https:\\\/\\\/urquiabas.com\\\/#\\\/schema\\\/logo\\\/image\\\/\"},\"sameAs\":[\"https:\\\/\\\/www.facebook.com\\\/UrquiaBas\\\/\",\"https:\\\/\\\/x.com\\\/BasUrquia\",\"https:\\\/\\\/www.instagram.com\\\/urquiabas\\\/\",\"https:\\\/\\\/www.linkedin.com\\\/company\\\/3125928\\\/\"]}]}<\/script>\n<!-- \/ Yoast SEO plugin. -->","yoast_head_json":{"title":"Cr\u00e8dit - Urqu\u00eda&amp;Bas","description":"Assegura les vendes a Cr\u00e8dit, protegir\u00e0s el teu compte de resultats, t'ajudar\u00e0 a finan\u00e7ar-te millor, a vendre m\u00e9s ia explorar nous mercats amb tranquil\u00b7litat.","robots":{"index":"index","follow":"follow","max-snippet":"max-snippet:-1","max-image-preview":"max-image-preview:large","max-video-preview":"max-video-preview:-1"},"canonical":"https:\/\/urquiabas.com\/seguro-credito\/","og_locale":"ca_ES","og_type":"article","og_title":"Cr\u00e8dit - Urqu\u00eda&amp;Bas","og_description":"Assegura les vendes a Cr\u00e8dit, protegir\u00e0s el teu compte de resultats, t'ajudar\u00e0 a finan\u00e7ar-te millor, a vendre m\u00e9s ia explorar nous mercats amb tranquil\u00b7litat.","og_url":"https:\/\/urquiabas.com\/seguro-credito\/","og_site_name":"Urqu\u00eda&amp;Bas","article_publisher":"https:\/\/www.facebook.com\/UrquiaBas\/","article_modified_time":"2025-12-04T10:56:46+00:00","og_image":[{"width":1200,"height":400,"url":"https:\/\/urquiabas.com\/wp-content\/uploads\/2015\/05\/header-credito-e1437560000263.jpg","type":"image\/jpeg"}],"twitter_card":"summary_large_image","twitter_site":"@BasUrquia","twitter_misc":{"Temps estimat de lectura":"1 minut"},"schema":{"@context":"https:\/\/schema.org","@graph":[{"@type":"WebPage","@id":"https:\/\/urquiabas.com\/seguro-credito\/","url":"https:\/\/urquiabas.com\/seguro-credito\/","name":"Cr\u00e8dit - Urqu\u00eda&amp;Bas","isPartOf":{"@id":"https:\/\/urquiabas.com\/#website"},"primaryImageOfPage":{"@id":"https:\/\/urquiabas.com\/seguro-credito\/#primaryimage"},"image":{"@id":"https:\/\/urquiabas.com\/seguro-credito\/#primaryimage"},"thumbnailUrl":"https:\/\/urquiabas.com\/wp-content\/uploads\/2015\/05\/header-credito-e1437560000263.jpg","datePublished":"2021-04-12T12:18:35+00:00","dateModified":"2025-12-04T10:56:46+00:00","description":"Assegura les vendes a Cr\u00e8dit, protegir\u00e0s el teu compte de resultats, t'ajudar\u00e0 a finan\u00e7ar-te millor, a vendre m\u00e9s ia explorar nous mercats amb tranquil\u00b7litat.","breadcrumb":{"@id":"https:\/\/urquiabas.com\/seguro-credito\/#breadcrumb"},"inLanguage":"ca","potentialAction":[{"@type":"ReadAction","target":["https:\/\/urquiabas.com\/seguro-credito\/"]}]},{"@type":"ImageObject","inLanguage":"ca","@id":"https:\/\/urquiabas.com\/seguro-credito\/#primaryimage","url":"https:\/\/urquiabas.com\/wp-content\/uploads\/2015\/05\/header-credito-e1437560000263.jpg","contentUrl":"https:\/\/urquiabas.com\/wp-content\/uploads\/2015\/05\/header-credito-e1437560000263.jpg","width":1200,"height":400,"caption":"Cr\u00e9dito"},{"@type":"BreadcrumbList","@id":"https:\/\/urquiabas.com\/seguro-credito\/#breadcrumb","itemListElement":[{"@type":"ListItem","position":1,"name":"Portada","item":"https:\/\/urquiabas.com\/"},{"@type":"ListItem","position":2,"name":"Cr\u00e8dit"}]},{"@type":"WebSite","@id":"https:\/\/urquiabas.com\/#website","url":"https:\/\/urquiabas.com\/","name":"Urqu\u00eda&amp;Bas","description":"Corredur\u00eda de seguros | Lleida","publisher":{"@id":"https:\/\/urquiabas.com\/#organization"},"potentialAction":[{"@type":"SearchAction","target":{"@type":"EntryPoint","urlTemplate":"https:\/\/urquiabas.com\/?s={search_term_string}"},"query-input":{"@type":"PropertyValueSpecification","valueRequired":true,"valueName":"search_term_string"}}],"inLanguage":"ca"},{"@type":"Organization","@id":"https:\/\/urquiabas.com\/#organization","name":"Urquia & Bas S.L","url":"https:\/\/urquiabas.com\/","logo":{"@type":"ImageObject","inLanguage":"ca","@id":"https:\/\/urquiabas.com\/#\/schema\/logo\/image\/","url":"https:\/\/urquiabas.com\/wp-content\/uploads\/2018\/03\/logoubmail2018.jpg","contentUrl":"https:\/\/urquiabas.com\/wp-content\/uploads\/2018\/03\/logoubmail2018.jpg","width":258,"height":61,"caption":"Urquia & Bas S.L"},"image":{"@id":"https:\/\/urquiabas.com\/#\/schema\/logo\/image\/"},"sameAs":["https:\/\/www.facebook.com\/UrquiaBas\/","https:\/\/x.com\/BasUrquia","https:\/\/www.instagram.com\/urquiabas\/","https:\/\/www.linkedin.com\/company\/3125928\/"]}]}},"_links":{"self":[{"href":"https:\/\/urquiabas.com\/ca\/wp-json\/wp\/v2\/pages\/17343","targetHints":{"allow":["GET"]}}],"collection":[{"href":"https:\/\/urquiabas.com\/ca\/wp-json\/wp\/v2\/pages"}],"about":[{"href":"https:\/\/urquiabas.com\/ca\/wp-json\/wp\/v2\/types\/page"}],"author":[{"embeddable":true,"href":"https:\/\/urquiabas.com\/ca\/wp-json\/wp\/v2\/users\/5"}],"replies":[{"embeddable":true,"href":"https:\/\/urquiabas.com\/ca\/wp-json\/wp\/v2\/comments?post=17343"}],"version-history":[{"count":0,"href":"https:\/\/urquiabas.com\/ca\/wp-json\/wp\/v2\/pages\/17343\/revisions"}],"wp:featuredmedia":[{"embeddable":true,"href":"https:\/\/urquiabas.com\/ca\/wp-json\/wp\/v2\/media\/5891"}],"wp:attachment":[{"href":"https:\/\/urquiabas.com\/ca\/wp-json\/wp\/v2\/media?parent=17343"}],"curies":[{"name":"wp","href":"https:\/\/api.w.org\/{rel}","templated":true}]}}