{"id":17346,"date":"2021-04-12T16:13:08","date_gmt":"2021-04-12T14:13:08","guid":{"rendered":"https:\/\/dev01.urquiabas.com\/?page_id=17346"},"modified":"2025-12-01T12:46:01","modified_gmt":"2025-12-01T11:46:01","slug":"equips-electronics","status":"publish","type":"page","link":"https:\/\/urquiabas.com\/ca\/equips-electronics\/","title":{"rendered":"Equips electr\u00f2nics"},"content":{"rendered":"\t\t<div data-elementor-type=\"wp-page\" data-elementor-id=\"17346\" class=\"elementor elementor-17346 elementor-17344\" data-elementor-post-type=\"page\">\n\t\t\t\t<div class=\"elementor-element elementor-element-599a59a9 e-flex e-con-boxed e-con e-parent\" data-id=\"599a59a9\" data-element_type=\"container\" data-e-type=\"container\" data-settings=\"{&quot;background_background&quot;:&quot;classic&quot;}\">\n\t\t\t\t\t<div class=\"e-con-inner\">\n\t\t<div class=\"elementor-element elementor-element-aa623bf e-con-full e-flex e-con e-child\" data-id=\"aa623bf\" data-element_type=\"container\" data-e-type=\"container\" data-settings=\"{&quot;background_background&quot;:&quot;classic&quot;}\">\n\t\t\t\t<div class=\"elementor-element elementor-element-5511db2d elementor-widget elementor-widget-text-editor\" data-id=\"5511db2d\" data-element_type=\"widget\" data-e-type=\"widget\" data-widget_type=\"text-editor.default\">\n\t\t\t\t\t\t\t\t\t<h3 class=\"wp-block-heading\"><strong style=\"color: rgb(255, 255, 255); font-size: 20px;\">Descripci\u00f3<\/strong><\/h3><p>Es garanteixen els danys produ\u00efts als equips electr\u00f2nics: centraletes telef\u00f2niques, alarmes, ordinadors, fins i tot port\u00e0tils i equips ofim\u00e0tics o controladors electr\u00f2nics d&#8217;equips mec\u00e0nics, per fets externs com: imper\u00edcia o neglig\u00e8ncia, caigudes, impactes, danys per l&#8217;electricitat, obstrucci\u00f3 de cossos estranys, afluixament de peces, errors de disseny, c\u00e0lcul o muntatge, etc.<\/p>\n<p>El preu es calcula en funci\u00f3 del tipus d&#8217;equip de qu\u00e8 es tracti, l&#8217;activitat que s&#8217;hi realitza i el valor de nou.<\/p>\t\t\t\t\t\t\t\t<\/div>\n\t\t\t\t<\/div>\n\t\t<div class=\"elementor-element elementor-element-9d091c6 e-con-full e-flex e-con e-child\" data-id=\"9d091c6\" data-element_type=\"container\" data-e-type=\"container\" data-settings=\"{&quot;background_background&quot;:&quot;classic&quot;}\">\n\t\t\t\t<div class=\"elementor-element elementor-element-9010905 elementor-widget elementor-widget-text-editor\" data-id=\"9010905\" data-element_type=\"widget\" data-e-type=\"widget\" data-widget_type=\"text-editor.default\">\n\t\t\t\t\t\t\t\t\t<h4>Qu\u00e8 es cobreix?<\/h4><p>Impericia, neglig\u00e8ncia, obstrucci\u00f3 per cossos estranys, afluixaments de peces, dany el\u00e8ctric, sobreescalfament\u2026., en definitiva, es tracta d&#8217;una asseguran\u00e7a espec\u00edfica que cobreix les possibles incid\u00e8ncies de qualsevol classe a qu\u00e8 es pot veure sotm\u00e8s un equip electr\u00f2nic.<\/p>\t\t\t\t\t\t\t\t<\/div>\n\t\t\t\t<\/div>\n\t\t<div class=\"elementor-element elementor-element-903797f e-con-full e-flex e-con e-child\" data-id=\"903797f\" data-element_type=\"container\" data-e-type=\"container\" data-settings=\"{&quot;background_background&quot;:&quot;classic&quot;}\">\n\t\t\t\t<div class=\"elementor-element elementor-element-b9b91c5 elementor-widget elementor-widget-text-editor\" data-id=\"b9b91c5\" data-element_type=\"widget\" data-e-type=\"widget\" data-widget_type=\"text-editor.default\">\n\t\t\t\t\t\t\t\t\t<h4>Avantatges<\/h4><p>Els equips electr\u00f2nics poden patir una s\u00e8rie de danys molt espec\u00edfics i diferents dels que es cobreixen per les garanties comunes de les assegurances multirisc.<\/p><p>Hi ha equips especialment sensibles en part o la seva totalitat que interessa assegurar. El trencament d&#8217;una pe\u00e7a o dany en un circuit pot afectar greument l&#8217;\u00fas i el funcionament d&#8217;un equip electr\u00f2nic.<\/p>\t\t\t\t\t\t\t\t<\/div>\n\t\t\t\t<div class=\"elementor-element elementor-element-539e8dd elementor-widget elementor-widget-button\" data-id=\"539e8dd\" data-element_type=\"widget\" data-e-type=\"widget\" data-widget_type=\"button.default\">\n\t\t\t\t\t\t\t\t\t\t<a class=\"elementor-button elementor-button-link elementor-size-sm\" href=\"#tarificador\">\n\t\t\t\t\t\t<span class=\"elementor-button-content-wrapper\">\n\t\t\t\t\t\t\t\t\t<span class=\"elementor-button-text\">Contacta amb nosaltres<\/span>\n\t\t\t\t\t<\/span>\n\t\t\t\t\t<\/a>\n\t\t\t\t\t\t\t\t<\/div>\n\t\t\t\t<\/div>\n\t\t<div class=\"elementor-element elementor-element-7508289 e-con-full e-flex e-con e-child\" data-id=\"7508289\" data-element_type=\"container\" data-e-type=\"container\" data-settings=\"{&quot;background_background&quot;:&quot;classic&quot;}\">\n\t\t<div class=\"elementor-element elementor-element-c2f0cac e-con-full e-flex e-con e-child\" data-id=\"c2f0cac\" data-element_type=\"container\" data-e-type=\"container\">\n\t\t\t\t<div class=\"elementor-element elementor-element-63e46b8 elementor-widget elementor-widget-text-editor\" data-id=\"63e46b8\" data-element_type=\"widget\" data-e-type=\"widget\" data-widget_type=\"text-editor.default\">\n\t\t\t\t\t\t\t\t\t<div class=\"wp-block-columns\"><div class=\"wp-block-column\"><div class=\"wp-block-buttons\"><h3 class=\"wp-block-button\">Com puc ajudar-te?<\/h3><\/div><\/div><\/div><p>Deixa&#8217;m les teves dades i em posar\u00e9 en contacte amb tu al m\u00e9s aviat possible.<\/p>\t\t\t\t\t\t\t\t<\/div>\n\t\t\t\t<\/div>\n\t\t\t\t<\/div>\n\t\t<div class=\"elementor-element elementor-element-f2409ec e-con-full e-flex e-con e-child\" data-id=\"f2409ec\" data-element_type=\"container\" data-e-type=\"container\" data-settings=\"{&quot;background_background&quot;:&quot;classic&quot;}\">\n\t\t\t\t<div class=\"elementor-element elementor-element-b865937 elementor-widget elementor-widget-text-editor\" data-id=\"b865937\" data-element_type=\"widget\" data-e-type=\"widget\" data-widget_type=\"text-editor.default\">\n\t\t\t\t\t\t\t\t\t<iframe id=\"tarificador\" class=\"w-full\" style=\"height: 360px\" src=\"http:\/\/tarificadores.urquiabas.com\/forms\/Equipos%20electr%C3%B3nicos?h=0\" frameborder=\"0\" allowfullscreen=\"\"><\/iframe>\t\t\t\t\t\t\t\t<\/div>\n\t\t\t\t<\/div>\n\t\t\t\t\t<\/div>\n\t\t\t\t<\/div>\n\t\t\t\t<\/div>\n\t\t","protected":false},"excerpt":{"rendered":"<p>Descripci\u00f3 Es garanteixen els danys produ\u00efts als equips electr\u00f2nics: centraletes telef\u00f2niques, alarmes, ordinadors, fins i tot port\u00e0tils i equips ofim\u00e0tics o controladors electr\u00f2nics d&#8217;equips mec\u00e0nics, per fets externs com: imper\u00edcia o neglig\u00e8ncia, caigudes, impactes, danys per l&#8217;electricitat, obstrucci\u00f3 de cossos estranys, afluixament de peces, errors de disseny, c\u00e0lcul o muntatge, etc. El preu es calcula [&hellip;]<\/p>\n","protected":false},"author":84,"featured_media":17316,"parent":0,"menu_order":0,"comment_status":"closed","ping_status":"closed","template":"","meta":{"_acf_changed":false,"inline_featured_image":false,"footnotes":""},"class_list":["post-17346","page","type-page","status-publish","has-post-thumbnail","hentry"],"acf":{"contacte":"tena","foto_responsable":"https:\/\/urquiabas.com\/wp-content\/uploads\/2023\/11\/BG_XTena-scaled.jpg","titulo":"Asseguran\u00e7a per a Equips electr\u00f2nics","id_nex":"330","odoo":"https:\/\/tarificadores.urquiabas.com\/forms\/contacto\/?u=24&o=1&h=0","contacte_responsable_telefon":"636 36 22 17","responsable":"Xavier Tena","text_responsable":"S\u00f3c Xavier, enginyer electr\u00f2nic industrial i amb m\u00e0ster en direcci\u00f3 d'empreses. M'uneixo a Urquia&Bas per donar suport als nostres clients m\u00e9s exigents: les empreses. En el meu temps lliure gaudeixo del cinema, la lectura, la muntanya i el bon menjar. Em considero una persona oberta i amb ganes d?aprendre.    ","contacte_responsable_email":"xaviertena@urquiabas.com"},"yoast_head":"<!-- This site is optimized with the Yoast SEO plugin v27.3 - https:\/\/yoast.com\/product\/yoast-seo-wordpress\/ -->\n<title>Equips electr\u00f2nics - Urqu\u00eda&amp;Bas<\/title>\n<meta name=\"description\" content=\"Assegura els teus equips electr\u00f2nics de valor, davant dels riscos que els puguin ocasionar danys; com a caiguda, impacte, col\u00b7lisi\u00f3, incendi, robatori, vandalisme, etc.\" \/>\n<meta name=\"robots\" content=\"index, follow, max-snippet:-1, max-image-preview:large, max-video-preview:-1\" \/>\n<link rel=\"canonical\" href=\"https:\/\/urquiabas.com\/ca\/equips-electronics\/\" \/>\n<meta property=\"og:locale\" content=\"ca_ES\" \/>\n<meta property=\"og:type\" content=\"article\" \/>\n<meta property=\"og:title\" content=\"Equips electr\u00f2nics - Urqu\u00eda&amp;Bas\" \/>\n<meta property=\"og:description\" content=\"Assegura els teus equips electr\u00f2nics de valor, davant dels riscos que els puguin ocasionar danys; com a caiguda, impacte, col\u00b7lisi\u00f3, incendi, robatori, vandalisme, etc.\" \/>\n<meta property=\"og:url\" content=\"https:\/\/urquiabas.com\/ca\/equips-electronics\/\" \/>\n<meta property=\"og:site_name\" content=\"Urqu\u00eda&amp;Bas\" \/>\n<meta property=\"article:publisher\" content=\"https:\/\/www.facebook.com\/UrquiaBas\/\" \/>\n<meta property=\"article:modified_time\" content=\"2025-12-01T11:46:01+00:00\" \/>\n<meta property=\"og:image\" content=\"https:\/\/urquiabas.com\/wp-content\/uploads\/2021\/04\/Header_equipos_electronicos_new.jpg\" \/>\n\t<meta property=\"og:image:width\" content=\"1920\" \/>\n\t<meta property=\"og:image:height\" content=\"667\" \/>\n\t<meta property=\"og:image:type\" content=\"image\/jpeg\" \/>\n<meta name=\"twitter:card\" content=\"summary_large_image\" \/>\n<meta name=\"twitter:site\" content=\"@BasUrquia\" \/>\n<meta name=\"twitter:label1\" content=\"Temps estimat de lectura\" \/>\n\t<meta name=\"twitter:data1\" content=\"1 minut\" \/>\n<script type=\"application\/ld+json\" class=\"yoast-schema-graph\">{\"@context\":\"https:\\\/\\\/schema.org\",\"@graph\":[{\"@type\":\"WebPage\",\"@id\":\"https:\\\/\\\/urquiabas.com\\\/ca\\\/equips-electronics\\\/\",\"url\":\"https:\\\/\\\/urquiabas.com\\\/ca\\\/equips-electronics\\\/\",\"name\":\"Equips electr\u00f2nics - Urqu\u00eda&amp;Bas\",\"isPartOf\":{\"@id\":\"https:\\\/\\\/urquiabas.com\\\/#website\"},\"primaryImageOfPage\":{\"@id\":\"https:\\\/\\\/urquiabas.com\\\/ca\\\/equips-electronics\\\/#primaryimage\"},\"image\":{\"@id\":\"https:\\\/\\\/urquiabas.com\\\/ca\\\/equips-electronics\\\/#primaryimage\"},\"thumbnailUrl\":\"https:\\\/\\\/urquiabas.com\\\/wp-content\\\/uploads\\\/2021\\\/04\\\/Header_equipos_electronicos_new.jpg\",\"datePublished\":\"2021-04-12T14:13:08+00:00\",\"dateModified\":\"2025-12-01T11:46:01+00:00\",\"description\":\"Assegura els teus equips electr\u00f2nics de valor, davant dels riscos que els puguin ocasionar danys; com a caiguda, impacte, col\u00b7lisi\u00f3, incendi, robatori, vandalisme, etc.\",\"breadcrumb\":{\"@id\":\"https:\\\/\\\/urquiabas.com\\\/ca\\\/equips-electronics\\\/#breadcrumb\"},\"inLanguage\":\"ca\",\"potentialAction\":[{\"@type\":\"ReadAction\",\"target\":[\"https:\\\/\\\/urquiabas.com\\\/ca\\\/equips-electronics\\\/\"]}]},{\"@type\":\"ImageObject\",\"inLanguage\":\"ca\",\"@id\":\"https:\\\/\\\/urquiabas.com\\\/ca\\\/equips-electronics\\\/#primaryimage\",\"url\":\"https:\\\/\\\/urquiabas.com\\\/wp-content\\\/uploads\\\/2021\\\/04\\\/Header_equipos_electronicos_new.jpg\",\"contentUrl\":\"https:\\\/\\\/urquiabas.com\\\/wp-content\\\/uploads\\\/2021\\\/04\\\/Header_equipos_electronicos_new.jpg\",\"width\":1920,\"height\":667,\"caption\":\"Equipos electr\u00f3nicos\"},{\"@type\":\"BreadcrumbList\",\"@id\":\"https:\\\/\\\/urquiabas.com\\\/ca\\\/equips-electronics\\\/#breadcrumb\",\"itemListElement\":[{\"@type\":\"ListItem\",\"position\":1,\"name\":\"Portada\",\"item\":\"https:\\\/\\\/urquiabas.com\\\/\"},{\"@type\":\"ListItem\",\"position\":2,\"name\":\"Equips electr\u00f2nics\"}]},{\"@type\":\"WebSite\",\"@id\":\"https:\\\/\\\/urquiabas.com\\\/#website\",\"url\":\"https:\\\/\\\/urquiabas.com\\\/\",\"name\":\"Urqu\u00eda&amp;Bas\",\"description\":\"Corredur\u00eda de seguros | Lleida\",\"publisher\":{\"@id\":\"https:\\\/\\\/urquiabas.com\\\/#organization\"},\"potentialAction\":[{\"@type\":\"SearchAction\",\"target\":{\"@type\":\"EntryPoint\",\"urlTemplate\":\"https:\\\/\\\/urquiabas.com\\\/?s={search_term_string}\"},\"query-input\":{\"@type\":\"PropertyValueSpecification\",\"valueRequired\":true,\"valueName\":\"search_term_string\"}}],\"inLanguage\":\"ca\"},{\"@type\":\"Organization\",\"@id\":\"https:\\\/\\\/urquiabas.com\\\/#organization\",\"name\":\"Urquia & Bas S.L\",\"url\":\"https:\\\/\\\/urquiabas.com\\\/\",\"logo\":{\"@type\":\"ImageObject\",\"inLanguage\":\"ca\",\"@id\":\"https:\\\/\\\/urquiabas.com\\\/#\\\/schema\\\/logo\\\/image\\\/\",\"url\":\"https:\\\/\\\/urquiabas.com\\\/wp-content\\\/uploads\\\/2018\\\/03\\\/logoubmail2018.jpg\",\"contentUrl\":\"https:\\\/\\\/urquiabas.com\\\/wp-content\\\/uploads\\\/2018\\\/03\\\/logoubmail2018.jpg\",\"width\":258,\"height\":61,\"caption\":\"Urquia & Bas S.L\"},\"image\":{\"@id\":\"https:\\\/\\\/urquiabas.com\\\/#\\\/schema\\\/logo\\\/image\\\/\"},\"sameAs\":[\"https:\\\/\\\/www.facebook.com\\\/UrquiaBas\\\/\",\"https:\\\/\\\/x.com\\\/BasUrquia\",\"https:\\\/\\\/www.instagram.com\\\/urquiabas\\\/\",\"https:\\\/\\\/www.linkedin.com\\\/company\\\/3125928\\\/\"]}]}<\/script>\n<!-- \/ Yoast SEO plugin. -->","yoast_head_json":{"title":"Equips electr\u00f2nics - Urqu\u00eda&amp;Bas","description":"Assegura els teus equips electr\u00f2nics de valor, davant dels riscos que els puguin ocasionar danys; com a caiguda, impacte, col\u00b7lisi\u00f3, incendi, robatori, vandalisme, etc.","robots":{"index":"index","follow":"follow","max-snippet":"max-snippet:-1","max-image-preview":"max-image-preview:large","max-video-preview":"max-video-preview:-1"},"canonical":"https:\/\/urquiabas.com\/ca\/equips-electronics\/","og_locale":"ca_ES","og_type":"article","og_title":"Equips electr\u00f2nics - Urqu\u00eda&amp;Bas","og_description":"Assegura els teus equips electr\u00f2nics de valor, davant dels riscos que els puguin ocasionar danys; com a caiguda, impacte, col\u00b7lisi\u00f3, incendi, robatori, vandalisme, etc.","og_url":"https:\/\/urquiabas.com\/ca\/equips-electronics\/","og_site_name":"Urqu\u00eda&amp;Bas","article_publisher":"https:\/\/www.facebook.com\/UrquiaBas\/","article_modified_time":"2025-12-01T11:46:01+00:00","og_image":[{"width":1920,"height":667,"url":"https:\/\/urquiabas.com\/wp-content\/uploads\/2021\/04\/Header_equipos_electronicos_new.jpg","type":"image\/jpeg"}],"twitter_card":"summary_large_image","twitter_site":"@BasUrquia","twitter_misc":{"Temps estimat de lectura":"1 minut"},"schema":{"@context":"https:\/\/schema.org","@graph":[{"@type":"WebPage","@id":"https:\/\/urquiabas.com\/ca\/equips-electronics\/","url":"https:\/\/urquiabas.com\/ca\/equips-electronics\/","name":"Equips electr\u00f2nics - Urqu\u00eda&amp;Bas","isPartOf":{"@id":"https:\/\/urquiabas.com\/#website"},"primaryImageOfPage":{"@id":"https:\/\/urquiabas.com\/ca\/equips-electronics\/#primaryimage"},"image":{"@id":"https:\/\/urquiabas.com\/ca\/equips-electronics\/#primaryimage"},"thumbnailUrl":"https:\/\/urquiabas.com\/wp-content\/uploads\/2021\/04\/Header_equipos_electronicos_new.jpg","datePublished":"2021-04-12T14:13:08+00:00","dateModified":"2025-12-01T11:46:01+00:00","description":"Assegura els teus equips electr\u00f2nics de valor, davant dels riscos que els puguin ocasionar danys; com a caiguda, impacte, col\u00b7lisi\u00f3, incendi, robatori, vandalisme, etc.","breadcrumb":{"@id":"https:\/\/urquiabas.com\/ca\/equips-electronics\/#breadcrumb"},"inLanguage":"ca","potentialAction":[{"@type":"ReadAction","target":["https:\/\/urquiabas.com\/ca\/equips-electronics\/"]}]},{"@type":"ImageObject","inLanguage":"ca","@id":"https:\/\/urquiabas.com\/ca\/equips-electronics\/#primaryimage","url":"https:\/\/urquiabas.com\/wp-content\/uploads\/2021\/04\/Header_equipos_electronicos_new.jpg","contentUrl":"https:\/\/urquiabas.com\/wp-content\/uploads\/2021\/04\/Header_equipos_electronicos_new.jpg","width":1920,"height":667,"caption":"Equipos electr\u00f3nicos"},{"@type":"BreadcrumbList","@id":"https:\/\/urquiabas.com\/ca\/equips-electronics\/#breadcrumb","itemListElement":[{"@type":"ListItem","position":1,"name":"Portada","item":"https:\/\/urquiabas.com\/"},{"@type":"ListItem","position":2,"name":"Equips electr\u00f2nics"}]},{"@type":"WebSite","@id":"https:\/\/urquiabas.com\/#website","url":"https:\/\/urquiabas.com\/","name":"Urqu\u00eda&amp;Bas","description":"Corredur\u00eda de seguros | Lleida","publisher":{"@id":"https:\/\/urquiabas.com\/#organization"},"potentialAction":[{"@type":"SearchAction","target":{"@type":"EntryPoint","urlTemplate":"https:\/\/urquiabas.com\/?s={search_term_string}"},"query-input":{"@type":"PropertyValueSpecification","valueRequired":true,"valueName":"search_term_string"}}],"inLanguage":"ca"},{"@type":"Organization","@id":"https:\/\/urquiabas.com\/#organization","name":"Urquia & Bas S.L","url":"https:\/\/urquiabas.com\/","logo":{"@type":"ImageObject","inLanguage":"ca","@id":"https:\/\/urquiabas.com\/#\/schema\/logo\/image\/","url":"https:\/\/urquiabas.com\/wp-content\/uploads\/2018\/03\/logoubmail2018.jpg","contentUrl":"https:\/\/urquiabas.com\/wp-content\/uploads\/2018\/03\/logoubmail2018.jpg","width":258,"height":61,"caption":"Urquia & Bas S.L"},"image":{"@id":"https:\/\/urquiabas.com\/#\/schema\/logo\/image\/"},"sameAs":["https:\/\/www.facebook.com\/UrquiaBas\/","https:\/\/x.com\/BasUrquia","https:\/\/www.instagram.com\/urquiabas\/","https:\/\/www.linkedin.com\/company\/3125928\/"]}]}},"_links":{"self":[{"href":"https:\/\/urquiabas.com\/ca\/wp-json\/wp\/v2\/pages\/17346","targetHints":{"allow":["GET"]}}],"collection":[{"href":"https:\/\/urquiabas.com\/ca\/wp-json\/wp\/v2\/pages"}],"about":[{"href":"https:\/\/urquiabas.com\/ca\/wp-json\/wp\/v2\/types\/page"}],"author":[{"embeddable":true,"href":"https:\/\/urquiabas.com\/ca\/wp-json\/wp\/v2\/users\/84"}],"replies":[{"embeddable":true,"href":"https:\/\/urquiabas.com\/ca\/wp-json\/wp\/v2\/comments?post=17346"}],"version-history":[{"count":0,"href":"https:\/\/urquiabas.com\/ca\/wp-json\/wp\/v2\/pages\/17346\/revisions"}],"wp:featuredmedia":[{"embeddable":true,"href":"https:\/\/urquiabas.com\/ca\/wp-json\/wp\/v2\/media\/17316"}],"wp:attachment":[{"href":"https:\/\/urquiabas.com\/ca\/wp-json\/wp\/v2\/media?parent=17346"}],"curies":[{"name":"wp","href":"https:\/\/api.w.org\/{rel}","templated":true}]}}