{"id":17349,"date":"2021-04-12T16:26:15","date_gmt":"2021-04-12T14:26:15","guid":{"rendered":"https:\/\/dev01.urquiabas.com\/?page_id=17349"},"modified":"2025-12-02T10:54:10","modified_gmt":"2025-12-02T09:54:10","slug":"multirisc-industrial","status":"publish","type":"page","link":"https:\/\/urquiabas.com\/ca\/multirisc-industrial\/","title":{"rendered":"Multirisc industrial"},"content":{"rendered":"\t\t<div data-elementor-type=\"wp-page\" data-elementor-id=\"17349\" class=\"elementor elementor-17349 elementor-17347\" data-elementor-post-type=\"page\">\n\t\t\t\t<div class=\"elementor-element elementor-element-f7e1a8e e-flex e-con-boxed e-con e-parent\" data-id=\"f7e1a8e\" data-element_type=\"container\" data-e-type=\"container\" data-settings=\"{&quot;background_background&quot;:&quot;classic&quot;}\">\n\t\t\t\t\t<div class=\"e-con-inner\">\n\t\t<div class=\"elementor-element elementor-element-89485b5 e-con-full e-flex e-con e-child\" data-id=\"89485b5\" data-element_type=\"container\" data-e-type=\"container\" data-settings=\"{&quot;background_background&quot;:&quot;classic&quot;}\">\n\t\t\t\t<div class=\"elementor-element elementor-element-483fe699 elementor-widget elementor-widget-text-editor\" data-id=\"483fe699\" data-element_type=\"widget\" data-e-type=\"widget\" data-widget_type=\"text-editor.default\">\n\t\t\t\t\t\t\t\t\t<h3>Caracter\u00edstiques de l&#8217;asseguran\u00e7a<\/h3>\n<p><\/p>\n<p><strong>Descripci\u00f3<\/strong><br> Es tracta de les assegurances que van dirigides a les petites i mitjanes empreses on es duen a terme algun tipus de transformaci\u00f3 de mat\u00e8ries o b\u00e9 s&#8217;emmagatzemen i distribueixen mercaderies.<\/p>\n<p><\/p>\n<p>\u00c9s una asseguran\u00e7a on es cobreixen els danys materials a l&#8217;edifici i\/o al mobiliari, a la maquin\u00e0ria ia les mercaderies derivats de m\u00faltiples circumst\u00e0ncies i que s&#8217;engloben dins d&#8217;un mateix contracte: l&#8217;incendi, l&#8217;explosi\u00f3, els danys per aigua i el robatori, entre d&#8217;altres.<\/p>\n<p><\/p>\n<p>Tamb\u00e9 s&#8217;hi acostumen a incloure els danys ocasionats a altres persones o b\u00e9ns per l&#8217;activitat de l&#8217;assegurat en l&#8217;exercici de la seva activitat industrial o, \u00e9s a dir, la Responsabilitat Civil de l&#8217;empresa.<\/p>\n<p><\/p>\n<p><\/p>\t\t\t\t\t\t\t\t<\/div>\n\t\t\t\t<\/div>\n\t\t<div class=\"elementor-element elementor-element-4f7e5cd e-con-full e-flex e-con e-child\" data-id=\"4f7e5cd\" data-element_type=\"container\" data-e-type=\"container\" data-settings=\"{&quot;background_background&quot;:&quot;classic&quot;}\">\n\t\t\t\t<div class=\"elementor-element elementor-element-ab5975e elementor-widget elementor-widget-text-editor\" data-id=\"ab5975e\" data-element_type=\"widget\" data-e-type=\"widget\" data-widget_type=\"text-editor.default\">\n\t\t\t\t\t\t\t\t\t<h3>Avantatges<\/h3><p>Dotar l&#8217;empresa d&#8217;una asseguran\u00e7a multirisc, facilita la gesti\u00f3 del compte d&#8217;assegurances, a m\u00e9s d&#8217;una disminuci\u00f3 en el seu cost en tractar-se de \u201cpaquets est\u00e0ndards\u201d limitant-se la contractaci\u00f3 de \u201crams purs\u201d als riscos que necessitin cobertures espec\u00edfiques.<\/p><p>La seva tarifa s&#8217;efectua atenent les particularitats de l&#8217;activitat de producci\u00f3 desenvolupada en relaci\u00f3 amb cadascuna de les cobertures contractades: combustibilitat davant d&#8217;incendis, mitjans d&#8217;extinci\u00f3, proteccions davant de robatori, tipus de mercaderia, sistemes de producci\u00f3, etc. i classe dactivitat i volum per a la responsabilitat civil.<b><\/b><\/p><p>Posem a la vostra disposici\u00f3 tota la nostra experi\u00e8ncia i coneixement en l&#8217;estudi de riscos en tota classe d&#8217;activitat i atenent les peculiaritats de la vostra empresa.<\/p>\t\t\t\t\t\t\t\t<\/div>\n\t\t\t\t<div class=\"elementor-element elementor-element-e076db6 elementor-widget elementor-widget-button\" data-id=\"e076db6\" data-element_type=\"widget\" data-e-type=\"widget\" data-widget_type=\"button.default\">\n\t\t\t\t\t\t\t\t\t\t<a class=\"elementor-button elementor-button-link elementor-size-sm\" href=\"#tarificador\">\n\t\t\t\t\t\t<span class=\"elementor-button-content-wrapper\">\n\t\t\t\t\t\t\t\t\t<span class=\"elementor-button-text\">Contacta amb nosaltres<\/span>\n\t\t\t\t\t<\/span>\n\t\t\t\t\t<\/a>\n\t\t\t\t\t\t\t\t<\/div>\n\t\t\t\t<\/div>\n\t\t<div class=\"elementor-element elementor-element-adc0f59 e-con-full e-flex e-con e-child\" data-id=\"adc0f59\" data-element_type=\"container\" data-e-type=\"container\" data-settings=\"{&quot;background_background&quot;:&quot;classic&quot;}\">\n\t\t\t\t<div class=\"elementor-element elementor-element-20f4dfb elementor-widget elementor-widget-text-editor\" data-id=\"20f4dfb\" data-element_type=\"widget\" data-e-type=\"widget\" data-widget_type=\"text-editor.default\">\n\t\t\t\t\t\t\t\t\t<div class=\"wp-block-columns\"><div class=\"wp-block-column\"><div class=\"wp-block-buttons\"><h3 class=\"wp-block-button\">Com puc ajudar-te?<\/h3><\/div><\/div><\/div><p>Deixa&#8217;m les teves dades i em posar\u00e9 en contacte amb tu al m\u00e9s aviat possible.<\/p>\t\t\t\t\t\t\t\t<\/div>\n\t\t\t\t<div class=\"elementor-element elementor-element-b059e85 elementor-widget elementor-widget-text-editor\" data-id=\"b059e85\" data-element_type=\"widget\" data-e-type=\"widget\" data-widget_type=\"text-editor.default\">\n\t\t\t\t\t\t\t\t\t<iframe id=\"tarificador\" class=\"w-full\" style=\"height: 360px\" src=\"http:\/\/tarificadores.urquiabas.com\/forms\/Multirriesgo%20industrial?h=0\" frameborder=\"0\" allowfullscreen=\"\"><\/iframe>\t\t\t\t\t\t\t\t<\/div>\n\t\t\t\t<\/div>\n\t\t\t\t\t<\/div>\n\t\t\t\t<\/div>\n\t\t\t\t<\/div>\n\t\t","protected":false},"excerpt":{"rendered":"<p>Caracter\u00edstiques de l&#8217;asseguran\u00e7a Descripci\u00f3 Es tracta de les assegurances que van dirigides a les petites i mitjanes empreses on es duen a terme algun tipus de transformaci\u00f3 de mat\u00e8ries o b\u00e9 s&#8217;emmagatzemen i distribueixen mercaderies. \u00c9s una asseguran\u00e7a on es cobreixen els danys materials a l&#8217;edifici i\/o al mobiliari, a la maquin\u00e0ria ia les mercaderies [&hellip;]<\/p>\n","protected":false},"author":84,"featured_media":17322,"parent":0,"menu_order":0,"comment_status":"closed","ping_status":"closed","template":"","meta":{"_acf_changed":false,"inline_featured_image":false,"footnotes":""},"class_list":["post-17349","page","type-page","status-publish","has-post-thumbnail","hentry"],"acf":{"contacte":"ramon","foto_responsable":"https:\/\/urquiabas.com\/wp-content\/uploads\/2023\/11\/BG_XNart-scaled.jpg","titulo":"Asseguran\u00e7a per a Multirisc industrial","id_nex":"330","odoo":"https:\/\/tarificadores.urquiabas.com\/forms\/contacto\/?u=24&o=1&h=0","contacte_responsable_telefon":"635 46 17 28","contacte_responsable_email":"xaviernart@urquiabas.com","responsable":"Xavier Nart"},"yoast_head":"<!-- This site is optimized with the Yoast SEO plugin v27.4 - https:\/\/yoast.com\/product\/yoast-seo-wordpress\/ -->\n<title>Multirisc industrial - Urqu\u00eda&amp;Bas<\/title>\n<meta name=\"description\" content=\"Assegura la teva ind\u00fastria davant d&#039;imprevistos que causin danys al local, a les obres de reforma i al seu contingut. Tamb\u00e9 davant del mal que puguis ocasional a tercers.\" \/>\n<meta name=\"robots\" content=\"index, follow, max-snippet:-1, max-image-preview:large, max-video-preview:-1\" \/>\n<link rel=\"canonical\" href=\"https:\/\/urquiabas.com\/ca\/multirisc-industrial\/\" \/>\n<meta property=\"og:locale\" content=\"ca_ES\" \/>\n<meta property=\"og:type\" content=\"article\" \/>\n<meta property=\"og:title\" content=\"Multirisc industrial - Urqu\u00eda&amp;Bas\" \/>\n<meta property=\"og:description\" content=\"Assegura la teva ind\u00fastria davant d&#039;imprevistos que causin danys al local, a les obres de reforma i al seu contingut. Tamb\u00e9 davant del mal que puguis ocasional a tercers.\" \/>\n<meta property=\"og:url\" content=\"https:\/\/urquiabas.com\/ca\/multirisc-industrial\/\" \/>\n<meta property=\"og:site_name\" content=\"Urqu\u00eda&amp;Bas\" \/>\n<meta property=\"article:publisher\" content=\"https:\/\/www.facebook.com\/UrquiaBas\/\" \/>\n<meta property=\"article:modified_time\" content=\"2025-12-02T09:54:10+00:00\" \/>\n<meta property=\"og:image\" content=\"https:\/\/urquiabas.com\/wp-content\/uploads\/2021\/04\/Header_multiriesgo_industrial_new.jpg\" \/>\n\t<meta property=\"og:image:width\" content=\"1920\" \/>\n\t<meta property=\"og:image:height\" content=\"667\" \/>\n\t<meta property=\"og:image:type\" content=\"image\/jpeg\" \/>\n<meta name=\"twitter:card\" content=\"summary_large_image\" \/>\n<meta name=\"twitter:site\" content=\"@BasUrquia\" \/>\n<meta name=\"twitter:label1\" content=\"Temps estimat de lectura\" \/>\n\t<meta name=\"twitter:data1\" content=\"1 minut\" \/>\n<script type=\"application\/ld+json\" class=\"yoast-schema-graph\">{\"@context\":\"https:\\\/\\\/schema.org\",\"@graph\":[{\"@type\":\"WebPage\",\"@id\":\"https:\\\/\\\/urquiabas.com\\\/ca\\\/multirisc-industrial\\\/\",\"url\":\"https:\\\/\\\/urquiabas.com\\\/ca\\\/multirisc-industrial\\\/\",\"name\":\"Multirisc industrial - Urqu\u00eda&amp;Bas\",\"isPartOf\":{\"@id\":\"https:\\\/\\\/urquiabas.com\\\/#website\"},\"primaryImageOfPage\":{\"@id\":\"https:\\\/\\\/urquiabas.com\\\/ca\\\/multirisc-industrial\\\/#primaryimage\"},\"image\":{\"@id\":\"https:\\\/\\\/urquiabas.com\\\/ca\\\/multirisc-industrial\\\/#primaryimage\"},\"thumbnailUrl\":\"https:\\\/\\\/urquiabas.com\\\/wp-content\\\/uploads\\\/2021\\\/04\\\/Header_multiriesgo_industrial_new.jpg\",\"datePublished\":\"2021-04-12T14:26:15+00:00\",\"dateModified\":\"2025-12-02T09:54:10+00:00\",\"description\":\"Assegura la teva ind\u00fastria davant d'imprevistos que causin danys al local, a les obres de reforma i al seu contingut. Tamb\u00e9 davant del mal que puguis ocasional a tercers.\",\"breadcrumb\":{\"@id\":\"https:\\\/\\\/urquiabas.com\\\/ca\\\/multirisc-industrial\\\/#breadcrumb\"},\"inLanguage\":\"ca\",\"potentialAction\":[{\"@type\":\"ReadAction\",\"target\":[\"https:\\\/\\\/urquiabas.com\\\/ca\\\/multirisc-industrial\\\/\"]}]},{\"@type\":\"ImageObject\",\"inLanguage\":\"ca\",\"@id\":\"https:\\\/\\\/urquiabas.com\\\/ca\\\/multirisc-industrial\\\/#primaryimage\",\"url\":\"https:\\\/\\\/urquiabas.com\\\/wp-content\\\/uploads\\\/2021\\\/04\\\/Header_multiriesgo_industrial_new.jpg\",\"contentUrl\":\"https:\\\/\\\/urquiabas.com\\\/wp-content\\\/uploads\\\/2021\\\/04\\\/Header_multiriesgo_industrial_new.jpg\",\"width\":1920,\"height\":667,\"caption\":\"Multirriesgo industrial\"},{\"@type\":\"BreadcrumbList\",\"@id\":\"https:\\\/\\\/urquiabas.com\\\/ca\\\/multirisc-industrial\\\/#breadcrumb\",\"itemListElement\":[{\"@type\":\"ListItem\",\"position\":1,\"name\":\"Portada\",\"item\":\"https:\\\/\\\/urquiabas.com\\\/\"},{\"@type\":\"ListItem\",\"position\":2,\"name\":\"Multirisc industrial\"}]},{\"@type\":\"WebSite\",\"@id\":\"https:\\\/\\\/urquiabas.com\\\/#website\",\"url\":\"https:\\\/\\\/urquiabas.com\\\/\",\"name\":\"Urqu\u00eda&amp;Bas\",\"description\":\"Corredur\u00eda de seguros | Lleida\",\"publisher\":{\"@id\":\"https:\\\/\\\/urquiabas.com\\\/#organization\"},\"potentialAction\":[{\"@type\":\"SearchAction\",\"target\":{\"@type\":\"EntryPoint\",\"urlTemplate\":\"https:\\\/\\\/urquiabas.com\\\/?s={search_term_string}\"},\"query-input\":{\"@type\":\"PropertyValueSpecification\",\"valueRequired\":true,\"valueName\":\"search_term_string\"}}],\"inLanguage\":\"ca\"},{\"@type\":\"Organization\",\"@id\":\"https:\\\/\\\/urquiabas.com\\\/#organization\",\"name\":\"Urquia & Bas S.L\",\"url\":\"https:\\\/\\\/urquiabas.com\\\/\",\"logo\":{\"@type\":\"ImageObject\",\"inLanguage\":\"ca\",\"@id\":\"https:\\\/\\\/urquiabas.com\\\/#\\\/schema\\\/logo\\\/image\\\/\",\"url\":\"https:\\\/\\\/urquiabas.com\\\/wp-content\\\/uploads\\\/2018\\\/03\\\/logoubmail2018.jpg\",\"contentUrl\":\"https:\\\/\\\/urquiabas.com\\\/wp-content\\\/uploads\\\/2018\\\/03\\\/logoubmail2018.jpg\",\"width\":258,\"height\":61,\"caption\":\"Urquia & Bas S.L\"},\"image\":{\"@id\":\"https:\\\/\\\/urquiabas.com\\\/#\\\/schema\\\/logo\\\/image\\\/\"},\"sameAs\":[\"https:\\\/\\\/www.facebook.com\\\/UrquiaBas\\\/\",\"https:\\\/\\\/x.com\\\/BasUrquia\",\"https:\\\/\\\/www.instagram.com\\\/urquiabas\\\/\",\"https:\\\/\\\/www.linkedin.com\\\/company\\\/3125928\\\/\"]}]}<\/script>\n<!-- \/ Yoast SEO plugin. -->","yoast_head_json":{"title":"Multirisc industrial - Urqu\u00eda&amp;Bas","description":"Assegura la teva ind\u00fastria davant d'imprevistos que causin danys al local, a les obres de reforma i al seu contingut. Tamb\u00e9 davant del mal que puguis ocasional a tercers.","robots":{"index":"index","follow":"follow","max-snippet":"max-snippet:-1","max-image-preview":"max-image-preview:large","max-video-preview":"max-video-preview:-1"},"canonical":"https:\/\/urquiabas.com\/ca\/multirisc-industrial\/","og_locale":"ca_ES","og_type":"article","og_title":"Multirisc industrial - Urqu\u00eda&amp;Bas","og_description":"Assegura la teva ind\u00fastria davant d'imprevistos que causin danys al local, a les obres de reforma i al seu contingut. Tamb\u00e9 davant del mal que puguis ocasional a tercers.","og_url":"https:\/\/urquiabas.com\/ca\/multirisc-industrial\/","og_site_name":"Urqu\u00eda&amp;Bas","article_publisher":"https:\/\/www.facebook.com\/UrquiaBas\/","article_modified_time":"2025-12-02T09:54:10+00:00","og_image":[{"width":1920,"height":667,"url":"https:\/\/urquiabas.com\/wp-content\/uploads\/2021\/04\/Header_multiriesgo_industrial_new.jpg","type":"image\/jpeg"}],"twitter_card":"summary_large_image","twitter_site":"@BasUrquia","twitter_misc":{"Temps estimat de lectura":"1 minut"},"schema":{"@context":"https:\/\/schema.org","@graph":[{"@type":"WebPage","@id":"https:\/\/urquiabas.com\/ca\/multirisc-industrial\/","url":"https:\/\/urquiabas.com\/ca\/multirisc-industrial\/","name":"Multirisc industrial - Urqu\u00eda&amp;Bas","isPartOf":{"@id":"https:\/\/urquiabas.com\/#website"},"primaryImageOfPage":{"@id":"https:\/\/urquiabas.com\/ca\/multirisc-industrial\/#primaryimage"},"image":{"@id":"https:\/\/urquiabas.com\/ca\/multirisc-industrial\/#primaryimage"},"thumbnailUrl":"https:\/\/urquiabas.com\/wp-content\/uploads\/2021\/04\/Header_multiriesgo_industrial_new.jpg","datePublished":"2021-04-12T14:26:15+00:00","dateModified":"2025-12-02T09:54:10+00:00","description":"Assegura la teva ind\u00fastria davant d'imprevistos que causin danys al local, a les obres de reforma i al seu contingut. Tamb\u00e9 davant del mal que puguis ocasional a tercers.","breadcrumb":{"@id":"https:\/\/urquiabas.com\/ca\/multirisc-industrial\/#breadcrumb"},"inLanguage":"ca","potentialAction":[{"@type":"ReadAction","target":["https:\/\/urquiabas.com\/ca\/multirisc-industrial\/"]}]},{"@type":"ImageObject","inLanguage":"ca","@id":"https:\/\/urquiabas.com\/ca\/multirisc-industrial\/#primaryimage","url":"https:\/\/urquiabas.com\/wp-content\/uploads\/2021\/04\/Header_multiriesgo_industrial_new.jpg","contentUrl":"https:\/\/urquiabas.com\/wp-content\/uploads\/2021\/04\/Header_multiriesgo_industrial_new.jpg","width":1920,"height":667,"caption":"Multirriesgo industrial"},{"@type":"BreadcrumbList","@id":"https:\/\/urquiabas.com\/ca\/multirisc-industrial\/#breadcrumb","itemListElement":[{"@type":"ListItem","position":1,"name":"Portada","item":"https:\/\/urquiabas.com\/"},{"@type":"ListItem","position":2,"name":"Multirisc industrial"}]},{"@type":"WebSite","@id":"https:\/\/urquiabas.com\/#website","url":"https:\/\/urquiabas.com\/","name":"Urqu\u00eda&amp;Bas","description":"Corredur\u00eda de seguros | Lleida","publisher":{"@id":"https:\/\/urquiabas.com\/#organization"},"potentialAction":[{"@type":"SearchAction","target":{"@type":"EntryPoint","urlTemplate":"https:\/\/urquiabas.com\/?s={search_term_string}"},"query-input":{"@type":"PropertyValueSpecification","valueRequired":true,"valueName":"search_term_string"}}],"inLanguage":"ca"},{"@type":"Organization","@id":"https:\/\/urquiabas.com\/#organization","name":"Urquia & Bas S.L","url":"https:\/\/urquiabas.com\/","logo":{"@type":"ImageObject","inLanguage":"ca","@id":"https:\/\/urquiabas.com\/#\/schema\/logo\/image\/","url":"https:\/\/urquiabas.com\/wp-content\/uploads\/2018\/03\/logoubmail2018.jpg","contentUrl":"https:\/\/urquiabas.com\/wp-content\/uploads\/2018\/03\/logoubmail2018.jpg","width":258,"height":61,"caption":"Urquia & Bas S.L"},"image":{"@id":"https:\/\/urquiabas.com\/#\/schema\/logo\/image\/"},"sameAs":["https:\/\/www.facebook.com\/UrquiaBas\/","https:\/\/x.com\/BasUrquia","https:\/\/www.instagram.com\/urquiabas\/","https:\/\/www.linkedin.com\/company\/3125928\/"]}]}},"_links":{"self":[{"href":"https:\/\/urquiabas.com\/ca\/wp-json\/wp\/v2\/pages\/17349","targetHints":{"allow":["GET"]}}],"collection":[{"href":"https:\/\/urquiabas.com\/ca\/wp-json\/wp\/v2\/pages"}],"about":[{"href":"https:\/\/urquiabas.com\/ca\/wp-json\/wp\/v2\/types\/page"}],"author":[{"embeddable":true,"href":"https:\/\/urquiabas.com\/ca\/wp-json\/wp\/v2\/users\/84"}],"replies":[{"embeddable":true,"href":"https:\/\/urquiabas.com\/ca\/wp-json\/wp\/v2\/comments?post=17349"}],"version-history":[{"count":0,"href":"https:\/\/urquiabas.com\/ca\/wp-json\/wp\/v2\/pages\/17349\/revisions"}],"wp:featuredmedia":[{"embeddable":true,"href":"https:\/\/urquiabas.com\/ca\/wp-json\/wp\/v2\/media\/17322"}],"wp:attachment":[{"href":"https:\/\/urquiabas.com\/ca\/wp-json\/wp\/v2\/media?parent=17349"}],"curies":[{"name":"wp","href":"https:\/\/api.w.org\/{rel}","templated":true}]}}