{"id":17352,"date":"2021-04-12T16:40:37","date_gmt":"2021-04-12T14:40:37","guid":{"rendered":"https:\/\/dev01.urquiabas.com\/?page_id=17352"},"modified":"2025-12-02T11:04:09","modified_gmt":"2025-12-02T10:04:09","slug":"plans-de-pensions-laborals","status":"publish","type":"page","link":"https:\/\/urquiabas.com\/ca\/plans-de-pensions-laborals\/","title":{"rendered":"Plans de pensions d&#8217;ocupaci\u00f3"},"content":{"rendered":"\t\t<div data-elementor-type=\"wp-page\" data-elementor-id=\"17352\" class=\"elementor elementor-17352 elementor-17350\" data-elementor-post-type=\"page\">\n\t\t\t\t<div class=\"elementor-element elementor-element-133e16bf e-flex e-con-boxed e-con e-parent\" data-id=\"133e16bf\" data-element_type=\"container\" data-e-type=\"container\" data-settings=\"{&quot;background_background&quot;:&quot;classic&quot;}\">\n\t\t\t\t\t<div class=\"e-con-inner\">\n\t\t<div class=\"elementor-element elementor-element-1db831c e-con-full e-flex e-con e-child\" data-id=\"1db831c\" data-element_type=\"container\" data-e-type=\"container\" data-settings=\"{&quot;background_background&quot;:&quot;classic&quot;}\">\n\t\t\t\t<div class=\"elementor-element elementor-element-4cf25627 elementor-widget elementor-widget-text-editor\" data-id=\"4cf25627\" data-element_type=\"widget\" data-e-type=\"widget\" data-widget_type=\"text-editor.default\">\n\t\t\t\t\t\t\t\t\t\n<p>Las empresas pueden contratar como complemento para todos sus trabajadores, un plan de Pensiones en el que aporten ciertas cantidades.<br>En el caso de que el trabajador deje la empresa m\u00e1s adelante, puede trasladar el importe acumulado al plan de esta otra empresa. La regulaci\u00f3n legal, establece cada a\u00f1o el l\u00edmite anual de aportaci\u00f3n seg\u00fan el nivel de ingresos y la edad.<br>Estos planes se controlan por una comisi\u00f3n gestora a la que los trabajadores pueden entrar a formar parte. <\/p>\n\t\t\t\t\t\t\t\t<\/div>\n\t\t\t\t<\/div>\n\t\t<div class=\"elementor-element elementor-element-79c972e e-con-full e-flex e-con e-child\" data-id=\"79c972e\" data-element_type=\"container\" data-e-type=\"container\" data-settings=\"{&quot;background_background&quot;:&quot;classic&quot;}\">\n\t\t\t\t<div class=\"elementor-element elementor-element-b4e83a7 elementor-widget elementor-widget-text-editor\" data-id=\"b4e83a7\" data-element_type=\"widget\" data-e-type=\"widget\" data-widget_type=\"text-editor.default\">\n\t\t\t\t\t\t\t\t\t\n<h3>Avantatges<\/h3>\n<p>Per a l&#8217;empresari: Pots deduir-te les aportacions als treballadors directament com a despesa, sense altres costos afegits.<br> Per al treballador: Vas acumulant un capital, de mica en mica, sense que t&#8217;ocasioni cap sacrifici, que et permetr\u00e0 gaudir d&#8217;una situaci\u00f3 m\u00e9s folgada en el moment que deixis de percebre el teu salari o altres ingressos de la feina i que et serveixin com a complement de la pensi\u00f3 de jubilaci\u00f3.<\/p>\n\n<p><b>En aquest tipus de producte, \u00e9s molt important el coneixement del funcionament del producte, de la posada en marxa i de les repercussions fiscals per a empreses i treballadors que nom\u00e9s una corredoria com Urquia <span style=\"color: #8a2533;\">&amp;<\/span> Bas li pot oferir.<\/b><\/p>\n\t\t\t\t\t\t\t\t<\/div>\n\t\t\t\t<\/div>\n\t\t<div class=\"elementor-element elementor-element-7877d0d e-con-full e-flex e-con e-child\" data-id=\"7877d0d\" data-element_type=\"container\" data-e-type=\"container\" data-settings=\"{&quot;background_background&quot;:&quot;classic&quot;}\">\n\t\t\t\t<div class=\"elementor-element elementor-element-aa13f57 elementor-widget elementor-widget-text-editor\" data-id=\"aa13f57\" data-element_type=\"widget\" data-e-type=\"widget\" data-widget_type=\"text-editor.default\">\n\t\t\t\t\t\t\t\t\t\n<h3 class=\"wp-block-heading\">Com puc ajudar-te?<\/h3>\n\n<p>Deixa&#8217;m les teves dades i em posar\u00e9 en contacte amb tu al m\u00e9s aviat possible.<\/p>\n\t\t\t\t\t\t\t\t<\/div>\n\t\t\t\t<div class=\"elementor-element elementor-element-501685a elementor-widget elementor-widget-text-editor\" data-id=\"501685a\" data-element_type=\"widget\" data-e-type=\"widget\" data-widget_type=\"text-editor.default\">\n\t\t\t\t\t\t\t\t\t<iframe id=\"tarificador\" class=\"w-full\" style=\"height: 360px;\" src=\"http:\/\/tarificadores.urquiabas.com\/forms\/Planes%20de%20pensiones%20de%20empleo?h=0\" frameborder=\"0\" allowfullscreen=\"allowfullscreen\"><span data-mce-type=\"bookmark\" style=\"display: inline-block; width: 0px; overflow: hidden; line-height: 0;\" class=\"mce_SELRES_start\"><\/span><\/iframe>\t\t\t\t\t\t\t\t<\/div>\n\t\t\t\t<\/div>\n\t\t\t\t\t<\/div>\n\t\t\t\t<\/div>\n\t\t\t\t<\/div>\n\t\t","protected":false},"excerpt":{"rendered":"<p>Las empresas pueden contratar como complemento para todos sus trabajadores, un plan de Pensiones en el que aporten ciertas cantidades.En el caso de que el trabajador deje la empresa m\u00e1s adelante, puede trasladar el importe acumulado al plan de esta otra empresa. La regulaci\u00f3n legal, establece cada a\u00f1o el l\u00edmite anual de aportaci\u00f3n seg\u00fan el [&hellip;]<\/p>\n","protected":false},"author":84,"featured_media":20151,"parent":0,"menu_order":0,"comment_status":"closed","ping_status":"closed","template":"","meta":{"_acf_changed":false,"inline_featured_image":false,"footnotes":""},"class_list":["post-17352","page","type-page","status-publish","has-post-thumbnail","hentry"],"acf":{"contacte":"ramon","foto_responsable":"https:\/\/urquiabas.com\/wp-content\/uploads\/2024\/05\/BG_Paula-1-scaled.jpg","titulo":"Assegurances de plans de pensions d'ocupaci\u00f3","id_nex":"330","odoo":"https:\/\/tarificadores.urquiabas.com\/forms\/contacto\/?u=24&o=1&h=0","contacte_responsable_telefon":"636 43 60 02","contacte_responsable_email":"paulaoliva@urquiabas.com","responsable":"Paula Oliva"},"yoast_head":"<!-- This site is optimized with the Yoast SEO plugin v27.4 - https:\/\/yoast.com\/product\/yoast-seo-wordpress\/ -->\n<title>Plans de pensions d&#039;ocupaci\u00f3 - Urqu\u00eda&amp;Bas<\/title>\n<meta name=\"description\" content=\"Contracta un Pla de Pensions d&#039;Ocupaci\u00f3 per a tu i els teus empleats; per completar la pensi\u00f3 p\u00fablica, a m\u00e9s de fidelitzar els teus empleats i estalviar impostos.\" \/>\n<meta name=\"robots\" content=\"index, follow, max-snippet:-1, max-image-preview:large, max-video-preview:-1\" \/>\n<link rel=\"canonical\" href=\"https:\/\/urquiabas.com\/ca\/plans-de-pensions-laborals\/\" \/>\n<meta property=\"og:locale\" content=\"ca_ES\" \/>\n<meta property=\"og:type\" content=\"article\" \/>\n<meta property=\"og:title\" content=\"Plans de pensions d&#039;ocupaci\u00f3 - Urqu\u00eda&amp;Bas\" \/>\n<meta property=\"og:description\" content=\"Contracta un Pla de Pensions d&#039;Ocupaci\u00f3 per a tu i els teus empleats; per completar la pensi\u00f3 p\u00fablica, a m\u00e9s de fidelitzar els teus empleats i estalviar impostos.\" \/>\n<meta property=\"og:url\" content=\"https:\/\/urquiabas.com\/ca\/plans-de-pensions-laborals\/\" \/>\n<meta property=\"og:site_name\" content=\"Urqu\u00eda&amp;Bas\" \/>\n<meta property=\"article:publisher\" content=\"https:\/\/www.facebook.com\/UrquiaBas\/\" \/>\n<meta property=\"article:modified_time\" content=\"2025-12-02T10:04:09+00:00\" \/>\n<meta property=\"og:image\" content=\"https:\/\/urquiabas.com\/wp-content\/uploads\/2016\/01\/header-urquia-noticia-pensiones.png\" \/>\n\t<meta property=\"og:image:width\" content=\"750\" \/>\n\t<meta property=\"og:image:height\" content=\"250\" \/>\n\t<meta property=\"og:image:type\" content=\"image\/png\" \/>\n<meta name=\"twitter:card\" content=\"summary_large_image\" \/>\n<meta name=\"twitter:site\" content=\"@BasUrquia\" \/>\n<meta name=\"twitter:label1\" content=\"Temps estimat de lectura\" \/>\n\t<meta name=\"twitter:data1\" content=\"1 minut\" \/>\n<script type=\"application\/ld+json\" class=\"yoast-schema-graph\">{\"@context\":\"https:\\\/\\\/schema.org\",\"@graph\":[{\"@type\":\"WebPage\",\"@id\":\"https:\\\/\\\/urquiabas.com\\\/ca\\\/plans-de-pensions-laborals\\\/\",\"url\":\"https:\\\/\\\/urquiabas.com\\\/ca\\\/plans-de-pensions-laborals\\\/\",\"name\":\"Plans de pensions d'ocupaci\u00f3 - Urqu\u00eda&amp;Bas\",\"isPartOf\":{\"@id\":\"https:\\\/\\\/urquiabas.com\\\/#website\"},\"primaryImageOfPage\":{\"@id\":\"https:\\\/\\\/urquiabas.com\\\/ca\\\/plans-de-pensions-laborals\\\/#primaryimage\"},\"image\":{\"@id\":\"https:\\\/\\\/urquiabas.com\\\/ca\\\/plans-de-pensions-laborals\\\/#primaryimage\"},\"thumbnailUrl\":\"https:\\\/\\\/urquiabas.com\\\/wp-content\\\/uploads\\\/2016\\\/01\\\/header-urquia-noticia-pensiones.png\",\"datePublished\":\"2021-04-12T14:40:37+00:00\",\"dateModified\":\"2025-12-02T10:04:09+00:00\",\"description\":\"Contracta un Pla de Pensions d'Ocupaci\u00f3 per a tu i els teus empleats; per completar la pensi\u00f3 p\u00fablica, a m\u00e9s de fidelitzar els teus empleats i estalviar impostos.\",\"breadcrumb\":{\"@id\":\"https:\\\/\\\/urquiabas.com\\\/ca\\\/plans-de-pensions-laborals\\\/#breadcrumb\"},\"inLanguage\":\"ca\",\"potentialAction\":[{\"@type\":\"ReadAction\",\"target\":[\"https:\\\/\\\/urquiabas.com\\\/ca\\\/plans-de-pensions-laborals\\\/\"]}]},{\"@type\":\"ImageObject\",\"inLanguage\":\"ca\",\"@id\":\"https:\\\/\\\/urquiabas.com\\\/ca\\\/plans-de-pensions-laborals\\\/#primaryimage\",\"url\":\"https:\\\/\\\/urquiabas.com\\\/wp-content\\\/uploads\\\/2016\\\/01\\\/header-urquia-noticia-pensiones.png\",\"contentUrl\":\"https:\\\/\\\/urquiabas.com\\\/wp-content\\\/uploads\\\/2016\\\/01\\\/header-urquia-noticia-pensiones.png\",\"width\":750,\"height\":250,\"caption\":\"Planes de pensiones de empleo\"},{\"@type\":\"BreadcrumbList\",\"@id\":\"https:\\\/\\\/urquiabas.com\\\/ca\\\/plans-de-pensions-laborals\\\/#breadcrumb\",\"itemListElement\":[{\"@type\":\"ListItem\",\"position\":1,\"name\":\"Portada\",\"item\":\"https:\\\/\\\/urquiabas.com\\\/\"},{\"@type\":\"ListItem\",\"position\":2,\"name\":\"Plans de pensions d&#8217;ocupaci\u00f3\"}]},{\"@type\":\"WebSite\",\"@id\":\"https:\\\/\\\/urquiabas.com\\\/#website\",\"url\":\"https:\\\/\\\/urquiabas.com\\\/\",\"name\":\"Urqu\u00eda&amp;Bas\",\"description\":\"Corredur\u00eda de seguros | Lleida\",\"publisher\":{\"@id\":\"https:\\\/\\\/urquiabas.com\\\/#organization\"},\"potentialAction\":[{\"@type\":\"SearchAction\",\"target\":{\"@type\":\"EntryPoint\",\"urlTemplate\":\"https:\\\/\\\/urquiabas.com\\\/?s={search_term_string}\"},\"query-input\":{\"@type\":\"PropertyValueSpecification\",\"valueRequired\":true,\"valueName\":\"search_term_string\"}}],\"inLanguage\":\"ca\"},{\"@type\":\"Organization\",\"@id\":\"https:\\\/\\\/urquiabas.com\\\/#organization\",\"name\":\"Urquia & Bas S.L\",\"url\":\"https:\\\/\\\/urquiabas.com\\\/\",\"logo\":{\"@type\":\"ImageObject\",\"inLanguage\":\"ca\",\"@id\":\"https:\\\/\\\/urquiabas.com\\\/#\\\/schema\\\/logo\\\/image\\\/\",\"url\":\"https:\\\/\\\/urquiabas.com\\\/wp-content\\\/uploads\\\/2018\\\/03\\\/logoubmail2018.jpg\",\"contentUrl\":\"https:\\\/\\\/urquiabas.com\\\/wp-content\\\/uploads\\\/2018\\\/03\\\/logoubmail2018.jpg\",\"width\":258,\"height\":61,\"caption\":\"Urquia & Bas S.L\"},\"image\":{\"@id\":\"https:\\\/\\\/urquiabas.com\\\/#\\\/schema\\\/logo\\\/image\\\/\"},\"sameAs\":[\"https:\\\/\\\/www.facebook.com\\\/UrquiaBas\\\/\",\"https:\\\/\\\/x.com\\\/BasUrquia\",\"https:\\\/\\\/www.instagram.com\\\/urquiabas\\\/\",\"https:\\\/\\\/www.linkedin.com\\\/company\\\/3125928\\\/\"]}]}<\/script>\n<!-- \/ Yoast SEO plugin. -->","yoast_head_json":{"title":"Plans de pensions d'ocupaci\u00f3 - Urqu\u00eda&amp;Bas","description":"Contracta un Pla de Pensions d'Ocupaci\u00f3 per a tu i els teus empleats; per completar la pensi\u00f3 p\u00fablica, a m\u00e9s de fidelitzar els teus empleats i estalviar impostos.","robots":{"index":"index","follow":"follow","max-snippet":"max-snippet:-1","max-image-preview":"max-image-preview:large","max-video-preview":"max-video-preview:-1"},"canonical":"https:\/\/urquiabas.com\/ca\/plans-de-pensions-laborals\/","og_locale":"ca_ES","og_type":"article","og_title":"Plans de pensions d'ocupaci\u00f3 - Urqu\u00eda&amp;Bas","og_description":"Contracta un Pla de Pensions d'Ocupaci\u00f3 per a tu i els teus empleats; per completar la pensi\u00f3 p\u00fablica, a m\u00e9s de fidelitzar els teus empleats i estalviar impostos.","og_url":"https:\/\/urquiabas.com\/ca\/plans-de-pensions-laborals\/","og_site_name":"Urqu\u00eda&amp;Bas","article_publisher":"https:\/\/www.facebook.com\/UrquiaBas\/","article_modified_time":"2025-12-02T10:04:09+00:00","og_image":[{"width":750,"height":250,"url":"https:\/\/urquiabas.com\/wp-content\/uploads\/2016\/01\/header-urquia-noticia-pensiones.png","type":"image\/png"}],"twitter_card":"summary_large_image","twitter_site":"@BasUrquia","twitter_misc":{"Temps estimat de lectura":"1 minut"},"schema":{"@context":"https:\/\/schema.org","@graph":[{"@type":"WebPage","@id":"https:\/\/urquiabas.com\/ca\/plans-de-pensions-laborals\/","url":"https:\/\/urquiabas.com\/ca\/plans-de-pensions-laborals\/","name":"Plans de pensions d'ocupaci\u00f3 - Urqu\u00eda&amp;Bas","isPartOf":{"@id":"https:\/\/urquiabas.com\/#website"},"primaryImageOfPage":{"@id":"https:\/\/urquiabas.com\/ca\/plans-de-pensions-laborals\/#primaryimage"},"image":{"@id":"https:\/\/urquiabas.com\/ca\/plans-de-pensions-laborals\/#primaryimage"},"thumbnailUrl":"https:\/\/urquiabas.com\/wp-content\/uploads\/2016\/01\/header-urquia-noticia-pensiones.png","datePublished":"2021-04-12T14:40:37+00:00","dateModified":"2025-12-02T10:04:09+00:00","description":"Contracta un Pla de Pensions d'Ocupaci\u00f3 per a tu i els teus empleats; per completar la pensi\u00f3 p\u00fablica, a m\u00e9s de fidelitzar els teus empleats i estalviar impostos.","breadcrumb":{"@id":"https:\/\/urquiabas.com\/ca\/plans-de-pensions-laborals\/#breadcrumb"},"inLanguage":"ca","potentialAction":[{"@type":"ReadAction","target":["https:\/\/urquiabas.com\/ca\/plans-de-pensions-laborals\/"]}]},{"@type":"ImageObject","inLanguage":"ca","@id":"https:\/\/urquiabas.com\/ca\/plans-de-pensions-laborals\/#primaryimage","url":"https:\/\/urquiabas.com\/wp-content\/uploads\/2016\/01\/header-urquia-noticia-pensiones.png","contentUrl":"https:\/\/urquiabas.com\/wp-content\/uploads\/2016\/01\/header-urquia-noticia-pensiones.png","width":750,"height":250,"caption":"Planes de pensiones de empleo"},{"@type":"BreadcrumbList","@id":"https:\/\/urquiabas.com\/ca\/plans-de-pensions-laborals\/#breadcrumb","itemListElement":[{"@type":"ListItem","position":1,"name":"Portada","item":"https:\/\/urquiabas.com\/"},{"@type":"ListItem","position":2,"name":"Plans de pensions d&#8217;ocupaci\u00f3"}]},{"@type":"WebSite","@id":"https:\/\/urquiabas.com\/#website","url":"https:\/\/urquiabas.com\/","name":"Urqu\u00eda&amp;Bas","description":"Corredur\u00eda de seguros | Lleida","publisher":{"@id":"https:\/\/urquiabas.com\/#organization"},"potentialAction":[{"@type":"SearchAction","target":{"@type":"EntryPoint","urlTemplate":"https:\/\/urquiabas.com\/?s={search_term_string}"},"query-input":{"@type":"PropertyValueSpecification","valueRequired":true,"valueName":"search_term_string"}}],"inLanguage":"ca"},{"@type":"Organization","@id":"https:\/\/urquiabas.com\/#organization","name":"Urquia & Bas S.L","url":"https:\/\/urquiabas.com\/","logo":{"@type":"ImageObject","inLanguage":"ca","@id":"https:\/\/urquiabas.com\/#\/schema\/logo\/image\/","url":"https:\/\/urquiabas.com\/wp-content\/uploads\/2018\/03\/logoubmail2018.jpg","contentUrl":"https:\/\/urquiabas.com\/wp-content\/uploads\/2018\/03\/logoubmail2018.jpg","width":258,"height":61,"caption":"Urquia & Bas S.L"},"image":{"@id":"https:\/\/urquiabas.com\/#\/schema\/logo\/image\/"},"sameAs":["https:\/\/www.facebook.com\/UrquiaBas\/","https:\/\/x.com\/BasUrquia","https:\/\/www.instagram.com\/urquiabas\/","https:\/\/www.linkedin.com\/company\/3125928\/"]}]}},"_links":{"self":[{"href":"https:\/\/urquiabas.com\/ca\/wp-json\/wp\/v2\/pages\/17352","targetHints":{"allow":["GET"]}}],"collection":[{"href":"https:\/\/urquiabas.com\/ca\/wp-json\/wp\/v2\/pages"}],"about":[{"href":"https:\/\/urquiabas.com\/ca\/wp-json\/wp\/v2\/types\/page"}],"author":[{"embeddable":true,"href":"https:\/\/urquiabas.com\/ca\/wp-json\/wp\/v2\/users\/84"}],"replies":[{"embeddable":true,"href":"https:\/\/urquiabas.com\/ca\/wp-json\/wp\/v2\/comments?post=17352"}],"version-history":[{"count":0,"href":"https:\/\/urquiabas.com\/ca\/wp-json\/wp\/v2\/pages\/17352\/revisions"}],"wp:featuredmedia":[{"embeddable":true,"href":"https:\/\/urquiabas.com\/ca\/wp-json\/wp\/v2\/media\/20151"}],"wp:attachment":[{"href":"https:\/\/urquiabas.com\/ca\/wp-json\/wp\/v2\/media?parent=17352"}],"curies":[{"name":"wp","href":"https:\/\/api.w.org\/{rel}","templated":true}]}}