{"id":17404,"date":"2021-04-14T17:21:06","date_gmt":"2021-04-14T15:21:06","guid":{"rendered":"https:\/\/dev01.urquiabas.com\/?page_id=17404"},"modified":"2025-12-02T11:59:11","modified_gmt":"2025-12-02T10:59:11","slug":"vehicles-electrics","status":"publish","type":"page","link":"https:\/\/urquiabas.com\/ca\/vehicles-electrics\/","title":{"rendered":"Vehicles El\u00e8ctrics"},"content":{"rendered":"\t\t<div data-elementor-type=\"wp-page\" data-elementor-id=\"17404\" class=\"elementor elementor-17404 elementor-17402\" data-elementor-post-type=\"page\">\n\t\t\t\t<div class=\"elementor-element elementor-element-7e296cdd e-flex e-con-boxed e-con e-parent\" data-id=\"7e296cdd\" data-element_type=\"container\" data-e-type=\"container\" data-settings=\"{&quot;background_background&quot;:&quot;classic&quot;}\">\n\t\t\t\t\t<div class=\"e-con-inner\">\n\t\t<div class=\"elementor-element elementor-element-3fbeb95 e-con-full e-flex e-con e-child\" data-id=\"3fbeb95\" data-element_type=\"container\" data-e-type=\"container\" data-settings=\"{&quot;background_background&quot;:&quot;classic&quot;}\">\n\t\t\t\t<div class=\"elementor-element elementor-element-1200d43b elementor-widget elementor-widget-text-editor\" data-id=\"1200d43b\" data-element_type=\"widget\" data-e-type=\"widget\" data-widget_type=\"text-editor.default\">\n\t\t\t\t\t\t\t\t\t\n<h3 class=\"wp-block-heading\"><span style=\"color: #ffffff;\">A qui ens dirigim<\/span><\/h3>\n\n<p>Usuaris de vehicles el\u00e8ctrics <strong>Segway<\/strong> o b\u00e9 <strong>e.SOLEX<\/strong><\/p>\n\n<div class=\"wp-block-columns\">\n<div class=\"wp-block-column\">\n<div class=\"wp-block-buttons\">Segway<\/div>\n<\/div>\n<\/div>\n\n<div class=\"wp-block-group accordeon-content\">\n<p>Cobreix els danys materials com a conseq\u00fc\u00e8ncia directa de causes externes no espec\u00edficament excloses, com poden ser entre altres Incendi, robatori, atracament, espoliaci\u00f3, impacte, danys durant la circulaci\u00f3. S\u201festableix una franqu\u00edcia general a c\u00e0rrec de l\u201fassegurat del 10% del valor del sinistre (m\u00ednim de 300\u20ac).<\/p>\n<\/div>\n\t\t\t\t\t\t\t\t<\/div>\n\t\t\t\t<\/div>\n\t\t<div class=\"elementor-element elementor-element-d1fdbf4 e-con-full e-flex e-con e-child\" data-id=\"d1fdbf4\" data-element_type=\"container\" data-e-type=\"container\" data-settings=\"{&quot;background_background&quot;:&quot;classic&quot;}\">\n\t\t\t\t<div class=\"elementor-element elementor-element-f2f2bcd elementor-widget elementor-widget-text-editor\" data-id=\"f2f2bcd\" data-element_type=\"widget\" data-e-type=\"widget\" data-widget_type=\"text-editor.default\">\n\t\t\t\t\t\t\t\t\t<div class=\"wp-block-group accordeon-content\"><h3>Cobertures<\/h3><ul class=\"wp-block-list\"><li>Danys propis del vehicle.<\/li><li>Tipus de vehicles que s&#8217;assegura: SEGWAY de primera adquisici\u00f3.<\/li><li>Garantia per vehicle: Un m\u00e0xim de cinc anys. Vehicles amb antiguitat superior no es garanteixen.<\/li><li>P\u00f2lissa anual renovable, a data 1 de desembre.<\/li><li>S&#8217;exclouen els vehicles destinats a lloguer.<\/li><\/ul><\/div><p class=\"accordeon-title\">Asseguran\u00e7a de responsabilitat civil particular per a usuaris de Segway<\/p><div class=\"wp-block-group accordeon-content\"><p><strong>Descripci\u00f3<\/strong><\/p><p>Cobreix els danys ocasionats a tercers a causa de la utilitzaci\u00f3 del vehicle. Capital assegurat 300.000\u20ac, amb un subl\u00edmit de 150.000\u20ac per v\u00edctima. Cosina de l&#8217;asseguran\u00e7a: 39,80\u20ac\/any.<\/p><p><strong>Especificacions de les cobertures.<\/strong><\/p><ul class=\"wp-block-list\"><li>Contractaci\u00f3 de p\u00f2lisses individuals.<\/li><li>L?assegurat \u00e9s el propietari del vehicle.<\/li><li>Cobreix la responsabilitat civil privada de l&#8217;assegurat.<\/li><li>Franqu\u00edcia de 300\u20ac per sinistre.<\/li><li>Contractaci\u00f3 condicionada a la pr\u00e8via subscripci\u00f3 de l&#8217;asseguran\u00e7a de danys per a vehicles SEGWAY.<\/li><\/ul><p>Atenci\u00f3! Per a les <strong>empreses organitzadores de tours amb vehicles SEGWAY<\/strong> , podeu contractar amb nosaltres les assegurances per a aquest tipus d&#8217;activitat. Per a m\u00e9s informaci\u00f3 accediu al nostre apartat d&#8217;Esports d&#8217;Aventura, on hi ha els productes espec\u00edfics per a Turisme Actiu.<\/p><\/div><p class=\"accordeon-title\">Assegurances de circulaci\u00f3 de ciclomotors e-SOLEX<\/p><div class=\"wp-block-group accordeon-content\"><p><strong>Caracter\u00edstiques de l&#8217;asseguran\u00e7a<\/strong><br>Asseguran\u00e7a de circulaci\u00f3 per a ciclomotors e-Solex<\/p><p><strong>Descripci\u00f3<\/strong><br>Asseguran\u00e7a de circulaci\u00f3 per a vehicles de motor e-Solex.<br>Garanties<\/p><ul class=\"wp-block-list\"><li>Responsabilitat Civil Obligat\u00f2ria Inclosa<\/li><li>Responsabilitat Civil Volunt\u00e0ria Fins a 50 milions d&#8217;euros<\/li><li>Defensa Jur\u00eddica Inclosa<\/li><li>Reclamaci\u00f3 de Danys Inclosa<\/li><li>Assist\u00e8ncia a Viatge Inclosa<\/li><li>Accidents del Conductor Inclosa<\/li><\/ul><\/div><p class=\"accordeon-title\">Cobertures dels vehicles e.SOLEX<\/p><div class=\"wp-block-group accordeon-content\"><ul class=\"wp-block-list\"><li><strong>Assist\u00e8ncia a Viatge.  <\/strong>D\u00f3na cobertura dins un radi m\u00e0xim de 50 km des del domicili de l&#8217;assegurat. S&#8217;hi inclou remolcatge del vehicle i reparaci\u00f3 de punxades.<\/li><\/ul><ul><li><strong>Accidents del conductor.<\/strong><br>\u2013 Mort: 9.000\u20ac<br>\u2013 Invalidesa Permanent Progressiva al 200%: 18.000\u20ac<br>\u2013 Despeses de curaci\u00f3 a centres de lliure elecci\u00f3: 6.000\u20ac<br>\u2013 Despeses de curaci\u00f3 en centres concertats: Il\u00b7limitats<\/li><\/ul><\/div>\t\t\t\t\t\t\t\t<\/div>\n\t\t\t\t<\/div>\n\t\t<div class=\"elementor-element elementor-element-0bcf877 e-con-full e-flex e-con e-child\" data-id=\"0bcf877\" data-element_type=\"container\" data-e-type=\"container\" data-settings=\"{&quot;background_background&quot;:&quot;classic&quot;}\">\n\t\t\t\t<div class=\"elementor-element elementor-element-1f5cbfe elementor-widget elementor-widget-text-editor\" data-id=\"1f5cbfe\" data-element_type=\"widget\" data-e-type=\"widget\" data-widget_type=\"text-editor.default\">\n\t\t\t\t\t\t\t\t\t\n<div class=\"wp-block-group accordeon-content\"><\/div>\n<h3 class=\"wp-block-heading\">Com puc ajudar-te?<\/h3>\n\n<p>Deixa&#8217;m les teves dades i em posar\u00e9 en contacte amb tu al m\u00e9s aviat possible.<\/p>\n\t\t\t\t\t\t\t\t<\/div>\n\t\t\t\t<div class=\"elementor-element elementor-element-6627461 elementor-widget elementor-widget-text-editor\" data-id=\"6627461\" data-element_type=\"widget\" data-e-type=\"widget\" data-widget_type=\"text-editor.default\">\n\t\t\t\t\t\t\t\t\t<iframe id=\"tarificador\" class=\"w-full\" style=\"height: 360px\" src=\"http:\/\/tarificadores.urquiabas.com\/forms\/Veh%C3%ADculos%20El%C3%A9ctricos?h=0\" frameborder=\"0\" allowfullscreen=\"\"><\/iframe>\t\t\t\t\t\t\t\t<\/div>\n\t\t\t\t<\/div>\n\t\t\t\t\t<\/div>\n\t\t\t\t<\/div>\n\t\t\t\t<\/div>\n\t\t","protected":false},"excerpt":{"rendered":"<p>A qui ens dirigim Usuaris de vehicles el\u00e8ctrics Segway o b\u00e9 e.SOLEX Segway Cobreix els danys materials com a conseq\u00fc\u00e8ncia directa de causes externes no espec\u00edficament excloses, com poden ser entre altres Incendi, robatori, atracament, espoliaci\u00f3, impacte, danys durant la circulaci\u00f3. S\u201festableix una franqu\u00edcia general a c\u00e0rrec de l\u201fassegurat del 10% del valor del sinistre [&hellip;]<\/p>\n","protected":false},"author":84,"featured_media":17378,"parent":0,"menu_order":0,"comment_status":"closed","ping_status":"closed","template":"","meta":{"_acf_changed":false,"inline_featured_image":false,"footnotes":""},"class_list":["post-17404","page","type-page","status-publish","has-post-thumbnail","hentry"],"acf":{"contacte":"ramon","foto_responsable":"https:\/\/urquiabas.com\/wp-content\/uploads\/2023\/11\/BG_Yurena-2-scaled.jpg","titulo":"Assegurances per a Vehicles El\u00e8ctrics","id_nex":"330","odoo":"https:\/\/tarificadores.urquiabas.com\/forms\/contacto\/?u=24&o=1&h=0","descripcio_contacte":"Producci\u00f3 i Suplements","contacte_responsable_telefon":"621 27 79 94","contacte_responsable_email":"yurena.alvarez@urquiabas.com","responsable":"Yurena \u00c1lvarez","cta":"\u00a1Calcula i contracta!"},"yoast_head":"<!-- This site is optimized with the Yoast SEO plugin v27.4 - https:\/\/yoast.com\/product\/yoast-seo-wordpress\/ -->\n<title>Vehicles El\u00e8ctrics - Urqu\u00eda&amp;Bas<\/title>\n<meta name=\"robots\" content=\"index, follow, max-snippet:-1, max-image-preview:large, max-video-preview:-1\" \/>\n<link rel=\"canonical\" href=\"https:\/\/urquiabas.com\/ca\/vehicles-electrics\/\" \/>\n<meta property=\"og:locale\" content=\"ca_ES\" \/>\n<meta property=\"og:type\" content=\"article\" \/>\n<meta property=\"og:title\" content=\"Vehicles El\u00e8ctrics - Urqu\u00eda&amp;Bas\" \/>\n<meta property=\"og:description\" content=\"A qui ens dirigim Usuaris de vehicles el\u00e8ctrics Segway o b\u00e9 e.SOLEX Segway Cobreix els danys materials com a conseq\u00fc\u00e8ncia directa de causes externes no espec\u00edficament excloses, com poden ser entre altres Incendi, robatori, atracament, espoliaci\u00f3, impacte, danys durant la circulaci\u00f3. S\u201festableix una franqu\u00edcia general a c\u00e0rrec de l\u201fassegurat del 10% del valor del sinistre [&hellip;]\" \/>\n<meta property=\"og:url\" content=\"https:\/\/urquiabas.com\/ca\/vehicles-electrics\/\" \/>\n<meta property=\"og:site_name\" content=\"Urqu\u00eda&amp;Bas\" \/>\n<meta property=\"article:publisher\" content=\"https:\/\/www.facebook.com\/UrquiaBas\/\" \/>\n<meta property=\"article:modified_time\" content=\"2025-12-02T10:59:11+00:00\" \/>\n<meta property=\"og:image\" content=\"https:\/\/urquiabas.com\/wp-content\/uploads\/2021\/04\/Header_vehiculos_electricos_new.jpg\" \/>\n\t<meta property=\"og:image:width\" content=\"1920\" \/>\n\t<meta property=\"og:image:height\" content=\"667\" \/>\n\t<meta property=\"og:image:type\" content=\"image\/jpeg\" \/>\n<meta name=\"twitter:card\" content=\"summary_large_image\" \/>\n<meta name=\"twitter:site\" content=\"@BasUrquia\" \/>\n<meta name=\"twitter:label1\" content=\"Temps estimat de lectura\" \/>\n\t<meta name=\"twitter:data1\" content=\"2 minuts\" \/>\n<script type=\"application\/ld+json\" class=\"yoast-schema-graph\">{\"@context\":\"https:\\\/\\\/schema.org\",\"@graph\":[{\"@type\":\"WebPage\",\"@id\":\"https:\\\/\\\/urquiabas.com\\\/ca\\\/vehicles-electrics\\\/\",\"url\":\"https:\\\/\\\/urquiabas.com\\\/ca\\\/vehicles-electrics\\\/\",\"name\":\"Vehicles El\u00e8ctrics - Urqu\u00eda&amp;Bas\",\"isPartOf\":{\"@id\":\"https:\\\/\\\/urquiabas.com\\\/#website\"},\"primaryImageOfPage\":{\"@id\":\"https:\\\/\\\/urquiabas.com\\\/ca\\\/vehicles-electrics\\\/#primaryimage\"},\"image\":{\"@id\":\"https:\\\/\\\/urquiabas.com\\\/ca\\\/vehicles-electrics\\\/#primaryimage\"},\"thumbnailUrl\":\"https:\\\/\\\/urquiabas.com\\\/wp-content\\\/uploads\\\/2021\\\/04\\\/Header_vehiculos_electricos_new.jpg\",\"datePublished\":\"2021-04-14T15:21:06+00:00\",\"dateModified\":\"2025-12-02T10:59:11+00:00\",\"breadcrumb\":{\"@id\":\"https:\\\/\\\/urquiabas.com\\\/ca\\\/vehicles-electrics\\\/#breadcrumb\"},\"inLanguage\":\"ca\",\"potentialAction\":[{\"@type\":\"ReadAction\",\"target\":[\"https:\\\/\\\/urquiabas.com\\\/ca\\\/vehicles-electrics\\\/\"]}]},{\"@type\":\"ImageObject\",\"inLanguage\":\"ca\",\"@id\":\"https:\\\/\\\/urquiabas.com\\\/ca\\\/vehicles-electrics\\\/#primaryimage\",\"url\":\"https:\\\/\\\/urquiabas.com\\\/wp-content\\\/uploads\\\/2021\\\/04\\\/Header_vehiculos_electricos_new.jpg\",\"contentUrl\":\"https:\\\/\\\/urquiabas.com\\\/wp-content\\\/uploads\\\/2021\\\/04\\\/Header_vehiculos_electricos_new.jpg\",\"width\":1920,\"height\":667,\"caption\":\"Veh\u00edculos El\u00e9ctricos\"},{\"@type\":\"BreadcrumbList\",\"@id\":\"https:\\\/\\\/urquiabas.com\\\/ca\\\/vehicles-electrics\\\/#breadcrumb\",\"itemListElement\":[{\"@type\":\"ListItem\",\"position\":1,\"name\":\"Portada\",\"item\":\"https:\\\/\\\/urquiabas.com\\\/\"},{\"@type\":\"ListItem\",\"position\":2,\"name\":\"Vehicles El\u00e8ctrics\"}]},{\"@type\":\"WebSite\",\"@id\":\"https:\\\/\\\/urquiabas.com\\\/#website\",\"url\":\"https:\\\/\\\/urquiabas.com\\\/\",\"name\":\"Urqu\u00eda&amp;Bas\",\"description\":\"Corredur\u00eda de seguros | Lleida\",\"publisher\":{\"@id\":\"https:\\\/\\\/urquiabas.com\\\/#organization\"},\"potentialAction\":[{\"@type\":\"SearchAction\",\"target\":{\"@type\":\"EntryPoint\",\"urlTemplate\":\"https:\\\/\\\/urquiabas.com\\\/?s={search_term_string}\"},\"query-input\":{\"@type\":\"PropertyValueSpecification\",\"valueRequired\":true,\"valueName\":\"search_term_string\"}}],\"inLanguage\":\"ca\"},{\"@type\":\"Organization\",\"@id\":\"https:\\\/\\\/urquiabas.com\\\/#organization\",\"name\":\"Urquia & Bas S.L\",\"url\":\"https:\\\/\\\/urquiabas.com\\\/\",\"logo\":{\"@type\":\"ImageObject\",\"inLanguage\":\"ca\",\"@id\":\"https:\\\/\\\/urquiabas.com\\\/#\\\/schema\\\/logo\\\/image\\\/\",\"url\":\"https:\\\/\\\/urquiabas.com\\\/wp-content\\\/uploads\\\/2018\\\/03\\\/logoubmail2018.jpg\",\"contentUrl\":\"https:\\\/\\\/urquiabas.com\\\/wp-content\\\/uploads\\\/2018\\\/03\\\/logoubmail2018.jpg\",\"width\":258,\"height\":61,\"caption\":\"Urquia & Bas S.L\"},\"image\":{\"@id\":\"https:\\\/\\\/urquiabas.com\\\/#\\\/schema\\\/logo\\\/image\\\/\"},\"sameAs\":[\"https:\\\/\\\/www.facebook.com\\\/UrquiaBas\\\/\",\"https:\\\/\\\/x.com\\\/BasUrquia\",\"https:\\\/\\\/www.instagram.com\\\/urquiabas\\\/\",\"https:\\\/\\\/www.linkedin.com\\\/company\\\/3125928\\\/\"]}]}<\/script>\n<!-- \/ Yoast SEO plugin. -->","yoast_head_json":{"title":"Vehicles El\u00e8ctrics - Urqu\u00eda&amp;Bas","robots":{"index":"index","follow":"follow","max-snippet":"max-snippet:-1","max-image-preview":"max-image-preview:large","max-video-preview":"max-video-preview:-1"},"canonical":"https:\/\/urquiabas.com\/ca\/vehicles-electrics\/","og_locale":"ca_ES","og_type":"article","og_title":"Vehicles El\u00e8ctrics - Urqu\u00eda&amp;Bas","og_description":"A qui ens dirigim Usuaris de vehicles el\u00e8ctrics Segway o b\u00e9 e.SOLEX Segway Cobreix els danys materials com a conseq\u00fc\u00e8ncia directa de causes externes no espec\u00edficament excloses, com poden ser entre altres Incendi, robatori, atracament, espoliaci\u00f3, impacte, danys durant la circulaci\u00f3. S\u201festableix una franqu\u00edcia general a c\u00e0rrec de l\u201fassegurat del 10% del valor del sinistre [&hellip;]","og_url":"https:\/\/urquiabas.com\/ca\/vehicles-electrics\/","og_site_name":"Urqu\u00eda&amp;Bas","article_publisher":"https:\/\/www.facebook.com\/UrquiaBas\/","article_modified_time":"2025-12-02T10:59:11+00:00","og_image":[{"width":1920,"height":667,"url":"https:\/\/urquiabas.com\/wp-content\/uploads\/2021\/04\/Header_vehiculos_electricos_new.jpg","type":"image\/jpeg"}],"twitter_card":"summary_large_image","twitter_site":"@BasUrquia","twitter_misc":{"Temps estimat de lectura":"2 minuts"},"schema":{"@context":"https:\/\/schema.org","@graph":[{"@type":"WebPage","@id":"https:\/\/urquiabas.com\/ca\/vehicles-electrics\/","url":"https:\/\/urquiabas.com\/ca\/vehicles-electrics\/","name":"Vehicles El\u00e8ctrics - Urqu\u00eda&amp;Bas","isPartOf":{"@id":"https:\/\/urquiabas.com\/#website"},"primaryImageOfPage":{"@id":"https:\/\/urquiabas.com\/ca\/vehicles-electrics\/#primaryimage"},"image":{"@id":"https:\/\/urquiabas.com\/ca\/vehicles-electrics\/#primaryimage"},"thumbnailUrl":"https:\/\/urquiabas.com\/wp-content\/uploads\/2021\/04\/Header_vehiculos_electricos_new.jpg","datePublished":"2021-04-14T15:21:06+00:00","dateModified":"2025-12-02T10:59:11+00:00","breadcrumb":{"@id":"https:\/\/urquiabas.com\/ca\/vehicles-electrics\/#breadcrumb"},"inLanguage":"ca","potentialAction":[{"@type":"ReadAction","target":["https:\/\/urquiabas.com\/ca\/vehicles-electrics\/"]}]},{"@type":"ImageObject","inLanguage":"ca","@id":"https:\/\/urquiabas.com\/ca\/vehicles-electrics\/#primaryimage","url":"https:\/\/urquiabas.com\/wp-content\/uploads\/2021\/04\/Header_vehiculos_electricos_new.jpg","contentUrl":"https:\/\/urquiabas.com\/wp-content\/uploads\/2021\/04\/Header_vehiculos_electricos_new.jpg","width":1920,"height":667,"caption":"Veh\u00edculos El\u00e9ctricos"},{"@type":"BreadcrumbList","@id":"https:\/\/urquiabas.com\/ca\/vehicles-electrics\/#breadcrumb","itemListElement":[{"@type":"ListItem","position":1,"name":"Portada","item":"https:\/\/urquiabas.com\/"},{"@type":"ListItem","position":2,"name":"Vehicles El\u00e8ctrics"}]},{"@type":"WebSite","@id":"https:\/\/urquiabas.com\/#website","url":"https:\/\/urquiabas.com\/","name":"Urqu\u00eda&amp;Bas","description":"Corredur\u00eda de seguros | Lleida","publisher":{"@id":"https:\/\/urquiabas.com\/#organization"},"potentialAction":[{"@type":"SearchAction","target":{"@type":"EntryPoint","urlTemplate":"https:\/\/urquiabas.com\/?s={search_term_string}"},"query-input":{"@type":"PropertyValueSpecification","valueRequired":true,"valueName":"search_term_string"}}],"inLanguage":"ca"},{"@type":"Organization","@id":"https:\/\/urquiabas.com\/#organization","name":"Urquia & Bas S.L","url":"https:\/\/urquiabas.com\/","logo":{"@type":"ImageObject","inLanguage":"ca","@id":"https:\/\/urquiabas.com\/#\/schema\/logo\/image\/","url":"https:\/\/urquiabas.com\/wp-content\/uploads\/2018\/03\/logoubmail2018.jpg","contentUrl":"https:\/\/urquiabas.com\/wp-content\/uploads\/2018\/03\/logoubmail2018.jpg","width":258,"height":61,"caption":"Urquia & Bas S.L"},"image":{"@id":"https:\/\/urquiabas.com\/#\/schema\/logo\/image\/"},"sameAs":["https:\/\/www.facebook.com\/UrquiaBas\/","https:\/\/x.com\/BasUrquia","https:\/\/www.instagram.com\/urquiabas\/","https:\/\/www.linkedin.com\/company\/3125928\/"]}]}},"_links":{"self":[{"href":"https:\/\/urquiabas.com\/ca\/wp-json\/wp\/v2\/pages\/17404","targetHints":{"allow":["GET"]}}],"collection":[{"href":"https:\/\/urquiabas.com\/ca\/wp-json\/wp\/v2\/pages"}],"about":[{"href":"https:\/\/urquiabas.com\/ca\/wp-json\/wp\/v2\/types\/page"}],"author":[{"embeddable":true,"href":"https:\/\/urquiabas.com\/ca\/wp-json\/wp\/v2\/users\/84"}],"replies":[{"embeddable":true,"href":"https:\/\/urquiabas.com\/ca\/wp-json\/wp\/v2\/comments?post=17404"}],"version-history":[{"count":0,"href":"https:\/\/urquiabas.com\/ca\/wp-json\/wp\/v2\/pages\/17404\/revisions"}],"wp:featuredmedia":[{"embeddable":true,"href":"https:\/\/urquiabas.com\/ca\/wp-json\/wp\/v2\/media\/17378"}],"wp:attachment":[{"href":"https:\/\/urquiabas.com\/ca\/wp-json\/wp\/v2\/media?parent=17404"}],"curies":[{"name":"wp","href":"https:\/\/api.w.org\/{rel}","templated":true}]}}