{"id":17422,"date":"2021-04-15T14:17:56","date_gmt":"2021-04-15T12:17:56","guid":{"rendered":"https:\/\/dev01.urquiabas.com\/?page_id=17422"},"modified":"2025-12-03T11:21:58","modified_gmt":"2025-12-03T10:21:58","slug":"automovil-personal-2","status":"publish","type":"page","link":"https:\/\/urquiabas.com\/ca\/automovil-personal-2\/","title":{"rendered":"Autom\u00f2bil personal"},"content":{"rendered":"\t\t<div data-elementor-type=\"wp-page\" data-elementor-id=\"17422\" class=\"elementor elementor-17422 elementor-17420\" data-elementor-post-type=\"page\">\n\t\t\t\t<div class=\"elementor-element elementor-element-20dc18f6 e-flex e-con-boxed e-con e-parent\" data-id=\"20dc18f6\" data-element_type=\"container\" data-e-type=\"container\" data-settings=\"{&quot;background_background&quot;:&quot;classic&quot;}\">\n\t\t\t\t\t<div class=\"e-con-inner\">\n\t\t<div class=\"elementor-element elementor-element-53aa9c0 e-con-full e-flex e-con e-child\" data-id=\"53aa9c0\" data-element_type=\"container\" data-e-type=\"container\" data-settings=\"{&quot;background_background&quot;:&quot;classic&quot;}\">\n\t\t\t\t<div class=\"elementor-element elementor-element-e7e9959 elementor-widget elementor-widget-text-editor\" data-id=\"e7e9959\" data-element_type=\"widget\" data-e-type=\"widget\" data-widget_type=\"text-editor.default\">\n\t\t\t\t\t\t\t\t\t<p>L&#8217;acte de conduir implica el risc d&#8217;inc\u00f3rrer en responsabilitats davant de terceres persones com altres conductors, vianants o ocupants del vehicle. Per aix\u00f2, la llei obliga a disposar d&#8217;una asseguran\u00e7a obligat\u00f2ria de responsabilitat civil per als vehicles de motor, matriculats o no, que cobreixi els danys personals i materials fins als imports fixats legalment. M\u00e9s enll\u00e0 de la cobertura obligat\u00f2ria, n&#8217;hi ha d&#8217;altres de car\u00e0cter opcional com ara accidents del conductor i els ocupants, assist\u00e8ncia en viatge, vidres, defensa, reclamaci\u00f3 de danys, danys del propi vehicle, incendi i robatori. El preu d&#8217;aquesta asseguran\u00e7a es calcula amb variables com ara: zona de circulaci\u00f3, tipus, pot\u00e8ncia i valor del vehicle. Tamb\u00e9 es tenen en compte l&#8217;edat, el sexe, l&#8217;antiguitat del carnet i els antecedents sinistrals del conductor.<\/p>\t\t\t\t\t\t\t\t<\/div>\n\t\t\t\t<\/div>\n\t\t<div class=\"elementor-element elementor-element-091c838 e-con-full e-flex e-con e-child\" data-id=\"091c838\" data-element_type=\"container\" data-e-type=\"container\" data-settings=\"{&quot;background_background&quot;:&quot;classic&quot;}\">\n\t\t\t\t<div class=\"elementor-element elementor-element-fdcc52c elementor-widget elementor-widget-text-editor\" data-id=\"fdcc52c\" data-element_type=\"widget\" data-e-type=\"widget\" data-widget_type=\"text-editor.default\">\n\t\t\t\t\t\t\t\t\t<h3><strong>Avantatges<\/strong><\/h3><p>A m\u00e9s de complir amb la Llei, et protegeixes d&#8217;un dany que puguis ocasionar als altres oa tu mateix, la import\u00e0ncia dels quals es desconeix per\u00f2 a la qual est\u00e0s exposat durant hores. Evites haver de pagar imprevistos i, de vegades, elevades quantitats, i fins i tot cobrir els danys propis del teu vehicle. Cada any et beneficies d&#8217;un descompte m\u00e9s gran (bonificaci\u00f3) per no haver declarat cap sinistre, de manera que la prima que pagues pot arribar a ser veritablement redu\u00efda.<\/p><p><b>Regularment revisem el preu de la teva asseguran\u00e7a, comparant-ho amb altres companyies i et proposem el canvi si la difer\u00e8ncia valgu\u00e9s la pena.<\/b><\/p>\t\t\t\t\t\t\t\t<\/div>\n\t\t\t\t<\/div>\n\t\t<div class=\"elementor-element elementor-element-9a0e82e e-con-full e-flex e-con e-child\" data-id=\"9a0e82e\" data-element_type=\"container\" data-e-type=\"container\" data-settings=\"{&quot;background_background&quot;:&quot;classic&quot;}\">\n\t\t\t\t<div class=\"elementor-element elementor-element-05947ce elementor-widget elementor-widget-text-editor\" data-id=\"05947ce\" data-element_type=\"widget\" data-e-type=\"widget\" data-widget_type=\"text-editor.default\">\n\t\t\t\t\t\t\t\t\t<h3 class=\"wp-block-heading\">Com et puc ajudar?<\/h3><p>Deixa&#8217;m les teves dades i em posar\u00e9 en contacte amb tu el m\u00e9s aviat possible.<\/p>\t\t\t\t\t\t\t\t<\/div>\n\t\t\t\t<div class=\"elementor-element elementor-element-7c2c6a7 elementor-widget elementor-widget-text-editor\" data-id=\"7c2c6a7\" data-element_type=\"widget\" data-e-type=\"widget\" data-widget_type=\"text-editor.default\">\n\t\t\t\t\t\t\t\t\t<iframe id=\"tarificador\" class=\"w-full\" src=\"http:\/\/tarificadores.urquiabas.com\/forms\/autosub?h=0\"><\/iframe>\t\t\t\t\t\t\t\t<\/div>\n\t\t\t\t<\/div>\n\t\t\t\t\t<\/div>\n\t\t\t\t<\/div>\n\t\t\t\t<\/div>\n\t\t","protected":false},"excerpt":{"rendered":"<p>L&#8217;acte de conduir implica el risc d&#8217;inc\u00f3rrer en responsabilitats davant de terceres persones com altres conductors, vianants o ocupants del vehicle. Per aix\u00f2, la llei obliga a disposar d&#8217;una asseguran\u00e7a obligat\u00f2ria de responsabilitat civil per als vehicles de motor, matriculats o no, que cobreixi els danys personals i materials fins als imports fixats legalment. M\u00e9s [&hellip;]<\/p>\n","protected":false},"author":5,"featured_media":17398,"parent":0,"menu_order":0,"comment_status":"closed","ping_status":"closed","template":"","meta":{"_acf_changed":true,"inline_featured_image":false,"footnotes":""},"class_list":["post-17422","page","type-page","status-publish","has-post-thumbnail","hentry"],"acf":{"titulo":"Assegurances per a Autom\u00f2bil personal","id_nex":"296","odoo":"http:\/\/tarificadores.urquiabas.com\/forms\/autosub?h=0","contacte":"ramon","responsable":"Marina Romera","descripcio_contacte":"","text_responsable":"","contacte_responsable_telefon":"621170169","contacte_responsable_email":"marinaromera@urquiabas.com","cta":"\u00a1Calcula y contrata!","foto_responsable":"https:\/\/urquiabas.com\/wp-content\/uploads\/2025\/06\/BG_Marina-scaled.jpg"},"yoast_head":"<!-- This site is optimized with the Yoast SEO plugin v27.4 - https:\/\/yoast.com\/product\/yoast-seo-wordpress\/ -->\n<title>Autom\u00f2bil personal - Urqu\u00eda&amp;Bas<\/title>\n<meta name=\"description\" content=\"Assegura el teu cotxe de danys a tercers per fets de la circulaci\u00f3. I els danys propis del teu vehicle: trencament de vidres, incendi, robatori, tot risc, etc.\" \/>\n<meta name=\"robots\" content=\"index, follow, max-snippet:-1, max-image-preview:large, max-video-preview:-1\" \/>\n<link rel=\"canonical\" href=\"https:\/\/urquiabas.com\/automovil-personal\/\" \/>\n<meta property=\"og:locale\" content=\"ca_ES\" \/>\n<meta property=\"og:type\" content=\"article\" \/>\n<meta property=\"og:title\" content=\"Autom\u00f2bil personal - Urqu\u00eda&amp;Bas\" \/>\n<meta property=\"og:description\" content=\"Assegura el teu cotxe de danys a tercers per fets de la circulaci\u00f3. I els danys propis del teu vehicle: trencament de vidres, incendi, robatori, tot risc, etc.\" \/>\n<meta property=\"og:url\" content=\"https:\/\/urquiabas.com\/automovil-personal\/\" \/>\n<meta property=\"og:site_name\" content=\"Urqu\u00eda&amp;Bas\" \/>\n<meta property=\"article:publisher\" content=\"https:\/\/www.facebook.com\/UrquiaBas\/\" \/>\n<meta property=\"article:modified_time\" content=\"2025-12-03T10:21:58+00:00\" \/>\n<meta property=\"og:image\" content=\"https:\/\/urquiabas.com\/wp-content\/uploads\/2021\/04\/header-automovil-personal-degradada.png\" \/>\n\t<meta property=\"og:image:width\" content=\"1200\" \/>\n\t<meta property=\"og:image:height\" content=\"400\" \/>\n\t<meta property=\"og:image:type\" content=\"image\/png\" \/>\n<meta name=\"twitter:card\" content=\"summary_large_image\" \/>\n<meta name=\"twitter:site\" content=\"@BasUrquia\" \/>\n<meta name=\"twitter:label1\" content=\"Temps estimat de lectura\" \/>\n\t<meta name=\"twitter:data1\" content=\"2 minuts\" \/>\n<script type=\"application\/ld+json\" class=\"yoast-schema-graph\">{\"@context\":\"https:\\\/\\\/schema.org\",\"@graph\":[{\"@type\":\"WebPage\",\"@id\":\"https:\\\/\\\/urquiabas.com\\\/automovil-personal\\\/\",\"url\":\"https:\\\/\\\/urquiabas.com\\\/automovil-personal\\\/\",\"name\":\"Autom\u00f2bil personal - Urqu\u00eda&amp;Bas\",\"isPartOf\":{\"@id\":\"https:\\\/\\\/urquiabas.com\\\/#website\"},\"primaryImageOfPage\":{\"@id\":\"https:\\\/\\\/urquiabas.com\\\/automovil-personal\\\/#primaryimage\"},\"image\":{\"@id\":\"https:\\\/\\\/urquiabas.com\\\/automovil-personal\\\/#primaryimage\"},\"thumbnailUrl\":\"https:\\\/\\\/urquiabas.com\\\/wp-content\\\/uploads\\\/2021\\\/04\\\/header-automovil-personal-degradada.png\",\"datePublished\":\"2021-04-15T12:17:56+00:00\",\"dateModified\":\"2025-12-03T10:21:58+00:00\",\"description\":\"Assegura el teu cotxe de danys a tercers per fets de la circulaci\u00f3. I els danys propis del teu vehicle: trencament de vidres, incendi, robatori, tot risc, etc.\",\"breadcrumb\":{\"@id\":\"https:\\\/\\\/urquiabas.com\\\/automovil-personal\\\/#breadcrumb\"},\"inLanguage\":\"ca\",\"potentialAction\":[{\"@type\":\"ReadAction\",\"target\":[\"https:\\\/\\\/urquiabas.com\\\/automovil-personal\\\/\"]}]},{\"@type\":\"ImageObject\",\"inLanguage\":\"ca\",\"@id\":\"https:\\\/\\\/urquiabas.com\\\/automovil-personal\\\/#primaryimage\",\"url\":\"https:\\\/\\\/urquiabas.com\\\/wp-content\\\/uploads\\\/2021\\\/04\\\/header-automovil-personal-degradada.png\",\"contentUrl\":\"https:\\\/\\\/urquiabas.com\\\/wp-content\\\/uploads\\\/2021\\\/04\\\/header-automovil-personal-degradada.png\",\"width\":1200,\"height\":400,\"caption\":\"Autom\u00f3vil personal\"},{\"@type\":\"BreadcrumbList\",\"@id\":\"https:\\\/\\\/urquiabas.com\\\/automovil-personal\\\/#breadcrumb\",\"itemListElement\":[{\"@type\":\"ListItem\",\"position\":1,\"name\":\"Portada\",\"item\":\"https:\\\/\\\/urquiabas.com\\\/\"},{\"@type\":\"ListItem\",\"position\":2,\"name\":\"Autom\u00f2bil personal\"}]},{\"@type\":\"WebSite\",\"@id\":\"https:\\\/\\\/urquiabas.com\\\/#website\",\"url\":\"https:\\\/\\\/urquiabas.com\\\/\",\"name\":\"Urqu\u00eda&amp;Bas\",\"description\":\"Corredur\u00eda de seguros | Lleida\",\"publisher\":{\"@id\":\"https:\\\/\\\/urquiabas.com\\\/#organization\"},\"potentialAction\":[{\"@type\":\"SearchAction\",\"target\":{\"@type\":\"EntryPoint\",\"urlTemplate\":\"https:\\\/\\\/urquiabas.com\\\/?s={search_term_string}\"},\"query-input\":{\"@type\":\"PropertyValueSpecification\",\"valueRequired\":true,\"valueName\":\"search_term_string\"}}],\"inLanguage\":\"ca\"},{\"@type\":\"Organization\",\"@id\":\"https:\\\/\\\/urquiabas.com\\\/#organization\",\"name\":\"Urquia & Bas S.L\",\"url\":\"https:\\\/\\\/urquiabas.com\\\/\",\"logo\":{\"@type\":\"ImageObject\",\"inLanguage\":\"ca\",\"@id\":\"https:\\\/\\\/urquiabas.com\\\/#\\\/schema\\\/logo\\\/image\\\/\",\"url\":\"https:\\\/\\\/urquiabas.com\\\/wp-content\\\/uploads\\\/2018\\\/03\\\/logoubmail2018.jpg\",\"contentUrl\":\"https:\\\/\\\/urquiabas.com\\\/wp-content\\\/uploads\\\/2018\\\/03\\\/logoubmail2018.jpg\",\"width\":258,\"height\":61,\"caption\":\"Urquia & Bas S.L\"},\"image\":{\"@id\":\"https:\\\/\\\/urquiabas.com\\\/#\\\/schema\\\/logo\\\/image\\\/\"},\"sameAs\":[\"https:\\\/\\\/www.facebook.com\\\/UrquiaBas\\\/\",\"https:\\\/\\\/x.com\\\/BasUrquia\",\"https:\\\/\\\/www.instagram.com\\\/urquiabas\\\/\",\"https:\\\/\\\/www.linkedin.com\\\/company\\\/3125928\\\/\"]}]}<\/script>\n<!-- \/ Yoast SEO plugin. -->","yoast_head_json":{"title":"Autom\u00f2bil personal - Urqu\u00eda&amp;Bas","description":"Assegura el teu cotxe de danys a tercers per fets de la circulaci\u00f3. I els danys propis del teu vehicle: trencament de vidres, incendi, robatori, tot risc, etc.","robots":{"index":"index","follow":"follow","max-snippet":"max-snippet:-1","max-image-preview":"max-image-preview:large","max-video-preview":"max-video-preview:-1"},"canonical":"https:\/\/urquiabas.com\/automovil-personal\/","og_locale":"ca_ES","og_type":"article","og_title":"Autom\u00f2bil personal - Urqu\u00eda&amp;Bas","og_description":"Assegura el teu cotxe de danys a tercers per fets de la circulaci\u00f3. I els danys propis del teu vehicle: trencament de vidres, incendi, robatori, tot risc, etc.","og_url":"https:\/\/urquiabas.com\/automovil-personal\/","og_site_name":"Urqu\u00eda&amp;Bas","article_publisher":"https:\/\/www.facebook.com\/UrquiaBas\/","article_modified_time":"2025-12-03T10:21:58+00:00","og_image":[{"width":1200,"height":400,"url":"https:\/\/urquiabas.com\/wp-content\/uploads\/2021\/04\/header-automovil-personal-degradada.png","type":"image\/png"}],"twitter_card":"summary_large_image","twitter_site":"@BasUrquia","twitter_misc":{"Temps estimat de lectura":"2 minuts"},"schema":{"@context":"https:\/\/schema.org","@graph":[{"@type":"WebPage","@id":"https:\/\/urquiabas.com\/automovil-personal\/","url":"https:\/\/urquiabas.com\/automovil-personal\/","name":"Autom\u00f2bil personal - Urqu\u00eda&amp;Bas","isPartOf":{"@id":"https:\/\/urquiabas.com\/#website"},"primaryImageOfPage":{"@id":"https:\/\/urquiabas.com\/automovil-personal\/#primaryimage"},"image":{"@id":"https:\/\/urquiabas.com\/automovil-personal\/#primaryimage"},"thumbnailUrl":"https:\/\/urquiabas.com\/wp-content\/uploads\/2021\/04\/header-automovil-personal-degradada.png","datePublished":"2021-04-15T12:17:56+00:00","dateModified":"2025-12-03T10:21:58+00:00","description":"Assegura el teu cotxe de danys a tercers per fets de la circulaci\u00f3. I els danys propis del teu vehicle: trencament de vidres, incendi, robatori, tot risc, etc.","breadcrumb":{"@id":"https:\/\/urquiabas.com\/automovil-personal\/#breadcrumb"},"inLanguage":"ca","potentialAction":[{"@type":"ReadAction","target":["https:\/\/urquiabas.com\/automovil-personal\/"]}]},{"@type":"ImageObject","inLanguage":"ca","@id":"https:\/\/urquiabas.com\/automovil-personal\/#primaryimage","url":"https:\/\/urquiabas.com\/wp-content\/uploads\/2021\/04\/header-automovil-personal-degradada.png","contentUrl":"https:\/\/urquiabas.com\/wp-content\/uploads\/2021\/04\/header-automovil-personal-degradada.png","width":1200,"height":400,"caption":"Autom\u00f3vil personal"},{"@type":"BreadcrumbList","@id":"https:\/\/urquiabas.com\/automovil-personal\/#breadcrumb","itemListElement":[{"@type":"ListItem","position":1,"name":"Portada","item":"https:\/\/urquiabas.com\/"},{"@type":"ListItem","position":2,"name":"Autom\u00f2bil personal"}]},{"@type":"WebSite","@id":"https:\/\/urquiabas.com\/#website","url":"https:\/\/urquiabas.com\/","name":"Urqu\u00eda&amp;Bas","description":"Corredur\u00eda de seguros | Lleida","publisher":{"@id":"https:\/\/urquiabas.com\/#organization"},"potentialAction":[{"@type":"SearchAction","target":{"@type":"EntryPoint","urlTemplate":"https:\/\/urquiabas.com\/?s={search_term_string}"},"query-input":{"@type":"PropertyValueSpecification","valueRequired":true,"valueName":"search_term_string"}}],"inLanguage":"ca"},{"@type":"Organization","@id":"https:\/\/urquiabas.com\/#organization","name":"Urquia & Bas S.L","url":"https:\/\/urquiabas.com\/","logo":{"@type":"ImageObject","inLanguage":"ca","@id":"https:\/\/urquiabas.com\/#\/schema\/logo\/image\/","url":"https:\/\/urquiabas.com\/wp-content\/uploads\/2018\/03\/logoubmail2018.jpg","contentUrl":"https:\/\/urquiabas.com\/wp-content\/uploads\/2018\/03\/logoubmail2018.jpg","width":258,"height":61,"caption":"Urquia & Bas S.L"},"image":{"@id":"https:\/\/urquiabas.com\/#\/schema\/logo\/image\/"},"sameAs":["https:\/\/www.facebook.com\/UrquiaBas\/","https:\/\/x.com\/BasUrquia","https:\/\/www.instagram.com\/urquiabas\/","https:\/\/www.linkedin.com\/company\/3125928\/"]}]}},"_links":{"self":[{"href":"https:\/\/urquiabas.com\/ca\/wp-json\/wp\/v2\/pages\/17422","targetHints":{"allow":["GET"]}}],"collection":[{"href":"https:\/\/urquiabas.com\/ca\/wp-json\/wp\/v2\/pages"}],"about":[{"href":"https:\/\/urquiabas.com\/ca\/wp-json\/wp\/v2\/types\/page"}],"author":[{"embeddable":true,"href":"https:\/\/urquiabas.com\/ca\/wp-json\/wp\/v2\/users\/5"}],"replies":[{"embeddable":true,"href":"https:\/\/urquiabas.com\/ca\/wp-json\/wp\/v2\/comments?post=17422"}],"version-history":[{"count":0,"href":"https:\/\/urquiabas.com\/ca\/wp-json\/wp\/v2\/pages\/17422\/revisions"}],"wp:featuredmedia":[{"embeddable":true,"href":"https:\/\/urquiabas.com\/ca\/wp-json\/wp\/v2\/media\/17398"}],"wp:attachment":[{"href":"https:\/\/urquiabas.com\/ca\/wp-json\/wp\/v2\/media?parent=17422"}],"curies":[{"name":"wp","href":"https:\/\/api.w.org\/{rel}","templated":true}]}}