{"id":17433,"date":"2021-04-15T18:11:47","date_gmt":"2021-04-15T16:11:47","guid":{"rendered":"https:\/\/dev01.urquiabas.com\/?page_id=17433"},"modified":"2025-12-02T10:52:24","modified_gmt":"2025-12-02T09:52:24","slug":"multirisc-de-la-llar","status":"publish","type":"page","link":"https:\/\/urquiabas.com\/ca\/multirisc-de-la-llar\/","title":{"rendered":"Multirisc de la llar"},"content":{"rendered":"\t\t<div data-elementor-type=\"wp-page\" data-elementor-id=\"17433\" class=\"elementor elementor-17433 elementor-17431\" data-elementor-post-type=\"page\">\n\t\t\t\t<div class=\"elementor-element elementor-element-466ae9eb e-flex e-con-boxed e-con e-parent\" data-id=\"466ae9eb\" data-element_type=\"container\" data-e-type=\"container\" data-settings=\"{&quot;background_background&quot;:&quot;classic&quot;}\">\n\t\t\t\t\t<div class=\"e-con-inner\">\n\t\t<div class=\"elementor-element elementor-element-e00665f e-con-full e-flex e-con e-child\" data-id=\"e00665f\" data-element_type=\"container\" data-e-type=\"container\" data-settings=\"{&quot;background_background&quot;:&quot;classic&quot;}\">\n\t\t\t\t<div class=\"elementor-element elementor-element-5ee7d458 elementor-widget elementor-widget-text-editor\" data-id=\"5ee7d458\" data-element_type=\"widget\" data-e-type=\"widget\" data-widget_type=\"text-editor.default\">\n\t\t\t\t\t\t\t\t\t\n<p>\u00c9s una asseguran\u00e7a on es cobreixen els danys materials a l&#8217;edifici i\/o al mobiliari de l&#8217;habitatge derivats de m\u00faltiples circumst\u00e0ncies i que s&#8217;engloben dins d&#8217;un mateix contracte. L&#8217;incendi, l&#8217;explosi\u00f3, els danys per aigua i robatori s\u00f3n algunes de les garanties cobertes.<\/p>\n\n<p>Tamb\u00e9 s&#8217;hi inclouen els danys ocasionats a altres persones o b\u00e9ns per l&#8217;actuaci\u00f3 de l&#8217;assegurat i la seva fam\u00edlia com a particular dins i fora de casa. El preu de lasseguran\u00e7a dependr\u00e0 de si es tracta de: lhabitatge habitual o de la segona resid\u00e8ncia; el tipus de construcci\u00f3; la ubicaci\u00f3; l\u00b4exist\u00e8ncia de proteccions d\u00b4acc\u00e9s; i, evidentment, dels capitals que se n&#8217;assegurin.<\/p>\n\t\t\t\t\t\t\t\t<\/div>\n\t\t\t\t<\/div>\n\t\t<div class=\"elementor-element elementor-element-d920c5b e-con-full e-flex e-con e-child\" data-id=\"d920c5b\" data-element_type=\"container\" data-e-type=\"container\" data-settings=\"{&quot;background_background&quot;:&quot;classic&quot;}\">\n\t\t\t\t<div class=\"elementor-element elementor-element-5e2889c elementor-widget elementor-widget-text-editor\" data-id=\"5e2889c\" data-element_type=\"widget\" data-e-type=\"widget\" data-widget_type=\"text-editor.default\">\n\t\t\t\t\t\t\t\t\t\n<h3>Avantatges<\/h3>\n<p>Tant si ets propietari com si ets llogater de l&#8217;habitatge que ocupes t&#8217;interessa cobrir els danys que pots patir en els teus b\u00e9ns i, encara m\u00e9s, els danys que pots ocasionar als teus ve\u00efns oa terceres persones dins i fora de l&#8217;habitatge, fins i tot al estranger i que et puguin reclamar com a cap de fam\u00edlia.<\/p>\n\n<p>A m\u00e9s, a la majoria de les companyies t&#8217;inclouen serveis d&#8217;assist\u00e8ncia per a la reparaci\u00f3 immediata dels danys soferts, sense haver de preocupar-te de la cerca de professionals que hi facin.<\/p>\n\n<p><b>T&#8217;ajudarem a establir els valors assegurats, ajustant-los a la realitat, perqu\u00e8, en cas de sinistre, no hi hagi insufici\u00e8ncia de capitals, reduint-se per tant la indemnitzaci\u00f3.<\/b><\/p>\n\n<div class=\"wp-block-columns\">\n<div class=\"wp-block-column\"><\/div>\n<\/div>\n\t\t\t\t\t\t\t\t<\/div>\n\t\t\t\t<\/div>\n\t\t<div class=\"elementor-element elementor-element-0a1c9d6 e-con-full e-flex e-con e-child\" data-id=\"0a1c9d6\" data-element_type=\"container\" data-e-type=\"container\" data-settings=\"{&quot;background_background&quot;:&quot;classic&quot;}\">\n\t\t\t\t<div class=\"elementor-element elementor-element-210b54a elementor-widget elementor-widget-text-editor\" data-id=\"210b54a\" data-element_type=\"widget\" data-e-type=\"widget\" data-widget_type=\"text-editor.default\">\n\t\t\t\t\t\t\t\t\t\n<h3 class=\"wp-block-heading\">Informaci\u00f3 d&#8217;inter\u00e8s<\/h3>\n\n<p class=\"accordeon-title\">Coses importants a tenir en compte.<\/p>\n\n<div class=\"wp-block-group accordeon-content\">\n<ul class=\"wp-block-list\">\n<li><strong>Ajustar els capitals al valor de reposici\u00f3<\/strong> dels b\u00e9ns per evitar que en cas de sinistre la indemnitzaci\u00f3 sigui menor.<\/li>\n\n<li><strong>Determinar clarament quin capital correspon a continent, contingut, joies i objectes de valor,<\/strong> ja que varia el concepte en funci\u00f3 d&#8217;unes asseguradores o d&#8217;altres. Per aix\u00f2 cal llegir atentament l&#8217;apartat \u201cdefinicions\u201d que es troba a les primeres p\u00e0gines dels condicionats generals de cada companyia.<\/li>\n\n<li>En cas d&#8217;assegurar capitals elevats, <strong>valorar la contractaci\u00f3 d&#8217;una franqu\u00edcia<\/strong> ajuda molt a abaixar el preu.<\/li>\n\n<li><strong>Tenir en compte les condicions climatol\u00f2giques de la zona,<\/strong> especialment el fred, perqu\u00e8 hi sol haver exclusions respecte a les gelades.<\/li>\n\n<li><strong>Manteniment dels elements passius de seguretat.<\/strong>  Si es declara tenir alarma, cal vigilar que aquesta es connecta en deixar l&#8217;habitatge. D&#8217;altra manera, ens poden indemnitzar per menor import al real en cas de robatori.<\/li>\n\n<li><strong>Si es tenen gossos, declarar correctament la ra\u00e7a dels mateixos,<\/strong> ja que hi ha una llei que en determina les condicions d&#8217;assegurament quan s\u00f3n de \u201cra\u00e7a perillosa\u201d. Tamb\u00e9 cal declarar l&#8217;exist\u00e8ncia d&#8217;animals o mascotes poc habituals, com ara serps, ar\u00e0cnids, etc.<\/li>\n\n<li>\u00c9s convenient <strong>desar fotografies de les joies i objectes de valor<\/strong> que es posseeixin.<\/li>\n\n<li>Tenir en compte que, encara que es tracta, generalment, de p\u00f2lisses \u201cpaquet\u201d, es poden modificar <strong>els l\u00edmits d&#8217;algunes garanties<\/strong> com a responsabilitat civil, danys el\u00e8ctrics, danys est\u00e8tics, etc.<\/li>\n\n<li><strong>Si l&#8217;edifici ja est\u00e0 assegurat a trav\u00e9s de la comunitat, \u00e9s aconsellable assegurar un capital per a continent a 1er. Risc:<\/strong>  \u00e9s un cost redu\u00eft i evita sorpreses amb les cobertures de la p\u00f2lissa de la comunitat o amb les possibles franqu\u00edcies que tingui. A m\u00e9s, us atendr\u00e0 la vostra pr\u00f2pia companyia. Tamb\u00e9 es pot assegurar una quantitat complement\u00e0ria a la comunitat assegurada, en concepte d&#8217;obres de reforma o millores que s&#8217;hagin efectuat.<\/li>\n\n<li>Tingueu en compte que heu de <strong>declarar l&#8217;exist\u00e8ncia de trasters<\/strong> (si se&#8217;n vol assegurar el contingut).<\/li>\n\n<li>Declarar l&#8217;exist\u00e8ncia o no de <strong>mobles de jard\u00ed o terrassa<\/strong> , aix\u00ed com si hi ha tendals exteriors.<\/li>\n\n<li>En cas d&#8217; <strong>habitatges unifamiliars<\/strong> , declarar expressament un valor per a jardins i plantes i per a piscines o instal\u00b7lacions esportives o annexes. Incloure en el valor del continent el valor de les tanques, murs o tanques.<\/li>\n\n<li><strong>Compte amb les assegurances de comunitat:<\/strong> de vegades estan ben contractades i ens estalvien prima, per\u00f2 de vegades tenen franqu\u00edcies elevades, no garanteixen determinats danys per aigua o tampoc garanteixen la responsabilitat civil de les obres de reforma o del contingut.<\/li>\n<\/ul>\n<\/div>\n\n<p class=\"accordeon-title\">Qu\u00e8 no cobreix una asseguran\u00e7a de la llar<\/p>\n\n<div id=\"accordeon-content\" class=\"wp-block-group accordeon-content\">\n<p>A m\u00e9s de les exclusions pr\u00f2pies de cada garantia, amb car\u00e0cter general, les p\u00f2lisses de la llar de les diferents asseguradores, no cobreixen:<\/p>\n\n<ul class=\"wp-block-list\">\n<li>Danys ocasionats intencionadament per l&#8217;assegurat.<\/li>\n\n<li>Danys coberts pel Consorci de Compensaci\u00f3 d&#8217;Assegurances.<\/li>\n\n<li>P\u00e8rdues indirectes com a conseq\u00fc\u00e8ncia d&#8217;un sinistre.<\/li>\n\n<li>Assentaments, enfonsaments i corriments de terrenys, despreniment corriments o estovaments de terra.<\/li>\n\n<li>Avaries: danys que no siguin accidentals, sin\u00f3 resultat de desgasts, \u00fas o transcurs del temps.<\/li>\n\n<li>Vicis o defectes existents abans de la contractaci\u00f3 de lasseguran\u00e7a.<\/li>\n\n<li>Danys ocasionats per manca de manteniment de les instal\u00b7lacions.<\/li>\n\n<li>Danys a b\u00e9ns de tercers<\/li>\n\n<li>Danys a b\u00e9ns que no siguin propis dun habitatge, excepte que siguin declarats expressament. Dedicaci\u00f3 de lhabitatge a activitats professionals o industrials o altres diferents de les normals dun habitatge.<\/li>\n<\/ul>\n<\/div>\n\n<p class=\"accordeon-title\">Raons per no contractar lasseguran\u00e7a amb un banc.<\/p>\n\n<ul class=\"wp-block-list accordeon-content\">\n<li>Perqu\u00e8 els bancs es dediquen a prestar diners, de vegades, per a la compra de l&#8217;habitatge, per\u00f2 no saben assegurances.<\/li>\n\n<li>A la vostra oficina banc\u00e0ria no hi ha ning\u00fa que s\u00e0piga d&#8217;assegurances<\/li>\n\n<li>L&#8217;atenci\u00f3, en cas de sinistre, la prestar\u00e0 qualsevol persona, menys aquelles que vost\u00e8. coneix.<\/li>\n\n<li>La cl\u00e0usula de beneficiari que sol\u00b7liciten en cas de pr\u00e9stecs hipotecari, se la pot facilitar qualsevol p\u00f2lissa.<\/li>\n\n<li>Els bancs nom\u00e9s \u201cvenen\u201d la p\u00f2lissa que tenen, sense preocupar-se si \u00e9s la que s&#8217;adapta a les necessitats o no.<\/li>\n\n<li>En la majoria dels casos, les p\u00f2lisses s\u00f3n molt m\u00e9s cares. El preu de la p\u00f2lissa sol ser m\u00e9s car a un banc perqu\u00e8 vinculen l&#8217;inter\u00e8s del pr\u00e9stec a la contractaci\u00f3 de la p\u00f2lissa. \u00c9s a dir, la p\u00f2lissa no els preocupa, \u00e9s m\u00e9s cara, per\u00f2 \u201cest\u00e0s obligat\u201d.<\/li>\n\n<li><span style=\"text-decoration: underline;\"><strong><a href=\"https:\/\/urquiabas.com\/ca\/per-que-una-corredoria\/\" target=\"_blank\" rel=\"noopener\">Veure Correduria vs banc.<\/a><\/strong><\/span><\/li>\n<\/ul>\n\n<p class=\"accordeon-title\">Passos per contractar.<\/p>\n\n<ul class=\"wp-block-list accordeon-content\">\n<li>Descarregar i emplenar el <strong><span style=\"text-decoration: underline;\"><a href=\"https:\/\/app.box.com\/s\/ucffqee9mwgbfc050onj7e53eszskzjd\" target=\"_blank\" rel=\"noopener\">Full per calcular els capitals.<\/a><\/span><\/strong> Ens ajudar\u00e0 a apropar-nos a la realitat.<\/li>\n\n<li>Descarregar i emplenar la <strong><a href=\"https:\/\/app.box.com\/s\/8412p0fng0jc8qbqbb5xohcbyujwn99t\" target=\"_blank\" rel=\"noopener\"><u>sol\u00b7licitud<\/u> .<\/a><\/strong><\/li>\n\n<li>Enviar-la a <strong><a href=\"mailto:comercial@urquiabas.com\" target=\"_blank\" rel=\"noopener\"><span style=\"text-decoration: underline;\">comercial@urquiabas.com<\/span><\/a><\/strong><\/li>\n<\/ul>\n\n<p class=\"accordeon-title\">Infografies i prevenci\u00f3 de riscos comuns.<\/p>\n\n<div class=\"wp-block-group accordeon-content\">\n<h2 class=\"wp-block-heading\">Accedeix a les nostres Infografies de:<\/h2>\n\n<ul class=\"wp-block-list\">\n<li><strong><a href=\"\/wp-content\/uploads\/2018\/03\/Atragantamientos-caidas-y-golpes.pdf\" target=\"_blank\" rel=\"noopener\">Atragaments caigudes i cops.<\/a><\/strong><\/li>\n\n<li><u><strong><a href=\"\/wp-content\/uploads\/2018\/03\/Intoxicaciones-y-envenenamientos.pdf\" target=\"_blank\" rel=\"noopener\">Intoxicacions i enverinaments.<\/a><\/strong><\/u><\/li>\n\n<li><u><strong><a href=\"\/wp-content\/uploads\/2018\/03\/Quemaduras-y-cortes.pdf\">Cremades i talls.<\/a><\/strong><\/u><\/li>\n\n<li><u><strong><a href=\"\/wp-content\/uploads\/2018\/03\/Recomendaciones-2.pdf\">Qu\u00e8 cal fer en cas d&#8217;incendi? i farmaciola a casa.<\/a><\/strong><\/u><\/li>\n<\/ul>\n<\/div>\n\t\t\t\t\t\t\t\t<\/div>\n\t\t\t\t<\/div>\n\t\t<div class=\"elementor-element elementor-element-93bca5c e-con-full e-flex e-con e-child\" data-id=\"93bca5c\" data-element_type=\"container\" data-e-type=\"container\" data-settings=\"{&quot;background_background&quot;:&quot;classic&quot;}\">\n\t\t\t\t<div class=\"elementor-element elementor-element-47e2c5e elementor-widget elementor-widget-text-editor\" data-id=\"47e2c5e\" data-element_type=\"widget\" data-e-type=\"widget\" data-widget_type=\"text-editor.default\">\n\t\t\t\t\t\t\t\t\t\n<h3 class=\"wp-block-heading\">Com puc ajudar-te?<\/h3>\n\n<p>Deixa&#8217;m les teves dades i em posar\u00e9 en contacte amb tu al m\u00e9s aviat possible.<\/p>\n\t\t\t\t\t\t\t\t<\/div>\n\t\t\t\t<div class=\"elementor-element elementor-element-b8bb7b1 elementor-widget elementor-widget-text-editor\" data-id=\"b8bb7b1\" data-element_type=\"widget\" data-e-type=\"widget\" data-widget_type=\"text-editor.default\">\n\t\t\t\t\t\t\t\t\t<iframe id=\"tarificador\" class=\"w-full\" style=\"height: 360px\" src=\"http:\/\/tarificadores.urquiabas.com\/forms\/hogarub?h=0\" frameborder=\"0\" allowfullscreen=\"\"><\/iframe>\t\t\t\t\t\t\t\t<\/div>\n\t\t\t\t<\/div>\n\t\t\t\t\t<\/div>\n\t\t\t\t<\/div>\n\t\t\t\t<\/div>\n\t\t","protected":false},"excerpt":{"rendered":"<p>\u00c9s una asseguran\u00e7a on es cobreixen els danys materials a l&#8217;edifici i\/o al mobiliari de l&#8217;habitatge derivats de m\u00faltiples circumst\u00e0ncies i que s&#8217;engloben dins d&#8217;un mateix contracte. L&#8217;incendi, l&#8217;explosi\u00f3, els danys per aigua i robatori s\u00f3n algunes de les garanties cobertes. Tamb\u00e9 s&#8217;hi inclouen els danys ocasionats a altres persones o b\u00e9ns per l&#8217;actuaci\u00f3 de [&hellip;]<\/p>\n","protected":false},"author":84,"featured_media":17425,"parent":0,"menu_order":0,"comment_status":"closed","ping_status":"closed","template":"","meta":{"_acf_changed":false,"inline_featured_image":false,"footnotes":""},"class_list":["post-17433","page","type-page","status-publish","has-post-thumbnail","hentry"],"acf":{"id_nex":"296","contacte":"ramon","foto_responsable":"https:\/\/urquiabas.com\/wp-content\/uploads\/2025\/06\/BG_Marina-scaled.jpg","titulo":"Asseguran\u00e7a Multirisc de la llar","odoo":"https:\/\/tarificadores.urquiabas.com\/forms\/hogarub\/?u=24&o=1&h=0","contacte_responsable_telefon":"621170169","contacte_responsable_email":"marinaromera@urquiabas.com","responsable":"Marina Romera"},"yoast_head":"<!-- This site is optimized with the Yoast SEO plugin v27.4 - https:\/\/yoast.com\/product\/yoast-seo-wordpress\/ -->\n<title>Multirisc de la llar - Urqu\u00eda&amp;Bas<\/title>\n<meta name=\"description\" content=\"Assegura la teva llar davant d&#039;imprevistos que causin danys a l&#039;habitatge, mobiliari, electrodom\u00e8stics, joies, etc. I la teva responsabilitat civil com a cap de fam\u00edlia.\" \/>\n<meta name=\"robots\" content=\"index, follow, max-snippet:-1, max-image-preview:large, max-video-preview:-1\" \/>\n<link rel=\"canonical\" href=\"https:\/\/urquiabas.com\/ca\/multirisc-de-la-llar\/\" \/>\n<meta property=\"og:locale\" content=\"ca_ES\" \/>\n<meta property=\"og:type\" content=\"article\" \/>\n<meta property=\"og:title\" content=\"Multirisc de la llar - Urqu\u00eda&amp;Bas\" \/>\n<meta property=\"og:description\" content=\"Assegura la teva llar davant d&#039;imprevistos que causin danys a l&#039;habitatge, mobiliari, electrodom\u00e8stics, joies, etc. I la teva responsabilitat civil com a cap de fam\u00edlia.\" \/>\n<meta property=\"og:url\" content=\"https:\/\/urquiabas.com\/ca\/multirisc-de-la-llar\/\" \/>\n<meta property=\"og:site_name\" content=\"Urqu\u00eda&amp;Bas\" \/>\n<meta property=\"article:publisher\" content=\"https:\/\/www.facebook.com\/UrquiaBas\/\" \/>\n<meta property=\"article:modified_time\" content=\"2025-12-02T09:52:24+00:00\" \/>\n<meta property=\"og:image\" content=\"https:\/\/urquiabas.com\/wp-content\/uploads\/2021\/04\/multiriesgo-hogar-degradada.png\" \/>\n\t<meta property=\"og:image:width\" content=\"1200\" \/>\n\t<meta property=\"og:image:height\" content=\"400\" \/>\n\t<meta property=\"og:image:type\" content=\"image\/png\" \/>\n<meta name=\"twitter:card\" content=\"summary_large_image\" \/>\n<meta name=\"twitter:site\" content=\"@BasUrquia\" \/>\n<meta name=\"twitter:label1\" content=\"Temps estimat de lectura\" \/>\n\t<meta name=\"twitter:data1\" content=\"5 minuts\" \/>\n<script type=\"application\/ld+json\" class=\"yoast-schema-graph\">{\"@context\":\"https:\\\/\\\/schema.org\",\"@graph\":[{\"@type\":\"WebPage\",\"@id\":\"https:\\\/\\\/urquiabas.com\\\/ca\\\/multirisc-de-la-llar\\\/\",\"url\":\"https:\\\/\\\/urquiabas.com\\\/ca\\\/multirisc-de-la-llar\\\/\",\"name\":\"Multirisc de la llar - Urqu\u00eda&amp;Bas\",\"isPartOf\":{\"@id\":\"https:\\\/\\\/urquiabas.com\\\/#website\"},\"primaryImageOfPage\":{\"@id\":\"https:\\\/\\\/urquiabas.com\\\/ca\\\/multirisc-de-la-llar\\\/#primaryimage\"},\"image\":{\"@id\":\"https:\\\/\\\/urquiabas.com\\\/ca\\\/multirisc-de-la-llar\\\/#primaryimage\"},\"thumbnailUrl\":\"https:\\\/\\\/urquiabas.com\\\/wp-content\\\/uploads\\\/2021\\\/04\\\/multiriesgo-hogar-degradada.png\",\"datePublished\":\"2021-04-15T16:11:47+00:00\",\"dateModified\":\"2025-12-02T09:52:24+00:00\",\"description\":\"Assegura la teva llar davant d'imprevistos que causin danys a l'habitatge, mobiliari, electrodom\u00e8stics, joies, etc. I la teva responsabilitat civil com a cap de fam\u00edlia.\",\"breadcrumb\":{\"@id\":\"https:\\\/\\\/urquiabas.com\\\/ca\\\/multirisc-de-la-llar\\\/#breadcrumb\"},\"inLanguage\":\"ca\",\"potentialAction\":[{\"@type\":\"ReadAction\",\"target\":[\"https:\\\/\\\/urquiabas.com\\\/ca\\\/multirisc-de-la-llar\\\/\"]}]},{\"@type\":\"ImageObject\",\"inLanguage\":\"ca\",\"@id\":\"https:\\\/\\\/urquiabas.com\\\/ca\\\/multirisc-de-la-llar\\\/#primaryimage\",\"url\":\"https:\\\/\\\/urquiabas.com\\\/wp-content\\\/uploads\\\/2021\\\/04\\\/multiriesgo-hogar-degradada.png\",\"contentUrl\":\"https:\\\/\\\/urquiabas.com\\\/wp-content\\\/uploads\\\/2021\\\/04\\\/multiriesgo-hogar-degradada.png\",\"width\":1200,\"height\":400,\"caption\":\"Multirriesgo del hogar\"},{\"@type\":\"BreadcrumbList\",\"@id\":\"https:\\\/\\\/urquiabas.com\\\/ca\\\/multirisc-de-la-llar\\\/#breadcrumb\",\"itemListElement\":[{\"@type\":\"ListItem\",\"position\":1,\"name\":\"Portada\",\"item\":\"https:\\\/\\\/urquiabas.com\\\/\"},{\"@type\":\"ListItem\",\"position\":2,\"name\":\"Multirisc de la llar\"}]},{\"@type\":\"WebSite\",\"@id\":\"https:\\\/\\\/urquiabas.com\\\/#website\",\"url\":\"https:\\\/\\\/urquiabas.com\\\/\",\"name\":\"Urqu\u00eda&amp;Bas\",\"description\":\"Corredur\u00eda de seguros | Lleida\",\"publisher\":{\"@id\":\"https:\\\/\\\/urquiabas.com\\\/#organization\"},\"potentialAction\":[{\"@type\":\"SearchAction\",\"target\":{\"@type\":\"EntryPoint\",\"urlTemplate\":\"https:\\\/\\\/urquiabas.com\\\/?s={search_term_string}\"},\"query-input\":{\"@type\":\"PropertyValueSpecification\",\"valueRequired\":true,\"valueName\":\"search_term_string\"}}],\"inLanguage\":\"ca\"},{\"@type\":\"Organization\",\"@id\":\"https:\\\/\\\/urquiabas.com\\\/#organization\",\"name\":\"Urquia & Bas S.L\",\"url\":\"https:\\\/\\\/urquiabas.com\\\/\",\"logo\":{\"@type\":\"ImageObject\",\"inLanguage\":\"ca\",\"@id\":\"https:\\\/\\\/urquiabas.com\\\/#\\\/schema\\\/logo\\\/image\\\/\",\"url\":\"https:\\\/\\\/urquiabas.com\\\/wp-content\\\/uploads\\\/2018\\\/03\\\/logoubmail2018.jpg\",\"contentUrl\":\"https:\\\/\\\/urquiabas.com\\\/wp-content\\\/uploads\\\/2018\\\/03\\\/logoubmail2018.jpg\",\"width\":258,\"height\":61,\"caption\":\"Urquia & Bas S.L\"},\"image\":{\"@id\":\"https:\\\/\\\/urquiabas.com\\\/#\\\/schema\\\/logo\\\/image\\\/\"},\"sameAs\":[\"https:\\\/\\\/www.facebook.com\\\/UrquiaBas\\\/\",\"https:\\\/\\\/x.com\\\/BasUrquia\",\"https:\\\/\\\/www.instagram.com\\\/urquiabas\\\/\",\"https:\\\/\\\/www.linkedin.com\\\/company\\\/3125928\\\/\"]}]}<\/script>\n<!-- \/ Yoast SEO plugin. -->","yoast_head_json":{"title":"Multirisc de la llar - Urqu\u00eda&amp;Bas","description":"Assegura la teva llar davant d'imprevistos que causin danys a l'habitatge, mobiliari, electrodom\u00e8stics, joies, etc. I la teva responsabilitat civil com a cap de fam\u00edlia.","robots":{"index":"index","follow":"follow","max-snippet":"max-snippet:-1","max-image-preview":"max-image-preview:large","max-video-preview":"max-video-preview:-1"},"canonical":"https:\/\/urquiabas.com\/ca\/multirisc-de-la-llar\/","og_locale":"ca_ES","og_type":"article","og_title":"Multirisc de la llar - Urqu\u00eda&amp;Bas","og_description":"Assegura la teva llar davant d'imprevistos que causin danys a l'habitatge, mobiliari, electrodom\u00e8stics, joies, etc. I la teva responsabilitat civil com a cap de fam\u00edlia.","og_url":"https:\/\/urquiabas.com\/ca\/multirisc-de-la-llar\/","og_site_name":"Urqu\u00eda&amp;Bas","article_publisher":"https:\/\/www.facebook.com\/UrquiaBas\/","article_modified_time":"2025-12-02T09:52:24+00:00","og_image":[{"width":1200,"height":400,"url":"https:\/\/urquiabas.com\/wp-content\/uploads\/2021\/04\/multiriesgo-hogar-degradada.png","type":"image\/png"}],"twitter_card":"summary_large_image","twitter_site":"@BasUrquia","twitter_misc":{"Temps estimat de lectura":"5 minuts"},"schema":{"@context":"https:\/\/schema.org","@graph":[{"@type":"WebPage","@id":"https:\/\/urquiabas.com\/ca\/multirisc-de-la-llar\/","url":"https:\/\/urquiabas.com\/ca\/multirisc-de-la-llar\/","name":"Multirisc de la llar - Urqu\u00eda&amp;Bas","isPartOf":{"@id":"https:\/\/urquiabas.com\/#website"},"primaryImageOfPage":{"@id":"https:\/\/urquiabas.com\/ca\/multirisc-de-la-llar\/#primaryimage"},"image":{"@id":"https:\/\/urquiabas.com\/ca\/multirisc-de-la-llar\/#primaryimage"},"thumbnailUrl":"https:\/\/urquiabas.com\/wp-content\/uploads\/2021\/04\/multiriesgo-hogar-degradada.png","datePublished":"2021-04-15T16:11:47+00:00","dateModified":"2025-12-02T09:52:24+00:00","description":"Assegura la teva llar davant d'imprevistos que causin danys a l'habitatge, mobiliari, electrodom\u00e8stics, joies, etc. I la teva responsabilitat civil com a cap de fam\u00edlia.","breadcrumb":{"@id":"https:\/\/urquiabas.com\/ca\/multirisc-de-la-llar\/#breadcrumb"},"inLanguage":"ca","potentialAction":[{"@type":"ReadAction","target":["https:\/\/urquiabas.com\/ca\/multirisc-de-la-llar\/"]}]},{"@type":"ImageObject","inLanguage":"ca","@id":"https:\/\/urquiabas.com\/ca\/multirisc-de-la-llar\/#primaryimage","url":"https:\/\/urquiabas.com\/wp-content\/uploads\/2021\/04\/multiriesgo-hogar-degradada.png","contentUrl":"https:\/\/urquiabas.com\/wp-content\/uploads\/2021\/04\/multiriesgo-hogar-degradada.png","width":1200,"height":400,"caption":"Multirriesgo del hogar"},{"@type":"BreadcrumbList","@id":"https:\/\/urquiabas.com\/ca\/multirisc-de-la-llar\/#breadcrumb","itemListElement":[{"@type":"ListItem","position":1,"name":"Portada","item":"https:\/\/urquiabas.com\/"},{"@type":"ListItem","position":2,"name":"Multirisc de la llar"}]},{"@type":"WebSite","@id":"https:\/\/urquiabas.com\/#website","url":"https:\/\/urquiabas.com\/","name":"Urqu\u00eda&amp;Bas","description":"Corredur\u00eda de seguros | Lleida","publisher":{"@id":"https:\/\/urquiabas.com\/#organization"},"potentialAction":[{"@type":"SearchAction","target":{"@type":"EntryPoint","urlTemplate":"https:\/\/urquiabas.com\/?s={search_term_string}"},"query-input":{"@type":"PropertyValueSpecification","valueRequired":true,"valueName":"search_term_string"}}],"inLanguage":"ca"},{"@type":"Organization","@id":"https:\/\/urquiabas.com\/#organization","name":"Urquia & Bas S.L","url":"https:\/\/urquiabas.com\/","logo":{"@type":"ImageObject","inLanguage":"ca","@id":"https:\/\/urquiabas.com\/#\/schema\/logo\/image\/","url":"https:\/\/urquiabas.com\/wp-content\/uploads\/2018\/03\/logoubmail2018.jpg","contentUrl":"https:\/\/urquiabas.com\/wp-content\/uploads\/2018\/03\/logoubmail2018.jpg","width":258,"height":61,"caption":"Urquia & Bas S.L"},"image":{"@id":"https:\/\/urquiabas.com\/#\/schema\/logo\/image\/"},"sameAs":["https:\/\/www.facebook.com\/UrquiaBas\/","https:\/\/x.com\/BasUrquia","https:\/\/www.instagram.com\/urquiabas\/","https:\/\/www.linkedin.com\/company\/3125928\/"]}]}},"_links":{"self":[{"href":"https:\/\/urquiabas.com\/ca\/wp-json\/wp\/v2\/pages\/17433","targetHints":{"allow":["GET"]}}],"collection":[{"href":"https:\/\/urquiabas.com\/ca\/wp-json\/wp\/v2\/pages"}],"about":[{"href":"https:\/\/urquiabas.com\/ca\/wp-json\/wp\/v2\/types\/page"}],"author":[{"embeddable":true,"href":"https:\/\/urquiabas.com\/ca\/wp-json\/wp\/v2\/users\/84"}],"replies":[{"embeddable":true,"href":"https:\/\/urquiabas.com\/ca\/wp-json\/wp\/v2\/comments?post=17433"}],"version-history":[{"count":0,"href":"https:\/\/urquiabas.com\/ca\/wp-json\/wp\/v2\/pages\/17433\/revisions"}],"wp:featuredmedia":[{"embeddable":true,"href":"https:\/\/urquiabas.com\/ca\/wp-json\/wp\/v2\/media\/17425"}],"wp:attachment":[{"href":"https:\/\/urquiabas.com\/ca\/wp-json\/wp\/v2\/media?parent=17433"}],"curies":[{"name":"wp","href":"https:\/\/api.w.org\/{rel}","templated":true}]}}