{"id":17450,"date":"2021-04-16T08:44:36","date_gmt":"2021-04-16T06:44:36","guid":{"rendered":"https:\/\/dev01.urquiabas.com\/?page_id=17450"},"modified":"2026-02-05T10:24:46","modified_gmt":"2026-02-05T09:24:46","slug":"multirisc-de-comunitats","status":"publish","type":"page","link":"https:\/\/urquiabas.com\/ca\/multirisc-de-comunitats\/","title":{"rendered":"Multirisc de Comunitats"},"content":{"rendered":"\t\t<div data-elementor-type=\"wp-page\" data-elementor-id=\"17450\" class=\"elementor elementor-17450\" data-elementor-post-type=\"page\">\n\t\t\t\t<div class=\"elementor-element elementor-element-3dce4641 e-flex e-con-boxed e-con e-parent\" data-id=\"3dce4641\" data-element_type=\"container\" data-e-type=\"container\" data-settings=\"{&quot;background_background&quot;:&quot;classic&quot;}\">\n\t\t\t\t\t<div class=\"e-con-inner\">\n\t\t<div class=\"elementor-element elementor-element-9a83236 e-con-full e-flex e-con e-child\" data-id=\"9a83236\" data-element_type=\"container\" data-e-type=\"container\" data-settings=\"{&quot;background_background&quot;:&quot;classic&quot;}\">\n\t\t\t\t<div class=\"elementor-element elementor-element-381f3268 elementor-widget elementor-widget-text-editor\" data-id=\"381f3268\" data-element_type=\"widget\" data-e-type=\"widget\" data-widget_type=\"text-editor.default\">\n\t\t\t\t\t\t\t\t\t<p>\u00c9s una asseguran\u00e7a en qu\u00e8 es cobreixen els danys materials a l\u2019edifici i\/o al mobiliari com\u00fa derivats de m\u00faltiples circumst\u00e0ncies i que s\u2019engloben dins un mateix contracte. L\u2019incendi, l\u2019explosi\u00f3, els danys per aigua i el robatori s\u00f3n algunes de les garanties cobertes.<\/p><p class=\"texto\">Tamb\u00e9 s\u2019inclouen els danys ocasionats pels elements comuns a altres persones o b\u00e9ns. Fins i tot als propietaris dels Habitatges.<\/p>\t\t\t\t\t\t\t\t<\/div>\n\t\t\t\t<\/div>\n\t\t<div class=\"elementor-element elementor-element-e75a8ef e-con-full e-flex e-con e-child\" data-id=\"e75a8ef\" data-element_type=\"container\" data-e-type=\"container\" data-settings=\"{&quot;background_background&quot;:&quot;classic&quot;}\">\n\t\t\t\t<div class=\"elementor-element elementor-element-35747a0 elementor-widget elementor-widget-text-editor\" data-id=\"35747a0\" data-element_type=\"widget\" data-e-type=\"widget\" data-widget_type=\"text-editor.default\">\n\t\t\t\t\t\t\t\t\t<h4><strong>Avantatges<\/strong><\/h4><p>Disposar d\u2019una \u00fanica p\u00f2lissa per al conjunt de la comunitat evita, en cas de sinistre que afecti o es derivi dels elements comuns que cada propietari hagi de declarar a la seva companyia el sinistre per la proporci\u00f3 que li correspongui, amb la complexitat que aix\u00f2 suposa.<\/p><p>D\u2019altra banda, si la p\u00f2lissa de la comunitat est\u00e0 ben plantejada, no ser\u00e0 necessari que contractis pel teu compte cap altra asseguran\u00e7a de llar, excepte el contingut de l\u2019habitatge i les obres de millora que hi hagis afegit.<\/p><p>Per tot aix\u00f2, no ser\u00e0 necessari que mantinguis amb l\u2019entitat financera cap altra asseguran\u00e7a que garanteixi l\u2019edifici, n\u2019hi haur\u00e0 prou amb sol\u00b7licitar a la p\u00f2lissa de la comunitat un certificat d\u2019asseguran\u00e7a.<\/p><p>A m\u00e9s, el cost de l\u2019asseguran\u00e7a que et correspon com a copropietari \u00e9s inferior al que et suposaria assegurar-te a part. D\u2019altra banda, estar assegurat en dos llocs obstaculitza la resoluci\u00f3 d\u2019un sinistre.<\/p><p><b>T\u2019assessorem sobre les garanties imprescindibles per cobrir, especialment en all\u00f2 que fa refer\u00e8ncia als danys per aigua, als quals corresponen la majoria dels sinistres de les comunitats i a la responsabilitat civil.<\/b><\/p>\t\t\t\t\t\t\t\t<\/div>\n\t\t\t\t<\/div>\n\t\t<div class=\"elementor-element elementor-element-9f089b8 e-con-full e-flex e-con e-child\" data-id=\"9f089b8\" data-element_type=\"container\" data-e-type=\"container\" data-settings=\"{&quot;background_background&quot;:&quot;classic&quot;}\">\n\t\t\t\t<div class=\"elementor-element elementor-element-f49c891 elementor-widget elementor-widget-text-editor\" data-id=\"f49c891\" data-element_type=\"widget\" data-e-type=\"widget\" data-widget_type=\"text-editor.default\">\n\t\t\t\t\t\t\t\t\t<h3><span style=\"color: #4e0b2d;\">Com puc ajudar-te?<\/span><\/h3><p>Deixa&#8217;m les teves dades i em posar\u00e9 en contacte amb tu al m\u00e9s aviat possible.<\/p>\t\t\t\t\t\t\t\t<\/div>\n\t\t\t\t<div class=\"elementor-element elementor-element-b7051ad elementor-widget elementor-widget-html\" data-id=\"b7051ad\" data-element_type=\"widget\" data-e-type=\"widget\" data-widget_type=\"html.default\">\n\t\t\t\t\t<iframe id=\"tarificador\" src=\"https:\/\/tarificadores.urquiabas.com\/forms\/comunidad?h=0\" style=\"width: 100%; border: 0; box-shadow: 0 10px 15px -3px rgb(0 0 0 \/ 0.3), 0 4px 30px -4px rgb(0 0 0 \/ 0.3);\"><\/iframe>\r\n<script type=\"text\/javascript\">\r\n        window.dataLayer = window.dataLayer || [];\r\n\twindow.addEventListener('message', function(e) {\r\n\t\tvar tarificador = document.getElementById(\"tarificador\");\r\n\t\tvar eventName = e.data[0];\r\n\t\tvar data = e.data[1];\r\n\t\tswitch(eventName) {\r\n\t\t\tcase 'redirect': {\r\n\t\t\t    \twindow.location.href = data;\r\n\t\t    \t\tbreak;\r\n\t\t\t}\r\n\t\t\tcase 'setHeight': {\r\n\t\t\t\ttarificador.style.height = data + 'px';\r\n\t\t\t\tbreak;\r\n\t\t\t}\r\n\t\t\tcase 'scrollTop': {\r\n                                let tarificadorTop = tarificador.getBoundingClientRect().top + window.scrollY;\r\n\t\t\t\twindow.scrollTo({ top: tarificadorTop, behavior: 'smooth' });\r\n\t\t\t\tbreak;\r\n                        }\r\n                  \tcase 'datalayer': {\r\n                       \t\twindow.dataLayer.push(data);\r\n                  \t}\r\n\t\t}\r\n\t}, false);\t\r\n<\/script>\t\t\t\t<\/div>\n\t\t\t\t<\/div>\n\t\t\t\t\t<\/div>\n\t\t\t\t<\/div>\n\t\t\t\t<\/div>\n\t\t","protected":false},"excerpt":{"rendered":"<p>\u00c9s una asseguran\u00e7a en qu\u00e8 es cobreixen els danys materials a l\u2019edifici i\/o al mobiliari com\u00fa derivats de m\u00faltiples circumst\u00e0ncies i que s\u2019engloben dins un mateix contracte. L\u2019incendi, l\u2019explosi\u00f3, els danys per aigua i el robatori s\u00f3n algunes de les garanties cobertes. Tamb\u00e9 s\u2019inclouen els danys ocasionats pels elements comuns a altres persones o b\u00e9ns. [&hellip;]<\/p>\n","protected":false},"author":5,"featured_media":21225,"parent":0,"menu_order":0,"comment_status":"closed","ping_status":"closed","template":"","meta":{"_acf_changed":false,"inline_featured_image":false,"footnotes":""},"class_list":["post-17450","page","type-page","status-publish","has-post-thumbnail","hentry"],"acf":{"titulo":"","contacte":"alba","odoo":"","foto_responsable":"https:\/\/urquiabas.com\/wp-content\/uploads\/2025\/06\/BG_Marina-scaled.jpg","responsable":"Marina Romera","descripcio_contacte":"","text_responsable":"","contacte_responsable_telefon":"621170169","contacte_responsable_email":"marinaromera@urquiabas.com","cta":"\u00a1Calcula y contrata!"},"yoast_head":"<!-- This site is optimized with the Yoast SEO plugin v27.4 - https:\/\/yoast.com\/product\/yoast-seo-wordpress\/ -->\n<title>Multirisc de Comunitats - Urqu\u00eda&amp;Bas<\/title>\n<meta name=\"robots\" content=\"index, follow, max-snippet:-1, max-image-preview:large, max-video-preview:-1\" \/>\n<link rel=\"canonical\" href=\"https:\/\/urquiabas.com\/seguro-multirriesgo-comunidades\/\" \/>\n<meta property=\"og:locale\" content=\"ca_ES\" \/>\n<meta property=\"og:type\" content=\"article\" \/>\n<meta property=\"og:title\" content=\"Multirisc de Comunitats - Urqu\u00eda&amp;Bas\" \/>\n<meta property=\"og:description\" content=\"\u00c9s una asseguran\u00e7a en qu\u00e8 es cobreixen els danys materials a l\u2019edifici i\/o al mobiliari com\u00fa derivats de m\u00faltiples circumst\u00e0ncies i que s\u2019engloben dins un mateix contracte. L\u2019incendi, l\u2019explosi\u00f3, els danys per aigua i el robatori s\u00f3n algunes de les garanties cobertes. Tamb\u00e9 s\u2019inclouen els danys ocasionats pels elements comuns a altres persones o b\u00e9ns. [&hellip;]\" \/>\n<meta property=\"og:url\" content=\"https:\/\/urquiabas.com\/seguro-multirriesgo-comunidades\/\" \/>\n<meta property=\"og:site_name\" content=\"Urqu\u00eda&amp;Bas\" \/>\n<meta property=\"article:publisher\" content=\"https:\/\/www.facebook.com\/UrquiaBas\/\" \/>\n<meta property=\"article:modified_time\" content=\"2026-02-05T09:24:46+00:00\" \/>\n<meta property=\"og:image\" content=\"https:\/\/urquiabas.com\/wp-content\/uploads\/2024\/06\/daniel-fazio-pS8WQjnK0I4-unsplash.jpg\" \/>\n\t<meta property=\"og:image:width\" content=\"2560\" \/>\n\t<meta property=\"og:image:height\" content=\"1208\" \/>\n\t<meta property=\"og:image:type\" content=\"image\/jpeg\" \/>\n<meta name=\"twitter:card\" content=\"summary_large_image\" \/>\n<meta name=\"twitter:site\" content=\"@BasUrquia\" \/>\n<meta name=\"twitter:label1\" content=\"Temps estimat de lectura\" \/>\n\t<meta name=\"twitter:data1\" content=\"2 minuts\" \/>\n<script type=\"application\/ld+json\" class=\"yoast-schema-graph\">{\"@context\":\"https:\\\/\\\/schema.org\",\"@graph\":[{\"@type\":\"WebPage\",\"@id\":\"https:\\\/\\\/urquiabas.com\\\/seguro-multirriesgo-comunidades\\\/\",\"url\":\"https:\\\/\\\/urquiabas.com\\\/seguro-multirriesgo-comunidades\\\/\",\"name\":\"Multirisc de Comunitats - Urqu\u00eda&amp;Bas\",\"isPartOf\":{\"@id\":\"https:\\\/\\\/urquiabas.com\\\/#website\"},\"primaryImageOfPage\":{\"@id\":\"https:\\\/\\\/urquiabas.com\\\/seguro-multirriesgo-comunidades\\\/#primaryimage\"},\"image\":{\"@id\":\"https:\\\/\\\/urquiabas.com\\\/seguro-multirriesgo-comunidades\\\/#primaryimage\"},\"thumbnailUrl\":\"https:\\\/\\\/urquiabas.com\\\/wp-content\\\/uploads\\\/2024\\\/06\\\/daniel-fazio-pS8WQjnK0I4-unsplash.jpg\",\"datePublished\":\"2021-04-16T06:44:36+00:00\",\"dateModified\":\"2026-02-05T09:24:46+00:00\",\"breadcrumb\":{\"@id\":\"https:\\\/\\\/urquiabas.com\\\/seguro-multirriesgo-comunidades\\\/#breadcrumb\"},\"inLanguage\":\"ca\",\"potentialAction\":[{\"@type\":\"ReadAction\",\"target\":[\"https:\\\/\\\/urquiabas.com\\\/seguro-multirriesgo-comunidades\\\/\"]}]},{\"@type\":\"ImageObject\",\"inLanguage\":\"ca\",\"@id\":\"https:\\\/\\\/urquiabas.com\\\/seguro-multirriesgo-comunidades\\\/#primaryimage\",\"url\":\"https:\\\/\\\/urquiabas.com\\\/wp-content\\\/uploads\\\/2024\\\/06\\\/daniel-fazio-pS8WQjnK0I4-unsplash.jpg\",\"contentUrl\":\"https:\\\/\\\/urquiabas.com\\\/wp-content\\\/uploads\\\/2024\\\/06\\\/daniel-fazio-pS8WQjnK0I4-unsplash.jpg\",\"width\":2560,\"height\":1208,\"caption\":\"Multirisc de Comunitats\"},{\"@type\":\"BreadcrumbList\",\"@id\":\"https:\\\/\\\/urquiabas.com\\\/seguro-multirriesgo-comunidades\\\/#breadcrumb\",\"itemListElement\":[{\"@type\":\"ListItem\",\"position\":1,\"name\":\"Portada\",\"item\":\"https:\\\/\\\/urquiabas.com\\\/\"},{\"@type\":\"ListItem\",\"position\":2,\"name\":\"Multirisc de Comunitats\"}]},{\"@type\":\"WebSite\",\"@id\":\"https:\\\/\\\/urquiabas.com\\\/#website\",\"url\":\"https:\\\/\\\/urquiabas.com\\\/\",\"name\":\"Urqu\u00eda&amp;Bas\",\"description\":\"Corredur\u00eda de seguros | Lleida\",\"publisher\":{\"@id\":\"https:\\\/\\\/urquiabas.com\\\/#organization\"},\"potentialAction\":[{\"@type\":\"SearchAction\",\"target\":{\"@type\":\"EntryPoint\",\"urlTemplate\":\"https:\\\/\\\/urquiabas.com\\\/?s={search_term_string}\"},\"query-input\":{\"@type\":\"PropertyValueSpecification\",\"valueRequired\":true,\"valueName\":\"search_term_string\"}}],\"inLanguage\":\"ca\"},{\"@type\":\"Organization\",\"@id\":\"https:\\\/\\\/urquiabas.com\\\/#organization\",\"name\":\"Urquia & Bas S.L\",\"url\":\"https:\\\/\\\/urquiabas.com\\\/\",\"logo\":{\"@type\":\"ImageObject\",\"inLanguage\":\"ca\",\"@id\":\"https:\\\/\\\/urquiabas.com\\\/#\\\/schema\\\/logo\\\/image\\\/\",\"url\":\"https:\\\/\\\/urquiabas.com\\\/wp-content\\\/uploads\\\/2018\\\/03\\\/logoubmail2018.jpg\",\"contentUrl\":\"https:\\\/\\\/urquiabas.com\\\/wp-content\\\/uploads\\\/2018\\\/03\\\/logoubmail2018.jpg\",\"width\":258,\"height\":61,\"caption\":\"Urquia & Bas S.L\"},\"image\":{\"@id\":\"https:\\\/\\\/urquiabas.com\\\/#\\\/schema\\\/logo\\\/image\\\/\"},\"sameAs\":[\"https:\\\/\\\/www.facebook.com\\\/UrquiaBas\\\/\",\"https:\\\/\\\/x.com\\\/BasUrquia\",\"https:\\\/\\\/www.instagram.com\\\/urquiabas\\\/\",\"https:\\\/\\\/www.linkedin.com\\\/company\\\/3125928\\\/\"]}]}<\/script>\n<!-- \/ Yoast SEO plugin. -->","yoast_head_json":{"title":"Multirisc de Comunitats - Urqu\u00eda&amp;Bas","robots":{"index":"index","follow":"follow","max-snippet":"max-snippet:-1","max-image-preview":"max-image-preview:large","max-video-preview":"max-video-preview:-1"},"canonical":"https:\/\/urquiabas.com\/seguro-multirriesgo-comunidades\/","og_locale":"ca_ES","og_type":"article","og_title":"Multirisc de Comunitats - Urqu\u00eda&amp;Bas","og_description":"\u00c9s una asseguran\u00e7a en qu\u00e8 es cobreixen els danys materials a l\u2019edifici i\/o al mobiliari com\u00fa derivats de m\u00faltiples circumst\u00e0ncies i que s\u2019engloben dins un mateix contracte. L\u2019incendi, l\u2019explosi\u00f3, els danys per aigua i el robatori s\u00f3n algunes de les garanties cobertes. Tamb\u00e9 s\u2019inclouen els danys ocasionats pels elements comuns a altres persones o b\u00e9ns. [&hellip;]","og_url":"https:\/\/urquiabas.com\/seguro-multirriesgo-comunidades\/","og_site_name":"Urqu\u00eda&amp;Bas","article_publisher":"https:\/\/www.facebook.com\/UrquiaBas\/","article_modified_time":"2026-02-05T09:24:46+00:00","og_image":[{"width":2560,"height":1208,"url":"https:\/\/urquiabas.com\/wp-content\/uploads\/2024\/06\/daniel-fazio-pS8WQjnK0I4-unsplash.jpg","type":"image\/jpeg"}],"twitter_card":"summary_large_image","twitter_site":"@BasUrquia","twitter_misc":{"Temps estimat de lectura":"2 minuts"},"schema":{"@context":"https:\/\/schema.org","@graph":[{"@type":"WebPage","@id":"https:\/\/urquiabas.com\/seguro-multirriesgo-comunidades\/","url":"https:\/\/urquiabas.com\/seguro-multirriesgo-comunidades\/","name":"Multirisc de Comunitats - Urqu\u00eda&amp;Bas","isPartOf":{"@id":"https:\/\/urquiabas.com\/#website"},"primaryImageOfPage":{"@id":"https:\/\/urquiabas.com\/seguro-multirriesgo-comunidades\/#primaryimage"},"image":{"@id":"https:\/\/urquiabas.com\/seguro-multirriesgo-comunidades\/#primaryimage"},"thumbnailUrl":"https:\/\/urquiabas.com\/wp-content\/uploads\/2024\/06\/daniel-fazio-pS8WQjnK0I4-unsplash.jpg","datePublished":"2021-04-16T06:44:36+00:00","dateModified":"2026-02-05T09:24:46+00:00","breadcrumb":{"@id":"https:\/\/urquiabas.com\/seguro-multirriesgo-comunidades\/#breadcrumb"},"inLanguage":"ca","potentialAction":[{"@type":"ReadAction","target":["https:\/\/urquiabas.com\/seguro-multirriesgo-comunidades\/"]}]},{"@type":"ImageObject","inLanguage":"ca","@id":"https:\/\/urquiabas.com\/seguro-multirriesgo-comunidades\/#primaryimage","url":"https:\/\/urquiabas.com\/wp-content\/uploads\/2024\/06\/daniel-fazio-pS8WQjnK0I4-unsplash.jpg","contentUrl":"https:\/\/urquiabas.com\/wp-content\/uploads\/2024\/06\/daniel-fazio-pS8WQjnK0I4-unsplash.jpg","width":2560,"height":1208,"caption":"Multirisc de Comunitats"},{"@type":"BreadcrumbList","@id":"https:\/\/urquiabas.com\/seguro-multirriesgo-comunidades\/#breadcrumb","itemListElement":[{"@type":"ListItem","position":1,"name":"Portada","item":"https:\/\/urquiabas.com\/"},{"@type":"ListItem","position":2,"name":"Multirisc de Comunitats"}]},{"@type":"WebSite","@id":"https:\/\/urquiabas.com\/#website","url":"https:\/\/urquiabas.com\/","name":"Urqu\u00eda&amp;Bas","description":"Corredur\u00eda de seguros | Lleida","publisher":{"@id":"https:\/\/urquiabas.com\/#organization"},"potentialAction":[{"@type":"SearchAction","target":{"@type":"EntryPoint","urlTemplate":"https:\/\/urquiabas.com\/?s={search_term_string}"},"query-input":{"@type":"PropertyValueSpecification","valueRequired":true,"valueName":"search_term_string"}}],"inLanguage":"ca"},{"@type":"Organization","@id":"https:\/\/urquiabas.com\/#organization","name":"Urquia & Bas S.L","url":"https:\/\/urquiabas.com\/","logo":{"@type":"ImageObject","inLanguage":"ca","@id":"https:\/\/urquiabas.com\/#\/schema\/logo\/image\/","url":"https:\/\/urquiabas.com\/wp-content\/uploads\/2018\/03\/logoubmail2018.jpg","contentUrl":"https:\/\/urquiabas.com\/wp-content\/uploads\/2018\/03\/logoubmail2018.jpg","width":258,"height":61,"caption":"Urquia & Bas S.L"},"image":{"@id":"https:\/\/urquiabas.com\/#\/schema\/logo\/image\/"},"sameAs":["https:\/\/www.facebook.com\/UrquiaBas\/","https:\/\/x.com\/BasUrquia","https:\/\/www.instagram.com\/urquiabas\/","https:\/\/www.linkedin.com\/company\/3125928\/"]}]}},"_links":{"self":[{"href":"https:\/\/urquiabas.com\/ca\/wp-json\/wp\/v2\/pages\/17450","targetHints":{"allow":["GET"]}}],"collection":[{"href":"https:\/\/urquiabas.com\/ca\/wp-json\/wp\/v2\/pages"}],"about":[{"href":"https:\/\/urquiabas.com\/ca\/wp-json\/wp\/v2\/types\/page"}],"author":[{"embeddable":true,"href":"https:\/\/urquiabas.com\/ca\/wp-json\/wp\/v2\/users\/5"}],"replies":[{"embeddable":true,"href":"https:\/\/urquiabas.com\/ca\/wp-json\/wp\/v2\/comments?post=17450"}],"version-history":[{"count":0,"href":"https:\/\/urquiabas.com\/ca\/wp-json\/wp\/v2\/pages\/17450\/revisions"}],"wp:featuredmedia":[{"embeddable":true,"href":"https:\/\/urquiabas.com\/ca\/wp-json\/wp\/v2\/media\/21225"}],"wp:attachment":[{"href":"https:\/\/urquiabas.com\/ca\/wp-json\/wp\/v2\/media?parent=17450"}],"curies":[{"name":"wp","href":"https:\/\/api.w.org\/{rel}","templated":true}]}}