{"id":17906,"date":"2021-04-13T17:12:08","date_gmt":"2021-04-13T15:12:08","guid":{"rendered":"https:\/\/dev01.urquiabas.com\/test-app\/"},"modified":"2025-01-21T12:58:44","modified_gmt":"2025-01-21T11:58:44","slug":"app-clients","status":"publish","type":"page","link":"https:\/\/urquiabas.com\/ca\/app-clients\/","title":{"rendered":"App Urquia &amp; Bas"},"content":{"rendered":"\n<h2 class=\"wp-block-heading has-text-align-center\"><strong>Quins avantatges obtens?<\/strong><\/h2>\n\n<div class=\"wp-block-columns is-layout-flex wp-container-core-columns-is-layout-28f84493 wp-block-columns-is-layout-flex\">\n<div class=\"wp-block-column is-layout-flow wp-block-column-is-layout-flow\" style=\"flex-basis:25%\">\n<figure class=\"wp-block-image\"><img decoding=\"async\" width=\"70\" height=\"70\" src=\"https:\/\/urquiabas.com\/wp-content\/uploads\/2021\/05\/1-exp.-app.png\" alt=\"\" class=\"wp-image-17808\" title=\"1 [exp. app]\" srcset=\"https:\/\/urquiabas.com\/wp-content\/uploads\/2021\/05\/1-exp.-app.png 70w, https:\/\/urquiabas.com\/wp-content\/uploads\/2021\/05\/1-exp.-app-66x66.png 66w\" sizes=\"(max-width: 70px) 100vw, 70px\" \/><\/figure>\n\n\n\n<h5 class=\"wp-block-heading has-text-align-right\"><strong>Personalitzada<br\/>per a tu<\/strong><\/h5>\n\n\n\n<h6 class=\"wp-block-heading has-text-align-right\">L&#8217;app et facilita l&#8217;acc\u00e9s a <strong>les p\u00f2lisses, rebuts<\/strong><br\/> <strong>i sinistres<\/strong><\/h6>\n\n\n\n<figure class=\"wp-block-image\"><img decoding=\"async\" width=\"70\" height=\"70\" src=\"https:\/\/urquiabas.com\/wp-content\/uploads\/2021\/05\/2-exp.-app.png\" alt=\"\" class=\"wp-image-17810\" title=\"2 [exp. app]\" srcset=\"https:\/\/urquiabas.com\/wp-content\/uploads\/2021\/05\/2-exp.-app.png 70w, https:\/\/urquiabas.com\/wp-content\/uploads\/2021\/05\/2-exp.-app-66x66.png 66w\" sizes=\"(max-width: 70px) 100vw, 70px\" \/><\/figure>\n\n\n\n<h5 class=\"wp-block-heading has-text-align-right\"><strong>Comunicaci\u00f3 continua<\/strong><\/h5>\n\n\n\n<h6 class=\"wp-block-heading has-text-align-right\">Envia comunicats i rep notificacions de manera c\u00f2moda i f\u00e0cil.<\/h6>\n<\/div>\n\n\n\n<div class=\"wp-block-column is-layout-flow wp-block-column-is-layout-flow\" style=\"flex-basis:50%\">\n<figure class=\"wp-block-gallery has-nested-images columns-default is-cropped wp-block-gallery-1 is-layout-flex wp-block-gallery-is-layout-flex\">\n<figure class=\"wp-block-image size-large\"><a href=\"https:\/\/www.urquiabas.com\/wp-content\/uploads\/2023\/11\/mock-up-2-app-2-600x471-1.png\"><img fetchpriority=\"high\" decoding=\"async\" width=\"600\" height=\"471\" data-id=\"20333\" src=\"https:\/\/www.urquiabas.com\/wp-content\/uploads\/2023\/11\/mock-up-2-app-2-600x471-1.png\" alt=\"\" class=\"wp-image-20333\" srcset=\"https:\/\/urquiabas.com\/wp-content\/uploads\/2023\/11\/mock-up-2-app-2-600x471-1.png 600w, https:\/\/urquiabas.com\/wp-content\/uploads\/2023\/11\/mock-up-2-app-2-600x471-1-300x236.png 300w\" sizes=\"(max-width: 600px) 100vw, 600px\" \/><\/a><\/figure>\n<\/figure>\n<\/div>\n\n\n\n<div class=\"wp-block-column is-layout-flow wp-block-column-is-layout-flow\" style=\"flex-basis:25%\">\n<h5 class=\"wp-block-heading\">24 hores al dia, 365 dies a l&#8217;any!<\/h5>\n\n\n\n<figure class=\"wp-block-image\"><img loading=\"lazy\" decoding=\"async\" width=\"70\" height=\"70\" src=\"https:\/\/urquiabas.com\/wp-content\/uploads\/2021\/05\/3-exp.-app.png\" alt=\"\" class=\"wp-image-17812\" title=\"3 [exp. app]\" srcset=\"https:\/\/urquiabas.com\/wp-content\/uploads\/2021\/05\/3-exp.-app.png 70w, https:\/\/urquiabas.com\/wp-content\/uploads\/2021\/05\/3-exp.-app-66x66.png 66w\" sizes=\"(max-width: 70px) 100vw, 70px\" \/><\/figure>\n\n\n\n<h5 class=\"wp-block-heading\"><strong>Operacions en un sol clic<\/strong><\/h5>\n\n\n\n<h6 class=\"wp-block-heading\">Truca al servei d&#8217;assist\u00e8ncia i gestiona els teus vidres <strong>en<\/strong> <strong>un sol clic.<\/strong><\/h6>\n\n\n\n<figure class=\"wp-block-image\"><img loading=\"lazy\" decoding=\"async\" width=\"70\" height=\"70\" src=\"https:\/\/urquiabas.com\/wp-content\/uploads\/2021\/05\/4-exp.-app.png\" alt=\"\" class=\"wp-image-17814\" title=\"4 [exp. app]\" srcset=\"https:\/\/urquiabas.com\/wp-content\/uploads\/2021\/05\/4-exp.-app.png 70w, https:\/\/urquiabas.com\/wp-content\/uploads\/2021\/05\/4-exp.-app-66x66.png 66w\" sizes=\"(max-width: 70px) 100vw, 70px\" \/><\/figure>\n\n\n\n<h5 class=\"wp-block-heading\"><strong>Informaci\u00f3 actualitzada<\/strong><\/h5>\n\n\n\n<h6 class=\"wp-block-heading\">Comprova les p\u00f2lisses, rebuts i l&#8217;estat dels teus sinistres <strong>a cada moment.<\/strong><\/h6>\n<\/div>\n<\/div>\n\n<h2 class=\"wp-block-heading has-text-align-center\"><strong>Com puc fer servir l&#8217;aplicaci\u00f3?<\/strong><\/h2>\n\n<h6 class=\"wp-block-heading has-text-align-center\">Per poder accedir a la plataforma en l\u00ednia necessites:<br\/><strong>Clau d&#8217;usuari i contrasenya<\/strong><\/h6>\n\n<div style=\"height:56px\" aria-hidden=\"true\" class=\"wp-block-spacer\"><\/div>\n\n<div class=\"wp-block-columns is-layout-flex wp-container-core-columns-is-layout-28f84493 wp-block-columns-is-layout-flex\">\n<div class=\"wp-block-column is-layout-flow wp-block-column-is-layout-flow\">\n<figure class=\"wp-block-image\"><img loading=\"lazy\" decoding=\"async\" width=\"931\" height=\"1024\" src=\"https:\/\/urquiabas.com\/wp-content\/uploads\/2021\/05\/app-ub-en-ihpone-2-931x1024.png\" alt=\"\" class=\"wp-image-17871\" title=\"app ub a ihpone [2]\" srcset=\"https:\/\/urquiabas.com\/wp-content\/uploads\/2021\/05\/app-ub-en-ihpone-2-931x1024.png 931w, https:\/\/urquiabas.com\/wp-content\/uploads\/2021\/05\/app-ub-en-ihpone-2-273x300.png 273w, https:\/\/urquiabas.com\/wp-content\/uploads\/2021\/05\/app-ub-en-ihpone-2-768x845.png 768w, https:\/\/urquiabas.com\/wp-content\/uploads\/2021\/05\/app-ub-en-ihpone-2-1396x1536.png 1396w, https:\/\/urquiabas.com\/wp-content\/uploads\/2021\/05\/app-ub-en-ihpone-2-200x220.png 200w, https:\/\/urquiabas.com\/wp-content\/uploads\/2021\/05\/app-ub-en-ihpone-2-400x440.png 400w, https:\/\/urquiabas.com\/wp-content\/uploads\/2021\/05\/app-ub-en-ihpone-2-600x660.png 600w, https:\/\/urquiabas.com\/wp-content\/uploads\/2021\/05\/app-ub-en-ihpone-2-800x880.png 800w, https:\/\/urquiabas.com\/wp-content\/uploads\/2021\/05\/app-ub-en-ihpone-2-1200x1320.png 1200w, https:\/\/urquiabas.com\/wp-content\/uploads\/2021\/05\/app-ub-en-ihpone-2-500x550.png 500w, https:\/\/urquiabas.com\/wp-content\/uploads\/2021\/05\/app-ub-en-ihpone-2-700x770.png 700w, https:\/\/urquiabas.com\/wp-content\/uploads\/2021\/05\/app-ub-en-ihpone-2.png 1500w\" sizes=\"(max-width: 931px) 100vw, 931px\" \/><\/figure>\n<\/div>\n\n\n\n<div class=\"wp-block-column is-layout-flow wp-block-column-is-layout-flow\">\n<h5 class=\"wp-block-heading\"><strong>Descarregar app<\/strong><\/h5>\n\n\n\n<div style=\"height:72px\" aria-hidden=\"true\" class=\"wp-block-spacer\"><\/div>\n\n\n\n<figure class=\"wp-block-image\"><a href=\"https:\/\/play.google.com\/store\/apps\/details?id=com.softqs.URQUIABAS2024\"><img loading=\"lazy\" decoding=\"async\" width=\"230\" height=\"74\" src=\"https:\/\/urquiabas.com\/wp-content\/uploads\/2021\/05\/descarga-google-play-1.png\" alt=\"\" class=\"wp-image-17786\" srcset=\"https:\/\/urquiabas.com\/wp-content\/uploads\/2021\/05\/descarga-google-play-1.png 230w, https:\/\/urquiabas.com\/wp-content\/uploads\/2021\/05\/descarga-google-play-1-200x64.png 200w\" sizes=\"(max-width: 230px) 100vw, 230px\" \/><\/a><\/figure>\n\n\n\n<figure class=\"wp-block-image\"><a href=\"https:\/\/apps.apple.com\/es\/app\/urqu%C3%ADa-bas\/id6670789166\"><img loading=\"lazy\" decoding=\"async\" width=\"230\" height=\"74\" src=\"https:\/\/urquiabas.com\/wp-content\/uploads\/2021\/05\/descarga-app-store-1.png\" alt=\"\" class=\"wp-image-17784\" srcset=\"https:\/\/urquiabas.com\/wp-content\/uploads\/2021\/05\/descarga-app-store-1.png 230w, https:\/\/urquiabas.com\/wp-content\/uploads\/2021\/05\/descarga-app-store-1-200x64.png 200w\" sizes=\"(max-width: 230px) 100vw, 230px\" \/><\/a><\/figure>\n\n\n\n<div style=\"height:72px\" aria-hidden=\"true\" class=\"wp-block-spacer\"><\/div>\n\n\n\n<figure class=\"wp-block-image\"><img loading=\"lazy\" decoding=\"async\" width=\"70\" height=\"62\" src=\"https:\/\/urquiabas.com\/wp-content\/uploads\/2021\/05\/icon-sms.png\" alt=\"\" class=\"wp-image-17860\" title=\"icon &#x2013; sms\"\/><\/figure>\n\n\n\n<h6 class=\"wp-block-heading\">La primera vegada que hi accedeixis, i per motius de seguretat,<br\/>rebr\u00e0s un SMS perqu\u00e8 canvi\u00efs la teva contrasenya.<\/h6>\n<\/div>\n<\/div>\n","protected":false},"excerpt":{"rendered":"<p>Quins avantatges obtens? Personalitzadaper a tu L&#8217;app et facilita l&#8217;acc\u00e9s a les p\u00f2lisses, rebuts i sinistres Comunicaci\u00f3 continua Envia comunicats i rep notificacions de manera c\u00f2moda i f\u00e0cil. 24 hores al dia, 365 dies a l&#8217;any! Operacions en un sol clic Truca al servei d&#8217;assist\u00e8ncia i gestiona els teus vidres en un sol clic. Informaci\u00f3 [&hellip;]<\/p>\n","protected":false},"author":5,"featured_media":20302,"parent":0,"menu_order":0,"comment_status":"closed","ping_status":"closed","template":"","meta":{"_acf_changed":false,"inline_featured_image":false,"footnotes":""},"class_list":["post-17906","page","type-page","status-publish","has-post-thumbnail","hentry"],"acf":{"subtitulo":"Consulta els teus contractes, envia documents i comunica't amb el teu gestor personal de forma en l\u00ednia."},"yoast_head":"<!-- This site is optimized with the Yoast SEO plugin v27.3 - https:\/\/yoast.com\/product\/yoast-seo-wordpress\/ -->\n<title>App Urquia &amp; Bas - Urqu\u00eda&amp;Bas<\/title>\n<meta name=\"robots\" content=\"index, follow, max-snippet:-1, max-image-preview:large, max-video-preview:-1\" \/>\n<link rel=\"canonical\" href=\"https:\/\/urquiabas.com\/app-clientes\/\" \/>\n<meta property=\"og:locale\" content=\"ca_ES\" \/>\n<meta property=\"og:type\" content=\"article\" \/>\n<meta property=\"og:title\" content=\"App Urquia &amp; Bas - Urqu\u00eda&amp;Bas\" \/>\n<meta property=\"og:description\" content=\"Quins avantatges obtens? Personalitzadaper a tu L&#8217;app et facilita l&#8217;acc\u00e9s a les p\u00f2lisses, rebuts i sinistres Comunicaci\u00f3 continua Envia comunicats i rep notificacions de manera c\u00f2moda i f\u00e0cil. 24 hores al dia, 365 dies a l&#8217;any! Operacions en un sol clic Truca al servei d&#8217;assist\u00e8ncia i gestiona els teus vidres en un sol clic. Informaci\u00f3 [&hellip;]\" \/>\n<meta property=\"og:url\" content=\"https:\/\/urquiabas.com\/app-clientes\/\" \/>\n<meta property=\"og:site_name\" content=\"Urqu\u00eda&amp;Bas\" \/>\n<meta property=\"article:publisher\" content=\"https:\/\/www.facebook.com\/UrquiaBas\/\" \/>\n<meta property=\"article:modified_time\" content=\"2025-01-21T11:58:44+00:00\" \/>\n<meta property=\"og:image\" content=\"https:\/\/urquiabas.com\/wp-content\/uploads\/2023\/11\/header-app-2021-2.png\" \/>\n\t<meta property=\"og:image:width\" content=\"2400\" \/>\n\t<meta property=\"og:image:height\" content=\"1334\" \/>\n\t<meta property=\"og:image:type\" content=\"image\/png\" \/>\n<meta name=\"twitter:card\" content=\"summary_large_image\" \/>\n<meta name=\"twitter:site\" content=\"@BasUrquia\" \/>\n<meta name=\"twitter:label1\" content=\"Temps estimat de lectura\" \/>\n\t<meta name=\"twitter:data1\" content=\"23 minuts\" \/>\n<script type=\"application\/ld+json\" class=\"yoast-schema-graph\">{\"@context\":\"https:\\\/\\\/schema.org\",\"@graph\":[{\"@type\":\"WebPage\",\"@id\":\"https:\\\/\\\/urquiabas.com\\\/app-clientes\\\/\",\"url\":\"https:\\\/\\\/urquiabas.com\\\/app-clientes\\\/\",\"name\":\"App Urquia &amp; Bas - Urqu\u00eda&amp;Bas\",\"isPartOf\":{\"@id\":\"https:\\\/\\\/urquiabas.com\\\/#website\"},\"primaryImageOfPage\":{\"@id\":\"https:\\\/\\\/urquiabas.com\\\/app-clientes\\\/#primaryimage\"},\"image\":{\"@id\":\"https:\\\/\\\/urquiabas.com\\\/app-clientes\\\/#primaryimage\"},\"thumbnailUrl\":\"https:\\\/\\\/urquiabas.com\\\/wp-content\\\/uploads\\\/2023\\\/11\\\/header-app-2021-2.png\",\"datePublished\":\"2021-04-13T15:12:08+00:00\",\"dateModified\":\"2025-01-21T11:58:44+00:00\",\"breadcrumb\":{\"@id\":\"https:\\\/\\\/urquiabas.com\\\/app-clientes\\\/#breadcrumb\"},\"inLanguage\":\"ca\",\"potentialAction\":[{\"@type\":\"ReadAction\",\"target\":[\"https:\\\/\\\/urquiabas.com\\\/app-clientes\\\/\"]}]},{\"@type\":\"ImageObject\",\"inLanguage\":\"ca\",\"@id\":\"https:\\\/\\\/urquiabas.com\\\/app-clientes\\\/#primaryimage\",\"url\":\"https:\\\/\\\/urquiabas.com\\\/wp-content\\\/uploads\\\/2023\\\/11\\\/header-app-2021-2.png\",\"contentUrl\":\"https:\\\/\\\/urquiabas.com\\\/wp-content\\\/uploads\\\/2023\\\/11\\\/header-app-2021-2.png\",\"width\":2400,\"height\":1334},{\"@type\":\"BreadcrumbList\",\"@id\":\"https:\\\/\\\/urquiabas.com\\\/app-clientes\\\/#breadcrumb\",\"itemListElement\":[{\"@type\":\"ListItem\",\"position\":1,\"name\":\"Portada\",\"item\":\"https:\\\/\\\/urquiabas.com\\\/\"},{\"@type\":\"ListItem\",\"position\":2,\"name\":\"App Urquia &amp; Bas\"}]},{\"@type\":\"WebSite\",\"@id\":\"https:\\\/\\\/urquiabas.com\\\/#website\",\"url\":\"https:\\\/\\\/urquiabas.com\\\/\",\"name\":\"Urqu\u00eda&amp;Bas\",\"description\":\"Corredur\u00eda de seguros | Lleida\",\"publisher\":{\"@id\":\"https:\\\/\\\/urquiabas.com\\\/#organization\"},\"potentialAction\":[{\"@type\":\"SearchAction\",\"target\":{\"@type\":\"EntryPoint\",\"urlTemplate\":\"https:\\\/\\\/urquiabas.com\\\/?s={search_term_string}\"},\"query-input\":{\"@type\":\"PropertyValueSpecification\",\"valueRequired\":true,\"valueName\":\"search_term_string\"}}],\"inLanguage\":\"ca\"},{\"@type\":\"Organization\",\"@id\":\"https:\\\/\\\/urquiabas.com\\\/#organization\",\"name\":\"Urquia & Bas S.L\",\"url\":\"https:\\\/\\\/urquiabas.com\\\/\",\"logo\":{\"@type\":\"ImageObject\",\"inLanguage\":\"ca\",\"@id\":\"https:\\\/\\\/urquiabas.com\\\/#\\\/schema\\\/logo\\\/image\\\/\",\"url\":\"https:\\\/\\\/urquiabas.com\\\/wp-content\\\/uploads\\\/2018\\\/03\\\/logoubmail2018.jpg\",\"contentUrl\":\"https:\\\/\\\/urquiabas.com\\\/wp-content\\\/uploads\\\/2018\\\/03\\\/logoubmail2018.jpg\",\"width\":258,\"height\":61,\"caption\":\"Urquia & Bas S.L\"},\"image\":{\"@id\":\"https:\\\/\\\/urquiabas.com\\\/#\\\/schema\\\/logo\\\/image\\\/\"},\"sameAs\":[\"https:\\\/\\\/www.facebook.com\\\/UrquiaBas\\\/\",\"https:\\\/\\\/x.com\\\/BasUrquia\",\"https:\\\/\\\/www.instagram.com\\\/urquiabas\\\/\",\"https:\\\/\\\/www.linkedin.com\\\/company\\\/3125928\\\/\"]}]}<\/script>\n<!-- \/ Yoast SEO plugin. -->","yoast_head_json":{"title":"App Urquia &amp; Bas - Urqu\u00eda&amp;Bas","robots":{"index":"index","follow":"follow","max-snippet":"max-snippet:-1","max-image-preview":"max-image-preview:large","max-video-preview":"max-video-preview:-1"},"canonical":"https:\/\/urquiabas.com\/app-clientes\/","og_locale":"ca_ES","og_type":"article","og_title":"App Urquia &amp; Bas - Urqu\u00eda&amp;Bas","og_description":"Quins avantatges obtens? Personalitzadaper a tu L&#8217;app et facilita l&#8217;acc\u00e9s a les p\u00f2lisses, rebuts i sinistres Comunicaci\u00f3 continua Envia comunicats i rep notificacions de manera c\u00f2moda i f\u00e0cil. 24 hores al dia, 365 dies a l&#8217;any! Operacions en un sol clic Truca al servei d&#8217;assist\u00e8ncia i gestiona els teus vidres en un sol clic. Informaci\u00f3 [&hellip;]","og_url":"https:\/\/urquiabas.com\/app-clientes\/","og_site_name":"Urqu\u00eda&amp;Bas","article_publisher":"https:\/\/www.facebook.com\/UrquiaBas\/","article_modified_time":"2025-01-21T11:58:44+00:00","og_image":[{"width":2400,"height":1334,"url":"https:\/\/urquiabas.com\/wp-content\/uploads\/2023\/11\/header-app-2021-2.png","type":"image\/png"}],"twitter_card":"summary_large_image","twitter_site":"@BasUrquia","twitter_misc":{"Temps estimat de lectura":"23 minuts"},"schema":{"@context":"https:\/\/schema.org","@graph":[{"@type":"WebPage","@id":"https:\/\/urquiabas.com\/app-clientes\/","url":"https:\/\/urquiabas.com\/app-clientes\/","name":"App Urquia &amp; Bas - Urqu\u00eda&amp;Bas","isPartOf":{"@id":"https:\/\/urquiabas.com\/#website"},"primaryImageOfPage":{"@id":"https:\/\/urquiabas.com\/app-clientes\/#primaryimage"},"image":{"@id":"https:\/\/urquiabas.com\/app-clientes\/#primaryimage"},"thumbnailUrl":"https:\/\/urquiabas.com\/wp-content\/uploads\/2023\/11\/header-app-2021-2.png","datePublished":"2021-04-13T15:12:08+00:00","dateModified":"2025-01-21T11:58:44+00:00","breadcrumb":{"@id":"https:\/\/urquiabas.com\/app-clientes\/#breadcrumb"},"inLanguage":"ca","potentialAction":[{"@type":"ReadAction","target":["https:\/\/urquiabas.com\/app-clientes\/"]}]},{"@type":"ImageObject","inLanguage":"ca","@id":"https:\/\/urquiabas.com\/app-clientes\/#primaryimage","url":"https:\/\/urquiabas.com\/wp-content\/uploads\/2023\/11\/header-app-2021-2.png","contentUrl":"https:\/\/urquiabas.com\/wp-content\/uploads\/2023\/11\/header-app-2021-2.png","width":2400,"height":1334},{"@type":"BreadcrumbList","@id":"https:\/\/urquiabas.com\/app-clientes\/#breadcrumb","itemListElement":[{"@type":"ListItem","position":1,"name":"Portada","item":"https:\/\/urquiabas.com\/"},{"@type":"ListItem","position":2,"name":"App Urquia &amp; Bas"}]},{"@type":"WebSite","@id":"https:\/\/urquiabas.com\/#website","url":"https:\/\/urquiabas.com\/","name":"Urqu\u00eda&amp;Bas","description":"Corredur\u00eda de seguros | Lleida","publisher":{"@id":"https:\/\/urquiabas.com\/#organization"},"potentialAction":[{"@type":"SearchAction","target":{"@type":"EntryPoint","urlTemplate":"https:\/\/urquiabas.com\/?s={search_term_string}"},"query-input":{"@type":"PropertyValueSpecification","valueRequired":true,"valueName":"search_term_string"}}],"inLanguage":"ca"},{"@type":"Organization","@id":"https:\/\/urquiabas.com\/#organization","name":"Urquia & Bas S.L","url":"https:\/\/urquiabas.com\/","logo":{"@type":"ImageObject","inLanguage":"ca","@id":"https:\/\/urquiabas.com\/#\/schema\/logo\/image\/","url":"https:\/\/urquiabas.com\/wp-content\/uploads\/2018\/03\/logoubmail2018.jpg","contentUrl":"https:\/\/urquiabas.com\/wp-content\/uploads\/2018\/03\/logoubmail2018.jpg","width":258,"height":61,"caption":"Urquia & Bas S.L"},"image":{"@id":"https:\/\/urquiabas.com\/#\/schema\/logo\/image\/"},"sameAs":["https:\/\/www.facebook.com\/UrquiaBas\/","https:\/\/x.com\/BasUrquia","https:\/\/www.instagram.com\/urquiabas\/","https:\/\/www.linkedin.com\/company\/3125928\/"]}]}},"_links":{"self":[{"href":"https:\/\/urquiabas.com\/ca\/wp-json\/wp\/v2\/pages\/17906","targetHints":{"allow":["GET"]}}],"collection":[{"href":"https:\/\/urquiabas.com\/ca\/wp-json\/wp\/v2\/pages"}],"about":[{"href":"https:\/\/urquiabas.com\/ca\/wp-json\/wp\/v2\/types\/page"}],"author":[{"embeddable":true,"href":"https:\/\/urquiabas.com\/ca\/wp-json\/wp\/v2\/users\/5"}],"replies":[{"embeddable":true,"href":"https:\/\/urquiabas.com\/ca\/wp-json\/wp\/v2\/comments?post=17906"}],"version-history":[{"count":0,"href":"https:\/\/urquiabas.com\/ca\/wp-json\/wp\/v2\/pages\/17906\/revisions"}],"wp:featuredmedia":[{"embeddable":true,"href":"https:\/\/urquiabas.com\/ca\/wp-json\/wp\/v2\/media\/20302"}],"wp:attachment":[{"href":"https:\/\/urquiabas.com\/ca\/wp-json\/wp\/v2\/media?parent=17906"}],"curies":[{"name":"wp","href":"https:\/\/api.w.org\/{rel}","templated":true}]}}