{"id":18132,"date":"2021-06-14T17:44:09","date_gmt":"2021-06-14T15:44:09","guid":{"rendered":"https:\/\/dev01.urquiabas.com\/?page_id=18132"},"modified":"2026-01-15T12:54:17","modified_gmt":"2026-01-15T11:54:17","slug":"rc-administradors-i-directius-desports-aventura","status":"publish","type":"page","link":"https:\/\/urquiabas.com\/ca\/rc-administradors-i-directius-desports-aventura\/","title":{"rendered":"RC Administradors i Directius Esports Aventura"},"content":{"rendered":"\t\t<div data-elementor-type=\"wp-page\" data-elementor-id=\"18132\" class=\"elementor elementor-18132 elementor-18130\" data-elementor-post-type=\"page\">\n\t\t\t\t<div class=\"elementor-element elementor-element-2dd69467 e-flex e-con-boxed e-con e-parent\" data-id=\"2dd69467\" data-element_type=\"container\" data-e-type=\"container\" data-settings=\"{&quot;background_background&quot;:&quot;classic&quot;}\">\n\t\t\t\t\t<div class=\"e-con-inner\">\n\t\t<div class=\"elementor-element elementor-element-0046c52 e-con-full e-flex e-con e-child\" data-id=\"0046c52\" data-element_type=\"container\" data-e-type=\"container\" data-settings=\"{&quot;background_background&quot;:&quot;classic&quot;}\">\n\t\t\t\t<div class=\"elementor-element elementor-element-52cbcf8c elementor-widget elementor-widget-text-editor\" data-id=\"52cbcf8c\" data-element_type=\"widget\" data-e-type=\"widget\" data-widget_type=\"text-editor.default\">\n\t\t\t\t\t\t\t\t\t\n<p>Cobreix les reclamacions per perjudicis econ\u00f2mics derivats d&#8217;una gesti\u00f3 dolenta dels administradors de l&#8217;empresa, ja sigui per acci\u00f3 o per omissi\u00f3, i que puguin afectar la situaci\u00f3 econ\u00f2mica d&#8217;aquesta i\/o de tercers.<\/p>\n\n<p>Aquesta asseguran\u00e7a cobreix les persones gestores, administradors, consellers, directius i alts c\u00e0rrecs de lempresa.<\/p>\n\n<p>De contractaci\u00f3 conjunta amb l&#8217;asseguran\u00e7a de RC anual de Turisme Actiu.<\/p>\n\t\t\t\t\t\t\t\t<\/div>\n\t\t\t\t<\/div>\n\t\t<div class=\"elementor-element elementor-element-d29502b e-con-full e-flex e-con e-child\" data-id=\"d29502b\" data-element_type=\"container\" data-e-type=\"container\" data-settings=\"{&quot;background_background&quot;:&quot;classic&quot;}\">\n\t\t\t\t<div class=\"elementor-element elementor-element-2f124c5 elementor-widget elementor-widget-text-editor\" data-id=\"2f124c5\" data-element_type=\"widget\" data-e-type=\"widget\" data-widget_type=\"text-editor.default\">\n\t\t\t\t\t\t\t\t\t\n<h3 class=\"wp-block-heading\">Preu<\/h3>\n\n<div class=\"texto-precios-1\">\n<p>Preu de l\u00b4asseguran\u00e7a 170,23\u20ac l\u00b4any. Amb pressupost anual inferior a 300.000 \u20ac<\/p>\n<\/div>\n\t\t\t\t\t\t\t\t<\/div>\n\t\t\t\t<\/div>\n\t\t<div class=\"elementor-element elementor-element-6bf819b e-con-full e-flex e-con e-child\" data-id=\"6bf819b\" data-element_type=\"container\" data-e-type=\"container\" data-settings=\"{&quot;background_background&quot;:&quot;classic&quot;}\">\n\t\t\t\t<div class=\"elementor-element elementor-element-45d582f elementor-widget elementor-widget-text-editor\" data-id=\"45d582f\" data-element_type=\"widget\" data-e-type=\"widget\" data-widget_type=\"text-editor.default\">\n\t\t\t\t\t\t\t\t\t\n<div class=\"texto-precios-1\">\n<h3>Cobertures<\/h3>\n<\/div>\n\n<p>Responsabilitat civil dels administradors i directius de l&#8217;empresa de turisme actiu.<\/p>\n\n<p>Capital assegurat de 150.000 \u20ac. Si t&#8217;interessa un capital assegurat superior, escriu-nos al seg\u00fcent formulari.<\/p>\n\t\t\t\t\t\t\t\t<\/div>\n\t\t\t\t<\/div>\n\t\t<div class=\"elementor-element elementor-element-f7c8fee e-con-full e-flex e-con e-child\" data-id=\"f7c8fee\" data-element_type=\"container\" data-e-type=\"container\" data-settings=\"{&quot;background_background&quot;:&quot;classic&quot;}\">\n\t\t\t\t<div class=\"elementor-element elementor-element-03c2d73 elementor-widget elementor-widget-text-editor\" data-id=\"03c2d73\" data-element_type=\"widget\" data-e-type=\"widget\" data-widget_type=\"text-editor.default\">\n\t\t\t\t\t\t\t\t\t<h3 class=\"wp-block-heading\">Com et puc ajudar?<\/h3><p>Deixa&#8217;m les teves dades i em posar\u00e9 en contacte amb tu el m\u00e9s aviat possible.<\/p>\t\t\t\t\t\t\t\t<\/div>\n\t\t\t\t<div class=\"elementor-element elementor-element-eb54d97 elementor-widget elementor-widget-html\" data-id=\"eb54d97\" data-element_type=\"widget\" data-e-type=\"widget\" data-widget_type=\"html.default\">\n\t\t\t\t\t<iframe id=\"tarificador\" src=\"https:\/\/tarificadores.urquiabas.com\/forms\/administradores?h=0\" style=\"width: 100%; border: 0; box-shadow: 0 10px 15px -3px rgb(0 0 0 \/ 0.3), 0 4px 30px -4px rgb(0 0 0 \/ 0.3);\"><\/iframe>\r\n<script type=\"text\/javascript\">\r\n        window.dataLayer = window.dataLayer || [];\r\n\twindow.addEventListener('message', function(e) {\r\n\t\tvar tarificador = document.getElementById(\"tarificador\");\r\n\t\tvar eventName = e.data[0];\r\n\t\tvar data = e.data[1];\r\n\t\tswitch(eventName) {\r\n\t\t\tcase 'redirect': {\r\n\t\t\t    \twindow.location.href = data;\r\n\t\t    \t\tbreak;\r\n\t\t\t}\r\n\t\t\tcase 'setHeight': {\r\n\t\t\t\ttarificador.style.height = data + 'px';\r\n\t\t\t\tbreak;\r\n\t\t\t}\r\n\t\t\tcase 'scrollTop': {\r\n                                let tarificadorTop = tarificador.getBoundingClientRect().top + window.scrollY;\r\n\t\t\t\twindow.scrollTo({ top: tarificadorTop, behavior: 'smooth' });\r\n\t\t\t\tbreak;\r\n                        }\r\n                  \tcase 'datalayer': {\r\n                       \t\twindow.dataLayer.push(data);\r\n                  \t}\r\n\t\t}\r\n\t}, false);\t\r\n<\/script>\t\t\t\t<\/div>\n\t\t\t\t<\/div>\n\t\t\t\t\t<\/div>\n\t\t\t\t<\/div>\n\t\t\t\t<\/div>\n\t\t","protected":false},"excerpt":{"rendered":"<p>Cobreix les reclamacions per perjudicis econ\u00f2mics derivats d&#8217;una gesti\u00f3 dolenta dels administradors de l&#8217;empresa, ja sigui per acci\u00f3 o per omissi\u00f3, i que puguin afectar la situaci\u00f3 econ\u00f2mica d&#8217;aquesta i\/o de tercers. Aquesta asseguran\u00e7a cobreix les persones gestores, administradors, consellers, directius i alts c\u00e0rrecs de lempresa. De contractaci\u00f3 conjunta amb l&#8217;asseguran\u00e7a de RC anual de [&hellip;]<\/p>\n","protected":false},"author":84,"featured_media":16114,"parent":0,"menu_order":0,"comment_status":"closed","ping_status":"closed","template":"","meta":{"_acf_changed":false,"inline_featured_image":false,"footnotes":""},"class_list":["post-18132","page","type-page","status-publish","has-post-thumbnail","hentry"],"acf":{"contacte":"ramon","foto_responsable":false,"titulo":"Asseguran\u00e7a de Responsabilitat Civil per a directius de clubs\/associacions per un error en la gesti\u00f3","id_nex":"404","odoo":"https:\/\/tarificadores.urquiabas.com\/forms\/contacto\/?u=24&o=1&h=0","contacte_responsable_telefon":"  630 98 44 38","contacte_responsable_email":"ramonurquia@urquiabas.com","responsable":"Ramon d'Urquia","text_responsable":"S\u00f3c el Ramon d'Urquia, llicenciat en dret i corredor d'assegurances. El primer em permet tenir els coneixements necessaris per avaluar els riscos de responsabilitat civil dels nostres assegurats i el segon, transferir-los a les asseguradores en les condicions m\u00e9s adequades. El meu objectiu \u00e9s protegir el vostre patrimoni personal, oferint la millor soluci\u00f3 asseguradora."},"yoast_head":"<!-- This site is optimized with the Yoast SEO plugin v27.4 - https:\/\/yoast.com\/product\/yoast-seo-wordpress\/ -->\n<title>RC Administradors i Directius Esports Aventura - Urqu\u00eda&amp;Bas<\/title>\n<meta name=\"robots\" content=\"index, follow, max-snippet:-1, max-image-preview:large, max-video-preview:-1\" \/>\n<link rel=\"canonical\" href=\"https:\/\/urquiabas.com\/seguro-responsabilidad-civil-administradores-turismo-activo\/\" \/>\n<meta property=\"og:locale\" content=\"ca_ES\" \/>\n<meta property=\"og:type\" content=\"article\" \/>\n<meta property=\"og:title\" content=\"RC Administradors i Directius Esports Aventura - Urqu\u00eda&amp;Bas\" \/>\n<meta property=\"og:description\" content=\"Cobreix les reclamacions per perjudicis econ\u00f2mics derivats d&#8217;una gesti\u00f3 dolenta dels administradors de l&#8217;empresa, ja sigui per acci\u00f3 o per omissi\u00f3, i que puguin afectar la situaci\u00f3 econ\u00f2mica d&#8217;aquesta i\/o de tercers. Aquesta asseguran\u00e7a cobreix les persones gestores, administradors, consellers, directius i alts c\u00e0rrecs de lempresa. De contractaci\u00f3 conjunta amb l&#8217;asseguran\u00e7a de RC anual de [&hellip;]\" \/>\n<meta property=\"og:url\" content=\"https:\/\/urquiabas.com\/seguro-responsabilidad-civil-administradores-turismo-activo\/\" \/>\n<meta property=\"og:site_name\" content=\"Urqu\u00eda&amp;Bas\" \/>\n<meta property=\"article:publisher\" content=\"https:\/\/www.facebook.com\/UrquiaBas\/\" \/>\n<meta property=\"article:modified_time\" content=\"2026-01-15T11:54:17+00:00\" \/>\n<meta property=\"og:image\" content=\"https:\/\/urquiabas.com\/wp-content\/uploads\/2021\/02\/Header_RC_directivos_club_new.jpg\" \/>\n\t<meta property=\"og:image:width\" content=\"1920\" \/>\n\t<meta property=\"og:image:height\" content=\"667\" \/>\n\t<meta property=\"og:image:type\" content=\"image\/jpeg\" \/>\n<meta name=\"twitter:card\" content=\"summary_large_image\" \/>\n<meta name=\"twitter:site\" content=\"@BasUrquia\" \/>\n<meta name=\"twitter:label1\" content=\"Temps estimat de lectura\" \/>\n\t<meta name=\"twitter:data1\" content=\"1 minut\" \/>\n<script type=\"application\/ld+json\" class=\"yoast-schema-graph\">{\"@context\":\"https:\\\/\\\/schema.org\",\"@graph\":[{\"@type\":\"WebPage\",\"@id\":\"https:\\\/\\\/urquiabas.com\\\/seguro-responsabilidad-civil-administradores-turismo-activo\\\/\",\"url\":\"https:\\\/\\\/urquiabas.com\\\/seguro-responsabilidad-civil-administradores-turismo-activo\\\/\",\"name\":\"RC Administradors i Directius Esports Aventura - Urqu\u00eda&amp;Bas\",\"isPartOf\":{\"@id\":\"https:\\\/\\\/urquiabas.com\\\/#website\"},\"primaryImageOfPage\":{\"@id\":\"https:\\\/\\\/urquiabas.com\\\/seguro-responsabilidad-civil-administradores-turismo-activo\\\/#primaryimage\"},\"image\":{\"@id\":\"https:\\\/\\\/urquiabas.com\\\/seguro-responsabilidad-civil-administradores-turismo-activo\\\/#primaryimage\"},\"thumbnailUrl\":\"https:\\\/\\\/urquiabas.com\\\/wp-content\\\/uploads\\\/2021\\\/02\\\/Header_RC_directivos_club_new.jpg\",\"datePublished\":\"2021-06-14T15:44:09+00:00\",\"dateModified\":\"2026-01-15T11:54:17+00:00\",\"breadcrumb\":{\"@id\":\"https:\\\/\\\/urquiabas.com\\\/seguro-responsabilidad-civil-administradores-turismo-activo\\\/#breadcrumb\"},\"inLanguage\":\"ca\",\"potentialAction\":[{\"@type\":\"ReadAction\",\"target\":[\"https:\\\/\\\/urquiabas.com\\\/seguro-responsabilidad-civil-administradores-turismo-activo\\\/\"]}]},{\"@type\":\"ImageObject\",\"inLanguage\":\"ca\",\"@id\":\"https:\\\/\\\/urquiabas.com\\\/seguro-responsabilidad-civil-administradores-turismo-activo\\\/#primaryimage\",\"url\":\"https:\\\/\\\/urquiabas.com\\\/wp-content\\\/uploads\\\/2021\\\/02\\\/Header_RC_directivos_club_new.jpg\",\"contentUrl\":\"https:\\\/\\\/urquiabas.com\\\/wp-content\\\/uploads\\\/2021\\\/02\\\/Header_RC_directivos_club_new.jpg\",\"width\":1920,\"height\":667,\"caption\":\"RC Administradores y Directivos Deportes Aventura\"},{\"@type\":\"BreadcrumbList\",\"@id\":\"https:\\\/\\\/urquiabas.com\\\/seguro-responsabilidad-civil-administradores-turismo-activo\\\/#breadcrumb\",\"itemListElement\":[{\"@type\":\"ListItem\",\"position\":1,\"name\":\"Portada\",\"item\":\"https:\\\/\\\/urquiabas.com\\\/\"},{\"@type\":\"ListItem\",\"position\":2,\"name\":\"RC Administradors i Directius Esports Aventura\"}]},{\"@type\":\"WebSite\",\"@id\":\"https:\\\/\\\/urquiabas.com\\\/#website\",\"url\":\"https:\\\/\\\/urquiabas.com\\\/\",\"name\":\"Urqu\u00eda&amp;Bas\",\"description\":\"Corredur\u00eda de seguros | Lleida\",\"publisher\":{\"@id\":\"https:\\\/\\\/urquiabas.com\\\/#organization\"},\"potentialAction\":[{\"@type\":\"SearchAction\",\"target\":{\"@type\":\"EntryPoint\",\"urlTemplate\":\"https:\\\/\\\/urquiabas.com\\\/?s={search_term_string}\"},\"query-input\":{\"@type\":\"PropertyValueSpecification\",\"valueRequired\":true,\"valueName\":\"search_term_string\"}}],\"inLanguage\":\"ca\"},{\"@type\":\"Organization\",\"@id\":\"https:\\\/\\\/urquiabas.com\\\/#organization\",\"name\":\"Urquia & Bas S.L\",\"url\":\"https:\\\/\\\/urquiabas.com\\\/\",\"logo\":{\"@type\":\"ImageObject\",\"inLanguage\":\"ca\",\"@id\":\"https:\\\/\\\/urquiabas.com\\\/#\\\/schema\\\/logo\\\/image\\\/\",\"url\":\"https:\\\/\\\/urquiabas.com\\\/wp-content\\\/uploads\\\/2018\\\/03\\\/logoubmail2018.jpg\",\"contentUrl\":\"https:\\\/\\\/urquiabas.com\\\/wp-content\\\/uploads\\\/2018\\\/03\\\/logoubmail2018.jpg\",\"width\":258,\"height\":61,\"caption\":\"Urquia & Bas S.L\"},\"image\":{\"@id\":\"https:\\\/\\\/urquiabas.com\\\/#\\\/schema\\\/logo\\\/image\\\/\"},\"sameAs\":[\"https:\\\/\\\/www.facebook.com\\\/UrquiaBas\\\/\",\"https:\\\/\\\/x.com\\\/BasUrquia\",\"https:\\\/\\\/www.instagram.com\\\/urquiabas\\\/\",\"https:\\\/\\\/www.linkedin.com\\\/company\\\/3125928\\\/\"]}]}<\/script>\n<!-- \/ Yoast SEO plugin. -->","yoast_head_json":{"title":"RC Administradors i Directius Esports Aventura - Urqu\u00eda&amp;Bas","robots":{"index":"index","follow":"follow","max-snippet":"max-snippet:-1","max-image-preview":"max-image-preview:large","max-video-preview":"max-video-preview:-1"},"canonical":"https:\/\/urquiabas.com\/seguro-responsabilidad-civil-administradores-turismo-activo\/","og_locale":"ca_ES","og_type":"article","og_title":"RC Administradors i Directius Esports Aventura - Urqu\u00eda&amp;Bas","og_description":"Cobreix les reclamacions per perjudicis econ\u00f2mics derivats d&#8217;una gesti\u00f3 dolenta dels administradors de l&#8217;empresa, ja sigui per acci\u00f3 o per omissi\u00f3, i que puguin afectar la situaci\u00f3 econ\u00f2mica d&#8217;aquesta i\/o de tercers. Aquesta asseguran\u00e7a cobreix les persones gestores, administradors, consellers, directius i alts c\u00e0rrecs de lempresa. De contractaci\u00f3 conjunta amb l&#8217;asseguran\u00e7a de RC anual de [&hellip;]","og_url":"https:\/\/urquiabas.com\/seguro-responsabilidad-civil-administradores-turismo-activo\/","og_site_name":"Urqu\u00eda&amp;Bas","article_publisher":"https:\/\/www.facebook.com\/UrquiaBas\/","article_modified_time":"2026-01-15T11:54:17+00:00","og_image":[{"width":1920,"height":667,"url":"https:\/\/urquiabas.com\/wp-content\/uploads\/2021\/02\/Header_RC_directivos_club_new.jpg","type":"image\/jpeg"}],"twitter_card":"summary_large_image","twitter_site":"@BasUrquia","twitter_misc":{"Temps estimat de lectura":"1 minut"},"schema":{"@context":"https:\/\/schema.org","@graph":[{"@type":"WebPage","@id":"https:\/\/urquiabas.com\/seguro-responsabilidad-civil-administradores-turismo-activo\/","url":"https:\/\/urquiabas.com\/seguro-responsabilidad-civil-administradores-turismo-activo\/","name":"RC Administradors i Directius Esports Aventura - Urqu\u00eda&amp;Bas","isPartOf":{"@id":"https:\/\/urquiabas.com\/#website"},"primaryImageOfPage":{"@id":"https:\/\/urquiabas.com\/seguro-responsabilidad-civil-administradores-turismo-activo\/#primaryimage"},"image":{"@id":"https:\/\/urquiabas.com\/seguro-responsabilidad-civil-administradores-turismo-activo\/#primaryimage"},"thumbnailUrl":"https:\/\/urquiabas.com\/wp-content\/uploads\/2021\/02\/Header_RC_directivos_club_new.jpg","datePublished":"2021-06-14T15:44:09+00:00","dateModified":"2026-01-15T11:54:17+00:00","breadcrumb":{"@id":"https:\/\/urquiabas.com\/seguro-responsabilidad-civil-administradores-turismo-activo\/#breadcrumb"},"inLanguage":"ca","potentialAction":[{"@type":"ReadAction","target":["https:\/\/urquiabas.com\/seguro-responsabilidad-civil-administradores-turismo-activo\/"]}]},{"@type":"ImageObject","inLanguage":"ca","@id":"https:\/\/urquiabas.com\/seguro-responsabilidad-civil-administradores-turismo-activo\/#primaryimage","url":"https:\/\/urquiabas.com\/wp-content\/uploads\/2021\/02\/Header_RC_directivos_club_new.jpg","contentUrl":"https:\/\/urquiabas.com\/wp-content\/uploads\/2021\/02\/Header_RC_directivos_club_new.jpg","width":1920,"height":667,"caption":"RC Administradores y Directivos Deportes Aventura"},{"@type":"BreadcrumbList","@id":"https:\/\/urquiabas.com\/seguro-responsabilidad-civil-administradores-turismo-activo\/#breadcrumb","itemListElement":[{"@type":"ListItem","position":1,"name":"Portada","item":"https:\/\/urquiabas.com\/"},{"@type":"ListItem","position":2,"name":"RC Administradors i Directius Esports Aventura"}]},{"@type":"WebSite","@id":"https:\/\/urquiabas.com\/#website","url":"https:\/\/urquiabas.com\/","name":"Urqu\u00eda&amp;Bas","description":"Corredur\u00eda de seguros | Lleida","publisher":{"@id":"https:\/\/urquiabas.com\/#organization"},"potentialAction":[{"@type":"SearchAction","target":{"@type":"EntryPoint","urlTemplate":"https:\/\/urquiabas.com\/?s={search_term_string}"},"query-input":{"@type":"PropertyValueSpecification","valueRequired":true,"valueName":"search_term_string"}}],"inLanguage":"ca"},{"@type":"Organization","@id":"https:\/\/urquiabas.com\/#organization","name":"Urquia & Bas S.L","url":"https:\/\/urquiabas.com\/","logo":{"@type":"ImageObject","inLanguage":"ca","@id":"https:\/\/urquiabas.com\/#\/schema\/logo\/image\/","url":"https:\/\/urquiabas.com\/wp-content\/uploads\/2018\/03\/logoubmail2018.jpg","contentUrl":"https:\/\/urquiabas.com\/wp-content\/uploads\/2018\/03\/logoubmail2018.jpg","width":258,"height":61,"caption":"Urquia & Bas S.L"},"image":{"@id":"https:\/\/urquiabas.com\/#\/schema\/logo\/image\/"},"sameAs":["https:\/\/www.facebook.com\/UrquiaBas\/","https:\/\/x.com\/BasUrquia","https:\/\/www.instagram.com\/urquiabas\/","https:\/\/www.linkedin.com\/company\/3125928\/"]}]}},"_links":{"self":[{"href":"https:\/\/urquiabas.com\/ca\/wp-json\/wp\/v2\/pages\/18132","targetHints":{"allow":["GET"]}}],"collection":[{"href":"https:\/\/urquiabas.com\/ca\/wp-json\/wp\/v2\/pages"}],"about":[{"href":"https:\/\/urquiabas.com\/ca\/wp-json\/wp\/v2\/types\/page"}],"author":[{"embeddable":true,"href":"https:\/\/urquiabas.com\/ca\/wp-json\/wp\/v2\/users\/84"}],"replies":[{"embeddable":true,"href":"https:\/\/urquiabas.com\/ca\/wp-json\/wp\/v2\/comments?post=18132"}],"version-history":[{"count":0,"href":"https:\/\/urquiabas.com\/ca\/wp-json\/wp\/v2\/pages\/18132\/revisions"}],"wp:featuredmedia":[{"embeddable":true,"href":"https:\/\/urquiabas.com\/ca\/wp-json\/wp\/v2\/media\/16114"}],"wp:attachment":[{"href":"https:\/\/urquiabas.com\/ca\/wp-json\/wp\/v2\/media?parent=18132"}],"curies":[{"name":"wp","href":"https:\/\/api.w.org\/{rel}","templated":true}]}}