{"id":20527,"date":"2023-11-27T09:27:51","date_gmt":"2023-11-27T08:27:51","guid":{"rendered":"https:\/\/urquiabas.com\/sanites-assistencia-sanitaria\/"},"modified":"2023-11-27T09:27:55","modified_gmt":"2023-11-27T08:27:55","slug":"sanites-assistencia-sanitaria","status":"publish","type":"page","link":"https:\/\/urquiabas.com\/ca\/sanites-assistencia-sanitaria\/","title":{"rendered":"Sanites assist\u00e8ncia sanit\u00e0ria"},"content":{"rendered":"<p><strong>\u00bfD\u00f3nde encuentro el cuadro m\u00e9dico de la\u00a0<\/strong><b>compa\u00f1\u00eda?<\/b><\/p>\n<ul>\n<li><span style=\"text-decoration: underline;\"><a href=\"https:\/\/www.sanitas.es\/sanitas\/seguros\/es\/particulares\/medicosycentros\/cuadro-medico\/index.html#\/\" target=\"_blank\" rel=\"noopener\">Cuadros m\u00e9dicos<\/a><\/span><\/li>\n<\/ul>\n<p><strong>\u00bfC\u00f3mo gestionar una\u00a0<\/strong><strong>autorizaci\u00f3n<\/strong><strong>?<\/strong><\/p>\n<ul>\n<li>Tel <a href=\"tel:917522852\"><span style=\"text-decoration: underline;\">917 522 852<\/span><\/a> \u2013 <a href=\"tel:933623449\"><span style=\"text-decoration: underline;\">933 623 449<\/span><\/a> \/ \u00c1rea privada web y App\u00a0<span style=\"text-decoration: underline;\"><a href=\"https:\/\/www.sanitas.es\/landings\/seguros\/app-misanitas\/\" target=\"_blank\" rel=\"noopener\">MI SANITAS<\/a><\/span><\/li>\n<\/ul>\n<p><strong>\u00bfC\u00f3mo solicitar un reembolso de gastos m\u00e9dicos?<\/strong><\/p>\n<ul>\n<li>A trav\u00e9s de su App: Mi Sanitas<\/li>\n<\/ul>\n<p><strong>Tel\u00e9fonos gratuitos de Atenci\u00f3n al Cliente<\/strong><\/p>\n<ul>\n<li>At. Cliente <a href=\"tel:917522852\"><span style=\"text-decoration: underline;\">917 522 852<\/span><\/a> \u2013 <span style=\"text-decoration: underline;\"><a href=\"tel:933623449\">933 623 449<\/a><\/span><\/li>\n<li>En lleida <span style=\"text-decoration: underline;\"><a href=\"tel:973262822\">973 262 822<\/a><\/span><\/li>\n<li>Tel. Urgencias <span style=\"text-decoration: underline;\"><a href=\"tel:917522902\">917 522 902<\/a><\/span><\/li>\n<\/ul>\n<p><strong>Correo electr\u00f3nico de contacto<\/strong><\/p>\n<ul>\n<li><a href=\"mailto:atencioncliente@sanitas.es\">atencioncliente@sanitas.es<\/a><\/li>\n<\/ul>\n<p><strong>\u00bfExiste la posibilidad de realizar videollamadas con el m\u00e9dico?<\/strong><\/p>\n<ul>\n<li>No est\u00e1 disponible para todos los asegurados, es preciso consultar p\u00f3liza<\/li>\n<\/ul>\n<h3 style=\"color: #8a2533;\">\u00bfC\u00f3mo te puedo ayudar?<\/h3>\n<p>D\u00e9jame tus datos y me pondr\u00e9 en contacto contigo con la mayor brevedad.<\/p>\n","protected":false},"excerpt":{"rendered":"<p>\u00bfD\u00f3nde encuentro el cuadro m\u00e9dico de la\u00a0compa\u00f1\u00eda? Cuadros m\u00e9dicos \u00bfC\u00f3mo gestionar una\u00a0autorizaci\u00f3n? Tel 917 522 852 \u2013 933 623 449 \/ \u00c1rea privada web y App\u00a0MI SANITAS \u00bfC\u00f3mo solicitar un reembolso de gastos m\u00e9dicos? A trav\u00e9s de su App: Mi Sanitas Tel\u00e9fonos gratuitos de Atenci\u00f3n al Cliente At. Cliente 917 522 852 \u2013 933 623 [&hellip;]<\/p>\n","protected":false},"author":5,"featured_media":0,"parent":0,"menu_order":0,"comment_status":"closed","ping_status":"closed","template":"","meta":{"_acf_changed":false,"inline_featured_image":false,"footnotes":""},"class_list":["post-20527","page","type-page","status-publish","hentry"],"acf":{"responsable":null,"descripcio_contacte":null,"text_responsable":null,"contacte_responsable_telefon":null,"contacte_responsable_email":null,"foto_responsable":null,"odoo":null,"cta":null},"yoast_head":"<!-- This site is optimized with the Yoast SEO plugin v27.3 - https:\/\/yoast.com\/product\/yoast-seo-wordpress\/ -->\n<title>Sanites assist\u00e8ncia sanit\u00e0ria - Urqu\u00eda&amp;Bas<\/title>\n<meta name=\"robots\" content=\"index, follow, max-snippet:-1, max-image-preview:large, max-video-preview:-1\" \/>\n<link rel=\"canonical\" href=\"https:\/\/urquiabas.com\/sanitas-asistencia-sanitaria\/\" \/>\n<meta property=\"og:locale\" content=\"ca_ES\" \/>\n<meta property=\"og:type\" content=\"article\" \/>\n<meta property=\"og:title\" content=\"Sanites assist\u00e8ncia sanit\u00e0ria - Urqu\u00eda&amp;Bas\" \/>\n<meta property=\"og:description\" content=\"\u00bfD\u00f3nde encuentro el cuadro m\u00e9dico de la\u00a0compa\u00f1\u00eda? Cuadros m\u00e9dicos \u00bfC\u00f3mo gestionar una\u00a0autorizaci\u00f3n? Tel 917 522 852 \u2013 933 623 449 \/ \u00c1rea privada web y App\u00a0MI SANITAS \u00bfC\u00f3mo solicitar un reembolso de gastos m\u00e9dicos? A trav\u00e9s de su App: Mi Sanitas Tel\u00e9fonos gratuitos de Atenci\u00f3n al Cliente At. Cliente 917 522 852 \u2013 933 623 [&hellip;]\" \/>\n<meta property=\"og:url\" content=\"https:\/\/urquiabas.com\/sanitas-asistencia-sanitaria\/\" \/>\n<meta property=\"og:site_name\" content=\"Urqu\u00eda&amp;Bas\" \/>\n<meta property=\"article:publisher\" content=\"https:\/\/www.facebook.com\/UrquiaBas\/\" \/>\n<meta property=\"article:modified_time\" content=\"2023-11-27T08:27:55+00:00\" \/>\n<meta name=\"twitter:card\" content=\"summary_large_image\" \/>\n<meta name=\"twitter:site\" content=\"@BasUrquia\" \/>\n<meta name=\"twitter:label1\" content=\"Temps estimat de lectura\" \/>\n\t<meta name=\"twitter:data1\" content=\"1 minut\" \/>\n<script type=\"application\/ld+json\" class=\"yoast-schema-graph\">{\"@context\":\"https:\\\/\\\/schema.org\",\"@graph\":[{\"@type\":\"WebPage\",\"@id\":\"https:\\\/\\\/urquiabas.com\\\/sanitas-asistencia-sanitaria\\\/\",\"url\":\"https:\\\/\\\/urquiabas.com\\\/sanitas-asistencia-sanitaria\\\/\",\"name\":\"Sanites assist\u00e8ncia sanit\u00e0ria - Urqu\u00eda&amp;Bas\",\"isPartOf\":{\"@id\":\"https:\\\/\\\/urquiabas.com\\\/#website\"},\"datePublished\":\"2023-11-27T08:27:51+00:00\",\"dateModified\":\"2023-11-27T08:27:55+00:00\",\"breadcrumb\":{\"@id\":\"https:\\\/\\\/urquiabas.com\\\/sanitas-asistencia-sanitaria\\\/#breadcrumb\"},\"inLanguage\":\"ca\",\"potentialAction\":[{\"@type\":\"ReadAction\",\"target\":[\"https:\\\/\\\/urquiabas.com\\\/sanitas-asistencia-sanitaria\\\/\"]}]},{\"@type\":\"BreadcrumbList\",\"@id\":\"https:\\\/\\\/urquiabas.com\\\/sanitas-asistencia-sanitaria\\\/#breadcrumb\",\"itemListElement\":[{\"@type\":\"ListItem\",\"position\":1,\"name\":\"Portada\",\"item\":\"https:\\\/\\\/urquiabas.com\\\/\"},{\"@type\":\"ListItem\",\"position\":2,\"name\":\"Sanites assist\u00e8ncia sanit\u00e0ria\"}]},{\"@type\":\"WebSite\",\"@id\":\"https:\\\/\\\/urquiabas.com\\\/#website\",\"url\":\"https:\\\/\\\/urquiabas.com\\\/\",\"name\":\"Urqu\u00eda&amp;Bas\",\"description\":\"Corredur\u00eda de seguros | Lleida\",\"publisher\":{\"@id\":\"https:\\\/\\\/urquiabas.com\\\/#organization\"},\"potentialAction\":[{\"@type\":\"SearchAction\",\"target\":{\"@type\":\"EntryPoint\",\"urlTemplate\":\"https:\\\/\\\/urquiabas.com\\\/?s={search_term_string}\"},\"query-input\":{\"@type\":\"PropertyValueSpecification\",\"valueRequired\":true,\"valueName\":\"search_term_string\"}}],\"inLanguage\":\"ca\"},{\"@type\":\"Organization\",\"@id\":\"https:\\\/\\\/urquiabas.com\\\/#organization\",\"name\":\"Urquia & Bas S.L\",\"url\":\"https:\\\/\\\/urquiabas.com\\\/\",\"logo\":{\"@type\":\"ImageObject\",\"inLanguage\":\"ca\",\"@id\":\"https:\\\/\\\/urquiabas.com\\\/#\\\/schema\\\/logo\\\/image\\\/\",\"url\":\"https:\\\/\\\/urquiabas.com\\\/wp-content\\\/uploads\\\/2018\\\/03\\\/logoubmail2018.jpg\",\"contentUrl\":\"https:\\\/\\\/urquiabas.com\\\/wp-content\\\/uploads\\\/2018\\\/03\\\/logoubmail2018.jpg\",\"width\":258,\"height\":61,\"caption\":\"Urquia & Bas S.L\"},\"image\":{\"@id\":\"https:\\\/\\\/urquiabas.com\\\/#\\\/schema\\\/logo\\\/image\\\/\"},\"sameAs\":[\"https:\\\/\\\/www.facebook.com\\\/UrquiaBas\\\/\",\"https:\\\/\\\/x.com\\\/BasUrquia\",\"https:\\\/\\\/www.instagram.com\\\/urquiabas\\\/\",\"https:\\\/\\\/www.linkedin.com\\\/company\\\/3125928\\\/\"]}]}<\/script>\n<!-- \/ Yoast SEO plugin. -->","yoast_head_json":{"title":"Sanites assist\u00e8ncia sanit\u00e0ria - Urqu\u00eda&amp;Bas","robots":{"index":"index","follow":"follow","max-snippet":"max-snippet:-1","max-image-preview":"max-image-preview:large","max-video-preview":"max-video-preview:-1"},"canonical":"https:\/\/urquiabas.com\/sanitas-asistencia-sanitaria\/","og_locale":"ca_ES","og_type":"article","og_title":"Sanites assist\u00e8ncia sanit\u00e0ria - Urqu\u00eda&amp;Bas","og_description":"\u00bfD\u00f3nde encuentro el cuadro m\u00e9dico de la\u00a0compa\u00f1\u00eda? Cuadros m\u00e9dicos \u00bfC\u00f3mo gestionar una\u00a0autorizaci\u00f3n? Tel 917 522 852 \u2013 933 623 449 \/ \u00c1rea privada web y App\u00a0MI SANITAS \u00bfC\u00f3mo solicitar un reembolso de gastos m\u00e9dicos? A trav\u00e9s de su App: Mi Sanitas Tel\u00e9fonos gratuitos de Atenci\u00f3n al Cliente At. Cliente 917 522 852 \u2013 933 623 [&hellip;]","og_url":"https:\/\/urquiabas.com\/sanitas-asistencia-sanitaria\/","og_site_name":"Urqu\u00eda&amp;Bas","article_publisher":"https:\/\/www.facebook.com\/UrquiaBas\/","article_modified_time":"2023-11-27T08:27:55+00:00","twitter_card":"summary_large_image","twitter_site":"@BasUrquia","twitter_misc":{"Temps estimat de lectura":"1 minut"},"schema":{"@context":"https:\/\/schema.org","@graph":[{"@type":"WebPage","@id":"https:\/\/urquiabas.com\/sanitas-asistencia-sanitaria\/","url":"https:\/\/urquiabas.com\/sanitas-asistencia-sanitaria\/","name":"Sanites assist\u00e8ncia sanit\u00e0ria - Urqu\u00eda&amp;Bas","isPartOf":{"@id":"https:\/\/urquiabas.com\/#website"},"datePublished":"2023-11-27T08:27:51+00:00","dateModified":"2023-11-27T08:27:55+00:00","breadcrumb":{"@id":"https:\/\/urquiabas.com\/sanitas-asistencia-sanitaria\/#breadcrumb"},"inLanguage":"ca","potentialAction":[{"@type":"ReadAction","target":["https:\/\/urquiabas.com\/sanitas-asistencia-sanitaria\/"]}]},{"@type":"BreadcrumbList","@id":"https:\/\/urquiabas.com\/sanitas-asistencia-sanitaria\/#breadcrumb","itemListElement":[{"@type":"ListItem","position":1,"name":"Portada","item":"https:\/\/urquiabas.com\/"},{"@type":"ListItem","position":2,"name":"Sanites assist\u00e8ncia sanit\u00e0ria"}]},{"@type":"WebSite","@id":"https:\/\/urquiabas.com\/#website","url":"https:\/\/urquiabas.com\/","name":"Urqu\u00eda&amp;Bas","description":"Corredur\u00eda de seguros | Lleida","publisher":{"@id":"https:\/\/urquiabas.com\/#organization"},"potentialAction":[{"@type":"SearchAction","target":{"@type":"EntryPoint","urlTemplate":"https:\/\/urquiabas.com\/?s={search_term_string}"},"query-input":{"@type":"PropertyValueSpecification","valueRequired":true,"valueName":"search_term_string"}}],"inLanguage":"ca"},{"@type":"Organization","@id":"https:\/\/urquiabas.com\/#organization","name":"Urquia & Bas S.L","url":"https:\/\/urquiabas.com\/","logo":{"@type":"ImageObject","inLanguage":"ca","@id":"https:\/\/urquiabas.com\/#\/schema\/logo\/image\/","url":"https:\/\/urquiabas.com\/wp-content\/uploads\/2018\/03\/logoubmail2018.jpg","contentUrl":"https:\/\/urquiabas.com\/wp-content\/uploads\/2018\/03\/logoubmail2018.jpg","width":258,"height":61,"caption":"Urquia & Bas S.L"},"image":{"@id":"https:\/\/urquiabas.com\/#\/schema\/logo\/image\/"},"sameAs":["https:\/\/www.facebook.com\/UrquiaBas\/","https:\/\/x.com\/BasUrquia","https:\/\/www.instagram.com\/urquiabas\/","https:\/\/www.linkedin.com\/company\/3125928\/"]}]}},"_links":{"self":[{"href":"https:\/\/urquiabas.com\/ca\/wp-json\/wp\/v2\/pages\/20527","targetHints":{"allow":["GET"]}}],"collection":[{"href":"https:\/\/urquiabas.com\/ca\/wp-json\/wp\/v2\/pages"}],"about":[{"href":"https:\/\/urquiabas.com\/ca\/wp-json\/wp\/v2\/types\/page"}],"author":[{"embeddable":true,"href":"https:\/\/urquiabas.com\/ca\/wp-json\/wp\/v2\/users\/5"}],"replies":[{"embeddable":true,"href":"https:\/\/urquiabas.com\/ca\/wp-json\/wp\/v2\/comments?post=20527"}],"version-history":[{"count":0,"href":"https:\/\/urquiabas.com\/ca\/wp-json\/wp\/v2\/pages\/20527\/revisions"}],"wp:attachment":[{"href":"https:\/\/urquiabas.com\/ca\/wp-json\/wp\/v2\/media?parent=20527"}],"curies":[{"name":"wp","href":"https:\/\/api.w.org\/{rel}","templated":true}]}}