{"id":20542,"date":"2023-11-27T09:28:09","date_gmt":"2023-11-27T08:28:09","guid":{"rendered":"https:\/\/urquiabas.com\/telefons-dassistencia\/"},"modified":"2025-12-05T11:58:06","modified_gmt":"2025-12-05T10:58:06","slug":"telefons-dassistencia","status":"publish","type":"page","link":"https:\/\/urquiabas.com\/ca\/telefons-dassistencia\/","title":{"rendered":"Tel\u00e8fons d&#8217;assist\u00e8ncia"},"content":{"rendered":"\t\t<div data-elementor-type=\"wp-page\" data-elementor-id=\"20542\" class=\"elementor elementor-20542 elementor-15964\" data-elementor-post-type=\"page\">\n\t\t\t\t<div class=\"elementor-element elementor-element-5509f09 e-flex e-con-boxed e-con e-parent\" data-id=\"5509f09\" data-element_type=\"container\" data-e-type=\"container\">\n\t\t\t\t\t<div class=\"e-con-inner\">\n\t\t\t\t\t<\/div>\n\t\t\t\t<\/div>\n\t\t\t\t<\/div>\n\t\t","protected":false},"excerpt":{"rendered":"<p>Aqu\u00ed trobar\u00e0s els tel\u00e8fons d&#8217;assist\u00e8ncia de totes les asseguradores amb qu\u00e8 comptem.<\/p>\n","protected":false},"author":5,"featured_media":22855,"parent":0,"menu_order":0,"comment_status":"closed","ping_status":"closed","template":"","meta":{"_acf_changed":false,"inline_featured_image":false,"footnotes":""},"class_list":["post-20542","page","type-page","status-publish","has-post-thumbnail","hentry"],"acf":{"responsable":null,"descripcio_contacte":null,"text_responsable":null,"contacte_responsable_telefon":null,"contacte_responsable_email":null,"foto_responsable":null,"odoo":null,"cta":null},"yoast_head":"<!-- This site is optimized with the Yoast SEO plugin v27.6 - https:\/\/yoast.com\/product\/yoast-seo-wordpress\/ -->\n<title>Tel\u00e8fons d&#039;assist\u00e8ncia - Urqu\u00eda&amp;Bas<\/title>\n<meta name=\"description\" content=\"Tel\u00e8fons d&#039;assist\u00e8ncia que necessitar\u00e0s en cas d&#039;haver de comunicar algun sinistre, o b\u00e9 gestionar alguna assist\u00e8ncia.\" \/>\n<meta name=\"robots\" content=\"index, follow, max-snippet:-1, max-image-preview:large, max-video-preview:-1\" \/>\n<link rel=\"canonical\" href=\"https:\/\/urquiabas.com\/telefonos-asistencia\/\" \/>\n<meta property=\"og:locale\" content=\"ca_ES\" \/>\n<meta property=\"og:type\" content=\"article\" \/>\n<meta property=\"og:title\" content=\"Tel\u00e8fons d&#039;assist\u00e8ncia - Urqu\u00eda&amp;Bas\" \/>\n<meta property=\"og:description\" content=\"Tel\u00e8fons d&#039;assist\u00e8ncia que necessitar\u00e0s en cas d&#039;haver de comunicar algun sinistre, o b\u00e9 gestionar alguna assist\u00e8ncia.\" \/>\n<meta property=\"og:url\" content=\"https:\/\/urquiabas.com\/telefonos-asistencia\/\" \/>\n<meta property=\"og:site_name\" content=\"Urqu\u00eda&amp;Bas\" \/>\n<meta property=\"article:publisher\" content=\"https:\/\/www.facebook.com\/UrquiaBas\/\" \/>\n<meta property=\"article:modified_time\" content=\"2025-12-05T10:58:06+00:00\" \/>\n<meta property=\"og:image\" content=\"https:\/\/urquiabas.com\/wp-content\/uploads\/2025\/12\/ChatGPT-Image-5-dic-2025-10_57_37-1024x683.png\" \/>\n\t<meta property=\"og:image:width\" content=\"1024\" \/>\n\t<meta property=\"og:image:height\" content=\"683\" \/>\n\t<meta property=\"og:image:type\" content=\"image\/png\" \/>\n<meta name=\"twitter:card\" content=\"summary_large_image\" \/>\n<meta name=\"twitter:site\" content=\"@BasUrquia\" \/>\n<meta name=\"twitter:label1\" content=\"Temps estimat de lectura\" \/>\n\t<meta name=\"twitter:data1\" content=\"5 minuts\" \/>\n<script type=\"application\/ld+json\" class=\"yoast-schema-graph\">{\"@context\":\"https:\\\/\\\/schema.org\",\"@graph\":[{\"@type\":\"WebPage\",\"@id\":\"https:\\\/\\\/urquiabas.com\\\/telefonos-asistencia\\\/\",\"url\":\"https:\\\/\\\/urquiabas.com\\\/telefonos-asistencia\\\/\",\"name\":\"Tel\u00e8fons d'assist\u00e8ncia - Urqu\u00eda&amp;Bas\",\"isPartOf\":{\"@id\":\"https:\\\/\\\/urquiabas.com\\\/#website\"},\"primaryImageOfPage\":{\"@id\":\"https:\\\/\\\/urquiabas.com\\\/telefonos-asistencia\\\/#primaryimage\"},\"image\":{\"@id\":\"https:\\\/\\\/urquiabas.com\\\/telefonos-asistencia\\\/#primaryimage\"},\"thumbnailUrl\":\"https:\\\/\\\/urquiabas.com\\\/wp-content\\\/uploads\\\/2025\\\/12\\\/ChatGPT-Image-5-dic-2025-10_57_37.png\",\"datePublished\":\"2023-11-27T08:28:09+00:00\",\"dateModified\":\"2025-12-05T10:58:06+00:00\",\"description\":\"Tel\u00e8fons d'assist\u00e8ncia que necessitar\u00e0s en cas d'haver de comunicar algun sinistre, o b\u00e9 gestionar alguna assist\u00e8ncia.\",\"breadcrumb\":{\"@id\":\"https:\\\/\\\/urquiabas.com\\\/telefonos-asistencia\\\/#breadcrumb\"},\"inLanguage\":\"ca\",\"potentialAction\":[{\"@type\":\"ReadAction\",\"target\":[\"https:\\\/\\\/urquiabas.com\\\/telefonos-asistencia\\\/\"]}]},{\"@type\":\"ImageObject\",\"inLanguage\":\"ca\",\"@id\":\"https:\\\/\\\/urquiabas.com\\\/telefonos-asistencia\\\/#primaryimage\",\"url\":\"https:\\\/\\\/urquiabas.com\\\/wp-content\\\/uploads\\\/2025\\\/12\\\/ChatGPT-Image-5-dic-2025-10_57_37.png\",\"contentUrl\":\"https:\\\/\\\/urquiabas.com\\\/wp-content\\\/uploads\\\/2025\\\/12\\\/ChatGPT-Image-5-dic-2025-10_57_37.png\",\"width\":1536,\"height\":1024},{\"@type\":\"BreadcrumbList\",\"@id\":\"https:\\\/\\\/urquiabas.com\\\/telefonos-asistencia\\\/#breadcrumb\",\"itemListElement\":[{\"@type\":\"ListItem\",\"position\":1,\"name\":\"Portada\",\"item\":\"https:\\\/\\\/urquiabas.com\\\/\"},{\"@type\":\"ListItem\",\"position\":2,\"name\":\"Tel\u00e8fons d&#8217;assist\u00e8ncia\"}]},{\"@type\":\"WebSite\",\"@id\":\"https:\\\/\\\/urquiabas.com\\\/#website\",\"url\":\"https:\\\/\\\/urquiabas.com\\\/\",\"name\":\"Urqu\u00eda&amp;Bas\",\"description\":\"Corredur\u00eda de seguros | Lleida\",\"publisher\":{\"@id\":\"https:\\\/\\\/urquiabas.com\\\/#organization\"},\"potentialAction\":[{\"@type\":\"SearchAction\",\"target\":{\"@type\":\"EntryPoint\",\"urlTemplate\":\"https:\\\/\\\/urquiabas.com\\\/?s={search_term_string}\"},\"query-input\":{\"@type\":\"PropertyValueSpecification\",\"valueRequired\":true,\"valueName\":\"search_term_string\"}}],\"inLanguage\":\"ca\"},{\"@type\":\"Organization\",\"@id\":\"https:\\\/\\\/urquiabas.com\\\/#organization\",\"name\":\"Urquia & Bas S.L\",\"url\":\"https:\\\/\\\/urquiabas.com\\\/\",\"logo\":{\"@type\":\"ImageObject\",\"inLanguage\":\"ca\",\"@id\":\"https:\\\/\\\/urquiabas.com\\\/#\\\/schema\\\/logo\\\/image\\\/\",\"url\":\"https:\\\/\\\/urquiabas.com\\\/wp-content\\\/uploads\\\/2026\\\/03\\\/Logo_Positu_FonsTransparent-petit-3.png\",\"contentUrl\":\"https:\\\/\\\/urquiabas.com\\\/wp-content\\\/uploads\\\/2026\\\/03\\\/Logo_Positu_FonsTransparent-petit-3.png\",\"width\":250,\"height\":69,\"caption\":\"Urquia & Bas S.L\"},\"image\":{\"@id\":\"https:\\\/\\\/urquiabas.com\\\/#\\\/schema\\\/logo\\\/image\\\/\"},\"sameAs\":[\"https:\\\/\\\/www.facebook.com\\\/UrquiaBas\\\/\",\"https:\\\/\\\/x.com\\\/BasUrquia\",\"https:\\\/\\\/www.instagram.com\\\/urquiabas\\\/\",\"https:\\\/\\\/www.linkedin.com\\\/company\\\/3125928\\\/\"]}]}<\/script>\n<!-- \/ Yoast SEO plugin. -->","yoast_head_json":{"title":"Tel\u00e8fons d'assist\u00e8ncia - Urqu\u00eda&amp;Bas","description":"Tel\u00e8fons d'assist\u00e8ncia que necessitar\u00e0s en cas d'haver de comunicar algun sinistre, o b\u00e9 gestionar alguna assist\u00e8ncia.","robots":{"index":"index","follow":"follow","max-snippet":"max-snippet:-1","max-image-preview":"max-image-preview:large","max-video-preview":"max-video-preview:-1"},"canonical":"https:\/\/urquiabas.com\/telefonos-asistencia\/","og_locale":"ca_ES","og_type":"article","og_title":"Tel\u00e8fons d'assist\u00e8ncia - Urqu\u00eda&amp;Bas","og_description":"Tel\u00e8fons d'assist\u00e8ncia que necessitar\u00e0s en cas d'haver de comunicar algun sinistre, o b\u00e9 gestionar alguna assist\u00e8ncia.","og_url":"https:\/\/urquiabas.com\/telefonos-asistencia\/","og_site_name":"Urqu\u00eda&amp;Bas","article_publisher":"https:\/\/www.facebook.com\/UrquiaBas\/","article_modified_time":"2025-12-05T10:58:06+00:00","og_image":[{"width":1024,"height":683,"url":"https:\/\/urquiabas.com\/wp-content\/uploads\/2025\/12\/ChatGPT-Image-5-dic-2025-10_57_37-1024x683.png","type":"image\/png"}],"twitter_card":"summary_large_image","twitter_site":"@BasUrquia","twitter_misc":{"Temps estimat de lectura":"5 minuts"},"schema":{"@context":"https:\/\/schema.org","@graph":[{"@type":"WebPage","@id":"https:\/\/urquiabas.com\/telefonos-asistencia\/","url":"https:\/\/urquiabas.com\/telefonos-asistencia\/","name":"Tel\u00e8fons d'assist\u00e8ncia - Urqu\u00eda&amp;Bas","isPartOf":{"@id":"https:\/\/urquiabas.com\/#website"},"primaryImageOfPage":{"@id":"https:\/\/urquiabas.com\/telefonos-asistencia\/#primaryimage"},"image":{"@id":"https:\/\/urquiabas.com\/telefonos-asistencia\/#primaryimage"},"thumbnailUrl":"https:\/\/urquiabas.com\/wp-content\/uploads\/2025\/12\/ChatGPT-Image-5-dic-2025-10_57_37.png","datePublished":"2023-11-27T08:28:09+00:00","dateModified":"2025-12-05T10:58:06+00:00","description":"Tel\u00e8fons d'assist\u00e8ncia que necessitar\u00e0s en cas d'haver de comunicar algun sinistre, o b\u00e9 gestionar alguna assist\u00e8ncia.","breadcrumb":{"@id":"https:\/\/urquiabas.com\/telefonos-asistencia\/#breadcrumb"},"inLanguage":"ca","potentialAction":[{"@type":"ReadAction","target":["https:\/\/urquiabas.com\/telefonos-asistencia\/"]}]},{"@type":"ImageObject","inLanguage":"ca","@id":"https:\/\/urquiabas.com\/telefonos-asistencia\/#primaryimage","url":"https:\/\/urquiabas.com\/wp-content\/uploads\/2025\/12\/ChatGPT-Image-5-dic-2025-10_57_37.png","contentUrl":"https:\/\/urquiabas.com\/wp-content\/uploads\/2025\/12\/ChatGPT-Image-5-dic-2025-10_57_37.png","width":1536,"height":1024},{"@type":"BreadcrumbList","@id":"https:\/\/urquiabas.com\/telefonos-asistencia\/#breadcrumb","itemListElement":[{"@type":"ListItem","position":1,"name":"Portada","item":"https:\/\/urquiabas.com\/"},{"@type":"ListItem","position":2,"name":"Tel\u00e8fons d&#8217;assist\u00e8ncia"}]},{"@type":"WebSite","@id":"https:\/\/urquiabas.com\/#website","url":"https:\/\/urquiabas.com\/","name":"Urqu\u00eda&amp;Bas","description":"Corredur\u00eda de seguros | Lleida","publisher":{"@id":"https:\/\/urquiabas.com\/#organization"},"potentialAction":[{"@type":"SearchAction","target":{"@type":"EntryPoint","urlTemplate":"https:\/\/urquiabas.com\/?s={search_term_string}"},"query-input":{"@type":"PropertyValueSpecification","valueRequired":true,"valueName":"search_term_string"}}],"inLanguage":"ca"},{"@type":"Organization","@id":"https:\/\/urquiabas.com\/#organization","name":"Urquia & Bas S.L","url":"https:\/\/urquiabas.com\/","logo":{"@type":"ImageObject","inLanguage":"ca","@id":"https:\/\/urquiabas.com\/#\/schema\/logo\/image\/","url":"https:\/\/urquiabas.com\/wp-content\/uploads\/2026\/03\/Logo_Positu_FonsTransparent-petit-3.png","contentUrl":"https:\/\/urquiabas.com\/wp-content\/uploads\/2026\/03\/Logo_Positu_FonsTransparent-petit-3.png","width":250,"height":69,"caption":"Urquia & Bas S.L"},"image":{"@id":"https:\/\/urquiabas.com\/#\/schema\/logo\/image\/"},"sameAs":["https:\/\/www.facebook.com\/UrquiaBas\/","https:\/\/x.com\/BasUrquia","https:\/\/www.instagram.com\/urquiabas\/","https:\/\/www.linkedin.com\/company\/3125928\/"]}]}},"_links":{"self":[{"href":"https:\/\/urquiabas.com\/ca\/wp-json\/wp\/v2\/pages\/20542","targetHints":{"allow":["GET"]}}],"collection":[{"href":"https:\/\/urquiabas.com\/ca\/wp-json\/wp\/v2\/pages"}],"about":[{"href":"https:\/\/urquiabas.com\/ca\/wp-json\/wp\/v2\/types\/page"}],"author":[{"embeddable":true,"href":"https:\/\/urquiabas.com\/ca\/wp-json\/wp\/v2\/users\/5"}],"replies":[{"embeddable":true,"href":"https:\/\/urquiabas.com\/ca\/wp-json\/wp\/v2\/comments?post=20542"}],"version-history":[{"count":0,"href":"https:\/\/urquiabas.com\/ca\/wp-json\/wp\/v2\/pages\/20542\/revisions"}],"wp:featuredmedia":[{"embeddable":true,"href":"https:\/\/urquiabas.com\/ca\/wp-json\/wp\/v2\/media\/22855"}],"wp:attachment":[{"href":"https:\/\/urquiabas.com\/ca\/wp-json\/wp\/v2\/media?parent=20542"}],"curies":[{"name":"wp","href":"https:\/\/api.w.org\/{rel}","templated":true}]}}