{"id":21164,"date":"2024-05-13T10:30:53","date_gmt":"2024-05-13T08:30:53","guid":{"rendered":"https:\/\/urquiabas.com\/sistema-intern-dinformacio\/"},"modified":"2024-05-13T10:53:42","modified_gmt":"2024-05-13T08:53:42","slug":"sistema-intern-dinformacio","status":"publish","type":"page","link":"https:\/\/urquiabas.com\/ca\/sistema-intern-dinformacio\/","title":{"rendered":"Canal de den\u00fancies"},"content":{"rendered":"\n<p>A Urquia&amp;Bas Corredur\u00eda de Seguros, SL comptem amb un Protocol Intern de Report per acatar la Llei 2\/2023, de 20 de febrer, que regula la protecci\u00f3 dels denunciants d&#8217;infraccions normatives i combat la corrupci\u00f3. Aquest protocol est\u00e0 dissenyat per identificar preco\u00e7ment qualsevol anomalia dins de l&#8217;empresa i establir accions preventives que evitin futures transgressions, afavorint aix\u00ed l&#8217;optimitzaci\u00f3 constant dels nostres sistemes de control intern.<\/p>\n\n<p>El nostre Protocol Intern de Report assegura la privadesa del denunciant, oferint-li protecci\u00f3 contra repres\u00e0lies, discriminacions i qualsevol forma de tracte desfavorable.<\/p>\n\n<p>Aix\u00ed mateix, garantim l&#8217;acc\u00e9s f\u00e0cil al Protocol Intern de Report i la protecci\u00f3 de l&#8217;informant mitjan\u00e7ant una plataforma tecnol\u00f2gica incorporada al propi sistema, el prop\u00f2sit del qual \u00e9s el maneig, registre i conservaci\u00f3 de totes les accions derivades de les den\u00fancies presentades conforme a la Llei 2\/2023 .<\/p>\n\n<p>Podria tamb\u00e9 posar-se en contacte amb el responsable del Protocol al tel\u00e8fon 973 727 072 o mitjan\u00e7ant el correu electr\u00f2nic <a>info@urquiabas.com<\/a> .<\/p>\n\n<a class=\"py-3 px-5 text-xs bg-urquia_primary text-urquia_secondary inline-block hover:text-urquia_primary hover:bg-white\" href=\"https:\/\/urquiabas.canalinade.org\/home\" target=\"_blank\" rel=\"noreferrer noopener\">Accedir al Canal aqu\u00ed<\/a>\n\n<div class=\"wp-block-buttons is-layout-flex wp-block-buttons-is-layout-flex\"><\/div>\n","protected":false},"excerpt":{"rendered":"<p>A Urquia&amp;Bas Corredur\u00eda de Seguros, SL comptem amb un Protocol Intern de Report per acatar la Llei 2\/2023, de 20 de febrer, que regula la protecci\u00f3 dels denunciants d&#8217;infraccions normatives i combat la corrupci\u00f3. Aquest protocol est\u00e0 dissenyat per identificar preco\u00e7ment qualsevol anomalia dins de l&#8217;empresa i establir accions preventives que evitin futures transgressions, afavorint [&hellip;]<\/p>\n","protected":false},"author":5,"featured_media":21015,"parent":0,"menu_order":0,"comment_status":"closed","ping_status":"closed","template":"","meta":{"_acf_changed":false,"inline_featured_image":false,"footnotes":""},"class_list":["post-21164","page","type-page","status-publish","has-post-thumbnail","hentry"],"acf":{"responsable":null,"descripcio_contacte":null,"text_responsable":null,"contacte_responsable_telefon":null,"contacte_responsable_email":null,"foto_responsable":null,"odoo":null,"cta":null},"yoast_head":"<!-- This site is optimized with the Yoast SEO plugin v27.5 - https:\/\/yoast.com\/product\/yoast-seo-wordpress\/ -->\n<title>Canal de den\u00fancies - Urqu\u00eda&amp;Bas<\/title>\n<meta name=\"robots\" content=\"index, follow, max-snippet:-1, max-image-preview:large, max-video-preview:-1\" \/>\n<link rel=\"canonical\" href=\"https:\/\/urquiabas.com\/ca\/sistema-intern-dinformacio\/\" \/>\n<meta property=\"og:locale\" content=\"ca_ES\" \/>\n<meta property=\"og:type\" content=\"article\" \/>\n<meta property=\"og:title\" content=\"Canal de den\u00fancies - Urqu\u00eda&amp;Bas\" \/>\n<meta property=\"og:description\" content=\"A Urquia&amp;Bas Corredur\u00eda de Seguros, SL comptem amb un Protocol Intern de Report per acatar la Llei 2\/2023, de 20 de febrer, que regula la protecci\u00f3 dels denunciants d&#8217;infraccions normatives i combat la corrupci\u00f3. Aquest protocol est\u00e0 dissenyat per identificar preco\u00e7ment qualsevol anomalia dins de l&#8217;empresa i establir accions preventives que evitin futures transgressions, afavorint [&hellip;]\" \/>\n<meta property=\"og:url\" content=\"https:\/\/urquiabas.com\/ca\/sistema-intern-dinformacio\/\" \/>\n<meta property=\"og:site_name\" content=\"Urqu\u00eda&amp;Bas\" \/>\n<meta property=\"article:publisher\" content=\"https:\/\/www.facebook.com\/UrquiaBas\/\" \/>\n<meta property=\"article:modified_time\" content=\"2024-05-13T08:53:42+00:00\" \/>\n<meta property=\"og:image\" content=\"https:\/\/urquiabas.com\/wp-content\/uploads\/2024\/02\/home-xs.jpg\" \/>\n\t<meta property=\"og:image:width\" content=\"1080\" \/>\n\t<meta property=\"og:image:height\" content=\"1920\" \/>\n\t<meta property=\"og:image:type\" content=\"image\/jpeg\" \/>\n<meta name=\"twitter:card\" content=\"summary_large_image\" \/>\n<meta name=\"twitter:site\" content=\"@BasUrquia\" \/>\n<meta name=\"twitter:label1\" content=\"Temps estimat de lectura\" \/>\n\t<meta name=\"twitter:data1\" content=\"1 minut\" \/>\n<script type=\"application\/ld+json\" class=\"yoast-schema-graph\">{\"@context\":\"https:\\\/\\\/schema.org\",\"@graph\":[{\"@type\":\"WebPage\",\"@id\":\"https:\\\/\\\/urquiabas.com\\\/ca\\\/sistema-intern-dinformacio\\\/\",\"url\":\"https:\\\/\\\/urquiabas.com\\\/ca\\\/sistema-intern-dinformacio\\\/\",\"name\":\"Canal de den\u00fancies - Urqu\u00eda&amp;Bas\",\"isPartOf\":{\"@id\":\"https:\\\/\\\/urquiabas.com\\\/#website\"},\"primaryImageOfPage\":{\"@id\":\"https:\\\/\\\/urquiabas.com\\\/ca\\\/sistema-intern-dinformacio\\\/#primaryimage\"},\"image\":{\"@id\":\"https:\\\/\\\/urquiabas.com\\\/ca\\\/sistema-intern-dinformacio\\\/#primaryimage\"},\"thumbnailUrl\":\"https:\\\/\\\/urquiabas.com\\\/wp-content\\\/uploads\\\/2024\\\/02\\\/home-xs.jpg\",\"datePublished\":\"2024-05-13T08:30:53+00:00\",\"dateModified\":\"2024-05-13T08:53:42+00:00\",\"breadcrumb\":{\"@id\":\"https:\\\/\\\/urquiabas.com\\\/ca\\\/sistema-intern-dinformacio\\\/#breadcrumb\"},\"inLanguage\":\"ca\",\"potentialAction\":[{\"@type\":\"ReadAction\",\"target\":[\"https:\\\/\\\/urquiabas.com\\\/ca\\\/sistema-intern-dinformacio\\\/\"]}]},{\"@type\":\"ImageObject\",\"inLanguage\":\"ca\",\"@id\":\"https:\\\/\\\/urquiabas.com\\\/ca\\\/sistema-intern-dinformacio\\\/#primaryimage\",\"url\":\"https:\\\/\\\/urquiabas.com\\\/wp-content\\\/uploads\\\/2024\\\/02\\\/home-xs.jpg\",\"contentUrl\":\"https:\\\/\\\/urquiabas.com\\\/wp-content\\\/uploads\\\/2024\\\/02\\\/home-xs.jpg\",\"width\":1080,\"height\":1920},{\"@type\":\"BreadcrumbList\",\"@id\":\"https:\\\/\\\/urquiabas.com\\\/ca\\\/sistema-intern-dinformacio\\\/#breadcrumb\",\"itemListElement\":[{\"@type\":\"ListItem\",\"position\":1,\"name\":\"Portada\",\"item\":\"https:\\\/\\\/urquiabas.com\\\/\"},{\"@type\":\"ListItem\",\"position\":2,\"name\":\"Canal de den\u00fancies\"}]},{\"@type\":\"WebSite\",\"@id\":\"https:\\\/\\\/urquiabas.com\\\/#website\",\"url\":\"https:\\\/\\\/urquiabas.com\\\/\",\"name\":\"Urqu\u00eda&amp;Bas\",\"description\":\"Corredur\u00eda de seguros | Lleida\",\"publisher\":{\"@id\":\"https:\\\/\\\/urquiabas.com\\\/#organization\"},\"potentialAction\":[{\"@type\":\"SearchAction\",\"target\":{\"@type\":\"EntryPoint\",\"urlTemplate\":\"https:\\\/\\\/urquiabas.com\\\/?s={search_term_string}\"},\"query-input\":{\"@type\":\"PropertyValueSpecification\",\"valueRequired\":true,\"valueName\":\"search_term_string\"}}],\"inLanguage\":\"ca\"},{\"@type\":\"Organization\",\"@id\":\"https:\\\/\\\/urquiabas.com\\\/#organization\",\"name\":\"Urquia & Bas S.L\",\"url\":\"https:\\\/\\\/urquiabas.com\\\/\",\"logo\":{\"@type\":\"ImageObject\",\"inLanguage\":\"ca\",\"@id\":\"https:\\\/\\\/urquiabas.com\\\/#\\\/schema\\\/logo\\\/image\\\/\",\"url\":\"https:\\\/\\\/urquiabas.com\\\/wp-content\\\/uploads\\\/2018\\\/03\\\/logoubmail2018.jpg\",\"contentUrl\":\"https:\\\/\\\/urquiabas.com\\\/wp-content\\\/uploads\\\/2018\\\/03\\\/logoubmail2018.jpg\",\"width\":258,\"height\":61,\"caption\":\"Urquia & Bas S.L\"},\"image\":{\"@id\":\"https:\\\/\\\/urquiabas.com\\\/#\\\/schema\\\/logo\\\/image\\\/\"},\"sameAs\":[\"https:\\\/\\\/www.facebook.com\\\/UrquiaBas\\\/\",\"https:\\\/\\\/x.com\\\/BasUrquia\",\"https:\\\/\\\/www.instagram.com\\\/urquiabas\\\/\",\"https:\\\/\\\/www.linkedin.com\\\/company\\\/3125928\\\/\"]}]}<\/script>\n<!-- \/ Yoast SEO plugin. -->","yoast_head_json":{"title":"Canal de den\u00fancies - Urqu\u00eda&amp;Bas","robots":{"index":"index","follow":"follow","max-snippet":"max-snippet:-1","max-image-preview":"max-image-preview:large","max-video-preview":"max-video-preview:-1"},"canonical":"https:\/\/urquiabas.com\/ca\/sistema-intern-dinformacio\/","og_locale":"ca_ES","og_type":"article","og_title":"Canal de den\u00fancies - Urqu\u00eda&amp;Bas","og_description":"A Urquia&amp;Bas Corredur\u00eda de Seguros, SL comptem amb un Protocol Intern de Report per acatar la Llei 2\/2023, de 20 de febrer, que regula la protecci\u00f3 dels denunciants d&#8217;infraccions normatives i combat la corrupci\u00f3. Aquest protocol est\u00e0 dissenyat per identificar preco\u00e7ment qualsevol anomalia dins de l&#8217;empresa i establir accions preventives que evitin futures transgressions, afavorint [&hellip;]","og_url":"https:\/\/urquiabas.com\/ca\/sistema-intern-dinformacio\/","og_site_name":"Urqu\u00eda&amp;Bas","article_publisher":"https:\/\/www.facebook.com\/UrquiaBas\/","article_modified_time":"2024-05-13T08:53:42+00:00","og_image":[{"width":1080,"height":1920,"url":"https:\/\/urquiabas.com\/wp-content\/uploads\/2024\/02\/home-xs.jpg","type":"image\/jpeg"}],"twitter_card":"summary_large_image","twitter_site":"@BasUrquia","twitter_misc":{"Temps estimat de lectura":"1 minut"},"schema":{"@context":"https:\/\/schema.org","@graph":[{"@type":"WebPage","@id":"https:\/\/urquiabas.com\/ca\/sistema-intern-dinformacio\/","url":"https:\/\/urquiabas.com\/ca\/sistema-intern-dinformacio\/","name":"Canal de den\u00fancies - Urqu\u00eda&amp;Bas","isPartOf":{"@id":"https:\/\/urquiabas.com\/#website"},"primaryImageOfPage":{"@id":"https:\/\/urquiabas.com\/ca\/sistema-intern-dinformacio\/#primaryimage"},"image":{"@id":"https:\/\/urquiabas.com\/ca\/sistema-intern-dinformacio\/#primaryimage"},"thumbnailUrl":"https:\/\/urquiabas.com\/wp-content\/uploads\/2024\/02\/home-xs.jpg","datePublished":"2024-05-13T08:30:53+00:00","dateModified":"2024-05-13T08:53:42+00:00","breadcrumb":{"@id":"https:\/\/urquiabas.com\/ca\/sistema-intern-dinformacio\/#breadcrumb"},"inLanguage":"ca","potentialAction":[{"@type":"ReadAction","target":["https:\/\/urquiabas.com\/ca\/sistema-intern-dinformacio\/"]}]},{"@type":"ImageObject","inLanguage":"ca","@id":"https:\/\/urquiabas.com\/ca\/sistema-intern-dinformacio\/#primaryimage","url":"https:\/\/urquiabas.com\/wp-content\/uploads\/2024\/02\/home-xs.jpg","contentUrl":"https:\/\/urquiabas.com\/wp-content\/uploads\/2024\/02\/home-xs.jpg","width":1080,"height":1920},{"@type":"BreadcrumbList","@id":"https:\/\/urquiabas.com\/ca\/sistema-intern-dinformacio\/#breadcrumb","itemListElement":[{"@type":"ListItem","position":1,"name":"Portada","item":"https:\/\/urquiabas.com\/"},{"@type":"ListItem","position":2,"name":"Canal de den\u00fancies"}]},{"@type":"WebSite","@id":"https:\/\/urquiabas.com\/#website","url":"https:\/\/urquiabas.com\/","name":"Urqu\u00eda&amp;Bas","description":"Corredur\u00eda de seguros | Lleida","publisher":{"@id":"https:\/\/urquiabas.com\/#organization"},"potentialAction":[{"@type":"SearchAction","target":{"@type":"EntryPoint","urlTemplate":"https:\/\/urquiabas.com\/?s={search_term_string}"},"query-input":{"@type":"PropertyValueSpecification","valueRequired":true,"valueName":"search_term_string"}}],"inLanguage":"ca"},{"@type":"Organization","@id":"https:\/\/urquiabas.com\/#organization","name":"Urquia & Bas S.L","url":"https:\/\/urquiabas.com\/","logo":{"@type":"ImageObject","inLanguage":"ca","@id":"https:\/\/urquiabas.com\/#\/schema\/logo\/image\/","url":"https:\/\/urquiabas.com\/wp-content\/uploads\/2018\/03\/logoubmail2018.jpg","contentUrl":"https:\/\/urquiabas.com\/wp-content\/uploads\/2018\/03\/logoubmail2018.jpg","width":258,"height":61,"caption":"Urquia & Bas S.L"},"image":{"@id":"https:\/\/urquiabas.com\/#\/schema\/logo\/image\/"},"sameAs":["https:\/\/www.facebook.com\/UrquiaBas\/","https:\/\/x.com\/BasUrquia","https:\/\/www.instagram.com\/urquiabas\/","https:\/\/www.linkedin.com\/company\/3125928\/"]}]}},"_links":{"self":[{"href":"https:\/\/urquiabas.com\/ca\/wp-json\/wp\/v2\/pages\/21164","targetHints":{"allow":["GET"]}}],"collection":[{"href":"https:\/\/urquiabas.com\/ca\/wp-json\/wp\/v2\/pages"}],"about":[{"href":"https:\/\/urquiabas.com\/ca\/wp-json\/wp\/v2\/types\/page"}],"author":[{"embeddable":true,"href":"https:\/\/urquiabas.com\/ca\/wp-json\/wp\/v2\/users\/5"}],"replies":[{"embeddable":true,"href":"https:\/\/urquiabas.com\/ca\/wp-json\/wp\/v2\/comments?post=21164"}],"version-history":[{"count":0,"href":"https:\/\/urquiabas.com\/ca\/wp-json\/wp\/v2\/pages\/21164\/revisions"}],"wp:featuredmedia":[{"embeddable":true,"href":"https:\/\/urquiabas.com\/ca\/wp-json\/wp\/v2\/media\/21015"}],"wp:attachment":[{"href":"https:\/\/urquiabas.com\/ca\/wp-json\/wp\/v2\/media?parent=21164"}],"curies":[{"name":"wp","href":"https:\/\/api.w.org\/{rel}","templated":true}]}}