{"id":21245,"date":"2024-06-17T11:27:44","date_gmt":"2024-06-17T09:27:44","guid":{"rendered":"https:\/\/urquiabas.com\/rc-per-a-funcionaris-de-ladministracio\/"},"modified":"2025-12-03T10:29:15","modified_gmt":"2025-12-03T09:29:15","slug":"rc-per-a-funcionaris-de-ladministracio","status":"publish","type":"page","link":"https:\/\/urquiabas.com\/ca\/rc-per-a-funcionaris-de-ladministracio\/","title":{"rendered":"RC per a Funcionaris de l&#8217;Administraci\u00f3"},"content":{"rendered":"\t\t<div data-elementor-type=\"wp-page\" data-elementor-id=\"21245\" class=\"elementor elementor-21245 elementor-21226\" data-elementor-post-type=\"page\">\n\t\t\t\t<div class=\"elementor-element elementor-element-6050c141 e-flex e-con-boxed e-con e-parent\" data-id=\"6050c141\" data-element_type=\"container\" data-e-type=\"container\">\n\t\t\t\t\t<div class=\"e-con-inner\">\n\t\t<div class=\"elementor-element elementor-element-4abc3b4 e-grid e-con-full e-con e-child\" data-id=\"4abc3b4\" data-element_type=\"container\" data-e-type=\"container\" data-settings=\"{&quot;background_background&quot;:&quot;classic&quot;}\">\n\t\t<div class=\"elementor-element elementor-element-514080f e-con-full e-flex e-con e-child\" data-id=\"514080f\" data-element_type=\"container\" data-e-type=\"container\" data-settings=\"{&quot;background_background&quot;:&quot;classic&quot;}\">\n\t\t\t\t<div class=\"elementor-element elementor-element-54c7029 elementor-align-center elementor-widget__width-inherit elementor-widget elementor-widget-button\" data-id=\"54c7029\" data-element_type=\"widget\" data-e-type=\"widget\" data-widget_type=\"button.default\">\n\t\t\t\t\t\t\t\t\t\t<a class=\"elementor-button elementor-button-link elementor-size-sm\" href=\"https:\/\/urquiabas.com\/ca\/seguro-responsabilidad-civil-funcionarios-administracion-local\/\">\n\t\t\t\t\t\t<span class=\"elementor-button-content-wrapper\">\n\t\t\t\t\t\t\t\t\t<span class=\"elementor-button-text\">Administraci\u00f3 Local (S.I.T.A.L.)<\/span>\n\t\t\t\t\t<\/span>\n\t\t\t\t\t<\/a>\n\t\t\t\t\t\t\t\t<\/div>\n\t\t\t\t<\/div>\n\t\t<div class=\"elementor-element elementor-element-2d114e5 e-con-full e-flex e-con e-child\" data-id=\"2d114e5\" data-element_type=\"container\" data-e-type=\"container\" data-settings=\"{&quot;background_background&quot;:&quot;classic&quot;}\">\n\t\t\t\t<div class=\"elementor-element elementor-element-7c81a80 elementor-align-center elementor-widget__width-inherit elementor-widget elementor-widget-button\" data-id=\"7c81a80\" data-element_type=\"widget\" data-e-type=\"widget\" data-widget_type=\"button.default\">\n\t\t\t\t\t\t\t\t\t\t<a class=\"elementor-button elementor-button-link elementor-size-sm\" href=\"https:\/\/urquiabas.com\/ca\/seguro-responsabilidad-civil-funcionarios-administracion-general-del-estado-y-autonomica\/\">\n\t\t\t\t\t\t<span class=\"elementor-button-content-wrapper\">\n\t\t\t\t\t\t\t\t\t<span class=\"elementor-button-text\">Administraci\u00f3 General de l'Estat i Auton\u00f3mica<\/span>\n\t\t\t\t\t<\/span>\n\t\t\t\t\t<\/a>\n\t\t\t\t\t\t\t\t<\/div>\n\t\t\t\t<\/div>\n\t\t\t\t<\/div>\n\t\t\t\t<div class=\"elementor-element elementor-element-631f1968 elementor-widget elementor-widget-text-editor\" data-id=\"631f1968\" data-element_type=\"widget\" data-e-type=\"widget\" data-widget_type=\"text-editor.default\">\n\t\t\t\t\t\t\t\t\t\n<div class=\"grid grid-cols-1 sm:grid-cols-2 md:grid-cols-2 lg:grid-cols-2 xl:grid-cols-2 2xl:grid-cols-2 gap-4 pb-8\">\n<div class=\"w-full h-fit relative aspect-video xl:aspect-square 2xl:aspect-video\">\n<div class=\"cursor-pointer absolute w-full h-full bg-urquia_tertiary p-8 text-left\">\u00a0<\/div>\n<\/div>\n<div class=\"w-full h-fit relative aspect-video xl:aspect-square 2xl:aspect-video\">\n<div class=\"cursor-pointer absolute w-full h-full bg-urquia_tertiary p-8 text-left\">\n<h2 class=\"text-white lg:text-2xl 2xl:text-3xl font-bold\">A qui va dirigit?<\/h2>\n<\/div>\n<\/div>\n<\/div>\n\n<p>A Urquia&amp;Bas, entenem la import\u00e0ncia de protegir els funcionaris de l&#8217;administraci\u00f3 p\u00fablica davant de possibles reclamacions derivades de la seva tasca professional.<\/p>\n\n<p>La nostra asseguran\u00e7a de responsabilitat civil est\u00e0 dissenyada espec\u00edficament per brindar cobertura a aquells que exerceixen funcions tant en els cossos generals i especials de l&#8217;administraci\u00f3, com en l&#8217;administraci\u00f3 local. Aquesta asseguran\u00e7a no nom\u00e9s ofereix protecci\u00f3 davant d&#8217;errors professionals que puguin causar perjudicis econ\u00f2mics a tercers o a la pr\u00f2pia administraci\u00f3, sin\u00f3 que tamb\u00e9 permet als assegurats defensar els seus drets.<\/p>\n\n<p>Descobreix m\u00e9s sobre les nostres p\u00f2lisses dissenyades a mida per a funcionaris de l&#8217;administraci\u00f3 i protegeix la teva carrera amb la tranquil\u00b7litat que mereixes.<\/p>\n\t\t\t\t\t\t\t\t<\/div>\n\t\t\t\t\t<\/div>\n\t\t\t\t<\/div>\n\t\t\t\t<\/div>\n\t\t","protected":false},"excerpt":{"rendered":"<p>Administraci\u00f3 Local (S.I.T.A.L.) Administraci\u00f3 General de l&#8217;Estat i Auton\u00f3mica \u00a0 A qui va dirigit? A Urquia&amp;Bas, entenem la import\u00e0ncia de protegir els funcionaris de l&#8217;administraci\u00f3 p\u00fablica davant de possibles reclamacions derivades de la seva tasca professional. La nostra asseguran\u00e7a de responsabilitat civil est\u00e0 dissenyada espec\u00edficament per brindar cobertura a aquells que exerceixen funcions tant en [&hellip;]<\/p>\n","protected":false},"author":5,"featured_media":21231,"parent":0,"menu_order":0,"comment_status":"closed","ping_status":"closed","template":"","meta":{"_acf_changed":false,"inline_featured_image":false,"footnotes":""},"class_list":["post-21245","page","type-page","status-publish","has-post-thumbnail","hentry"],"acf":{"titulo":"Asseguran\u00e7a de Responsabilitat Civil per a Funcionaris de l'Administraci\u00f3 P\u00fablica","contacte":"ramon","id_nex":""},"yoast_head":"<!-- This site is optimized with the Yoast SEO plugin v27.4 - https:\/\/yoast.com\/product\/yoast-seo-wordpress\/ -->\n<title>RC per a Funcionaris de l&#039;Administraci\u00f3 - Urqu\u00eda&amp;Bas<\/title>\n<meta name=\"robots\" content=\"index, follow, max-snippet:-1, max-image-preview:large, max-video-preview:-1\" \/>\n<link rel=\"canonical\" href=\"https:\/\/urquiabas.com\/ca\/rc-per-a-funcionaris-de-ladministracio\/\" \/>\n<meta property=\"og:locale\" content=\"ca_ES\" \/>\n<meta property=\"og:type\" content=\"article\" \/>\n<meta property=\"og:title\" content=\"RC per a Funcionaris de l&#039;Administraci\u00f3 - Urqu\u00eda&amp;Bas\" \/>\n<meta property=\"og:description\" content=\"Administraci\u00f3 Local (S.I.T.A.L.) Administraci\u00f3 General de l&#8217;Estat i Auton\u00f3mica \u00a0 A qui va dirigit? A Urquia&amp;Bas, entenem la import\u00e0ncia de protegir els funcionaris de l&#8217;administraci\u00f3 p\u00fablica davant de possibles reclamacions derivades de la seva tasca professional. La nostra asseguran\u00e7a de responsabilitat civil est\u00e0 dissenyada espec\u00edficament per brindar cobertura a aquells que exerceixen funcions tant en [&hellip;]\" \/>\n<meta property=\"og:url\" content=\"https:\/\/urquiabas.com\/ca\/rc-per-a-funcionaris-de-ladministracio\/\" \/>\n<meta property=\"og:site_name\" content=\"Urqu\u00eda&amp;Bas\" \/>\n<meta property=\"article:publisher\" content=\"https:\/\/www.facebook.com\/UrquiaBas\/\" \/>\n<meta property=\"article:modified_time\" content=\"2025-12-03T09:29:15+00:00\" \/>\n<meta property=\"og:image\" content=\"https:\/\/urquiabas.com\/wp-content\/uploads\/2024\/06\/radowan-nakif-rehan-79g15d8oo4M-unsplash-scaled.jpg\" \/>\n\t<meta property=\"og:image:width\" content=\"2560\" \/>\n\t<meta property=\"og:image:height\" content=\"1913\" \/>\n\t<meta property=\"og:image:type\" content=\"image\/jpeg\" \/>\n<meta name=\"twitter:card\" content=\"summary_large_image\" \/>\n<meta name=\"twitter:site\" content=\"@BasUrquia\" \/>\n<meta name=\"twitter:label1\" content=\"Temps estimat de lectura\" \/>\n\t<meta name=\"twitter:data1\" content=\"1 minut\" \/>\n<script type=\"application\/ld+json\" class=\"yoast-schema-graph\">{\"@context\":\"https:\\\/\\\/schema.org\",\"@graph\":[{\"@type\":\"WebPage\",\"@id\":\"https:\\\/\\\/urquiabas.com\\\/ca\\\/rc-per-a-funcionaris-de-ladministracio\\\/\",\"url\":\"https:\\\/\\\/urquiabas.com\\\/ca\\\/rc-per-a-funcionaris-de-ladministracio\\\/\",\"name\":\"RC per a Funcionaris de l'Administraci\u00f3 - Urqu\u00eda&amp;Bas\",\"isPartOf\":{\"@id\":\"https:\\\/\\\/urquiabas.com\\\/#website\"},\"primaryImageOfPage\":{\"@id\":\"https:\\\/\\\/urquiabas.com\\\/ca\\\/rc-per-a-funcionaris-de-ladministracio\\\/#primaryimage\"},\"image\":{\"@id\":\"https:\\\/\\\/urquiabas.com\\\/ca\\\/rc-per-a-funcionaris-de-ladministracio\\\/#primaryimage\"},\"thumbnailUrl\":\"https:\\\/\\\/urquiabas.com\\\/wp-content\\\/uploads\\\/2024\\\/06\\\/radowan-nakif-rehan-79g15d8oo4M-unsplash-scaled.jpg\",\"datePublished\":\"2024-06-17T09:27:44+00:00\",\"dateModified\":\"2025-12-03T09:29:15+00:00\",\"breadcrumb\":{\"@id\":\"https:\\\/\\\/urquiabas.com\\\/ca\\\/rc-per-a-funcionaris-de-ladministracio\\\/#breadcrumb\"},\"inLanguage\":\"ca\",\"potentialAction\":[{\"@type\":\"ReadAction\",\"target\":[\"https:\\\/\\\/urquiabas.com\\\/ca\\\/rc-per-a-funcionaris-de-ladministracio\\\/\"]}]},{\"@type\":\"ImageObject\",\"inLanguage\":\"ca\",\"@id\":\"https:\\\/\\\/urquiabas.com\\\/ca\\\/rc-per-a-funcionaris-de-ladministracio\\\/#primaryimage\",\"url\":\"https:\\\/\\\/urquiabas.com\\\/wp-content\\\/uploads\\\/2024\\\/06\\\/radowan-nakif-rehan-79g15d8oo4M-unsplash-scaled.jpg\",\"contentUrl\":\"https:\\\/\\\/urquiabas.com\\\/wp-content\\\/uploads\\\/2024\\\/06\\\/radowan-nakif-rehan-79g15d8oo4M-unsplash-scaled.jpg\",\"width\":2560,\"height\":1913},{\"@type\":\"BreadcrumbList\",\"@id\":\"https:\\\/\\\/urquiabas.com\\\/ca\\\/rc-per-a-funcionaris-de-ladministracio\\\/#breadcrumb\",\"itemListElement\":[{\"@type\":\"ListItem\",\"position\":1,\"name\":\"Portada\",\"item\":\"https:\\\/\\\/urquiabas.com\\\/\"},{\"@type\":\"ListItem\",\"position\":2,\"name\":\"RC per a Funcionaris de l&#8217;Administraci\u00f3\"}]},{\"@type\":\"WebSite\",\"@id\":\"https:\\\/\\\/urquiabas.com\\\/#website\",\"url\":\"https:\\\/\\\/urquiabas.com\\\/\",\"name\":\"Urqu\u00eda&amp;Bas\",\"description\":\"Corredur\u00eda de seguros | Lleida\",\"publisher\":{\"@id\":\"https:\\\/\\\/urquiabas.com\\\/#organization\"},\"potentialAction\":[{\"@type\":\"SearchAction\",\"target\":{\"@type\":\"EntryPoint\",\"urlTemplate\":\"https:\\\/\\\/urquiabas.com\\\/?s={search_term_string}\"},\"query-input\":{\"@type\":\"PropertyValueSpecification\",\"valueRequired\":true,\"valueName\":\"search_term_string\"}}],\"inLanguage\":\"ca\"},{\"@type\":\"Organization\",\"@id\":\"https:\\\/\\\/urquiabas.com\\\/#organization\",\"name\":\"Urquia & Bas S.L\",\"url\":\"https:\\\/\\\/urquiabas.com\\\/\",\"logo\":{\"@type\":\"ImageObject\",\"inLanguage\":\"ca\",\"@id\":\"https:\\\/\\\/urquiabas.com\\\/#\\\/schema\\\/logo\\\/image\\\/\",\"url\":\"https:\\\/\\\/urquiabas.com\\\/wp-content\\\/uploads\\\/2018\\\/03\\\/logoubmail2018.jpg\",\"contentUrl\":\"https:\\\/\\\/urquiabas.com\\\/wp-content\\\/uploads\\\/2018\\\/03\\\/logoubmail2018.jpg\",\"width\":258,\"height\":61,\"caption\":\"Urquia & Bas S.L\"},\"image\":{\"@id\":\"https:\\\/\\\/urquiabas.com\\\/#\\\/schema\\\/logo\\\/image\\\/\"},\"sameAs\":[\"https:\\\/\\\/www.facebook.com\\\/UrquiaBas\\\/\",\"https:\\\/\\\/x.com\\\/BasUrquia\",\"https:\\\/\\\/www.instagram.com\\\/urquiabas\\\/\",\"https:\\\/\\\/www.linkedin.com\\\/company\\\/3125928\\\/\"]}]}<\/script>\n<!-- \/ Yoast SEO plugin. -->","yoast_head_json":{"title":"RC per a Funcionaris de l'Administraci\u00f3 - Urqu\u00eda&amp;Bas","robots":{"index":"index","follow":"follow","max-snippet":"max-snippet:-1","max-image-preview":"max-image-preview:large","max-video-preview":"max-video-preview:-1"},"canonical":"https:\/\/urquiabas.com\/ca\/rc-per-a-funcionaris-de-ladministracio\/","og_locale":"ca_ES","og_type":"article","og_title":"RC per a Funcionaris de l'Administraci\u00f3 - Urqu\u00eda&amp;Bas","og_description":"Administraci\u00f3 Local (S.I.T.A.L.) Administraci\u00f3 General de l&#8217;Estat i Auton\u00f3mica \u00a0 A qui va dirigit? A Urquia&amp;Bas, entenem la import\u00e0ncia de protegir els funcionaris de l&#8217;administraci\u00f3 p\u00fablica davant de possibles reclamacions derivades de la seva tasca professional. La nostra asseguran\u00e7a de responsabilitat civil est\u00e0 dissenyada espec\u00edficament per brindar cobertura a aquells que exerceixen funcions tant en [&hellip;]","og_url":"https:\/\/urquiabas.com\/ca\/rc-per-a-funcionaris-de-ladministracio\/","og_site_name":"Urqu\u00eda&amp;Bas","article_publisher":"https:\/\/www.facebook.com\/UrquiaBas\/","article_modified_time":"2025-12-03T09:29:15+00:00","og_image":[{"width":2560,"height":1913,"url":"https:\/\/urquiabas.com\/wp-content\/uploads\/2024\/06\/radowan-nakif-rehan-79g15d8oo4M-unsplash-scaled.jpg","type":"image\/jpeg"}],"twitter_card":"summary_large_image","twitter_site":"@BasUrquia","twitter_misc":{"Temps estimat de lectura":"1 minut"},"schema":{"@context":"https:\/\/schema.org","@graph":[{"@type":"WebPage","@id":"https:\/\/urquiabas.com\/ca\/rc-per-a-funcionaris-de-ladministracio\/","url":"https:\/\/urquiabas.com\/ca\/rc-per-a-funcionaris-de-ladministracio\/","name":"RC per a Funcionaris de l'Administraci\u00f3 - Urqu\u00eda&amp;Bas","isPartOf":{"@id":"https:\/\/urquiabas.com\/#website"},"primaryImageOfPage":{"@id":"https:\/\/urquiabas.com\/ca\/rc-per-a-funcionaris-de-ladministracio\/#primaryimage"},"image":{"@id":"https:\/\/urquiabas.com\/ca\/rc-per-a-funcionaris-de-ladministracio\/#primaryimage"},"thumbnailUrl":"https:\/\/urquiabas.com\/wp-content\/uploads\/2024\/06\/radowan-nakif-rehan-79g15d8oo4M-unsplash-scaled.jpg","datePublished":"2024-06-17T09:27:44+00:00","dateModified":"2025-12-03T09:29:15+00:00","breadcrumb":{"@id":"https:\/\/urquiabas.com\/ca\/rc-per-a-funcionaris-de-ladministracio\/#breadcrumb"},"inLanguage":"ca","potentialAction":[{"@type":"ReadAction","target":["https:\/\/urquiabas.com\/ca\/rc-per-a-funcionaris-de-ladministracio\/"]}]},{"@type":"ImageObject","inLanguage":"ca","@id":"https:\/\/urquiabas.com\/ca\/rc-per-a-funcionaris-de-ladministracio\/#primaryimage","url":"https:\/\/urquiabas.com\/wp-content\/uploads\/2024\/06\/radowan-nakif-rehan-79g15d8oo4M-unsplash-scaled.jpg","contentUrl":"https:\/\/urquiabas.com\/wp-content\/uploads\/2024\/06\/radowan-nakif-rehan-79g15d8oo4M-unsplash-scaled.jpg","width":2560,"height":1913},{"@type":"BreadcrumbList","@id":"https:\/\/urquiabas.com\/ca\/rc-per-a-funcionaris-de-ladministracio\/#breadcrumb","itemListElement":[{"@type":"ListItem","position":1,"name":"Portada","item":"https:\/\/urquiabas.com\/"},{"@type":"ListItem","position":2,"name":"RC per a Funcionaris de l&#8217;Administraci\u00f3"}]},{"@type":"WebSite","@id":"https:\/\/urquiabas.com\/#website","url":"https:\/\/urquiabas.com\/","name":"Urqu\u00eda&amp;Bas","description":"Corredur\u00eda de seguros | Lleida","publisher":{"@id":"https:\/\/urquiabas.com\/#organization"},"potentialAction":[{"@type":"SearchAction","target":{"@type":"EntryPoint","urlTemplate":"https:\/\/urquiabas.com\/?s={search_term_string}"},"query-input":{"@type":"PropertyValueSpecification","valueRequired":true,"valueName":"search_term_string"}}],"inLanguage":"ca"},{"@type":"Organization","@id":"https:\/\/urquiabas.com\/#organization","name":"Urquia & Bas S.L","url":"https:\/\/urquiabas.com\/","logo":{"@type":"ImageObject","inLanguage":"ca","@id":"https:\/\/urquiabas.com\/#\/schema\/logo\/image\/","url":"https:\/\/urquiabas.com\/wp-content\/uploads\/2018\/03\/logoubmail2018.jpg","contentUrl":"https:\/\/urquiabas.com\/wp-content\/uploads\/2018\/03\/logoubmail2018.jpg","width":258,"height":61,"caption":"Urquia & Bas S.L"},"image":{"@id":"https:\/\/urquiabas.com\/#\/schema\/logo\/image\/"},"sameAs":["https:\/\/www.facebook.com\/UrquiaBas\/","https:\/\/x.com\/BasUrquia","https:\/\/www.instagram.com\/urquiabas\/","https:\/\/www.linkedin.com\/company\/3125928\/"]}]}},"_links":{"self":[{"href":"https:\/\/urquiabas.com\/ca\/wp-json\/wp\/v2\/pages\/21245","targetHints":{"allow":["GET"]}}],"collection":[{"href":"https:\/\/urquiabas.com\/ca\/wp-json\/wp\/v2\/pages"}],"about":[{"href":"https:\/\/urquiabas.com\/ca\/wp-json\/wp\/v2\/types\/page"}],"author":[{"embeddable":true,"href":"https:\/\/urquiabas.com\/ca\/wp-json\/wp\/v2\/users\/5"}],"replies":[{"embeddable":true,"href":"https:\/\/urquiabas.com\/ca\/wp-json\/wp\/v2\/comments?post=21245"}],"version-history":[{"count":0,"href":"https:\/\/urquiabas.com\/ca\/wp-json\/wp\/v2\/pages\/21245\/revisions"}],"wp:featuredmedia":[{"embeddable":true,"href":"https:\/\/urquiabas.com\/ca\/wp-json\/wp\/v2\/media\/21231"}],"wp:attachment":[{"href":"https:\/\/urquiabas.com\/ca\/wp-json\/wp\/v2\/media?parent=21245"}],"curies":[{"name":"wp","href":"https:\/\/api.w.org\/{rel}","templated":true}]}}