{"id":21600,"date":"2024-10-30T13:56:58","date_gmt":"2024-10-30T12:56:58","guid":{"rendered":"https:\/\/urquiabas.com\/treballa-amb-nosaltres\/"},"modified":"2025-12-02T12:26:17","modified_gmt":"2025-12-02T11:26:17","slug":"treballa-amb-nosaltres","status":"publish","type":"page","link":"https:\/\/urquiabas.com\/ca\/treballa-amb-nosaltres\/","title":{"rendered":"Treballa amb nosaltres"},"content":{"rendered":"\t\t<div data-elementor-type=\"wp-page\" data-elementor-id=\"21600\" class=\"elementor elementor-21600 elementor-21390\" data-elementor-post-type=\"page\">\n\t\t\t\t<div class=\"elementor-element elementor-element-68a1e8da e-flex e-con-boxed e-con e-parent\" data-id=\"68a1e8da\" data-element_type=\"container\" data-e-type=\"container\">\n\t\t\t\t\t<div class=\"e-con-inner\">\n\t\t\t\t<div class=\"elementor-element elementor-element-729354fb elementor-widget elementor-widget-text-editor\" data-id=\"729354fb\" data-element_type=\"widget\" data-e-type=\"widget\" data-widget_type=\"text-editor.default\">\n\t\t\t\t\t\t\t\t\t\n<h2 class=\"wp-block-heading text-urquia_primary\">A Urquia&amp;Bas estem oberts a nou talent.<\/h2>\n\n<p>A <strong>Urquia&amp;Bas<\/strong> , l&#8217;\u00e8xit \u00e9s el resultat de l&#8217;esfor\u00e7 i el talent de les persones que formen part del nostre equip. Si ets una persona apassionada, flexible, orientada al client i amb un gran enfocament a la innovaci\u00f3, volem comptar amb tu per seguir la nostra missi\u00f3: oferir les millors solucions asseguradores adaptades a un m\u00f3n en constant evoluci\u00f3. <\/p>\n\n<h3 class=\"wp-block-heading text-urquia_primary\">Qui som?<\/h3>\n\n<p>Ens presentem. Som <g id=\"gid_0\">Urquia&amp;Bas<\/g> , una corredoria d&#8217;assegurances amb m\u00e9s de 40 anys d&#8217;experi\u00e8ncia, especialitzada a oferir serveis personalitzats a empreses, col\u00b7lectius i particulars. La nostra estrat\u00e8gia \u00e9s continuar creixent mentre mantenim una cultura propera, flexible i compromesa amb l&#8217;aprenentatge continu.  <\/p>\n\n<h3 class=\"wp-block-heading text-urquia_primary\">Com treballem?<\/h3>\n\n<p>A <strong>Urquia&amp;Bas<\/strong> , formem part d&#8217;un projecte com\u00fa que constru\u00efm amb dedicaci\u00f3 i proximitat. Apostem per la col\u00b7laboraci\u00f3 i escolta activa, on totes les opinions compten. Ens caracteritzem per un ambient inclusiu i flexible, on confiem en la responsabilitat individual per gestionar el temps i el treball.  <\/p>\n\n<p>Oferim flexibilitat hor\u00e0ria, opcions de teletreball i un pla de retribuci\u00f3 ajustat a les vostres necessitats. Aqu\u00ed, el teu creixement no t\u00e9 l\u00edmits: ser\u00e0s l&#8217;amo del teu desenvolupament professional, basat en l&#8217;esfor\u00e7 i la meritocr\u00e0cia. <\/p>\n\n<h3 class=\"wp-block-heading text-urquia_primary block mt-10\">Qu\u00e8 oferim? Qu\u00e8 millor que els teus futurs companys t&#8217;expliquin qu\u00e8 \u00e9s per a ells el millor d&#8217;Urquia&amp;Bas!  <\/h3>\n\t\t\t\t\t\t\t\t<\/div>\n\t\t<div class=\"elementor-element elementor-element-0542587 e-con-full e-flex e-con e-child\" data-id=\"0542587\" data-element_type=\"container\" data-e-type=\"container\" data-settings=\"{&quot;background_background&quot;:&quot;classic&quot;}\">\n\t\t\t\t<div class=\"elementor-element elementor-element-8ae382a elementor-widget elementor-widget-html\" data-id=\"8ae382a\" data-element_type=\"widget\" data-e-type=\"widget\" data-widget_type=\"html.default\">\n\t\t\t\t\t<style>.chat-container {\n        display: flex;\n        flex-direction: column;\n        gap: 1rem;\n        padding: 2rem;\n        background-color: #e5ddd5; \/* Color de fons estil WhatsApp *\/\n        margin-bottom: 2rem;\n        max-width: 100%;\n        font-family: -apple-system, BlinkMacSystemFont, 'Segoe UI', Roboto, 'Helvetica Neue', Arial, sans-serif;\n    }\n\n    \/* Per pantalles grans *\/\n    @media (min-width: 1280px) {\n        .chat-container {\n            padding: 4rem;\n        }\n    }\n\n    \/* Bombolla esquerra *\/\n    .message-left {\n        display: flex;\n        align-items: flex-start;\n        gap: 0.625rem;\n        margin-bottom: 1rem;\n    }\n\n    \/* Bombolla dreta *\/\n    .message-right {\n        display: flex;\n        align-items: flex-start;\n        gap: 0.625rem;\n        justify-content: flex-end;\n        margin-bottom: 1rem;\n    }\n\n    \/* Imatge de perfil *\/\n    .profile-image {\n        width: 60px;\n        height: 60px;\n        border-radius: 50%;\n        object-fit: cover;\n        object-position: top;\n        flex-shrink: 0;\n        display: block;\n        background-color: #f0f0f0;\n    }\n\n    \/* Contenidor de la bombolla *\/\n    .bubble-container {\n        display: flex;\n        flex-direction: column;\n        gap: 0;\n        max-width: 70%;\n    }\n\n    @media (max-width: 768px) {\n        .bubble-container {\n            max-width: 85%;\n        }\n    }\n\n    \/* Bombolla de missatge esquerra *\/\n    .bubble-left {\n        position: relative;\n        display: flex;\n        flex-direction: column;\n        width: 100%;\n        line-height: 1.5;\n        padding: 1rem;\n        background-color: #ffffff;\n        border-radius: 0 18px 18px 18px;\n        box-shadow: 0 1px 2px rgba(0, 0, 0, 0.1);\n    }\n\n    \/* Bombolla de missatge dreta *\/\n    .bubble-right {\n        position: relative;\n        display: flex;\n        flex-direction: column;\n        width: 100%;\n        line-height: 1.5;\n        padding: 1rem;\n        background-color: #dcf8c6; \/* Color verd WhatsApp *\/\n        border-radius: 18px 0 18px 18px;\n        box-shadow: 0 1px 2px rgba(0, 0, 0, 0.1);\n    }\n\n    \/* Nom de la persona *\/\n    .sender-name {\n        font-size: 0.75rem;\n        font-weight: bold;\n        color: #111827;\n        margin-bottom: 0.25rem;\n        color: #075e54; \/* Color verd fosc WhatsApp *\/\n    }\n\n    \/* Text del missatge *\/\n    .message-text {\n        font-size: 0.875rem;\n        font-weight: normal;\n        color: #111827;\n        margin: 0;\n        padding-bottom: 0.5rem;\n    }\n\n    \/* Text destacat *\/\n    .highlight-text {\n        color: #ff6b35; \/* Color taronja per destacar - canvia-ho pel teu color primary *\/\n        font-weight: bold;\n    }\n\n    \/* Check de lectura *\/\n    .read-check {\n        position: absolute;\n        bottom: 0.25rem;\n        right: 0.5rem;\n        font-size: 0.875rem;\n        font-weight: normal;\n        color: #34b7f1; \/* Color blau WhatsApp per missatges llegits *\/\n    }\n<\/style><!-- Contenidor de la conversa tipus WhatsApp --><div class=\"chat-container\"><!-- Missatge Carme (esquerra) --><div class=\"message-left\"><img decoding=\"async\" class=\"profile-image\" src=\"https:\/\/urquiabas.com\/wp-content\/uploads\/2023\/11\/BG_Carme-1-200x300.jpg\" alt=\"Carme\"><div class=\"bubble-container\"><div class=\"bubble-left\"><p class=\"sender-name\">Carme<\/p><p class=\"message-text\">Valoro mucho la <strong class=\"highlight-text\">facilidad de comunicarse con direcci\u00f3n<\/strong>, est\u00e1n siempre abiertos a mejorar.<\/p><span class=\"read-check\">\u2713\u2713<\/span><\/div><\/div><\/div><!-- Missatge Yurena (dreta) --><div class=\"message-right\"><div class=\"bubble-container\"><div class=\"bubble-right\"><p class=\"sender-name\">Yurena<\/p><p class=\"message-text\">Me gusta que siempre haya <strong class=\"highlight-text\">formaciones<\/strong> para mejorar en distintos \u00e1mbitos, no s\u00f3lo en el de los seguros.<\/p><span class=\"read-check\">\u2713\u2713<\/span><\/div><\/div><img decoding=\"async\" class=\"profile-image\" src=\"https:\/\/urquiabas.com\/wp-content\/uploads\/2023\/11\/BG_Yurena-2-200x300.jpg\" alt=\"Yurena \u00c1lvarez\"><\/div><!-- Missatge Laura (esquerra) --><div class=\"message-left\"><img decoding=\"async\" class=\"profile-image\" src=\"https:\/\/urquiabas.com\/wp-content\/uploads\/2023\/11\/BG_Laura-1-200x300.jpg\" alt=\"Laura\"><div class=\"bubble-container\"><div class=\"bubble-left\"><p class=\"sender-name\">Laura<\/p><p class=\"message-text\">Una de las cosas que m\u00e1s valoro es el <strong class=\"highlight-text\">compa\u00f1erismo<\/strong> que existe en la oficina.<\/p><span class=\"read-check\">\u2713\u2713<\/span><\/div><\/div><\/div><!-- Missatge Emma (dreta) --><div class=\"message-right\"><div class=\"bubble-container\"><div class=\"bubble-right\"><p class=\"sender-name\">Emma<\/p><p class=\"message-text\">La <strong class=\"highlight-text\">flexibilidad horaria<\/strong> y la comprensi\u00f3n para m\u00ed es lo mejor de Urqu\u00eda&amp;Bas.<\/p><span class=\"read-check\">\u2713\u2713<\/span><\/div><\/div><img decoding=\"async\" class=\"profile-image\" src=\"https:\/\/urquiabas.com\/wp-content\/uploads\/2023\/11\/BG_Emma-e1701077573376.jpg\" alt=\"Emma \u00c1lvarez\"><\/div><!-- Missatge M\u00aa Jos\u00e9 (esquerra) --><div class=\"message-left\"><img decoding=\"async\" class=\"profile-image\" src=\"https:\/\/urquiabas.com\/wp-content\/uploads\/2023\/11\/BG_MJose-200x300.jpg\" alt=\"M\u00aa Jos\u00e9\"><div class=\"bubble-container\"><div class=\"bubble-left\"><p class=\"sender-name\">M\u00aa Jos\u00e9<\/p><p class=\"message-text\">Me gusta que siempre busquen <strong class=\"highlight-text\">soluciones tecnol\u00f3gicas<\/strong> para ayudarnos en las tareas del d\u00eda a d\u00eda.<\/p><span class=\"read-check\">\u2713\u2713<\/span><\/div><\/div><\/div><\/div>\t\t\t\t<\/div>\n\t\t\t\t<\/div>\n\t\t\t\t\t<\/div>\n\t\t\t\t<\/div>\n\t\t<a class=\"elementor-element elementor-element-fe3e920 e-flex e-con-boxed e-con e-parent\" data-id=\"fe3e920\" data-element_type=\"container\" data-e-type=\"container\" href=\"https:\/\/urquiabas.com\/ca\/equip\/\">\n\t\t\t\t\t<div class=\"e-con-inner\">\n\t\t\t\t<div class=\"elementor-element elementor-element-bb76dcc elementor-widget elementor-widget-video\" data-id=\"bb76dcc\" data-element_type=\"widget\" data-e-type=\"widget\" data-settings=\"{&quot;video_type&quot;:&quot;hosted&quot;,&quot;autoplay&quot;:&quot;yes&quot;,&quot;play_on_mobile&quot;:&quot;yes&quot;,&quot;mute&quot;:&quot;yes&quot;,&quot;loop&quot;:&quot;yes&quot;}\" data-widget_type=\"video.default\">\n\t\t\t\t\t\t\t<div class=\"e-hosted-video elementor-wrapper elementor-open-inline\">\n\t\t\t\t\t<video class=\"elementor-video\" src=\"https:\/\/urquiabas.com\/wp-content\/uploads\/2025\/08\/CONOCE.mp4\" autoplay=\"\" loop=\"\" muted=\"muted\" playsinline=\"\" controlsList=\"nodownload\"><\/video>\n\t\t\t\t<\/div>\n\t\t\t\t\t\t<\/div>\n\t\t\t\t\t<\/div>\n\t\t\t\t<\/a>\n\t\t<div class=\"elementor-element elementor-element-af5f6a0 e-flex e-con-boxed e-con e-parent\" data-id=\"af5f6a0\" data-element_type=\"container\" data-e-type=\"container\">\n\t\t\t\t\t<div class=\"e-con-inner\">\n\t\t\t\t<div class=\"elementor-element elementor-element-6360c35 elementor-widget elementor-widget-html\" data-id=\"6360c35\" data-element_type=\"widget\" data-e-type=\"widget\" data-widget_type=\"html.default\">\n\t\t\t\t\t<iframe id=\"tarificador\" class=\"w-full\" src=\"https:\/\/tarificadores.urquiabas.com\/forms\/contacto\/?h=0\" style=\"height:340px\"><\/iframe>\t\t\t\t<\/div>\n\t\t\t\t\t<\/div>\n\t\t\t\t<\/div>\n\t\t\t\t<\/div>\n\t\t","protected":false},"excerpt":{"rendered":"<p>A Urquia&amp;Bas estem oberts a nou talent. A Urquia&amp;Bas , l&#8217;\u00e8xit \u00e9s el resultat de l&#8217;esfor\u00e7 i el talent de les persones que formen part del nostre equip. Si ets una persona apassionada, flexible, orientada al client i amb un gran enfocament a la innovaci\u00f3, volem comptar amb tu per seguir la nostra missi\u00f3: oferir [&hellip;]<\/p>\n","protected":false},"author":5,"featured_media":21484,"parent":0,"menu_order":0,"comment_status":"closed","ping_status":"closed","template":"","meta":{"_acf_changed":false,"inline_featured_image":false,"footnotes":""},"class_list":["post-21600","page","type-page","status-publish","has-post-thumbnail","hentry"],"acf":{"responsable":null,"descripcio_contacte":null,"text_responsable":null,"contacte_responsable_telefon":null,"contacte_responsable_email":null,"foto_responsable":null,"odoo":null,"cta":null},"yoast_head":"<!-- This site is optimized with the Yoast SEO plugin v27.6 - https:\/\/yoast.com\/product\/yoast-seo-wordpress\/ -->\n<title>Treballa amb nosaltres - Urqu\u00eda&amp;Bas<\/title>\n<meta name=\"robots\" content=\"index, follow, max-snippet:-1, max-image-preview:large, max-video-preview:-1\" \/>\n<link rel=\"canonical\" href=\"https:\/\/urquiabas.com\/ca\/treballa-amb-nosaltres\/\" \/>\n<meta property=\"og:locale\" content=\"ca_ES\" \/>\n<meta property=\"og:type\" content=\"article\" \/>\n<meta property=\"og:title\" content=\"Treballa amb nosaltres - Urqu\u00eda&amp;Bas\" \/>\n<meta property=\"og:description\" content=\"A Urquia&amp;Bas estem oberts a nou talent. A Urquia&amp;Bas , l&#8217;\u00e8xit \u00e9s el resultat de l&#8217;esfor\u00e7 i el talent de les persones que formen part del nostre equip. Si ets una persona apassionada, flexible, orientada al client i amb un gran enfocament a la innovaci\u00f3, volem comptar amb tu per seguir la nostra missi\u00f3: oferir [&hellip;]\" \/>\n<meta property=\"og:url\" content=\"https:\/\/urquiabas.com\/ca\/treballa-amb-nosaltres\/\" \/>\n<meta property=\"og:site_name\" content=\"Urqu\u00eda&amp;Bas\" \/>\n<meta property=\"article:publisher\" content=\"https:\/\/www.facebook.com\/UrquiaBas\/\" \/>\n<meta property=\"article:modified_time\" content=\"2025-12-02T11:26:17+00:00\" \/>\n<meta property=\"og:image\" content=\"https:\/\/urquiabas.com\/wp-content\/uploads\/2024\/10\/DSC02192-e1730285710594.jpg\" \/>\n\t<meta property=\"og:image:width\" content=\"2048\" \/>\n\t<meta property=\"og:image:height\" content=\"1365\" \/>\n\t<meta property=\"og:image:type\" content=\"image\/jpeg\" \/>\n<meta name=\"twitter:card\" content=\"summary_large_image\" \/>\n<meta name=\"twitter:site\" content=\"@BasUrquia\" \/>\n<meta name=\"twitter:label1\" content=\"Temps estimat de lectura\" \/>\n\t<meta name=\"twitter:data1\" content=\"2 minuts\" \/>\n<script type=\"application\/ld+json\" class=\"yoast-schema-graph\">{\"@context\":\"https:\\\/\\\/schema.org\",\"@graph\":[{\"@type\":\"WebPage\",\"@id\":\"https:\\\/\\\/urquiabas.com\\\/ca\\\/treballa-amb-nosaltres\\\/\",\"url\":\"https:\\\/\\\/urquiabas.com\\\/ca\\\/treballa-amb-nosaltres\\\/\",\"name\":\"Treballa amb nosaltres - Urqu\u00eda&amp;Bas\",\"isPartOf\":{\"@id\":\"https:\\\/\\\/urquiabas.com\\\/#website\"},\"primaryImageOfPage\":{\"@id\":\"https:\\\/\\\/urquiabas.com\\\/ca\\\/treballa-amb-nosaltres\\\/#primaryimage\"},\"image\":{\"@id\":\"https:\\\/\\\/urquiabas.com\\\/ca\\\/treballa-amb-nosaltres\\\/#primaryimage\"},\"thumbnailUrl\":\"https:\\\/\\\/urquiabas.com\\\/wp-content\\\/uploads\\\/2024\\\/10\\\/DSC02192-e1730285710594.jpg\",\"datePublished\":\"2024-10-30T12:56:58+00:00\",\"dateModified\":\"2025-12-02T11:26:17+00:00\",\"breadcrumb\":{\"@id\":\"https:\\\/\\\/urquiabas.com\\\/ca\\\/treballa-amb-nosaltres\\\/#breadcrumb\"},\"inLanguage\":\"ca\",\"potentialAction\":[{\"@type\":\"ReadAction\",\"target\":[\"https:\\\/\\\/urquiabas.com\\\/ca\\\/treballa-amb-nosaltres\\\/\"]}]},{\"@type\":\"ImageObject\",\"inLanguage\":\"ca\",\"@id\":\"https:\\\/\\\/urquiabas.com\\\/ca\\\/treballa-amb-nosaltres\\\/#primaryimage\",\"url\":\"https:\\\/\\\/urquiabas.com\\\/wp-content\\\/uploads\\\/2024\\\/10\\\/DSC02192-e1730285710594.jpg\",\"contentUrl\":\"https:\\\/\\\/urquiabas.com\\\/wp-content\\\/uploads\\\/2024\\\/10\\\/DSC02192-e1730285710594.jpg\",\"width\":2048,\"height\":1365},{\"@type\":\"BreadcrumbList\",\"@id\":\"https:\\\/\\\/urquiabas.com\\\/ca\\\/treballa-amb-nosaltres\\\/#breadcrumb\",\"itemListElement\":[{\"@type\":\"ListItem\",\"position\":1,\"name\":\"Portada\",\"item\":\"https:\\\/\\\/urquiabas.com\\\/\"},{\"@type\":\"ListItem\",\"position\":2,\"name\":\"Treballa amb nosaltres\"}]},{\"@type\":\"WebSite\",\"@id\":\"https:\\\/\\\/urquiabas.com\\\/#website\",\"url\":\"https:\\\/\\\/urquiabas.com\\\/\",\"name\":\"Urqu\u00eda&amp;Bas\",\"description\":\"Corredur\u00eda de seguros | Lleida\",\"publisher\":{\"@id\":\"https:\\\/\\\/urquiabas.com\\\/#organization\"},\"potentialAction\":[{\"@type\":\"SearchAction\",\"target\":{\"@type\":\"EntryPoint\",\"urlTemplate\":\"https:\\\/\\\/urquiabas.com\\\/?s={search_term_string}\"},\"query-input\":{\"@type\":\"PropertyValueSpecification\",\"valueRequired\":true,\"valueName\":\"search_term_string\"}}],\"inLanguage\":\"ca\"},{\"@type\":\"Organization\",\"@id\":\"https:\\\/\\\/urquiabas.com\\\/#organization\",\"name\":\"Urquia & Bas S.L\",\"url\":\"https:\\\/\\\/urquiabas.com\\\/\",\"logo\":{\"@type\":\"ImageObject\",\"inLanguage\":\"ca\",\"@id\":\"https:\\\/\\\/urquiabas.com\\\/#\\\/schema\\\/logo\\\/image\\\/\",\"url\":\"https:\\\/\\\/urquiabas.com\\\/wp-content\\\/uploads\\\/2026\\\/03\\\/Logo_Positu_FonsTransparent-petit-3.png\",\"contentUrl\":\"https:\\\/\\\/urquiabas.com\\\/wp-content\\\/uploads\\\/2026\\\/03\\\/Logo_Positu_FonsTransparent-petit-3.png\",\"width\":250,\"height\":69,\"caption\":\"Urquia & Bas S.L\"},\"image\":{\"@id\":\"https:\\\/\\\/urquiabas.com\\\/#\\\/schema\\\/logo\\\/image\\\/\"},\"sameAs\":[\"https:\\\/\\\/www.facebook.com\\\/UrquiaBas\\\/\",\"https:\\\/\\\/x.com\\\/BasUrquia\",\"https:\\\/\\\/www.instagram.com\\\/urquiabas\\\/\",\"https:\\\/\\\/www.linkedin.com\\\/company\\\/3125928\\\/\"]}]}<\/script>\n<!-- \/ Yoast SEO plugin. -->","yoast_head_json":{"title":"Treballa amb nosaltres - Urqu\u00eda&amp;Bas","robots":{"index":"index","follow":"follow","max-snippet":"max-snippet:-1","max-image-preview":"max-image-preview:large","max-video-preview":"max-video-preview:-1"},"canonical":"https:\/\/urquiabas.com\/ca\/treballa-amb-nosaltres\/","og_locale":"ca_ES","og_type":"article","og_title":"Treballa amb nosaltres - Urqu\u00eda&amp;Bas","og_description":"A Urquia&amp;Bas estem oberts a nou talent. A Urquia&amp;Bas , l&#8217;\u00e8xit \u00e9s el resultat de l&#8217;esfor\u00e7 i el talent de les persones que formen part del nostre equip. Si ets una persona apassionada, flexible, orientada al client i amb un gran enfocament a la innovaci\u00f3, volem comptar amb tu per seguir la nostra missi\u00f3: oferir [&hellip;]","og_url":"https:\/\/urquiabas.com\/ca\/treballa-amb-nosaltres\/","og_site_name":"Urqu\u00eda&amp;Bas","article_publisher":"https:\/\/www.facebook.com\/UrquiaBas\/","article_modified_time":"2025-12-02T11:26:17+00:00","og_image":[{"width":2048,"height":1365,"url":"https:\/\/urquiabas.com\/wp-content\/uploads\/2024\/10\/DSC02192-e1730285710594.jpg","type":"image\/jpeg"}],"twitter_card":"summary_large_image","twitter_site":"@BasUrquia","twitter_misc":{"Temps estimat de lectura":"2 minuts"},"schema":{"@context":"https:\/\/schema.org","@graph":[{"@type":"WebPage","@id":"https:\/\/urquiabas.com\/ca\/treballa-amb-nosaltres\/","url":"https:\/\/urquiabas.com\/ca\/treballa-amb-nosaltres\/","name":"Treballa amb nosaltres - Urqu\u00eda&amp;Bas","isPartOf":{"@id":"https:\/\/urquiabas.com\/#website"},"primaryImageOfPage":{"@id":"https:\/\/urquiabas.com\/ca\/treballa-amb-nosaltres\/#primaryimage"},"image":{"@id":"https:\/\/urquiabas.com\/ca\/treballa-amb-nosaltres\/#primaryimage"},"thumbnailUrl":"https:\/\/urquiabas.com\/wp-content\/uploads\/2024\/10\/DSC02192-e1730285710594.jpg","datePublished":"2024-10-30T12:56:58+00:00","dateModified":"2025-12-02T11:26:17+00:00","breadcrumb":{"@id":"https:\/\/urquiabas.com\/ca\/treballa-amb-nosaltres\/#breadcrumb"},"inLanguage":"ca","potentialAction":[{"@type":"ReadAction","target":["https:\/\/urquiabas.com\/ca\/treballa-amb-nosaltres\/"]}]},{"@type":"ImageObject","inLanguage":"ca","@id":"https:\/\/urquiabas.com\/ca\/treballa-amb-nosaltres\/#primaryimage","url":"https:\/\/urquiabas.com\/wp-content\/uploads\/2024\/10\/DSC02192-e1730285710594.jpg","contentUrl":"https:\/\/urquiabas.com\/wp-content\/uploads\/2024\/10\/DSC02192-e1730285710594.jpg","width":2048,"height":1365},{"@type":"BreadcrumbList","@id":"https:\/\/urquiabas.com\/ca\/treballa-amb-nosaltres\/#breadcrumb","itemListElement":[{"@type":"ListItem","position":1,"name":"Portada","item":"https:\/\/urquiabas.com\/"},{"@type":"ListItem","position":2,"name":"Treballa amb nosaltres"}]},{"@type":"WebSite","@id":"https:\/\/urquiabas.com\/#website","url":"https:\/\/urquiabas.com\/","name":"Urqu\u00eda&amp;Bas","description":"Corredur\u00eda de seguros | Lleida","publisher":{"@id":"https:\/\/urquiabas.com\/#organization"},"potentialAction":[{"@type":"SearchAction","target":{"@type":"EntryPoint","urlTemplate":"https:\/\/urquiabas.com\/?s={search_term_string}"},"query-input":{"@type":"PropertyValueSpecification","valueRequired":true,"valueName":"search_term_string"}}],"inLanguage":"ca"},{"@type":"Organization","@id":"https:\/\/urquiabas.com\/#organization","name":"Urquia & Bas S.L","url":"https:\/\/urquiabas.com\/","logo":{"@type":"ImageObject","inLanguage":"ca","@id":"https:\/\/urquiabas.com\/#\/schema\/logo\/image\/","url":"https:\/\/urquiabas.com\/wp-content\/uploads\/2026\/03\/Logo_Positu_FonsTransparent-petit-3.png","contentUrl":"https:\/\/urquiabas.com\/wp-content\/uploads\/2026\/03\/Logo_Positu_FonsTransparent-petit-3.png","width":250,"height":69,"caption":"Urquia & Bas S.L"},"image":{"@id":"https:\/\/urquiabas.com\/#\/schema\/logo\/image\/"},"sameAs":["https:\/\/www.facebook.com\/UrquiaBas\/","https:\/\/x.com\/BasUrquia","https:\/\/www.instagram.com\/urquiabas\/","https:\/\/www.linkedin.com\/company\/3125928\/"]}]}},"_links":{"self":[{"href":"https:\/\/urquiabas.com\/ca\/wp-json\/wp\/v2\/pages\/21600","targetHints":{"allow":["GET"]}}],"collection":[{"href":"https:\/\/urquiabas.com\/ca\/wp-json\/wp\/v2\/pages"}],"about":[{"href":"https:\/\/urquiabas.com\/ca\/wp-json\/wp\/v2\/types\/page"}],"author":[{"embeddable":true,"href":"https:\/\/urquiabas.com\/ca\/wp-json\/wp\/v2\/users\/5"}],"replies":[{"embeddable":true,"href":"https:\/\/urquiabas.com\/ca\/wp-json\/wp\/v2\/comments?post=21600"}],"version-history":[{"count":0,"href":"https:\/\/urquiabas.com\/ca\/wp-json\/wp\/v2\/pages\/21600\/revisions"}],"wp:featuredmedia":[{"embeddable":true,"href":"https:\/\/urquiabas.com\/ca\/wp-json\/wp\/v2\/media\/21484"}],"wp:attachment":[{"href":"https:\/\/urquiabas.com\/ca\/wp-json\/wp\/v2\/media?parent=21600"}],"curies":[{"name":"wp","href":"https:\/\/api.w.org\/{rel}","templated":true}]}}